{"id":350,"date":"2025-11-01T18:09:39","date_gmt":"2025-11-01T18:09:39","guid":{"rendered":"https:\/\/omewa.online\/?post_type=product&#038;p=350"},"modified":"2026-03-19T14:04:32","modified_gmt":"2026-03-19T14:04:32","slug":"dual-action-solution-acne-10-ml-serum-cham-mun","status":"publish","type":"product","link":"https:\/\/omewa.online\/index.php\/product\/dual-action-solution-acne-10-ml-serum-cham-mun\/","title":{"rendered":"Dual Action Solution Acne 10 ml Serum ch\u1ea5m m\u1ee5n"},"content":{"rendered":"<div class=\"border-b border-secondary-light3 lg:border-0\" data-v-3a2e2332=\"\">\n<div data-v-36134904=\"\">\n<div id=\"96\" class=\"flex flex-col w-full h-full bg-opacity-25 lg:flex-row bg-secondary-light3\" data-v-475c5dca=\"\" data-v-3a2e2332=\"\">\n<div class=\"w-full lg:w-1\/2 theimageinfo1\">\n<p data-start=\"247\" data-end=\"452\">S\u1ea3n ph\u1ea9m h\u1ed7 tr\u1ee3 gi\u1ea3m m\u1ee5n v\u1edbi c\u00f4ng th\u1ee9c \u0111\u1ed9c \u0111\u00e1o t\u1eeb <strong data-start=\"297\" data-end=\"310\">L\u01b0u hu\u1ef3nh<\/strong>, Mandelic Acid, Salicylic Acid, Niacinamide, chi\u1ebft xu\u1ea5t V\u1ecf c\u00e2y Li\u1ec5u. Gi\u00fap gom c\u1ed3i, l\u00e0m d\u1ecbu da, gi\u1ea3m s\u01b0ng \u0111\u1ecf, \u0111\u1ed3ng th\u1eddi ng\u0103n v\u1ebft th\u00e2m sau m\u1ee5n.<\/p>\n<hr data-start=\"454\" data-end=\"457\" \/>\n<h3 data-start=\"459\" data-end=\"482\">\u2728 C\u00f4ng d\u1ee5ng n\u1ed5i b\u1eadt<\/h3>\n<p data-start=\"483\" data-end=\"723\">\u2705 Gi\u00fap gom c\u1ed3i, kh\u00f4 nh\u00e2n nhanh, h\u1ea1n ch\u1ebf m\u1ee5n s\u01b0ng vi\u00eam.<br data-start=\"537\" data-end=\"540\" \/>\u2705 L\u00e0m s\u1ea1ch da ch\u1ebft nh\u1eb9 nh\u00e0ng, h\u1ed7 tr\u1ee3 th\u00f4ng tho\u00e1ng l\u1ed7 ch\u00e2n l\u00f4ng.<br data-start=\"603\" data-end=\"606\" \/>\u2705 \u0110i\u1ec1u ti\u1ebft d\u1ea7u, gi\u1ea3m b\u00f3ng nh\u1eddn, h\u1ea1n ch\u1ebf nguy c\u01a1 h\u00ecnh th\u00e0nh m\u1ee5n m\u1edbi.<br data-start=\"674\" data-end=\"677\" \/>\u2705 H\u1ed7 tr\u1ee3 l\u00e0m s\u00e1ng da, gi\u1ea3m th\u00e2m do m\u1ee5n \u0111\u1ec3 l\u1ea1i.<\/p>\n<hr data-start=\"725\" data-end=\"728\" \/>\n<h3 data-start=\"730\" data-end=\"753\">\ud83d\udca7 Th\u00e0nh ph\u1ea7n ch\u00ednh<\/h3>\n<p data-start=\"754\" data-end=\"1043\">\u2022 <strong data-start=\"756\" data-end=\"766\">Sulfur<\/strong>: Gi\u00fap gom kh\u00f4 c\u1ed3i m\u1ee5n, h\u1ed7 tr\u1ee3 ki\u1ec3m so\u00e1t d\u1ea7u.<br data-start=\"811\" data-end=\"814\" \/>\u2022 <strong data-start=\"816\" data-end=\"850\">Mandelic Acid &amp; Salicylic Acid<\/strong>: L\u00e0m s\u1ea1ch nh\u1eb9 nh\u00e0ng t\u1ebf b\u00e0o ch\u1ebft, gi\u1ea3m t\u1eafc ngh\u1ebdn l\u1ed7 ch\u00e2n l\u00f4ng.<br data-start=\"912\" data-end=\"915\" \/>\u2022 <strong data-start=\"917\" data-end=\"943\">Chi\u1ebft xu\u1ea5t V\u1ecf c\u00e2y Li\u1ec5u<\/strong>: H\u1ed7 tr\u1ee3 l\u00e0m d\u1ecbu da, gi\u1ea3m \u0111\u1ecf.<br data-start=\"972\" data-end=\"975\" \/>\u2022 <strong data-start=\"977\" data-end=\"992\">Niacinamide<\/strong>: Gi\u00fap l\u00e0m s\u00e1ng da, gi\u1ea3m th\u00e2m, c\u1ee7ng c\u1ed1 h\u00e0ng r\u00e0o da.<\/p>\n<hr data-start=\"1045\" data-end=\"1048\" \/>\n<h3 data-start=\"1050\" data-end=\"1068\">\ud83d\udc4c Ph\u00f9 h\u1ee3p cho<\/h3>\n<p data-start=\"1069\" data-end=\"1147\">\u2022 Da d\u1ea7u, m\u1ee5n \u1ea9n, m\u1ee5n vi\u00eam.<br data-start=\"1096\" data-end=\"1099\" \/>\u2022 Da d\u1ec5 b\u00edt t\u1eafc l\u1ed7 ch\u00e2n l\u00f4ng, c\u1ea7n ki\u1ec3m so\u00e1t d\u1ea7u.<\/p>\n<hr data-start=\"1149\" data-end=\"1152\" \/>\n<h3 data-start=\"1154\" data-end=\"1173\">\ud83d\udcdd C\u00e1ch s\u1eed d\u1ee5ng<\/h3>\n<ol data-start=\"1174\" data-end=\"1430\">\n<li data-start=\"1174\" data-end=\"1216\">\n<p data-start=\"1177\" data-end=\"1216\">L\u00e0m s\u1ea1ch da b\u1eb1ng s\u1eefa r\u1eeda m\u1eb7t d\u1ecbu nh\u1eb9.<\/p>\n<\/li>\n<li data-start=\"1217\" data-end=\"1303\">\n<p data-start=\"1220\" data-end=\"1303\">D\u00f9ng t\u0103m b\u00f4ng ch\u1ea5m serum l\u00ean n\u1ed1t m\u1ee5n, \u0111\u1ec3 th\u1ea5m kh\u00f4 r\u1ed3i ti\u1ebfp t\u1ee5c c\u00e1c b\u01b0\u1edbc d\u01b0\u1ee1ng da.<\/p>\n<\/li>\n<li data-start=\"1304\" data-end=\"1430\">\n<p data-start=\"1307\" data-end=\"1430\">S\u1eed d\u1ee5ng trung b\u00ecnh 2 l\u1ea7n\/ng\u00e0y (s\u00e1ng &amp; t\u1ed1i). C\u00f3 th\u1ec3 d\u00f9ng 3 l\u1ea7n cho m\u1ee5n s\u01b0ng l\u1edbn.<br data-start=\"1386\" data-end=\"1389\" \/>\ud83d\udc49 Da nh\u1ea1y c\u1ea3m n\u00ean test tr\u01b0\u1edbc \u1edf v\u00f9ng nh\u1ecf.<\/p>\n<\/li>\n<\/ol>\n<hr data-start=\"1432\" data-end=\"1435\" \/>\n<h3 data-start=\"1437\" data-end=\"1459\">\ud83d\udeab Cam k\u1ebft an to\u00e0n<\/h3>\n<p data-start=\"1460\" data-end=\"1591\">\u274c Kh\u00f4ng c\u1ed3n, kh\u00f4ng h\u01b0\u01a1ng li\u1ec7u t\u1ed5ng h\u1ee3p<br data-start=\"1498\" data-end=\"1501\" \/>\u274c Kh\u00f4ng silicone, d\u1ea7u kho\u00e1ng, sulfate<br data-start=\"1538\" data-end=\"1541\" \/>\u274c Kh\u00f4ng parabens, kh\u00f4ng th\u1eed nghi\u1ec7m tr\u00ean \u0111\u1ed9ng v\u1eadt<\/p>\n<hr data-start=\"1593\" data-end=\"1596\" \/>\n<h3 data-start=\"1598\" data-end=\"1615\">\u23f0 H\u1ea1n s\u1eed d\u1ee5ng<\/h3>\n<p data-start=\"1616\" data-end=\"1662\">\u2022 18 th\u00e1ng t\u1eeb NSX.<br data-start=\"1634\" data-end=\"1637\" \/>\u2022 8 th\u00e1ng sau khi m\u1edf n\u1eafp.<\/p>\n<hr data-start=\"1664\" data-end=\"1667\" \/>\n<p data-start=\"1690\" data-end=\"1807\">#serummun #serumsulfur #dieutriemun #gomcoimun #serumskinsolve #dadautuoi #munviem #munan #skincareroutine #chamsocda<\/p>\n<\/div>\n<\/div>\n<\/div>\n<\/div>\n<div class=\"border-b border-secondary-light3 lg:border-0\" data-v-3a2e2332=\"\">\n<div class=\"inforange\">\n<div data-v-36134904=\"\">\n<div id=\"113\" class=\"flex hasvideox revever flex-col w-full bg-opacity-25 lg:flex-row bg-secondary-light3\" data-v-6a3742cd=\"\" data-v-3a2e2332=\"\"><\/div>\n<\/div>\n<\/div>\n<\/div>\n","protected":false},"excerpt":{"rendered":"<div class=\"desc0 text-sm lg:text-base mt-8px lg:mt-1.5 product-description text-typo-heading\">\n<p>S\u1ea3n ph\u1ea9m ch\u1ea5m m\u1ee5n c\u00f3 ch\u1ee9a L\u01b0u Hu\u1ef3nh \u1edf \u0111\u1ea7u b\u1ea3ng th\u00e0nh ph\u1ea7n v\u00e0 \u0111\u01b0\u1ee3c k\u1ebft h\u1ee3p v\u1edbi c\u00e1c ho\u1ea1t ch\u1ea5t chuy\u00ean\u00a0gi\u1ea3i quy\u1ebft c\u00e1c v\u1ea5n \u0111\u1ec1 li\u00ean quan \u0111\u1ebfn m\u1ee5n nh\u01b0 Mandelic Acid, Salicylic Acid, v\u1ecf c\u00e2y Li\u1ec5u Tr\u1eafng, Niacinamide. S\u1ea3n ph\u1ea9m t\u00e1c \u0111\u1ed9ng \u0111a c\u01a1 ch\u1ebf v\u00e0o c\u00e1c nguy\u00ean nh\u00e2n h\u00ecnh th\u00e0nh m\u1ee5n nh\u01b0 d\u1ea7u th\u1eeba, t\u1eafc ngh\u1ebdn l\u1ed7 ch\u00e2n l\u00f4ng, vi khu\u1ea9n g\u00e2y m\u1ee5n, gi\u1ea3m vi\u00eam, \u2026 t\u1eeb \u0111\u00f3 gi\u00fap c\u00e1c n\u1ed1t m\u1ee5n s\u01b0ng vi\u00eam nhanh gom l\u1ea1i, ti\u00eau vi\u00eam v\u00e0 d\u1ec5 d\u00e0ng b\u1eadt ra v\u00e0 kh\u00f4ng g\u00e2y t\u00ecnh tr\u1ea1ng chai m\u1ee5n. \u0110\u1eb7c bi\u1ec7t l\u00e0 n\u1ebfu d\u00f9ng sau l\u1ea5y m\u1ee5n, s\u1ea3n ph\u1ea9m c\u00f2n c\u00f3 th\u1ec3 gi\u00fap b\u1ea1n m\u1edd th\u00e2m sau m\u1ee5n nhanh ch\u00f3ng.<\/p>\n<p>&nbsp;<\/p>\n<\/div>\n<div class=\"desc2 flex flex-col\" data-v-95dfa95a=\"\">\n<div class=\"contentinfo3\">\n<p>&nbsp;<\/p>\n<p>&nbsp;<\/p>\n<hr \/>\n<p>&nbsp;<\/p>\n<p>\u0110\u1eb7c \u0111i\u1ec3m n\u1ed5i b\u1eadt<br \/>\n\u2713\u00a0An to\u00e0n cho l\u00e0n da nh\u1ea1y c\u1ea3m hay d\u1ec5 b\u1ecb k\u00edch \u1ee9ng.<br \/>\n\u2713\u00a0K\u1ebft c\u1ea5u s\u1ec7t v\u1edbi c\u00f4ng th\u1ee9c nh\u1eb9 nh\u00e0ng, d\u1ec5 ch\u1ecbu v\u00e0 tho\u1ea3i m\u00e1i khi d\u00f9ng.<br \/>\n\u2713\u00a0An to\u00e0n v\u1edbi m\u1eb9 b\u1ea7u, cho con b\u00fa v\u00e0 tr\u1ebb d\u1eady th\u00ec.<\/p>\n<\/div>\n<\/div>\n","protected":false},"featured_media":445,"comment_status":"open","ping_status":"closed","template":"","meta":{"site-sidebar-layout":"default","site-content-layout":"","ast-site-content-layout":"default","site-content-style":"default","site-sidebar-style":"default","ast-global-header-display":"","ast-banner-title-visibility":"","ast-main-header-display":"","ast-hfb-above-header-display":"","ast-hfb-below-header-display":"","ast-hfb-mobile-header-display":"","site-post-title":"","ast-breadcrumbs-content":"","ast-featured-img":"","footer-sml-layout":"","theme-transparent-header-meta":"","adv-header-id-meta":"","stick-header-meta":"","header-above-stick-meta":"","header-main-stick-meta":"","header-below-stick-meta":"","astra-migrate-meta-layouts":"default","ast-page-background-enabled":"default","ast-page-background-meta":{"desktop":{"background-color":"var(--ast-global-color-5)","background-image":"","background-repeat":"repeat","background-position":"center center","background-size":"auto","background-attachment":"scroll","background-type":"","background-media":"","overlay-type":"","overlay-color":"","overlay-opacity":"","overlay-gradient":""},"tablet":{"background-color":"","background-image":"","background-repeat":"repeat","background-position":"center center","background-size":"auto","background-attachment":"scroll","background-type":"","background-media":"","overlay-type":"","overlay-color":"","overlay-opacity":"","overlay-gradient":""},"mobile":{"background-color":"","background-image":"","background-repeat":"repeat","background-position":"center center","background-size":"auto","background-attachment":"scroll","background-type":"","background-media":"","overlay-type":"","overlay-color":"","overlay-opacity":"","overlay-gradient":""}},"ast-content-background-meta":{"desktop":{"background-color":"var(--ast-global-color-4)","background-image":"","background-repeat":"repeat","background-position":"center center","background-size":"auto","background-attachment":"scroll","background-type":"","background-media":"","overlay-type":"","overlay-color":"","overlay-opacity":"","overlay-gradient":""},"tablet":{"background-color":"var(--ast-global-color-4)","background-image":"","background-repeat":"repeat","background-position":"center center","background-size":"auto","background-attachment":"scroll","background-type":"","background-media":"","overlay-type":"","overlay-color":"","overlay-opacity":"","overlay-gradient":""},"mobile":{"background-color":"var(--ast-global-color-4)","background-image":"","background-repeat":"repeat","background-position":"center center","background-size":"auto","background-attachment":"scroll","background-type":"","background-media":"","overlay-type":"","overlay-color":"","overlay-opacity":"","overlay-gradient":""}}},"product_brand":[],"product_cat":[18,24,19,17,25,21],"product_tag":[26,27],"class_list":{"0":"post-350","1":"product","2":"type-product","3":"status-publish","4":"has-post-thumbnail","6":"product_cat-cham-soc-da-mat","7":"product_cat-chong-lao-hoa","8":"product_cat-duong-da","9":"product_cat-my-pham","10":"product_cat-san-pham-tri-mun","11":"product_cat-skinsolve","12":"product_tag-giam-tham","13":"product_tag-tri-mun","14":"desktop-align-left","15":"tablet-align-left","16":"mobile-align-left","18":"first","19":"instock","20":"taxable","21":"shipping-taxable","22":"purchasable","23":"product-type-simple"},"_links":{"self":[{"href":"https:\/\/omewa.online\/index.php\/wp-json\/wp\/v2\/product\/350","targetHints":{"allow":["GET"]}}],"collection":[{"href":"https:\/\/omewa.online\/index.php\/wp-json\/wp\/v2\/product"}],"about":[{"href":"https:\/\/omewa.online\/index.php\/wp-json\/wp\/v2\/types\/product"}],"replies":[{"embeddable":true,"href":"https:\/\/omewa.online\/index.php\/wp-json\/wp\/v2\/comments?post=350"}],"wp:featuredmedia":[{"embeddable":true,"href":"https:\/\/omewa.online\/index.php\/wp-json\/wp\/v2\/media\/445"}],"wp:attachment":[{"href":"https:\/\/omewa.online\/index.php\/wp-json\/wp\/v2\/media?parent=350"}],"wp:term":[{"taxonomy":"product_brand","embeddable":true,"href":"https:\/\/omewa.online\/index.php\/wp-json\/wp\/v2\/product_brand?post=350"},{"taxonomy":"product_cat","embeddable":true,"href":"https:\/\/omewa.online\/index.php\/wp-json\/wp\/v2\/product_cat?post=350"},{"taxonomy":"product_tag","embeddable":true,"href":"https:\/\/omewa.online\/index.php\/wp-json\/wp\/v2\/product_tag?post=350"}],"curies":[{"name":"wp","href":"https:\/\/api.w.org\/{rel}","templated":true}]}}