{"id":349,"date":"2025-11-01T18:09:39","date_gmt":"2025-11-01T18:09:39","guid":{"rendered":"https:\/\/omewa.online\/?post_type=product&#038;p=349"},"modified":"2026-03-19T14:05:09","modified_gmt":"2026-03-19T14:05:09","slug":"serum-retinol-0-5-da-san-chac-giam-tham-lam-min","status":"publish","type":"product","link":"https:\/\/omewa.online\/index.php\/product\/serum-retinol-0-5-da-san-chac-giam-tham-lam-min\/","title":{"rendered":"Serum Retinol 0.5% \u2013 Da S\u0103n Ch\u1eafc, Gi\u1ea3m Th\u00e2m, L\u00e0m M\u1ecbn"},"content":{"rendered":"<div class=\"border-b border-secondary-light3 lg:border-0\" data-v-3a2e2332=\"\">\n<div data-v-36134904=\"\">\n<div id=\"96\" class=\"flex flex-col w-full h-full bg-opacity-25 lg:flex-row bg-secondary-light3\" data-v-475c5dca=\"\" data-v-3a2e2332=\"\">\n<div class=\"w-full lg:w-1\/2 theimageinfo1\"><img decoding=\"async\" class=\"object-cover object-center w-full transition-all duration-300 lazyLoad isLoaded\" src=\"https:\/\/file.hstatic.net\/200000834019\/file\/416302316_386161520457573_3139636838859430651_n_79728171cb874810ba917dfe8fe7931d.jpg\" data-v-475c5dca=\"\" \/><\/div>\n<div id=\"DepthDetail\" class=\"flex flex-col w-full px-2 py-3 lg:py-12 lg:w-1\/2 additional-information\" data-v-475c5dca=\"\">\n<div class=\"flex flex-col text-lg font-normal lg:text-3xl lg:leading-10 font-vollkorn text-primary-dark\" data-v-475c5dca=\"\">\n<div class=\"overflow-hidden overflow-ellipsis line-clamp-5 line-clamp-none\">\n<div class=\"contentinfotable2\">\n<h2 data-start=\"192\" data-end=\"250\">SERUM RETINOL 0.5% \u2013 DA S\u0102N CH\u1eaeC, GI\u1ea2M TH\u00c2M, L\u00c0M M\u1ecaN<\/h2>\n<p data-start=\"252\" data-end=\"448\">Gi\u1ea3i ph\u00e1p h\u1ed7 tr\u1ee3 <strong data-start=\"269\" data-end=\"331\">l\u00e0n da kh\u00f4ng \u0111\u1ec1u m\u00e0u, l\u1ed7 ch\u00e2n l\u00f4ng to, c\u00f3 d\u1ea5u hi\u1ec7u l\u00e3o h\u00f3a<\/strong>.<br data-start=\"332\" data-end=\"335\" \/>\u1ee8ng d\u1ee5ng c\u00f4ng ngh\u1ec7 m\u00e0ng b\u1ecdc Cyclodextrin gi\u00fap Retinol th\u1ea5m s\u00e2u, ph\u00e1t huy t\u00e1c d\u1ee5ng k\u00e9o d\u00e0i, gi\u1ea3m k\u00edch \u1ee9ng \u0111\u00e1ng k\u1ec3.<\/p>\n<hr data-start=\"450\" data-end=\"453\" \/>\n<h3 data-start=\"455\" data-end=\"473\">\u2728 \u0110i\u1ec3m n\u1ed5i b\u1eadt<\/h3>\n<p data-start=\"474\" data-end=\"684\">\u2705 H\u1ed7 tr\u1ee3 t\u0103ng sinh Collagen, gi\u1ea3m n\u1ebfp nh\u0103n, gi\u00fap da s\u0103n ch\u1eafc &amp; m\u1ecbn m\u00e0ng.<br data-start=\"546\" data-end=\"549\" \/>\u2705 L\u00e0m s\u00e1ng m\u00e0u da, c\u1ea3i thi\u1ec7n c\u00e1c v\u00f9ng x\u1ec9n, gi\u00fap da t\u01b0\u01a1i t\u1eafn h\u01a1n.<br data-start=\"613\" data-end=\"616\" \/>\u2705 Gi\u1ea3m ti\u1ebft d\u1ea7u, h\u1ed7 tr\u1ee3 thu nh\u1ecf l\u1ed7 ch\u00e2n l\u00f4ng, duy tr\u00ec da tho\u00e1ng m\u1ecbn.<\/p>\n<hr data-start=\"686\" data-end=\"689\" \/>\n<h3 data-start=\"691\" data-end=\"714\">\ud83d\udc8e Th\u00e0nh ph\u1ea7n ch\u00ednh<\/h3>\n<p data-start=\"715\" data-end=\"946\">\u2022 <strong data-start=\"717\" data-end=\"733\">Retinol 0,5%<\/strong>: Gi\u00fap c\u1ee7ng c\u1ed1 c\u1ea5u tr\u00fac da, gi\u1ea3m c\u00e1c n\u1ebfp g\u1ea5p li ti.<br data-start=\"784\" data-end=\"787\" \/>\u2022 <strong data-start=\"789\" data-end=\"814\">Niacinamide, Inositol<\/strong>: Gi\u00fap da \u0111\u1ec1u m\u00e0u, h\u1ed7 tr\u1ee3 ki\u1ec3m so\u00e1t b\u00f3ng nh\u1eddn.<br data-start=\"860\" data-end=\"863\" \/>\u2022 <strong data-start=\"865\" data-end=\"892\">Panthenol, HA th\u1ee7y ph\u00e2n<\/strong>: Gi\u00fap da ng\u1eadm n\u01b0\u1edbc, m\u1ec1m m\u01b0\u1ee3t, gi\u1ea3m c\u1ea3m gi\u00e1c kh\u00f4 c\u0103ng.<\/p>\n<hr data-start=\"948\" data-end=\"951\" \/>\n<h3 data-start=\"953\" data-end=\"971\">\ud83d\udc4c Ph\u00f9 h\u1ee3p cho<\/h3>\n<p data-start=\"972\" data-end=\"1058\">\u2022 Da kh\u00f4ng \u0111\u1ec1u m\u00e0u, l\u1ed7 ch\u00e2n l\u00f4ng to, da thi\u1ebfu \u0111\u00e0n h\u1ed3i.<br data-start=\"1026\" data-end=\"1029\" \/>\u2022 Ng\u01b0\u1eddi b\u1eaft \u0111\u1ea7u d\u00f9ng Retinol.<\/p>\n<hr data-start=\"1060\" data-end=\"1063\" \/>\n<h3 data-start=\"1065\" data-end=\"1081\">\ud83d\udcdd C\u00e1ch d\u00f9ng<\/h3>\n<p data-start=\"1082\" data-end=\"1273\">1\ufe0f\u20e3 L\u00e0m s\u1ea1ch da, lau kh\u00f4.<br data-start=\"1107\" data-end=\"1110\" \/>2\ufe0f\u20e3 L\u1ea5y l\u01b0\u1ee3ng serum v\u1eeba \u0111\u1ee7, thoa \u0111\u1ec1u, v\u1ed7 nh\u1eb9.<br data-start=\"1155\" data-end=\"1158\" \/>3\ufe0f\u20e3 Giai \u0111o\u1ea1n l\u00e0m quen: 1 l\u1ea7n\/tu\u1ea7n, t\u0103ng d\u1ea7n theo t\u00ecnh tr\u1ea1ng da.<br data-start=\"1222\" data-end=\"1225\" \/>\ud83d\udc49 K\u1ebft h\u1ee3p kem d\u01b0\u1ee1ng \u1ea9m sau \u0111\u00f3 \u0111\u1ec3 t\u0103ng hi\u1ec7u qu\u1ea3.<\/p>\n<hr data-start=\"1275\" data-end=\"1278\" \/>\n<h3 data-start=\"1280\" data-end=\"1305\">\ud83d\udeab Cam k\u1ebft \u201c13 kh\u00f4ng\u201d<\/h3>\n<p data-start=\"1306\" data-end=\"1450\">\u274c Kh\u00f4ng c\u1ed3n, kh\u00f4ng d\u1ea7u kho\u00e1ng, kh\u00f4ng silicone<br data-start=\"1351\" data-end=\"1354\" \/>\u274c Kh\u00f4ng h\u01b0\u01a1ng li\u1ec7u t\u1ed5ng h\u1ee3p, kh\u00f4ng ch\u1ea5t t\u1ea1o m\u00e0u<br data-start=\"1401\" data-end=\"1404\" \/>\u274c Kh\u00f4ng sulfate, parabens, phthalates, EDTA&#8230;<\/p>\n<hr data-start=\"1452\" data-end=\"1455\" \/>\n<h3 data-start=\"1457\" data-end=\"1471\">\u23f0 H\u1ea1n d\u00f9ng<\/h3>\n<p data-start=\"1472\" data-end=\"1515\">\u2022 18 th\u00e1ng t\u1eeb NSX | 08 th\u00e1ng sau khi m\u1edf n\u1eafp<\/p>\n<hr data-start=\"1517\" data-end=\"1520\" \/>\n<h3 data-start=\"1522\" data-end=\"1542\"><\/h3>\n<p data-start=\"1543\" data-end=\"1653\">#retinol #serumretinol #skincare #lan_dong #giamnhan #danang #chamsocda #skinsolve #lamdepmoingay #dachac_khoe<\/p>\n<\/div>\n<\/div>\n<\/div>\n<\/div>\n<\/div>\n<\/div>\n<\/div>\n<div class=\"border-b border-secondary-light3 lg:border-0\" data-v-3a2e2332=\"\">\n<div class=\"inforange\">\n<div data-v-36134904=\"\">\n<div id=\"113\" class=\"flex hasvideox revever flex-col w-full bg-opacity-25 lg:flex-row bg-secondary-light3\" data-v-6a3742cd=\"\" data-v-3a2e2332=\"\"><\/div>\n<\/div>\n<\/div>\n<\/div>\n","protected":false},"excerpt":{"rendered":"<div class=\"desc0 text-sm lg:text-base mt-8px lg:mt-1.5 product-description text-typo-heading\">\n<div class=\"desc0 text-sm lg:text-base mt-8px lg:mt-1.5 product-description text-typo-heading\">\n<p>S\u1ea3n ph\u1ea9m s\u1eed d\u1ee5ng Retinol v\u1edbi c\u00f4ng ngh\u1ec7 b\u1ecdc Cyclodextrin &#8211;\u00a0l\u00e0 vi\u1ec7c s\u1eed d\u1ee5ng m\u1ed9t lo\u1ea1i Cyclic Oligosaccharide c\u00f3 kh\u1ea3 n\u0103ng bao quanh c\u00e1c ph\u00e2n t\u1eed Retinol. Vi\u1ec7c n\u00e0y t\u1ea1o ra m\u1ed9t l\u1edbp b\u1ea3o v\u1ec7 xung quanh Retinol, gi\u1eef cho Retinol \u1ed5n \u0111\u1ecbnh h\u01a1n, gi\u1ea3i ph\u00f3ng ch\u1eadm tr\u00ean da gi\u00fap t\u0103ng hi\u1ec7u qu\u1ea3 h\u1ea5p thu v\u00e0 gi\u1ea3m nguy c\u01a1 k\u00edch \u1ee9ng. Nh\u1edd \u0111\u00f3, c\u00f4ng ngh\u1ec7 Cyclodextrin gi\u00fap ph\u00e1t huy t\u1ed1i \u0111a nh\u1eefng c\u00f4ng d\u1ee5ng m\u00e0 Retinol mang l\u1ea1i.<\/p>\n<\/div>\n<div class=\"desc2 flex flex-col\" data-v-95dfa95a=\"\">\n<div class=\"contentinfo3\">\n<p>&nbsp;<\/p>\n<hr \/>\n<p>&nbsp;<\/p>\n<p>\u0110\u1eb7c \u0111i\u1ec3m s\u1ea3n ph\u1ea9m<br \/>\n\u2713\u00a0\u00a0An to\u00e0n cho l\u00e0n da nh\u1ea1y c\u1ea3m hay d\u1ec5 b\u1ecb k\u00edch \u1ee9ng.<br \/>\n\u2713\u00a0\u00a0K\u1ebft c\u1ea5u l\u1ecfng nh\u1eb9 v\u1edbi c\u00f4ng th\u1ee9c nh\u1eb9 nh\u00e0ng, d\u1ec5 ch\u1ecbu v\u00e0 tho\u1ea3i m\u00e1i khi d\u00f9ng.<\/p>\n<\/div>\n<\/div>\n<\/div>\n","protected":false},"featured_media":431,"comment_status":"open","ping_status":"closed","template":"","meta":{"site-sidebar-layout":"default","site-content-layout":"","ast-site-content-layout":"default","site-content-style":"default","site-sidebar-style":"default","ast-global-header-display":"","ast-banner-title-visibility":"","ast-main-header-display":"","ast-hfb-above-header-display":"","ast-hfb-below-header-display":"","ast-hfb-mobile-header-display":"","site-post-title":"","ast-breadcrumbs-content":"","ast-featured-img":"","footer-sml-layout":"","theme-transparent-header-meta":"","adv-header-id-meta":"","stick-header-meta":"","header-above-stick-meta":"","header-main-stick-meta":"","header-below-stick-meta":"","astra-migrate-meta-layouts":"default","ast-page-background-enabled":"default","ast-page-background-meta":{"desktop":{"background-color":"var(--ast-global-color-5)","background-image":"","background-repeat":"repeat","background-position":"center center","background-size":"auto","background-attachment":"scroll","background-type":"","background-media":"","overlay-type":"","overlay-color":"","overlay-opacity":"","overlay-gradient":""},"tablet":{"background-color":"","background-image":"","background-repeat":"repeat","background-position":"center center","background-size":"auto","background-attachment":"scroll","background-type":"","background-media":"","overlay-type":"","overlay-color":"","overlay-opacity":"","overlay-gradient":""},"mobile":{"background-color":"","background-image":"","background-repeat":"repeat","background-position":"center center","background-size":"auto","background-attachment":"scroll","background-type":"","background-media":"","overlay-type":"","overlay-color":"","overlay-opacity":"","overlay-gradient":""}},"ast-content-background-meta":{"desktop":{"background-color":"var(--ast-global-color-4)","background-image":"","background-repeat":"repeat","background-position":"center center","background-size":"auto","background-attachment":"scroll","background-type":"","background-media":"","overlay-type":"","overlay-color":"","overlay-opacity":"","overlay-gradient":""},"tablet":{"background-color":"var(--ast-global-color-4)","background-image":"","background-repeat":"repeat","background-position":"center center","background-size":"auto","background-attachment":"scroll","background-type":"","background-media":"","overlay-type":"","overlay-color":"","overlay-opacity":"","overlay-gradient":""},"mobile":{"background-color":"var(--ast-global-color-4)","background-image":"","background-repeat":"repeat","background-position":"center center","background-size":"auto","background-attachment":"scroll","background-type":"","background-media":"","overlay-type":"","overlay-color":"","overlay-opacity":"","overlay-gradient":""}}},"product_brand":[23],"product_cat":[18,24,19,17,25,21],"product_tag":[],"class_list":{"0":"post-349","1":"product","2":"type-product","3":"status-publish","4":"has-post-thumbnail","6":"product_brand-skinsolve","7":"product_cat-cham-soc-da-mat","8":"product_cat-chong-lao-hoa","9":"product_cat-duong-da","10":"product_cat-my-pham","11":"product_cat-san-pham-tri-mun","12":"product_cat-skinsolve","13":"desktop-align-left","14":"tablet-align-left","15":"mobile-align-left","17":"first","18":"instock","19":"taxable","20":"shipping-taxable","21":"purchasable","22":"product-type-simple"},"_links":{"self":[{"href":"https:\/\/omewa.online\/index.php\/wp-json\/wp\/v2\/product\/349","targetHints":{"allow":["GET"]}}],"collection":[{"href":"https:\/\/omewa.online\/index.php\/wp-json\/wp\/v2\/product"}],"about":[{"href":"https:\/\/omewa.online\/index.php\/wp-json\/wp\/v2\/types\/product"}],"replies":[{"embeddable":true,"href":"https:\/\/omewa.online\/index.php\/wp-json\/wp\/v2\/comments?post=349"}],"wp:featuredmedia":[{"embeddable":true,"href":"https:\/\/omewa.online\/index.php\/wp-json\/wp\/v2\/media\/431"}],"wp:attachment":[{"href":"https:\/\/omewa.online\/index.php\/wp-json\/wp\/v2\/media?parent=349"}],"wp:term":[{"taxonomy":"product_brand","embeddable":true,"href":"https:\/\/omewa.online\/index.php\/wp-json\/wp\/v2\/product_brand?post=349"},{"taxonomy":"product_cat","embeddable":true,"href":"https:\/\/omewa.online\/index.php\/wp-json\/wp\/v2\/product_cat?post=349"},{"taxonomy":"product_tag","embeddable":true,"href":"https:\/\/omewa.online\/index.php\/wp-json\/wp\/v2\/product_tag?post=349"}],"curies":[{"name":"wp","href":"https:\/\/api.w.org\/{rel}","templated":true}]}}