{"id":348,"date":"2025-11-01T18:09:39","date_gmt":"2025-11-01T18:09:39","guid":{"rendered":"https:\/\/omewa.online\/?post_type=product&#038;p=348"},"modified":"2026-03-19T14:04:32","modified_gmt":"2026-03-19T14:04:32","slug":"multi-peptide-light-ampoule-phuc-hoi-nuoi-duong-da-ton-thuong","status":"publish","type":"product","link":"https:\/\/omewa.online\/index.php\/product\/multi-peptide-light-ampoule-phuc-hoi-nuoi-duong-da-ton-thuong\/","title":{"rendered":"Multi peptide light ampoule (ph\u1ee5c h\u1ed3i, nu\u00f4i d\u01b0\u1ee1ng da t\u1ed5n th\u01b0\u01a1ng)"},"content":{"rendered":"<p>MULTI PEPTIDE LIGHT AMPOULE 20ML<br \/>\n&#8211; S\u1ea3n ph\u1ea9m g\u1ed3m ph\u1ee9c h\u1ee3p c\u00e1c Amino Acids gi\u00fap ph\u1ee5c h\u1ed3i l\u00e0n da c\u00f3 \u0111\u1ed9 \u0111\u00e0n h\u1ed3i k\u00e9m, da c\u1ea7n c\u1ea3i thi\u1ec7n \u0111\u1ed9 c\u0103ng b\u00f3ng, thu nh\u1ecf l\u1ed7 ch\u00e2n l\u00f4ng xu\u1ea5t ph\u00e1t t\u1eeb nguy\u00ean nh\u00e2n suy gi\u1ea3m collagen v\u00e0 elastin.<br \/>\n&#8211; Ph\u1ee5c h\u1ed3i c\u00e1c l\u00e0n da m\u1ecfng y\u1ebfu, b\u1ecb t\u1ed5n th\u01b0\u01a1ng do d\u00f9ng c\u00e1c s\u1ea3n ph\u1ea9m t\u1ea9y l\u1ed9t hay ch\u1ee9a corticoid, \u0111\u1ed3ng th\u1eddi gi\u1ea3m k\u00edch \u1ee9ng l\u00e0n da b\u1ecb b\u1ecfng n\u1eafng, b\u1ecfng nhi\u1ec7t, l\u00e3o h\u00f3a do tia UV.<br \/>\n&#8211; Gi\u00fap da \u0111\u01b0\u1ee3c c\u1ea5p \u1ea9m, c\u1ea3i thi\u1ec7n \u0111\u1ed9 m\u1ec1m m\u1ecbn v\u00e0 c\u0103ng m\u01b0\u1ee3t, kh\u1ecfe m\u1ea1nh v\u00e0 h\u1ed3ng h\u00e0o \u0111\u1ea7y s\u1ee9c s\u1ed1ng.<\/p>\n<p>Th\u00e0nh ph\u1ea7n:<br \/>\nAqua, Propanediol, Acetyl Glucosamine, sh-Oligopeptide-1, sh-Oligopeptide-2, sh-Polypeptide-1, sh-Polypeptide-9, sh-Polypeptide-11, Bacillus\/Soybean Ferment Extract, Paeonia Lactiflora Root Extract, Trehalose, Glycerin, Laminaria Saccharina Extract, Niacinamide, Phenethyl Alcohol, Caprylhydroxamic Acid, Sodium Cocoyl Amino Acids, Sarcosine, Potassium Aspartate, Magnesium Aspartate, Sodium Phytate, Hyaluronic Acid \/ Hydrolyzed Hyaluronic Acid, Xanthan gum, Acacia Senegal Gum.<\/p>\n<p>\u01afu th\u1ebf n\u1ed5i b\u1eadt:<br \/>\n&#8211; S\u1ea3n ph\u1ea9m \u0111\u1ea1t chu\u1ea9n Preservative Free (kh\u00f4ng ch\u1ee9a ch\u1ea5t b\u1ea3o qu\u1ea3n) nh\u01b0ng v\u1eabn \u0111\u1ea3m b\u1ea3o ch\u1ea5t l\u01b0\u1ee3ng s\u1ea3n ph\u1ea9m \u1ed5n \u0111\u1ecbnh trong su\u1ed1t qu\u00e1 tr\u00ecnh s\u1eed d\u1ee5ng v\u00ec trong c\u00f4ng th\u1ee9c ch\u1ee9a Phenethyl Alcohol &#8211; chi\u1ebft xu\u1ea5t t\u1eeb hoa H\u1ed3ng, hoa C\u1ea9m Ch\u01b0\u1edbng v\u00e0 Caprylhydroxamic Acid &#8211; chi\u1ebft xu\u1ea5t t\u1eeb D\u1eeba. &#8211; S\u1ea3n ph\u1ea9m c\u00f3 n\u1ec1n c\u00f4ng th\u1ee9c s\u1ea1ch theo ti\u00eau chu\u1ea9n s\u1ea3n ph\u1ea9m h\u1eefu c\u01a1 v\u1edbi 12 KH\u00d4NG: kh\u00f4ng ch\u1ea5t b\u1ea3o qu\u1ea3n c\u00f4ng nghi\u1ec7p, kh\u00f4ng m\u00e0u-m\u00f9i c\u00f4ng nghi\u1ec7p, kh\u00f4ng Paraben, kh\u00f4ng Silicone,&#8230;v\u00e0 nhi\u1ec1u ch\u1ea5t c\u00f3 h\u1ea1i kh\u00e1c. &#8211; S\u1ea3n ph\u1ea9m d\u00f9ng \u0111\u01b0\u1ee3c cho c\u1ea3 ch\u1ecb em b\u1ea7u b\u00ed\/cho con b\u00fa v\u00e0 tr\u1ebb em \u0111\u1ebfn tu\u1ed5i d\u1eady th\u00ec.<\/p>\n<p>C\u00e1ch d\u00f9ng:<br \/>\n&#8220;1. L\u00e0m s\u1ea1ch da b\u1eb1ng c\u00e1c lo\u1ea1i s\u1eefa r\u1eeda m\u1eb7t d\u1ecbu nh\u1eb9 ph\u00f9 h\u1ee3p v\u1edbi lo\u1ea1i da (kh\u00f4ng ch\u1ee9a SLS\/SLES). Th\u1ea5m kh\u00f4 da.<br \/>\n2. L\u1ea5y m\u1ed9t l\u01b0\u1ee3ng v\u1eeba \u0111\u1ee7 Multi Peptide Light Ampoule Serum thoa \u0111\u1ec1u tr\u00ean da, v\u1ed7 nh\u1eb9 theo chuy\u1ec3n \u0111\u1ed9ng tr\u00f2n massage da \u0111\u1ec3 s\u1ea3n ph\u1ea9m th\u1ea9m th\u1ea5u t\u1ed1i \u01b0u.<br \/>\n3. N\u00ean s\u1eed d\u1ee5ng Emulsion\/Cream \u0111\u1ec3 kho\u00e1 \u1ea9m sau khi thoa serum \u0111\u1ec3 \u0111\u1ea1t k\u1ebft qu\u1ea3 t\u1ed1i \u01b0u.&#8221;<\/p>\n<p>B\u1ea3o qu\u1ea3n:<br \/>\n\u2013 B\u1ea3o qu\u1ea3n n\u01a1i kh\u00f4 r\u00e1o, tho\u00e1ng m\u00e1t, tr\u00e1nh \u00e1nh n\u1eafng tr\u1ef1c ti\u1ebfp ho\u1eb7c n\u01a1i c\u00f3 nhi\u1ec7t \u0111\u1ed9 cao \/ \u1ea9m \u01b0\u1edbt.<br \/>\n\u2013 Tr\u00e1nh xa t\u1ea7m tay tr\u1ebb em.<br \/>\n\u2013 \u0110\u1eady n\u1eafp k\u00edn sau khi s\u1eed d\u1ee5ng.<\/p>\n","protected":false},"excerpt":{"rendered":"<p>&#8216;- S\u1ea3n ph\u1ea9m g\u1ed3m ph\u1ee9c h\u1ee3p c\u00e1c Amino Acids gi\u00fap ph\u1ee5c h\u1ed3i l\u00e0n da c\u00f3 \u0111\u1ed9 \u0111\u00e0n h\u1ed3i k\u00e9m, da c\u1ea7n c\u1ea3i thi\u1ec7n \u0111\u1ed9 c\u0103ng b\u00f3ng, thu nh\u1ecf l\u1ed7 ch\u00e2n l\u00f4ng xu\u1ea5t ph\u00e1t t\u1eeb nguy\u00ean nh\u00e2n suy gi\u1ea3m collagen v\u00e0 elastin.<br \/>\n&#8211; Ph\u1ee5c h\u1ed3i c\u00e1c l\u00e0n da m\u1ecfng y\u1ebfu, b\u1ecb t\u1ed5n th\u01b0\u01a1ng do d\u00f9ng c\u00e1c s\u1ea3n ph\u1ea9m t\u1ea9y l\u1ed9t hay ch\u1ee9a corticoid, \u0111\u1ed3ng th\u1eddi gi\u1ea3m k\u00edch \u1ee9ng l\u00e0n da b\u1ecb b\u1ecfng n\u1eafng, b\u1ecfng nhi\u1ec7t, l\u00e3o h\u00f3a do tia UV.<br \/>\n&#8211; Gi\u00fap da \u0111\u01b0\u1ee3c c\u1ea5p \u1ea9m, c\u1ea3i thi\u1ec7n \u0111\u1ed9 m\u1ec1m m\u1ecbn v\u00e0 c\u0103ng m\u01b0\u1ee3t, kh\u1ecfe m\u1ea1nh v\u00e0 h\u1ed3ng h\u00e0o \u0111\u1ea7y s\u1ee9c s\u1ed1ng.<\/p>\n","protected":false},"featured_media":430,"comment_status":"open","ping_status":"closed","template":"","meta":{"site-sidebar-layout":"default","site-content-layout":"","ast-site-content-layout":"default","site-content-style":"default","site-sidebar-style":"default","ast-global-header-display":"","ast-banner-title-visibility":"","ast-main-header-display":"","ast-hfb-above-header-display":"","ast-hfb-below-header-display":"","ast-hfb-mobile-header-display":"","site-post-title":"","ast-breadcrumbs-content":"","ast-featured-img":"","footer-sml-layout":"","theme-transparent-header-meta":"","adv-header-id-meta":"","stick-header-meta":"","header-above-stick-meta":"","header-main-stick-meta":"","header-below-stick-meta":"","astra-migrate-meta-layouts":"default","ast-page-background-enabled":"default","ast-page-background-meta":{"desktop":{"background-color":"var(--ast-global-color-5)","background-image":"","background-repeat":"repeat","background-position":"center center","background-size":"auto","background-attachment":"scroll","background-type":"","background-media":"","overlay-type":"","overlay-color":"","overlay-opacity":"","overlay-gradient":""},"tablet":{"background-color":"","background-image":"","background-repeat":"repeat","background-position":"center center","background-size":"auto","background-attachment":"scroll","background-type":"","background-media":"","overlay-type":"","overlay-color":"","overlay-opacity":"","overlay-gradient":""},"mobile":{"background-color":"","background-image":"","background-repeat":"repeat","background-position":"center center","background-size":"auto","background-attachment":"scroll","background-type":"","background-media":"","overlay-type":"","overlay-color":"","overlay-opacity":"","overlay-gradient":""}},"ast-content-background-meta":{"desktop":{"background-color":"var(--ast-global-color-4)","background-image":"","background-repeat":"repeat","background-position":"center center","background-size":"auto","background-attachment":"scroll","background-type":"","background-media":"","overlay-type":"","overlay-color":"","overlay-opacity":"","overlay-gradient":""},"tablet":{"background-color":"var(--ast-global-color-4)","background-image":"","background-repeat":"repeat","background-position":"center center","background-size":"auto","background-attachment":"scroll","background-type":"","background-media":"","overlay-type":"","overlay-color":"","overlay-opacity":"","overlay-gradient":""},"mobile":{"background-color":"var(--ast-global-color-4)","background-image":"","background-repeat":"repeat","background-position":"center center","background-size":"auto","background-attachment":"scroll","background-type":"","background-media":"","overlay-type":"","overlay-color":"","overlay-opacity":"","overlay-gradient":""}}},"product_brand":[],"product_cat":[18,24,19,17,25,21],"product_tag":[],"class_list":{"0":"post-348","1":"product","2":"type-product","3":"status-publish","4":"has-post-thumbnail","6":"product_cat-cham-soc-da-mat","7":"product_cat-chong-lao-hoa","8":"product_cat-duong-da","9":"product_cat-my-pham","10":"product_cat-san-pham-tri-mun","11":"product_cat-skinsolve","12":"desktop-align-left","13":"tablet-align-left","14":"mobile-align-left","16":"first","17":"instock","18":"taxable","19":"shipping-taxable","20":"purchasable","21":"product-type-simple"},"_links":{"self":[{"href":"https:\/\/omewa.online\/index.php\/wp-json\/wp\/v2\/product\/348","targetHints":{"allow":["GET"]}}],"collection":[{"href":"https:\/\/omewa.online\/index.php\/wp-json\/wp\/v2\/product"}],"about":[{"href":"https:\/\/omewa.online\/index.php\/wp-json\/wp\/v2\/types\/product"}],"replies":[{"embeddable":true,"href":"https:\/\/omewa.online\/index.php\/wp-json\/wp\/v2\/comments?post=348"}],"wp:featuredmedia":[{"embeddable":true,"href":"https:\/\/omewa.online\/index.php\/wp-json\/wp\/v2\/media\/430"}],"wp:attachment":[{"href":"https:\/\/omewa.online\/index.php\/wp-json\/wp\/v2\/media?parent=348"}],"wp:term":[{"taxonomy":"product_brand","embeddable":true,"href":"https:\/\/omewa.online\/index.php\/wp-json\/wp\/v2\/product_brand?post=348"},{"taxonomy":"product_cat","embeddable":true,"href":"https:\/\/omewa.online\/index.php\/wp-json\/wp\/v2\/product_cat?post=348"},{"taxonomy":"product_tag","embeddable":true,"href":"https:\/\/omewa.online\/index.php\/wp-json\/wp\/v2\/product_tag?post=348"}],"curies":[{"name":"wp","href":"https:\/\/api.w.org\/{rel}","templated":true}]}}