{"id":347,"date":"2025-11-01T18:09:39","date_gmt":"2025-11-01T18:09:39","guid":{"rendered":"https:\/\/omewa.online\/?post_type=product&#038;p=347"},"modified":"2026-03-19T14:05:53","modified_gmt":"2026-03-19T14:05:53","slug":"serum-duong-da-skinsolve-niacinamide-20-b5-can-bang-dau-mo-tham-lam-deu-mau-da","status":"publish","type":"product","link":"https:\/\/omewa.online\/index.php\/product\/serum-duong-da-skinsolve-niacinamide-20-b5-can-bang-dau-mo-tham-lam-deu-mau-da\/","title":{"rendered":"Serum D\u01b0\u1ee1ng Da Skinsolve Niacinamide 20% &#038; B5 \u2013 C\u00e2n B\u1eb1ng D\u1ea7u, M\u1edd Th\u00e2m, L\u00e0m \u0110\u1ec1u M\u00e0u Da"},"content":{"rendered":"<div class=\"border-b border-secondary-light3 lg:border-0\" data-v-3a2e2332=\"\">\n<div data-v-36134904=\"\">\n<div id=\"96\" class=\"flex flex-col w-full h-full bg-opacity-25 lg:flex-row bg-secondary-light3\" data-v-475c5dca=\"\" data-v-3a2e2332=\"\">\n<div class=\"w-full lg:w-1\/2 theimageinfo1\">\n<h2 data-start=\"131\" data-end=\"222\">\ud83c\udf38 SERUM D\u01af\u1ee0NG DA SKINSOLVE NIACINAMIDE 20% &amp; B5 \u2013 C\u00c2N B\u1eb0NG D\u1ea6U, M\u1edc TH\u00c2M, L\u00c0M \u0110\u1ec0U M\u00c0U DA<\/h2>\n<p data-start=\"224\" data-end=\"397\">Serum ch\u1ee9a 20% Niacinamide k\u1ebft h\u1ee3p Vitamin B5, chi\u1ebft xu\u1ea5t T\u1ea3o bi\u1ec3n, men r\u1ec5 Nh\u00e2n S\u00e2m gi\u00fap ch\u0103m s\u00f3c l\u00e0n da d\u1ea7u, da m\u1ee5n, th\u00e2m s\u1ea1m, h\u1ed7 tr\u1ee3 d\u01b0\u1ee1ng \u1ea9m, gi\u1ea3m k\u00edch \u1ee9ng v\u00e0 l\u00e0m d\u1ecbu da.<\/p>\n<hr data-start=\"399\" data-end=\"402\" \/>\n<h3 data-start=\"404\" data-end=\"423\">\ud83c\udf3f \u0110i\u1ec3m n\u1ed5i b\u1eadt<\/h3>\n<p data-start=\"424\" data-end=\"790\">\u2728 <strong data-start=\"426\" data-end=\"445\">Niacinamide 20%<\/strong> \u2013 gi\u00fap l\u00e0n da tr\u1edf n\u00ean \u0111\u1ec1u m\u00e0u, gi\u1ea3m d\u1ea5u hi\u1ec7u th\u00e2m sau m\u1ee5n, c\u00e2n b\u1eb1ng d\u1ea7u th\u1eeba, h\u1ed7 tr\u1ee3 thu nh\u1ecf l\u1ed7 ch\u00e2n l\u00f4ng.<br data-start=\"552\" data-end=\"555\" \/>\u2728 <strong data-start=\"557\" data-end=\"579\">Acetyl Glucosamine<\/strong> \u2013 h\u1ed7 tr\u1ee3 c\u1ea3i thi\u1ec7n s\u1eafc t\u1ed1, k\u1ebft h\u1ee3p v\u1edbi Niacinamide t\u0103ng hi\u1ec7u qu\u1ea3 m\u1edd th\u00e2m, l\u00e0m da s\u00e1ng h\u01a1n.<br data-start=\"670\" data-end=\"673\" \/>\u2728 <strong data-start=\"675\" data-end=\"716\">Vitamin B5, T\u1ea3o bi\u1ec3n, Men r\u1ec5 Nh\u00e2n S\u00e2m<\/strong> \u2013 d\u01b0\u1ee1ng \u1ea9m s\u00e2u, t\u0103ng s\u1ee9c \u0111\u1ec1 kh\u00e1ng, l\u00e0m d\u1ecbu da, gi\u00fap da kh\u1ecfe t\u1eeb b\u00ean trong.<\/p>\n<hr data-start=\"792\" data-end=\"795\" \/>\n<h3 data-start=\"797\" data-end=\"813\">\ud83d\udca7 C\u00f4ng d\u1ee5ng<\/h3>\n<p data-start=\"814\" data-end=\"1026\">\u2705 Gi\u00fap c\u1ea3i thi\u1ec7n t\u00f4ng m\u00e0u da, gi\u1ea3m t\u00ecnh tr\u1ea1ng th\u00e2m sau m\u1ee5n.<br data-start=\"873\" data-end=\"876\" \/>\u2705 H\u1ed7 tr\u1ee3 c\u00e2n b\u1eb1ng tuy\u1ebfn d\u1ea7u, ph\u00f9 h\u1ee3p da d\u1ea7u \u2013 m\u1ee5n.<br data-start=\"926\" data-end=\"929\" \/>\u2705 B\u1ed5 sung \u0111\u1ed9 \u1ea9m, gi\u1ea3m hi\u1ec7n t\u01b0\u1ee3ng bong tr\u00f3c, kh\u00f4 r\u00e1p.<br data-start=\"981\" data-end=\"984\" \/>\u2705 L\u00e0m d\u1ecbu, h\u1ea1n ch\u1ebf \u0111\u1ecf, h\u1ed7 tr\u1ee3 ph\u1ee5c h\u1ed3i da.<\/p>\n<hr data-start=\"1028\" data-end=\"1031\" \/>\n<h3 data-start=\"1033\" data-end=\"1051\">\ud83d\udc4c Ph\u00f9 h\u1ee3p cho<\/h3>\n<p data-start=\"1052\" data-end=\"1127\">\u2022 Da d\u1ea7u, da m\u1ee5n, da kh\u00f4ng \u0111\u1ec1u m\u00e0u.<br data-start=\"1087\" data-end=\"1090\" \/>\u2022 Da y\u1ebfu c\u1ea7n c\u1ee7ng c\u1ed1, da d\u1ec5 m\u1ea5t n\u01b0\u1edbc.<\/p>\n<hr data-start=\"1129\" data-end=\"1132\" \/>\n<h3 data-start=\"1134\" data-end=\"1154\">\u2728 H\u01b0\u1edbng d\u1eabn d\u00f9ng<\/h3>\n<p data-start=\"1155\" data-end=\"1302\">\u27a1 Sau khi l\u00e0m s\u1ea1ch &amp; toner, l\u1ea5y 2-3 gi\u1ecdt serum thoa \u0111\u1ec1u m\u1eb7t, v\u1ed7 nh\u1eb9.<br data-start=\"1223\" data-end=\"1226\" \/>\u27a1 D\u00f9ng \u0111\u1ec1u s\u00e1ng \u2013 t\u1ed1i.<br data-start=\"1248\" data-end=\"1251\" \/>\u27a1 Ban ng\u00e0y nh\u1edb b\u00f4i kem ch\u1ed1ng n\u1eafng \u0111\u1ec3 b\u1ea3o v\u1ec7 l\u00e0n da.<\/p>\n<hr data-start=\"1304\" data-end=\"1307\" \/>\n<h3 data-start=\"1309\" data-end=\"1326\">\ud83d\udeab Kh\u00f4ng ch\u1ee9a<\/h3>\n<p data-start=\"1327\" data-end=\"1456\">\u274c C\u1ed3n, d\u1ea7u kho\u00e1ng, paraben<br data-start=\"1353\" data-end=\"1356\" \/>\u274c H\u01b0\u01a1ng li\u1ec7u t\u1ed5ng h\u1ee3p, m\u00e0u h\u00f3a h\u1ecdc<br data-start=\"1390\" data-end=\"1393\" \/>\u274c Silicone, sulfate SLS\/SLES<br data-start=\"1421\" data-end=\"1424\" \/>\u274c Kh\u00f4ng th\u1eed nghi\u1ec7m tr\u00ean \u0111\u1ed9ng v\u1eadt<\/p>\n<hr data-start=\"1458\" data-end=\"1461\" \/>\n<h3 data-start=\"1463\" data-end=\"1477\">\u23f0 H\u1ea1n d\u00f9ng<\/h3>\n<p data-start=\"1478\" data-end=\"1526\">\u2022 18 th\u00e1ng t\u1eeb NSX.<br data-start=\"1496\" data-end=\"1499\" \/>\u2022 8 th\u00e1ng k\u1ec3 t\u1eeb khi m\u1edf n\u1eafp.<\/p>\n<p data-start=\"1554\" data-end=\"1697\">#skinsolve #serumniacinamide #serumb5 #danhchoda #phuchoida #chamsocda #dieumau #motham #khoedadep #skincarevietnam #serumtot #skincareroutine<\/p>\n<\/div>\n<\/div>\n<\/div>\n<\/div>\n<div class=\"border-b border-secondary-light3 lg:border-0\" data-v-3a2e2332=\"\">\n<div class=\"inforange\">\n<div data-v-36134904=\"\">\n<div id=\"113\" class=\"flex hasvideox revever flex-col w-full bg-opacity-25 lg:flex-row bg-secondary-light3\" data-v-6a3742cd=\"\" data-v-3a2e2332=\"\"><\/div>\n<\/div>\n<\/div>\n<\/div>\n","protected":false},"excerpt":{"rendered":"<div class=\"desc0 text-sm lg:text-base mt-8px lg:mt-1.5 product-description text-typo-heading\">\n<p>V\u1edbi n\u1ed3ng \u0111\u1ed9 cao l\u00ean \u0111\u1ebfn 20%, Niacinamide \u0111\u00f3ng m\u1ed9t vai tr\u00f2 quan tr\u1ecdng trong vi\u1ec7c ch\u0103m s\u00f3c da, gi\u00fap c\u1ea3i thi\u1ec7n t\u00f4ng m\u00e0u da, t\u0103ng \u0111\u1ed9 \u0111\u00e0n h\u1ed3i, \u0111i\u1ec1u ti\u1ebft s\u1ea3n xu\u1ea5t d\u1ea7u, h\u1ed7 tr\u1ee3 \u0111i\u1ec1u tr\u1ecb m\u1ee5n, \u2026 B\u00ean c\u1ea1nh \u0111\u00f3, s\u1ea3n ph\u1ea9m c\u00f2n b\u1ed5 sung c\u00e1c th\u00e0nh ph\u1ea7n nh\u01b0 NAG, Panthenol v\u00e0 chi\u1ebft xu\u1ea5t T\u1ea3o bi\u1ec3n gi\u00fap kh\u00f4ng ch\u1ec9 t\u1ed1i \u01b0u h\u00f3a hi\u1ec7u qu\u1ea3 c\u1ee7a Niacinamide m\u00e0 c\u00f2n cung c\u1ea5p c\u00e1c l\u1ee3i \u00edch b\u1ed5 sung kh\u00e1c nh\u01b0 c\u1ea3i thi\u1ec7n \u0111\u1ed9 \u1ea9m gi\u00fap l\u00e0m d\u1ecbu da, gi\u1ea3m thi\u1ec3u t\u00ecnh tr\u1ea1ng k\u00edch \u1ee9ng v\u00e0 b\u1ea3o v\u1ec7 cho l\u00e0n da c\u1ee7a b\u1ea1n.<\/p>\n<p>&nbsp;<\/p>\n<\/div>\n<div class=\"desc2 flex flex-col\" data-v-95dfa95a=\"\">\n<div class=\"contentinfo3\">\n<p>&nbsp;<\/p>\n<p>&nbsp;<\/p>\n<hr \/>\n<p>&nbsp;<\/p>\n<p>\u0110\u1eb7c \u0111i\u1ec3m n\u1ed5i b\u1eadt<br \/>\n\u2713\u00a0An to\u00e0n cho l\u00e0n da nh\u1ea1y c\u1ea3m hay d\u1ec5 b\u1ecb k\u00edch \u1ee9ng.<br \/>\n\u2713\u00a0K\u1ebft c\u1ea5u l\u1ecfng v\u1edbi c\u00f4ng th\u1ee9c nh\u1eb9 nh\u00e0ng, d\u1ec5 ch\u1ecbu v\u00e0 tho\u1ea3i m\u00e1i khi d\u00f9ng.<br \/>\n\u2713\u00a0An to\u00e0n v\u1edbi m\u1eb9 b\u1ea7u, cho con b\u00fa v\u00e0 tr\u1ebb d\u1eady th\u00ec.<\/p>\n<\/div>\n<\/div>\n","protected":false},"featured_media":426,"comment_status":"open","ping_status":"closed","template":"","meta":{"site-sidebar-layout":"default","site-content-layout":"","ast-site-content-layout":"default","site-content-style":"default","site-sidebar-style":"default","ast-global-header-display":"","ast-banner-title-visibility":"","ast-main-header-display":"","ast-hfb-above-header-display":"","ast-hfb-below-header-display":"","ast-hfb-mobile-header-display":"","site-post-title":"","ast-breadcrumbs-content":"","ast-featured-img":"","footer-sml-layout":"","theme-transparent-header-meta":"","adv-header-id-meta":"","stick-header-meta":"","header-above-stick-meta":"","header-main-stick-meta":"","header-below-stick-meta":"","astra-migrate-meta-layouts":"default","ast-page-background-enabled":"default","ast-page-background-meta":{"desktop":{"background-color":"var(--ast-global-color-5)","background-image":"","background-repeat":"repeat","background-position":"center center","background-size":"auto","background-attachment":"scroll","background-type":"","background-media":"","overlay-type":"","overlay-color":"","overlay-opacity":"","overlay-gradient":""},"tablet":{"background-color":"","background-image":"","background-repeat":"repeat","background-position":"center center","background-size":"auto","background-attachment":"scroll","background-type":"","background-media":"","overlay-type":"","overlay-color":"","overlay-opacity":"","overlay-gradient":""},"mobile":{"background-color":"","background-image":"","background-repeat":"repeat","background-position":"center center","background-size":"auto","background-attachment":"scroll","background-type":"","background-media":"","overlay-type":"","overlay-color":"","overlay-opacity":"","overlay-gradient":""}},"ast-content-background-meta":{"desktop":{"background-color":"var(--ast-global-color-4)","background-image":"","background-repeat":"repeat","background-position":"center center","background-size":"auto","background-attachment":"scroll","background-type":"","background-media":"","overlay-type":"","overlay-color":"","overlay-opacity":"","overlay-gradient":""},"tablet":{"background-color":"var(--ast-global-color-4)","background-image":"","background-repeat":"repeat","background-position":"center center","background-size":"auto","background-attachment":"scroll","background-type":"","background-media":"","overlay-type":"","overlay-color":"","overlay-opacity":"","overlay-gradient":""},"mobile":{"background-color":"var(--ast-global-color-4)","background-image":"","background-repeat":"repeat","background-position":"center center","background-size":"auto","background-attachment":"scroll","background-type":"","background-media":"","overlay-type":"","overlay-color":"","overlay-opacity":"","overlay-gradient":""}}},"product_brand":[23],"product_cat":[18,24,19,17,25,21],"product_tag":[],"class_list":{"0":"post-347","1":"product","2":"type-product","3":"status-publish","4":"has-post-thumbnail","6":"product_brand-skinsolve","7":"product_cat-cham-soc-da-mat","8":"product_cat-chong-lao-hoa","9":"product_cat-duong-da","10":"product_cat-my-pham","11":"product_cat-san-pham-tri-mun","12":"product_cat-skinsolve","13":"desktop-align-left","14":"tablet-align-left","15":"mobile-align-left","17":"first","18":"instock","19":"taxable","20":"shipping-taxable","21":"purchasable","22":"product-type-simple"},"_links":{"self":[{"href":"https:\/\/omewa.online\/index.php\/wp-json\/wp\/v2\/product\/347","targetHints":{"allow":["GET"]}}],"collection":[{"href":"https:\/\/omewa.online\/index.php\/wp-json\/wp\/v2\/product"}],"about":[{"href":"https:\/\/omewa.online\/index.php\/wp-json\/wp\/v2\/types\/product"}],"replies":[{"embeddable":true,"href":"https:\/\/omewa.online\/index.php\/wp-json\/wp\/v2\/comments?post=347"}],"wp:featuredmedia":[{"embeddable":true,"href":"https:\/\/omewa.online\/index.php\/wp-json\/wp\/v2\/media\/426"}],"wp:attachment":[{"href":"https:\/\/omewa.online\/index.php\/wp-json\/wp\/v2\/media?parent=347"}],"wp:term":[{"taxonomy":"product_brand","embeddable":true,"href":"https:\/\/omewa.online\/index.php\/wp-json\/wp\/v2\/product_brand?post=347"},{"taxonomy":"product_cat","embeddable":true,"href":"https:\/\/omewa.online\/index.php\/wp-json\/wp\/v2\/product_cat?post=347"},{"taxonomy":"product_tag","embeddable":true,"href":"https:\/\/omewa.online\/index.php\/wp-json\/wp\/v2\/product_tag?post=347"}],"curies":[{"name":"wp","href":"https:\/\/api.w.org\/{rel}","templated":true}]}}