{"id":343,"date":"2025-11-01T18:09:39","date_gmt":"2025-11-01T18:09:39","guid":{"rendered":"https:\/\/omewa.online\/?post_type=product&#038;p=343"},"modified":"2026-03-19T14:06:01","modified_gmt":"2026-03-19T14:06:01","slug":"serum-multi-aha-complex-15ml-duong-sang-giam-mun-mo-tham","status":"publish","type":"product","link":"https:\/\/omewa.online\/index.php\/product\/serum-multi-aha-complex-15ml-duong-sang-giam-mun-mo-tham\/","title":{"rendered":"Serum Multi AHA Complex 15ml D\u01b0\u1ee1ng s\u00e1ng, gi\u1ea3m m\u1ee5n, m\u1edd th\u00e2m"},"content":{"rendered":"<div class=\"border-b border-secondary-light3 lg:border-0\" data-v-3a2e2332=\"\">\n<div data-v-36134904=\"\">\n<div id=\"96\" class=\"flex flex-col w-full h-full bg-opacity-25 lg:flex-row bg-secondary-light3\" data-v-475c5dca=\"\" data-v-3a2e2332=\"\">\n<div id=\"DepthDetail\" class=\"flex flex-col w-full px-2 py-3 lg:py-12 lg:w-1\/2 additional-information\" data-v-475c5dca=\"\">\n<h2 data-start=\"406\" data-end=\"470\">SERUM D\u01af\u1ee0NG DA AHA \u2013 CH\u0102M S\u00d3C &amp; NU\u00d4I D\u01af\u1ee0NG L\u00c0N DA S\u00c1NG M\u1ecaN<\/h2>\n<p data-start=\"471\" data-end=\"622\">Serum ch\u1ee9a c\u00e1c th\u00e0nh ph\u1ea7n t\u1eeb thi\u00ean nhi\u00ean v\u00e0 chi\u1ebft xu\u1ea5t th\u1ef1c v\u1eadt, k\u1ebft h\u1ee3p AHA h\u1ed7 tr\u1ee3 l\u00e0m s\u1ea1ch b\u1ec1 m\u1eb7t da, nu\u00f4i d\u01b0\u1ee1ng v\u00e0 duy tr\u00ec l\u00e0n da t\u01b0\u01a1i t\u1eafn, \u1ea9m m\u01b0\u1ee3t.<\/p>\n<hr data-start=\"624\" data-end=\"627\" \/>\n<h3 data-start=\"629\" data-end=\"647\">\u2728 \u0110i\u1ec3m n\u1ed5i b\u1eadt<\/h3>\n<ul data-start=\"648\" data-end=\"973\">\n<li data-start=\"648\" data-end=\"755\">\n<p data-start=\"650\" data-end=\"755\">H\u1ed7 tr\u1ee3 lo\u1ea1i b\u1ecf t\u1ea1p ch\u1ea5t, t\u1ebf b\u00e0o c\u0169, gi\u00fap da th\u00f4ng tho\u00e1ng v\u00e0 d\u1ec5 h\u1ea5p th\u1ee5 c\u00e1c d\u01b0\u1ee1ng ch\u1ea5t \u1edf b\u01b0\u1edbc ti\u1ebfp theo.<\/p>\n<\/li>\n<li data-start=\"756\" data-end=\"822\">\n<p data-start=\"758\" data-end=\"822\">B\u1ed5 sung \u0111\u1ed9 \u1ea9m, gi\u00fap duy tr\u00ec tr\u1ea1ng th\u00e1i m\u1ec1m m\u1ea1i, \u00eam d\u1ecbu cho da.<\/p>\n<\/li>\n<li data-start=\"823\" data-end=\"927\">\n<p data-start=\"825\" data-end=\"927\">Ch\u1ee9a chi\u1ebft xu\u1ea5t t\u1eeb hoa C\u00fac, hoa H\u1ed3ng v\u00e0 Tr\u00e0 Xanh h\u1ed7 tr\u1ee3 l\u00e0m d\u1ecbu, b\u1ea3o v\u1ec7 da tr\u01b0\u1edbc t\u00e1c \u0111\u1ed9ng b\u00ean ngo\u00e0i.<\/p>\n<\/li>\n<li data-start=\"928\" data-end=\"973\">\n<p data-start=\"930\" data-end=\"973\">K\u1ebft c\u1ea5u th\u1ea9m th\u1ea5u nhanh, kh\u00f4ng g\u00e2y n\u1eb7ng da.<\/p>\n<\/li>\n<\/ul>\n<hr data-start=\"975\" data-end=\"978\" \/>\n<h3 data-start=\"980\" data-end=\"1003\">\ud83c\udf38 Th\u00e0nh ph\u1ea7n ch\u00ednh<\/h3>\n<ul data-start=\"1004\" data-end=\"1395\">\n<li data-start=\"1004\" data-end=\"1124\">\n<p data-start=\"1006\" data-end=\"1124\"><strong data-start=\"1006\" data-end=\"1040\">Galactomyces Ferment Filtrate:<\/strong> Chi\u1ebft xu\u1ea5t men t\u1ef1 nhi\u00ean cung c\u1ea5p d\u01b0\u1ee1ng ch\u1ea5t, gi\u00fap b\u1ec1 m\u1eb7t da tr\u1edf n\u00ean m\u1ec1m m\u01b0\u1ee3t h\u01a1n.<\/p>\n<\/li>\n<li data-start=\"1125\" data-end=\"1225\">\n<p data-start=\"1127\" data-end=\"1225\"><strong data-start=\"1127\" data-end=\"1164\">AHA (Lactic, Mandelic, Glycolic):<\/strong> H\u1ed7 tr\u1ee3 l\u00e0m s\u1ea1ch l\u1edbp s\u1eebng, gi\u1eef cho b\u1ec1 m\u1eb7t da lu\u00f4n t\u01b0\u01a1i m\u1edbi.<\/p>\n<\/li>\n<li data-start=\"1226\" data-end=\"1319\">\n<p data-start=\"1228\" data-end=\"1319\"><strong data-start=\"1228\" data-end=\"1258\">Chi\u1ebft xu\u1ea5t C\u00fac, Tr\u00e0, H\u1ed3ng:<\/strong> Cung c\u1ea5p th\u00eam d\u01b0\u1ee1ng ch\u1ea5t v\u00e0 h\u1ed7 tr\u1ee3 gi\u1ea3m c\u1ea3m gi\u00e1c kh\u00f4 c\u0103ng.<\/p>\n<\/li>\n<li data-start=\"1320\" data-end=\"1395\">\n<p data-start=\"1322\" data-end=\"1395\"><strong data-start=\"1322\" data-end=\"1347\">Glycerin &amp; Allantoin:<\/strong> Gi\u00fap gi\u1eef n\u01b0\u1edbc, nu\u00f4i d\u01b0\u1ee1ng da m\u1ecbn m\u00e0ng, d\u1ec5 ch\u1ecbu.<\/p>\n<\/li>\n<\/ul>\n<hr data-start=\"1397\" data-end=\"1400\" \/>\n<h3 data-start=\"1402\" data-end=\"1424\">\ud83d\udeab Cam k\u1ebft an to\u00e0n<\/h3>\n<ul data-start=\"1425\" data-end=\"1590\">\n<li data-start=\"1425\" data-end=\"1509\">\n<p data-start=\"1427\" data-end=\"1509\">Kh\u00f4ng ch\u1ee9a d\u1ea7u kho\u00e1ng, c\u1ed3n, silicon, paraben, h\u01b0\u01a1ng li\u1ec7u t\u1ed5ng h\u1ee3p, m\u00e0u t\u1ed5ng h\u1ee3p.<\/p>\n<\/li>\n<li data-start=\"1510\" data-end=\"1556\">\n<p data-start=\"1512\" data-end=\"1556\">Kh\u00f4ng sulfate SLS\/SLES, MEA\/DEA\/TEA, EDTA.<\/p>\n<\/li>\n<li data-start=\"1557\" data-end=\"1590\">\n<p data-start=\"1559\" data-end=\"1590\">Kh\u00f4ng th\u1eed nghi\u1ec7m tr\u00ean \u0111\u1ed9ng v\u1eadt.<\/p>\n<\/li>\n<\/ul>\n<hr data-start=\"1592\" data-end=\"1595\" \/>\n<h3 data-start=\"1597\" data-end=\"1621\">\ud83d\udcdd H\u01b0\u1edbng d\u1eabn s\u1eed d\u1ee5ng<\/h3>\n<ul data-start=\"1622\" data-end=\"1836\">\n<li data-start=\"1622\" data-end=\"1683\">\n<p data-start=\"1624\" data-end=\"1683\">Sau b\u01b0\u1edbc toner, l\u1ea5y l\u01b0\u1ee3ng serum v\u1eeba \u0111\u1ee7 thoa \u0111\u1ec1u kh\u1eafp m\u1eb7t.<\/p>\n<\/li>\n<li data-start=\"1684\" data-end=\"1736\">\n<p data-start=\"1686\" data-end=\"1736\">Massage nh\u1eb9 nh\u00e0ng \u0111\u1ec3 s\u1ea3n ph\u1ea9m th\u1ea9m th\u1ea5u t\u1ed1t h\u01a1n.<\/p>\n<\/li>\n<li data-start=\"1737\" data-end=\"1790\">\n<p data-start=\"1739\" data-end=\"1790\">Bu\u1ed5i s\u00e1ng nh\u1edb s\u1eed d\u1ee5ng kem b\u1ea3o v\u1ec7 da khi ra ngo\u00e0i.<\/p>\n<\/li>\n<li data-start=\"1791\" data-end=\"1836\">\n<p data-start=\"1793\" data-end=\"1836\">Tr\u00e1nh d\u00f9ng tr\u00ean v\u00f9ng da \u0111ang c\u00f3 t\u1ed5n th\u01b0\u01a1ng.<\/p>\n<\/li>\n<\/ul>\n<hr data-start=\"1838\" data-end=\"1841\" \/>\n<h3 data-start=\"1843\" data-end=\"1857\">\u23f0 H\u1ea1n d\u00f9ng<\/h3>\n<ul data-start=\"1858\" data-end=\"1940\">\n<li data-start=\"1858\" data-end=\"1891\">\n<p data-start=\"1860\" data-end=\"1891\">18 th\u00e1ng k\u1ec3 t\u1eeb ng\u00e0y s\u1ea3n xu\u1ea5t.<\/p>\n<\/li>\n<li data-start=\"1892\" data-end=\"1940\">\n<p data-start=\"1894\" data-end=\"1940\">S\u1eed d\u1ee5ng t\u1ed1t nh\u1ea5t trong 8 th\u00e1ng sau khi m\u1edf n\u1eafp.<\/p>\n<\/li>\n<\/ul>\n<\/div>\n<\/div>\n<\/div>\n<\/div>\n","protected":false},"excerpt":{"rendered":"<div class=\"desc0 text-sm lg:text-base mt-8px lg:mt-1.5 product-description text-typo-heading\">\n<p>S\u1ea3n ph\u1ea9m v\u1edbi s\u1ef1 k\u1ebft h\u1ee3p c\u1ee7a ba ho\u1ea1t ch\u1ea5t thu\u1ed9c nh\u00f3m AHA l\u00e0 Lactic Acid, Mandelic Acid, Glycolic Acid mang l\u1ea1i hi\u1ec7u qu\u1ea3 t\u1ed1i \u0111a trong vi\u1ec7c l\u00e0m s\u1ea1ch da ch\u1ebft gi\u00fap da m\u1ec1m m\u1ecbn v\u00e0 t\u01b0\u01a1i t\u1eafn, h\u1ea1n ch\u1ebf t\u00ecnh tr\u1ea1ng da d\u00e0y s\u1eebng, b\u00edt t\u1eafc. S\u1ea3n ph\u1ea9m c\u00f2n \u0111\u01b0\u1ee3c b\u1ed5 sung c\u00e1c ho\u1ea1t ch\u1ea5t c\u00f3 kh\u1ea3 n\u0103ng nu\u00f4i d\u01b0\u1ee1ng v\u00e0 b\u1ea3o v\u1ec7 da t\u1ed1t nh\u01b0 chi\u1ebft xu\u1ea5t M\u1eadt Ong l\u00ean men, chi\u1ebft xu\u1ea5t hoa C\u00fac, hoa H\u1ed3ng v\u00e0 c\u00e2y Tr\u00e0. T\u1eeb \u0111\u00f3 mang l\u1ea1i hi\u1ec7u qu\u1ea3 thanh l\u1ecdc b\u00ean ngo\u00e0i v\u00e0 nu\u00f4i d\u01b0\u1ee1ng b\u00ean trong gi\u00fap duy tr\u00ec tr\u1ea1ng th\u00e1i da t\u01b0\u01a1i m\u1edbi, s\u00e1ng kh\u1ecfe.<\/p>\n<p>&nbsp;<\/p>\n<\/div>\n<div class=\"desc2 flex flex-col\" data-v-95dfa95a=\"\">\n<div class=\"contentinfo3\">\n<p>&nbsp;<\/p>\n<p>&nbsp;<\/p>\n<hr \/>\n<p>&nbsp;<\/p>\n<p>\u0110\u1eb7c \u0111i\u1ec3m s\u1ea3n ph\u1ea9m<br \/>\n\u2713 An to\u00e0n cho l\u00e0n da nh\u1ea1y c\u1ea3m hay d\u1ec5 b\u1ecb k\u00edch \u1ee9ng.<br \/>\n\u2713 K\u1ebft c\u1ea5u l\u1ecfng nh\u1eb9 v\u1edbi c\u00f4ng th\u1ee9c nh\u1eb9 nh\u00e0ng, d\u1ec5 ch\u1ecbu v\u00e0 tho\u1ea3i m\u00e1i khi d\u00f9ng.<\/p>\n<\/div>\n<\/div>\n","protected":false},"featured_media":417,"comment_status":"open","ping_status":"closed","template":"","meta":{"site-sidebar-layout":"default","site-content-layout":"","ast-site-content-layout":"default","site-content-style":"default","site-sidebar-style":"default","ast-global-header-display":"","ast-banner-title-visibility":"","ast-main-header-display":"","ast-hfb-above-header-display":"","ast-hfb-below-header-display":"","ast-hfb-mobile-header-display":"","site-post-title":"","ast-breadcrumbs-content":"","ast-featured-img":"","footer-sml-layout":"","theme-transparent-header-meta":"","adv-header-id-meta":"","stick-header-meta":"","header-above-stick-meta":"","header-main-stick-meta":"","header-below-stick-meta":"","astra-migrate-meta-layouts":"default","ast-page-background-enabled":"default","ast-page-background-meta":{"desktop":{"background-color":"var(--ast-global-color-5)","background-image":"","background-repeat":"repeat","background-position":"center center","background-size":"auto","background-attachment":"scroll","background-type":"","background-media":"","overlay-type":"","overlay-color":"","overlay-opacity":"","overlay-gradient":""},"tablet":{"background-color":"","background-image":"","background-repeat":"repeat","background-position":"center center","background-size":"auto","background-attachment":"scroll","background-type":"","background-media":"","overlay-type":"","overlay-color":"","overlay-opacity":"","overlay-gradient":""},"mobile":{"background-color":"","background-image":"","background-repeat":"repeat","background-position":"center center","background-size":"auto","background-attachment":"scroll","background-type":"","background-media":"","overlay-type":"","overlay-color":"","overlay-opacity":"","overlay-gradient":""}},"ast-content-background-meta":{"desktop":{"background-color":"var(--ast-global-color-4)","background-image":"","background-repeat":"repeat","background-position":"center center","background-size":"auto","background-attachment":"scroll","background-type":"","background-media":"","overlay-type":"","overlay-color":"","overlay-opacity":"","overlay-gradient":""},"tablet":{"background-color":"var(--ast-global-color-4)","background-image":"","background-repeat":"repeat","background-position":"center center","background-size":"auto","background-attachment":"scroll","background-type":"","background-media":"","overlay-type":"","overlay-color":"","overlay-opacity":"","overlay-gradient":""},"mobile":{"background-color":"var(--ast-global-color-4)","background-image":"","background-repeat":"repeat","background-position":"center center","background-size":"auto","background-attachment":"scroll","background-type":"","background-media":"","overlay-type":"","overlay-color":"","overlay-opacity":"","overlay-gradient":""}}},"product_brand":[23],"product_cat":[18,17,25,21],"product_tag":[],"class_list":{"0":"post-343","1":"product","2":"type-product","3":"status-publish","4":"has-post-thumbnail","6":"product_brand-skinsolve","7":"product_cat-cham-soc-da-mat","8":"product_cat-my-pham","9":"product_cat-san-pham-tri-mun","10":"product_cat-skinsolve","11":"desktop-align-left","12":"tablet-align-left","13":"mobile-align-left","15":"first","16":"instock","17":"taxable","18":"shipping-taxable","19":"purchasable","20":"product-type-simple"},"_links":{"self":[{"href":"https:\/\/omewa.online\/index.php\/wp-json\/wp\/v2\/product\/343","targetHints":{"allow":["GET"]}}],"collection":[{"href":"https:\/\/omewa.online\/index.php\/wp-json\/wp\/v2\/product"}],"about":[{"href":"https:\/\/omewa.online\/index.php\/wp-json\/wp\/v2\/types\/product"}],"replies":[{"embeddable":true,"href":"https:\/\/omewa.online\/index.php\/wp-json\/wp\/v2\/comments?post=343"}],"wp:featuredmedia":[{"embeddable":true,"href":"https:\/\/omewa.online\/index.php\/wp-json\/wp\/v2\/media\/417"}],"wp:attachment":[{"href":"https:\/\/omewa.online\/index.php\/wp-json\/wp\/v2\/media?parent=343"}],"wp:term":[{"taxonomy":"product_brand","embeddable":true,"href":"https:\/\/omewa.online\/index.php\/wp-json\/wp\/v2\/product_brand?post=343"},{"taxonomy":"product_cat","embeddable":true,"href":"https:\/\/omewa.online\/index.php\/wp-json\/wp\/v2\/product_cat?post=343"},{"taxonomy":"product_tag","embeddable":true,"href":"https:\/\/omewa.online\/index.php\/wp-json\/wp\/v2\/product_tag?post=343"}],"curies":[{"name":"wp","href":"https:\/\/api.w.org\/{rel}","templated":true}]}}