{"id":342,"date":"2025-11-01T18:09:39","date_gmt":"2025-11-01T18:09:39","guid":{"rendered":"https:\/\/omewa.online\/?post_type=product&#038;p=342"},"modified":"2026-03-19T14:05:29","modified_gmt":"2026-03-19T14:05:29","slug":"serum-pore-detoxifying-30-ml-phuc-hoitai-tao-tre-hoa-lan-da","status":"publish","type":"product","link":"https:\/\/omewa.online\/index.php\/product\/serum-pore-detoxifying-30-ml-phuc-hoitai-tao-tre-hoa-lan-da\/","title":{"rendered":"Serum pore detoxifying 30 ml (ph\u1ee5c h\u1ed3i,t\u00e1i t\u1ea1o, tr\u1ebb h\u00f3a l\u00e0n da)"},"content":{"rendered":"<p>PORE DETOXIFYING LIGHT SERUM 30ML (Tinh ch\u1ea5t thanh l\u1ecdc,t\u00e1i t\u1ea1o v\u00e0 l\u00e0m tr\u1ebb h\u00f3a da d\u1ea1ng nh\u1eb9)<br \/>\n&#8211; Th\u00e0nh ph\u1ea7n ch\u00ednh c\u1ee7a Serum n\u00e0y l\u00e0 Mandelic &#8211; ph\u00f9 h\u1ee3p cho da m\u1ee5n b\u1edfi kh\u1ea3 n\u0103ng l\u00e0m s\u1ea1ch s\u1eebng t\u1eeb \u0111\u00f3 l\u00e0m gi\u1ea3m m\u1ee5n, l\u00e0m m\u1ecbn da.<br \/>\nNgo\u00e0i ra, sp c\u00f2n ch\u1ee9a nhi\u1ec1u tp l\u00e0m d\u1ecbu nh\u01b0:<br \/>\n&#8211; Vitamin B5:t\u0103ng c\u01b0\u1eddng ph\u1ee5c h\u1ed3i v\u00e0 l\u00e0m kh\u1ecfe da.<br \/>\n&#8211; Chi\u1ebft xu\u1ea5t l\u00f4 h\u1ed9i: t\u1ea1o l\u1edbp m\u00e0ng d\u01b0\u1ee1ng \u1ea9m, l\u00e0m m\u1ec1m v\u00e0 d\u1ecbu da b\u1ecb k\u00edch \u1ee9ng.<br \/>\n&#8211; Chi\u1ebft xu\u1ea5t gi\u00e0u vitamin C, E gi\u00fap t\u0103ng \u0111\u00e0n h\u1ed3i v\u00e0 t\u00e1i t\u1ea1o da, gi\u00fap da s\u00e1ng m\u1ecbn. Chi\u1ebft xu\u1ea5t t\u00e1o c\u00f2n gi\u00fap thu nh\u1ecf l\u1ed7 ch\u00e2n l\u00f4ng, t\u1ea9y tbc nh\u1eb9 nh\u00e0ng gi\u00fap da m\u1ecbn m\u00e0ng.<br \/>\nSo v\u1edbi c\u00e1c s\u1ea3n ph\u1ea9m ch\u1ee9a Mandelic tr\u00ean th\u1ecb tr\u01b0\u1eddng th\u00ec Pore Detoxifying Serum n\u00e0y \u00eam d\u1ecbu v\u1edbi da h\u01a1n, c\u00f3 th\u1ec3 d\u00f9ng m\u1ed7i ng\u00e0y m\u00e0 ko g\u00e2y kh\u00f4, r\u00e1t, k\u00edch \u1ee9ng. K\u1ebft h\u1ee3p c\u00f9ng HA s\u1ebd gi\u00fap da ng\u1eadm n\u01b0\u1edbc t\u1ed1t h\u01a1n, b\u00f3ng h\u01a1n.<\/p>\n<p>Th\u00e0nh ph\u1ea7n:<br \/>\nAqua, Mandelic Acid, Panthenol, Acetyl Glucosamine, Trehalose, Propanediol, Phenethyl Alcohol, Glycerin, Caprylhydroxamic Acid, Sodium Hyaluronate, Pyrus Malus (Apple) Fruit Extract, Butylene Glycol, Acacia Senegal Gum, Xanthan Gum, Citrus Grandis Peel Oil, Sodium Phytate.<\/p>\n<p>\u01afu th\u1ebf n\u1ed5i b\u1eadt:<br \/>\n&#8211; S\u1ea3n ph\u1ea9m \u0111\u1ea1t chu\u1ea9n Preservative Free (kh\u00f4ng ch\u1ee9a ch\u1ea5t b\u1ea3o qu\u1ea3n) nh\u01b0ng v\u1eabn \u0111\u1ea3m b\u1ea3o ch\u1ea5t l\u01b0\u1ee3ng s\u1ea3n ph\u1ea9m \u1ed5n \u0111\u1ecbnh trong su\u1ed1t qu\u00e1 tr\u00ecnh s\u1eed d\u1ee5ng v\u00ec trong c\u00f4ng th\u1ee9c ch\u1ee9a Phenethyl Alcohol<br \/>\n&#8211; chi\u1ebft xu\u1ea5t t\u1eeb hoa H\u1ed3ng, hoa C\u1ea9m Ch\u01b0\u1edbng v\u00e0 Caprylhydroxamic Acid<br \/>\n&#8211; chi\u1ebft xu\u1ea5t t\u1eeb D\u1eeba.<br \/>\n&#8211; S\u1ea3n ph\u1ea9m c\u00f3 n\u1ec1n c\u00f4ng th\u1ee9c s\u1ea1ch theo ti\u00eau chu\u1ea9n s\u1ea3n ph\u1ea9m h\u1eefu c\u01a1 v\u1edbi 12 KH\u00d4NG: kh\u00f4ng ch\u1ea5t b\u1ea3o qu\u1ea3n c\u00f4ng nghi\u1ec7p, kh\u00f4ng m\u00e0u-m\u00f9i c\u00f4ng nghi\u1ec7p, kh\u00f4ng Paraben, kh\u00f4ng Silicone,&#8230;v\u00e0 nhi\u1ec1u ch\u1ea5t c\u00f3 h\u1ea1i kh\u00e1c. &#8211; S\u1ea3n ph\u1ea9m d\u00f9ng \u0111\u01b0\u1ee3c cho c\u1ea3 ch\u1ecb em b\u1ea7u b\u00ed\/cho con b\u00fa v\u00e0 tr\u1ebb em \u0111\u1ebfn tu\u1ed5i d\u1eady th\u00ec.<\/p>\n<p>C\u00e1ch d\u00f9ng:<br \/>\n1. L\u00e0m s\u1ea1ch da b\u1eb1ng c\u00e1c lo\u1ea1i s\u1eefa r\u1eeda m\u1eb7t d\u1ecbu nh\u1eb9 ph\u00f9 h\u1ee3p v\u1edbi lo\u1ea1i da (kh\u00f4ng ch\u1ee9a SLS\/SLES). Th\u1ea5m kh\u00f4 da.<br \/>\n2. L\u1ea5y m\u1ed9t l\u01b0\u1ee3ng v\u1eeba \u0111\u1ee7 Pore Detoxifying Serum thoa \u0111\u1ec1u tr\u00ean da, v\u1ed7 nh\u1eb9 theo chuy\u1ec3n \u0111\u1ed9ng tr\u00f2n massage da \u0111\u1ec3 s\u1ea3n ph\u1ea9m th\u1ea9m th\u1ea5u t\u1ed1i \u01b0u.<br \/>\n3. N\u00ean s\u1eed d\u1ee5ng Emulsion\/Cream \u0111\u1ec3 kho\u00e1 \u1ea9m sau khi thoa serum \u0111\u1ec3 \u0111\u1ea1t k\u1ebft qu\u1ea3 t\u1ed1i \u01b0u.<\/p>\n<p>B\u1ea3o qu\u1ea3n:<br \/>\n\u2013 B\u1ea3o qu\u1ea3n n\u01a1i kh\u00f4 r\u00e1o, tho\u00e1ng m\u00e1t, tr\u00e1nh \u00e1nh n\u1eafng tr\u1ef1c ti\u1ebfp ho\u1eb7c n\u01a1i c\u00f3 nhi\u1ec7t \u0111\u1ed9 cao \/ \u1ea9m \u01b0\u1edbt.<br \/>\n\u2013 Tr\u00e1nh xa t\u1ea7m tay tr\u1ebb em.<br \/>\n\u2013 \u0110\u1eady n\u1eafp k\u00edn sau khi s\u1eed d\u1ee5ng.<\/p>\n","protected":false},"excerpt":{"rendered":"<p>&#8216;- Th\u00e0nh ph\u1ea7n ch\u00ednh c\u1ee7a Serum n\u00e0y l\u00e0 Mandelic &#8211; ph\u00f9 h\u1ee3p cho da m\u1ee5n b\u1edfi kh\u1ea3 n\u0103ng l\u00e0m s\u1ea1ch s\u1eebng t\u1eeb \u0111\u00f3 l\u00e0m gi\u1ea3m m\u1ee5n, l\u00e0m m\u1ecbn da.<br \/>\nNgo\u00e0i ra, sp c\u00f2n ch\u1ee9a nhi\u1ec1u tp l\u00e0m d\u1ecbu nh\u01b0:<br \/>\n&#8211; Vitamin B5:t\u0103ng c\u01b0\u1eddng ph\u1ee5c h\u1ed3i v\u00e0 l\u00e0m kh\u1ecfe da.<br \/>\n&#8211; Chi\u1ebft xu\u1ea5t l\u00f4 h\u1ed9i: t\u1ea1o l\u1edbp m\u00e0ng d\u01b0\u1ee1ng \u1ea9m, l\u00e0m m\u1ec1m v\u00e0 d\u1ecbu da b\u1ecb k\u00edch \u1ee9ng.<br \/>\n&#8211; Chi\u1ebft xu\u1ea5t gi\u00e0u vitamin C, E gi\u00fap t\u0103ng \u0111\u00e0n h\u1ed3i v\u00e0 t\u00e1i t\u1ea1o da, gi\u00fap da s\u00e1ng m\u1ecbn. Chi\u1ebft xu\u1ea5t t\u00e1o c\u00f2n gi\u00fap thu nh\u1ecf l\u1ed7 ch\u00e2n l\u00f4ng, t\u1ea9y tbc nh\u1eb9 nh\u00e0ng gi\u00fap da m\u1ecbn m\u00e0ng.<br \/>\nSo v\u1edbi c\u00e1c s\u1ea3n ph\u1ea9m ch\u1ee9a Mandelic tr\u00ean th\u1ecb tr\u01b0\u1eddng th\u00ec Pore Detoxifying Serum n\u00e0y \u00eam d\u1ecbu v\u1edbi da h\u01a1n, c\u00f3 th\u1ec3 d\u00f9ng m\u1ed7i ng\u00e0y m\u00e0 ko g\u00e2y kh\u00f4, r\u00e1t, k\u00edch \u1ee9ng. K\u1ebft h\u1ee3p c\u00f9ng HA s\u1ebd gi\u00fap da ng\u1eadm n\u01b0\u1edbc t\u1ed1t h\u01a1n, b\u00f3ng h\u01a1n.<\/p>\n","protected":false},"featured_media":414,"comment_status":"open","ping_status":"closed","template":"","meta":{"site-sidebar-layout":"default","site-content-layout":"","ast-site-content-layout":"default","site-content-style":"default","site-sidebar-style":"default","ast-global-header-display":"","ast-banner-title-visibility":"","ast-main-header-display":"","ast-hfb-above-header-display":"","ast-hfb-below-header-display":"","ast-hfb-mobile-header-display":"","site-post-title":"","ast-breadcrumbs-content":"","ast-featured-img":"","footer-sml-layout":"","theme-transparent-header-meta":"","adv-header-id-meta":"","stick-header-meta":"","header-above-stick-meta":"","header-main-stick-meta":"","header-below-stick-meta":"","astra-migrate-meta-layouts":"default","ast-page-background-enabled":"default","ast-page-background-meta":{"desktop":{"background-color":"var(--ast-global-color-5)","background-image":"","background-repeat":"repeat","background-position":"center center","background-size":"auto","background-attachment":"scroll","background-type":"","background-media":"","overlay-type":"","overlay-color":"","overlay-opacity":"","overlay-gradient":""},"tablet":{"background-color":"","background-image":"","background-repeat":"repeat","background-position":"center center","background-size":"auto","background-attachment":"scroll","background-type":"","background-media":"","overlay-type":"","overlay-color":"","overlay-opacity":"","overlay-gradient":""},"mobile":{"background-color":"","background-image":"","background-repeat":"repeat","background-position":"center center","background-size":"auto","background-attachment":"scroll","background-type":"","background-media":"","overlay-type":"","overlay-color":"","overlay-opacity":"","overlay-gradient":""}},"ast-content-background-meta":{"desktop":{"background-color":"var(--ast-global-color-4)","background-image":"","background-repeat":"repeat","background-position":"center center","background-size":"auto","background-attachment":"scroll","background-type":"","background-media":"","overlay-type":"","overlay-color":"","overlay-opacity":"","overlay-gradient":""},"tablet":{"background-color":"var(--ast-global-color-4)","background-image":"","background-repeat":"repeat","background-position":"center center","background-size":"auto","background-attachment":"scroll","background-type":"","background-media":"","overlay-type":"","overlay-color":"","overlay-opacity":"","overlay-gradient":""},"mobile":{"background-color":"var(--ast-global-color-4)","background-image":"","background-repeat":"repeat","background-position":"center center","background-size":"auto","background-attachment":"scroll","background-type":"","background-media":"","overlay-type":"","overlay-color":"","overlay-opacity":"","overlay-gradient":""}}},"product_brand":[23],"product_cat":[18,24,19,17,25,21],"product_tag":[],"class_list":{"0":"post-342","1":"product","2":"type-product","3":"status-publish","4":"has-post-thumbnail","6":"product_brand-skinsolve","7":"product_cat-cham-soc-da-mat","8":"product_cat-chong-lao-hoa","9":"product_cat-duong-da","10":"product_cat-my-pham","11":"product_cat-san-pham-tri-mun","12":"product_cat-skinsolve","13":"desktop-align-left","14":"tablet-align-left","15":"mobile-align-left","17":"first","18":"instock","19":"taxable","20":"shipping-taxable","21":"purchasable","22":"product-type-simple"},"_links":{"self":[{"href":"https:\/\/omewa.online\/index.php\/wp-json\/wp\/v2\/product\/342","targetHints":{"allow":["GET"]}}],"collection":[{"href":"https:\/\/omewa.online\/index.php\/wp-json\/wp\/v2\/product"}],"about":[{"href":"https:\/\/omewa.online\/index.php\/wp-json\/wp\/v2\/types\/product"}],"replies":[{"embeddable":true,"href":"https:\/\/omewa.online\/index.php\/wp-json\/wp\/v2\/comments?post=342"}],"wp:featuredmedia":[{"embeddable":true,"href":"https:\/\/omewa.online\/index.php\/wp-json\/wp\/v2\/media\/414"}],"wp:attachment":[{"href":"https:\/\/omewa.online\/index.php\/wp-json\/wp\/v2\/media?parent=342"}],"wp:term":[{"taxonomy":"product_brand","embeddable":true,"href":"https:\/\/omewa.online\/index.php\/wp-json\/wp\/v2\/product_brand?post=342"},{"taxonomy":"product_cat","embeddable":true,"href":"https:\/\/omewa.online\/index.php\/wp-json\/wp\/v2\/product_cat?post=342"},{"taxonomy":"product_tag","embeddable":true,"href":"https:\/\/omewa.online\/index.php\/wp-json\/wp\/v2\/product_tag?post=342"}],"curies":[{"name":"wp","href":"https:\/\/api.w.org\/{rel}","templated":true}]}}