{"id":340,"date":"2025-11-01T18:09:39","date_gmt":"2025-11-01T18:09:39","guid":{"rendered":"https:\/\/omewa.online\/?post_type=product&#038;p=340"},"modified":"2026-03-19T14:06:06","modified_gmt":"2026-03-19T14:06:06","slug":"sua-duong-am-diep-ca-diu-nhe-phu-hop-cho-da-dau","status":"publish","type":"product","link":"https:\/\/omewa.online\/index.php\/product\/sua-duong-am-diep-ca-diu-nhe-phu-hop-cho-da-dau\/","title":{"rendered":"S\u1eefa D\u01b0\u1ee1ng \u1ea8m Di\u1ebfp C\u00e1 \u2013 D\u1ecbu Nh\u1eb9, Ph\u00f9 H\u1ee3p Cho Da D\u1ea7u"},"content":{"rendered":"<h2 data-start=\"321\" data-end=\"369\">\ud83c\udf3f S\u1eeeA D\u01af\u1ee0NG \u1ea8M DI\u1ebeP C\u00c1 &amp; RAU M\u00c1 \u2013 LI\u1ec4U TR\u1eaeNG<\/h2>\n<p data-start=\"371\" data-end=\"432\">\ud83d\udca7 <strong data-start=\"374\" data-end=\"432\">K\u1ebft c\u1ea5u nh\u1eb9 \u2013 H\u01b0\u01a1ng th\u1ea3o m\u1ed9c t\u1ef1 nhi\u00ean \u2013 Ph\u00f9 h\u1ee3p da d\u1ea7u<\/strong><\/p>\n<hr data-start=\"434\" data-end=\"437\" \/>\n<h3 data-start=\"439\" data-end=\"456\">\ud83d\udcd6 Gi\u1edbi thi\u1ec7u<\/h3>\n<p data-start=\"458\" data-end=\"666\">D\u00f2ng s\u1eefa d\u01b0\u1ee1ng \u1ea9m \u0111\u01b0\u1ee3c thi\u1ebft k\u1ebf t\u1eeb s\u1ef1 k\u1ebft h\u1ee3p gi\u1eefa c\u00e1c chi\u1ebft xu\u1ea5t th\u1ef1c v\u1eadt g\u1ed3m <strong data-start=\"537\" data-end=\"581\">Di\u1ebfp C\u00e1, Rau M\u00e1, Li\u1ec5u Tr\u1eafng, d\u1ea7u h\u1ea1t nho<\/strong>, c\u00f9ng tinh d\u1ea7u <strong data-start=\"597\" data-end=\"620\">Tr\u00e0m Tr\u00e0 &amp; Ng\u1ea3i C\u1ee9u<\/strong>, t\u1ea1o c\u1ea3m gi\u00e1c nh\u1eb9 nh\u00e0ng v\u00e0 d\u1ec5 ch\u1ecbu tr\u00ean da.<\/p>\n<p data-start=\"668\" data-end=\"807\">Ch\u1ea5t s\u1eefa l\u1ecfng, t\u00e1n nhanh, th\u1ea9m th\u1ea5u t\u1ed1t, mang l\u1ea1i c\u1ea3m gi\u00e1c kh\u00f4 tho\u00e1ng sau khi d\u00f9ng. S\u1ea3n ph\u1ea9m c\u00f3 h\u01b0\u01a1ng th\u01a1m d\u1ecbu nh\u1eb9 t\u1eeb tinh d\u1ea7u thi\u00ean nhi\u00ean.<\/p>\n<hr data-start=\"809\" data-end=\"812\" \/>\n<h3 data-start=\"814\" data-end=\"837\">\ud83c\udf38 Th\u00e0nh ph\u1ea7n ch\u00ednh<\/h3>\n<p data-start=\"839\" data-end=\"906\">\u2728 <strong data-start=\"841\" data-end=\"863\">Chi\u1ebft xu\u1ea5t Di\u1ebfp C\u00e1<\/strong><br data-start=\"863\" data-end=\"866\" \/>Cung c\u1ea5p c\u1ea3m gi\u00e1c m\u00e1t nh\u1eb9 khi s\u1eed d\u1ee5ng.<\/p>\n<p data-start=\"908\" data-end=\"981\">\u2728 <strong data-start=\"910\" data-end=\"931\">Chi\u1ebft xu\u1ea5t Rau M\u00e1<\/strong><br data-start=\"931\" data-end=\"934\" \/>G\u00f3p ph\u1ea7n mang l\u1ea1i c\u1ea3m gi\u00e1c \u00eam d\u1ecbu cho l\u00e0n da.<\/p>\n<p data-start=\"983\" data-end=\"1053\">\u2728 <strong data-start=\"985\" data-end=\"1010\">Chi\u1ebft xu\u1ea5t Li\u1ec5u Tr\u1eafng<\/strong><br data-start=\"1010\" data-end=\"1013\" \/>H\u1ed7 tr\u1ee3 l\u00e0m s\u1ea1ch da m\u1ed9t c\u00e1ch nh\u1eb9 nh\u00e0ng.<\/p>\n<p data-start=\"1055\" data-end=\"1140\">\u2728 <strong data-start=\"1057\" data-end=\"1072\">D\u1ea7u h\u1ea1t nho<\/strong><br data-start=\"1072\" data-end=\"1075\" \/>D\u1ea1ng d\u1ea7u m\u1ecfng nh\u1eb9, d\u1ec5 t\u00e1n, duy tr\u00ec \u0111\u1ed9 \u1ea9m m\u00e0 kh\u00f4ng g\u00e2y n\u1eb7ng m\u1eb7t.<\/p>\n<p data-start=\"1142\" data-end=\"1231\">\u2728 <strong data-start=\"1144\" data-end=\"1176\">Tinh d\u1ea7u Tr\u00e0m Tr\u00e0 &amp; Ng\u1ea3i C\u1ee9u<\/strong><br data-start=\"1176\" data-end=\"1179\" \/>Gi\u00fap t\u1ea1o m\u00f9i h\u01b0\u01a1ng t\u1ef1 nhi\u00ean, thoang tho\u1ea3ng th\u01b0 gi\u00e3n.<\/p>\n<hr data-start=\"1233\" data-end=\"1236\" \/>\n<h3 data-start=\"1238\" data-end=\"1271\">\ud83c\udf31 Y\u00eau c\u1ea7u an to\u00e0n th\u00e0nh ph\u1ea7n<\/h3>\n<p data-start=\"1273\" data-end=\"1315\">S\u1ea3n ph\u1ea9m <strong data-start=\"1282\" data-end=\"1299\">kh\u00f4ng b\u1ed5 sung<\/strong> c\u00e1c ch\u1ea5t sau:<\/p>\n<ul data-start=\"1317\" data-end=\"1547\">\n<li data-start=\"1317\" data-end=\"1331\">\n<p data-start=\"1319\" data-end=\"1331\">D\u1ea7u kho\u00e1ng<\/p>\n<\/li>\n<li data-start=\"1332\" data-end=\"1369\">\n<p data-start=\"1334\" data-end=\"1369\">H\u01b0\u01a1ng li\u1ec7u t\u1ed5ng h\u1ee3p, m\u00e0u t\u1ed5ng h\u1ee3p<\/p>\n<\/li>\n<li data-start=\"1370\" data-end=\"1391\">\n<p data-start=\"1372\" data-end=\"1391\">Silicone, c\u1ed3n kh\u00f4<\/p>\n<\/li>\n<li data-start=\"1392\" data-end=\"1416\">\n<p data-start=\"1394\" data-end=\"1416\">Sulfates (SLS, SLES)<\/p>\n<\/li>\n<li data-start=\"1417\" data-end=\"1444\">\n<p data-start=\"1419\" data-end=\"1444\">Paraben, Phenoxyethanol<\/p>\n<\/li>\n<li data-start=\"1445\" data-end=\"1478\">\n<p data-start=\"1447\" data-end=\"1478\">Phthalates, MEA\/DEA\/TEA, EDTA<\/p>\n<\/li>\n<li data-start=\"1479\" data-end=\"1521\">\n<p data-start=\"1481\" data-end=\"1521\">C\u00e1c ch\u1ea5t nh\u0169 ho\u00e1 ho\u1eb7c t\u1ea1o \u0111\u1eb7c t\u1ed5ng h\u1ee3p<\/p>\n<\/li>\n<li data-start=\"1522\" data-end=\"1547\">\n<p data-start=\"1524\" data-end=\"1547\">Nguy\u00ean li\u1ec7u t\u1eeb \u0111\u1ed9ng v\u1eadt<\/p>\n<\/li>\n<\/ul>\n<hr data-start=\"1549\" data-end=\"1552\" \/>\n<h3 data-start=\"1554\" data-end=\"1578\">\ud83d\udcdd H\u01b0\u1edbng d\u1eabn s\u1eed d\u1ee5ng<\/h3>\n<ul data-start=\"1580\" data-end=\"1731\">\n<li data-start=\"1580\" data-end=\"1607\">\n<p data-start=\"1582\" data-end=\"1607\">L\u00e0m s\u1ea1ch da v\u00e0 lau kh\u00f4.<\/p>\n<\/li>\n<li data-start=\"1608\" data-end=\"1662\">\n<p data-start=\"1610\" data-end=\"1662\">L\u1ea5y m\u1ed9t l\u01b0\u1ee3ng nh\u1ecf, ch\u1ea5m \u0111\u1ec1u l\u00ean c\u00e1c \u0111i\u1ec3m tr\u00ean m\u1eb7t.<\/p>\n<\/li>\n<li data-start=\"1663\" data-end=\"1708\">\n<p data-start=\"1665\" data-end=\"1708\">Thoa nh\u1eb9 nh\u00e0ng v\u00e0 v\u1ed7 \u0111\u1ec3 s\u1ea3n ph\u1ea9m d\u1ec5 th\u1ea5m.<\/p>\n<\/li>\n<li data-start=\"1709\" data-end=\"1731\">\n<p data-start=\"1711\" data-end=\"1731\">D\u00f9ng m\u1ed7i s\u00e1ng &amp; t\u1ed1i.<\/p>\n<\/li>\n<\/ul>\n<hr data-start=\"1733\" data-end=\"1736\" \/>\n<h3 data-start=\"1738\" data-end=\"1753\">\ud83d\udce6 B\u1ea3o qu\u1ea3n<\/h3>\n<ul data-start=\"1755\" data-end=\"1824\">\n<li data-start=\"1755\" data-end=\"1784\">\n<p data-start=\"1757\" data-end=\"1784\">\u0110\u1eady k\u00edn n\u1eafp sau khi d\u00f9ng.<\/p>\n<\/li>\n<li data-start=\"1785\" data-end=\"1824\">\n<p data-start=\"1787\" data-end=\"1824\">\u0110\u1ec3 n\u01a1i kh\u00f4, tr\u00e1nh \u00e1nh n\u1eafng tr\u1ef1c ti\u1ebfp.<\/p>\n<\/li>\n<\/ul>\n<hr data-start=\"1826\" data-end=\"1829\" \/>\n<h3 data-start=\"1831\" data-end=\"1854\">\u23f3 Th\u1eddi gian s\u1eed d\u1ee5ng<\/h3>\n<ul data-start=\"1856\" data-end=\"1915\">\n<li data-start=\"1856\" data-end=\"1889\">\n<p data-start=\"1858\" data-end=\"1889\">18 th\u00e1ng k\u1ec3 t\u1eeb ng\u00e0y s\u1ea3n xu\u1ea5t.<\/p>\n<\/li>\n<li data-start=\"1890\" data-end=\"1915\">\n<p data-start=\"1892\" data-end=\"1915\">8 th\u00e1ng sau khi m\u1edf n\u1eafp.<\/p>\n<\/li>\n<\/ul>\n","protected":false},"excerpt":{"rendered":"<div class=\"desc0 text-sm lg:text-base mt-8px lg:mt-1.5 product-description text-typo-heading\">\n<p data-start=\"826\" data-end=\"993\">\u2705 <strong data-start=\"828\" data-end=\"839\">Di\u1ebfp C\u00e1<\/strong><br data-start=\"839\" data-end=\"842\" \/>Ch\u1ee9a c\u00e1c h\u1ee3p ch\u1ea5t t\u1ef1 nhi\u00ean nh\u01b0 Quercetin, Quercitrin, Polysaccharide th\u01b0\u1eddng \u0111\u01b0\u1ee3c s\u1eed d\u1ee5ng trong c\u00e1c d\u00f2ng d\u01b0\u1ee1ng da nh\u1edd c\u1ea3m gi\u00e1c d\u1ecbu nh\u1eb9, d\u1ec5 ch\u1ecbu tr\u00ean da.<\/p>\n<p data-start=\"995\" data-end=\"1117\">\u2705 <strong data-start=\"997\" data-end=\"1007\">Rau M\u00e1<\/strong><br data-start=\"1007\" data-end=\"1010\" \/>L\u00e0 chi\u1ebft xu\u1ea5t \u0111\u01b0\u1ee3c y\u00eau th\u00edch trong c\u00e1c c\u00f4ng th\u1ee9c ch\u0103m s\u00f3c da, gi\u00fap l\u00e0m d\u1ecbu, mang l\u1ea1i s\u1ef1 tho\u1ea3i m\u00e1i khi thoa.<\/p>\n<p data-start=\"1119\" data-end=\"1193\">\u2705 <strong data-start=\"1121\" data-end=\"1135\">Li\u1ec5u Tr\u1eafng<\/strong><br data-start=\"1135\" data-end=\"1138\" \/>Gi\u00fap l\u00e0m s\u1ea1ch nh\u1eb9, h\u1ed7 tr\u1ee3 gi\u1eef cho da lu\u00f4n th\u00f4ng tho\u00e1ng.<\/p>\n<p data-start=\"1195\" data-end=\"1286\">\u2705 <strong data-start=\"1197\" data-end=\"1212\">D\u1ea7u h\u1ea1t nho<\/strong><br data-start=\"1212\" data-end=\"1215\" \/>D\u1ea1ng d\u1ea7u m\u1ecfng nh\u1eb9, d\u1ec5 th\u1ea9m th\u1ea5u, gi\u00fap duy tr\u00ec \u0111\u1ed9 \u1ea9m m\u00e0 kh\u00f4ng g\u00e2y b\u00ed da.<\/p>\n<p data-start=\"1288\" data-end=\"1402\">\u2705 <strong data-start=\"1290\" data-end=\"1322\">Tinh d\u1ea7u Tr\u00e0m Tr\u00e0 &amp; Ng\u1ea3i C\u1ee9u<\/strong><br data-start=\"1322\" data-end=\"1325\" \/>T\u1ea1o m\u00f9i h\u01b0\u01a1ng th\u1ea3o m\u1ed9c t\u1ef1 nhi\u00ean, d\u1ec5 ch\u1ecbu, g\u00f3p ph\u1ea7n t\u0103ng tr\u1ea3i nghi\u1ec7m th\u01b0 gi\u00e3n.<\/p>\n<\/div>\n","protected":false},"featured_media":403,"comment_status":"open","ping_status":"closed","template":"","meta":{"site-sidebar-layout":"default","site-content-layout":"","ast-site-content-layout":"default","site-content-style":"default","site-sidebar-style":"default","ast-global-header-display":"","ast-banner-title-visibility":"","ast-main-header-display":"","ast-hfb-above-header-display":"","ast-hfb-below-header-display":"","ast-hfb-mobile-header-display":"","site-post-title":"","ast-breadcrumbs-content":"","ast-featured-img":"","footer-sml-layout":"","theme-transparent-header-meta":"","adv-header-id-meta":"","stick-header-meta":"","header-above-stick-meta":"","header-main-stick-meta":"","header-below-stick-meta":"","astra-migrate-meta-layouts":"default","ast-page-background-enabled":"default","ast-page-background-meta":{"desktop":{"background-color":"var(--ast-global-color-5)","background-image":"","background-repeat":"repeat","background-position":"center center","background-size":"auto","background-attachment":"scroll","background-type":"","background-media":"","overlay-type":"","overlay-color":"","overlay-opacity":"","overlay-gradient":""},"tablet":{"background-color":"","background-image":"","background-repeat":"repeat","background-position":"center center","background-size":"auto","background-attachment":"scroll","background-type":"","background-media":"","overlay-type":"","overlay-color":"","overlay-opacity":"","overlay-gradient":""},"mobile":{"background-color":"","background-image":"","background-repeat":"repeat","background-position":"center center","background-size":"auto","background-attachment":"scroll","background-type":"","background-media":"","overlay-type":"","overlay-color":"","overlay-opacity":"","overlay-gradient":""}},"ast-content-background-meta":{"desktop":{"background-color":"var(--ast-global-color-4)","background-image":"","background-repeat":"repeat","background-position":"center center","background-size":"auto","background-attachment":"scroll","background-type":"","background-media":"","overlay-type":"","overlay-color":"","overlay-opacity":"","overlay-gradient":""},"tablet":{"background-color":"var(--ast-global-color-4)","background-image":"","background-repeat":"repeat","background-position":"center center","background-size":"auto","background-attachment":"scroll","background-type":"","background-media":"","overlay-type":"","overlay-color":"","overlay-opacity":"","overlay-gradient":""},"mobile":{"background-color":"var(--ast-global-color-4)","background-image":"","background-repeat":"repeat","background-position":"center center","background-size":"auto","background-attachment":"scroll","background-type":"","background-media":"","overlay-type":"","overlay-color":"","overlay-opacity":"","overlay-gradient":""}}},"product_brand":[23],"product_cat":[18,17,25,21],"product_tag":[],"class_list":{"0":"post-340","1":"product","2":"type-product","3":"status-publish","4":"has-post-thumbnail","6":"product_brand-skinsolve","7":"product_cat-cham-soc-da-mat","8":"product_cat-my-pham","9":"product_cat-san-pham-tri-mun","10":"product_cat-skinsolve","11":"desktop-align-left","12":"tablet-align-left","13":"mobile-align-left","15":"first","16":"instock","17":"taxable","18":"shipping-taxable","19":"purchasable","20":"product-type-simple"},"_links":{"self":[{"href":"https:\/\/omewa.online\/index.php\/wp-json\/wp\/v2\/product\/340","targetHints":{"allow":["GET"]}}],"collection":[{"href":"https:\/\/omewa.online\/index.php\/wp-json\/wp\/v2\/product"}],"about":[{"href":"https:\/\/omewa.online\/index.php\/wp-json\/wp\/v2\/types\/product"}],"replies":[{"embeddable":true,"href":"https:\/\/omewa.online\/index.php\/wp-json\/wp\/v2\/comments?post=340"}],"wp:featuredmedia":[{"embeddable":true,"href":"https:\/\/omewa.online\/index.php\/wp-json\/wp\/v2\/media\/403"}],"wp:attachment":[{"href":"https:\/\/omewa.online\/index.php\/wp-json\/wp\/v2\/media?parent=340"}],"wp:term":[{"taxonomy":"product_brand","embeddable":true,"href":"https:\/\/omewa.online\/index.php\/wp-json\/wp\/v2\/product_brand?post=340"},{"taxonomy":"product_cat","embeddable":true,"href":"https:\/\/omewa.online\/index.php\/wp-json\/wp\/v2\/product_cat?post=340"},{"taxonomy":"product_tag","embeddable":true,"href":"https:\/\/omewa.online\/index.php\/wp-json\/wp\/v2\/product_tag?post=340"}],"curies":[{"name":"wp","href":"https:\/\/api.w.org\/{rel}","templated":true}]}}