{"id":339,"date":"2025-11-01T18:09:39","date_gmt":"2025-11-01T18:09:39","guid":{"rendered":"https:\/\/omewa.online\/?post_type=product&#038;p=339"},"modified":"2026-03-19T14:19:19","modified_gmt":"2026-03-19T14:19:19","slug":"tinh-chat-giam-viem-ngan-ngua-mun-tu-diep-ca-va-ngai-cuu-30ml-acne-clearing-serum","status":"publish","type":"product","link":"https:\/\/omewa.online\/index.php\/product\/tinh-chat-giam-viem-ngan-ngua-mun-tu-diep-ca-va-ngai-cuu-30ml-acne-clearing-serum\/","title":{"rendered":"Tinh ch\u1ea5t gi\u1ea3m vi\u00eam, ng\u0103n ng\u1eeba m\u1ee5n t\u1eeb Di\u1ebfp C\u00e1 v\u00e0 Ng\u1ea3i C\u1ee9u 30ml &#8211; Acne Clearing Serum"},"content":{"rendered":"<div class=\"border-b border-secondary-light3 lg:border-0\" data-v-3a2e2332=\"\">\n<div data-v-36134904=\"\">\n<div id=\"96\" class=\"flex flex-col w-full h-full bg-opacity-25 lg:flex-row bg-secondary-light3\" data-v-475c5dca=\"\" data-v-3a2e2332=\"\">\n<div class=\"w-full lg:w-1\/2 theimageinfo1\"><img decoding=\"async\" class=\"object-cover object-center w-full transition-all duration-300 lazyLoad isLoaded\" src=\"https:\/\/file.hstatic.net\/200000834019\/file\/diep_ca_29d5ad2a73ee467a8dc9355c46e915c9.jpg\" data-v-475c5dca=\"\" \/><\/div>\n<div id=\"DepthDetail\" class=\"flex flex-col w-full px-2 py-3 lg:py-12 lg:w-1\/2 additional-information\" data-v-475c5dca=\"\">\n<div class=\"flex flex-col text-lg font-normal lg:text-3xl lg:leading-10 font-vollkorn text-primary-dark\" data-v-475c5dca=\"\">\n<div class=\"overflow-hidden overflow-ellipsis line-clamp-5 line-clamp-none\">\n<div class=\"contentinfotable2\">\n<p>Rau Di\u1ebfp C\u00e1 l\u00e0 m\u1ed9t lo\u00e0i c\u00e2y th\u00e2n th\u1ea3o, m\u1ecdc hoang d\u00e3 ph\u1ed5 bi\u1ebfn \u1edf khu v\u1ef1c \u0110\u00f4ng Nam \u00c1. Trong y h\u1ecdc d\u00e2n gian, rau di\u1ebfp c\u00e1 \u0111\u01b0\u1ee3c s\u1eed d\u1ee5ng v\u1edbi nhi\u1ec1u m\u1ee5c \u0111\u00edch kh\u00e1c nhau \u0111\u1ec3 \u0111i\u1ec1u tr\u1ecb c\u00e1c v\u1ea5n \u0111\u1ec1 v\u1ec1 ti\u00eau h\u00f3a, c\u1ea3m l\u1ea1nh v\u00e0 d\u1ecb \u1ee9ng. Ngo\u00e0i ra, rau Di\u1ebfp C\u00e1 c\u00f2n \u0111\u01b0\u1ee3c s\u1eed d\u1ee5ng ph\u1ed5 bi\u1ebfn trong ch\u0103m s\u00f3c da v\u00e0 l\u00e0m \u0111\u1eb9p nh\u01b0 l\u00e0m m\u1eb7t n\u1ea1 d\u01b0\u1ee1ng da, t\u1eafm th\u1ea3o d\u01b0\u1ee3c, s\u1eed d\u1ee5ng l\u00e0m n\u01b0\u1edbc r\u1eeda m\u1eb7t tr\u1ecb m\u1ee5n, th\u01b0 gi\u00e3n da, \u2026<\/p>\n<p>Ng\u00e0y n\u00e0y, nh\u1eefng c\u00f4ng d\u1ee5ng v\u01b0\u1ee3t tr\u1ed9i c\u1ee7a Di\u1ebfp C\u00e1 trong vi\u1ec7c ch\u0103m s\u00f3c da, \u0111\u1eb7c bi\u1ec7t l\u00e0 \u0111i\u1ec1u tr\u1ecb m\u1ee5n ng\u00e0y c\u00e0ng \u0111\u01b0\u1ee3c nghi\u00ean c\u1ee9u v\u00e0 ch\u1ee9ng m\u00ecnh r\u00f5 h\u01a1n. Lo\u1ea1i d\u01b0\u1ee3c th\u1ea3o n\u00e0y c\u00f3 b\u1ea3ng th\u00e0nh ph\u1ea7n ho\u00e1 h\u1ecdc ph\u1ee9c t\u1ea1p v\u00e0 l\u1ea1 m\u1eaft \u0111\u01b0\u1ee3c g\u1ecdi l\u00e0 Flavonoid, trong \u0111\u00f3 ph\u1ed5 bi\u1ebfn l\u00e0 Quercetin, Quercitrin, Hyperoside v\u00e0 Rutin. Nh\u1eefng Flavonoid Polyphenolic n\u00e0y l\u00e0 nh\u1eefng ch\u1ea5t ch\u1ed1ng oxy h\u00f3a hi\u1ec7u qu\u1ea3 v\u00e0 c\u00f3 \u0111\u1eb7c t\u00ednh ch\u1ed1ng vi\u00eam v\u01b0\u1ee3t tr\u1ed9i. B\u00ean c\u1ea1nh \u0111\u00f3, Di\u1ebfp c\u00e1 c\u00f2n ch\u1ee9a Polysaccharide, c\u00e1c d\u1ea1ng Acid b\u00e9o Omega 3 v\u00e0 Omega 6 gi\u00fap d\u01b0\u1ee1ng \u1ea9m v\u00e0 b\u1ea3o v\u1ec7 m\u00e0n Lipid t\u1ef1 nhi\u00ean c\u1ee7a da. Nh\u1edd \u0111\u00f3, c\u00e1c s\u1ea3n ph\u1ea9m t\u1eeb Di\u1ebfp c\u00e1 tr\u1edf th\u00e0nh m\u1ed9t ph\u1ea7n kh\u00f4ng th\u1ec3 thi\u1ebfu trong ch\u0103m s\u00f3c da, nh\u1ea5t l\u00e0 \u0111i\u1ec1u tr\u1ecb c\u00e1c v\u1ea5n \u0111\u1ec1 li\u00ean quan \u0111\u1ebfn m\u1ee5n.<\/p>\n<\/div>\n<\/div>\n<\/div>\n<p><span class=\"seemoredetail2 text-sm font-bold leading-7 underline cursor-pointer lg:text-base see-more font-nunito text-typo-heading\" data-v-475c5dca=\"\">Xem th\u00eam<\/span><\/p>\n<hr class=\"my-2 lg:my-3\" data-v-475c5dca=\"\" \/>\n<div class=\"flex flex-col lg:flex-row lg:0 flexbrhand\" data-v-475c5dca=\"\">\n<div class=\"flex colinfo2cot1 flex-col flex-1 text-sm font-normal lg:text-base text-typo-body font-nunito\" data-v-475c5dca=\"\">\n<p>C\u00f4ng d\u1ee5ng<\/p>\n<p>&nbsp;<\/p>\n<p>\u2713 Ki\u1ec3m so\u00e1t c\u01a1 ch\u1ebf d\u00e0y s\u1eebng \u1edf nang l\u00f4ng, ng\u0103n ng\u1eeba b\u00edt t\u1eafc gi\u00fap ng\u0103n ng\u1eeba m\u1ee5n.<\/p>\n<p>\u2713 Gi\u1ea3m vi\u00eam hi\u1ec7u qu\u1ea3 gi\u00fap ki\u1ec3m so\u00e1t t\u00ecnh tr\u1ea1ng m\u1ee5n vi\u00eam nhi\u1ec5m.<\/p>\n<p>\u2713 C\u00e2n b\u1eb1ng l\u01b0\u1ee3ng d\u1ea7u th\u1eeba tr\u00ean da, gi\u00fap ng\u0103n ng\u1eeba t\u00ecnh tr\u1ea1ng b\u00f3ng d\u1ea7u.<\/p>\n<p>\u2713\u00a0 Nu\u1ed1i d\u01b0\u1ee1ng l\u00e0n da kh\u1ecfe m\u1ea1nh, m\u1ec1m m\u1ea1i.<\/p>\n<\/div>\n<div class=\"flex colinfo2cot2 flex-col flex-1 text-sm font-normal lg:text-base text-typo-body font-nunito mt-2 lg:mt-0 lg:ml-3\" data-v-475c5dca=\"\">\n<p>D\u00e0nh cho<\/p>\n<p>&nbsp;<\/p>\n<p>\u2713 L\u00e0n da nhi\u1ec1u d\u1ea7u th\u1eeba.<\/p>\n<p>\u2713 L\u00e0n da \u0111ang g\u1eb7p nh\u1eefng v\u1ea5n \u0111\u1ec1 nh\u01b0 m\u1ee5n tr\u1ee9ng c\u00e1, m\u1ee5n \u0111\u1ea7u \u0111en, m\u1ee5n vi\u00eam, &#8230;<\/p>\n<\/div>\n<\/div>\n<\/div>\n<\/div>\n<\/div>\n<\/div>\n<div id=\"product-components\" class=\"border-b border-secondary-light3 lg:border-0\" data-v-3a2e2332=\"\">\n<div data-v-36134904=\"\">\n<div id=\"96\" class=\"relative flex flex-col w-full lg:flex-row-reverse bg-primary-light\" data-v-23023fea=\"\" data-v-3a2e2332=\"\">\n<div class=\"w-full lg:w-1\/2 max-h-7221 imagecomponant\" data-v-23023fea=\"\"><img decoding=\"async\" class=\"object-cover w-full h-full transition-all duration-500 lazyLoad isLoaded\" src=\"https:\/\/file.hstatic.net\/200000834019\/file\/serum-diep-ca_80c5dee9415a400eacc6c826173bc1e5.png\" data-v-23023fea=\"\" \/><\/div>\n<div class=\"flex flex-col w-full px-2 pt-3 pb-8 lg:relative lg:w-1\/2 product-components lg:pt-5 lg:pb-3 2xl:pt-14 2xl:pb-9 overflow-y-auto\" data-v-23023fea=\"\">\n<div class=\"product-components__details\" data-v-23023fea=\"\">\n<div class=\"descriptionthanhphan\">\n<div class=\"renderdata\">\n<p>Th\u00e0nh ph\u1ea7n ch\u00ednh<\/p>\n<p>&nbsp;<\/p>\n<p><strong>Gluconolactone<\/strong><\/p>\n<p>\u2022\u00a0 Gluconolactone (PHA) gi\u00fap lo\u1ea1i b\u1ecf c\u00e1c t\u1ebf b\u00e0o da ch\u1ebft , l\u00e0m s\u1ea1ch da nh\u01b0ng kh\u00f4ng hi\u1ec7n t\u01b0\u1ee3ng k\u00edch \u1ee9ng n\u00ean c\u00f3 th\u1ec3 s\u1eed d\u1ee5ng cho nh\u1eefng l\u00e0n da nh\u1ea1y c\u1ea3m, vi\u00eam nhi\u1ec5m.<\/p>\n<p>\u2022\u00a0 Tham gia v\u00e0o vi\u1ec7c thi\u1ebft l\u1eadp v\u00e0 th\u00fac \u0111\u1ea9y qu\u00e1 tr\u00ecnh ho\u1ea1t \u0111\u1ed9ng c\u1ee7a da, t\u1ea1o ti\u1ec1n \u0111\u1ec1 cho c\u00e1c ho\u1ea1t ch\u1ea5t nu\u00f4i d\u01b0\u1ee1ng kh\u00e1c th\u1ea9m th\u1ea5u t\u1ed1t h\u01a1n v\u00e0 hi\u1ec7u qu\u1ea3 h\u01a1n g\u1ea5p h\u00e0ng ch\u1ee5c l\u1ea7n.<\/p>\n<\/div>\n<\/div>\n<\/div>\n<\/div>\n<\/div>\n<\/div>\n<\/div>\n","protected":false},"excerpt":{"rendered":"<div class=\"desc0 text-sm lg:text-base mt-8px lg:mt-1.5 product-description text-typo-heading\">\n<p>Tinh ch\u1ea5t gi\u1ea3m vi\u00eam v\u00e0 ng\u0103n ng\u1eeba m\u1ee5n l\u00e0 s\u1ef1 k\u1ebft h\u1ee3p gi\u1eefa c\u00e1c ho\u1ea1t ch\u1ea5t chuy\u00ean trong vi\u1ec7c \u0111i\u1ec1u tr\u1ecb m\u1ee5n nh\u01b0 chi\u1ebft xu\u1ea5t Di\u1ebfp C\u00e1, Aczero 2%, PHA, \u2026 gi\u00fap gi\u1ea3m thi\u1ec3u c\u00e1c t\u00ecnh tr\u1ea1ng d\u00e0y s\u1eebng c\u1ed5 nang l\u00f4ng, ki\u1ec3m so\u00e1t d\u1ea7u th\u1eeba, ng\u0103n ch\u1eb7n s\u1ef1 ph\u00e1t tri\u1ec3n c\u1ee7a vi khu\u1ea9n, gi\u1ea3m vi\u00eam gi\u00fap c\u1ea3i thi\u1ec7n t\u00ecnh tr\u1ea1ng da m\u1ee5n. Ngo\u00e0i ra, c\u00e1c ho\u1ea1t ch\u1ea5t c\u00f2n gi\u00fap da b\u1ed5 sung \u0111\u1ed9 \u1ea9m, h\u1ed7 tr\u1ee3 ph\u1ee5c h\u1ed3i v\u00e0 ch\u1ed1ng oxy h\u00f3a gi\u00fap da h\u1ea1n ch\u1ebf nh\u1eefng t\u1ed5n th\u01b0\u01a1ng do m\u1ee5n \u0111\u1ec3 l\u1ea1i.<\/p>\n<\/div>\n<div class=\"desc2 flex flex-col\" data-v-95dfa95a=\"\">\n<div class=\"contentinfo3\">\n<hr \/>\n<p>\u0110\u1eb7c \u0111i\u1ec3m n\u1ed5i b\u1eadt<\/p>\n<p>\u2713\u00a0 Serum c\u00f3 k\u1ebft c\u1ea5u d\u1ea1ng gel m\u1ecfng th\u1ea9m th\u1ea5u kh\u00e1 nhanh n\u00ean kh\u00f4ng g\u00e2y nh\u1eddn, r\u00edt da.<br \/>\n\u2713\u00a0 S\u1ea3n ph\u1ea9m ph\u00f9 h\u1ee3p v\u1edbi m\u1ecdi gi\u1edbi t\u00ednh, m\u1ecdi l\u00e0n da, \u0111\u1eb7c bi\u1ec7t l\u00e0 da m\u1ee5n v\u00e0 da d\u1ea7u.<br \/>\n\u2713\u00a0 Kh\u1ea3 n\u0103ng tr\u1ecb m\u1ee5n r\u1ea5t t\u1ed1t, nh\u1ea5t l\u00e0 m\u1ee5n vi\u00eam, m\u1ee5n s\u01b0ng.<br \/>\n\u2713\u00a0 D\u00f9ng an to\u00e0n cho ph\u1ee5 n\u1eef c\u00f3 thai, cho con b\u00fa v\u00e0 tr\u1ebb d\u1eady th\u00ec.<\/p>\n<\/div>\n<\/div>\n","protected":false},"featured_media":399,"comment_status":"open","ping_status":"closed","template":"","meta":{"site-sidebar-layout":"default","site-content-layout":"","ast-site-content-layout":"default","site-content-style":"default","site-sidebar-style":"default","ast-global-header-display":"","ast-banner-title-visibility":"","ast-main-header-display":"","ast-hfb-above-header-display":"","ast-hfb-below-header-display":"","ast-hfb-mobile-header-display":"","site-post-title":"","ast-breadcrumbs-content":"","ast-featured-img":"","footer-sml-layout":"","theme-transparent-header-meta":"default","adv-header-id-meta":"","stick-header-meta":"","header-above-stick-meta":"","header-main-stick-meta":"","header-below-stick-meta":"","astra-migrate-meta-layouts":"set","ast-page-background-enabled":"default","ast-page-background-meta":{"desktop":{"background-color":"var(--ast-global-color-5)","background-image":"","background-repeat":"repeat","background-position":"center center","background-size":"auto","background-attachment":"scroll","background-type":"","background-media":"","overlay-type":"","overlay-color":"","overlay-opacity":"","overlay-gradient":""},"tablet":{"background-color":"","background-image":"","background-repeat":"repeat","background-position":"center center","background-size":"auto","background-attachment":"scroll","background-type":"","background-media":"","overlay-type":"","overlay-color":"","overlay-opacity":"","overlay-gradient":""},"mobile":{"background-color":"","background-image":"","background-repeat":"repeat","background-position":"center center","background-size":"auto","background-attachment":"scroll","background-type":"","background-media":"","overlay-type":"","overlay-color":"","overlay-opacity":"","overlay-gradient":""}},"ast-content-background-meta":{"desktop":{"background-color":"var(--ast-global-color-4)","background-image":"","background-repeat":"repeat","background-position":"center center","background-size":"auto","background-attachment":"scroll","background-type":"","background-media":"","overlay-type":"","overlay-color":"","overlay-opacity":"","overlay-gradient":""},"tablet":{"background-color":"var(--ast-global-color-4)","background-image":"","background-repeat":"repeat","background-position":"center center","background-size":"auto","background-attachment":"scroll","background-type":"","background-media":"","overlay-type":"","overlay-color":"","overlay-opacity":"","overlay-gradient":""},"mobile":{"background-color":"var(--ast-global-color-4)","background-image":"","background-repeat":"repeat","background-position":"center center","background-size":"auto","background-attachment":"scroll","background-type":"","background-media":"","overlay-type":"","overlay-color":"","overlay-opacity":"","overlay-gradient":""}}},"product_brand":[23],"product_cat":[18,17,25,21],"product_tag":[],"class_list":{"0":"post-339","1":"product","2":"type-product","3":"status-publish","4":"has-post-thumbnail","6":"product_brand-skinsolve","7":"product_cat-cham-soc-da-mat","8":"product_cat-my-pham","9":"product_cat-san-pham-tri-mun","10":"product_cat-skinsolve","11":"desktop-align-left","12":"tablet-align-left","13":"mobile-align-left","15":"first","16":"instock","17":"taxable","18":"shipping-taxable","19":"purchasable","20":"product-type-simple"},"_links":{"self":[{"href":"https:\/\/omewa.online\/index.php\/wp-json\/wp\/v2\/product\/339","targetHints":{"allow":["GET"]}}],"collection":[{"href":"https:\/\/omewa.online\/index.php\/wp-json\/wp\/v2\/product"}],"about":[{"href":"https:\/\/omewa.online\/index.php\/wp-json\/wp\/v2\/types\/product"}],"replies":[{"embeddable":true,"href":"https:\/\/omewa.online\/index.php\/wp-json\/wp\/v2\/comments?post=339"}],"wp:featuredmedia":[{"embeddable":true,"href":"https:\/\/omewa.online\/index.php\/wp-json\/wp\/v2\/media\/399"}],"wp:attachment":[{"href":"https:\/\/omewa.online\/index.php\/wp-json\/wp\/v2\/media?parent=339"}],"wp:term":[{"taxonomy":"product_brand","embeddable":true,"href":"https:\/\/omewa.online\/index.php\/wp-json\/wp\/v2\/product_brand?post=339"},{"taxonomy":"product_cat","embeddable":true,"href":"https:\/\/omewa.online\/index.php\/wp-json\/wp\/v2\/product_cat?post=339"},{"taxonomy":"product_tag","embeddable":true,"href":"https:\/\/omewa.online\/index.php\/wp-json\/wp\/v2\/product_tag?post=339"}],"curies":[{"name":"wp","href":"https:\/\/api.w.org\/{rel}","templated":true}]}}