{"id":337,"date":"2025-11-01T18:09:38","date_gmt":"2025-11-01T18:09:38","guid":{"rendered":"https:\/\/omewa.online\/?post_type=product&#038;p=337"},"modified":"2026-03-19T14:14:25","modified_gmt":"2026-03-19T14:14:25","slug":"sua-duong-cap-am-lam-diu-da-tu-cuc-la-ma-50-ml-skin-calming-emulsion-chamomile","status":"publish","type":"product","link":"https:\/\/omewa.online\/index.php\/product\/sua-duong-cap-am-lam-diu-da-tu-cuc-la-ma-50-ml-skin-calming-emulsion-chamomile\/","title":{"rendered":"S\u1eefa d\u01b0\u1ee1ng c\u1ea5p \u1ea9m &#038; l\u00e0m d\u1ecbu da t\u1eeb C\u00fac La M\u00e3 50 ml &#8211; Skin Calming Emulsion (Chamomile)"},"content":{"rendered":"<div class=\"border-b border-secondary-light3 lg:border-0\" data-v-3a2e2332=\"\">\n<div data-v-36134904=\"\">\n<div id=\"96\" class=\"flex flex-col w-full h-full bg-opacity-25 lg:flex-row bg-secondary-light3\" data-v-475c5dca=\"\" data-v-3a2e2332=\"\">\n<div class=\"w-full lg:w-1\/2 theimageinfo1\"><img decoding=\"async\" class=\"object-cover object-center w-full transition-all duration-300 lazyLoad isLoaded\" src=\"https:\/\/file.hstatic.net\/200000834019\/file\/cuc_e8c074d9870b43699cb854f04d0d1675.jpg\" data-v-475c5dca=\"\" \/><\/div>\n<div id=\"DepthDetail\" class=\"flex flex-col w-full px-2 py-3 lg:py-12 lg:w-1\/2 additional-information\" data-v-475c5dca=\"\">\n<div class=\"flex flex-col text-lg font-normal lg:text-3xl lg:leading-10 font-vollkorn text-primary-dark\" data-v-475c5dca=\"\">\n<div class=\"overflow-hidden overflow-ellipsis line-clamp-5 line-clamp-none\">\n<div class=\"contentinfotable2\">\n<p>T\u1eeb h\u00e0ng ng\u00e0n n\u0103m tr\u01b0\u1edbc, hoa c\u00fac La M\u00e3 \u0111\u00e3 \u0111\u01b0\u1ee3c s\u1eed d\u1ee5ng ph\u1ed5 bi\u1ebfn trong y h\u1ecdc, h\u01b0\u01a1ng th\u01a1m v\u00e0 \u0111\u1ed3 u\u1ed1ng, \u2026. V\u1ec1 ph\u01b0\u01a1ng di\u1ec7n l\u00e0m \u0111\u1eb9p, hoa C\u00fac La M\u00e3 tr\u1edf th\u00e0nh m\u1ed9t ph\u01b0\u01a1ng ph\u00e1p quan tr\u1ecdng trong \u0111i\u1ec1u tr\u1ecb c\u00e1c b\u1ec7nh ngo\u00e0i da nh\u01b0 vi\u00eam da, d\u1ecb \u1ee9ng, ch\u00e0m, &#8230;<\/p>\n<p>Hi\u1ec7n nay, nh\u1edd v\u00e0o c\u00e1c nghi\u00ean c\u1ee9u \u0111\u00e3 ch\u1ee9ng minh r\u1eb1ng chi\u1ebft xu\u1ea5t hoa c\u00fac La M\u00e3, ch\u1ee9a nhi\u1ec1u th\u00e0nh ph\u1ea7n ch\u1ed1ng vi\u00eam nh\u01b0 Bisabolol v\u00e0 Chamazulene c\u00f9ng Vitamin B, &#8230; v\u1edbi kh\u1ea3 n\u0103ng l\u00e0m d\u1ecbu da hi\u1ec7u qu\u1ea3, gi\u00fap da nhanh ch\u00f3ng ph\u1ee5c h\u1ed3i, c\u00e2n b\u1eb1ng v\u00e0 gi\u1ea3m thi\u1ec3u c\u00e1c v\u1ea5n \u0111\u1ec1 v\u1ec1 vi\u00eam \u0111\u1ecf, nh\u1ea1y c\u1ea3m, k\u00edch \u1ee9ng. Ngo\u00e0i ra, Polyphenol v\u00e0 Phytochemical trong chi\u1ebft xu\u1ea5t c\u00f2n gi\u00fap t\u0103ng c\u01b0\u1eddng t\u1ed1c \u0111\u1ed9 t\u00e1i t\u1ea1o t\u1ebf b\u00e0o, l\u00e0m l\u00e0nh t\u1ed5n th\u01b0\u01a1ng v\u00e0 b\u1ea3o v\u1ec7 da kh\u1ecfi c\u00e1c t\u00e1c nh\u00e2n g\u00e2y h\u1ea1i m\u1ed9t c\u00e1ch hi\u1ec7u qu\u1ea3. Nh\u1edd \u0111\u00f3, chi\u1ebft xu\u1ea5t hoa C\u00fac La M\u00e3 l\u00e0 m\u1ed9t ngu\u1ed3n d\u01b0\u1ee1ng ch\u1ea5t qu\u00fd gi\u00e1 cho l\u00e0n da, l\u00e0 m\u1ed9t gi\u1ea3i ph\u00e1p t\u1ef1 nhi\u00ean v\u00e0 hi\u1ec7u qu\u1ea3 trong vi\u1ec7c nu\u00f4i d\u01b0\u1ee1ng v\u00e0 b\u1ea3o v\u1ec7 nh\u1eefng l\u00e0n da nh\u1ea1y c\u1ea3m, k\u00edch \u1ee9ng.<\/p>\n<p>&nbsp;<\/p>\n<\/div>\n<\/div>\n<\/div>\n<p><span class=\"seemoredetail2 text-sm font-bold leading-7 underline cursor-pointer lg:text-base see-more font-nunito text-typo-heading\" data-v-475c5dca=\"\">Xem th\u00eam<\/span><\/p>\n<hr class=\"my-2 lg:my-3\" data-v-475c5dca=\"\" \/>\n<div class=\"flex flex-col lg:flex-row lg:0 flexbrhand\" data-v-475c5dca=\"\">\n<div class=\"flex colinfo2cot1 flex-col flex-1 text-sm font-normal lg:text-base text-typo-body font-nunito\" data-v-475c5dca=\"\">\n<p>C\u00f4ng d\u1ee5ng<\/p>\n<p>&nbsp;<\/p>\n<p>\u2713 Gi\u1ea3m vi\u00eam v\u00e0 l\u00e0m d\u1ecbu c\u00e1c ph\u1ea3n \u1ee9ng k\u00edch \u1ee9ng, t\u1ea1o h\u00e0ng r\u00e0o b\u1ea3o v\u1ec7 l\u00e0n da \u0111ang m\u1eabn c\u1ea3m, y\u1ebfu \u1edbt.<\/p>\n<p>\u2713 Ph\u1ee5c h\u1ed3i b\u1ea3o v\u1ec7 da, gi\u00fap da kh\u1ecfe m\u1ea1nh.<\/p>\n<p>\u2713 Gi\u1eef \u1ea9m v\u00e0 l\u00e0m m\u1ecbn da m\u00e0 kh\u00f4ng g\u00e2y nh\u1eddn d\u00ednh.<\/p>\n<\/div>\n<div class=\"flex colinfo2cot2 flex-col flex-1 text-sm font-normal lg:text-base text-typo-body font-nunito mt-2 lg:mt-0 lg:ml-3\" data-v-475c5dca=\"\">\n<p>D\u00e0nh cho<\/p>\n<p>&nbsp;<\/p>\n<p>\u2713 Da m\u1ecfng, y\u1ebfu, nh\u1ea1y c\u1ea3m.<\/p>\n<p>\u2713 Da k\u00edch \u1ee9ng ho\u1eb7c s\u1eed d\u1ee5ng treatment qu\u00e1 li\u1ec1u.<\/p>\n<\/div>\n<\/div>\n<\/div>\n<\/div>\n<\/div>\n<\/div>\n<div id=\"product-components\" class=\"border-b border-secondary-light3 lg:border-0\" data-v-3a2e2332=\"\">\n<div data-v-36134904=\"\">\n<div id=\"96\" class=\"relative flex flex-col w-full lg:flex-row-reverse bg-primary-light\" data-v-23023fea=\"\" data-v-3a2e2332=\"\">\n<div class=\"w-full lg:w-1\/2 max-h-7221 imagecomponant\" data-v-23023fea=\"\"><img decoding=\"async\" class=\"object-cover w-full h-full transition-all duration-500 lazyLoad isLoaded\" src=\"https:\/\/file.hstatic.net\/200000834019\/file\/dsc03755_48d3a3d35cd944a2adb4b0c9e314fed6.jpg\" data-v-23023fea=\"\" \/><\/div>\n<div class=\"flex flex-col w-full px-2 pt-3 pb-8 lg:relative lg:w-1\/2 product-components lg:pt-5 lg:pb-3 2xl:pt-14 2xl:pb-9 overflow-y-auto\" data-v-23023fea=\"\">\n<div class=\"product-components__details\" data-v-23023fea=\"\">\n<div class=\"descriptionthanhphan\">\n<div class=\"renderdata\">\n<p>Th\u00e0nh ph\u1ea7n ch\u00ednh<\/p>\n<p>&nbsp;<\/p>\n<p>L\u00e0m d\u1ecbu v\u00e0 nu\u00f4i d\u01b0\u1ee1ng da v\u1edbi c\u00e1c chi\u1ebft xu\u1ea5t th\u1ea3o d\u01b0\u1ee3c t\u1eeb thi\u00ean nhi\u00ean l\u00e0nh t\u00ednh<\/p>\n<p>&nbsp;<\/p>\n<p><strong>Vitis Vinifera (Grape) Seed Oil<\/strong><\/p>\n<p>\u2022 D\u1ea7u h\u1ea1t nho cung c\u1ea5p \u0111\u1ed9 \u1ea9m cho da, gi\u00fap gi\u1eef cho da m\u1ec1m m\u1ecbn v\u00e0 gi\u1ea3m thi\u1ec3u t\u00ecnh tr\u1ea1ng kh\u00f4 da.<\/p>\n<p>\u2022 D\u1ea7u h\u1ea1t nho c\u00f2n c\u00f3 \u0111\u1eb7c t\u00ednh kh\u00e1ng khu\u1ea9n, gi\u1ea3m vi\u00eam gi\u00fap ki\u1ec3m so\u00e1t t\u00ecnh tr\u1ea1ng vi\u00eam da hi\u1ec7u qu\u1ea3.<\/p>\n<p>\u2022 L\u00e0m s\u1ea1ch v\u00e0 se kh\u00edt c\u00e1c l\u1ed7 ch\u00e2n l\u00f4ng, lo\u1ea1i b\u1ecf \u0111\u1ed9c t\u1ed1 v\u00e0 ch\u1ea5t nh\u1eddn trong nang l\u00f4ng, gi\u00fap da m\u1ecbn m\u00e0ng h\u01a1n.<\/p>\n<p>\u2022 Ch\u1ed1ng oxi h\u00f3a m\u1ea1nh m\u1ebd gi\u00fap b\u1ea3o v\u1ec7 da kh\u1ecfi t\u00e1c \u0111\u1ed9ng c\u1ee7a c\u00e1c g\u1ed1c t\u1ef1 do, h\u1ed7 tr\u1ee3 ng\u0103n ch\u1eb7n qu\u00e1 tr\u00ecnh l\u00e3o h\u00f3a da v\u00e0 gi\u1eef da tr\u00f4ng t\u01b0\u01a1i tr\u1ebb h\u01a1n.<\/p>\n<p><strong>N\u01b0\u1edbc ch\u01b0ng c\u1ea5t t\u1eeb c\u00fac v\u00e0 tinh d\u1ea7u c\u00fac<\/strong><\/p>\n<p>\u2022 Hoa c\u00fac La M\u00e3 ch\u1ee9a c\u00e1c th\u00e0nh ph\u1ea7n nh\u01b0 Bisabol, Chamazulene, Apigenin c\u00f3 \u0111\u1eb7c t\u00ednh ch\u1ed1ng vi\u00eam ri\u00eang bi\u1ec7t c\u00f3 th\u1ec3 gi\u00fap \u0111i\u1ec1u tr\u1ecb c\u00e1c v\u1ea5n \u0111\u1ec1 v\u1ec1 da hi\u1ec7u qu\u1ea3.<\/p>\n<p>\u2022 C\u00fac La M\u00e3 gi\u00fap l\u00e0m d\u1ecbu da bong tr\u00f3c, \u0111\u1ecf r\u00e1t d\u01b0\u1edbi t\u00e1c \u0111\u1ed9ng c\u1ee7a k\u00edch \u1ee9ng da, ch\u00e1y n\u1eafng hay treatment qu\u00e1 li\u1ec1u, th\u00edch h\u1ee3p cho c\u1ea3 da nh\u1ea1y c\u1ea3m.<\/p>\n<p>\u2022 C\u00fac La M\u00e3 c\u00f2n c\u1ea5p \u1ea9m, l\u00e0m l\u00e0nh v\u1ebft th\u01b0\u01a1ng, t\u00e1i t\u1ea1o t\u1ebf b\u00e0o v\u00f4 c\u00f9ng nhanh ch\u00f3ng, t\u0103ng \u0111\u1ec1 kh\u00e1ng c\u1ee7a t\u1ebf b\u00e0o da.<\/p>\n<p>\u2022 B\u00ean c\u1ea1nh \u0111\u00f3, Chi\u1ebft xu\u1ea5t c\u00fac La M\u00e3 ch\u1ee9a \u0111\u1eb7c t\u00ednh ch\u1ed1ng oxy h\u00f3a gi\u00fap b\u1ea3o v\u1ec7 da kh\u1ecfi s\u1ef1 l\u00e3o h\u00f3a.<\/p>\n<p><strong>Saccharide Isomerate<\/strong><\/p>\n<p>Saccharide Isomerate gi\u00fap cung c\u1ea5p d\u01b0\u1ee1ng \u1ea9m s\u00e2u \u0111\u1ebfn 72h, c\u1ea3i thi\u1ec7n hi\u1ec7u qu\u1ea3 t\u00ecnh tr\u1ea1ng bong tr\u00f3c, \u0111em l\u1ea1i l\u00e0n da m\u1ec1m m\u1ea1i v\u00e0 c\u0103ng b\u00f3ng.<\/p>\n<p><strong>Panthenol (Vitamin B5)<\/strong><\/p>\n<p>\u2022 Panthenol gi\u00fap l\u00e0m gi\u1ea3m thi\u1ec3u c\u00e1c k\u00edch \u1ee9ng v\u00e0 l\u00e0m d\u1ecbu da th\u00f4ng qua vi\u1ec7c c\u1ee7ng c\u1ed1 v\u00e0 duy tr\u00ec h\u00e0ng r\u00e0o b\u1ea3o v\u1ec7 da c\u0169ng nh\u01b0 gi\u1ea3m c\u00e1c tri\u1ec7u ch\u1ee9ng vi\u00eam.<\/p>\n<p>\u2022 Ngo\u00e0i ra Panthenol \u0111\u00e3 \u0111\u01b0\u1ee3c ch\u1ee9ng minh gi\u00fap th\u00fac \u0111\u1ea9y s\u1ef1 t\u0103ng sinh c\u00e1c nguy\u00ean b\u00e0o s\u1ee3i trong l\u1edbp trung b\u00ec, gi\u00fap ch\u1ed1ng l\u00e3o ho\u00e1, ng\u0103n ng\u1eeba n\u1ebfp nh\u0103n.<\/p>\n<p>&nbsp;<\/p>\n<p>S\u1eefa d\u01b0\u1ee1ng s\u1eed d\u1ee5ng h\u1ec7 b\u1ea3o qu\u1ea3n t\u1ef1 nhi\u00ean<\/p>\n<p>&nbsp;<\/p>\n<p>\u2022 Phenethyl Alcohol \u2013 Chi\u1ebft xu\u1ea5t t\u1eeb Hoa h\u1ed3ng v\u00e0 Hoa C\u1ea9m Ch\u01b0\u1edbng.<\/p>\n<p>\u2022 Caprylhydroxamic Acid \u2013 Chi\u1ebft xu\u1ea5t t\u1eeb d\u1eeba.<\/p>\n<p>Hai h\u1ee3p ch\u1ea5t v\u1edbi ngu\u1ed3n g\u1ed1c t\u1eeb thi\u00ean nhi\u00ean c\u00f3 kh\u1ea3 n\u0103ng \u1ee9c ch\u1ebf s\u1ef1 ph\u00e1t tri\u1ec3n c\u1ee7a vi khu\u1ea9n v\u00e0 vi sinh v\u1eadt kh\u00e1c gi\u00fap b\u1ea3o qu\u1ea3n s\u1ea3n ph\u1ea9m hi\u1ec7u qu\u1ea3 m\u00e0 kh\u00f4ng g\u00e2y k\u00edch \u1ee9ng da, kh\u00f4ng \u1ea3nh h\u01b0\u1edfng \u0111\u1ebfn s\u1ee9c kh\u1ecfe c\u1ee7a ng\u01b0\u1eddi s\u1eed d\u1ee5ng.<\/p>\n<p>&nbsp;<\/p>\n<p>S\u1eefa d\u01b0\u1ee1ng s\u1eed d\u1ee5ng m\u00f9i h\u01b0\u01a1ng t\u1ef1 nhi\u00ean t\u1eeb tinh d\u1ea7u C\u00fac La M\u00e3<\/p>\n<p>&nbsp;<\/p>\n<p>M\u00f9i h\u01b0\u01a1ng t\u1eeb C\u00fac La M\u00e3 mang l\u1ea1i m\u1ed9t lo\u1ea1i h\u01b0\u01a1ng th\u01a1m nh\u1eb9 nh\u00e0ng, d\u1ecbu d\u00e0ng v\u00e0 tinh t\u1ebf gi\u00fap th\u01b0 gi\u00e3n v\u00e0 l\u00e0m d\u1ecbu tinh th\u1ea7n, t\u1ea1o c\u1ea3m gi\u00e1c tho\u1ea3i m\u00e1i v\u00e0 d\u1ec5 ch\u1ecbu khi s\u1eed d\u1ee5ng s\u1ea3n ph\u1ea9m.<\/p>\n<p>&nbsp;<\/p>\n<\/div>\n<\/div>\n<p><span class=\"items-center xemthanhphanchitiet n mt-1 text-sm font-bold cursor-pointer lg:flex\" data-v-23023fea=\"\">Xem th\u00e0nh ph\u1ea7n chi ti\u1ebft<\/span><\/p>\n<\/div>\n<\/div>\n<\/div>\n<\/div>\n<\/div>\n<div class=\"border-b border-secondary-light3 lg:border-0\" data-v-3a2e2332=\"\">\n<div class=\"hrvproduct-tabs\"><\/div>\n<div class=\"inforange\">\n<div data-v-36134904=\"\">\n<div id=\"113\" class=\"flex hasvideox flex-col w-full bg-opacity-25 lg:flex-row bg-secondary-light3\" data-v-6a3742cd=\"\" data-v-3a2e2332=\"\">\n<div class=\"w-full lg:w-1\/2 max-h-72\" data-v-6a3742cd=\"\"><img decoding=\"async\" src=\"https:\/\/file.hstatic.net\/200000834019\/file\/emulsion_10562971a55a4cf086c6b0e1c6b368b4.jpg\" \/><\/div>\n<div class=\"flex flex-col w-full px-2 py-3 usage lg:w-1\/2 lg:py-5 2xl:py-12 lg:overflow-y-auto lg:max-h-72\" data-v-6a3742cd=\"\">\n<p>&nbsp;<\/p>\n<table border=\"1\">\n<tbody>\n<tr>\n<td>&nbsp;<\/p>\n<p>&nbsp;<\/p>\n<p>Ti\u00eau ch\u00ed &#8220;13 kh\u00f4ng&#8221; xuy\u00ean su\u1ed1t trong h\u1ec7 s\u1ea3n ph\u1ea9m<\/p>\n<p>&nbsp;<\/p>\n<p><strong>KH\u00d4NG CH\u1ee8A<\/strong><\/p>\n<p>\u2022 D\u1ea7u kho\u00e1ng H\u01b0\u01a1ng li\u1ec7u t\u1ed1ng h\u1ee3p Ch\u1ea5t t\u1ea1o m\u00e0u ho\u00e1 h\u1ecdc.<\/p>\n<p>\u2022 Nguy\u00ean li\u1ec7u c\u00f3 ngu\u1ed3n g\u1ed1c t\u1eeb \u0111\u1ed9ng v\u1eadt.<\/p>\n<p>\u2022 Ch\u1ea5t l\u00e0m s\u1ea1ch g\u1ed1c Sulfates: SLS, SLES.<\/p>\n<p>\u2022 MEA\/DEA\/TEA<\/p>\n<p>\u2022 Phthalates<\/p>\n<p>\u2022 Ch\u1ea5t b\u1ea3o qu\u1ea3n t\u1ed5ng h\u1ee3p (Paraben, Phenoxyethanol\u2026)<\/p>\n<p>\u2022 Kh\u00f4ng ch\u1ee9a c\u1ed3n.<\/p>\n<p>\u2022 Silicone<\/p>\n<p>\u2022 S\u1eed d\u1ee5ng c\u00e1c ch\u1ea5t t\u1ea1o \u0111\u1eb7c\/nh\u0169 ho\u00e1 t\u1ed5ng h\u1ee3p (Carbomer, Polymer, Glyceryl Stearate, Cetearyl Alcohol).<\/p>\n<p>\u2022 EDTA<\/td>\n<\/tr>\n<\/tbody>\n<\/table>\n<p>&nbsp;<\/p>\n<\/div>\n<\/div>\n<\/div>\n<\/div>\n<div class=\"inforange\">\n<div data-v-36134904=\"\">\n<div id=\"113\" class=\"flex hasvideox revever flex-col w-full bg-opacity-25 lg:flex-row bg-secondary-light3\" data-v-6a3742cd=\"\" data-v-3a2e2332=\"\">\n<div class=\"w-full lg:w-1\/2 max-h-72\" data-v-6a3742cd=\"\"><img decoding=\"async\" src=\"https:\/\/file.hstatic.net\/200000834019\/file\/dsc03584_ef2f1d05ca474e2498878776ebabf644.jpeg\" \/><\/div>\n<div class=\"flex flex-col w-full px-2 py-3 usage lg:w-1\/2 lg:py-5 2xl:py-12 lg:overflow-y-auto lg:max-h-72\" data-v-6a3742cd=\"\">\n<p>&nbsp;<\/p>\n<table border=\"1\">\n<tbody>\n<tr>\n<td>H\u01b0\u1edbng d\u1eabn s\u1eed d\u1ee5ng<\/p>\n<p>&nbsp;<\/p>\n<p>\u00bb S\u1eed d\u1ee5ng lotion\u00a0sau khi \u0111\u00e3 l\u00e0m s\u1ea1ch v\u00e0 c\u00e2n b\u1eb1ng da v\u1edbi toner, ho\u1eb7c s\u1eed d\u00f9ng sau khi d\u00f9ng serum (n\u1ebfu c\u00f3).<\/p>\n<p>\u00bb Cho 2-3 gi\u1ecdt\u00a0l\u00ean m\u1eb7t, thoa \u0111\u1ec1u v\u00e0 massage nh\u1eb9 nh\u00e0ng \u0111\u1ec3 d\u01b0\u1ee1ng ch\u1ea5t th\u1ea5m \u0111\u1ec1u v\u00e0o da.<\/p>\n<p>\u00bb \u0110\u1ee3i kho\u1ea3ng 2-3 ph\u00fat cho s\u1ea3n ph\u1ea9m th\u1ea9m th\u1ea5u h\u1ebft v\u00e0 ti\u1ebfp t\u1ee5c c\u00e1c b\u01b0\u1edbc d\u01b0\u1ee1ng da ti\u1ebfp theo.<\/p>\n<p>\u00bb D\u00f9ng hai l\u1ea7n m\u1ed7i ng\u00e0y s\u00e1ng v\u00e0 t\u1ed1i \u0111\u1ec3 \u0111\u1ea1t hi\u1ec7u qu\u1ea3 t\u1ed1t nh\u1ea5t.<\/p>\n<p>&nbsp;<\/p>\n<hr \/>\n<p>&nbsp;<\/p>\n<p>Ch\u00fa \u00fd s\u1eed d\u1ee5ng<\/p>\n<p>\u2a2f Kh\u00f4ng b\u00f4i v\u00e0o v\u1ebft th\u01b0\u01a1ng h\u1edf, kh\u00f4ng s\u1eed d\u1ee5ng khi d\u1ecb \u1ee9ng\/ k\u00edch \u1ee9ng v\u1edbi c\u00e1c th\u00e0nh ph\u1ea7n c\u1ee7a s\u1ea3n ph\u1ea9m.<\/p>\n<p>&nbsp;<\/p>\n<hr \/>\n<p>&nbsp;<\/p>\n<p>H\u1ea1n s\u1eed d\u1ee5ng<\/p>\n<p>\u00bb 18 th\u00e1ng k\u1ec3 t\u1eeb ng\u00e0y s\u1ea3n xu\u1ea5t.<\/p>\n<p>\u00bb 06 th\u00e1ng k\u1ec3 t\u1eeb khi m\u1edf n\u1eafp.<\/td>\n<\/tr>\n<\/tbody>\n<\/table>\n<\/div>\n<\/div>\n<\/div>\n<\/div>\n<\/div>\n","protected":false},"excerpt":{"rendered":"<div class=\"desc0 text-sm lg:text-base mt-8px lg:mt-1.5 product-description text-typo-heading\">\n<p>S\u1eefa d\u01b0\u1ee1ng c\u1ea5p \u1ea9m v\u00e0 l\u00e0m d\u1ecbu da v\u1edbi c\u00e1c ho\u1ea1t ch\u1ea5t gi\u00e0u kh\u1ea3 n\u0103ng c\u1ea5p \u1ea9m, l\u00e0m d\u1ecbu, gi\u1ea3m vi\u00eam nh\u01b0 d\u1ea7u h\u1ea1t Nho, n\u01b0\u1edbc ch\u01b0ng c\u1ea5t t\u1eeb C\u00fac, Panthenol, \u2026 v\u00e0 c\u00e1c chi\u1ebft nh\u01b0 chi\u1ebft xu\u1ea5t \u1ed4i, Tr\u00e0 Xanh, L\u00e1 Sen, Hoa H\u1ed3ng. Nh\u1edd \u0111\u00f3, s\u1eefa d\u01b0\u1ee1ng gi\u00fap cung c\u1ea5p \u0111\u1ed9 \u1ea9m m\u1ed9t c\u00e1ch d\u1ed3i d\u00e0o; gi\u1ea3m vi\u00eam, l\u00e0m d\u1ecbu da hi\u1ec7u qu\u1ea3; nu\u00f4i d\u01b0\u1ee1ng v\u00e0 b\u1ea3o v\u1ec7 da nh\u01b0ng v\u1eabn \u0111\u1ea3m b\u1ea3o an to\u00e0n, kh\u00f4ng g\u00e2y nh\u1eddn r\u00edt, kh\u00f3 ch\u1ecbu khi thoa.<\/p>\n<p>&nbsp;<\/p>\n<\/div>\n<div class=\"desc2 flex flex-col\" data-v-95dfa95a=\"\">\n<div class=\"contentinfo3\">\n<hr \/>\n<p>&nbsp;<\/p>\n<p>\u0110\u1eb7c \u0111i\u1ec3m n\u1ed5i b\u1eadt<\/p>\n<p>\u2713\u00a0Th\u00edch h\u1ee3p v\u1edbi m\u1ecdi lo\u1ea1i da, \u0111\u1eb7c bi\u1ec7t v\u1edbi l\u00e0n da m\u1ecfng, y\u1ebfu, nh\u1ea1y c\u1ea3m.<\/p>\n<p>\u2713\u00a0Th\u1ec3 ch\u1ea5t lotion\u00a0m\u1ecfng nh\u1eb9, d\u1ec5 d\u00e0ng th\u1ea9m th\u1ea5u, kh\u00f4ng nh\u1eddn r\u00edt sau khi b\u00f4i.<\/p>\n<p>\u2713\u00a0Nguy\u00ean li\u1ec7u thi\u00ean nhi\u00ean an to\u00e0n, th\u00e2n thi\u1ec7n v\u1edbi da, kh\u00f4ng g\u00e2y b\u00edt t\u1eafc l\u1ed7 ch\u00e2n l\u00f4ng.<\/p>\n<p>\u2713\u00a0An to\u00e0n cho m\u1eb9 b\u1ea7u, cho con b\u00fa v\u00e0 tr\u1ebb d\u1eady th\u00ec.<\/p>\n<\/div>\n<\/div>\n","protected":false},"featured_media":391,"comment_status":"open","ping_status":"closed","template":"","meta":{"site-sidebar-layout":"default","site-content-layout":"","ast-site-content-layout":"default","site-content-style":"default","site-sidebar-style":"default","ast-global-header-display":"","ast-banner-title-visibility":"","ast-main-header-display":"","ast-hfb-above-header-display":"","ast-hfb-below-header-display":"","ast-hfb-mobile-header-display":"","site-post-title":"","ast-breadcrumbs-content":"","ast-featured-img":"","footer-sml-layout":"","theme-transparent-header-meta":"default","adv-header-id-meta":"","stick-header-meta":"","header-above-stick-meta":"","header-main-stick-meta":"","header-below-stick-meta":"","astra-migrate-meta-layouts":"set","ast-page-background-enabled":"default","ast-page-background-meta":{"desktop":{"background-color":"var(--ast-global-color-5)","background-image":"","background-repeat":"repeat","background-position":"center center","background-size":"auto","background-attachment":"scroll","background-type":"","background-media":"","overlay-type":"","overlay-color":"","overlay-opacity":"","overlay-gradient":""},"tablet":{"background-color":"","background-image":"","background-repeat":"repeat","background-position":"center center","background-size":"auto","background-attachment":"scroll","background-type":"","background-media":"","overlay-type":"","overlay-color":"","overlay-opacity":"","overlay-gradient":""},"mobile":{"background-color":"","background-image":"","background-repeat":"repeat","background-position":"center center","background-size":"auto","background-attachment":"scroll","background-type":"","background-media":"","overlay-type":"","overlay-color":"","overlay-opacity":"","overlay-gradient":""}},"ast-content-background-meta":{"desktop":{"background-color":"var(--ast-global-color-4)","background-image":"","background-repeat":"repeat","background-position":"center center","background-size":"auto","background-attachment":"scroll","background-type":"","background-media":"","overlay-type":"","overlay-color":"","overlay-opacity":"","overlay-gradient":""},"tablet":{"background-color":"var(--ast-global-color-4)","background-image":"","background-repeat":"repeat","background-position":"center center","background-size":"auto","background-attachment":"scroll","background-type":"","background-media":"","overlay-type":"","overlay-color":"","overlay-opacity":"","overlay-gradient":""},"mobile":{"background-color":"var(--ast-global-color-4)","background-image":"","background-repeat":"repeat","background-position":"center center","background-size":"auto","background-attachment":"scroll","background-type":"","background-media":"","overlay-type":"","overlay-color":"","overlay-opacity":"","overlay-gradient":""}}},"product_brand":[23],"product_cat":[18,24,19,17,21],"product_tag":[],"class_list":{"0":"post-337","1":"product","2":"type-product","3":"status-publish","4":"has-post-thumbnail","6":"product_brand-skinsolve","7":"product_cat-cham-soc-da-mat","8":"product_cat-chong-lao-hoa","9":"product_cat-duong-da","10":"product_cat-my-pham","11":"product_cat-skinsolve","12":"desktop-align-left","13":"tablet-align-left","14":"mobile-align-left","16":"first","17":"instock","18":"taxable","19":"shipping-taxable","20":"purchasable","21":"product-type-simple"},"_links":{"self":[{"href":"https:\/\/omewa.online\/index.php\/wp-json\/wp\/v2\/product\/337","targetHints":{"allow":["GET"]}}],"collection":[{"href":"https:\/\/omewa.online\/index.php\/wp-json\/wp\/v2\/product"}],"about":[{"href":"https:\/\/omewa.online\/index.php\/wp-json\/wp\/v2\/types\/product"}],"replies":[{"embeddable":true,"href":"https:\/\/omewa.online\/index.php\/wp-json\/wp\/v2\/comments?post=337"}],"wp:featuredmedia":[{"embeddable":true,"href":"https:\/\/omewa.online\/index.php\/wp-json\/wp\/v2\/media\/391"}],"wp:attachment":[{"href":"https:\/\/omewa.online\/index.php\/wp-json\/wp\/v2\/media?parent=337"}],"wp:term":[{"taxonomy":"product_brand","embeddable":true,"href":"https:\/\/omewa.online\/index.php\/wp-json\/wp\/v2\/product_brand?post=337"},{"taxonomy":"product_cat","embeddable":true,"href":"https:\/\/omewa.online\/index.php\/wp-json\/wp\/v2\/product_cat?post=337"},{"taxonomy":"product_tag","embeddable":true,"href":"https:\/\/omewa.online\/index.php\/wp-json\/wp\/v2\/product_tag?post=337"}],"curies":[{"name":"wp","href":"https:\/\/api.w.org\/{rel}","templated":true}]}}