{"id":336,"date":"2025-11-01T18:09:38","date_gmt":"2025-11-01T18:09:38","guid":{"rendered":"https:\/\/omewa.online\/?post_type=product&#038;p=336"},"modified":"2026-03-19T14:04:55","modified_gmt":"2026-03-19T14:04:55","slug":"tinh-chat-cap-am-lam-diu-da-tu-cuc-la-ma-30-ml-skin-calming-light-serum-chamomile","status":"publish","type":"product","link":"https:\/\/omewa.online\/index.php\/product\/tinh-chat-cap-am-lam-diu-da-tu-cuc-la-ma-30-ml-skin-calming-light-serum-chamomile\/","title":{"rendered":"Tinh ch\u1ea5t c\u1ea5p \u1ea9m &#038; l\u00e0m d\u1ecbu da t\u1eeb C\u00fac La M\u00e3 30 ml &#8211; Skin Calming Light Serum (Chamomile)"},"content":{"rendered":"<div class=\"border-b border-secondary-light3 lg:border-0\" data-v-3a2e2332=\"\">\n<div data-v-36134904=\"\">\n<div id=\"96\" class=\"flex flex-col w-full h-full bg-opacity-25 lg:flex-row bg-secondary-light3\" data-v-475c5dca=\"\" data-v-3a2e2332=\"\">\n<div class=\"w-full lg:w-1\/2 theimageinfo1\"><img decoding=\"async\" class=\"object-cover object-center w-full transition-all duration-300 lazyLoad isLoaded\" src=\"https:\/\/file.hstatic.net\/200000834019\/file\/cuc_e8c074d9870b43699cb854f04d0d1675.jpg\" data-v-475c5dca=\"\" \/><\/div>\n<div id=\"DepthDetail\" class=\"flex flex-col w-full px-2 py-3 lg:py-12 lg:w-1\/2 additional-information actived\" data-v-475c5dca=\"\">\n<div class=\"flex flex-col text-lg font-normal lg:text-3xl lg:leading-10 font-vollkorn text-primary-dark\" data-v-475c5dca=\"\">\n<div class=\"overflow-hidden overflow-ellipsis line-clamp-5 line-clamp-none\">\n<div class=\"contentinfotable2\">\n<p>T\u1eeb h\u00e0ng ng\u00e0n n\u0103m tr\u01b0\u1edbc, hoa c\u00fac La M\u00e3 \u0111\u00e3 \u0111\u01b0\u1ee3c s\u1eed d\u1ee5ng ph\u1ed5 bi\u1ebfn trong y h\u1ecdc, h\u01b0\u01a1ng th\u01a1m v\u00e0 \u0111\u1ed3 u\u1ed1ng, \u2026. V\u1ec1 ph\u01b0\u01a1ng di\u1ec7n l\u00e0m \u0111\u1eb9p, hoa C\u00fac La M\u00e3 tr\u1edf th\u00e0nh m\u1ed9t ph\u01b0\u01a1ng ph\u00e1p quan tr\u1ecdng trong \u0111i\u1ec1u tr\u1ecb c\u00e1c b\u1ec7nh ngo\u00e0i da nh\u01b0 vi\u00eam da, d\u1ecb \u1ee9ng, ch\u00e0m, &#8230;<\/p>\n<p>Hi\u1ec7n nay, nh\u1edd v\u00e0o c\u00e1c nghi\u00ean c\u1ee9u \u0111\u00e3 ch\u1ee9ng minh r\u1eb1ng chi\u1ebft xu\u1ea5t hoa c\u00fac La M\u00e3, ch\u1ee9a nhi\u1ec1u th\u00e0nh ph\u1ea7n ch\u1ed1ng vi\u00eam nh\u01b0 Bisabolol v\u00e0 Chamazulene c\u00f9ng Vitamin B, &#8230; v\u1edbi kh\u1ea3 n\u0103ng l\u00e0m d\u1ecbu da hi\u1ec7u qu\u1ea3, gi\u00fap da nhanh ch\u00f3ng ph\u1ee5c h\u1ed3i, c\u00e2n b\u1eb1ng v\u00e0 gi\u1ea3m thi\u1ec3u c\u00e1c v\u1ea5n \u0111\u1ec1 v\u1ec1 vi\u00eam \u0111\u1ecf, nh\u1ea1y c\u1ea3m, k\u00edch \u1ee9ng. Ngo\u00e0i ra, Polyphenol v\u00e0 Phytochemical trong chi\u1ebft xu\u1ea5t c\u00f2n gi\u00fap t\u0103ng c\u01b0\u1eddng t\u1ed1c \u0111\u1ed9 t\u00e1i t\u1ea1o t\u1ebf b\u00e0o, l\u00e0m l\u00e0nh t\u1ed5n th\u01b0\u01a1ng v\u00e0 b\u1ea3o v\u1ec7 da kh\u1ecfi c\u00e1c t\u00e1c nh\u00e2n g\u00e2y h\u1ea1i m\u1ed9t c\u00e1ch hi\u1ec7u qu\u1ea3. Nh\u1edd \u0111\u00f3, chi\u1ebft xu\u1ea5t hoa C\u00fac La M\u00e3 l\u00e0 m\u1ed9t ngu\u1ed3n d\u01b0\u1ee1ng ch\u1ea5t qu\u00fd gi\u00e1 cho l\u00e0n da, l\u00e0 m\u1ed9t gi\u1ea3i ph\u00e1p t\u1ef1 nhi\u00ean v\u00e0 hi\u1ec7u qu\u1ea3 trong vi\u1ec7c nu\u00f4i d\u01b0\u1ee1ng v\u00e0 b\u1ea3o v\u1ec7 nh\u1eefng l\u00e0n da nh\u1ea1y c\u1ea3m, k\u00edch \u1ee9ng.<\/p>\n<\/div>\n<\/div>\n<\/div>\n<hr class=\"my-2 lg:my-3\" data-v-475c5dca=\"\" \/>\n<div class=\"flex flex-col lg:flex-row lg:0 flexbrhand\" data-v-475c5dca=\"\">\n<div class=\"flex colinfo2cot1 flex-col flex-1 text-sm font-normal lg:text-base text-typo-body font-nunito\" data-v-475c5dca=\"\">\n<p>C\u00f4ng d\u1ee5ng<\/p>\n<p>&nbsp;<\/p>\n<p>\u2713 D\u01b0\u1ee1ng \u1ea9m s\u00e2u cho da v\u1edbi c\u00e1c ho\u1ea1t ch\u1ea5t d\u01b0\u1ee1ng \u1ea9m \u0111a t\u1ea7ng.<\/p>\n<p>\u2713 L\u00e0m d\u1ecbu da bong tr\u00f3c, \u0111\u1ecf r\u00e1t, k\u00edch \u1ee9ng da, ch\u00e1y n\u1eafng hay treatment qu\u00e1 li\u1ec1u.<\/p>\n<p>\u2713 H\u1ed7 tr\u1ee3 kh\u00e1ng khu\u1ea9n, kh\u00e1ng vi\u00eam.<\/p>\n<\/div>\n<div class=\"flex colinfo2cot2 flex-col flex-1 text-sm font-normal lg:text-base text-typo-body font-nunito mt-2 lg:mt-0 lg:ml-3\" data-v-475c5dca=\"\">\n<p>D\u00e0nh cho<\/p>\n<p>\u2713 Da m\u1ecfng, y\u1ebfu, nh\u1ea1y c\u1ea3m.<\/p>\n<p>\u2713 Da k\u00edch \u1ee9ng ho\u1eb7c s\u1eed d\u1ee5ng treatment qu\u00e1 li\u1ec1u.<\/p>\n<p>&nbsp;<\/p>\n<\/div>\n<\/div>\n<\/div>\n<\/div>\n<\/div>\n<\/div>\n<div id=\"product-components\" class=\"border-b border-secondary-light3 lg:border-0\" data-v-3a2e2332=\"\">\n<div data-v-36134904=\"\">\n<div id=\"96\" class=\"relative flex flex-col w-full lg:flex-row-reverse bg-primary-light\" data-v-23023fea=\"\" data-v-3a2e2332=\"\">\n<div class=\"w-full lg:w-1\/2 max-h-7221 imagecomponant\" data-v-23023fea=\"\"><img decoding=\"async\" class=\"object-cover w-full h-full transition-all duration-500 lazyLoad isLoaded\" src=\"https:\/\/file.hstatic.net\/200000834019\/file\/serum-cuc_d964f60759e44b2495ca5a381d161122.png\" data-v-23023fea=\"\" \/><\/div>\n<div class=\"flex flex-col w-full px-2 pt-3 pb-8 lg:relative lg:w-1\/2 product-components lg:pt-5 lg:pb-3 2xl:pt-14 2xl:pb-9 overflow-y-auto\" data-v-23023fea=\"\">\n<div class=\"product-components__details\" data-v-23023fea=\"\">\n<div class=\"descriptionthanhphan\">\n<div class=\"renderdata\">\n<p>Th\u00e0nh ph\u1ea7n ch\u00ednh<\/p>\n<p>&nbsp;<\/p>\n<p><strong>N\u01b0\u1edbc ch\u01b0ng c\u1ea5t t\u1eeb c\u00fac v\u00e0 tinh d\u1ea7u c\u00fac<\/strong><\/p>\n<p>\u2022 Hoa c\u00fac La M\u00e3 ch\u1ee9a c\u00e1c th\u00e0nh ph\u1ea7n nh\u01b0 Bisabol, Chamazulene, Apigenin c\u00f3 \u0111\u1eb7c t\u00ednh ch\u1ed1ng vi\u00eam ri\u00eang bi\u1ec7t c\u00f3 th\u1ec3 gi\u00fap \u0111i\u1ec1u tr\u1ecb c\u00e1c v\u1ea5n \u0111\u1ec1 v\u1ec1 da hi\u1ec7u qu\u1ea3.<\/p>\n<p>\u2022 C\u00fac La M\u00e3 gi\u00fap l\u00e0m d\u1ecbu da bong tr\u00f3c, \u0111\u1ecf r\u00e1t d\u01b0\u1edbi t\u00e1c \u0111\u1ed9ng c\u1ee7a k\u00edch \u1ee9ng da, ch\u00e1y n\u1eafng hay treatment qu\u00e1 li\u1ec1u, th\u00edch h\u1ee3p cho c\u1ea3 da nh\u1ea1y c\u1ea3m.<\/p>\n<p>\u2022 C\u00fac La M\u00e3 c\u00f2n c\u1ea5p \u1ea9m, l\u00e0m l\u00e0nh v\u1ebft th\u01b0\u01a1ng, t\u00e1i t\u1ea1o t\u1ebf b\u00e0o v\u00f4 c\u00f9ng nhanh ch\u00f3ng, t\u0103ng \u0111\u1ec1 kh\u00e1ng c\u1ee7a t\u1ebf b\u00e0o da.<\/p>\n<p>\u2022 B\u00ean c\u1ea1nh \u0111\u00f3, Chi\u1ebft xu\u1ea5t c\u00fac La M\u00e3 ch\u1ee9a \u0111\u1eb7c t\u00ednh ch\u1ed1ng oxy h\u00f3a gi\u00fap b\u1ea3o v\u1ec7 da kh\u1ecfi s\u1ef1 l\u00e3o h\u00f3a.<\/p>\n<p><strong>Saccharide Isomerate<\/strong><\/p>\n<p>Saccharide Isomerate gi\u00fap cung c\u1ea5p d\u01b0\u1ee1ng \u1ea9m s\u00e2u \u0111\u1ebfn 72h, c\u1ea3i thi\u1ec7n hi\u1ec7u qu\u1ea3 t\u00ecnh tr\u1ea1ng bong tr\u00f3c, \u0111em l\u1ea1i l\u00e0n da m\u1ec1m m\u1ea1i v\u00e0 c\u0103ng b\u00f3ng.<\/p>\n<\/div>\n<\/div>\n<\/div>\n<\/div>\n<\/div>\n<\/div>\n<\/div>\n","protected":false},"excerpt":{"rendered":"<div class=\"desc0 text-sm lg:text-base mt-8px lg:mt-1.5 product-description text-typo-heading\">\n<div class=\"desc0 text-sm lg:text-base mt-8px lg:mt-1.5 product-description text-typo-heading\">\n<p>Tinh ch\u1ea5t c\u1ea5p \u1ea9m v\u00e0 l\u00e0m d\u1ecbu da \u0111\u01b0\u1ee3c t\u1ea1o th\u00e0nh t\u1eeb c\u00e1c ho\u1ea1t ch\u1ea5t chuy\u00ean d\u00e0nh cho l\u00e0n da nh\u1ea1y c\u1ea3m, k\u00edch \u1ee9ng nh\u01b0 n\u01b0\u1edbc ch\u01b0ng c\u1ea5t t\u1eeb C\u00fac, chi\u1ebft xu\u1ea5t C\u00fac La M\u00e3, HA, NAG, Panthenol, \u2026 gi\u00fap c\u1ea5p \u1ea9m s\u00e2u, gi\u1ea3m vi\u00eam, nu\u00f4i d\u01b0\u1ee1ng \u0111a t\u1ea7ng gi\u00fap l\u00e0m d\u1ecbu, t\u00e1i t\u1ea1o v\u00e0 ph\u1ee5c h\u1ed3i nh\u1eefng l\u00e0n da b\u1ecb t\u1ed5n th\u01b0\u01a1ng, nh\u1ea1y c\u1ea3m.<\/p>\n<p>&nbsp;<\/p>\n<\/div>\n<div class=\"desc2 flex flex-col\" data-v-95dfa95a=\"\">\n<div class=\"contentinfo3\">\n<p>&nbsp;<\/p>\n<p>&nbsp;<\/p>\n<hr \/>\n<p>&nbsp;<\/p>\n<p>\u0110\u1eb7c \u0111i\u1ec3m n\u1ed5i b\u1eadt<\/p>\n<p>\u2713\u00a0Th\u1ec3 ch\u1ea5t serum m\u1ecfng nh\u1eb9, d\u1ec5 d\u00e0ng th\u1ea9m th\u1ea5u, kh\u00f4ng nh\u1eddn r\u00edt sau khi b\u00f4i.<\/p>\n<p>\u2713\u00a0Nguy\u00ean li\u1ec7u thi\u00ean nhi\u00ean an to\u00e0n, th\u00e2n thi\u1ec7n v\u1edbi da, kh\u00f4ng g\u00e2y b\u00edt t\u1eafc l\u1ed7 ch\u00e2n l\u00f4ng.<\/p>\n<p>\u2713\u00a0An to\u00e0n cho m\u1eb9 b\u1ea7u, cho con b\u00fa v\u00e0 tr\u1ebb d\u1eady th\u00ec.<\/p>\n<\/div>\n<\/div>\n<\/div>\n","protected":false},"featured_media":388,"comment_status":"open","ping_status":"closed","template":"","meta":{"site-sidebar-layout":"default","site-content-layout":"","ast-site-content-layout":"default","site-content-style":"default","site-sidebar-style":"default","ast-global-header-display":"","ast-banner-title-visibility":"","ast-main-header-display":"","ast-hfb-above-header-display":"","ast-hfb-below-header-display":"","ast-hfb-mobile-header-display":"","site-post-title":"","ast-breadcrumbs-content":"","ast-featured-img":"","footer-sml-layout":"","theme-transparent-header-meta":"","adv-header-id-meta":"","stick-header-meta":"","header-above-stick-meta":"","header-main-stick-meta":"","header-below-stick-meta":"","astra-migrate-meta-layouts":"default","ast-page-background-enabled":"default","ast-page-background-meta":{"desktop":{"background-color":"var(--ast-global-color-5)","background-image":"","background-repeat":"repeat","background-position":"center center","background-size":"auto","background-attachment":"scroll","background-type":"","background-media":"","overlay-type":"","overlay-color":"","overlay-opacity":"","overlay-gradient":""},"tablet":{"background-color":"","background-image":"","background-repeat":"repeat","background-position":"center center","background-size":"auto","background-attachment":"scroll","background-type":"","background-media":"","overlay-type":"","overlay-color":"","overlay-opacity":"","overlay-gradient":""},"mobile":{"background-color":"","background-image":"","background-repeat":"repeat","background-position":"center center","background-size":"auto","background-attachment":"scroll","background-type":"","background-media":"","overlay-type":"","overlay-color":"","overlay-opacity":"","overlay-gradient":""}},"ast-content-background-meta":{"desktop":{"background-color":"var(--ast-global-color-4)","background-image":"","background-repeat":"repeat","background-position":"center center","background-size":"auto","background-attachment":"scroll","background-type":"","background-media":"","overlay-type":"","overlay-color":"","overlay-opacity":"","overlay-gradient":""},"tablet":{"background-color":"var(--ast-global-color-4)","background-image":"","background-repeat":"repeat","background-position":"center center","background-size":"auto","background-attachment":"scroll","background-type":"","background-media":"","overlay-type":"","overlay-color":"","overlay-opacity":"","overlay-gradient":""},"mobile":{"background-color":"var(--ast-global-color-4)","background-image":"","background-repeat":"repeat","background-position":"center center","background-size":"auto","background-attachment":"scroll","background-type":"","background-media":"","overlay-type":"","overlay-color":"","overlay-opacity":"","overlay-gradient":""}}},"product_brand":[23],"product_cat":[18,24,19,17,21],"product_tag":[],"class_list":{"0":"post-336","1":"product","2":"type-product","3":"status-publish","4":"has-post-thumbnail","6":"product_brand-skinsolve","7":"product_cat-cham-soc-da-mat","8":"product_cat-chong-lao-hoa","9":"product_cat-duong-da","10":"product_cat-my-pham","11":"product_cat-skinsolve","12":"desktop-align-left","13":"tablet-align-left","14":"mobile-align-left","16":"first","17":"instock","18":"taxable","19":"shipping-taxable","20":"purchasable","21":"product-type-simple"},"_links":{"self":[{"href":"https:\/\/omewa.online\/index.php\/wp-json\/wp\/v2\/product\/336","targetHints":{"allow":["GET"]}}],"collection":[{"href":"https:\/\/omewa.online\/index.php\/wp-json\/wp\/v2\/product"}],"about":[{"href":"https:\/\/omewa.online\/index.php\/wp-json\/wp\/v2\/types\/product"}],"replies":[{"embeddable":true,"href":"https:\/\/omewa.online\/index.php\/wp-json\/wp\/v2\/comments?post=336"}],"wp:featuredmedia":[{"embeddable":true,"href":"https:\/\/omewa.online\/index.php\/wp-json\/wp\/v2\/media\/388"}],"wp:attachment":[{"href":"https:\/\/omewa.online\/index.php\/wp-json\/wp\/v2\/media?parent=336"}],"wp:term":[{"taxonomy":"product_brand","embeddable":true,"href":"https:\/\/omewa.online\/index.php\/wp-json\/wp\/v2\/product_brand?post=336"},{"taxonomy":"product_cat","embeddable":true,"href":"https:\/\/omewa.online\/index.php\/wp-json\/wp\/v2\/product_cat?post=336"},{"taxonomy":"product_tag","embeddable":true,"href":"https:\/\/omewa.online\/index.php\/wp-json\/wp\/v2\/product_tag?post=336"}],"curies":[{"name":"wp","href":"https:\/\/api.w.org\/{rel}","templated":true}]}}