{"id":333,"date":"2025-11-01T18:09:38","date_gmt":"2025-11-01T18:09:38","guid":{"rendered":"https:\/\/omewa.online\/?post_type=product&#038;p=333"},"modified":"2026-03-19T14:06:33","modified_gmt":"2026-03-19T14:06:33","slug":"tinh-chat-lam-sang-deu-mau-da-20ml-melazero-whitening-serum","status":"publish","type":"product","link":"https:\/\/omewa.online\/index.php\/product\/tinh-chat-lam-sang-deu-mau-da-20ml-melazero-whitening-serum\/","title":{"rendered":"Tinh ch\u1ea5t l\u00e0m s\u00e1ng \u0111\u1ec1u m\u00e0u da 20ml &#8211; Melazero Whitening Serum"},"content":{"rendered":"<div class=\"border-b border-secondary-light3 lg:border-0\" data-v-3a2e2332=\"\">\n<div data-v-36134904=\"\">\n<div id=\"96\" class=\"flex flex-col w-full h-full bg-opacity-25 lg:flex-row bg-secondary-light3\" data-v-475c5dca=\"\" data-v-3a2e2332=\"\">\n<div class=\"w-full lg:w-1\/2 theimageinfo1\"><img decoding=\"async\" class=\"object-cover object-center w-full transition-all duration-300 lazyLoad isLoaded\" src=\"https:\/\/file.hstatic.net\/200000834019\/file\/melazero_c23d44dee799418a9bf5fc330f088ec1.jpg\" data-v-475c5dca=\"\" \/><\/div>\n<div id=\"DepthDetail\" class=\"flex flex-col w-full px-2 py-3 lg:py-12 lg:w-1\/2 additional-information\" data-v-475c5dca=\"\">\n<div class=\"flex flex-col text-lg font-normal lg:text-3xl lg:leading-10 font-vollkorn text-primary-dark\" data-v-475c5dca=\"\">\n<div class=\"overflow-hidden overflow-ellipsis line-clamp-5 line-clamp-none\">\n<div class=\"contentinfotable2\">\n<p>Melazero \u2013 chi\u1ebft xu\u1ea5t c\u00e2y Arisaema Amurense (Thi\u00ean Nam Tinh) l\u00e0 m\u1ed9t ho\u1ea1t ch\u1ea5t l\u00e0m tr\u1eafng g\u1ed1c th\u1ef1c v\u1eadt th\u1ebf h\u1ec7 th\u1ee9 3 c\u00f3 th\u1ec3 x\u00f3a b\u1ecf Melanin \u0111\u00e3 h\u00ecnh tr\u00ean da nh\u1edd c\u01a1 ch\u1ebf \u201ct\u1ef1 th\u1ef1c b\u00e0o \u2013 Autophagy\u201d. Nh\u1edd c\u01a1 ch\u1ebf ho\u1ea1t \u0111\u1ed9ng \u0111\u1ed9c \u0111\u00e1o, Melazero lo\u1ea1i b\u1ecf Melanin d\u01b0 th\u1eeba v\u00e0 ng\u0103n ch\u1eb7n s\u1ef1 h\u00ecnh th\u00e0nh m\u1edbi c\u1ee7a n\u00f3 t\u1eeb \u0111\u00f3 gi\u00fap l\u00e0m s\u00e1ng da m\u1ed9t c\u00e1ch t\u1ef1 nhi\u00ean, mang l\u1ea1i l\u00e0n da tr\u1eafng s\u00e1ng, m\u1ecbn m\u00e0ng v\u00e0 \u0111\u1ed3ng \u0111\u1ec1u. M\u1ed9t s\u1ed1 nghi\u00ean c\u1ee9u cho th\u1ea5y Melazero c\u00f3 th\u1ec3 l\u00e0m s\u00e1ng da hi\u1ec7u qu\u1ea3 trong v\u00f2ng 14 ng\u00e0y. Ngo\u00e0i ra, Melazero c\u00f2n gi\u00fap l\u00e0m d\u1ecbu da v\u00e0 ch\u1ed1ng oxi h\u00f3a, g\u00f3p ph\u1ea7n b\u1ea3o v\u1ec7 da kh\u1ecfi c\u00e1c t\u00e1c nh\u00e2n g\u00e2y h\u1ea1i. Melazero \u0111\u00e3 tr\u1ea3i qua c\u00e1c cu\u1ed9c ki\u1ec3m tra ch\u1eb7t ch\u1ebd v\u00e0 \u0111\u01b0\u1ee3c ch\u1ee9ng nh\u1eadn kh\u00f4ng g\u00e2y k\u00edch \u1ee9ng ho\u1eb7c t\u00e1c \u0111\u1ed9ng ti\u00eau c\u1ef1c \u0111\u1ebfn t\u1ebf b\u00e0o da, ho\u00e0n to\u00e0n kh\u00f4ng b\u00e0o m\u00f2n, kh\u00f4ng \u0111\u1ec3 l\u1ea1i t\u00e1c d\u1ee5ng ph\u1ee5 tr\u00ean da.<\/p>\n<\/div>\n<\/div>\n<\/div>\n<p><span class=\"seemoredetail2 text-sm font-bold leading-7 underline cursor-pointer lg:text-base see-more font-nunito text-typo-heading\" data-v-475c5dca=\"\">Xem th\u00eam<\/span><\/p>\n<hr class=\"my-2 lg:my-3\" data-v-475c5dca=\"\" \/>\n<div class=\"flex flex-col lg:flex-row lg:0 flexbrhand\" data-v-475c5dca=\"\">\n<div class=\"flex colinfo2cot1 flex-col flex-1 text-sm font-normal lg:text-base text-typo-body font-nunito\" data-v-475c5dca=\"\">\n<p>C\u00f4ng d\u1ee5ng<\/p>\n<p>&nbsp;<\/p>\n<p>\u2713 L\u00e0m s\u00e1ng da hi\u1ec7u qu\u1ea3 trong 14 ng\u00e0y v\u1edbi b\u1ed9 5 ho\u1ea1t ch\u1ea5t s\u00e1ng da \u0111a c\u01a1 ch\u1ebf.<\/p>\n<p>\u2713 Kh\u00f4ng g\u00e2y bong tr\u00f3c, m\u1ecfng da, kh\u00f4ng t\u1ed5n th\u01b0\u01a1ng h\u00e0ng r\u00e0o b\u1ea3o v\u1ec7 da.<\/p>\n<p>\u2713\u00a0D\u01b0\u1ee1ng \u1ea9m, l\u00e0m d\u1ecbu v\u00e0 nu\u00f4i d\u01b0\u1ee1ng l\u00e0n da kho\u1ebb m\u1ea1nh.<\/p>\n<p>&nbsp;<\/p>\n<p>&nbsp;<\/p>\n<\/div>\n<div class=\"flex colinfo2cot2 flex-col flex-1 text-sm font-normal lg:text-base text-typo-body font-nunito mt-2 lg:mt-0 lg:ml-3\" data-v-475c5dca=\"\">\n<p>D\u00e0nh cho<\/p>\n<p>&nbsp;<\/p>\n<p>\u2713\u00a0Da t\u1ed1i m\u00e0u<\/p>\n<p>\u2713\u00a0Da th\u00e2m s\u1ea1m, t\u0103ng s\u1eafc t\u1ed1, kh\u00f4ng \u0111\u1ec1u m\u00e0u<\/p>\n<\/div>\n<\/div>\n<\/div>\n<\/div>\n<\/div>\n<\/div>\n<div id=\"product-components\" class=\"border-b border-secondary-light3 lg:border-0\" data-v-3a2e2332=\"\">\n<div data-v-36134904=\"\">\n<div id=\"96\" class=\"relative flex flex-col w-full lg:flex-row-reverse bg-primary-light\" data-v-23023fea=\"\" data-v-3a2e2332=\"\">\n<div class=\"w-full lg:w-1\/2 max-h-7221 imagecomponant\" data-v-23023fea=\"\"><img decoding=\"async\" class=\"object-cover w-full h-full transition-all duration-500 lazyLoad isLoaded\" src=\"https:\/\/file.hstatic.net\/200000834019\/file\/dsc05186_97f7193b3dd347d296575158928c02da.jpeg\" data-v-23023fea=\"\" \/><\/div>\n<div class=\"flex flex-col w-full px-2 pt-3 pb-8 lg:relative lg:w-1\/2 product-components lg:pt-5 lg:pb-3 2xl:pt-14 2xl:pb-9 overflow-y-auto\" data-v-23023fea=\"\">\n<div class=\"product-components__details\" data-v-23023fea=\"\">\n<div class=\"descriptionthanhphan\">\n<div class=\"renderdata\">\n<p>Th\u00e0nh ph\u1ea7n ch\u00ednh<\/p>\n<p>&nbsp;<\/p>\n<p>L\u00e0m s\u00e1ng da \u0111a c\u01a1 ch\u1ebf v\u1edbi 5 ho\u1ea1t ch\u1ea5t l\u00e0m s\u00e1ng da<\/p>\n<p>&nbsp;<\/p>\n<p><strong>Melazero 2%<\/strong><\/p>\n<p>\u2022 C\u01a1 ch\u1ebf g\u1ecdng k\u00ecm t\u1ef1 &#8220;th\u1ef1c b\u00e0o&#8221; h\u1eafc s\u1eafc t\u1ed1 Melanin s\u1ea3n sinh giai \u0111o\u1ea1n cu\u1ed1i \u1edf t\u1ebf b\u00e0o da gi\u00fap gi\u1ea3m thi\u1ec3u t\u00ecnh tr\u1ea1ng t\u0103ng s\u1eafc t\u1ed1.<\/p>\n<p>\u2022 C\u01a1 ch\u1ebf \u1ee9c ch\u1ebf qu\u00e1 tr\u00ecnh t\u1ed5ng h\u1ee3p men Tyrosinaise s\u1ea3n sinh Melanin ngay \u1edf giai \u0111o\u1ea1n \u0111\u1ea7u gi\u00fap ph\u00e1 v\u1ee1 vi\u1ec7c h\u00ecnh th\u00e0nh s\u1eafc t\u1ed1 t\u1ed1i m\u00e0u, duy tr\u00ec l\u00e0n da r\u1ea1ng r\u1ee1 \u0111\u1ec1u m\u00e0u v\u00e0 ng\u0103n ng\u1eeba th\u00e2m s\u1ea1m hi\u1ec7u qu\u1ea3.<\/p>\n<p>\u2022 H\u1ed7 tr\u1ee3 l\u00e0m s\u00e1ng da hi\u1ec7u qu\u1ea3 trong 14 ng\u00e0y.<\/p>\n<p><strong>5% Niacinamide<\/strong><\/p>\n<p>\u2022 Niacinamide (B3) ng\u0103n ch\u1eb7n s\u1ef1 di chuy\u1ec3n c\u1ee7a Melanosome v\u00e0o trong t\u1ebf b\u00e0o s\u1eebng.<\/p>\n<p>\u2022 Vitamin B3 c\u00f3 t\u00e1c \u0111\u1ed9ng l\u00e0m s\u00e1ng da, ng\u0103n ng\u1eeba s\u1eafc t\u1ed1 l\u00e0m \u0111en s\u1ea1m da ph\u00e1t tri\u1ec3n.<\/p>\n<p>\u2022 H\u1ed7 tr\u1ee3 tr\u1ecb m\u1ee5n, ki\u1ec3m so\u00e1t b\u00e3 nh\u1eddn, l\u00e0m d\u1ecbu da v\u00e0 ch\u1ed1ng oxy ho\u00e1.<\/p>\n<p><strong>3% Traneximic Acid<\/strong><\/p>\n<p>T\u0103ng kh\u1ea3 n\u0103ng \u1ee9c ch\u1ebf s\u1ef1 t\u1ed5ng h\u1ee3p h\u1eafc s\u1eafc t\u1ed1 Melanin, gi\u00fap l\u00e0m m\u1edd v\u00e0 gi\u1ea3m c\u00e1c v\u1ebft t\u1ed1i m\u00e0u, th\u00e2m m\u1ee5n tr\u00ean da, l\u1ea5y l\u1ea1i m\u00e0u s\u1eafc t\u1ef1 nhi\u00ean tr\u00ean da.<\/p>\n<p><strong>1% Inositol (Vitamin B8)<\/strong><\/p>\n<p>\u2022 \u0110\u01b0\u1ee3c ghi nh\u1eadn c\u00f3 kh\u1ea3 n\u0103ng l\u00e0m tr\u1eafng da g\u1ea5p 10 l\u1ea7n so v\u1edbi Vitamin B3.<\/p>\n<p>\u2022 Inositol c\u00f2n cung c\u1ea5p n\u0103ng l\u01b0\u1ee3ng gi\u00fap t\u0103ng ho\u1ea1t \u0111\u1ed9ng v\u00e0 t\u1ed1c \u0111\u1ed9 ph\u00e2n chia c\u1ee7a t\u1ebf b\u00e0o, th\u00fac \u0111\u1ea9y qu\u00e1 tr\u00ecnh t\u00e1i t\u1ea1o da, h\u1ed7 tr\u1ee3 b\u1ea3o v\u1ec7 da kh\u1ecfi t\u00e1c h\u1ea1i c\u1ee7a \u00e1nh n\u1eafng m\u1eb7t tr\u1eddi.<\/p>\n<p>\u2022 T\u0103ng kh\u1ea3 n\u0103ng gi\u1eef \u1ea9m cho da, t\u0103ng \u0111\u1ed9 s\u0103n ch\u1eafc, kh\u1ecfe m\u1ea1nh cho l\u00e0n da.<\/p>\n<p><strong>Chi\u1ebft xu\u1ea5t r\u1ec5 Cam Th\u1ea3o<\/strong><\/p>\n<p>\u1ee8c ch\u1ebf qu\u00e1 tr\u00ecnh s\u1ea3n sinh h\u1eafc t\u1ed1 Melanin, gi\u00fap l\u00e0n da kh\u00f4i ph\u1ee5c l\u1ea1i s\u1ef1 tr\u1eafng tr\u1ebbo v\u00e0 h\u1ed3ng h\u00e0o. \u0110\u1ed3ng th\u1eddi ho\u1ea1t ch\u1ea5t c\u00f2n c\u00f3 t\u00e1c d\u1ee5ng gi\u1ea3i \u0111\u1ed9c v\u00e0 ch\u1ed1ng vi\u00eam c\u1ef1c t\u1ed1t gi\u00fap ng\u1eeba m\u1ee5n hi\u1ec7u qu\u1ea3.<\/p>\n<p>Cung c\u1ea5p \u0111\u1ed9 \u1ea9m v\u00e0 l\u00e0m d\u1ecbu da<\/p>\n<p>&nbsp;<\/p>\n<p><strong>Saccharide Isomerate<\/strong><\/p>\n<p>L\u00e0 m\u1ed9t ch\u1ea5t l\u00e0m m\u1ec1m, h\u1ed7 tr\u1ee3 gi\u1eef n\u01b0\u1edbc, d\u01b0\u1ee1ng \u1ea9m cho da k\u00e9o d\u00e0i l\u00ean \u0111\u1ebfn 72h, c\u1ea3i thi\u1ec7n t\u00ecnh tr\u1ea1ng bong tr\u00f3c, nh\u1ea1y c\u1ea3m, \u0111em l\u1ea1i l\u00e0n da m\u1ec1m m\u1ea1i, c\u0103ng b\u00f3ng.<\/p>\n<p><strong>Panthenol (Vitamin B5)<\/strong><\/p>\n<p>\u2022 Panthenol gi\u00fap l\u00e0m gi\u1ea3m thi\u1ec3u c\u00e1c k\u00edch \u1ee9ng v\u00e0 l\u00e0m d\u1ecbu da th\u00f4ng qua vi\u1ec7c c\u1ee7ng c\u1ed1 v\u00e0 duy tr\u00ec h\u00e0ng r\u00e0o b\u1ea3o v\u1ec7 da c\u0169ng nh\u01b0 gi\u1ea3m c\u00e1c tri\u1ec7u ch\u1ee9ng vi\u00eam.<\/p>\n<p>\u2022 Ngo\u00e0i ra Panthenol \u0111\u00e3 \u0111\u01b0\u1ee3c ch\u1ee9ng minh gi\u00fap th\u00fac \u0111\u1ea9y s\u1ef1 t\u0103ng sinh c\u00e1c nguy\u00ean b\u00e0o s\u1ee3i trong l\u1edbp trung b\u00ec, gi\u00fap ch\u1ed1ng l\u00e3o ho\u00e1, ng\u0103n ng\u1eeba n\u1ebfp nh\u0103n.<\/p>\n<p><strong>Allantoin<\/strong><\/p>\n<p>C\u00f3 kh\u1ea3 n\u0103ng l\u00e0m t\u0103ng h\u00e0m l\u01b0\u1ee3ng n\u01b0\u1edbc trong t\u1ebf b\u00e0o, h\u1ea1n ch\u1ebf vi\u1ec7c m\u1ea5t n\u01b0\u1edbc qua bi\u1ec3u b\u00ec da gi\u00fap gi\u1eef \u1ea9m, l\u00e0m d\u1ecbu da v\u00e0 ng\u0103n ng\u1eeba t\u00ecnh tr\u1ea1ng kh\u00f4 da, k\u00edch \u1ee9ng.<\/p>\n<p>&nbsp;<\/p>\n<p>Tinh ch\u1ea5t s\u1eed d\u1ee5ng h\u1ec7 b\u1ea3o qu\u1ea3n t\u1ef1 nhi\u00ean<\/p>\n<p>&nbsp;<\/p>\n<p>\u2022 Phenethyl Alcohol \u2013 Chi\u1ebft xu\u1ea5t t\u1eeb Hoa h\u1ed3ng v\u00e0 Hoa C\u1ea9m Ch\u01b0\u1edbng.<\/p>\n<p>\u2022 Caprylhydroxamic Acid \u2013 Chi\u1ebft xu\u1ea5t t\u1eeb d\u1eeba.<\/p>\n<p>Hai h\u1ee3p ch\u1ea5t v\u1edbi ngu\u1ed3n g\u1ed1c t\u1eeb thi\u00ean nhi\u00ean c\u00f3 kh\u1ea3 n\u0103ng \u1ee9c ch\u1ebf s\u1ef1 ph\u00e1t tri\u1ec3n c\u1ee7a vi khu\u1ea9n v\u00e0 vi sinh v\u1eadt kh\u00e1c gi\u00fap b\u1ea3o qu\u1ea3n s\u1ea3n ph\u1ea9m hi\u1ec7u qu\u1ea3 m\u00e0 kh\u00f4ng g\u00e2y k\u00edch \u1ee9ng da, kh\u00f4ng \u1ea3nh h\u01b0\u1edfng \u0111\u1ebfn s\u1ee9c kh\u1ecfe c\u1ee7a ng\u01b0\u1eddi s\u1eed d\u1ee5ng.<\/p>\n<p>&nbsp;<\/p>\n<p>Serum s\u1eed d\u1ee5ng m\u00f9i h\u01b0\u01a1ng t\u1ef1 nhi\u00ean t\u1eeb tinh d\u1ea7u<\/p>\n<p>Tinh d\u1ea7u Vani v\u00e0 Hoa sen tr\u1eafng c\u00f3 h\u01b0\u01a1ng th\u01a1m th\u01b0 gi\u00e3n, d\u1ecbu d\u00e0ng v\u1edbi da.<\/p>\n<\/div>\n<\/div>\n<\/div>\n<\/div>\n<\/div>\n<\/div>\n<\/div>\n","protected":false},"excerpt":{"rendered":"<div class=\"desc0 text-sm lg:text-base mt-8px lg:mt-1.5 product-description text-typo-heading\">\n<p class=\"CxSpFirst\">Tinh ch\u1ea5t l\u00e0 s\u1ef1 k\u1ebft h\u1ee3p gi\u1eefa 5 ho\u1ea1t ch\u1ea5t chuy\u00ean v\u1ec1 l\u00e0m s\u00e1ng \u0111\u1ec1u m\u00e0u da v\u1edbi n\u1ed3ng \u0111\u1ed9 cao nh\u01b0 Melazero, Niacinamide, Traneximic Acid, Inositol v\u00e0 chi\u1ebft xu\u1ea5t r\u1ec5 Cam Th\u1ea3o. Nh\u1edd \u0111\u00f3, c\u00e1c t\u00e1c \u0111\u1ed9ng \u0111a c\u01a1 ch\u1ebf t\u1eeb ph\u00e2n gi\u1ea3i v\u00e0 \u1ee9c ch\u1ebf s\u1eafc t\u1ed1 c\u1ee7a ch\u00fang gi\u00fap gi\u1ea3i quy\u1ebft c\u00e1c v\u1ea5n \u0111\u1ec1 n\u00e1m, th\u00e2m, s\u1eafc t\u1ed1, \u2026 m\u1ed9t c\u00e1ch hi\u1ec7u qu\u1ea3 nh\u01b0ng v\u1eabn \u0111\u1ea3m b\u1ea3o \u0111\u01b0\u1ee3c t\u00ednh an to\u00e0n, d\u1ecbu nh\u1eb9, kh\u00f4ng g\u00e2y bong tr\u00f3c hay m\u1ecfng da.<\/p>\n<\/div>\n<div class=\"desc2 flex flex-col\" data-v-95dfa95a=\"\">\n<div class=\"contentinfo3\">\n<hr \/>\n<p>\u0110\u1eb7c \u0111i\u1ec3m<\/p>\n<p>\u2713\u00a0Th\u1ec3 ch\u1ea5t serum m\u1ecfng nh\u1eb9, d\u1ec5 d\u00e0ng th\u1ea9m th\u1ea5u, kh\u00f4ng nh\u1eddn r\u00edt sau khi b\u00f4i.<br \/>\n\u2713\u00a0Nguy\u00ean li\u1ec7u thi\u00ean nhi\u00ean an to\u00e0n, th\u00e2n thi\u1ec7n v\u1edbi da, kh\u00f4ng g\u00e2y b\u00edt t\u1eafc l\u1ed7 ch\u00e2n l\u00f4ng.<br \/>\n\u2713 An to\u00e0n cho m\u1eb9 b\u1ea7u, cho con b\u00fa v\u00e0 tr\u1ebb d\u1eady th\u00ec<\/p>\n<\/div>\n<\/div>\n","protected":false},"featured_media":371,"comment_status":"open","ping_status":"closed","template":"","meta":{"site-sidebar-layout":"default","site-content-layout":"","ast-site-content-layout":"default","site-content-style":"default","site-sidebar-style":"default","ast-global-header-display":"","ast-banner-title-visibility":"","ast-main-header-display":"","ast-hfb-above-header-display":"","ast-hfb-below-header-display":"","ast-hfb-mobile-header-display":"","site-post-title":"","ast-breadcrumbs-content":"","ast-featured-img":"","footer-sml-layout":"","theme-transparent-header-meta":"","adv-header-id-meta":"","stick-header-meta":"","header-above-stick-meta":"","header-main-stick-meta":"","header-below-stick-meta":"","astra-migrate-meta-layouts":"default","ast-page-background-enabled":"default","ast-page-background-meta":{"desktop":{"background-color":"var(--ast-global-color-5)","background-image":"","background-repeat":"repeat","background-position":"center center","background-size":"auto","background-attachment":"scroll","background-type":"","background-media":"","overlay-type":"","overlay-color":"","overlay-opacity":"","overlay-gradient":""},"tablet":{"background-color":"","background-image":"","background-repeat":"repeat","background-position":"center center","background-size":"auto","background-attachment":"scroll","background-type":"","background-media":"","overlay-type":"","overlay-color":"","overlay-opacity":"","overlay-gradient":""},"mobile":{"background-color":"","background-image":"","background-repeat":"repeat","background-position":"center center","background-size":"auto","background-attachment":"scroll","background-type":"","background-media":"","overlay-type":"","overlay-color":"","overlay-opacity":"","overlay-gradient":""}},"ast-content-background-meta":{"desktop":{"background-color":"var(--ast-global-color-4)","background-image":"","background-repeat":"repeat","background-position":"center center","background-size":"auto","background-attachment":"scroll","background-type":"","background-media":"","overlay-type":"","overlay-color":"","overlay-opacity":"","overlay-gradient":""},"tablet":{"background-color":"var(--ast-global-color-4)","background-image":"","background-repeat":"repeat","background-position":"center center","background-size":"auto","background-attachment":"scroll","background-type":"","background-media":"","overlay-type":"","overlay-color":"","overlay-opacity":"","overlay-gradient":""},"mobile":{"background-color":"var(--ast-global-color-4)","background-image":"","background-repeat":"repeat","background-position":"center center","background-size":"auto","background-attachment":"scroll","background-type":"","background-media":"","overlay-type":"","overlay-color":"","overlay-opacity":"","overlay-gradient":""}}},"product_brand":[23],"product_cat":[18,19,17,21],"product_tag":[],"class_list":{"0":"post-333","1":"product","2":"type-product","3":"status-publish","4":"has-post-thumbnail","6":"product_brand-skinsolve","7":"product_cat-cham-soc-da-mat","8":"product_cat-duong-da","9":"product_cat-my-pham","10":"product_cat-skinsolve","11":"desktop-align-left","12":"tablet-align-left","13":"mobile-align-left","15":"first","16":"instock","17":"taxable","18":"shipping-taxable","19":"purchasable","20":"product-type-simple"},"_links":{"self":[{"href":"https:\/\/omewa.online\/index.php\/wp-json\/wp\/v2\/product\/333","targetHints":{"allow":["GET"]}}],"collection":[{"href":"https:\/\/omewa.online\/index.php\/wp-json\/wp\/v2\/product"}],"about":[{"href":"https:\/\/omewa.online\/index.php\/wp-json\/wp\/v2\/types\/product"}],"replies":[{"embeddable":true,"href":"https:\/\/omewa.online\/index.php\/wp-json\/wp\/v2\/comments?post=333"}],"wp:featuredmedia":[{"embeddable":true,"href":"https:\/\/omewa.online\/index.php\/wp-json\/wp\/v2\/media\/371"}],"wp:attachment":[{"href":"https:\/\/omewa.online\/index.php\/wp-json\/wp\/v2\/media?parent=333"}],"wp:term":[{"taxonomy":"product_brand","embeddable":true,"href":"https:\/\/omewa.online\/index.php\/wp-json\/wp\/v2\/product_brand?post=333"},{"taxonomy":"product_cat","embeddable":true,"href":"https:\/\/omewa.online\/index.php\/wp-json\/wp\/v2\/product_cat?post=333"},{"taxonomy":"product_tag","embeddable":true,"href":"https:\/\/omewa.online\/index.php\/wp-json\/wp\/v2\/product_tag?post=333"}],"curies":[{"name":"wp","href":"https:\/\/api.w.org\/{rel}","templated":true}]}}