{"id":2925,"date":"2026-03-03T11:35:09","date_gmt":"2026-03-03T11:35:09","guid":{"rendered":"https:\/\/omewa.online\/?post_type=product&#038;p=2925"},"modified":"2026-03-03T11:35:09","modified_gmt":"2026-03-03T11:35:09","slug":"tra-gao-lut-hoa-cuc-tui-loc-thien-bao-thao-moc-tu-nhien-thanh-loc-co-the-ho-tro-giam-can-ngu-ngon","status":"publish","type":"product","link":"https:\/\/omewa.online\/index.php\/product\/tra-gao-lut-hoa-cuc-tui-loc-thien-bao-thao-moc-tu-nhien-thanh-loc-co-the-ho-tro-giam-can-ngu-ngon\/","title":{"rendered":"Tr\u00e0 G\u1ea1o L\u1ee9t Hoa C\u00fac T\u00fai L\u1ecdc Thi\u1ec7n B\u1ea3o \u2013 Th\u1ea3o M\u1ed9c T\u1ef1 Nhi\u00ean, Thanh L\u1ecdc C\u01a1 Th\u1ec3, H\u1ed7 Tr\u1ee3 Gi\u1ea3m C\u00e2n &#038; Ng\u1ee7 Ngon"},"content":{"rendered":"<p>V\u00cc SAO TR\u00c0 G\u1ea0O L\u1ee8T HOA C\u00daC L\u00c0 L\u1ef0A CH\u1eccN L\u00dd T\u01af\u1edeNG?<br \/>\nTr\u00e0 G\u1ea1o L\u1ee9t Hoa C\u00fac l\u00e0 th\u1ee9c u\u1ed1ng th\u1ea3o m\u1ed9c l\u00e0nh t\u00ednh, k\u1ebft h\u1ee3p tinh hoa c\u1ee7a G\u1ea1o L\u1ee9t rang th\u01a1m v\u00e0 Hoa C\u00fac thi\u00ean nhi\u00ean c\u00f9ng c\u00e1c th\u00e0nh ph\u1ea7n b\u1ed5 d\u01b0\u1ee1ng kh\u00e1c. S\u1ea3n ph\u1ea9m \u0111\u01b0\u1ee3c ch\u1ebf bi\u1ebfn theo quy tr\u00ecnh s\u1ea1ch, mang l\u1ea1i h\u01b0\u01a1ng v\u1ecb th\u01a1m d\u1ecbu, d\u1ec5 u\u1ed1ng v\u00e0 nhi\u1ec1u l\u1ee3i \u00edch cho s\u1ee9c kh\u1ecfe:<\/p>\n<p>H\u1ed7 Tr\u1ee3 Qu\u1ea3n L\u00fd C\u00e2n N\u1eb7ng &#038; D\u01b0\u1ee1ng D\u00e1ng: Tr\u00e0 gi\u00fap thanh l\u1ecdc c\u01a1 th\u1ec3, h\u1ed7 tr\u1ee3 qu\u00e1 tr\u00ecnh trao \u0111\u1ed5i ch\u1ea5t t\u1ef1 nhi\u00ean, t\u1ea1o c\u1ea3m gi\u00e1c no l\u00e2u, gi\u00e1n ti\u1ebfp h\u1ed7 tr\u1ee3 duy tr\u00ec v\u00f3c d\u00e1ng c\u00e2n \u0111\u1ed1i.<br \/>\nTh\u01b0 Gi\u00e3n Tinh Th\u1ea7n &#038; H\u1ed7 Tr\u1ee3 Gi\u1ea5c Ng\u1ee7: Hoa C\u00fac c\u00f3 t\u00e1c d\u1ee5ng l\u00e0m d\u1ecbu, gi\u00fap th\u01b0 th\u00e1i tinh th\u1ea7n, mang l\u1ea1i c\u1ea3m gi\u00e1c d\u1ec5 ch\u1ecbu, h\u1ed7 tr\u1ee3 \u0111i v\u00e0o gi\u1ea5c ng\u1ee7 s\u00e2u v\u00e0 tr\u1ecdn v\u1eb9n h\u01a1n.<br \/>\nThanh Nhi\u1ec7t, M\u00e1t L\u00e0nh: Gi\u00fap thanh nhi\u1ec7t c\u01a1 th\u1ec3, h\u1ed7 tr\u1ee3 gi\u1ea3i \u0111\u1ed9c gan m\u1ed9t c\u00e1ch t\u1ef1 nhi\u00ean.<br \/>\nH\u1ed7 Tr\u1ee3 Ti\u00eau H\u00f3a: Cung c\u1ea5p ch\u1ea5t x\u01a1 t\u1ef1 nhi\u00ean t\u1eeb G\u1ea1o L\u1ee9t, t\u1ed1t cho h\u1ec7 ti\u00eau h\u00f3a, h\u1ed7 tr\u1ee3 nhu\u1eadn tr\u00e0ng.<br \/>\nL\u00e0nh T\u00ednh cho M\u1eb9 B\u1ec9m: An to\u00e0n, h\u1ed7 tr\u1ee3 t\u0103ng ti\u1ebft s\u1eefa t\u1ef1 nhi\u00ean cho m\u1eb9 sau sinh.<\/p>\n<p>\ud83c\udf3f TH\u00c0NH PH\u1ea6N HO\u00c0N TO\u00c0N T\u1ef0 NHI\u00caN<br \/>\nS\u1ea3n ph\u1ea9m 100% t\u1eeb th\u1ea3o m\u1ed9c, kh\u00f4ng ch\u1ea5t b\u1ea3o qu\u1ea3n, \u0111\u00e3 \u0111\u01b0\u1ee3c rang s\u1ea5y v\u00e0 \u0111\u00f3ng g\u00f3i ti\u1ec7n l\u1ee3i:<br \/>\nG\u1ea1o L\u1ee9t (Rang Tay): Gi\u00e0u dinh d\u01b0\u1ee1ng, ch\u1ea5t x\u01a1.<br \/>\nHoa C\u00fac (T\u1ef1 Nhi\u00ean): Gi\u00fap th\u01b0 gi\u00e3n, h\u1ed7 tr\u1ee3 gi\u1ea5c ng\u1ee7.<br \/>\n\u0110\u1eadu \u0110en Xanh L\u00f2ng: H\u1ed7 tr\u1ee3 m\u00e1t gan.<br \/>\nC\u00e1c lo\u1ea1i th\u1ea3o m\u1ed9c kh\u00e1c (nh\u01b0 C\u1ecf Ng\u1ecdt, K\u1ef7 T\u1eed, t\u00e1o \u0111\u1ecf, t\u00e2m sen).<\/p>\n<p>\ud83d\udca1 H\u01af\u1edaNG D\u1eaaN S\u1eec D\u1ee4NG \u0110\u01a0N GI\u1ea2N<br \/>\nB\u01b0\u1edbc 1: Cho 1-2 t\u00fai tr\u00e0 l\u1ecdc v\u00e0o \u1ea5m ho\u1eb7c c\u1ed1c.<br \/>\nB\u01b0\u1edbc 2: R\u00f3t kho\u1ea3ng 300 &#8211; 500ml n\u01b0\u1edbc s\u00f4i.<br \/>\nB\u01b0\u1edbc 3: \u0110\u1ee3i 5-10 ph\u00fat \u0111\u1ec3 tr\u00e0 ng\u1ea5m \u0111\u1ec1u.<br \/>\nB\u01b0\u1edbc 4: Th\u01b0\u1edfng th\u1ee9c. C\u00f3 th\u1ec3 u\u1ed1ng thay n\u01b0\u1edbc l\u1ecdc h\u00e0ng ng\u00e0y.<\/p>\n<p>(L\u01b0u \u00fd: S\u1ea3n ph\u1ea9m l\u00e0 th\u1ef1c ph\u1ea9m h\u1ed7 tr\u1ee3, kh\u00f4ng ph\u1ea3i thu\u1ed1c v\u00e0 kh\u00f4ng c\u00f3 t\u00e1c d\u1ee5ng thay th\u1ebf thu\u1ed1c ch\u1eefa b\u1ec7nh.)<\/p>\n<p>\u2705 CAM K\u1ebeT C\u1ee6A SHOP<br \/>\nS\u1ea3n ph\u1ea9m M\u1edaI, nguy\u00ean li\u1ec7u s\u1ea1ch 100%.<br \/>\n\u0110\u00f3ng g\u00f3i t\u00fai ti\u1ec7n l\u1ee3i.<br \/>\nH\u00e0ng lu\u00f4n c\u00f3 s\u1eb5n, giao nhanh ch\u00f3ng.<\/p>\n<p>NHANH TAY \u0110\u1eb6T H\u00c0NG \u0110\u1ec2 CH\u0102M S\u00d3C S\u1ee8C KH\u1eceE V\u00c0 V\u00d3C D\u00c1NG T\u1ef0 NHI\u00caN NH\u1ea4T!<\/p>\n","protected":false},"excerpt":{"rendered":"<p>Tr\u00e0 G\u1ea1o L\u1ee9t Hoa C\u00fac l\u00e0 d\u00f2ng tr\u00e0 th\u1ea3o m\u1ed9c t\u1ef1 nhi\u00ean gi\u00fap thanh l\u1ecdc c\u01a1 th\u1ec3, h\u1ed7 tr\u1ee3 gi\u1eef d\u00e1ng v\u00e0 th\u01b0 gi\u00e3n tinh th\u1ea7n. K\u1ebft h\u1ee3p g\u1ea1o l\u1ee9t rang th\u01a1m c\u00f9ng hoa c\u00fac d\u1ecbu nh\u1eb9, tr\u00e0 d\u1ec5 u\u1ed1ng, h\u1ed7 tr\u1ee3 ng\u1ee7 ngon v\u00e0 t\u1ed1t cho h\u1ec7 ti\u00eau h\u00f3a. T\u00fai l\u1ecdc ti\u1ec7n l\u1ee3i, ph\u00f9 h\u1ee3p d\u00f9ng h\u1eb1ng ng\u00e0y cho c\u1ea3 gia \u0111\u00ecnh.<br \/>\n\ud83c\udf3f TH\u00c0NH PH\u1ea6N HO\u00c0N TO\u00c0N T\u1ef0 NHI\u00caN<br \/>\nS\u1ea3n ph\u1ea9m 100% t\u1eeb th\u1ea3o m\u1ed9c, kh\u00f4ng ch\u1ea5t b\u1ea3o qu\u1ea3n, \u0111\u00e3 \u0111\u01b0\u1ee3c rang s\u1ea5y v\u00e0 \u0111\u00f3ng g\u00f3i ti\u1ec7n l\u1ee3i:<br \/>\nG\u1ea1o L\u1ee9t (Rang Tay): Gi\u00e0u dinh d\u01b0\u1ee1ng, ch\u1ea5t x\u01a1.<br \/>\nHoa C\u00fac (T\u1ef1 Nhi\u00ean): Gi\u00fap th\u01b0 gi\u00e3n, h\u1ed7 tr\u1ee3 gi\u1ea5c ng\u1ee7.<br \/>\n\u0110\u1eadu \u0110en Xanh L\u00f2ng: H\u1ed7 tr\u1ee3 m\u00e1t gan.<br \/>\nC\u00e1c lo\u1ea1i th\u1ea3o m\u1ed9c kh\u00e1c (nh\u01b0 C\u1ecf Ng\u1ecdt, K\u1ef7 T\u1eed, t\u00e1o \u0111\u1ecf, t\u00e2m sen)<\/p>\n","protected":false},"featured_media":2934,"comment_status":"open","ping_status":"closed","template":"","meta":{"site-sidebar-layout":"default","site-content-layout":"","ast-site-content-layout":"default","site-content-style":"default","site-sidebar-style":"default","ast-global-header-display":"","ast-banner-title-visibility":"","ast-main-header-display":"","ast-hfb-above-header-display":"","ast-hfb-below-header-display":"","ast-hfb-mobile-header-display":"","site-post-title":"","ast-breadcrumbs-content":"","ast-featured-img":"","footer-sml-layout":"","theme-transparent-header-meta":"default","adv-header-id-meta":"","stick-header-meta":"","header-above-stick-meta":"","header-main-stick-meta":"","header-below-stick-meta":"","astra-migrate-meta-layouts":"set","ast-page-background-enabled":"default","ast-page-background-meta":{"desktop":{"background-color":"var(--ast-global-color-5)","background-image":"","background-repeat":"repeat","background-position":"center center","background-size":"auto","background-attachment":"scroll","background-type":"","background-media":"","overlay-type":"","overlay-color":"","overlay-opacity":"","overlay-gradient":""},"tablet":{"background-color":"","background-image":"","background-repeat":"repeat","background-position":"center center","background-size":"auto","background-attachment":"scroll","background-type":"","background-media":"","overlay-type":"","overlay-color":"","overlay-opacity":"","overlay-gradient":""},"mobile":{"background-color":"","background-image":"","background-repeat":"repeat","background-position":"center center","background-size":"auto","background-attachment":"scroll","background-type":"","background-media":"","overlay-type":"","overlay-color":"","overlay-opacity":"","overlay-gradient":""}},"ast-content-background-meta":{"desktop":{"background-color":"var(--ast-global-color-4)","background-image":"","background-repeat":"repeat","background-position":"center center","background-size":"auto","background-attachment":"scroll","background-type":"","background-media":"","overlay-type":"","overlay-color":"","overlay-opacity":"","overlay-gradient":""},"tablet":{"background-color":"var(--ast-global-color-4)","background-image":"","background-repeat":"repeat","background-position":"center center","background-size":"auto","background-attachment":"scroll","background-type":"","background-media":"","overlay-type":"","overlay-color":"","overlay-opacity":"","overlay-gradient":""},"mobile":{"background-color":"var(--ast-global-color-4)","background-image":"","background-repeat":"repeat","background-position":"center center","background-size":"auto","background-attachment":"scroll","background-type":"","background-media":"","overlay-type":"","overlay-color":"","overlay-opacity":"","overlay-gradient":""}}},"product_brand":[37],"product_cat":[1503,36,1580,1589],"product_tag":[],"class_list":{"0":"post-2925","1":"product","2":"type-product","3":"status-publish","4":"has-post-thumbnail","6":"product_brand-thien-bao","7":"product_cat-do-uong","8":"product_cat-thien-bao","9":"product_cat-tra-tra-tui-loc","10":"product_cat-tra-thao-moc","11":"desktop-align-left","12":"tablet-align-left","13":"mobile-align-left","15":"first","16":"instock","17":"taxable","18":"shipping-taxable","19":"purchasable","20":"product-type-simple"},"_links":{"self":[{"href":"https:\/\/omewa.online\/index.php\/wp-json\/wp\/v2\/product\/2925","targetHints":{"allow":["GET"]}}],"collection":[{"href":"https:\/\/omewa.online\/index.php\/wp-json\/wp\/v2\/product"}],"about":[{"href":"https:\/\/omewa.online\/index.php\/wp-json\/wp\/v2\/types\/product"}],"replies":[{"embeddable":true,"href":"https:\/\/omewa.online\/index.php\/wp-json\/wp\/v2\/comments?post=2925"}],"wp:featuredmedia":[{"embeddable":true,"href":"https:\/\/omewa.online\/index.php\/wp-json\/wp\/v2\/media\/2934"}],"wp:attachment":[{"href":"https:\/\/omewa.online\/index.php\/wp-json\/wp\/v2\/media?parent=2925"}],"wp:term":[{"taxonomy":"product_brand","embeddable":true,"href":"https:\/\/omewa.online\/index.php\/wp-json\/wp\/v2\/product_brand?post=2925"},{"taxonomy":"product_cat","embeddable":true,"href":"https:\/\/omewa.online\/index.php\/wp-json\/wp\/v2\/product_cat?post=2925"},{"taxonomy":"product_tag","embeddable":true,"href":"https:\/\/omewa.online\/index.php\/wp-json\/wp\/v2\/product_tag?post=2925"}],"curies":[{"name":"wp","href":"https:\/\/api.w.org\/{rel}","templated":true}]}}