{"id":2881,"date":"2026-03-02T10:41:25","date_gmt":"2026-03-02T10:41:25","guid":{"rendered":"https:\/\/omewa.online\/?post_type=product&#038;p=2881"},"modified":"2026-03-02T10:48:51","modified_gmt":"2026-03-02T10:48:51","slug":"tra-an-huyet-khang","status":"publish","type":"product","link":"https:\/\/omewa.online\/index.php\/product\/tra-an-huyet-khang\/","title":{"rendered":"Tr\u00e0 An Huy\u1ebft Khang"},"content":{"rendered":"<p>D\u01b0\u1ee1ng huy\u1ebft \u2013 An th\u1ea7n \u2013 Ng\u1ee7 s\u00e2u t\u1ef1 nhi\u00ean m\u1ed7i ng\u00e0y<br \/>\n\u0110\u1eb6C \u0110I\u1ec2M N\u1ed4I B\u1eacT<br \/>\nTr\u00e0 An Huy\u1ebft Khang l\u00e0 d\u00f2ng tr\u00e0 d\u01b0\u1ee1ng sinh th\u1ea3o m\u1ed9c thu\u1ed9c th\u01b0\u01a1ng hi\u1ec7u Thi\u00ean S\u1ee9 S\u1eafc \u0110\u1eb9p, \u0111\u01b0\u1ee3c ph\u1ed1i h\u1ee3p t\u1eeb c\u00e1c v\u1ecb th\u1ea3o d\u01b0\u1ee3c thi\u00ean nhi\u00ean l\u00e0nh t\u00ednh, gi\u00fap an th\u1ea7n, d\u01b0\u1ee1ng huy\u1ebft v\u00e0 \u0111i\u1ec1u h\u00f2a kh\u00ed huy\u1ebft, h\u1ed7 tr\u1ee3 c\u1ea3i thi\u1ec7n gi\u1ea5c ng\u1ee7 v\u00e0 tinh th\u1ea7n m\u1ed9t c\u00e1ch nh\u1eb9 nh\u00e0ng, b\u1ec1n v\u1eefng.<\/p>\n<p>Tr\u00e0 c\u00f3 v\u1ecb ng\u1ecdt thanh t\u1ef1 nhi\u00ean, t\u00ednh m\u00e1t, h\u01b0\u01a1ng th\u1ea3o m\u1ed9c d\u1ecbu nh\u1eb9, d\u1ec5 u\u1ed1ng, ph\u00f9 h\u1ee3p s\u1eed d\u1ee5ng h\u1eb1ng ng\u00e0y cho ng\u01b0\u1eddi th\u01b0\u1eddng xuy\u00ean c\u0103ng th\u1eb3ng, ng\u1ee7 kh\u00f4ng s\u00e2u gi\u1ea5c, c\u01a1 th\u1ec3 m\u1ec7t m\u1ecfi.<br \/>\n<img fetchpriority=\"high\" decoding=\"async\" src=\"http:\/\/omewa.online\/wp-content\/uploads\/2026\/03\/AN-HUYET-KHANG-1-300x300.jpg\" alt=\"\" width=\"300\" height=\"300\" class=\"alignnone size-medium wp-image-2882\" srcset=\"https:\/\/omewa.online\/wp-content\/uploads\/2026\/03\/AN-HUYET-KHANG-1-300x300.jpg 300w, https:\/\/omewa.online\/wp-content\/uploads\/2026\/03\/AN-HUYET-KHANG-1-150x150.jpg 150w, https:\/\/omewa.online\/wp-content\/uploads\/2026\/03\/AN-HUYET-KHANG-1-768x768.jpg 768w, https:\/\/omewa.online\/wp-content\/uploads\/2026\/03\/AN-HUYET-KHANG-1-600x600.jpg 600w, https:\/\/omewa.online\/wp-content\/uploads\/2026\/03\/AN-HUYET-KHANG-1-100x100.jpg 100w, https:\/\/omewa.online\/wp-content\/uploads\/2026\/03\/AN-HUYET-KHANG-1.jpg 1024w\" sizes=\"(max-width: 300px) 100vw, 300px\" \/><br \/>\nTr\u00e0 An Huy\u1ebft Khang<br \/>\nTH\u00d4NG TIN S\u1ea2N PH\u1ea8M<br \/>\nT\u00ean s\u1ea3n ph\u1ea9m: Tr\u00e0 An Huy\u1ebft Khang<br \/>\nTh\u01b0\u01a1ng hi\u1ec7u: Thi\u00ean S\u1ee9 S\u1eafc \u0110\u1eb9p<br \/>\nNgu\u1ed3n g\u1ed1c: Vi\u1ec7t Nam<br \/>\nM\u00f9i v\u1ecb: Ng\u1ecdt d\u1ecbu t\u1ef1 nhi\u00ean, h\u01b0\u01a1ng th\u1ea3o m\u1ed9c nh\u1eb9<br \/>\nQuy c\u00e1ch \u0111\u00f3ng g\u00f3i: H\u1ed9p 15 g\u00f3i \u2013 30 g\u00f3i \u2013 60 g\u00f3i<br \/>\nH\u1ea1n s\u1eed d\u1ee5ng: 12 th\u00e1ng k\u1ec3 t\u1eeb ng\u00e0y s\u1ea3n xu\u1ea5t<br \/>\nCh\u1ee9ng nh\u1eadn: \u0110\u1ea7y \u0111\u1ee7 gi\u1ea5y ch\u1ee9ng nh\u1eadn ATVSTP, check m\u00e3 v\u1ea1ch tr\u1ef1c ti\u1ebfp tr\u00ean bao b\u00ec<br \/>\nTH\u00c0NH PH\u1ea6N TH\u1ea2O D\u01af\u1ee2C<br \/>\nTr\u00e0 An Huy\u1ebft Khang \u0111\u01b0\u1ee3c ph\u1ed1i h\u1ee3p t\u1eeb c\u00e1c v\u1ecb th\u1ea3o d\u01b0\u1ee3c quen thu\u1ed9c trong \u0110\u00f4ng y:<\/p>\n<p>\u0110\u1eb3ng s\u00e2m: B\u1ed5 kh\u00ed, t\u0103ng s\u1ee9c b\u1ec1n c\u01a1 th\u1ec3, gi\u1ea3m m\u1ec7t m\u1ecfi.<\/p>\n<p>\u0110\u01b0\u01a1ng quy: B\u1ed5 huy\u1ebft, \u0111i\u1ec1u h\u00f2a kh\u00ed huy\u1ebft, h\u1ed7 tr\u1ee3 da d\u1ebb h\u1ed3ng h\u00e0o.<\/p>\n<p>Th\u1ee5c \u0111\u1ecba: B\u1ed5 huy\u1ebft, d\u01b0\u1ee1ng \u00e2m, h\u1ed7 tr\u1ee3 ph\u1ee5c h\u1ed3i th\u1ec3 l\u1ef1c.<\/p>\n<p>K\u1ef7 t\u1eed: B\u1ed5 gan th\u1eadn, s\u00e1ng da, t\u0103ng \u0111\u1ec1 kh\u00e1ng.<\/p>\n<p>T\u00e1o \u0111\u1ecf: An th\u1ea7n nh\u1eb9, d\u01b0\u1ee1ng huy\u1ebft, gi\u00fap ng\u1ee7 ngon.<\/p>\n<p>Cam th\u1ea3o: \u0110i\u1ec1u h\u00f2a c\u00e1c v\u1ecb thu\u1ed1c, h\u1ed7 tr\u1ee3 ti\u00eau h\u00f3a.<\/p>\n<p>C\u1ecf ng\u1ecdt: T\u1ea1o v\u1ecb ng\u1ecdt t\u1ef1 nhi\u00ean, h\u1ed7 tr\u1ee3 \u1ed5n \u0111\u1ecbnh \u0111\u01b0\u1eddng huy\u1ebft.<\/p>\n<p>\u0110\u1ed7 \u0111en: Thanh nhi\u1ec7t, gi\u1ea3i \u0111\u1ed9c, m\u00e1t gan.<\/p>\n<p>Hoa c\u00fac: Thanh nhi\u1ec7t, l\u00e0m d\u1ecbu tinh th\u1ea7n, gi\u1ea3m c\u0103ng th\u1eb3ng.<\/p>\n<p>C\u00e1c v\u1ecb th\u1ea3o m\u1ed9c \u0111\u01b0\u1ee3c c\u00e2n ch\u1ec9nh h\u00e0i h\u00f2a, ph\u00f9 h\u1ee3p s\u1eed d\u1ee5ng l\u00e2u d\u00e0i.<br \/>\nC\u00d4NG D\u1ee4NG<br \/>\nH\u1ed7 tr\u1ee3 b\u1ed5 huy\u1ebft, \u0111i\u1ec1u h\u00f2a kh\u00ed huy\u1ebft, gi\u00fap c\u01a1 th\u1ec3 h\u1ed3ng h\u00e0o, nh\u1eb9 ng\u01b0\u1eddi.<\/p>\n<p>Gi\u1ea3m m\u1ec7t m\u1ecfi, suy nh\u01b0\u1ee3c, hoa m\u1eaft, ch\u00f3ng m\u1eb7t do thi\u1ebfu huy\u1ebft.<\/p>\n<p>H\u1ed7 tr\u1ee3 an th\u1ea7n nh\u1eb9, gi\u00fap ng\u1ee7 s\u00e2u v\u00e0 tinh th\u1ea7n th\u01b0 th\u00e1i h\u01a1n.<\/p>\n<p>\u0110\u1ed0I T\u01af\u1ee2NG PH\u00d9 H\u1ee2P<br \/>\nNg\u01b0\u1eddi kh\u00ed huy\u1ebft k\u00e9m, hay m\u1ec7t m\u1ecfi, s\u1eafc m\u1eb7t nh\u1ee3t nh\u1ea1t.<\/p>\n<p>Ph\u1ee5 n\u1eef sau sinh, sau \u1ed1m, ng\u01b0\u1eddi lao \u0111\u1ed9ng tr\u00ed \u00f3c c\u0103ng th\u1eb3ng.<\/p>\n<p>Ng\u01b0\u1eddi mu\u1ed1n b\u1ed3i b\u1ed5 c\u01a1 th\u1ec3 theo h\u01b0\u1edbng d\u01b0\u1ee1ng sinh t\u1ef1 nhi\u00ean.<\/p>\n<p>C\u00c1CH PHA<br \/>\nCho 1 g\u00f3i tr\u00e0 v\u00e0o b\u00ecnh ho\u1eb7c ly.<br \/>\nR\u00f3t n\u01b0\u1edbc n\u00f3ng tr\u00e1ng tr\u00e0 qua 1 l\u1ea7n, \u0111\u1ed5 b\u1ecf n\u01b0\u1edbc tr\u00e1ng.<br \/>\nSau \u0111\u00f3 cho 500ml n\u01b0\u1edbc s\u00f4i kho\u1ea3ng 95\u00b0C, h\u00e3m tr\u00e0 10\u201315 ph\u00fat.<br \/>\nU\u1ed1ng khi c\u00f2n \u1ea5m, c\u00f3 th\u1ec3 d\u00f9ng n\u00f3ng ho\u1eb7c \u0111\u1ec3 ngu\u1ed9i u\u1ed1ng trong ng\u00e0y.<br \/>\nNg\u00e0y d\u00f9ng 1\u20132 l\u1ea7n.<br \/>\nG\u1ee3i \u00fd s\u1eed d\u1ee5ng:<\/p>\n<p>U\u1ed1ng \u1ea5m l\u00e0 t\u1ed1t nh\u1ea5t<br \/>\nTh\u1eddi \u0111i\u1ec3m ph\u00f9 h\u1ee3p: sau b\u1eefa t\u1ed1i 30\u201340 ph\u00fat ho\u1eb7c tr\u01b0\u1edbc khi ng\u1ee7 30\u201360 ph\u00fat<br \/>\nH\u01af\u1edaNG D\u1eaaN B\u1ea2O QU\u1ea2N<br \/>\nB\u1ea3o qu\u1ea3n n\u01a1i kh\u00f4 r\u00e1o, tho\u00e1ng m\u00e1t<br \/>\nTr\u00e1nh \u00e1nh n\u1eafng tr\u1ef1c ti\u1ebfp<br \/>\n\u0110\u00f3ng k\u00edn t\u00fai sau khi s\u1eed d\u1ee5ng<br \/>\nCAM K\u1ebeT T\u1eea THI\u00caN S\u1ee8 S\u1eaeC \u0110\u1eb8P<br \/>\nTh\u00e0nh ph\u1ea7n 100% th\u1ea3o m\u1ed9c thi\u00ean nhi\u00ean<br \/>\nKh\u00f4ng ch\u1ea5t b\u1ea3o qu\u1ea3n \u2013 kh\u00f4ng ph\u1ea9m m\u00e0u \u2013 kh\u00f4ng h\u01b0\u01a1ng li\u1ec7u t\u1ed5ng h\u1ee3p<br \/>\n\u0110\u00f3ng g\u00f3i an to\u00e0n, ti\u1ec7n l\u1ee3i khi s\u1eed d\u1ee5ng<br \/>\nH\u1ed7 tr\u1ee3 ki\u1ec3m tra s\u1ea3n ph\u1ea9m tr\u01b0\u1edbc khi nh\u1eadn<\/p>\n","protected":false},"excerpt":{"rendered":"<p>Tr\u00e0 An Huy\u1ebft Khang \u2013 D\u01b0\u1ee1ng huy\u1ebft, an th\u1ea7n, ng\u1ee7 s\u00e2u t\u1ef1 nhi\u00ean<\/p>\n<p>Tr\u00e0 An Huy\u1ebft Khang c\u1ee7a Thi\u00ean S\u1ee9 S\u1eafc \u0110\u1eb9p l\u00e0 d\u00f2ng tr\u00e0 d\u01b0\u1ee1ng sinh th\u1ea3o m\u1ed9c gi\u00fap b\u1ed5 huy\u1ebft, \u0111i\u1ec1u h\u00f2a kh\u00ed huy\u1ebft v\u00e0 h\u1ed7 tr\u1ee3 an th\u1ea7n nh\u1eb9 nh\u00e0ng. S\u1ea3n ph\u1ea9m \u0111\u01b0\u1ee3c ph\u1ed1i h\u1ee3p t\u1eeb c\u00e1c v\u1ecb th\u1ea3o d\u01b0\u1ee3c quen thu\u1ed9c nh\u01b0 \u0111\u01b0\u01a1ng quy, th\u1ee5c \u0111\u1ecba, k\u1ef7 t\u1eed, t\u00e1o \u0111\u1ecf, hoa c\u00fac\u2026 mang v\u1ecb ng\u1ecdt thanh t\u1ef1 nhi\u00ean, d\u1ec5 u\u1ed1ng, ph\u00f9 h\u1ee3p s\u1eed d\u1ee5ng h\u1eb1ng ng\u00e0y.<\/p>\n<p>Th\u00edch h\u1ee3p cho ng\u01b0\u1eddi hay m\u1ec7t m\u1ecfi, ng\u1ee7 kh\u00f4ng s\u00e2u gi\u1ea5c, c\u0103ng th\u1eb3ng ho\u1eb7c c\u1ea7n b\u1ed3i b\u1ed5 c\u01a1 th\u1ec3 theo h\u01b0\u1edbng t\u1ef1 nhi\u00ean, b\u1ec1n v\u1eefng.<\/p>\n","protected":false},"featured_media":2882,"comment_status":"open","ping_status":"closed","template":"","meta":{"site-sidebar-layout":"default","site-content-layout":"","ast-site-content-layout":"default","site-content-style":"default","site-sidebar-style":"default","ast-global-header-display":"","ast-banner-title-visibility":"","ast-main-header-display":"","ast-hfb-above-header-display":"","ast-hfb-below-header-display":"","ast-hfb-mobile-header-display":"","site-post-title":"","ast-breadcrumbs-content":"","ast-featured-img":"","footer-sml-layout":"","theme-transparent-header-meta":"default","adv-header-id-meta":"","stick-header-meta":"","header-above-stick-meta":"","header-main-stick-meta":"","header-below-stick-meta":"","astra-migrate-meta-layouts":"set","ast-page-background-enabled":"default","ast-page-background-meta":{"desktop":{"background-color":"var(--ast-global-color-5)","background-image":"","background-repeat":"repeat","background-position":"center center","background-size":"auto","background-attachment":"scroll","background-type":"","background-media":"","overlay-type":"","overlay-color":"","overlay-opacity":"","overlay-gradient":""},"tablet":{"background-color":"","background-image":"","background-repeat":"repeat","background-position":"center center","background-size":"auto","background-attachment":"scroll","background-type":"","background-media":"","overlay-type":"","overlay-color":"","overlay-opacity":"","overlay-gradient":""},"mobile":{"background-color":"","background-image":"","background-repeat":"repeat","background-position":"center center","background-size":"auto","background-attachment":"scroll","background-type":"","background-media":"","overlay-type":"","overlay-color":"","overlay-opacity":"","overlay-gradient":""}},"ast-content-background-meta":{"desktop":{"background-color":"var(--ast-global-color-4)","background-image":"","background-repeat":"repeat","background-position":"center center","background-size":"auto","background-attachment":"scroll","background-type":"","background-media":"","overlay-type":"","overlay-color":"","overlay-opacity":"","overlay-gradient":""},"tablet":{"background-color":"var(--ast-global-color-4)","background-image":"","background-repeat":"repeat","background-position":"center center","background-size":"auto","background-attachment":"scroll","background-type":"","background-media":"","overlay-type":"","overlay-color":"","overlay-opacity":"","overlay-gradient":""},"mobile":{"background-color":"var(--ast-global-color-4)","background-image":"","background-repeat":"repeat","background-position":"center center","background-size":"auto","background-attachment":"scroll","background-type":"","background-media":"","overlay-type":"","overlay-color":"","overlay-opacity":"","overlay-gradient":""}}},"product_brand":[1850],"product_cat":[1503,1849,1580],"product_tag":[],"class_list":{"0":"post-2881","1":"product","2":"type-product","3":"status-publish","4":"has-post-thumbnail","6":"product_brand-thien-su-sac-dep","7":"product_cat-do-uong","8":"product_cat-thien-su-sac-dep","9":"product_cat-tra-tra-tui-loc","10":"desktop-align-left","11":"tablet-align-left","12":"mobile-align-left","14":"first","15":"instock","16":"taxable","17":"shipping-taxable","18":"purchasable","19":"product-type-simple"},"_links":{"self":[{"href":"https:\/\/omewa.online\/index.php\/wp-json\/wp\/v2\/product\/2881","targetHints":{"allow":["GET"]}}],"collection":[{"href":"https:\/\/omewa.online\/index.php\/wp-json\/wp\/v2\/product"}],"about":[{"href":"https:\/\/omewa.online\/index.php\/wp-json\/wp\/v2\/types\/product"}],"replies":[{"embeddable":true,"href":"https:\/\/omewa.online\/index.php\/wp-json\/wp\/v2\/comments?post=2881"}],"wp:featuredmedia":[{"embeddable":true,"href":"https:\/\/omewa.online\/index.php\/wp-json\/wp\/v2\/media\/2882"}],"wp:attachment":[{"href":"https:\/\/omewa.online\/index.php\/wp-json\/wp\/v2\/media?parent=2881"}],"wp:term":[{"taxonomy":"product_brand","embeddable":true,"href":"https:\/\/omewa.online\/index.php\/wp-json\/wp\/v2\/product_brand?post=2881"},{"taxonomy":"product_cat","embeddable":true,"href":"https:\/\/omewa.online\/index.php\/wp-json\/wp\/v2\/product_cat?post=2881"},{"taxonomy":"product_tag","embeddable":true,"href":"https:\/\/omewa.online\/index.php\/wp-json\/wp\/v2\/product_tag?post=2881"}],"curies":[{"name":"wp","href":"https:\/\/api.w.org\/{rel}","templated":true}]}}