{"id":2703,"date":"2026-01-22T11:49:05","date_gmt":"2026-01-22T11:49:05","guid":{"rendered":"https:\/\/omewa.online\/?post_type=product&#038;p=2703"},"modified":"2026-04-15T21:47:51","modified_gmt":"2026-04-15T20:47:51","slug":"am-dun-sieu-toc-inox-1-5l-1355w-aph-st15g-tu-ngat-an-toan","status":"publish","type":"product","link":"https:\/\/omewa.online\/index.php\/product\/am-dun-sieu-toc-inox-1-5l-1355w-aph-st15g-tu-ngat-an-toan\/","title":{"rendered":"\u1ea4m \u0110un Si\u00eau T\u1ed1c Inox 1.5L 1355W APH-ST15G T\u1ef1 Ng\u1eaft An To\u00e0n"},"content":{"rendered":"<p data-start=\"281\" data-end=\"533\">\u1ea4m \u0111un si\u00eau t\u1ed1c <strong data-start=\"297\" data-end=\"310\">APH-ST15G<\/strong> s\u1edf h\u1eefu dung t\u00edch <strong data-start=\"328\" data-end=\"339\">1.5 l\u00edt<\/strong> c\u00f9ng c\u00f4ng su\u1ea5t <strong data-start=\"355\" data-end=\"364\">1355W<\/strong>, gi\u00fap \u0111un s\u00f4i n\u01b0\u1edbc ch\u1ec9 trong v\u00e0i ph\u00fat, ti\u1ebft ki\u1ec7m t\u1ed1i \u0111a th\u1eddi gian v\u00e0 \u0111i\u1ec7n n\u0103ng ti\u00eau th\u1ee5. S\u1ea3n ph\u1ea9m l\u00e0 l\u1ef1a ch\u1ecdn l\u00fd t\u01b0\u1edfng cho gia \u0111\u00ecnh, v\u0103n ph\u00f2ng, c\u1eeda h\u00e0ng ho\u1eb7c ph\u00f2ng tr\u1ecd.<\/p>\n<p data-start=\"535\" data-end=\"695\">Thi\u1ebft k\u1ebf hi\u1ec7n \u0111\u1ea1i v\u1edbi <strong data-start=\"557\" data-end=\"587\">v\u1ecf th\u00e9p kh\u00f4ng g\u1ec9 s\u00e1ng b\u00f3ng<\/strong>, sang tr\u1ecdng, b\u1ec1n b\u1ec9 v\u00e0 d\u1ec5 lau ch\u00f9i. <strong data-start=\"624\" data-end=\"650\">\u0110\u1ebf xoay 360\u00b0 linh ho\u1ea1t<\/strong> gi\u00fap \u0111\u1eb7t v\u00e0 nh\u1ea5c \u1ea5m thu\u1eadn ti\u1ec7n \u1edf m\u1ecdi g\u00f3c \u0111\u1ed9.<\/p>\n<p data-start=\"697\" data-end=\"945\">\u1ea4m \u0111\u01b0\u1ee3c trang b\u1ecb <strong data-start=\"714\" data-end=\"746\">c\u1ea3m bi\u1ebfn h\u01a1i n\u01b0\u1edbc th\u00f4ng minh<\/strong>, t\u1ef1 \u0111\u1ed9ng ng\u1eaft khi n\u01b0\u1edbc s\u00f4i, ch\u1ed1ng qu\u00e1 nhi\u1ec7t, \u0111\u1ea3m b\u1ea3o <strong data-start=\"800\" data-end=\"821\">an to\u00e0n tuy\u1ec7t \u0111\u1ed1i<\/strong> trong qu\u00e1 tr\u00ecnh s\u1eed d\u1ee5ng. C\u00f4ng ngh\u1ec7 ki\u1ec3m so\u00e1t nhi\u1ec7t \u0111\u1ed9 ch\u1ea5t l\u01b0\u1ee3ng cao gi\u00fap t\u0103ng tu\u1ed5i th\u1ecd s\u1ea3n ph\u1ea9m, v\u1eadn h\u00e0nh \u1ed5n \u0111\u1ecbnh l\u00e2u d\u00e0i.<\/p>\n<p data-start=\"947\" data-end=\"1036\">Thi\u1ebft k\u1ebf nh\u1ecf g\u1ecdn \u2013 d\u1ec5 v\u1ec7 sinh \u2013 s\u1eed d\u1ee5ng \u0111\u01a1n gi\u1ea3n, mang l\u1ea1i tr\u1ea3i nghi\u1ec7m ti\u1ec7n l\u1ee3i m\u1ed7i ng\u00e0y.<\/p>\n<hr data-start=\"1038\" data-end=\"1041\" \/>\n<h3 data-start=\"1043\" data-end=\"1066\"><strong data-start=\"1047\" data-end=\"1066\">\u01afU \u0110I\u1ec2M N\u1ed4I B\u1eacT<\/strong><\/h3>\n<ul data-start=\"1067\" data-end=\"1264\">\n<li data-start=\"1067\" data-end=\"1101\">\n<p data-start=\"1069\" data-end=\"1101\">\u0110un s\u00f4i nhanh \u2013 ti\u1ebft ki\u1ec7m \u0111i\u1ec7n<\/p>\n<\/li>\n<li data-start=\"1102\" data-end=\"1151\">\n<p data-start=\"1104\" data-end=\"1151\">T\u1ef1 \u0111\u1ed9ng ng\u1eaft khi n\u01b0\u1edbc s\u00f4i \u2013 an to\u00e0n tuy\u1ec7t \u0111\u1ed1i<\/p>\n<\/li>\n<li data-start=\"1152\" data-end=\"1194\">\n<p data-start=\"1154\" data-end=\"1194\">V\u1ecf inox kh\u00f4ng g\u1ec9 \u2013 b\u1ec1n \u0111\u1eb9p, sang tr\u1ecdng<\/p>\n<\/li>\n<li data-start=\"1195\" data-end=\"1234\">\n<p data-start=\"1197\" data-end=\"1234\">\u0110\u1ebf xoay 360\u00b0 \u2013 ti\u1ec7n l\u1ee3i khi s\u1eed d\u1ee5ng<\/p>\n<\/li>\n<li data-start=\"1235\" data-end=\"1264\">\n<p data-start=\"1237\" data-end=\"1264\">D\u1ec5 v\u1ec7 sinh \u2013 tu\u1ed5i th\u1ecd cao<\/p>\n<\/li>\n<\/ul>\n<hr data-start=\"1266\" data-end=\"1269\" \/>\n<h3 data-start=\"1271\" data-end=\"1296\"><strong data-start=\"1275\" data-end=\"1296\">TH\u00d4NG S\u1ed0 K\u1ef8 THU\u1eacT<\/strong><\/h3>\n<ul data-start=\"1297\" data-end=\"1582\">\n<li data-start=\"1297\" data-end=\"1323\">\n<p data-start=\"1299\" data-end=\"1323\">Dung t\u00edch: <strong data-start=\"1310\" data-end=\"1321\">1.5 l\u00edt<\/strong><\/p>\n<\/li>\n<li data-start=\"1324\" data-end=\"1348\">\n<p data-start=\"1326\" data-end=\"1348\">C\u00f4ng su\u1ea5t: <strong data-start=\"1337\" data-end=\"1346\">1355W<\/strong><\/p>\n<\/li>\n<li data-start=\"1349\" data-end=\"1377\">\n<p data-start=\"1351\" data-end=\"1377\">\u0110i\u1ec7n \u00e1p: <strong data-start=\"1360\" data-end=\"1375\">220V \u2013 50Hz<\/strong><\/p>\n<\/li>\n<li data-start=\"1378\" data-end=\"1413\">\n<p data-start=\"1380\" data-end=\"1413\">Ch\u1ea5t li\u1ec7u: <strong data-start=\"1391\" data-end=\"1411\">V\u1ecf th\u00e9p kh\u00f4ng g\u1ec9<\/strong><\/p>\n<\/li>\n<li data-start=\"1414\" data-end=\"1435\">\n<p data-start=\"1416\" data-end=\"1435\">\u0110\u1ebf xoay: <strong data-start=\"1425\" data-end=\"1433\">360\u00b0<\/strong><\/p>\n<\/li>\n<li data-start=\"1436\" data-end=\"1502\">\n<p data-start=\"1438\" data-end=\"1502\">T\u00ednh n\u0103ng: <strong data-start=\"1449\" data-end=\"1500\">\u0110un nhanh \u2013 C\u1ea3m bi\u1ebfn h\u01a1i n\u01b0\u1edbc \u2013 T\u1ef1 ng\u1eaft khi s\u00f4i<\/strong><\/p>\n<\/li>\n<li data-start=\"1503\" data-end=\"1546\">\n<p data-start=\"1505\" data-end=\"1546\">Xu\u1ea5t x\u1ee9 c\u00f4ng ngh\u1ec7: <strong data-start=\"1524\" data-end=\"1544\">Hi-tech Thailand<\/strong><\/p>\n<\/li>\n<li data-start=\"1547\" data-end=\"1582\">\n<p data-start=\"1549\" data-end=\"1582\">B\u1ea3o h\u00e0nh: <strong data-start=\"1559\" data-end=\"1582\">12 th\u00e1ng ch\u00ednh h\u00e3ng<\/strong><\/p>\n<\/li>\n<\/ul>\n<hr data-start=\"1584\" data-end=\"1587\" \/>\n<h3 data-start=\"1589\" data-end=\"1612\"><strong data-start=\"1593\" data-end=\"1612\">CAM K\u1ebeT T\u1eea SHOP<\/strong><\/h3>\n<p data-start=\"1613\" data-end=\"1726\">\u2714 H\u00e0ng ch\u00ednh h\u00e3ng \u2013 \u0111\u00fang m\u00f4 t\u1ea3<br data-start=\"1643\" data-end=\"1646\" \/>\u2714 B\u1ea3o h\u00e0nh 12 th\u00e1ng<br data-start=\"1665\" data-end=\"1668\" \/>\u2714 \u0110\u1ed5i m\u1edbi n\u1ebfu l\u1ed7i k\u1ef9 thu\u1eadt<br data-start=\"1694\" data-end=\"1697\" \/>\u2714 Giao h\u00e0ng nhanh to\u00e0n qu\u1ed1c<\/p>\n<hr data-start=\"1728\" data-end=\"1731\" \/>\n<p data-start=\"1761\" data-end=\"1994\">#amunsieutoc<br data-start=\"1773\" data-end=\"1776\" \/>#amduinnuoc<br data-start=\"1787\" data-end=\"1790\" \/>#dununuocnhanh<br data-start=\"1804\" data-end=\"1807\" \/>#giadungthongminh<br data-start=\"1824\" data-end=\"1827\" \/>#dodiengiadung<br data-start=\"1841\" data-end=\"1844\" \/>#tienichgiadinh<br data-start=\"1859\" data-end=\"1862\" \/>#antoankhisudung<br data-start=\"1878\" data-end=\"1881\" \/>#inoxkhonggi<br data-start=\"1893\" data-end=\"1896\" \/>#tiktokshop<br data-start=\"1907\" data-end=\"1910\" \/>#dealgiadung<br data-start=\"1922\" data-end=\"1925\" \/>#giatotmoingay<br data-start=\"1939\" data-end=\"1942\" \/>#hangchinhhang<br data-start=\"1956\" data-end=\"1959\" \/>#baohanh12thang<br data-start=\"1974\" data-end=\"1977\" \/>#hitechthailand<\/p>\n","protected":false},"excerpt":{"rendered":"<ul data-start=\"1067\" data-end=\"1264\">\n<li data-start=\"1067\" data-end=\"1101\">\n<p data-start=\"1069\" data-end=\"1101\">\u0110un s\u00f4i nhanh \u2013 ti\u1ebft ki\u1ec7m \u0111i\u1ec7n<\/p>\n<\/li>\n<li data-start=\"1102\" data-end=\"1151\">\n<p data-start=\"1104\" data-end=\"1151\">T\u1ef1 \u0111\u1ed9ng ng\u1eaft khi n\u01b0\u1edbc s\u00f4i \u2013 an to\u00e0n tuy\u1ec7t \u0111\u1ed1i<\/p>\n<\/li>\n<li data-start=\"1152\" data-end=\"1194\">\n<p data-start=\"1154\" data-end=\"1194\">V\u1ecf inox kh\u00f4ng g\u1ec9 \u2013 b\u1ec1n \u0111\u1eb9p, sang tr\u1ecdng<\/p>\n<\/li>\n<li data-start=\"1195\" data-end=\"1234\">\n<p data-start=\"1197\" data-end=\"1234\">\u0110\u1ebf xoay 360\u00b0 \u2013 ti\u1ec7n l\u1ee3i khi s\u1eed d\u1ee5ng<\/p>\n<\/li>\n<li data-start=\"1235\" data-end=\"1264\">\n<p data-start=\"1237\" data-end=\"1264\">D\u1ec5 v\u1ec7 sinh \u2013 tu\u1ed5i th\u1ecd cao<\/p>\n<\/li>\n<\/ul>\n","protected":false},"featured_media":2704,"comment_status":"open","ping_status":"closed","template":"","meta":{"site-sidebar-layout":"default","site-content-layout":"","ast-site-content-layout":"default","site-content-style":"default","site-sidebar-style":"default","ast-global-header-display":"","ast-banner-title-visibility":"","ast-main-header-display":"","ast-hfb-above-header-display":"","ast-hfb-below-header-display":"","ast-hfb-mobile-header-display":"","site-post-title":"","ast-breadcrumbs-content":"","ast-featured-img":"","footer-sml-layout":"","theme-transparent-header-meta":"default","adv-header-id-meta":"","stick-header-meta":"","header-above-stick-meta":"","header-main-stick-meta":"","header-below-stick-meta":"","astra-migrate-meta-layouts":"set","ast-page-background-enabled":"default","ast-page-background-meta":{"desktop":{"background-color":"var(--ast-global-color-5)","background-image":"","background-repeat":"repeat","background-position":"center center","background-size":"auto","background-attachment":"scroll","background-type":"","background-media":"","overlay-type":"","overlay-color":"","overlay-opacity":"","overlay-gradient":""},"tablet":{"background-color":"","background-image":"","background-repeat":"repeat","background-position":"center center","background-size":"auto","background-attachment":"scroll","background-type":"","background-media":"","overlay-type":"","overlay-color":"","overlay-opacity":"","overlay-gradient":""},"mobile":{"background-color":"","background-image":"","background-repeat":"repeat","background-position":"center center","background-size":"auto","background-attachment":"scroll","background-type":"","background-media":"","overlay-type":"","overlay-color":"","overlay-opacity":"","overlay-gradient":""}},"ast-content-background-meta":{"desktop":{"background-color":"var(--ast-global-color-4)","background-image":"","background-repeat":"repeat","background-position":"center center","background-size":"auto","background-attachment":"scroll","background-type":"","background-media":"","overlay-type":"","overlay-color":"","overlay-opacity":"","overlay-gradient":""},"tablet":{"background-color":"var(--ast-global-color-4)","background-image":"","background-repeat":"repeat","background-position":"center center","background-size":"auto","background-attachment":"scroll","background-type":"","background-media":"","overlay-type":"","overlay-color":"","overlay-opacity":"","overlay-gradient":""},"mobile":{"background-color":"var(--ast-global-color-4)","background-image":"","background-repeat":"repeat","background-position":"center center","background-size":"auto","background-attachment":"scroll","background-type":"","background-media":"","overlay-type":"","overlay-color":"","overlay-opacity":"","overlay-gradient":""}}},"product_brand":[1847],"product_cat":[596,553],"product_tag":[],"class_list":{"0":"post-2703","1":"product","2":"type-product","3":"status-publish","4":"has-post-thumbnail","6":"product_brand-apechome","7":"product_cat-am-dun-sieu-toc","8":"product_cat-thiet-bi-dien-gia-dung","9":"desktop-align-left","10":"tablet-align-left","11":"mobile-align-left","13":"first","14":"instock","15":"taxable","16":"shipping-taxable","17":"purchasable","18":"product-type-simple"},"_links":{"self":[{"href":"https:\/\/omewa.online\/index.php\/wp-json\/wp\/v2\/product\/2703","targetHints":{"allow":["GET"]}}],"collection":[{"href":"https:\/\/omewa.online\/index.php\/wp-json\/wp\/v2\/product"}],"about":[{"href":"https:\/\/omewa.online\/index.php\/wp-json\/wp\/v2\/types\/product"}],"replies":[{"embeddable":true,"href":"https:\/\/omewa.online\/index.php\/wp-json\/wp\/v2\/comments?post=2703"}],"wp:featuredmedia":[{"embeddable":true,"href":"https:\/\/omewa.online\/index.php\/wp-json\/wp\/v2\/media\/2704"}],"wp:attachment":[{"href":"https:\/\/omewa.online\/index.php\/wp-json\/wp\/v2\/media?parent=2703"}],"wp:term":[{"taxonomy":"product_brand","embeddable":true,"href":"https:\/\/omewa.online\/index.php\/wp-json\/wp\/v2\/product_brand?post=2703"},{"taxonomy":"product_cat","embeddable":true,"href":"https:\/\/omewa.online\/index.php\/wp-json\/wp\/v2\/product_cat?post=2703"},{"taxonomy":"product_tag","embeddable":true,"href":"https:\/\/omewa.online\/index.php\/wp-json\/wp\/v2\/product_tag?post=2703"}],"curies":[{"name":"wp","href":"https:\/\/api.w.org\/{rel}","templated":true}]}}