{"id":2697,"date":"2026-01-22T03:27:53","date_gmt":"2026-01-22T03:27:53","guid":{"rendered":"https:\/\/omewa.online\/?post_type=product&#038;p=2697"},"modified":"2026-04-15T21:47:11","modified_gmt":"2026-04-15T20:47:11","slug":"am-dun-nuoc-sieu-toc-1-lop-aph-st05in-1-8-lit-cong-suat-1500w-an-toan-tien-loi","status":"publish","type":"product","link":"https:\/\/omewa.online\/index.php\/product\/am-dun-nuoc-sieu-toc-1-lop-aph-st05in-1-8-lit-cong-suat-1500w-an-toan-tien-loi\/","title":{"rendered":"\u1ea4m \u0110un N\u01b0\u1edbc Si\u00eau T\u1ed1c 1 L\u1edbp APH-ST05IN 1.8 L\u00edt C\u00f4ng Su\u1ea5t 1500W An To\u00e0n Ti\u1ec7n L\u1ee3i"},"content":{"rendered":"<h2 data-start=\"302\" data-end=\"346\"><strong data-start=\"305\" data-end=\"346\">\u1ea4M \u0110UN SI\u00caU T\u1ed0C ST05IN \u2013 1.8L \u2013 1500W<\/strong><\/h2>\n<p data-start=\"348\" data-end=\"585\">\u1ea4m \u0111un si\u00eau t\u1ed1c <strong data-start=\"364\" data-end=\"374\">ST05IN<\/strong> c\u00f3 dung t\u00edch <strong data-start=\"388\" data-end=\"399\">1.8 l\u00edt<\/strong> v\u00e0 c\u00f4ng su\u1ea5t <strong data-start=\"413\" data-end=\"422\">1500W<\/strong>, gi\u00fap \u0111un n\u01b0\u1edbc s\u00f4i nhanh ch\u00f3ng, ti\u1ebft ki\u1ec7m th\u1eddi gian cho sinh ho\u1ea1t h\u1eb1ng ng\u00e0y. Thi\u1ebft k\u1ebf nh\u1ecf g\u1ecdn, hi\u1ec7n \u0111\u1ea1i, ph\u00f9 h\u1ee3p s\u1eed d\u1ee5ng trong gia \u0111\u00ecnh, v\u0103n ph\u00f2ng ho\u1eb7c ph\u00f2ng tr\u1ecd.<\/p>\n<p data-start=\"587\" data-end=\"889\">Th\u00e2n \u1ea5m v\u00e0 \u0111\u1ebf t\u00e1ch r\u1eddi, h\u1ed7 tr\u1ee3 <strong data-start=\"618\" data-end=\"631\">xoay 360\u00b0<\/strong>, thu\u1eadn ti\u1ec7n khi \u0111\u1eb7t \u1ea5m \u1edf nhi\u1ec1u v\u1ecb tr\u00ed kh\u00e1c nhau. M\u00e2m nhi\u1ec7t \u0111\u00fac nguy\u00ean kh\u1ed1i gi\u00fap truy\u1ec1n nhi\u1ec7t nhanh, b\u1ec1n b\u1ec9 v\u00e0 an to\u00e0n trong qu\u00e1 tr\u00ecnh s\u1eed d\u1ee5ng. \u1ea4m \u0111\u01b0\u1ee3c trang b\u1ecb <strong data-start=\"792\" data-end=\"813\">\u0111\u00e8n b\u00e1o ho\u1ea1t \u0111\u1ed9ng<\/strong> v\u00e0 <strong data-start=\"817\" data-end=\"856\">ch\u1ee9c n\u0103ng t\u1ef1 ng\u1eaft \u0111i\u1ec7n khi n\u01b0\u1edbc s\u00f4i<\/strong>, \u0111\u1ea3m b\u1ea3o an to\u00e0n cho ng\u01b0\u1eddi d\u00f9ng.<\/p>\n<p data-start=\"891\" data-end=\"971\">Ch\u1ea5t li\u1ec7u inox b\u1ec1n \u0111\u1eb9p, d\u1ec5 v\u1ec7 sinh, h\u1ea1n ch\u1ebf b\u00e1m c\u1eb7n, n\u00e2ng cao tu\u1ed5i th\u1ecd s\u1ea3n ph\u1ea9m.<\/p>\n<hr data-start=\"973\" data-end=\"976\" \/>\n<h3 data-start=\"978\" data-end=\"1003\"><strong data-start=\"982\" data-end=\"1003\">Th\u00f4ng s\u1ed1 k\u1ef9 thu\u1eadt<\/strong><\/h3>\n<ul data-start=\"1005\" data-end=\"1276\">\n<li data-start=\"1005\" data-end=\"1031\">\n<p data-start=\"1007\" data-end=\"1031\">Dung t\u00edch: <strong data-start=\"1018\" data-end=\"1029\">1.8 l\u00edt<\/strong><\/p>\n<\/li>\n<li data-start=\"1032\" data-end=\"1056\">\n<p data-start=\"1034\" data-end=\"1056\">C\u00f4ng su\u1ea5t: <strong data-start=\"1045\" data-end=\"1054\">1500W<\/strong><\/p>\n<\/li>\n<li data-start=\"1057\" data-end=\"1088\">\n<p data-start=\"1059\" data-end=\"1088\">Ngu\u1ed3n \u0111i\u1ec7n: <strong data-start=\"1071\" data-end=\"1086\">220V \/ 50Hz<\/strong><\/p>\n<\/li>\n<li data-start=\"1089\" data-end=\"1127\">\n<p data-start=\"1091\" data-end=\"1127\">Thi\u1ebft k\u1ebf: <strong data-start=\"1101\" data-end=\"1125\">1 l\u1edbp \u2013 \u0111\u1ebf xoay 360\u00b0<\/strong><\/p>\n<\/li>\n<li data-start=\"1128\" data-end=\"1188\">\n<p data-start=\"1130\" data-end=\"1188\">T\u00ednh n\u0103ng: <strong data-start=\"1141\" data-end=\"1186\">\u0110un s\u00f4i nhanh \u2013 \u0111\u00e8n b\u00e1o \u2013 t\u1ef1 ng\u1eaft khi s\u00f4i<\/strong><\/p>\n<\/li>\n<li data-start=\"1189\" data-end=\"1234\">\n<p data-start=\"1191\" data-end=\"1234\">Ch\u1ea5t li\u1ec7u: <strong data-start=\"1202\" data-end=\"1232\">Inox \u2013 d\u1ec5 v\u1ec7 sinh \u2013 b\u1ec1n b\u1ec9<\/strong><\/p>\n<\/li>\n<li data-start=\"1235\" data-end=\"1276\">\n<p data-start=\"1237\" data-end=\"1276\">Xu\u1ea5t x\u1ee9 c\u00f4ng ngh\u1ec7: <strong data-start=\"1256\" data-end=\"1276\">Hi-tech Thailand<\/strong><\/p>\n<\/li>\n<\/ul>\n<hr data-start=\"1278\" data-end=\"1281\" \/>\n<h3 data-start=\"1283\" data-end=\"1320\"><strong data-start=\"1287\" data-end=\"1320\">Ch\u00ednh s\u00e1ch b\u00e1n h\u00e0ng t\u1ea1i OMEWA<\/strong><\/h3>\n<ul data-start=\"1322\" data-end=\"1584\">\n<li data-start=\"1322\" data-end=\"1360\">\n<p data-start=\"1324\" data-end=\"1360\">S\u1ea3n ph\u1ea9m m\u1edbi 100%, \u0111\u1ea7y \u0111\u1ee7 ph\u1ee5 ki\u1ec7n<\/p>\n<\/li>\n<li data-start=\"1361\" data-end=\"1397\">\n<p data-start=\"1363\" data-end=\"1397\"><strong data-start=\"1363\" data-end=\"1395\">B\u1ea3o h\u00e0nh ch\u00ednh h\u00e3ng 12 th\u00e1ng<\/strong><\/p>\n<\/li>\n<li data-start=\"1398\" data-end=\"1469\">\n<p data-start=\"1400\" data-end=\"1469\"><strong data-start=\"1400\" data-end=\"1425\">1 \u0111\u1ed5i 1 trong 30 ng\u00e0y<\/strong> n\u1ebfu s\u1ea3n ph\u1ea9m l\u1ed7i k\u1ef9 thu\u1eadt t\u1eeb nh\u00e0 s\u1ea3n xu\u1ea5t<\/p>\n<\/li>\n<li data-start=\"1470\" data-end=\"1530\">\n<p data-start=\"1472\" data-end=\"1530\">Giao h\u00e0ng nhanh, \u0111\u01b0\u1ee3c ki\u1ec3m tra h\u00e0ng tr\u01b0\u1edbc khi thanh to\u00e1n<\/p>\n<\/li>\n<li data-start=\"1531\" data-end=\"1584\">\n<p data-start=\"1533\" data-end=\"1584\">H\u1ed7 tr\u1ee3 t\u01b0 v\u1ea5n s\u1eed d\u1ee5ng trong su\u1ed1t th\u1eddi gian b\u1ea3o h\u00e0nh<\/p>\n<\/li>\n<\/ul>\n","protected":false},"excerpt":{"rendered":"<p><strong data-start=\"98\" data-end=\"124\">\u1ea4m \u0111un si\u00eau t\u1ed1c ST05IN<\/strong> dung t\u00edch <strong data-start=\"135\" data-end=\"143\" data-is-only-node=\"\">1.8L<\/strong>, c\u00f4ng su\u1ea5t <strong data-start=\"155\" data-end=\"164\">1500W<\/strong>, \u0111un s\u00f4i nhanh, ti\u1ebft ki\u1ec7m th\u1eddi gian. \u0110\u1ebf xoay <strong data-start=\"210\" data-end=\"218\">360\u00b0<\/strong>, m\u00e2m nhi\u1ec7t b\u1ec1n b\u1ec9, <strong data-start=\"238\" data-end=\"262\">t\u1ef1 ng\u1eaft khi n\u01b0\u1edbc s\u00f4i<\/strong> an to\u00e0n khi s\u1eed d\u1ee5ng.<br data-start=\"283\" data-end=\"286\" \/><strong data-start=\"286\" data-end=\"342\" data-is-last-node=\"\">B\u1ea3o h\u00e0nh 12 th\u00e1ng \u2013 1 \u0111\u1ed5i 1 trong 30 ng\u00e0y t\u1ea1i OMEWA.<\/strong><\/p>\n","protected":false},"featured_media":2698,"comment_status":"open","ping_status":"closed","template":"","meta":{"site-sidebar-layout":"default","site-content-layout":"","ast-site-content-layout":"default","site-content-style":"default","site-sidebar-style":"default","ast-global-header-display":"","ast-banner-title-visibility":"","ast-main-header-display":"","ast-hfb-above-header-display":"","ast-hfb-below-header-display":"","ast-hfb-mobile-header-display":"","site-post-title":"","ast-breadcrumbs-content":"","ast-featured-img":"","footer-sml-layout":"","theme-transparent-header-meta":"default","adv-header-id-meta":"","stick-header-meta":"","header-above-stick-meta":"","header-main-stick-meta":"","header-below-stick-meta":"","astra-migrate-meta-layouts":"set","ast-page-background-enabled":"default","ast-page-background-meta":{"desktop":{"background-color":"var(--ast-global-color-5)","background-image":"","background-repeat":"repeat","background-position":"center center","background-size":"auto","background-attachment":"scroll","background-type":"","background-media":"","overlay-type":"","overlay-color":"","overlay-opacity":"","overlay-gradient":""},"tablet":{"background-color":"","background-image":"","background-repeat":"repeat","background-position":"center center","background-size":"auto","background-attachment":"scroll","background-type":"","background-media":"","overlay-type":"","overlay-color":"","overlay-opacity":"","overlay-gradient":""},"mobile":{"background-color":"","background-image":"","background-repeat":"repeat","background-position":"center center","background-size":"auto","background-attachment":"scroll","background-type":"","background-media":"","overlay-type":"","overlay-color":"","overlay-opacity":"","overlay-gradient":""}},"ast-content-background-meta":{"desktop":{"background-color":"var(--ast-global-color-4)","background-image":"","background-repeat":"repeat","background-position":"center center","background-size":"auto","background-attachment":"scroll","background-type":"","background-media":"","overlay-type":"","overlay-color":"","overlay-opacity":"","overlay-gradient":""},"tablet":{"background-color":"var(--ast-global-color-4)","background-image":"","background-repeat":"repeat","background-position":"center center","background-size":"auto","background-attachment":"scroll","background-type":"","background-media":"","overlay-type":"","overlay-color":"","overlay-opacity":"","overlay-gradient":""},"mobile":{"background-color":"var(--ast-global-color-4)","background-image":"","background-repeat":"repeat","background-position":"center center","background-size":"auto","background-attachment":"scroll","background-type":"","background-media":"","overlay-type":"","overlay-color":"","overlay-opacity":"","overlay-gradient":""}}},"product_brand":[1847],"product_cat":[596,558,553],"product_tag":[],"class_list":{"0":"post-2697","1":"product","2":"type-product","3":"status-publish","4":"has-post-thumbnail","6":"product_brand-apechome","7":"product_cat-am-dun-sieu-toc","8":"product_cat-do-gia-dung-nha-bep","9":"product_cat-thiet-bi-dien-gia-dung","10":"desktop-align-left","11":"tablet-align-left","12":"mobile-align-left","14":"first","15":"instock","16":"sale","17":"taxable","18":"shipping-taxable","19":"purchasable","20":"product-type-simple"},"_links":{"self":[{"href":"https:\/\/omewa.online\/index.php\/wp-json\/wp\/v2\/product\/2697","targetHints":{"allow":["GET"]}}],"collection":[{"href":"https:\/\/omewa.online\/index.php\/wp-json\/wp\/v2\/product"}],"about":[{"href":"https:\/\/omewa.online\/index.php\/wp-json\/wp\/v2\/types\/product"}],"replies":[{"embeddable":true,"href":"https:\/\/omewa.online\/index.php\/wp-json\/wp\/v2\/comments?post=2697"}],"wp:featuredmedia":[{"embeddable":true,"href":"https:\/\/omewa.online\/index.php\/wp-json\/wp\/v2\/media\/2698"}],"wp:attachment":[{"href":"https:\/\/omewa.online\/index.php\/wp-json\/wp\/v2\/media?parent=2697"}],"wp:term":[{"taxonomy":"product_brand","embeddable":true,"href":"https:\/\/omewa.online\/index.php\/wp-json\/wp\/v2\/product_brand?post=2697"},{"taxonomy":"product_cat","embeddable":true,"href":"https:\/\/omewa.online\/index.php\/wp-json\/wp\/v2\/product_cat?post=2697"},{"taxonomy":"product_tag","embeddable":true,"href":"https:\/\/omewa.online\/index.php\/wp-json\/wp\/v2\/product_tag?post=2697"}],"curies":[{"name":"wp","href":"https:\/\/api.w.org\/{rel}","templated":true}]}}