{"id":2689,"date":"2026-01-22T02:41:27","date_gmt":"2026-01-22T02:41:27","guid":{"rendered":"https:\/\/omewa.online\/?post_type=product&#038;p=2689"},"modified":"2026-01-22T02:41:27","modified_gmt":"2026-01-22T02:41:27","slug":"noi-chien-khong-dau-8l-1400w-aph-2510d-dieu-chinh-nhiet-da-nang","status":"publish","type":"product","link":"https:\/\/omewa.online\/index.php\/product\/noi-chien-khong-dau-8l-1400w-aph-2510d-dieu-chinh-nhiet-da-nang\/","title":{"rendered":"N\u1ed3i Chi\u00ean Kh\u00f4ng D\u1ea7u 8L 1400W APH-2510D \u0110i\u1ec1u Ch\u1ec9nh Nhi\u1ec7t \u0110a N\u0103ng"},"content":{"rendered":"<p data-start=\"120\" data-end=\"416\"><strong data-start=\"120\" data-end=\"153\">N\u1ed3i chi\u00ean kh\u00f4ng d\u1ea7u APH-2510D<\/strong> dung t\u00edch 8 l\u00edt, c\u00f4ng su\u1ea5t 1400W, \u0111\u00e1p \u1ee9ng nhu c\u1ea7u ch\u1ebf bi\u1ebfn \u0111a d\u1ea1ng m\u00f3n \u0103n cho gia \u0111\u00ecnh \u0111\u00f4ng ng\u01b0\u1eddi. S\u1ea3n ph\u1ea9m s\u1eed d\u1ee5ng c\u00f4ng ngh\u1ec7 chi\u00ean n\u01b0\u1edbng hi\u1ec7n \u0111\u1ea1i, gi\u00fap m\u00f3n \u0103n ch\u00edn \u0111\u1ec1u, v\u00e0ng gi\u00f2n b\u00ean ngo\u00e0i m\u00e0 v\u1eabn gi\u1eef \u0111\u01b0\u1ee3c \u0111\u1ed9 m\u1ec1m ng\u1ecdt b\u00ean trong, h\u1ea1n ch\u1ebf d\u1ea7u m\u1ee1, t\u1ed1t cho s\u1ee9c kh\u1ecfe.<\/p>\n<p data-start=\"418\" data-end=\"685\">Trang b\u1ecb n\u00fam \u0111i\u1ec1u ch\u1ec9nh nhi\u1ec7t \u0111\u1ed9 linh ho\u1ea1t t\u1eeb 80 \u2013 200\u00b0C, c\u00f9ng 8 th\u1ef1c \u0111\u01a1n n\u1ea5u t\u00edch h\u1ee3p v\u00e0 ch\u1ebf \u0111\u1ed9 h\u1eb9n gi\u1edd t\u1ed1i \u0111a 30 ph\u00fat, mang l\u1ea1i s\u1ef1 ti\u1ec7n l\u1ee3i khi n\u1ea5u n\u01b0\u1edbng. Ng\u01b0\u1eddi d\u00f9ng d\u1ec5 d\u00e0ng l\u1ef1a ch\u1ecdn ch\u1ebf \u0111\u1ed9 ph\u00f9 h\u1ee3p cho t\u1eebng m\u00f3n \u0103n nh\u01b0 g\u00e0 n\u01b0\u1edbng, khoai t\u00e2y chi\u00ean, h\u1ea3i s\u1ea3n, b\u00e1nh n\u01b0\u1edbng\u2026<\/p>\n<p data-start=\"687\" data-end=\"885\">R\u1ed5 chi\u00ean b\u1eb1ng kim lo\u1ea1i b\u1ec1n b\u1ec9, ph\u1ee7 ch\u1ed1ng d\u00ednh gi\u00fap th\u1ef1c ph\u1ea9m kh\u00f4ng b\u1ecb b\u00e1m d\u00ednh, h\u1ea1n ch\u1ebf ch\u00e1y kh\u00e9t v\u00e0 d\u1ec5 d\u00e0ng v\u1ec7 sinh sau khi s\u1eed d\u1ee5ng. Thi\u1ebft k\u1ebf hi\u1ec7n \u0111\u1ea1i, sang tr\u1ecdng, ph\u00f9 h\u1ee3p v\u1edbi nhi\u1ec1u kh\u00f4ng gian b\u1ebfp.<\/p>\n<hr data-start=\"887\" data-end=\"890\" \/>\n<h3 data-start=\"892\" data-end=\"917\"><strong data-start=\"896\" data-end=\"917\">Th\u00f4ng s\u1ed1 k\u1ef9 thu\u1eadt<\/strong><\/h3>\n<ul data-start=\"919\" data-end=\"1261\">\n<li data-start=\"919\" data-end=\"957\">\n<p data-start=\"921\" data-end=\"957\">Lo\u1ea1i s\u1ea3n ph\u1ea9m: N\u1ed3i chi\u00ean kh\u00f4ng d\u1ea7u<\/p>\n<\/li>\n<li data-start=\"958\" data-end=\"978\">\n<p data-start=\"960\" data-end=\"978\">Dung t\u00edch: 8 l\u00edt<\/p>\n<\/li>\n<li data-start=\"979\" data-end=\"999\">\n<p data-start=\"981\" data-end=\"999\">C\u00f4ng su\u1ea5t: 1400W<\/p>\n<\/li>\n<li data-start=\"1000\" data-end=\"1024\">\n<p data-start=\"1002\" data-end=\"1024\">\u0110i\u1ec7n \u00e1p: 220V ~ 50Hz<\/p>\n<\/li>\n<li data-start=\"1025\" data-end=\"1060\">\n<p data-start=\"1027\" data-end=\"1060\">\u0110i\u1ec1u ch\u1ec9nh nhi\u1ec7t \u0111\u1ed9: 80 \u2013 200\u00b0C<\/p>\n<\/li>\n<li data-start=\"1061\" data-end=\"1114\">\n<p data-start=\"1063\" data-end=\"1114\">Ch\u1ee9c n\u0103ng: 8 th\u1ef1c \u0111\u01a1n n\u1ea5u, h\u1eb9n gi\u1edd t\u1ed1i \u0111a 30 ph\u00fat<\/p>\n<\/li>\n<li data-start=\"1115\" data-end=\"1152\">\n<p data-start=\"1117\" data-end=\"1152\">R\u1ed5 chi\u00ean: Kim lo\u1ea1i ph\u1ee7 ch\u1ed1ng d\u00ednh<\/p>\n<\/li>\n<li data-start=\"1153\" data-end=\"1187\">\n<p data-start=\"1155\" data-end=\"1187\">Thi\u1ebft k\u1ebf: Hi\u1ec7n \u0111\u1ea1i, sang tr\u1ecdng<\/p>\n<\/li>\n<li data-start=\"1188\" data-end=\"1227\">\n<p data-start=\"1190\" data-end=\"1227\">Xu\u1ea5t x\u1ee9 c\u00f4ng ngh\u1ec7: Hi-tech Thailand<\/p>\n<\/li>\n<li data-start=\"1228\" data-end=\"1261\">\n<p data-start=\"1230\" data-end=\"1261\">B\u1ea3o h\u00e0nh: 12 th\u00e1ng ch\u00ednh h\u00e3ng<\/p>\n<\/li>\n<li data-start=\"1228\" data-end=\"1261\"><strong data-start=\"530\" data-end=\"555\">1 \u0111\u1ed5i 1 trong 30 ng\u00e0y<\/strong> n\u1ebfu s\u1ea3n ph\u1ea9m l\u1ed7i do nh\u00e0 s\u1ea3n xu\u1ea5t<\/li>\n<\/ul>\n<p data-start=\"498\" data-end=\"588\">#OMEWA #NoiChienKhongDau #APH2510D #ChienKhongDau #MonAnGiaDinh #SanTikTokShop #DealGiaTot #APECHOME<\/p>\n","protected":false},"excerpt":{"rendered":"<p><strong data-start=\"85\" data-end=\"124\">N\u1ed3i chi\u00ean kh\u00f4ng d\u1ea7u OMEWA APH-2510D<\/strong> dung t\u00edch <strong data-start=\"135\" data-end=\"141\" data-is-only-node=\"\">8L<\/strong>, c\u00f4ng su\u1ea5t <strong data-start=\"153\" data-end=\"162\">1400W<\/strong>, gi\u00fap chi\u00ean n\u01b0\u1edbng v\u00e0ng gi\u00f2n m\u00e0 kh\u00f4ng c\u1ea7n d\u1ea7u m\u1ee1. Trang b\u1ecb <strong data-start=\"221\" data-end=\"241\">8 ch\u1ebf \u0111\u1ed9 n\u1ea5u s\u1eb5n<\/strong>, <strong data-start=\"243\" data-end=\"262\">h\u1eb9n gi\u1edd 30 ph\u00fat<\/strong>, <strong data-start=\"264\" data-end=\"293\">\u0111i\u1ec1u ch\u1ec9nh nhi\u1ec7t 80\u2013200\u00b0C<\/strong>. R\u1ed5 chi\u00ean ph\u1ee7 ch\u1ed1ng d\u00ednh, d\u1ec5 v\u1ec7 sinh.<br data-start=\"331\" data-end=\"334\" \/><strong data-start=\"334\" data-end=\"380\" data-is-last-node=\"\">B\u1ea3o h\u00e0nh 12 th\u00e1ng \u2013 1 \u0111\u1ed5i 1 trong 30 ng\u00e0y.<\/strong><\/p>\n","protected":false},"featured_media":2690,"comment_status":"open","ping_status":"closed","template":"","meta":{"site-sidebar-layout":"default","site-content-layout":"","ast-site-content-layout":"default","site-content-style":"default","site-sidebar-style":"default","ast-global-header-display":"","ast-banner-title-visibility":"","ast-main-header-display":"","ast-hfb-above-header-display":"","ast-hfb-below-header-display":"","ast-hfb-mobile-header-display":"","site-post-title":"","ast-breadcrumbs-content":"","ast-featured-img":"","footer-sml-layout":"","theme-transparent-header-meta":"default","adv-header-id-meta":"","stick-header-meta":"","header-above-stick-meta":"","header-main-stick-meta":"","header-below-stick-meta":"","astra-migrate-meta-layouts":"set","ast-page-background-enabled":"default","ast-page-background-meta":{"desktop":{"background-color":"var(--ast-global-color-5)","background-image":"","background-repeat":"repeat","background-position":"center center","background-size":"auto","background-attachment":"scroll","background-type":"","background-media":"","overlay-type":"","overlay-color":"","overlay-opacity":"","overlay-gradient":""},"tablet":{"background-color":"","background-image":"","background-repeat":"repeat","background-position":"center center","background-size":"auto","background-attachment":"scroll","background-type":"","background-media":"","overlay-type":"","overlay-color":"","overlay-opacity":"","overlay-gradient":""},"mobile":{"background-color":"","background-image":"","background-repeat":"repeat","background-position":"center center","background-size":"auto","background-attachment":"scroll","background-type":"","background-media":"","overlay-type":"","overlay-color":"","overlay-opacity":"","overlay-gradient":""}},"ast-content-background-meta":{"desktop":{"background-color":"var(--ast-global-color-4)","background-image":"","background-repeat":"repeat","background-position":"center center","background-size":"auto","background-attachment":"scroll","background-type":"","background-media":"","overlay-type":"","overlay-color":"","overlay-opacity":"","overlay-gradient":""},"tablet":{"background-color":"var(--ast-global-color-4)","background-image":"","background-repeat":"repeat","background-position":"center center","background-size":"auto","background-attachment":"scroll","background-type":"","background-media":"","overlay-type":"","overlay-color":"","overlay-opacity":"","overlay-gradient":""},"mobile":{"background-color":"var(--ast-global-color-4)","background-image":"","background-repeat":"repeat","background-position":"center center","background-size":"auto","background-attachment":"scroll","background-type":"","background-media":"","overlay-type":"","overlay-color":"","overlay-opacity":"","overlay-gradient":""}}},"product_brand":[1847],"product_cat":[558,603,553],"product_tag":[],"class_list":{"0":"post-2689","1":"product","2":"type-product","3":"status-publish","4":"has-post-thumbnail","6":"product_brand-apechome","7":"product_cat-do-gia-dung-nha-bep","8":"product_cat-noi-chien-khong-dau","9":"product_cat-thiet-bi-dien-gia-dung","10":"desktop-align-left","11":"tablet-align-left","12":"mobile-align-left","14":"first","15":"instock","16":"sale","17":"taxable","18":"shipping-taxable","19":"purchasable","20":"product-type-simple"},"_links":{"self":[{"href":"https:\/\/omewa.online\/index.php\/wp-json\/wp\/v2\/product\/2689","targetHints":{"allow":["GET"]}}],"collection":[{"href":"https:\/\/omewa.online\/index.php\/wp-json\/wp\/v2\/product"}],"about":[{"href":"https:\/\/omewa.online\/index.php\/wp-json\/wp\/v2\/types\/product"}],"replies":[{"embeddable":true,"href":"https:\/\/omewa.online\/index.php\/wp-json\/wp\/v2\/comments?post=2689"}],"wp:featuredmedia":[{"embeddable":true,"href":"https:\/\/omewa.online\/index.php\/wp-json\/wp\/v2\/media\/2690"}],"wp:attachment":[{"href":"https:\/\/omewa.online\/index.php\/wp-json\/wp\/v2\/media?parent=2689"}],"wp:term":[{"taxonomy":"product_brand","embeddable":true,"href":"https:\/\/omewa.online\/index.php\/wp-json\/wp\/v2\/product_brand?post=2689"},{"taxonomy":"product_cat","embeddable":true,"href":"https:\/\/omewa.online\/index.php\/wp-json\/wp\/v2\/product_cat?post=2689"},{"taxonomy":"product_tag","embeddable":true,"href":"https:\/\/omewa.online\/index.php\/wp-json\/wp\/v2\/product_tag?post=2689"}],"curies":[{"name":"wp","href":"https:\/\/api.w.org\/{rel}","templated":true}]}}