{"id":1470,"date":"2025-11-01T18:20:37","date_gmt":"2025-11-01T18:20:37","guid":{"rendered":"https:\/\/omewa.online\/?post_type=product&#038;p=1470"},"modified":"2025-11-26T01:33:48","modified_gmt":"2025-11-26T01:33:48","slug":"kem-ngua-mun-duong-am-hanbang-ac-nature-book","status":"publish","type":"product","link":"https:\/\/omewa.online\/index.php\/product\/kem-ngua-mun-duong-am-hanbang-ac-nature-book\/","title":{"rendered":"Kem Ng\u1eeba M\u1ee5n D\u01b0\u1ee1ng \u1ea8m Hanbang AC Nature Book"},"content":{"rendered":"<p><img decoding=\"async\" src=\"https:\/\/bizweb.dktcdn.net\/100\/466\/677\/products\/469268871-2863821190447355-2403924847375746930-n.jpg?v=1740123665380\" data-thumb=\"original\" data-mce-src=\"https:\/\/bizweb.dktcdn.net\/100\/466\/677\/products\/469268871-2863821190447355-2403924847375746930-n.jpg?v=1740123665380\"><\/p>\n<p><strong>Kh\u1ed1i l\u01b0\u1ee3ng\u00a0<\/strong>50g<\/p>\n<h2><strong>Th\u00e0nh ph\u1ea7n ch\u00ednh<\/strong><\/h2>\n<p><strong><img decoding=\"async\" src=\"https:\/\/bizweb.dktcdn.net\/100\/466\/677\/products\/469241634-2863821160447358-5271659351206739988-n.jpg?v=1740123656623\" data-thumb=\"original\" data-mce-src=\"https:\/\/bizweb.dktcdn.net\/100\/466\/677\/products\/469241634-2863821160447358-5271659351206739988-n.jpg?v=1740123656623\"><\/strong><\/p>\n<p>Arginine, Solicylic Acid, Sodium Hyaluronate, chi\u1ebft xu\u1ea5t rau m\u00e1, chi\u1ebft xu\u1ea5t rau ri\u1ebfp c\u00e1, c\u00e1c th\u00e0nh ph\u1ea7n \u0110\u00f4ng Y (chi\u1ebft xu\u1ea5t hoa ly h\u1ed5, chi\u1ebft xu\u1ea5t r\u1ec5 c\u00e2y b\u1ea1ch th\u01b0\u1ee3c, chi\u1ebft xu\u1ea5t r\u1ec5 c\u00e2y ng\u1ecdc tr\u00fac, chi\u1ebft xu\u1ea5t h\u1ecdt sen h\u1ed3ng) v\u00e0 m\u1ed9t s\u1ed1 th\u00e0nh ph\u1ea7n kh\u00e1c xem tr\u00ean bao b\u00ec s\u1ea3n\u00a0ph\u1ea9m.<\/p>\n<h2><strong>C\u00f4ng d\u1ee5ng<\/strong><\/h2>\n<p>Ng\u0103n ng\u1eeba m\u1ee5n tr\u00ean \u0111a, \u0111\u01b0\u1ee1ng da, gi\u00fap d\u01b0\u1ee1ng \u1ea9m v\u00e0 gi\u00fap da m\u1ecbn m\u00e0ng.<\/p>\n<h2><strong>H\u01b0\u1edbng d\u1eabn s\u1eed d\u1ee5ng<\/strong><\/h2>\n<p>L\u1ea5y 1 l\u01b0\u1ee3ng v\u1eeba \u0111\u1ee7, thoa \u0111\u1ec1u to\u00e0n m\u1eb7t \u0111\u1ec3 th\u1ea9m th\u1ea5u.<\/p>\n<h2><strong>Th\u00f4ng tin c\u1ea3nh b\u00e1o<\/strong><\/h2>\n<p>1. Tham kh\u1ea3o \u00fd ki\u1ebfn c\u1ee7a chuy\u00ean gia n\u1ebfu c\u00f3 c\u00e1c tri\u1ec7u ch\u1ee9ng b\u1ea5t th\u01b0\u1eddng.<\/p>\n<p>2. \u0110\u1ec3 xa t\u1ea7m tay tr\u1ebb em. Tr\u00e1nh ti\u1ebfp x\u00fac tr\u1ef1c ti\u1ebfp v\u1edbi \u00e1nh n\u1eafng.<\/p>\n<p><strong>Xu\u1ea5t x\u1ee9<\/strong>\u00a0RAINBOW BEAUTY COSMETICS CO., LTD Bucheon-si Gyeonggi-do, Repubilc of Korea<\/p>\n<p><strong>Nh\u1eadp kh\u1ea9u v\u00e0 ph\u00e2n ph\u1ed1i<\/strong>\u00a0C\u00d4NG TY TNHH TH\u01af\u01a0NG M\u1ea0I V\u00c0 NH\u1eacP KH\u1ea8U H\u00d2A B\u00ccNH GROUP TT02-14 D\u1ef1 \u00e1n H\u1ea3i \u0110\u0103ng City, \u0110\u01b0\u1eddng H\u00e0m Nghi, Ph\u01b0\u1eddng M\u1ef9 \u0110\u00ecnh 2, Qu\u1eadn Nam T\u1eeb Li\u00eam, Tp. H\u00e0 N\u1ed9i, Vi\u1ec7t Nam<\/p>\n<p><strong>S\u1ea3n ph\u1ea9m \u0111\u1ea1t ch\u1ee9ng nh\u1eadn thu\u1ea7n chay qu\u1ed1c t\u1ebf\u00a0<\/strong><\/p>\n<p><img decoding=\"async\" src=\"https:\/\/bizweb.dktcdn.net\/100\/466\/677\/products\/kem-ngua-mun-nature-book.jpg?v=1740123665380\" data-thumb=\"original\" data-mce-src=\"https:\/\/bizweb.dktcdn.net\/100\/466\/677\/products\/kem-ngua-mun-nature-book.jpg?v=1740123665380\"><\/p>\n","protected":false},"excerpt":{"rendered":"<p>Ng\u0103n ng\u1eeba m\u1ee5n tr\u00ean \u0111a, \u0111\u01b0\u1ee1ng da, gi\u00fap d\u01b0\u1ee1ng \u1ea9m v\u00e0 gi\u00fap da m\u1ecbn m\u00e0ng.<\/p>\n<p>L\u1ea5y 1 l\u01b0\u1ee3ng v\u1eeba \u0111\u1ee7, thoa \u0111\u1ec1u to\u00e0n m\u1eb7t \u0111\u1ec3 th\u1ea9m th\u1ea5u.<\/p>\n","protected":false},"featured_media":1515,"comment_status":"open","ping_status":"closed","template":"","meta":{"site-sidebar-layout":"default","site-content-layout":"","ast-site-content-layout":"default","site-content-style":"default","site-sidebar-style":"default","ast-global-header-display":"","ast-banner-title-visibility":"","ast-main-header-display":"","ast-hfb-above-header-display":"","ast-hfb-below-header-display":"","ast-hfb-mobile-header-display":"","site-post-title":"","ast-breadcrumbs-content":"","ast-featured-img":"","footer-sml-layout":"","theme-transparent-header-meta":"","adv-header-id-meta":"","stick-header-meta":"","header-above-stick-meta":"","header-main-stick-meta":"","header-below-stick-meta":"","astra-migrate-meta-layouts":"default","ast-page-background-enabled":"default","ast-page-background-meta":{"desktop":{"background-color":"var(--ast-global-color-5)","background-image":"","background-repeat":"repeat","background-position":"center center","background-size":"auto","background-attachment":"scroll","background-type":"","background-media":"","overlay-type":"","overlay-color":"","overlay-opacity":"","overlay-gradient":""},"tablet":{"background-color":"","background-image":"","background-repeat":"repeat","background-position":"center center","background-size":"auto","background-attachment":"scroll","background-type":"","background-media":"","overlay-type":"","overlay-color":"","overlay-opacity":"","overlay-gradient":""},"mobile":{"background-color":"","background-image":"","background-repeat":"repeat","background-position":"center center","background-size":"auto","background-attachment":"scroll","background-type":"","background-media":"","overlay-type":"","overlay-color":"","overlay-opacity":"","overlay-gradient":""}},"ast-content-background-meta":{"desktop":{"background-color":"var(--ast-global-color-4)","background-image":"","background-repeat":"repeat","background-position":"center center","background-size":"auto","background-attachment":"scroll","background-type":"","background-media":"","overlay-type":"","overlay-color":"","overlay-opacity":"","overlay-gradient":""},"tablet":{"background-color":"var(--ast-global-color-4)","background-image":"","background-repeat":"repeat","background-position":"center center","background-size":"auto","background-attachment":"scroll","background-type":"","background-media":"","overlay-type":"","overlay-color":"","overlay-opacity":"","overlay-gradient":""},"mobile":{"background-color":"var(--ast-global-color-4)","background-image":"","background-repeat":"repeat","background-position":"center center","background-size":"auto","background-attachment":"scroll","background-type":"","background-media":"","overlay-type":"","overlay-color":"","overlay-opacity":"","overlay-gradient":""}}},"product_brand":[122],"product_cat":[299,18,298,19,17,121,291],"product_tag":[],"class_list":{"0":"post-1470","1":"product","2":"type-product","3":"status-publish","4":"has-post-thumbnail","6":"product_brand-nature-book","7":"product_cat-bo-san-pham-lam-dep","8":"product_cat-cham-soc-da-mat","9":"product_cat-cham-soc-da-mat-sac-dep","10":"product_cat-duong-da","11":"product_cat-my-pham","12":"product_cat-nature-book","13":"product_cat-sac-dep","14":"desktop-align-left","15":"tablet-align-left","16":"mobile-align-left","18":"first","19":"instock","20":"sale","21":"taxable","22":"shipping-taxable","23":"purchasable","24":"product-type-simple"},"_links":{"self":[{"href":"https:\/\/omewa.online\/index.php\/wp-json\/wp\/v2\/product\/1470","targetHints":{"allow":["GET"]}}],"collection":[{"href":"https:\/\/omewa.online\/index.php\/wp-json\/wp\/v2\/product"}],"about":[{"href":"https:\/\/omewa.online\/index.php\/wp-json\/wp\/v2\/types\/product"}],"replies":[{"embeddable":true,"href":"https:\/\/omewa.online\/index.php\/wp-json\/wp\/v2\/comments?post=1470"}],"wp:featuredmedia":[{"embeddable":true,"href":"https:\/\/omewa.online\/index.php\/wp-json\/wp\/v2\/media\/1515"}],"wp:attachment":[{"href":"https:\/\/omewa.online\/index.php\/wp-json\/wp\/v2\/media?parent=1470"}],"wp:term":[{"taxonomy":"product_brand","embeddable":true,"href":"https:\/\/omewa.online\/index.php\/wp-json\/wp\/v2\/product_brand?post=1470"},{"taxonomy":"product_cat","embeddable":true,"href":"https:\/\/omewa.online\/index.php\/wp-json\/wp\/v2\/product_cat?post=1470"},{"taxonomy":"product_tag","embeddable":true,"href":"https:\/\/omewa.online\/index.php\/wp-json\/wp\/v2\/product_tag?post=1470"}],"curies":[{"name":"wp","href":"https:\/\/api.w.org\/{rel}","templated":true}]}}