{"id":1469,"date":"2025-11-01T18:20:37","date_gmt":"2025-11-01T18:20:37","guid":{"rendered":"https:\/\/omewa.online\/?post_type=product&#038;p=1469"},"modified":"2025-12-12T07:39:31","modified_gmt":"2025-12-12T07:39:31","slug":"tinh-chat-the-nature-book-mesla-ampoule-han-quoc-duong-trang","status":"publish","type":"product","link":"https:\/\/omewa.online\/index.php\/product\/tinh-chat-the-nature-book-mesla-ampoule-han-quoc-duong-trang\/","title":{"rendered":"Tinh ch\u1ea5t The Nature Book Mesla Ampoule H\u00e0n Qu\u1ed1c d\u01b0\u1ee1ng tr\u1eafng,"},"content":{"rendered":"<h2>C\u00f3 r\u1ea5t nhi\u1ec1u ho\u1ea1t ch\u1ea5t c\u00f3 kh\u1ea3 n\u0103ng ch\u1ed1ng\u00a0<a href=\"https:\/\/edallyhanquoc.vn\/nam-da-va-cach-tri-nam-da-hieu-qua.html\" data-mce-href=\"https:\/\/edallyhanquoc.vn\/nam-da-va-cach-tri-nam-da-hieu-qua.html\">n\u00e1m da<\/a>, l\u00e0m s\u00e1ng v\u00e0 \u0111\u1ec1u m\u00e0u da, nh\u01b0ng ph\u1ea7n l\u1edbn ho\u1ea1t t\u00ednh c\u1ee7a n\u00f3 c\u00f3 th\u1ec3 qu\u00e1 kh\u1eafc nghi\u1ec7t, khi\u1ebfn c\u1ee7a b\u1ea1n\u00a0<a href=\"https:\/\/edallyhanquoc.vn\/cham-soc-da-kho-nhat-dinh-nen-biet.html\" data-mce-href=\"https:\/\/edallyhanquoc.vn\/cham-soc-da-kho-nhat-dinh-nen-biet.html\">da kh\u00f4<\/a>\u00a0r\u00e1p v\u00e0 c\u00f3 khi c\u00f2n g\u00e2y k\u00edch \u1ee9ng cho da.<\/h2>\n<p>Ch\u00ednh v\u00ec th\u1ebf Arbutin \u0111\u01b0\u1ee3c bi\u1ebft t\u1edbi nhi\u1ec1u h\u01a1n v\u00ec l\u00e0 th\u00e0nh ph\u1ea7n\u00a0<a href=\"https:\/\/edallyhanquoc.vn\/bi-quyet-duong-trang-da-thoi-diem-giao-mua.html\" data-mce-href=\"https:\/\/edallyhanquoc.vn\/bi-quyet-duong-trang-da-thoi-diem-giao-mua.html\">l\u00e0m tr\u1eafng s\u00e1ng da<\/a>\u00a0hi\u1ec7u qu\u1ea3, an to\u00e0n \u00edt g\u00e2y k\u00edch \u1ee9ng cho da.<\/p>\n<p><img decoding=\"async\" title=\"C\u1ea5u tr\u00fac c\u1ee7a Arbutin\" src=\"https:\/\/edallyhanquoc.vn\/upload\/images\/cau-truc-cua-arbutin.jpg\" alt=\"C\u1ea5u tr\u00fac c\u1ee7a Arbutin\" data-mce-src=\"https:\/\/edallyhanquoc.vn\/upload\/images\/cau-truc-cua-arbutin.jpg\"><\/p>\n<h3><em>C\u1ea5u tr\u00fac c\u1ee7a Arbutin<\/em><\/h3>\n<h2><strong>Ngu\u1ed3n g\u1ed1c c\u1ee7a Arbutin<\/strong><\/h2>\n<p>Arbutin l\u00e0 ph\u00e2n t\u1eed \u0111\u01b0\u1ee3c chi\u1ebft xu\u1ea5t trong nhi\u1ec1u lo\u1ea1i hoa qu\u1ea3 kh\u00e1c nhau trong t\u1ef1 nhi\u00ean. Mang \u0111\u1ebfn hi\u1ec7u qu\u1ea3\u00a0<a href=\"https:\/\/edallyhanquoc.vn\/blog-lam-dep.html\" data-mce-href=\"https:\/\/edallyhanquoc.vn\/blog-lam-dep.html\">l\u00e0m \u0111\u1eb9p<\/a>\u00a0cao cho l\u00e0n da b\u1edfi c\u00f3 t\u00e1c d\u1ee5ng ng\u0103n ch\u1eb7n s\u1ef1 h\u00ecnh th\u00e0nh\u00a0<a href=\"https:\/\/edallyhanquoc.vn\/kem-nam-cao-cap-edally-ex-han-quoc-khoanh-vung-chan-nam-giam-hac-sac-to-melanin.html\" data-mce-href=\"https:\/\/edallyhanquoc.vn\/kem-nam-cao-cap-edally-ex-han-quoc-khoanh-vung-chan-nam-giam-hac-sac-to-melanin.html\">h\u1eafc s\u1eafc t\u1ed1 melanin<\/a>\u00a0theo ph\u01b0\u01a1ng th\u1ee9c \u0111\u1eb7c bi\u1ec7t.<\/p>\n<h2><strong>C\u00e1ch Arbutin c\u1eaft ngu\u1ed3n c\u01a1n n\u00e1m da<\/strong><\/h2>\n<p>Alpha Arbutin\u00a0ho\u1ea1t \u0111\u1ed9ng b\u1eb1ng c\u00e1ch gi\u1ea3i ph\u00f3ng Hydroquinone (Ch\u1ea5t \u1ee9c ch\u1ebf t\u1ebf b\u00e0o h\u1eafc\u00a0<a href=\"https:\/\/edallyhanquoc.vn\/bi-quyet-ngan-ngua-tang-sac-to-da-body.html\" data-mce-href=\"https:\/\/edallyhanquoc.vn\/bi-quyet-ngan-ngua-tang-sac-to-da-body.html\">s\u1eafc t\u1ed1<\/a>\u00a0m\u1ea1nh m\u1ebd) m\u1ed9t c\u00e1ch t\u1eeb t\u1eeb v\u00e0 \u1ee9c ch\u1ebf Enzyme Tyrosinase. Gi\u1ea3m b\u1edbt enzyme n\u00e0y h\u00ecnh th\u00e0nh v\u00e0 s\u1ea3n xu\u1ea5t ra h\u1eafc\u00a0<a href=\"https:\/\/edallyhanquoc.vn\/vi-sao-lan-da-body-khong-giu-duoc-sac-to-tu-sau-tuoi-25.html\" data-mce-href=\"https:\/\/edallyhanquoc.vn\/vi-sao-lan-da-body-khong-giu-duoc-sac-to-tu-sau-tuoi-25.html\">s\u1eafc t\u1ed1<\/a>\u00a0melanin.<\/p>\n<p>Arbutin Alpha d\u00f9 gi\u1ea3i ph\u00f3ng Hydroquinone nh\u01b0ng kh\u00f4ng g\u00e2y t\u00e1c d\u1ee5ng ph\u1ee5. B\u1edfi l\u01b0\u1ee3ng Hydroquinone \u0111\u01b0\u1ee3c \u0111\u1ea9y ra ch\u1eadm, da kh\u00f4ng ti\u1ebfp x\u00fac nhi\u1ec1u c\u00f9ng m\u1ed9t l\u00fac n\u00ean gi\u1ea3m thi\u1ec3u kh\u1ea3 n\u0103ng g\u00e2y k\u00edch \u1ee9ng. \u0110\u00f3 l\u00e0 l\u00fd do m\u00e0 b\u1ea1n c\u00f3 th\u1ec3 \u0111\u1ed3ng h\u00e0nh c\u00f9ng\u00a0Arbutin\u00a0su\u1ed1t m\u1ed9t th\u1eddi gian d\u00e0i.<\/p>\n<p><img decoding=\"async\" title=\"C\u00e1ch Arbutin c\u1eaft ngu\u1ed3n ch\u00e2n n\u00e1m\" src=\"https:\/\/edallyhanquoc.vn\/upload\/images\/cach-arbutin-cat-nguon-con-nam-da.jpg\" alt=\"C\u00e1ch Arbutin c\u1eaft ngu\u1ed3n ch\u00e2n n\u00e1m\" data-mce-src=\"https:\/\/edallyhanquoc.vn\/upload\/images\/cach-arbutin-cat-nguon-con-nam-da.jpg\"><\/p>\n<h3><em>C\u00e1ch Arbutin c\u1eaft ngu\u1ed3n ch\u00e2n n\u00e1m<\/em><\/h3>\n<h2><strong>S\u1ea3m ph\u1ea9m ch\u1ee9a Arbutin tr\u1ecb n\u00e1m da t\u1ef1 nhi\u00ean t\u1ed1t nh\u1ea5t hi\u1ec7n nay<\/strong><\/h2>\n<p>Arbutin\u00a0l\u00e0 m\u1ed9t trong nh\u1eefng th\u00e0nh ph\u1ea7n \u0111\u1ea7u b\u1ea3ng c\u1ee7a\u00a0<a href=\"https:\/\/edallyhanquoc.vn\/ampoule-duong-trang-tri-nam-da-the-nature-book-han-quoc-the-naure-book-mesla-ampoule.html\" data-mce-href=\"https:\/\/edallyhanquoc.vn\/ampoule-duong-trang-tri-nam-da-the-nature-book-han-quoc-the-naure-book-mesla-ampoule.html\">Ampoule D\u01b0\u1ee1ng Tr\u1eafng Tr\u1ecb N\u00e1m Da The Nature Book<\/a>\u00a0\u0111\u1ebfn t\u1eeb th\u01b0\u01a1ng hi\u1ec7u\u00a0<a href=\"https:\/\/edallyhanquoc.vn\/my-pham-the-nature-book-han-quoc.html\" data-mce-href=\"https:\/\/edallyhanquoc.vn\/my-pham-the-nature-book-han-quoc.html\">M\u1ef9 ph\u1ea9m thi\u00ean nhi\u00ean The Nature Book H\u00e0n Qu\u1ed1c<\/a>. M\u1ed9t trong nh\u1eefng th\u00e0nh ph\u1ea7n l\u00e0m n\u00ean hi\u1ec7u qu\u1ea3 tr\u1eafng s\u00e1ng v\u00e0\u00a0<a href=\"https:\/\/edallyhanquoc.vn\/tip-ngan-ngua-nam-da-hieu-qua.html\" data-mce-href=\"https:\/\/edallyhanquoc.vn\/tip-ngan-ngua-nam-da-hieu-qua.html\">ng\u1eeba n\u00e1m<\/a>\u00a0v\u01b0\u1ee3t tr\u1ed9i cho\u00a0<a href=\"https:\/\/edallyhanquoc.vn\/san-pham.html\" data-mce-href=\"https:\/\/edallyhanquoc.vn\/san-pham.html\">s\u1ea3n ph\u1ea9m<\/a>.<\/p>\n<p><img decoding=\"async\" title=\"Ampoule D\u01b0\u1ee1ng Tr\u1eafng Tr\u1ecb N\u00e1m Da The Nature Book H\u00e0n Qu\u1ed1c, nh\u1eadp kh\u1ea9u, ch\u00ednh h\u00e3ng v\u1edbi th\u00e0nh ph\u1ea7n Arbutin t\u1eeb thi\u00ean nhi\u00ean\" src=\"https:\/\/edallyhanquoc.vn\/upload\/images\/ampoule-tri-nam-da-nature-book-sieu-pham-danh-bay-nam.jpg\" alt=\"Ampoule D\u01b0\u1ee1ng Tr\u1eafng Tr\u1ecb N\u00e1m Da The Nature Book H\u00e0n Qu\u1ed1c, nh\u1eadp kh\u1ea9u, ch\u00ednh h\u00e3ng v\u1edbi th\u00e0nh ph\u1ea7n Arbutin t\u1eeb thi\u00ean nhi\u00ean\" data-mce-src=\"https:\/\/edallyhanquoc.vn\/upload\/images\/ampoule-tri-nam-da-nature-book-sieu-pham-danh-bay-nam.jpg\"><\/p>\n<h3><em>Ampoule D\u01b0\u1ee1ng Tr\u1eafng Tr\u1ecb N\u00e1m Da The Nature Book H\u00e0n Qu\u1ed1c, nh\u1eadp kh\u1ea9u, ch\u00ednh h\u00e3ng v\u1edbi th\u00e0nh ph\u1ea7n Arbutin t\u1eeb thi\u00ean nhi\u00ean<\/em><\/h3>\n<p>Ai\u00a0<a href=\"https:\/\/edallyhanquoc.vn\/nam-da-hinh-thanh-bao-lau-roi-moi-xuat-hien.html\" data-mce-href=\"https:\/\/edallyhanquoc.vn\/nam-da-hinh-thanh-bao-lau-roi-moi-xuat-hien.html\">n\u00e1m s\u1ea1m<\/a>,\u00a0<a href=\"https:\/\/edallyhanquoc.vn\/da-tan-nhang-nhat-dinh-phai-nam-giu-5-bi-quyet-nay.html\" data-mce-href=\"https:\/\/edallyhanquoc.vn\/da-tan-nhang-nhat-dinh-phai-nam-giu-5-bi-quyet-nay.html\">t\u00e0n nhang<\/a>\u00a0m\u00e0 ch\u01b0a bi\u1ebft \u0111\u1ebfn Ampoule D\u01b0\u1ee1ng Tr\u1eafng Tr\u1ecb N\u00e1m Da The Nature Book H\u00e0n Qu\u1ed1c l\u00e0 m\u1ed9t thi\u1ec7t th\u00f2i \u0111\u1ea5y nh\u00e9.<\/p>\n<p>Ampoule D\u01b0\u1ee1ng Tr\u1eafng Tr\u1ecb N\u00e1m Da The Nature Book H\u00e0n Qu\u1ed1c\u00a0hi\u1ec7u qu\u1ea3 \u0111\u1ed9t ph\u00e1 g\u1ea5p 3 l\u1ea7n &#8211; gi\u1ea3m\u00a0<a href=\"https:\/\/edallyhanquoc.vn\/tac-hai-cua-nam-da-neu-dieu-tri-sai-cach.html\" data-mce-href=\"https:\/\/edallyhanquoc.vn\/tac-hai-cua-nam-da-neu-dieu-tri-sai-cach.html\">th\u00e2m n\u00e1m<\/a>\u00a0to\u00e0n di\u1ec7n &#8211; \u0111\u01b0\u1ee3c c\u00f4ng nh\u1eadn b\u1edfi KFDA.<\/p>\n<p>V\u1edbi nhi\u1ec1u n\u0103m nghi\u00ean c\u1ee9u s\u1ea3n ph\u1ea9m v\u00e0 \u00e1p d\u1ee5ng c\u00f4ng ngh\u1ec7 Liposome ti\u00ean ti\u1ebfn.\u00a0<a href=\"https:\/\/edallyhanquoc.vn\/tuyen-cua-hang-nhuong-quyen-thuong-hieu-shop-my-pham-han-quoc-the-nature-book.html\" data-mce-href=\"https:\/\/edallyhanquoc.vn\/tuyen-cua-hang-nhuong-quyen-thuong-hieu-shop-my-pham-han-quoc-the-nature-book.html\">Th\u01b0\u01a1ng hi\u1ec7u M\u1ef9 ph\u1ea9m thi\u00ean nhi\u00ean The Nature Book H\u00e0n Qu\u1ed1c<\/a>\u00a0\u0111\u00e3 cho ra \u0111\u1eddi s\u1ea3n ph\u1ea9m Ampoule D\u01b0\u1ee1ng Tr\u1eafng Tr\u1ecb N\u00e1m Da The Nature Book c\u00f3 kh\u1ea3 n\u0103ng t\u00e1c \u0111\u1ed9ng s\u00e2u v\u00e0 to\u00e0n di\u1ec7n t\u1edbi:<\/p>\n<ol>\n<li>\u0110\u00e1y bi\u1ec3u b\u00ec: \u201cNg\u0103n c\u1ea3n\u201d s\u1ef1 h\u00ecnh th\u00e0nh h\u1eafc h\u1eafc t\u1ed1 melanin b\u1eb1ng c\u01a1 ch\u1ebf c\u1eaft ngu\u1ed3n sinh\u00a0<a href=\"https:\/\/edallyhanquoc.vn\/nam-da-trong-qua-trinh-mang-thai-va-sau-sinh.html\" data-mce-href=\"https:\/\/edallyhanquoc.vn\/nam-da-trong-qua-trinh-mang-thai-va-sau-sinh.html\">n\u00e1m<\/a>.<\/li>\n<li>Ph\u1ea7n th\u01b0\u1ee3ng b\u00ec: \u201c\u0110i\u1ec1u ph\u1ed1i\u201d s\u1ef1 di chuy\u1ec3n v\u00e0 ph\u00e2n t\u00e1n melanin tr\u00ean da. L\u00e0m gi\u1ea3m m\u1eadt \u0111\u1ed9 v\u00e0 k\u00edch th\u01b0\u1edbc c\u1ee7a v\u1ebft\u00a0<a href=\"https:\/\/edallyhanquoc.vn\/nhung-sai-lam-khien-nam-da-ngay-cang-nang-hon.html\" data-mce-href=\"https:\/\/edallyhanquoc.vn\/nhung-sai-lam-khien-nam-da-ngay-cang-nang-hon.html\">n\u00e1m<\/a>\u00a0m\u1ed9t c\u00e1ch hi\u1ec7u qu\u1ea3.<\/li>\n<\/ol>\n<h3><em>Ampoule D\u01b0\u1ee1ng Tr\u1eafng Tr\u1ecb N\u00e1m Da The Nature Book H\u00e0n Qu\u1ed1c, nh\u1eadp kh\u1ea9u, ch\u00ednh h\u00e3ng<\/em><\/h3>\n<p>C\u00f9ng Ampoule D\u01b0\u1ee1ng Tr\u1eafng Tr\u1ecb N\u00e1m Da The Nature Book ch\u0103m da xinh,\u00a0<a href=\"https:\/\/edallyhanquoc.vn\/thiet-ke-phac-do-routine-dieu-tri-nam-mang-nam-chan-sau-nam-hon-hop.html\" data-mce-href=\"https:\/\/edallyhanquoc.vn\/thiet-ke-phac-do-routine-dieu-tri-nam-mang-nam-chan-sau-nam-hon-hop.html\">ng\u1eeba da n\u00e1m<\/a>\u00a0ngay th\u00f4i n\u00e0ng nh\u00e9!<\/p>\n","protected":false},"excerpt":{"rendered":"<h2><strong>S\u1ea3n ph\u1ea9m ch\u1ee9a Arbutin tr\u1ecb n\u00e1m da t\u1ef1 nhi\u00ean t\u1ed1t nh\u1ea5t hi\u1ec7n nay<\/strong><\/h2>\n","protected":false},"featured_media":1506,"comment_status":"open","ping_status":"closed","template":"","meta":{"site-sidebar-layout":"default","site-content-layout":"","ast-site-content-layout":"default","site-content-style":"default","site-sidebar-style":"default","ast-global-header-display":"","ast-banner-title-visibility":"","ast-main-header-display":"","ast-hfb-above-header-display":"","ast-hfb-below-header-display":"","ast-hfb-mobile-header-display":"","site-post-title":"","ast-breadcrumbs-content":"","ast-featured-img":"","footer-sml-layout":"","theme-transparent-header-meta":"","adv-header-id-meta":"","stick-header-meta":"","header-above-stick-meta":"","header-main-stick-meta":"","header-below-stick-meta":"","astra-migrate-meta-layouts":"default","ast-page-background-enabled":"default","ast-page-background-meta":{"desktop":{"background-color":"var(--ast-global-color-5)","background-image":"","background-repeat":"repeat","background-position":"center center","background-size":"auto","background-attachment":"scroll","background-type":"","background-media":"","overlay-type":"","overlay-color":"","overlay-opacity":"","overlay-gradient":""},"tablet":{"background-color":"","background-image":"","background-repeat":"repeat","background-position":"center center","background-size":"auto","background-attachment":"scroll","background-type":"","background-media":"","overlay-type":"","overlay-color":"","overlay-opacity":"","overlay-gradient":""},"mobile":{"background-color":"","background-image":"","background-repeat":"repeat","background-position":"center center","background-size":"auto","background-attachment":"scroll","background-type":"","background-media":"","overlay-type":"","overlay-color":"","overlay-opacity":"","overlay-gradient":""}},"ast-content-background-meta":{"desktop":{"background-color":"var(--ast-global-color-4)","background-image":"","background-repeat":"repeat","background-position":"center center","background-size":"auto","background-attachment":"scroll","background-type":"","background-media":"","overlay-type":"","overlay-color":"","overlay-opacity":"","overlay-gradient":""},"tablet":{"background-color":"var(--ast-global-color-4)","background-image":"","background-repeat":"repeat","background-position":"center center","background-size":"auto","background-attachment":"scroll","background-type":"","background-media":"","overlay-type":"","overlay-color":"","overlay-opacity":"","overlay-gradient":""},"mobile":{"background-color":"var(--ast-global-color-4)","background-image":"","background-repeat":"repeat","background-position":"center center","background-size":"auto","background-attachment":"scroll","background-type":"","background-media":"","overlay-type":"","overlay-color":"","overlay-opacity":"","overlay-gradient":""}}},"product_brand":[122],"product_cat":[299,18,298,19,17,121,291],"product_tag":[],"class_list":{"0":"post-1469","1":"product","2":"type-product","3":"status-publish","4":"has-post-thumbnail","6":"product_brand-nature-book","7":"product_cat-bo-san-pham-lam-dep","8":"product_cat-cham-soc-da-mat","9":"product_cat-cham-soc-da-mat-sac-dep","10":"product_cat-duong-da","11":"product_cat-my-pham","12":"product_cat-nature-book","13":"product_cat-sac-dep","14":"desktop-align-left","15":"tablet-align-left","16":"mobile-align-left","18":"first","19":"instock","20":"sale","21":"taxable","22":"shipping-taxable","23":"purchasable","24":"product-type-simple"},"_links":{"self":[{"href":"https:\/\/omewa.online\/index.php\/wp-json\/wp\/v2\/product\/1469","targetHints":{"allow":["GET"]}}],"collection":[{"href":"https:\/\/omewa.online\/index.php\/wp-json\/wp\/v2\/product"}],"about":[{"href":"https:\/\/omewa.online\/index.php\/wp-json\/wp\/v2\/types\/product"}],"replies":[{"embeddable":true,"href":"https:\/\/omewa.online\/index.php\/wp-json\/wp\/v2\/comments?post=1469"}],"wp:featuredmedia":[{"embeddable":true,"href":"https:\/\/omewa.online\/index.php\/wp-json\/wp\/v2\/media\/1506"}],"wp:attachment":[{"href":"https:\/\/omewa.online\/index.php\/wp-json\/wp\/v2\/media?parent=1469"}],"wp:term":[{"taxonomy":"product_brand","embeddable":true,"href":"https:\/\/omewa.online\/index.php\/wp-json\/wp\/v2\/product_brand?post=1469"},{"taxonomy":"product_cat","embeddable":true,"href":"https:\/\/omewa.online\/index.php\/wp-json\/wp\/v2\/product_cat?post=1469"},{"taxonomy":"product_tag","embeddable":true,"href":"https:\/\/omewa.online\/index.php\/wp-json\/wp\/v2\/product_tag?post=1469"}],"curies":[{"name":"wp","href":"https:\/\/api.w.org\/{rel}","templated":true}]}}