{"id":1468,"date":"2025-11-01T18:20:36","date_gmt":"2025-11-01T18:20:36","guid":{"rendered":"https:\/\/omewa.online\/?post_type=product&#038;p=1468"},"modified":"2026-04-15T21:55:40","modified_gmt":"2026-04-15T20:55:40","slug":"sua-rua-mat-ngua-mun-the-nautre-book-han-quoc","status":"publish","type":"product","link":"https:\/\/omewa.online\/index.php\/product\/sua-rua-mat-ngua-mun-the-nautre-book-han-quoc\/","title":{"rendered":"S\u1eefa R\u1eeda M\u1eb7t Ng\u1eeba M\u1ee5n The Nautre Book H\u00e0n Qu\u1ed1c"},"content":{"rendered":"<h2 id=\"1._gioi_thieu_ve_sua_rua_mat_ngua_mun_the_nature_book_hn_quoc_nhap_khau_chnh_hng\">1. Gi\u1edbi thi\u1ec7u v\u1ec1 S\u1eefa r\u1eeda m\u1eb7t ng\u1eeba m\u1ee5n The Nature Book H\u00e0n Qu\u1ed1c nh\u1eadp kh\u1ea9u ch\u00ednh h\u00e3ng<\/h2>\n<p>Sau bao nhi\u00eau ng\u00e0y th\u00e1ng \u0111\u1ea7y mong ch\u1edd, \u0111\u1ebfn ng\u00e0y 27\/03\/2024, S\u1eefa r\u1eeda m\u1eb7t ng\u1eeba m\u1ee5n The Nature Book l\u1ea7n \u0111\u1ea7u ti\u00ean \u0111\u01b0\u1ee3c ra m\u1eaft t\u1ea1i Vi\u1ec7t Nam. \u0110\u00e2y l\u00e0 m\u1ed9t b\u01b0\u1edbc ti\u1ebfn m\u1edbi trong vi\u1ec7c ch\u0103m s\u00f3c da v\u00e0 ng\u0103n ch\u1eb7n m\u1ee5n tr\u1ee9ng c\u00e1 hi\u1ec7u qu\u1ea3. V\u1edbi c\u00f4ng th\u1ee9c t\u1ef1 nhi\u00ean v\u00e0 c\u00e1c th\u00e0nh ph\u1ea7n d\u01b0\u1ee1ng ch\u1ea5t c\u1ea7n thi\u1ebft, s\u1ea3n ph\u1ea9m n\u00e0y l\u00e0 l\u1ef1a ch\u1ecdn l\u00fd t\u01b0\u1edfng cho l\u00e0n da c\u1ee7a b\u1ea1n.<\/p>\n<h3>S\u1eefa r\u1eeda m\u1eb7t ng\u1eeba m\u1ee5n The Nature Book H\u00e0n Qu\u1ed1c nh\u1eadp kh\u1ea9u ch\u00ednh h\u00e3ng<\/h3>\n<h2 id=\"2._thnh_phan_cua_sua_rua_mat_ngua_mun_the_nature_book_hn_quoc_nhap_khau_chnh_hng\">2. Th\u00e0nh ph\u1ea7n c\u1ee7a S\u1eefa r\u1eeda m\u1eb7t ng\u1eeba m\u1ee5n The Nature Book H\u00e0n Qu\u1ed1c nh\u1eadp kh\u1ea9u ch\u00ednh h\u00e3ng<\/h2>\n<p>S\u1eefa r\u1eeda m\u1eb7t ng\u1eeba m\u1ee5n The Nature Book H\u00e0n Qu\u1ed1c v\u1edbi th\u00e0nh ph\u1ea7n nh\u01b0 m\u1ed9t kho t\u00e0ng d\u01b0\u1ee1ng ch\u1ea5t thi\u1ebft y\u1ebfu \u0111\u01b0\u1ee3c chi\u1ebft xu\u1ea5t t\u1eeb thi\u00ean nhi\u00ean nh\u01b0:\u00a0<a>Glycerin<\/a>, AHA (Palmitic Acid, Stearic Acid, Lauric Acid), Salicylic Acid, Hydrolyzed Hyaluronic Acid, Hydrolyzed Sodium Hyaluronate, Hyaluronic Acid, Natri Hyaluronate, Natri Hyaluronate Acid Hyaluronic, Natri Hyaluronate th\u1ee7y ph\u00e2n, L\u00ean men Aspergillus\/l\u01b0 l\u1ecdc l\u00ean men g\u1ea1o.<\/p>\n<h2 id=\"3._tc_dung_cua_sua_rua_mat_ngua_mun_the_nature_book_hn_quoc_nhap_khau_chnh_hng\">3. T\u00e1c d\u1ee5ng c\u1ee7a S\u1eefa r\u1eeda m\u1eb7t ng\u1eeba m\u1ee5n The Nature Book H\u00e0n Qu\u1ed1c nh\u1eadp kh\u1ea9u ch\u00ednh h\u00e3ng<\/h2>\n<p>Kh\u00f4ng ch\u1ec9 gi\u00fap l\u00e0m s\u1ea1ch b\u1ee5i b\u1ea9n, b\u00e3 nh\u1eddn, d\u1ea7u th\u1eeba v\u00e0 c\u00e1c l\u1edbp trang \u0111i\u1ec3m \u1edf tr\u00ean da, gi\u00fap d\u01b0\u1ee1ng \u1ea9m da, gi\u00fap da m\u1ec1m m\u1ecbn, m\u00e0 em S\u1eefa r\u1eeda m\u1eb7t ng\u1eeba m\u1ee5n The Nature Book n\u00e0y c\u00f2n h\u1ed7 tr\u1ee3 l\u00e0m gi\u1ea3m m\u1ee5n tr\u1ee9ng c\u00e1 tr\u00ean da m\u1eb7t m\u1ed9t c\u00e1ch hi\u1ec7u qu\u1ea3.<\/p>\n<p>B\u1ed5 sung d\u01b0\u1ee1ng ch\u1ea5t c\u1ea7n thi\u1ebft cho da, gi\u00fap l\u00e0n da kh\u1ecfe m\u1ea1nh, r\u1ea1ng r\u1ee1 h\u01a1n.<\/p>\n<p>Kh\u00e1ng vi\u00eam, l\u00e0m d\u1ecbu m\u00e1t v\u00e0 c\u00e2n b\u1eb1ng da.<\/p>\n<p>Gi\u00fap k\u00edch ho\u1ea1t t\u1ebf b\u00e0o da kh\u1ecfe m\u1ea1nh, t\u00e1c \u0111\u1ed9ng \u0111\u1ebfn t\u1ea7ng s\u00e2u c\u1ee7a da, c\u1ea3i thi\u1ec7n l\u00e0m m\u1ec1m s\u1ee3i\u00a0<a href=\"https:\/\/edallyhanquoc.vn\/nuoc-uong-collagen-edally-beauty-super-collagen-edally.html\">Collagen<\/a>\u00a0v\u00e0 Elastin.<\/p>\n<p>Ph\u00f9 h\u1ee3p cho m\u1ecdi lo\u1ea1i da, c\u00f3 th\u1ec3 s\u1eed d\u1ee5ng h\u00e0ng ng\u00e0y \u0111\u1ec3 duy tr\u00ec l\u00e0n da s\u1ea1ch m\u1ee5n, tr\u00e0n \u0111\u1ea7y s\u1ee9c s\u1ed1ng.<\/p>\n<p>K\u1ebft c\u1ea5u kem m\u1ecbn, t\u1ea1o nhi\u1ec1u b\u1ecdt, d\u1ec5 d\u00e0ng len l\u1ecfi v\u00e0o t\u1eebng l\u1ed7 ch\u00e2n l\u00f4ng, gi\u00fap lo\u1ea1i b\u1ecf b\u1ee5i b\u1ea9n, t\u1ea1p ch\u1ea5t nh\u01b0ng v\u1eabn gi\u1eef l\u1ea1i \u0111\u1ed9 \u1ea9m tr\u00ean da, c\u00e2n b\u1eb1ng l\u1ea1i tuy\u1ebfn b\u00e3 nh\u1eddn.<\/p>\n<p>Sau khi r\u1eeda m\u1eb7t xong b\u1ea1n s\u1ebd c\u00f3 c\u1ea3m gi\u00e1c da s\u1ea1ch nh\u01b0ng m\u1ecbn v\u00e0 m\u1ec1m r\u1ea5t d\u1ec5 ch\u1ecbu, kh\u00f4ng b\u1ecb kh\u00f4.<\/p>\n<p>&nbsp;<\/p>\n<h3>C\u00f4ng d\u1ee5ng c\u1ee7a S\u1eefa r\u1eeda m\u1eb7t ng\u1eeba m\u1ee5n The Nature Book H\u00e0n Qu\u1ed1c nh\u1eadp kh\u1ea9u ch\u00ednh h\u00e3ng<\/h3>\n<h2 id=\"4._diem_noi_bat_cua_sua_rua_mat_ngua_mun_the_nature_book_hn_quoc_nhap_khau_chnh_hng\">4. \u0110i\u1ec3m n\u1ed9i b\u1eadt c\u1ee7a S\u1eefa r\u1eeda m\u1eb7t ng\u1eeba m\u1ee5n The Nature Book H\u00e0n Qu\u1ed1c nh\u1eadp kh\u1ea9u ch\u00ednh h\u00e3ng<\/h2>\n<p>X\u1eed l\u00fd m\u1ee5n tr\u1ee9ng c\u00e1 si\u00eau hi\u1ec7u qu\u1ea3.<\/p>\n<p>C\u00f4ng ngh\u1ec7 nano th\u1ee7y ph\u00e2n gi\u00fap chia nh\u1ecf ph\u00e2n t\u1eed, ph\u00e2n t\u1eed ng\u1eadm n\u01b0\u1edbc, gi\u00fap c\u1ea5p \u1ea9m t\u1ed1t, t\u1eadp trung d\u01b0\u1ee1ng ch\u1ea5t cao.<\/p>\n<p>H\u1ea5p th\u1ee5 v\u00e0 th\u1ea9m th\u1ea5u nhanh v\u00e0o da.<\/p>\n<p>K\u1ebft h\u1ee3p ho\u00e0n h\u1ea3o gi\u1eefa AHA, BHA v\u00e0 8 lo\u1ea1i HA t\u1ed5ng h\u1ee3p t\u1ea1o c\u00f4ng d\u1ee5ng \u0111\u1ed9t ph\u00e1 cho d\u1ea3n ph\u1ea9m.<\/p>\n<p>M\u00f9i th\u01a1m, b\u1ecdt m\u1ecbn, s\u1ea1ch s\u00e2u.<\/p>\n<p>C\u1ea3i thi\u1ec7n gi\u00fap s\u00e1ng da, \u0111\u1ec1u m\u00e0u da.<\/p>\n<p>An to\u00e0n, hi\u1ec7u qu\u1ea3.<\/p>\n<h3>\u01afu \u0111i\u1ec3m n\u1ed9i b\u1eadt c\u1ee7a S\u1eefa r\u1eeda m\u1eb7t ng\u1eeba m\u1ee5n The Nature Book H\u00e0n Qu\u1ed1c nh\u1eadp kh\u1ea9u ch\u00ednh h\u00e3ng<\/h3>\n<h2 id=\"5._huong_dan_su_dung_sua_rua_mat_ngua_mun_the_nature_book_hn_quoc_nhap_khau_chnh_hng\">5. H\u01b0\u1edbng d\u1eabn s\u1eed d\u1ee5ng S\u1eefa r\u1eeda m\u1eb7t ng\u1eeba m\u1ee5n The Nature Book H\u00e0n Qu\u1ed1c nh\u1eadp kh\u1ea9u ch\u00ednh h\u00e3ng<\/h2>\n<p>L\u1ea9y m\u1ed9t l\u01b0\u1ee3ng s\u1ea3n ph\u1ea9m v\u1eeba \u0111\u1ee7 ra tay \u0111\u1ec3 t\u1ea1o b\u1ecdt.<\/p>\n<p>Nh\u1eb9 nh\u00e0ng massage to\u00e0n m\u1eb7t.<\/p>\n<p>R\u1eeda s\u1ea1ch l\u1ea1i v\u1edbi n\u01b0\u1edbc s\u1ea1ch.<\/p>\n<h2 id=\"6._cch_dat_mua_sua_rua_mat_ngua_mun_the_nature_book_hn_quoc_nhap_khau_chnh_hng\">6. C\u00e1ch \u0111\u1eb7t mua S\u1eefa r\u1eeda m\u1eb7t ng\u1eeba m\u1ee5n The Nature Book H\u00e0n Qu\u1ed1c nh\u1eadp kh\u1ea9u ch\u00ednh h\u00e3ng<\/h2>\n<p>S\u1eefa r\u1eeda m\u1eb7t ng\u1eeba m\u1ee5n The Nature Book ch\u00ednh th\u1ee9c \u0111\u01b0\u1ee3c m\u1edf b\u00e1n tr\u00ean m\u1ecdi n\u1ec1n t\u1ea3ng ch\u00ednh th\u1ee9c c\u1ee7a th\u01b0\u01a1ng hi\u1ec7u. H\u00e3y tr\u1edf th\u00e0nh nh\u1eefng kh\u00e1ch h\u00e0ng \u0111\u1ea7u ti\u00ean tr\u1ea3i nghi\u1ec7m d\u00f2ng\u00a0<a href=\"https:\/\/edallyhanquoc.vn\/sua-rua-mat-muoi-hong-himalaya-the-nature-book-han-quoc-himalaya-pink-salt-scrub-foam-cleaneser.html\">s\u1eefa r\u1eeda m\u1eb7t ho\u00e0n h\u1ea3o<\/a>\u00a0n\u00e0y nh\u00e9!<\/p>\n","protected":false},"excerpt":{"rendered":"<ul>\n<li>Dung t\u00edch: 120ml<\/li>\n<li>Th\u01b0\u01a1ng hi\u1ec7u:\u00a0<a href=\"https:\/\/edallyhanquoc.vn\/my-pham-the-nature-book-han-quoc.html\">The Nature Book<\/a><\/li>\n<li>Xu\u1ea5t x\u1ee9: H\u00e0n Qu\u1ed1c<\/li>\n<li>H\u1ea1n s\u1eed d\u1ee5ng: 3 n\u0103m k\u1ec3 t\u1eeb ng\u00e0y s\u1ea3n xu\u1ea5t<\/li>\n<\/ul>\n","protected":false},"featured_media":1503,"comment_status":"open","ping_status":"closed","template":"","meta":{"site-sidebar-layout":"default","site-content-layout":"","ast-site-content-layout":"default","site-content-style":"default","site-sidebar-style":"default","ast-global-header-display":"","ast-banner-title-visibility":"","ast-main-header-display":"","ast-hfb-above-header-display":"","ast-hfb-below-header-display":"","ast-hfb-mobile-header-display":"","site-post-title":"","ast-breadcrumbs-content":"","ast-featured-img":"","footer-sml-layout":"","theme-transparent-header-meta":"","adv-header-id-meta":"","stick-header-meta":"","header-above-stick-meta":"","header-main-stick-meta":"","header-below-stick-meta":"","astra-migrate-meta-layouts":"default","ast-page-background-enabled":"default","ast-page-background-meta":{"desktop":{"background-color":"var(--ast-global-color-5)","background-image":"","background-repeat":"repeat","background-position":"center center","background-size":"auto","background-attachment":"scroll","background-type":"","background-media":"","overlay-type":"","overlay-color":"","overlay-opacity":"","overlay-gradient":""},"tablet":{"background-color":"","background-image":"","background-repeat":"repeat","background-position":"center center","background-size":"auto","background-attachment":"scroll","background-type":"","background-media":"","overlay-type":"","overlay-color":"","overlay-opacity":"","overlay-gradient":""},"mobile":{"background-color":"","background-image":"","background-repeat":"repeat","background-position":"center center","background-size":"auto","background-attachment":"scroll","background-type":"","background-media":"","overlay-type":"","overlay-color":"","overlay-opacity":"","overlay-gradient":""}},"ast-content-background-meta":{"desktop":{"background-color":"var(--ast-global-color-4)","background-image":"","background-repeat":"repeat","background-position":"center center","background-size":"auto","background-attachment":"scroll","background-type":"","background-media":"","overlay-type":"","overlay-color":"","overlay-opacity":"","overlay-gradient":""},"tablet":{"background-color":"var(--ast-global-color-4)","background-image":"","background-repeat":"repeat","background-position":"center center","background-size":"auto","background-attachment":"scroll","background-type":"","background-media":"","overlay-type":"","overlay-color":"","overlay-opacity":"","overlay-gradient":""},"mobile":{"background-color":"var(--ast-global-color-4)","background-image":"","background-repeat":"repeat","background-position":"center center","background-size":"auto","background-attachment":"scroll","background-type":"","background-media":"","overlay-type":"","overlay-color":"","overlay-opacity":"","overlay-gradient":""}}},"product_brand":[122],"product_cat":[299,18,298,19,17,121,291],"product_tag":[],"class_list":{"0":"post-1468","1":"product","2":"type-product","3":"status-publish","4":"has-post-thumbnail","6":"product_brand-nature-book","7":"product_cat-bo-san-pham-lam-dep","8":"product_cat-cham-soc-da-mat","9":"product_cat-cham-soc-da-mat-sac-dep","10":"product_cat-duong-da","11":"product_cat-my-pham","12":"product_cat-nature-book","13":"product_cat-sac-dep","14":"desktop-align-left","15":"tablet-align-left","16":"mobile-align-left","18":"first","19":"instock","20":"sale","21":"taxable","22":"shipping-taxable","23":"purchasable","24":"product-type-simple"},"_links":{"self":[{"href":"https:\/\/omewa.online\/index.php\/wp-json\/wp\/v2\/product\/1468","targetHints":{"allow":["GET"]}}],"collection":[{"href":"https:\/\/omewa.online\/index.php\/wp-json\/wp\/v2\/product"}],"about":[{"href":"https:\/\/omewa.online\/index.php\/wp-json\/wp\/v2\/types\/product"}],"replies":[{"embeddable":true,"href":"https:\/\/omewa.online\/index.php\/wp-json\/wp\/v2\/comments?post=1468"}],"wp:featuredmedia":[{"embeddable":true,"href":"https:\/\/omewa.online\/index.php\/wp-json\/wp\/v2\/media\/1503"}],"wp:attachment":[{"href":"https:\/\/omewa.online\/index.php\/wp-json\/wp\/v2\/media?parent=1468"}],"wp:term":[{"taxonomy":"product_brand","embeddable":true,"href":"https:\/\/omewa.online\/index.php\/wp-json\/wp\/v2\/product_brand?post=1468"},{"taxonomy":"product_cat","embeddable":true,"href":"https:\/\/omewa.online\/index.php\/wp-json\/wp\/v2\/product_cat?post=1468"},{"taxonomy":"product_tag","embeddable":true,"href":"https:\/\/omewa.online\/index.php\/wp-json\/wp\/v2\/product_tag?post=1468"}],"curies":[{"name":"wp","href":"https:\/\/api.w.org\/{rel}","templated":true}]}}