{"id":1467,"date":"2025-11-01T18:20:36","date_gmt":"2025-11-01T18:20:36","guid":{"rendered":"https:\/\/omewa.online\/?post_type=product&#038;p=1467"},"modified":"2025-11-26T01:41:05","modified_gmt":"2025-11-26T01:41:05","slug":"son-tint-2-apricot-rose-lover-thuan-chay-khong-chi-the-nature-book-han-quoc","status":"publish","type":"product","link":"https:\/\/omewa.online\/index.php\/product\/son-tint-2-apricot-rose-lover-thuan-chay-khong-chi-the-nature-book-han-quoc\/","title":{"rendered":"Son Tint #2 Apricot Rose Lover thu\u1ea7n chay kh\u00f4ng ch\u00ec The Nature Book H\u00e0n Qu\u1ed1c"},"content":{"rendered":"<p data-start=\"205\" data-end=\"325\">\ud83d\udc84 <strong data-start=\"208\" data-end=\"257\">SON TINT THU\u1ea6N CHAY KH\u00d4NG CH\u00cc THE NATURE BOOK<\/strong><br data-start=\"257\" data-end=\"260\" \/>\u2728 <em data-start=\"262\" data-end=\"325\">Soft Velvet Tint \u2013 S\u1ef1 Quy\u1ebfn R\u0169 Tinh T\u1ebf C\u1ee7a S\u1eafc M\u00e0u Thu\u1ea7n Chay<\/em><\/p>\n<p data-start=\"327\" data-end=\"543\">\ud83c\udf3f <strong data-start=\"330\" data-end=\"376\">Thu\u1ea7n chay &#8211; Kh\u00f4ng ch\u00ec &#8211; An to\u00e0n tuy\u1ec7t \u0111\u1ed1i<\/strong><br data-start=\"376\" data-end=\"379\" \/>B\u1ea1n \u0111ang t\u00ecm ki\u1ebfm m\u1ed9t th\u1ecfi <strong data-start=\"406\" data-end=\"425\">son tint l\u00ec m\u1ecbn<\/strong> v\u1eeba b\u1ec1n m\u00e0u v\u1eeba <strong data-start=\"442\" data-end=\"463\">l\u00e0nh t\u00ednh cho m\u00f4i<\/strong>? \ud83d\udc49 <em data-start=\"468\" data-end=\"502\">The Nature Book Soft Velvet Tint<\/em> ch\u00ednh l\u00e0 l\u1ef1a ch\u1ecdn l\u00fd t\u01b0\u1edfng d\u00e0nh cho b\u1ea1n!<\/p>\n<hr data-start=\"545\" data-end=\"548\" \/>\n<h3 data-start=\"550\" data-end=\"605\">\ud83c\udf08 <strong data-start=\"557\" data-end=\"605\">B\u1ea3ng m\u00e0u th\u1eddi th\u01b0\u1ee3ng \u2013 T\u1ecfa s\u00e1ng m\u1ecdi \u00e1nh nh\u00ecn<\/strong><\/h3>\n<p data-start=\"606\" data-end=\"809\">\ud83d\udd38 <strong data-start=\"609\" data-end=\"626\">#1 Rose Lover<\/strong>: T\u00f4ng <strong data-start=\"633\" data-end=\"647\">\u0111\u1ecf pha n\u00e2u<\/strong> sang tr\u1ecdng, quy\u1ebfn r\u0169 \u2013 ho\u00e0n h\u1ea3o cho ti\u1ec7c t\u1ed1i v\u00e0 s\u1ef1 ki\u1ec7n.<br data-start=\"704\" data-end=\"707\" \/>\ud83d\udd38 <strong data-start=\"710\" data-end=\"724\">#2 Apricot<\/strong>: M\u00e0u <strong data-start=\"730\" data-end=\"749\">\u0111\u1ecf cam t\u01b0\u01a1i tr\u1ebb<\/strong>, n\u00e2ng t\u00f4ng da \u2013 ph\u00f9 h\u1ee3p v\u1edbi phong c\u00e1ch n\u0103ng \u0111\u1ed9ng, hi\u1ec7n \u0111\u1ea1i.<\/p>\n<hr data-start=\"811\" data-end=\"814\" \/>\n<h3 data-start=\"816\" data-end=\"861\">\ud83d\udc8b <strong data-start=\"823\" data-end=\"861\">Ch\u1ea5t son Velvet \u2013 L\u00ec m\u1ecbn nh\u01b0 nhung<\/strong><\/h3>\n<p data-start=\"862\" data-end=\"1031\">\u2714 K\u1ebft c\u1ea5u <strong data-start=\"872\" data-end=\"899\">nhung l\u00ec \u2013 hi\u1ec7u \u1ee9ng b\u1ed9t<\/strong> \u0111\u1ed9c \u0111\u00e1o, gi\u00fap m\u00e0u l\u00ean chu\u1ea9n v\u00e0 b\u00e1m m\u00e0u \u0111\u1ebfn <strong data-start=\"943\" data-end=\"955\">6\u201310 gi\u1edd<\/strong>.<br data-start=\"956\" data-end=\"959\" \/>\u2714 <strong data-start=\"961\" data-end=\"994\">Kh\u00f4ng kh\u00f4 m\u00f4i, kh\u00f4ng b\u1ebft d\u00ednh<\/strong>, t\u1ea1o hi\u1ec7u \u1ee9ng m\u00f4i m\u1ecbn m\u00e0ng t\u1ef1 nhi\u00ean.<\/p>\n<hr data-start=\"1033\" data-end=\"1036\" \/>\n<h3 data-start=\"1038\" data-end=\"1088\">\ud83c\udf31 <strong data-start=\"1045\" data-end=\"1088\">Th\u00e0nh ph\u1ea7n t\u1ef1 nhi\u00ean \u2013 D\u01b0\u1ee1ng m\u00f4i an to\u00e0n<\/strong><\/h3>\n<p data-start=\"1089\" data-end=\"1308\">Chi\u1ebft xu\u1ea5t t\u1eeb <strong data-start=\"1103\" data-end=\"1130\">10 lo\u1ea1i hoa v\u00e0 tr\u00e1i c\u00e2y<\/strong>, son kh\u00f4ng ch\u1ec9 l\u00ean m\u00e0u \u0111\u1eb9p m\u00e0 c\u00f2n c\u00f3 <strong data-start=\"1168\" data-end=\"1199\">h\u01b0\u01a1ng th\u01a1m tr\u00e1i c\u00e2y d\u1ecbu nh\u1eb9<\/strong>, c\u00f9ng <strong data-start=\"1206\" data-end=\"1226\">v\u1ecb ng\u1ecdt t\u1ef1 nhi\u00ean<\/strong> \u2013 \u0111\u1ea1t <strong data-start=\"1233\" data-end=\"1266\">ch\u1ee9ng nh\u1eadn thu\u1ea7n chay qu\u1ed1c t\u1ebf<\/strong>, tuy\u1ec7t \u0111\u1ed1i <strong data-start=\"1278\" data-end=\"1307\">kh\u00f4ng h\u00f3a ch\u1ea5t, kh\u00f4ng ch\u00ec<\/strong>.<\/p>\n<hr data-start=\"1310\" data-end=\"1313\" \/>\n<h3 data-start=\"1315\" data-end=\"1372\">\ud83d\udc9c <strong data-start=\"1322\" data-end=\"1372\">Thi\u1ebft k\u1ebf sang tr\u1ecdng \u2013 Ph\u1ee5 ki\u1ec7n th\u1eddi trang mini<\/strong><\/h3>\n<p data-start=\"1373\" data-end=\"1567\">\ud83d\udc49 Thi\u1ebft k\u1ebf <strong data-start=\"1385\" data-end=\"1420\">tr\u1ee5 tr\u00f2n t\u00f4ng t\u00edm mauve pha \u0111en<\/strong>, logo tr\u1eafng n\u1ed5i b\u1eadt \u2013 th\u1eddi th\u01b0\u1ee3ng v\u00e0 c\u00e1 t\u00ednh.<br data-start=\"1466\" data-end=\"1469\" \/>\ud83d\udc49 \u0110\u1ea7u c\u1ecd v\u00e1t m\u1ec1m, <strong data-start=\"1488\" data-end=\"1523\">t\u00e1n \u0111\u1ec1u v\u00e0 t\u1ea1o vi\u1ec1n m\u00f4i d\u1ec5 d\u00e0ng<\/strong>, th\u00edch h\u1ee3p c\u1ea3 v\u1edbi ng\u01b0\u1eddi m\u1edbi b\u1eaft \u0111\u1ea7u makeup.<\/p>\n<hr data-start=\"1569\" data-end=\"1572\" \/>\n<h3 data-start=\"1574\" data-end=\"1602\">\u2705 <strong data-start=\"1580\" data-end=\"1602\">Th\u00f4ng tin s\u1ea3n ph\u1ea9m<\/strong><\/h3>\n<ul data-start=\"1603\" data-end=\"1750\">\n<li data-start=\"1603\" data-end=\"1639\">\n<p data-start=\"1605\" data-end=\"1639\"><strong data-start=\"1605\" data-end=\"1620\">Th\u01b0\u01a1ng hi\u1ec7u<\/strong>: The Nature Book<\/p>\n<\/li>\n<li data-start=\"1640\" data-end=\"1662\">\n<p data-start=\"1642\" data-end=\"1662\"><strong data-start=\"1642\" data-end=\"1655\">Dung t\u00edch<\/strong>: 7ml<\/p>\n<\/li>\n<li data-start=\"1663\" data-end=\"1688\">\n<p data-start=\"1665\" data-end=\"1688\"><strong data-start=\"1665\" data-end=\"1676\">Xu\u1ea5t x\u1ee9<\/strong>: H\u00e0n Qu\u1ed1c<\/p>\n<\/li>\n<li data-start=\"1689\" data-end=\"1750\">\n<p data-start=\"1691\" data-end=\"1750\"><strong data-start=\"1691\" data-end=\"1702\">Cam k\u1ebft<\/strong>: Kh\u00f4ng ch\u00ec \u2013 Kh\u00f4ng h\u00f3a ch\u1ea5t \u2013 An to\u00e0n tuy\u1ec7t \u0111\u1ed1i<\/p>\n<\/li>\n<\/ul>\n<hr data-start=\"1752\" data-end=\"1755\" \/>\n<h3 data-start=\"1757\" data-end=\"1797\">\ud83c\udf81 <strong data-start=\"1764\" data-end=\"1797\">Ch\u00ednh s\u00e1ch b\u1ea3o h\u00e0nh &amp; \u0111\u1ed5i tr\u1ea3<\/strong><\/h3>\n<p data-start=\"1798\" data-end=\"1920\">\ud83d\udd01 <strong data-start=\"1801\" data-end=\"1825\">1 \u0111\u1ed5i 1 trong 7 ng\u00e0y<\/strong> n\u1ebfu s\u1ea3n ph\u1ea9m kh\u00f4ng \u0111\u00fang m\u00f4 t\u1ea3.<br data-start=\"1856\" data-end=\"1859\" \/>\ud83c\udf9f M\u1ed7i s\u1ea3n ph\u1ea9m \u0111i k\u00e8m <strong data-start=\"1882\" data-end=\"1908\">01 th\u1ebb b\u1ea3o h\u00e0nh l\u00e0n da<\/strong> ch\u00ednh h\u00e3ng.<\/p>\n<hr data-start=\"1922\" data-end=\"1925\" \/>\n<p data-start=\"1927\" data-end=\"2052\">\ud83d\udc49 H\u00e3y \u0111\u1ec3 <strong data-start=\"1937\" data-end=\"1957\">Soft Velvet Tint<\/strong> n\u00e2ng t\u1ea7m kh\u00ed ch\u1ea5t v\u00e0 phong c\u00e1ch c\u1ee7a b\u1ea1n \u2013 t\u1eeb d\u1ecbu d\u00e0ng \u0111\u1ebfn sang ch\u1ea3nh ch\u1ec9 v\u1edbi m\u1ed9t l\u1ea7n ch\u1ea1m m\u00f4i!<\/p>\n<hr data-start=\"2054\" data-end=\"2057\" \/>\n<p data-start=\"2059\" data-end=\"2347\">\ud83d\udd16 <strong data-start=\"2062\" data-end=\"2082\">Hashtag \u0111\u1ec1 xu\u1ea5t:<\/strong><br data-start=\"2082\" data-end=\"2085\" \/>#sonmoi #sonduongmoi #sonmoimaudonau #sonmoimaudo #sonmauhong #sonmaucam #sonmoithiennhien #thenaturebook #myphamthiennhien #myphamhanquoc #makeup #myphamchinhhang #sonli #sonhanquoc #sonthuanchay #sonkem #sonTintthenaturebook #sontint #tint #sonkemthenaturebook<\/p>\n","protected":false},"excerpt":{"rendered":"<p>\ud83d\udd38 <strong data-start=\"609\" data-end=\"626\">#1 Rose Lover<\/strong>: T\u00f4ng <strong data-start=\"633\" data-end=\"647\">\u0111\u1ecf pha n\u00e2u<\/strong> sang tr\u1ecdng, quy\u1ebfn r\u0169 \u2013 ho\u00e0n h\u1ea3o cho ti\u1ec7c t\u1ed1i v\u00e0 s\u1ef1 ki\u1ec7n.<br data-start=\"704\" data-end=\"707\" \/>\ud83d\udd38 <strong data-start=\"710\" data-end=\"724\">#2 Apricot<\/strong>: M\u00e0u <strong data-start=\"730\" data-end=\"749\">\u0111\u1ecf cam t\u01b0\u01a1i tr\u1ebb<\/strong>, n\u00e2ng t\u00f4ng da \u2013 ph\u00f9 h\u1ee3p v\u1edbi phong c\u00e1ch n\u0103ng \u0111\u1ed9ng, hi\u1ec7n \u0111\u1ea1i.<\/p>\n","protected":false},"featured_media":1500,"comment_status":"open","ping_status":"closed","template":"","meta":{"site-sidebar-layout":"default","site-content-layout":"","ast-site-content-layout":"default","site-content-style":"default","site-sidebar-style":"default","ast-global-header-display":"","ast-banner-title-visibility":"","ast-main-header-display":"","ast-hfb-above-header-display":"","ast-hfb-below-header-display":"","ast-hfb-mobile-header-display":"","site-post-title":"","ast-breadcrumbs-content":"","ast-featured-img":"","footer-sml-layout":"","theme-transparent-header-meta":"default","adv-header-id-meta":"","stick-header-meta":"","header-above-stick-meta":"","header-main-stick-meta":"","header-below-stick-meta":"","astra-migrate-meta-layouts":"set","ast-page-background-enabled":"default","ast-page-background-meta":{"desktop":{"background-color":"var(--ast-global-color-5)","background-image":"","background-repeat":"repeat","background-position":"center center","background-size":"auto","background-attachment":"scroll","background-type":"","background-media":"","overlay-type":"","overlay-color":"","overlay-opacity":"","overlay-gradient":""},"tablet":{"background-color":"","background-image":"","background-repeat":"repeat","background-position":"center center","background-size":"auto","background-attachment":"scroll","background-type":"","background-media":"","overlay-type":"","overlay-color":"","overlay-opacity":"","overlay-gradient":""},"mobile":{"background-color":"","background-image":"","background-repeat":"repeat","background-position":"center center","background-size":"auto","background-attachment":"scroll","background-type":"","background-media":"","overlay-type":"","overlay-color":"","overlay-opacity":"","overlay-gradient":""}},"ast-content-background-meta":{"desktop":{"background-color":"var(--ast-global-color-4)","background-image":"","background-repeat":"repeat","background-position":"center center","background-size":"auto","background-attachment":"scroll","background-type":"","background-media":"","overlay-type":"","overlay-color":"","overlay-opacity":"","overlay-gradient":""},"tablet":{"background-color":"var(--ast-global-color-4)","background-image":"","background-repeat":"repeat","background-position":"center center","background-size":"auto","background-attachment":"scroll","background-type":"","background-media":"","overlay-type":"","overlay-color":"","overlay-opacity":"","overlay-gradient":""},"mobile":{"background-color":"var(--ast-global-color-4)","background-image":"","background-repeat":"repeat","background-position":"center center","background-size":"auto","background-attachment":"scroll","background-type":"","background-media":"","overlay-type":"","overlay-color":"","overlay-opacity":"","overlay-gradient":""}}},"product_brand":[122],"product_cat":[298,121,291,386,389,296,369],"product_tag":[],"class_list":{"0":"post-1467","1":"product","2":"type-product","3":"status-publish","4":"has-post-thumbnail","6":"product_brand-nature-book","7":"product_cat-cham-soc-da-mat-sac-dep","8":"product_cat-nature-book","9":"product_cat-sac-dep","10":"product_cat-son-moi","11":"product_cat-son-tint","12":"product_cat-trang-diem-sac-dep","13":"product_cat-trang-diem-moi","14":"desktop-align-left","15":"tablet-align-left","16":"mobile-align-left","18":"first","19":"instock","20":"sale","21":"taxable","22":"shipping-taxable","23":"purchasable","24":"product-type-simple"},"_links":{"self":[{"href":"https:\/\/omewa.online\/index.php\/wp-json\/wp\/v2\/product\/1467","targetHints":{"allow":["GET"]}}],"collection":[{"href":"https:\/\/omewa.online\/index.php\/wp-json\/wp\/v2\/product"}],"about":[{"href":"https:\/\/omewa.online\/index.php\/wp-json\/wp\/v2\/types\/product"}],"replies":[{"embeddable":true,"href":"https:\/\/omewa.online\/index.php\/wp-json\/wp\/v2\/comments?post=1467"}],"wp:featuredmedia":[{"embeddable":true,"href":"https:\/\/omewa.online\/index.php\/wp-json\/wp\/v2\/media\/1500"}],"wp:attachment":[{"href":"https:\/\/omewa.online\/index.php\/wp-json\/wp\/v2\/media?parent=1467"}],"wp:term":[{"taxonomy":"product_brand","embeddable":true,"href":"https:\/\/omewa.online\/index.php\/wp-json\/wp\/v2\/product_brand?post=1467"},{"taxonomy":"product_cat","embeddable":true,"href":"https:\/\/omewa.online\/index.php\/wp-json\/wp\/v2\/product_cat?post=1467"},{"taxonomy":"product_tag","embeddable":true,"href":"https:\/\/omewa.online\/index.php\/wp-json\/wp\/v2\/product_tag?post=1467"}],"curies":[{"name":"wp","href":"https:\/\/api.w.org\/{rel}","templated":true}]}}