{"id":1465,"date":"2025-11-01T18:20:36","date_gmt":"2025-11-01T18:20:36","guid":{"rendered":"https:\/\/omewa.online\/?post_type=product&#038;p=1465"},"modified":"2025-11-26T01:33:49","modified_gmt":"2025-11-26T01:33:49","slug":"nuoc-tay-trang-micellar-the-he-moi-the-nature-book-150ml","status":"publish","type":"product","link":"https:\/\/omewa.online\/index.php\/product\/nuoc-tay-trang-micellar-the-he-moi-the-nature-book-150ml\/","title":{"rendered":"N\u01b0\u1edbc T\u1ea9y Trang Micellar Th\u1ebf H\u1ec7 M\u1edbi The Nature Book 150ml"},"content":{"rendered":"<div class=\"option-detail\">\n<p>Th\u00e0nh ph\u1ea7n ch\u00ednh<br \/>\nC\u00f4ng ngh\u1ec7 Micellar Water: h\u00fat s\u1ea1ch b\u1ee5i b\u1ea9n, c\u1eb7n d\u01a1 c\u1ee7a makeup v\u00e0 b\u1ee5i b\u1ea9n ngo\u00e0i tr\u1eddi.<br \/>\nN\u01b0\u1edbc hoa h\u1ed3ng: b\u1ed5 sung \u0111\u1ed9 \u1ea9m da, m\u1ec1n m\u1ecbn v\u00e0 t\u01b0\u01a1i m\u00e1t cho da.<br \/>\n<img fetchpriority=\"high\" decoding=\"async\" class=\"img-fit lazyloaded\" src=\"https:\/\/cf.shopee.vn\/file\/3e78b5cb72cdddd090c3aae833b0fb13\" alt=\"N\u01b0\u1edbc t\u1ea9y trang s\u1ea1ch s\u00e2u th\u1ebf h\u1ec7 m\u1edbi The Nature Book, Rose Micellar Cleansing Water, N\u01b0\u1edbc t\u1ea9y trang ch\u00ednh h\u00e3ng H\u00e0n Qu\u1ed1c\" width=\"525\" height=\"525\" \/><br \/>\nRose Centifolia: t\u0103ng c\u01b0\u1eddng h\u00e0ng r\u00e0o \u0111\u1ed9 \u1ea9m, l\u00e0m s\u1ea1ch cho da, se kh\u00edt l\u1ed7 ch\u00e2n l\u00f4ng, ng\u0103n ng\u1eeba l\u00e3o h\u00f3a.<br \/>\nQu\u1ea3 \u0110\u00e0o: l\u00e0m s\u1ea1ch v\u00e0 thanh l\u1ecdc t\u00f4ng m\u00e0u da t\u1ed1i.<br \/>\nD\u01b0a chu\u1ed9t: l\u00e0m d\u1ecbu l\u00e0n da m\u1ec7t m\u1ecfi, l\u00e0m tr\u1eafng v\u00e0 d\u01b0\u1ee1ng \u1ea9m.<br \/>\nQu\u1ea3 M\u00e2m x\u00f4i \u0111en: ch\u1ed1ng oxi h\u00f3a, c\u1ea3i thi\u1ec7n vi\u00eam da, l\u00e3o h\u00f3a.<br \/>\nM\u00e2m x\u00f4i \u0111\u1ecf: t\u0103ng c\u01b0\u1eddng \u0111\u1ed9 \u1ea9m cho da.<br \/>\nH\u01b0\u1edbng d\u1eabn s\u1eed d\u1ee5ng<br \/>\n&#8211; Cho s\u1ea3n ph\u1ea9m v\u00e0o b\u00f4ng t\u1ea9y trang r\u1ed3i nh\u1eb9 nh\u00e0ng lau l\u00ean m\u1eb7t, m\u1eaft v\u00e0 m\u00f4i theo chuy\u1ec3n \u0111\u1ed9ng tr\u00f2n.<br \/>\n&#8211; Kh\u00f4ng c\u1ea7n r\u1eeda l\u1ea1i v\u1edbi n\u01b0\u1edbc.<br \/>\nCAM K\u1ebeT:<br \/>\n&#8211; S\u1ea3n ph\u1ea9m nh\u1eadp kh\u1ea9u ch\u00ednh h\u00e3ng t\u1ea1i H\u00e0n Qu\u1ed1c<br \/>\n&#8211; Ch\u1ee9a c\u00e1c th\u00e0nh ph\u1ea7n chi\u1ebft xu\u1ea5t t\u1eeb t\u1ef1 nhi\u00ean<br \/>\n&#8211; C\u00f3 gi\u1ea5y t\u1edd c\u00f4ng b\u1ed1 c\u1ee7a B\u1ed9 Y t\u1ebf, c\u00f3 tem ph\u1ee5 ti\u1ebfng Vi\u1ec7t.<br \/>\n&#8211; C\u00f3 phi\u1ebfu b\u1ea3o h\u00e0nh da t\u1eeb nh\u00e3n h\u00e0ng<br \/>\n\u2665\ufe0f Made in Korea<\/p>\n<\/div>\n","protected":false},"excerpt":{"rendered":"<p>C\u00f4ng ngh\u1ec7 Micellar Water: h\u00fat s\u1ea1ch b\u1ee5i b\u1ea9n, c\u1eb7n d\u01a1 c\u1ee7a makeup v\u00e0 b\u1ee5i b\u1ea9n ngo\u00e0i tr\u1eddi.<br \/>\nN\u01b0\u1edbc hoa h\u1ed3ng: b\u1ed5 sung \u0111\u1ed9 \u1ea9m da, m\u1ec1n m\u1ecbn v\u00e0 t\u01b0\u01a1i m\u00e1t cho da.<\/p>\n","protected":false},"featured_media":1492,"comment_status":"open","ping_status":"closed","template":"","meta":{"site-sidebar-layout":"default","site-content-layout":"","ast-site-content-layout":"default","site-content-style":"default","site-sidebar-style":"default","ast-global-header-display":"","ast-banner-title-visibility":"","ast-main-header-display":"","ast-hfb-above-header-display":"","ast-hfb-below-header-display":"","ast-hfb-mobile-header-display":"","site-post-title":"","ast-breadcrumbs-content":"","ast-featured-img":"","footer-sml-layout":"","theme-transparent-header-meta":"","adv-header-id-meta":"","stick-header-meta":"","header-above-stick-meta":"","header-main-stick-meta":"","header-below-stick-meta":"","astra-migrate-meta-layouts":"default","ast-page-background-enabled":"default","ast-page-background-meta":{"desktop":{"background-color":"var(--ast-global-color-5)","background-image":"","background-repeat":"repeat","background-position":"center center","background-size":"auto","background-attachment":"scroll","background-type":"","background-media":"","overlay-type":"","overlay-color":"","overlay-opacity":"","overlay-gradient":""},"tablet":{"background-color":"","background-image":"","background-repeat":"repeat","background-position":"center center","background-size":"auto","background-attachment":"scroll","background-type":"","background-media":"","overlay-type":"","overlay-color":"","overlay-opacity":"","overlay-gradient":""},"mobile":{"background-color":"","background-image":"","background-repeat":"repeat","background-position":"center center","background-size":"auto","background-attachment":"scroll","background-type":"","background-media":"","overlay-type":"","overlay-color":"","overlay-opacity":"","overlay-gradient":""}},"ast-content-background-meta":{"desktop":{"background-color":"var(--ast-global-color-4)","background-image":"","background-repeat":"repeat","background-position":"center center","background-size":"auto","background-attachment":"scroll","background-type":"","background-media":"","overlay-type":"","overlay-color":"","overlay-opacity":"","overlay-gradient":""},"tablet":{"background-color":"var(--ast-global-color-4)","background-image":"","background-repeat":"repeat","background-position":"center center","background-size":"auto","background-attachment":"scroll","background-type":"","background-media":"","overlay-type":"","overlay-color":"","overlay-opacity":"","overlay-gradient":""},"mobile":{"background-color":"var(--ast-global-color-4)","background-image":"","background-repeat":"repeat","background-position":"center center","background-size":"auto","background-attachment":"scroll","background-type":"","background-media":"","overlay-type":"","overlay-color":"","overlay-opacity":"","overlay-gradient":""}}},"product_brand":[122],"product_cat":[299,18,298,17,121,291],"product_tag":[],"class_list":{"0":"post-1465","1":"product","2":"type-product","3":"status-publish","4":"has-post-thumbnail","6":"product_brand-nature-book","7":"product_cat-bo-san-pham-lam-dep","8":"product_cat-cham-soc-da-mat","9":"product_cat-cham-soc-da-mat-sac-dep","10":"product_cat-my-pham","11":"product_cat-nature-book","12":"product_cat-sac-dep","13":"desktop-align-left","14":"tablet-align-left","15":"mobile-align-left","17":"first","18":"instock","19":"sale","20":"taxable","21":"shipping-taxable","22":"purchasable","23":"product-type-simple"},"_links":{"self":[{"href":"https:\/\/omewa.online\/index.php\/wp-json\/wp\/v2\/product\/1465","targetHints":{"allow":["GET"]}}],"collection":[{"href":"https:\/\/omewa.online\/index.php\/wp-json\/wp\/v2\/product"}],"about":[{"href":"https:\/\/omewa.online\/index.php\/wp-json\/wp\/v2\/types\/product"}],"replies":[{"embeddable":true,"href":"https:\/\/omewa.online\/index.php\/wp-json\/wp\/v2\/comments?post=1465"}],"wp:featuredmedia":[{"embeddable":true,"href":"https:\/\/omewa.online\/index.php\/wp-json\/wp\/v2\/media\/1492"}],"wp:attachment":[{"href":"https:\/\/omewa.online\/index.php\/wp-json\/wp\/v2\/media?parent=1465"}],"wp:term":[{"taxonomy":"product_brand","embeddable":true,"href":"https:\/\/omewa.online\/index.php\/wp-json\/wp\/v2\/product_brand?post=1465"},{"taxonomy":"product_cat","embeddable":true,"href":"https:\/\/omewa.online\/index.php\/wp-json\/wp\/v2\/product_cat?post=1465"},{"taxonomy":"product_tag","embeddable":true,"href":"https:\/\/omewa.online\/index.php\/wp-json\/wp\/v2\/product_tag?post=1465"}],"curies":[{"name":"wp","href":"https:\/\/api.w.org\/{rel}","templated":true}]}}