{"id":1300,"date":"2025-11-01T18:19:35","date_gmt":"2025-11-01T18:19:35","guid":{"rendered":"https:\/\/omewa.online\/?post_type=product&#038;p=1300"},"modified":"2025-11-26T01:22:00","modified_gmt":"2025-11-26T01:22:00","slug":"khoa-hoc-ielts-dau-vao-0-dau-ra-5-0-hoc-offline-cam-ket-dau-ra","status":"publish","type":"product","link":"https:\/\/omewa.online\/index.php\/product\/khoa-hoc-ielts-dau-vao-0-dau-ra-5-0-hoc-offline-cam-ket-dau-ra\/","title":{"rendered":"Kho\u00e1 h\u1ecdc IELTS \u0110\u1ea7u V\u00e0o 0 \u0110\u1ea7u Ra 5.0 \u2013 H\u1ecdc Offline \u2013 Cam k\u1ebft \u0111\u1ea7u ra"},"content":{"rendered":"<ul>\n<li><strong data-start=\"128\" data-end=\"150\">\u0110\u1ed1i t\u01b0\u1ee3ng tham gia<\/strong>: H\u1ecdc vi\u00ean c\u00f3 \u0111i\u1ec3m ki\u1ec3m tra \u0111\u1ea7u v\u00e0o tr\u00ean 3.0<\/li>\n<li><strong data-start=\"199\" data-end=\"220\">M\u1ee5c ti\u00eau kh\u00f3a h\u1ecdc<\/strong>: Luy\u1ec7n thi \u0111\u1ea1t chu\u1ea9n IELTS 5.0<\/li>\n<li><strong data-start=\"256\" data-end=\"278\">Th\u1eddi l\u01b0\u1ee3ng \u0111\u00e0o t\u1ea1o<\/strong>: 36 tu\u1ea7n (2 gi\u1edd\/bu\u1ed5i \u00d7 3 bu\u1ed5i\/tu\u1ea7n)<\/li>\n<li><strong data-start=\"319\" data-end=\"336\">H\u00ecnh th\u1ee9c h\u1ecdc<\/strong>: H\u1ecdc Online linh ho\u1ea1t<\/li>\n<li><strong data-start=\"392\" data-end=\"410\">Cam k\u1ebft \u0111\u1ea7u ra<\/strong>: B\u1eb1ng v\u0103n b\u1ea3n r\u00f5 r\u00e0ng, minh b\u1ea1ch<\/li>\n<li><strong data-start=\"448\" data-end=\"462\">Gi\u00e1o tr\u00ecnh<\/strong>: T\u1eb7ng to\u00e0n b\u1ed9 t\u00e0i li\u1ec7u h\u1ecdc trong su\u1ed1t kh\u00f3a h\u1ecdc<\/li>\n<li><strong data-start=\"514\" data-end=\"534\">\u01afu \u0111\u00e3i t\u00e0i ch\u00ednh<\/strong>: H\u1ed7 tr\u1ee3 tr\u1ea3 g\u00f3p h\u1ecdc ph\u00ed v\u1edbi <strong data-start=\"563\" data-end=\"578\">0% l\u00e3i su\u1ea5t<\/strong><\/li>\n<li><strong data-start=\"583\" data-end=\"600\">H\u1ed7 tr\u1ee3 thi c\u1eed<\/strong>: T\u00e0i tr\u1ee3 m\u1ed9t ph\u1ea7n <strong data-start=\"619\" data-end=\"639\">l\u1ec7 ph\u00ed thi IELTS<\/strong><\/li>\n<li><strong data-start=\"644\" data-end=\"673\">Ch\u01b0\u01a1ng tr\u00ecnh khuy\u1ebfn kh\u00edch<\/strong>: <strong data-start=\"675\" data-end=\"693\">Th\u01b0\u1edfng h\u1ea5p d\u1eabn<\/strong> cho h\u1ecdc vi\u00ean \u0111\u1ea1t \u0111i\u1ec3m thi cao<\/li>\n<\/ul>\n","protected":false},"excerpt":{"rendered":"<ul>\n<li class=\"\" data-start=\"54\" data-end=\"128\">\n<p class=\"\" data-start=\"56\" data-end=\"128\"><strong data-start=\"56\" data-end=\"70\">\u0110\u1ed1i t\u01b0\u1ee3ng:<\/strong> H\u1ecdc vi\u00ean m\u1ea5t g\u1ed1c ho\u1eb7c c\u00f3 \u0111i\u1ec3m ki\u1ec3m tra \u0111\u1ea7u v\u00e0o d\u01b0\u1edbi 3.0<\/p>\n<\/li>\n<li class=\"\" data-start=\"129\" data-end=\"173\">\n<p class=\"\" data-start=\"131\" data-end=\"173\"><strong data-start=\"131\" data-end=\"144\">M\u1ee5c ti\u00eau:<\/strong> \u0110\u1ea1t IELTS 5.0 sau kh\u00f3a h\u1ecdc<\/p>\n<\/li>\n<li class=\"\" data-start=\"174\" data-end=\"227\">\n<p class=\"\" data-start=\"176\" data-end=\"227\"><strong data-start=\"176\" data-end=\"191\">Th\u1eddi l\u01b0\u1ee3ng:<\/strong> 36 tu\u1ea7n (2 gi\u1edd\/bu\u1ed5i, 3 bu\u1ed5i\/tu\u1ea7n)<\/p>\n<\/li>\n<li class=\"\" data-start=\"228\" data-end=\"294\">\n<p class=\"\" data-start=\"230\" data-end=\"294\"><strong data-start=\"230\" data-end=\"248\">H\u00ecnh th\u1ee9c h\u1ecdc:<\/strong> Offline t\u1ea1i trung t\u00e2m ho\u1eb7c Online linh ho\u1ea1t<\/p>\n<\/li>\n<li class=\"\" data-start=\"295\" data-end=\"339\">\n<p class=\"\" data-start=\"297\" data-end=\"339\"><strong data-start=\"297\" data-end=\"316\">Cam k\u1ebft \u0111\u1ea7u ra:<\/strong> B\u1eb1ng v\u0103n b\u1ea3n r\u00f5 r\u00e0ng<\/p>\n<\/li>\n<li class=\"\" data-start=\"340\" data-end=\"401\">\n<p class=\"\" data-start=\"342\" data-end=\"401\"><strong data-start=\"342\" data-end=\"357\">Gi\u00e1o tr\u00ecnh:<\/strong> T\u1eb7ng to\u00e0n b\u1ed9 t\u00e0i li\u1ec7u h\u1ecdc trong su\u1ed1t kh\u00f3a<\/p>\n<\/li>\n<li class=\"\" data-start=\"402\" data-end=\"447\">\n<p class=\"\" data-start=\"404\" data-end=\"447\"><strong data-start=\"404\" data-end=\"425\">H\u1ed7 tr\u1ee3 t\u00e0i ch\u00ednh:<\/strong> Tr\u1ea3 g\u00f3p 0% l\u00e3i su\u1ea5t<\/p>\n<\/li>\n<li class=\"\" data-start=\"448\" data-end=\"492\">\n<p class=\"\" data-start=\"450\" data-end=\"492\"><strong data-start=\"450\" data-end=\"466\">Chi ph\u00ed thi:<\/strong> H\u1ed7 tr\u1ee3 l\u1ec7 ph\u00ed thi IELTS<\/p>\n<\/li>\n<li class=\"\" data-start=\"493\" data-end=\"566\">\n<p class=\"\" data-start=\"495\" data-end=\"566\"><strong data-start=\"495\" data-end=\"515\">\u01afu \u0111\u00e3i \u0111\u1eb7c bi\u1ec7t:<\/strong> Th\u01b0\u1edfng cho h\u1ecdc vi\u00ean \u0111\u1ea1t \u0111i\u1ec3m s\u1ed1 cao trong k\u1ef3 thi<\/p>\n<\/li>\n<\/ul>\n","protected":false},"featured_media":1404,"comment_status":"open","ping_status":"closed","template":"","meta":{"site-sidebar-layout":"default","site-content-layout":"","ast-site-content-layout":"default","site-content-style":"default","site-sidebar-style":"default","ast-global-header-display":"","ast-banner-title-visibility":"","ast-main-header-display":"","ast-hfb-above-header-display":"","ast-hfb-below-header-display":"","ast-hfb-mobile-header-display":"","site-post-title":"","ast-breadcrumbs-content":"","ast-featured-img":"","footer-sml-layout":"","theme-transparent-header-meta":"","adv-header-id-meta":"","stick-header-meta":"","header-above-stick-meta":"","header-main-stick-meta":"","header-below-stick-meta":"","astra-migrate-meta-layouts":"default","ast-page-background-enabled":"default","ast-page-background-meta":{"desktop":{"background-color":"var(--ast-global-color-5)","background-image":"","background-repeat":"repeat","background-position":"center center","background-size":"auto","background-attachment":"scroll","background-type":"","background-media":"","overlay-type":"","overlay-color":"","overlay-opacity":"","overlay-gradient":""},"tablet":{"background-color":"","background-image":"","background-repeat":"repeat","background-position":"center center","background-size":"auto","background-attachment":"scroll","background-type":"","background-media":"","overlay-type":"","overlay-color":"","overlay-opacity":"","overlay-gradient":""},"mobile":{"background-color":"","background-image":"","background-repeat":"repeat","background-position":"center center","background-size":"auto","background-attachment":"scroll","background-type":"","background-media":"","overlay-type":"","overlay-color":"","overlay-opacity":"","overlay-gradient":""}},"ast-content-background-meta":{"desktop":{"background-color":"var(--ast-global-color-4)","background-image":"","background-repeat":"repeat","background-position":"center center","background-size":"auto","background-attachment":"scroll","background-type":"","background-media":"","overlay-type":"","overlay-color":"","overlay-opacity":"","overlay-gradient":""},"tablet":{"background-color":"var(--ast-global-color-4)","background-image":"","background-repeat":"repeat","background-position":"center center","background-size":"auto","background-attachment":"scroll","background-type":"","background-media":"","overlay-type":"","overlay-color":"","overlay-opacity":"","overlay-gradient":""},"mobile":{"background-color":"var(--ast-global-color-4)","background-image":"","background-repeat":"repeat","background-position":"center center","background-size":"auto","background-attachment":"scroll","background-type":"","background-media":"","overlay-type":"","overlay-color":"","overlay-opacity":"","overlay-gradient":""}}},"product_brand":[1844],"product_cat":[1841,1840,1842,123],"product_tag":[],"class_list":{"0":"post-1300","1":"product","2":"type-product","3":"status-publish","4":"has-post-thumbnail","6":"product_brand-tieng-anh-taec","7":"product_cat-khoa-hoc","8":"product_cat-khoa-hoc-sach","9":"product_cat-khoa-hoc-tieng-anh","10":"product_cat-tieng-anh-taec","11":"desktop-align-left","12":"tablet-align-left","13":"mobile-align-left","15":"first","16":"instock","17":"taxable","18":"shipping-taxable","19":"purchasable","20":"product-type-simple"},"_links":{"self":[{"href":"https:\/\/omewa.online\/index.php\/wp-json\/wp\/v2\/product\/1300","targetHints":{"allow":["GET"]}}],"collection":[{"href":"https:\/\/omewa.online\/index.php\/wp-json\/wp\/v2\/product"}],"about":[{"href":"https:\/\/omewa.online\/index.php\/wp-json\/wp\/v2\/types\/product"}],"replies":[{"embeddable":true,"href":"https:\/\/omewa.online\/index.php\/wp-json\/wp\/v2\/comments?post=1300"}],"wp:featuredmedia":[{"embeddable":true,"href":"https:\/\/omewa.online\/index.php\/wp-json\/wp\/v2\/media\/1404"}],"wp:attachment":[{"href":"https:\/\/omewa.online\/index.php\/wp-json\/wp\/v2\/media?parent=1300"}],"wp:term":[{"taxonomy":"product_brand","embeddable":true,"href":"https:\/\/omewa.online\/index.php\/wp-json\/wp\/v2\/product_brand?post=1300"},{"taxonomy":"product_cat","embeddable":true,"href":"https:\/\/omewa.online\/index.php\/wp-json\/wp\/v2\/product_cat?post=1300"},{"taxonomy":"product_tag","embeddable":true,"href":"https:\/\/omewa.online\/index.php\/wp-json\/wp\/v2\/product_tag?post=1300"}],"curies":[{"name":"wp","href":"https:\/\/api.w.org\/{rel}","templated":true}]}}