{"id":1297,"date":"2025-11-01T18:19:35","date_gmt":"2025-11-01T18:19:35","guid":{"rendered":"https:\/\/omewa.online\/?post_type=product&#038;p=1297"},"modified":"2026-04-15T21:53:23","modified_gmt":"2026-04-15T20:53:23","slug":"nhan-sam-den-baumann-wisconsin-15gram-sam-baumann-len-men-tang-cuong-sinh-luc","status":"publish","type":"product","link":"https:\/\/omewa.online\/index.php\/product\/nhan-sam-den-baumann-wisconsin-15gram-sam-baumann-len-men-tang-cuong-sinh-luc\/","title":{"rendered":"Nh\u00e2n S\u00e2m \u0110en Baumann Wisconsin 15gram S\u00e2m Baumann L\u00ean Men T\u0103ng C\u01b0\u1eddng Sinh L\u1ef1c"},"content":{"rendered":"<p><strong><span title=\"Found in \/nhan-sam-baumann-wisconsin-nguyen-cu\/, \/nhan-sam-baumann-wisconsin-thai-lat\/\">Nh\u00e2n s\u00e2m \u0111en<\/span>\u00a0<span title=\"Found in \/sam-tui-loc-baumann-wisconsin\/\">Baumann Wisconsin<\/span><\/strong>\u00a0<span title=\"Found in \/sam-tui-loc-baumann-wisconsin\/, \/nhan-sam-baumann-wisconsin-vien-nang\/\">\u0111\u01b0\u1ee3c s\u1ea3n xu\u1ea5t<\/span>\u00a0<span title=\"Found in \/sam-tui-loc-baumann-wisconsin\/\">t\u1eeb<\/span>\u00a0b\u1ed9 ph\u1eadn r\u1ec5 c\u1ee7a nh\u00e2n s\u00e2m Baumann. L\u00e0 lo\u1ea1i\u00a0<a href=\"https:\/\/nhansambaumann.com\/nhan-sam-my-la-gi\/\" target=\"_blank\" rel=\"noopener\" data-mce-href=\"https:\/\/nhansambaumann.com\/nhan-sam-my-la-gi\/\"><em><span title=\"Found in \/nhan-sam-baumann-wisconsin-nguyen-cu\/\">nh\u00e2n s\u00e2m M\u1ef9<\/span><\/em><\/a>\u00a0h\u1ed7 tr\u1ee3 t\u0103ng c\u01b0\u1eddng sinh l\u1ef1c nh\u1edd qu\u00e1 tr\u00ecnh l\u00ean men t\u1ea1o ra c\u00e1c h\u1ee3p ch\u1ea5t ho\u1ea1t t\u00ednh sinh h\u1ecdc d\u1ec5 h\u1ea5p thu cho c\u01a1 th\u1ec3. Nh\u00e2n s\u00e2m Baumann \u0111\u01b0\u1ee3c\u00a0<strong>h\u1ea5p v\u00e0 s\u1ea5y \u0111\u1ebfn 9 l\u1ea7n<\/strong>, t\u1ea1o ra s\u1ef1 thay \u0111\u1ed5i h\u00f3a h\u1ecdc trong c\u00e1c th\u00e0nh ph\u1ea7n d\u01b0\u1ee3c t\u00ednh, l\u00e0m thay \u0111\u1ed5i m\u00e0u s\u1eafc c\u1ee7a nh\u00e2n s\u00e2m Baumann.<\/p>\n<figure id=\"attachment_1974\" class=\"wp-caption aligncenter\" aria-describedby=\"caption-attachment-1974\"><img fetchpriority=\"high\" decoding=\"async\" class=\"size-full wp-image-1974\" src=\"https:\/\/nhansambaumann.com\/wp-content\/uploads\/2024\/04\/30-1.jpg\" alt=\"Nh\u00e2n s\u00e2m BaumanN Wisconsin d\u1ea1ng l\u00ean men\" width=\"800\" height=\"800\" data-mce-src=\"https:\/\/nhansambaumann.com\/wp-content\/uploads\/2024\/04\/30-1.jpg\"><figcaption id=\"caption-attachment-1974\" class=\"wp-caption-text\">Nh\u00e2n s\u00e2m BaumanN Wisconsin d\u1ea1ng l\u00ean men<\/figcaption><\/figure>\n<h2><strong>M\u00f4 t\u1ea3 s\u1ea3n ph\u1ea9m<\/strong><\/h2>\n<hr>\n<h2><strong>Th\u00f4ng tin v\u1ec1 s\u1ea3n ph\u1ea9m Nh\u00e2n S\u00e2m \u0110en Baumann<\/strong><\/h2>\n<ul>\n<li><strong>Th\u01b0\u01a1ng hi\u1ec7u<\/strong>: Baumann Wisconsin Ginseng;<\/li>\n<li><strong>Xu\u1ea5t x\u1ee9<\/strong>: Hoa K\u1ef3;<\/li>\n<li><strong>Ng\u00e0y s\u1ea3n xu\u1ea5t<\/strong>\u00a0<em>(NSX)<\/em>: C\u00f3 th\u1ec3 xem tr\u00ean bao b\u00ec;<\/li>\n<li><strong>H\u1ea1n s\u1eed d\u1ee5ng<\/strong>\u00a0<em>(HSD)<\/em>: 36 th\u00e1ng k\u1ec3 t\u1eeb ng\u00e0y s\u1ea3n xu\u1ea5t;<\/li>\n<li><strong>K\u00edch th\u01b0\u1edbc \u0111\u00f3ng g\u00f3i<\/strong>: 11 x 9 x 14 cm\u00a0<em>(D\u00e0i x R\u1ed9ng x Cao);<\/em><\/li>\n<\/ul>\n<h2><strong>Th\u00e0nh ph\u1ea7n<\/strong><\/h2>\n<ul>\n<li>S\u1ea3n ph\u1ea9m ch\u1ee9a 100% nh\u00e2n s\u00e2m Baumann Wisconsin. \u0110\u01b0\u1ee3c nh\u1eadp kh\u1ea9u t\u1eeb bang Wisconsin, Hoa K\u1ef3.<\/li>\n<\/ul>\n<figure id=\"attachment_1973\" class=\"wp-caption aligncenter\" aria-describedby=\"caption-attachment-1973\"><img decoding=\"async\" class=\"size-full wp-image-1973\" src=\"https:\/\/nhansambaumann.com\/wp-content\/uploads\/2024\/04\/29-1.jpg\" alt=\"Nh\u00e2n s\u00e2m BaumanN Wisconsin d\u1ea1ng l\u00ean men\" width=\"800\" height=\"800\" data-mce-src=\"https:\/\/nhansambaumann.com\/wp-content\/uploads\/2024\/04\/29-1.jpg\"><figcaption id=\"caption-attachment-1973\" class=\"wp-caption-text\">Nh\u00e2n s\u00e2m BaumanN Wisconsin d\u1ea1ng l\u00ean men<\/figcaption><\/figure>\n<h2><strong>Quy c\u00e1ch<\/strong><\/h2>\n<ul>\n<li>\u0110\u00f3ng g\u00f3i trong t\u00fai 10g.<\/li>\n<\/ul>\n<h2><strong>C\u00f4ng D\u1ee5ng<\/strong><\/h2>\n<ul>\n<li>H\u1ed7 tr\u1ee3\u00a0<span title=\"Found in \/nhan-sam-baumann-wisconsin-vien-nang\/\">t\u0103ng c\u01b0\u1eddng sinh l\u1ef1c<\/span>\u00a0cho nam gi\u1edbi.<\/li>\n<li>Gi\u1ea3m t\u00ecnh tr\u1ea1ng b\u1ed1c h\u1ecfa \u1edf ph\u1ee5 n\u1eef ti\u1ec1n m\u00e3n kinh.<\/li>\n<li>C\u1ea3i thi\u1ec7n\u00a0<span title=\"Found in \/sam-tui-loc-baumann-wisconsin\/\">h\u1ec7 mi\u1ec5n d\u1ecbch<\/span>.<\/li>\n<li>H\u1ed7 tr\u1ee3 ti\u00eau h\u00f3a v\u00e0 h\u1ea5p th\u1ee5 t\u1ed1t h\u01a1n.<\/li>\n<li>Ch\u1ed1ng oxy h\u00f3a v\u00e0 ch\u1ed1ng vi\u00eam.<\/li>\n<li>\u0110i\u1ec1u h\u00f2a hormone v\u00e0 gi\u1ea3m c\u0103ng th\u1eb3ng.<\/li>\n<li>N\u00e2ng cao n\u0103ng l\u01b0\u1ee3ng v\u00e0 s\u1ee9c b\u1ec1n.<\/li>\n<\/ul>\n<h2><strong>\u0110\u1ed1i t\u01b0\u1ee3ng s\u1eed d\u1ee5ng<\/strong><\/h2>\n<ul>\n<li>Nh\u1eefng ng\u01b0\u1eddi l\u00e0m vi\u1ec7c trong m\u00f4i tr\u01b0\u1eddng v\u0103n ph\u00f2ng th\u01b0\u1eddng c\u1ea3m th\u1ea5y c\u0103ng th\u1eb3ng v\u00e0 m\u1ec7t m\u1ecfi.<\/li>\n<li>Ng\u01b0\u1eddi v\u1eeba h\u1ed3i ph\u1ee5c sau b\u1ec7nh.<\/li>\n<li>Ng\u01b0\u1eddi l\u1edbn tu\u1ed5i (\u00edt g\u00e2y \u1ea3nh h\u01b0\u1edfng \u0111\u1ebfn huy\u1ebft \u00e1p).<\/li>\n<li>Nam gi\u1edbi t\u1eeb 35 tu\u1ed5i tr\u1edf l\u00ean.<\/li>\n<li>Ph\u1ee5 n\u1eef trong giai \u0111o\u1ea1n ti\u1ec1n m\u00e3n kinh v\u00e0 sau khi sinh.<\/li>\n<li>B\u1ec7nh nh\u00e2n m\u1eafc b\u1ec7nh ung th\u01b0.<\/li>\n<\/ul>\n<h2><strong>T\u00e1c d\u1ee5ng ph\u1ee5<\/strong><\/h2>\n<ul>\n<li>S\u1ea3n ph\u1ea9m n\u00e0y kh\u00f4ng ph\u1ea3i l\u00e0 thu\u1ed1c v\u00e0 kh\u00f4ng th\u1ec3 thay th\u1ebf cho thu\u1ed1c \u0111i\u1ec1u tr\u1ecb b\u1ec7nh.<\/li>\n<li>Ng\u1eebng s\u1eed d\u1ee5ng v\u00e0 tham kh\u1ea3o \u00fd ki\u1ebfn b\u00e1c s\u0129 n\u1ebfu b\u1ea1n c\u00f3 ph\u1ea3n \u1ee9ng v\u1edbi b\u1ea5t k\u1ef3 th\u00e0nh ph\u1ea7n n\u00e0o trong s\u1ea3n ph\u1ea9m.<\/li>\n<li>Hi\u1ec7u qu\u1ea3 c\u1ee7a s\u1ea3n ph\u1ea9m c\u00f3 th\u1ec3 kh\u00e1c nhau t\u00f9y thu\u1ed9c v\u00e0o c\u01a1 \u0111\u1ecba c\u1ee7a t\u1eebng ng\u01b0\u1eddi.<\/li>\n<\/ul>\n<h2><strong>H\u01b0\u1edbng D\u1eabn S\u1eed D\u1ee5ng<\/strong><\/h2>\n<ul>\n<li>D\u00f9ng tr\u1ef1c ti\u1ebfp\u00a0<em>(Nhai -&gt; Nu\u1ed1t).<\/em><\/li>\n<li>Pha v\u1edbi n\u01b0\u1edbc n\u00f3ng d\u00f9ng nh\u01b0 tr\u00e0.<\/li>\n<\/ul>\n<h2><strong>B\u1ea3o qu\u1ea3n<\/strong><\/h2>\n<ul>\n<li>B\u1ea3o qu\u1ea3n \u1edf n\u01a1i kh\u00f4 r\u00e1o v\u00e0 tho\u00e1ng kh\u00ed.<\/li>\n<li>Tr\u00e1nh \u0111\u1ec3 s\u1ea3n ph\u1ea9m ti\u1ebfp x\u00fac v\u1edbi \u00e1nh n\u1eafng tr\u1ef1c ti\u1ebfp, n\u01a1i c\u00f3 nhi\u1ec7t \u0111\u1ed9 cao ho\u1eb7c \u0111\u1ed9 \u1ea9m cao.<\/li>\n<li>Sau khi m\u1edf n\u1eafp, h\u00e3y c\u1ea5t s\u1ea3n ph\u1ea9m trong ng\u0103n m\u00e1t t\u1ee7 l\u1ea1nh (t\u1ed1t nh\u1ea5t n\u00ean s\u1eed d\u1ee5ng trong v\u00f2ng 3 th\u00e1ng).<\/li>\n<li>\u0110\u1ea3m b\u1ea3o \u0111\u1ec3 s\u1ea3n ph\u1ea9m xa t\u1ea7m tay c\u1ee7a tr\u1ebb nh\u1ecf.<\/li>\n<\/ul>\n<h2><strong>V\u00ec sao n\u00ean ch\u1ecdn nh\u00e2n s\u00e2m \u0111en Baumann? C\u00e1c \u01b0u \u0111i\u1ec3m v\u01b0\u1ee3t tr\u1ed9i c\u1ee7a nh\u00e2n s\u00e2m \u0111en<\/strong><\/h2>\n<ul>\n<li>Nh\u00e2n s\u00e2m Baumann \u0111\u01b0\u1ee3c tr\u1ed3ng tr\u00ean nh\u1eefng\u00a0<strong>v\u00f9ng \u0111\u1ea5t nguy\u00ean s\u01a1<\/strong>, ch\u1ec9 \u0111\u01b0\u1ee3c canh t\u00e1c m\u1ed9t l\u1ea7n trong\u00a0<strong>50 n\u0103m<\/strong>, v\u1edbi di\u1ec7n t\u00edch l\u00ean t\u1edbi h\u01a1n\u00a0<strong>700 hecta<\/strong>, l\u00e0 khu v\u1ef1c tr\u1ed3ng nh\u00e2n s\u00e2m l\u1edbn nh\u1ea5t \u1edf M\u1ef9.<\/li>\n<li>S\u1ea3n ph\u1ea9m ch\u1ee9a\u00a0<strong>100% nh\u00e2n s\u00e2m Baumann<\/strong>, ho\u00e0n to\u00e0n kh\u00f4ng c\u00f3 t\u1ea1p ch\u1ea5t.<\/li>\n<li>\u0110\u1ea1t ti\u00eau chu\u1ea9n\u00a0<strong>cGMP<\/strong>, \u0111\u1ea3m b\u1ea3o quy tr\u00ecnh s\u1ea3n xu\u1ea5t v\u00e0 ki\u1ec3m so\u00e1t ch\u1ea5t l\u01b0\u1ee3ng nghi\u00eam ng\u1eb7t, c\u00f9ng v\u1edbi c\u01a1 s\u1edf v\u1eadt ch\u1ea5t v\u00e0 \u0111\u00e0o t\u1ea1o nh\u00e2n vi\u00ean chuy\u00ean nghi\u1ec7p.<\/li>\n<li>Quy tr\u00ecnh canh t\u00e1c v\u00e0 thu ho\u1ea1ch nh\u00e2n s\u00e2m Baumann tu\u00e2n th\u1ee7 ti\u00eau chu\u1ea9n cao, v\u1edbi th\u1eddi gian thu ho\u1ea1ch t\u1eeb\u00a0<strong>6 \u0111\u1ebfn 7 n\u0103m<\/strong>.<\/li>\n<li>\u0110\u00e3 \u0111\u01b0\u1ee3c\u00a0<strong>nghi\u00ean c\u1ee9u v\u00e0 c\u00f4ng nh\u1eadn<\/strong>\u00a0trong d\u01b0\u1ee3c th\u01b0 Hoa K\u1ef3, ch\u1ee9ng minh r\u1eb1ng nh\u00e2n s\u00e2m Baumann \u00edt l\u00e0m t\u0103ng huy\u1ebft \u00e1p.<\/li>\n<li>S\u1ea3n ph\u1ea9m cung c\u1ea5p\u00a0<strong>16 lo\u1ea1i<\/strong>\u00a0kho\u00e1ng ch\u1ea5t,\u00a0<strong>17 lo\u1ea1i<\/strong>\u00a0axit amin, polysaccharides v\u00e0 nhi\u1ec1u vitamin kh\u00e1c nhau.<\/li>\n<li>\u0110\u01b0\u1ee3c ch\u1ebf bi\u1ebfn b\u1eb1ng\u00a0<strong>c\u00f4ng ngh\u1ec7 hi\u1ec7n \u0111\u1ea1i<\/strong>\u00a0nh\u1ea5t trong ng\u00e0nh.<\/li>\n<li>C\u00f3 ch\u1ee9ng nh\u1eadn ch\u1ea5t l\u01b0\u1ee3ng v\u00e0 ngu\u1ed3n g\u1ed1c r\u00f5 r\u00e0ng th\u00f4ng qua h\u1ec7 th\u1ed1ng \u0111\u1ed9c quy\u1ec1n\u00a0<strong>RootWise\u00ae<\/strong>.<\/li>\n<li><strong>Th\u01b0\u01a1ng hi\u1ec7u l\u00e2u \u0111\u1eddi<\/strong>: Gia t\u1ed9c Baumann \u0111\u00e3 tr\u1ed3ng nh\u00e2n s\u00e2m Baumann t\u1ea1i Wisconsin qua 3 th\u1ebf h\u1ec7 v\u00e0 hi\u1ec7n l\u00e0 nh\u00e0 s\u1ea3n xu\u1ea5t h\u00e0ng \u0111\u1ea7u trong khu v\u1ef1c.<\/li>\n<li>S\u1ea3n ph\u1ea9m nh\u00e2n s\u00e2m Baumann \u0111\u01b0\u1ee3c ph\u00e2n ph\u1ed1i \u0111\u1ebfn\u00a0<strong>50 ti\u1ec3u bang<\/strong>\u00a0tr\u00ean to\u00e0n n\u01b0\u1edbc M\u1ef9.<\/li>\n<li>Bao b\u00ec \u0111\u01b0\u1ee3c thi\u1ebft k\u1ebf\u00a0<strong>sang tr\u1ecdng<\/strong>, ph\u00f9 h\u1ee3p \u0111\u1ec3 l\u00e0m qu\u00e0 bi\u1ebfu.<\/li>\n<li>S\u1ea3n ph\u1ea9m \u0111\u00e3 \u0111\u01b0\u1ee3c\u00a0<strong>h\u1ed9i \u0111\u1ed3ng nh\u00e2n s\u00e2m<\/strong>\u00a0bang Wisconsin x\u00e1c nh\u1eadn ch\u1ea5t l\u01b0\u1ee3ng.<\/li>\n<\/ul>\n<h2><strong>Mua nh\u00e2n s\u00e2m \u0111en Baumann Wisconsin ch\u00ednh h\u00e3ng \u1edf \u0111\u00e2u?<\/strong><\/h2>\n<p>Ch\u00fang t\u00f4i c\u0169ng ph\u00e2n ph\u1ed1i nh\u00e2n s\u00e2m Baumann \u0111\u1ebfn c\u00e1c nh\u00e0 thu\u1ed1c uy t\u00edn tr\u00ean to\u00e0n qu\u1ed1c v\u00e0 t\u1ed5 ch\u1ee9c c\u00e1c ch\u01b0\u01a1ng tr\u00ecnh Sampling t\u1ea1i c\u00e1c nh\u00e0 thu\u1ed1c. Gi\u00fap kh\u00e1ch h\u00e0ng tr\u1ea3i nghi\u1ec7m s\u1ea3n ph\u1ea9m th\u1ef1c t\u1ebf. \u0110i\u1ec1u n\u00e0y gi\u00fap ng\u01b0\u1eddi ti\u00eau d\u00f9ng d\u1ec5 d\u00e0ng ti\u1ebfp c\u1eadn s\u1ea3n ph\u1ea9m v\u1edbi ngu\u1ed3n g\u1ed1c r\u00f5 r\u00e0ng, \u0111\u1ea3m b\u1ea3o ch\u1ea5t l\u01b0\u1ee3ng v\u00e0 hi\u1ec7u qu\u1ea3, ph\u00f9 h\u1ee3p v\u1edbi nhu c\u1ea7u ch\u0103m s\u00f3c s\u1ee9c kh\u1ecfe. D\u01b0\u1edbi \u0111\u00e2y l\u00e0 danh s\u00e1ch c\u00e1c c\u1eeda h\u00e0ng hi\u1ec7n \u0111ang ph\u00e2n ph\u1ed1i vi\u00ean u\u1ed1ng nh\u00e2n s\u00e2m Baumann.<\/p>\n<h2><strong>Quy tr\u00ecnh s\u1ea3n xu\u1ea5t nh\u00e2n s\u00e2m \u0111en Baumann M\u1ef9<\/strong><\/h2>\n<p>D\u01b0\u1edbi \u0111\u00e2y l\u00e0 quy tr\u00ecnh s\u1ea3n xu\u1ea5t nh\u00e2n s\u00e2m \u0111en Baumann Wisconsin:<\/p>\n<p><strong>B\u01b0\u1edbc 1 \u2013 H\u1ea5p<\/strong>: Nh\u00e2n s\u00e2m Baumann \u0111\u01b0\u1ee3c h\u1ea5p nhi\u1ec1u l\u1ea7n \u0111\u1ec3 t\u1ea1o \u0111i\u1ec1u ki\u1ec7n cho c\u00e1c th\u00e0nh ph\u1ea7n t\u1ef1 nhi\u00ean nh\u01b0 ginsenosides tr\u1ea3i qua qu\u00e1 tr\u00ecnh chuy\u1ec3n \u0111\u1ed5i.<br \/><strong>B\u01b0\u1edbc 2 \u2013 S\u1ea5y kh\u00f4<\/strong>: Sau khi h\u1ea5p, nh\u00e2n s\u00e2m Baumann \u0111\u01b0\u1ee3c s\u1ea5y kh\u00f4 \u0111\u1ec3 gi\u1eef l\u1ea1i c\u00e1c d\u01b0\u1ee1ng ch\u1ea5t. Qu\u00e1 tr\u00ecnh n\u00e0y th\u01b0\u1eddng \u0111\u01b0\u1ee3c l\u1eb7p l\u1ea1i nhi\u1ec1u l\u1ea7n \u0111\u1ec3 \u0111\u1ea1t \u0111\u01b0\u1ee3c m\u00e0u \u0111en v\u00e0 c\u00e1c \u0111\u1eb7c t\u00ednh sinh h\u1ecdc m\u1edbi.<\/p>\n<p>Qu\u1ef3 tr\u00ecnh H\u1ea5p \u2013 S\u1ea5y Kh\u00f4\u00a0<strong>l\u1eb7p \u0111i l\u1eb7p l\u1ea1i\u00a09 l\u1ea7n<\/strong>\u00a0\u0111\u1ec3 d\u01b0\u1ee3c ch\u1ea5t trong nh\u00e2n s\u00e2m Baumann Wisconsin thay \u0111\u1ed5i. T\u1eeb \u0111\u00f3 b\u1ed5 theo h\u01b0\u1edbng ch\u1ed1ng oxy h\u00f3a v\u00e0 gi\u00fap t\u0103ng c\u01b0\u1eddng sinh l\u1ef1c.<\/p>\n<blockquote>\n<p>S\u1ea2N PH\u1ea8M NH\u00c2N S\u00c2M BAUMANN C\u00d2N C\u00d3 C\u00c1C D\u1ea0NG S\u1eec D\u1ee4NG TI\u1ec6N L\u1ee2I NH\u01af SAU:<\/p>\n<ul>\n<li><a href=\"https:\/\/nhansambaumann.com\/sam-tui-loc-baumann-wisconsin\/\" target=\"_blank\" rel=\"noopener\" data-mce-href=\"https:\/\/nhansambaumann.com\/sam-tui-loc-baumann-wisconsin\/\"><strong>Nh\u00e2n s\u00e2m Baumann t\u00fai l\u1ecdc<\/strong><\/a>\u00a0t\u0103ng c\u01b0\u1eddng t\u1eadp trung, gi\u1ea3m c\u0103ng th\u1eb3ng, lo l\u1eafng<\/li>\n<li><a href=\"https:\/\/nhansambaumann.com\/nhan-sam-baumann-wisconsin-nguyen-cu\/\" target=\"_blank\" rel=\"noopener\" data-mce-href=\"https:\/\/nhansambaumann.com\/nhan-sam-baumann-wisconsin-nguyen-cu\/\"><strong>Nh\u00e2n s\u00e2m Baumann nguy\u00ean c\u1ee7<\/strong><\/a>\u00a0t\u0103ng c\u01b0\u1eddng th\u1ec3 tr\u1ea1ng, t\u0103ng s\u1ee9c \u0111\u1ec1 kh\u00e1ng<\/li>\n<\/ul>\n<\/blockquote>\n<h2><strong>C\u00e2u h\u1ecfi th\u01b0\u1eddng g\u1eb7p v\u1ec1 nh\u00e2n s\u00e2m \u0111en M\u1ef9 Baumann\u00a0<\/strong>(FAQs)<\/h2>\n<p><strong>C\u00e2u h\u1ecfi<\/strong>: Nh\u00e2n s\u00e2m \u0111en Baumann Wisconsin l\u00e0 g\u00ec?<br \/><strong>Tr\u1ea3 l\u1eddi<\/strong>: Nh\u00e2n s\u00e2m \u0111en Baumann Wisconsin l\u00e0 lo\u1ea1i nh\u00e2n s\u00e2m Baumann \u0111\u01b0\u1ee3c tr\u1ea3i qua qu\u00e1 tr\u00ecnh l\u00ean men t\u1ef1 nhi\u00ean \u0111\u1ec3 t\u0103ng c\u01b0\u1eddng h\u00e0m l\u01b0\u1ee3ng d\u01b0\u1ee3c ch\u1ea5t. Gi\u00fap n\u00e2ng cao hi\u1ec7u qu\u1ea3 sinh h\u1ecdc v\u00e0 d\u1ec5 h\u1ea5p th\u1ee5 h\u01a1n so v\u1edbi nh\u00e2n s\u00e2m th\u00f4ng th\u01b0\u1eddng.<\/p>\n<p><strong>C\u00e2u h\u1ecfi<\/strong>: C\u00f4ng d\u1ee5ng c\u1ee7a nh\u00e2n s\u00e2m \u0111en Baumann l\u00e0 g\u00ec?<br \/><strong>Tr\u1ea3 l\u1eddi<\/strong>: Nh\u00e2n s\u00e2m \u0111en Baumann gi\u00fap t\u0103ng c\u01b0\u1eddng sinh l\u1ef1c, gi\u1ea3m c\u0103ng th\u1eb3ng v\u00e0 m\u1ec7t m\u1ecfi, c\u1ea3i thi\u1ec7n tr\u00ed nh\u1edb v\u00e0 kh\u1ea3 n\u0103ng t\u1eadp trung, \u0111i\u1ec1u h\u00f2a hormone, v\u00e0 t\u0103ng c\u01b0\u1eddng h\u1ec7 mi\u1ec5n d\u1ecbch.<\/p>\n<p><strong>C\u00e2u h\u1ecfi<\/strong>: V\u00ec sao nh\u00e2n s\u00e2m \u0111en Baumann c\u00f3 kh\u1ea3 n\u0103ng t\u0103ng c\u01b0\u1eddng sinh l\u1ef1c?<br \/><strong>Tr\u1ea3 l\u1eddi<\/strong>: Nh\u00e2n s\u00e2m \u0111en Baumann ch\u1ee9a c\u00e1c ginsenosides sau qu\u00e1 tr\u00ecnh l\u00ean men s\u1ebd t\u1ea1o ra s\u1ef1 thay \u0111\u1ed5i h\u00f3a h\u1ecdc trong c\u00e1c th\u00e0nh ph\u1ea7n d\u01b0\u1ee3c t\u00ednh. Gi\u00fap c\u01a1 th\u1ec3 d\u1ec5 h\u1ea5p thu, c\u1ea3i thi\u1ec7n n\u0103ng l\u01b0\u1ee3ng t\u1ebf b\u00e0o, \u0111i\u1ec1u h\u00f2a hormone v\u00e0 t\u0103ng tu\u1ea7n ho\u00e0n m\u00e1u. \u0110i\u1ec1u n\u00e0y gi\u00fap c\u01a1 th\u1ec3 b\u1ec1n b\u1ec9, kh\u1ecfe m\u1ea1nh v\u00e0 duy tr\u00ec sinh l\u1ef1c t\u1ed1t h\u01a1n.<\/p>\n<p><strong>C\u00e2u h\u1ecfi<\/strong>: Nh\u00e2n s\u00e2m \u0111en Baumann ph\u00f9 h\u1ee3p v\u1edbi \u0111\u1ed1i t\u01b0\u1ee3ng n\u00e0o?<br \/><strong>Tr\u1ea3 l\u1eddi<\/strong>: Nh\u00e2n s\u00e2m \u0111en ph\u00f9 h\u1ee3p v\u1edbi ng\u01b0\u1eddi tr\u01b0\u1edfng th\u00e0nh, ng\u01b0\u1eddi b\u1ec7nh c\u1ea7n t\u0103ng c\u01b0\u1eddng sinh l\u00fd, t\u0103ng s\u1ee9c kh\u1ecfe, s\u1ee9c \u0111\u1ec1 kh\u00e1ng, ng\u01b0\u1eddi l\u00e0m vi\u1ec7c c\u0103ng th\u1eb3ng.<\/p>\n<p><strong>C\u00e2u h\u1ecfi<\/strong>: Nh\u00e2n s\u00e2m \u0111en Baumann Wisconsin c\u00f3 g\u00e2y t\u00e1c d\u1ee5ng ph\u1ee5 kh\u00f4ng?<br \/><strong>Tr\u1ea3 l\u1eddi<\/strong>: N\u1ebfu d\u00f9ng qu\u00e1 li\u1ec1u ho\u1eb7c kh\u00f4ng \u0111\u00fang h\u01b0\u1edbng d\u1eabn, nh\u00e2n s\u00e2m \u0111en Baumann c\u00f3 th\u1ec3 g\u00e2y m\u1ea5t ng\u1ee7, \u0111au \u0111\u1ea7u, r\u1ed1i lo\u1ea1n ti\u00eau h\u00f3a. N\u00ean tham kh\u1ea3o \u00fd ki\u1ebfn b\u00e1c s\u0129 tr\u01b0\u1edbc khi s\u1eed d\u1ee5ng, \u0111\u1eb7c bi\u1ec7t khi c\u00f3 b\u1ec7nh n\u1ec1n ho\u1eb7c \u0111ang d\u00f9ng thu\u1ed1c.<\/p>\n<p><strong>C\u00e2u h\u1ecfi<\/strong>: C\u00e1ch d\u00f9ng nh\u00e2n s\u00e2m \u0111en Baumann nh\u01b0 th\u1ebf n\u00e0o?<br \/><strong>Tr\u1ea3 l\u1eddi<\/strong>: S\u1eed d\u1ee5ng tr\u1ef1c ti\u1ebfp\u00a0<em>(nhai \u2013 nu\u1ed1t)<\/em><\/p>\n<p><strong>C\u00e2u h\u1ecfi<\/strong>: Nh\u00e2n s\u00e2m \u0111en Baumann kh\u00e1c g\u00ec so v\u1edbi nh\u00e2n s\u00e2m th\u00f4ng th\u01b0\u1eddng?<br \/><strong>Tr\u1ea3 l\u1eddi<\/strong>: Nh\u00e2n s\u00e2m \u0111en Baumann \u0111\u00e3 tr\u1ea3i qua qu\u00e1 tr\u00ecnh l\u00ean men, gi\u00fap ginsenosides chuy\u1ec3n th\u00e0nh d\u1ea1ng d\u1ec5 h\u1ea5p th\u1ee5, t\u0103ng c\u01b0\u1eddng hi\u1ec7u qu\u1ea3 sinh h\u1ecdc.<\/p>\n<p><strong>C\u00e2u h\u1ecfi<\/strong>: Nh\u00e2n s\u00e2m \u0111en Baumann c\u00f3 ph\u00f9 h\u1ee3p cho ph\u1ee5 n\u1eef mang thai v\u00e0 cho con b\u00fa kh\u00f4ng?<br \/><strong>Tr\u1ea3 l\u1eddi<\/strong>: Kh\u00f4ng khuy\u1ebfn kh\u00edch s\u1eed d\u1ee5ng nh\u00e2n s\u00e2m \u0111en Baumann cho ph\u1ee5 n\u1eef mang thai v\u00e0 cho con b\u00fa, tr\u1eeb khi c\u00f3 ch\u1ec9 \u0111\u1ecbnh t\u1eeb b\u00e1c s\u0129.<\/p>\n<p><strong>C\u00e2u h\u1ecfi<\/strong>: C\u00f3 th\u1ec3 d\u00f9ng nh\u00e2n s\u00e2m \u0111en Baumann \u0111\u1ec3 c\u1ea3i thi\u1ec7n gi\u1ea5c ng\u1ee7 kh\u00f4ng?<br \/><strong>Tr\u1ea3 l\u1eddi<\/strong>: M\u1eb7c d\u00f9 nh\u00e2n s\u00e2m \u0111en Baumann gi\u00fap gi\u1ea3m c\u0103ng th\u1eb3ng, n\u1ebfu d\u00f9ng v\u00e0o bu\u1ed5i t\u1ed1i c\u00f3 th\u1ec3 g\u00e2y k\u00edch th\u00edch v\u00e0 m\u1ea5t ng\u1ee7. Do \u0111\u00f3, n\u00ean d\u00f9ng v\u00e0o bu\u1ed5i s\u00e1ng ho\u1eb7c \u0111\u1ea7u bu\u1ed5i chi\u1ec1u.<\/p>\n<p><strong>C\u00e2u h\u1ecfi<\/strong>: Nh\u00e2n s\u00e2m \u0111en Baumann c\u00f3 g\u00e2y t\u01b0\u01a1ng t\u00e1c v\u1edbi thu\u1ed1c kh\u00f4ng?<br \/><strong>Tr\u1ea3 l\u1eddi<\/strong>: Nh\u00e2n s\u00e2m \u0111en Baumann c\u00f3 kh\u1ea3 n\u0103ng t\u01b0\u01a1ng t\u00e1c v\u1edbi m\u1ed9t s\u1ed1 lo\u1ea1i thu\u1ed1c. Do \u0111\u00f3, b\u1ea1n n\u00ean tham kh\u1ea3o \u00fd ki\u1ebfn b\u00e1c s\u0129 n\u1ebfu \u0111ang s\u1eed d\u1ee5ng b\u1ea5t k\u1ef3 lo\u1ea1i thu\u1ed1c n\u00e0o tr\u01b0\u1edbc khi b\u1eaft \u0111\u1ea7u d\u00f9ng nh\u00e2n s\u00e2m \u0111en.<\/p>\n<p><strong>T\u00e0i li\u1ec7u &amp; H\u1ed3 s\u01a1 c\u00f4ng b\u1ed1: https:\/\/drive.google.com\/drive\/folders\/13VizcqVMcyltAVVHB-MK74DeahBF9dvP?usp=drive_link<\/strong><\/p>\n","protected":false},"excerpt":{"rendered":"<ul>\n<li><strong>C\u00f4ng d\u1ee5ng<\/strong>: T\u0103ng c\u01b0\u1eddng sinh l\u1ef1c, Gi\u1ea3m tri\u1ec7u ch\u1ee9ng b\u1ed1c h\u1ecfa \u1edf ph\u1ee5 n\u1eef trong giai \u0111o\u1ea1n ti\u1ec1n m\u00e3n kinh, T\u0103ng c\u01b0\u1eddng h\u1ec7 th\u1ed1ng mi\u1ec5n d\u1ecbch, H\u1ed7 tr\u1ee3 ch\u1ee9c n\u0103ng ti\u00eau h\u00f3a, Ch\u1ed1ng oxy h\u00f3a v\u00e0 kh\u00e1ng vi\u00eam, \u0110i\u1ec1u ch\u1ec9nh hormone v\u00e0 l\u00e0m gi\u1ea3m c\u0103ng th\u1eb3ng, N\u00e2ng cao m\u1ee9c n\u0103ng l\u01b0\u1ee3ng v\u00e0 s\u1ee9c b\u1ec1n.<\/li>\n<li><strong>\u0110\u1ed1i t\u01b0\u1ee3ng s\u1eed d\u1ee5ng<\/strong>: Nh\u1eefng ng\u01b0\u1eddi l\u00e0m vi\u1ec7c trong v\u0103n ph\u00f2ng, Ng\u01b0\u1eddi v\u1eeba h\u1ed3i ph\u1ee5c sau \u1ed1m, Ng\u01b0\u1eddi cao tu\u1ed5i (\u00edt l\u00e0m t\u0103ng huy\u1ebft \u00e1p), Nam gi\u1edbi t\u1eeb 35 tu\u1ed5i tr\u1edf l\u00ean, Ph\u1ee5 n\u1eef trong giai \u0111o\u1ea1n ti\u1ec1n m\u00e3n kinh v\u00e0 sau sinh, B\u1ec7nh nh\u00e2n ung th\u01b0.<\/li>\n<li><strong>D\u1ea1ng b\u00e0o ch\u1ebf<\/strong>: S\u00e2m nguy\u00ean c\u1ee7.<\/li>\n<li><strong>C\u00e1ch d\u00f9ng<\/strong>: S\u1eed d\u1ee5ng nh\u00e2n s\u00e2m \u0111en Baumann tr\u1ef1c ti\u1ebfp b\u1eb1ng c\u00e1ch nhai v\u00e0 nu\u1ed1t.<\/li>\n<li><strong>Xu\u1ea5t x\u1ee9<\/strong>: Hoa K\u1ef3.<\/li>\n<\/ul>\n","protected":false},"featured_media":1396,"comment_status":"open","ping_status":"closed","template":"","meta":{"site-sidebar-layout":"default","site-content-layout":"","ast-site-content-layout":"default","site-content-style":"default","site-sidebar-style":"default","ast-global-header-display":"","ast-banner-title-visibility":"","ast-main-header-display":"","ast-hfb-above-header-display":"","ast-hfb-below-header-display":"","ast-hfb-mobile-header-display":"","site-post-title":"","ast-breadcrumbs-content":"","ast-featured-img":"","footer-sml-layout":"","theme-transparent-header-meta":"","adv-header-id-meta":"","stick-header-meta":"","header-above-stick-meta":"","header-main-stick-meta":"","header-below-stick-meta":"","astra-migrate-meta-layouts":"default","ast-page-background-enabled":"default","ast-page-background-meta":{"desktop":{"background-color":"var(--ast-global-color-5)","background-image":"","background-repeat":"repeat","background-position":"center center","background-size":"auto","background-attachment":"scroll","background-type":"","background-media":"","overlay-type":"","overlay-color":"","overlay-opacity":"","overlay-gradient":""},"tablet":{"background-color":"","background-image":"","background-repeat":"repeat","background-position":"center center","background-size":"auto","background-attachment":"scroll","background-type":"","background-media":"","overlay-type":"","overlay-color":"","overlay-opacity":"","overlay-gradient":""},"mobile":{"background-color":"","background-image":"","background-repeat":"repeat","background-position":"center center","background-size":"auto","background-attachment":"scroll","background-type":"","background-media":"","overlay-type":"","overlay-color":"","overlay-opacity":"","overlay-gradient":""}},"ast-content-background-meta":{"desktop":{"background-color":"var(--ast-global-color-4)","background-image":"","background-repeat":"repeat","background-position":"center center","background-size":"auto","background-attachment":"scroll","background-type":"","background-media":"","overlay-type":"","overlay-color":"","overlay-opacity":"","overlay-gradient":""},"tablet":{"background-color":"var(--ast-global-color-4)","background-image":"","background-repeat":"repeat","background-position":"center center","background-size":"auto","background-attachment":"scroll","background-type":"","background-media":"","overlay-type":"","overlay-color":"","overlay-opacity":"","overlay-gradient":""},"mobile":{"background-color":"var(--ast-global-color-4)","background-image":"","background-repeat":"repeat","background-position":"center center","background-size":"auto","background-attachment":"scroll","background-type":"","background-media":"","overlay-type":"","overlay-color":"","overlay-opacity":"","overlay-gradient":""}}},"product_brand":[110],"product_cat":[109,514,427,428],"product_tag":[],"class_list":{"0":"post-1297","1":"product","2":"type-product","3":"status-publish","4":"has-post-thumbnail","6":"product_brand-baumann","7":"product_cat-baumann","8":"product_cat-ho-tro-suc-khoe","9":"product_cat-suc-khoe","10":"product_cat-thuc-pham-chuc-nang","11":"desktop-align-left","12":"tablet-align-left","13":"mobile-align-left","15":"first","16":"instock","17":"sale","18":"taxable","19":"shipping-taxable","20":"purchasable","21":"product-type-simple"},"_links":{"self":[{"href":"https:\/\/omewa.online\/index.php\/wp-json\/wp\/v2\/product\/1297","targetHints":{"allow":["GET"]}}],"collection":[{"href":"https:\/\/omewa.online\/index.php\/wp-json\/wp\/v2\/product"}],"about":[{"href":"https:\/\/omewa.online\/index.php\/wp-json\/wp\/v2\/types\/product"}],"replies":[{"embeddable":true,"href":"https:\/\/omewa.online\/index.php\/wp-json\/wp\/v2\/comments?post=1297"}],"wp:featuredmedia":[{"embeddable":true,"href":"https:\/\/omewa.online\/index.php\/wp-json\/wp\/v2\/media\/1396"}],"wp:attachment":[{"href":"https:\/\/omewa.online\/index.php\/wp-json\/wp\/v2\/media?parent=1297"}],"wp:term":[{"taxonomy":"product_brand","embeddable":true,"href":"https:\/\/omewa.online\/index.php\/wp-json\/wp\/v2\/product_brand?post=1297"},{"taxonomy":"product_cat","embeddable":true,"href":"https:\/\/omewa.online\/index.php\/wp-json\/wp\/v2\/product_cat?post=1297"},{"taxonomy":"product_tag","embeddable":true,"href":"https:\/\/omewa.online\/index.php\/wp-json\/wp\/v2\/product_tag?post=1297"}],"curies":[{"name":"wp","href":"https:\/\/api.w.org\/{rel}","templated":true}]}}