{"id":1296,"date":"2025-11-01T18:19:35","date_gmt":"2025-11-01T18:19:35","guid":{"rendered":"https:\/\/omewa.online\/?post_type=product&#038;p=1296"},"modified":"2025-12-12T16:08:00","modified_gmt":"2025-12-12T16:08:00","slug":"vien-uong-bo-sung-sat-sidergin","status":"publish","type":"product","link":"https:\/\/omewa.online\/index.php\/product\/vien-uong-bo-sung-sat-sidergin\/","title":{"rendered":"Vi\u00ean u\u1ed1ng b\u1ed5 sung s\u1eaft Sidergin"},"content":{"rendered":"<div id=\"tab-description\" class=\"woocommerce-Tabs-panel woocommerce-Tabs-panel--description panel entry-content active\" role=\"tabpanel\" aria-labelledby=\"tab-title-description\">\n<h2>Gi\u1ea3i ph\u00e1p b\u1ed5 sung c\u00e2n b\u1eb1ng h\u00e0m l\u01b0\u1ee3ng s\u1eaft<\/h2>\n<p>Ph\u1ee5c h\u1ed3i s\u1ee9c m\u1ea1nh v\u00e0 s\u1ee9c s\u1ed1ng v\u1edbi Sidergin, th\u1ef1c ph\u1ea9m b\u1ed5 sung c\u00f3 ch\u1ee9a s\u1eaft vi nang, lactoferrin, axit folic v\u00e0 vitamin B6 v\u00e0 B12, h\u1eefu \u00edch \u0111\u1ec3 b\u00f9 \u0111\u1eafp nh\u1eefng thi\u1ebfu h\u1ee5t trong ch\u1ebf \u0111\u1ed9 \u0103n u\u1ed1ng ho\u1eb7c t\u0103ng nhu c\u1ea7u h\u1eefu c\u01a1 c\u1ee7a c\u00e1c ch\u1ea5t dinh d\u01b0\u1ee1ng quan tr\u1ecdng n\u00e0y.<\/p>\n<h3><b>Sidergin \u2013 Th\u1ef1c ph\u1ea9m b\u1ed5 sung c\u00e2n b\u1eb1ng h\u00e0m l\u01b0\u1ee3ng s\u1eaft<\/b><\/h3>\n<p>Nh\u1edd c\u00f4ng th\u1ee9c c\u1ea3i ti\u1ebfn \u0111\u01b0\u1ee3c c\u1ea5p b\u1eb1ng s\u00e1ng ch\u1ebf, S\u1eaft c\u00f3 trong Sidergin\u00ae (SunActive Fe\u00ae) \u0111\u01b0\u1ee3c \u0111\u00f3ng g\u00f3i vi m\u00f4 v\u00e0 c\u00f3 s\u1eb5n ngay l\u1eadp t\u1ee9c. K\u1ef9 thu\u1eadt d\u01b0\u1ee3c ph\u1ea9m \u0111\u1eb7c bi\u1ec7t n\u00e0y \u0111\u1ea3m b\u1ea3o s\u1ef1 h\u1ea5p th\u1ee5 nguy\u00ean t\u1ed1 s\u1eaft t\u1ed1t h\u01a1n, h\u1ed7 tr\u1ee3 kh\u1ea3 n\u0103ng ti\u00eau h\u00f3a v\u00e0 lo\u1ea1i b\u1ecf d\u01b0 v\u1ecb kim lo\u1ea1i \u0111\u1eb7c tr\u01b0ng c\u1ee7a S\u1eaft.<\/p>\n<p><strong>S\u1eaft<\/strong>: g\u00f3p ph\u1ea7n h\u00ecnh th\u00e0nh b\u00ecnh th\u01b0\u1eddng c\u00e1c t\u1ebf b\u00e0o h\u1ed3ng c\u1ea7u, huy\u1ebft s\u1eafc t\u1ed1 v\u00e0 v\u1eadn chuy\u1ec3n oxy.<\/p>\n<p><strong>Vitamin B6 v\u00e0 B12<\/strong>: tham gia v\u00e0o qu\u00e1 tr\u00ecnh h\u00ecnh th\u00e0nh h\u1ec7 th\u1ea7n kinh v\u00e0 h\u1ed3ng c\u1ea7u \u1edf b\u00e0o thai.<\/p>\n<p><strong>Acid Folic (Vitamin B9)<\/strong>: l\u00e0 y\u1ebfu t\u1ed1 c\u1ea7n thi\u1ebft cho qu\u00e1 tr\u00ecnh nh\u00e2n \u0111\u00f4i ADN, li\u00ean quan tr\u1ef1c ti\u1ebfp t\u1edbi qu\u00e1 tr\u00ecnh h\u00ecnh th\u00e0nh t\u1ebf b\u00e0o m\u1edbi; \u0111\u1eb7c bi\u1ec7t quan tr\u1ecdng \u0111\u1ed1i v\u1edbi giai \u0111o\u1ea1n mang thai v\u00e0 ph\u00e1t tri\u1ec3n thai k\u1ef3.<\/p>\n<p><strong>Lactoferrin<\/strong>: l\u00e0 m\u1ed9t protein quan tr\u1ecdng c\u1ee7a h\u1ec7 th\u1ed1ng mi\u1ec5n d\u1ecbch t\u1ef1 nhi\u00ean, c\u00f3 nhi\u1ec1u trong s\u1eefa m\u1eb9 v\u00e0 c\u00e1c lo\u1ea1i d\u1ecbch ti\u1ebft, c\u00f3 vai tr\u00f2 g\u1eafn v\u1edbi s\u1eaft t\u1ef1 do l\u00e0m gi\u1ea3m l\u01b0\u1ee3ng s\u1eaft c\u1ea7n thi\u1ebft cho s\u1ef1 ph\u00e1t tri\u1ec3n c\u1ee7a c\u00e1c vi khu\u1ea9n c\u00f3 h\u1ea1i; t\u1eeb \u0111\u00f3 l\u00e0m t\u0103ng c\u01b0\u1eddng h\u1ec7 th\u1ed1ng mi\u1ec5n d\u1ecbch. LACTOFERRIN c\u0169ng c\u00f3 vai tr\u00f2 h\u1ebft s\u1ee9c quan tr\u1ecdng trong vi\u1ec7c \u0111i\u1ec1u h\u00f2a h\u1ea5p th\u1ee5 v\u00e0 c\u00e2n b\u1eb1ng s\u1eaft trong c\u01a1 th\u1ec3 th\u00f4ng qua k\u00edch ho\u1ea1t c\u00e1c Ferroportin (c\u00f3 tr\u00ean b\u1ec1 m\u1eb7t t\u1ebf b\u00e0o th\u00e0nh ru\u1ed9t non, \u0111\u1ea1i th\u1ef1c b\u00e0o), t\u1eeb \u0111\u00f3 k\u00edch ho\u1ea1t qu\u00e1 tr\u00ecnh ph\u00f3ng th\u00edch s\u1eaft v\u00e0o h\u1ec7 tu\u1ea7n ho\u00e0n, l\u00e0m t\u0103ng l\u01b0\u1ee3ng s\u1eaft, ferritin trong m\u00e1u.<\/p>\n<h2><strong>Li\u1ec1u d\u00f9ng<\/strong><\/h2>\n<p>M\u1ed7i ng\u00e0y 1 vi\u00ean, c\u00f3 th\u1ec3 chia \u0111\u00f4i \u0111\u1ec3 d\u1ec5 u\u1ed1ng.<\/p>\n<p>Sidergin\u00ae l\u00e0 th\u1ef1c ph\u1ea9m b\u1ed5 sung v\u00e0 kh\u00f4ng nh\u1eb1m m\u1ee5c \u0111\u00edch thay th\u1ebf cho ch\u1ebf \u0111\u1ed9 \u0103n u\u1ed1ng c\u00e2n b\u1eb1ng v\u00e0 \u0111a d\u1ea1ng c\u0169ng nh\u01b0 l\u1ed1i s\u1ed1ng l\u00e0nh m\u1ea1nh<\/p>\n<h2><strong>Quy c\u00e1ch \u0111\u00f3ng g\u00f3i<\/strong><\/h2>\n<p>D\u1ea1ng b\u00e0o ch\u1ebf: Vi\u00ean<\/p>\n<p>Quy c\u00e1ch: Chai 30 vi\u00ean<\/p>\n<p>Xu\u1ea5t x\u1ee9 th\u01b0\u01a1ng hi\u1ec7u: Italy<\/p>\n<p>N\u01b0\u1edbc s\u1ea3n xu\u1ea5t: Italy<\/p>\n<p>C\u00f4ng d\u1ee5ng: Sidergin Compresse h\u00f4\u0303 tr\u01a1\u0323 ta\u0306ng cu\u031b\u01a1\u0300ng s\u01b0\u0301c \u0111\u00ea\u0300 kha\u0301ng, ta\u0306ng kha\u0309 na\u0306ng ta\u0323o h\u00f4\u0300ng c\u00e2\u0300u do thi\u00ea\u0301u s\u0103\u0301t, acid folic va\u0300 Vitamin nho\u0301m B: B6, B12.<\/p>\n<p>B\u1ea3o qu\u1ea3n: B\u1ea3o qu\u1ea3n nhi\u1ec7t \u0111\u1ed9 ph\u00f2ng, tr\u00e1nh \u00e1nh n\u1eafng tr\u1ef1c ti\u1ebfp, kh\u00f4ng \u0111\u1ec3 g\u1ea7n ngu\u1ed3n nhi\u1ec7t, \u0111\u1ec3 xa t\u1ea7m v\u1edbi tr\u1ebb em.<\/p>\n<p>H\u1ea1n s\u1eed d\u1ee5ng: 36 th\u00e1ng.<\/p>\n<h2><strong>Ch\u1ed1ng ch\u1ec9 \u0111\u1ecbnh<\/strong><\/h2>\n<p>Sidergin c\u00f3 ch\u1ee9a lactose v\u00e0 do \u0111\u00f3 kh\u00f4ng \u0111\u01b0\u1ee3c khuy\u1ebfn kh\u00edch cho nh\u1eefng ng\u01b0\u1eddi kh\u00f4ng dung n\u1ea1p lactose.<\/p>\n<p>Kh\u00f4ng d\u00f9ng n\u00f3 n\u1ebfu b\u1ea1n qu\u00e1 m\u1eabn c\u1ea3m v\u1edbi b\u1ea5t k\u1ef3 th\u00e0nh ph\u1ea7n n\u00e0o c\u1ee7a s\u1ea3n ph\u1ea9m.<\/p>\n<\/div>\n<h3 class=\"h2\"><b>Th\u00e0nh ph\u1ea7n c\u1ee7a Sidergin<\/b><\/h3>\n<div class=\"img-inner dark\"><img fetchpriority=\"high\" decoding=\"async\" class=\"attachment-large size-large\" src=\"https:\/\/tcspharma.vn\/wp-content\/uploads\/2024\/07\/Untitled-design-9.webp\" alt=\"\" width=\"750\" height=\"938\" data-mce-src=\"https:\/\/tcspharma.vn\/wp-content\/uploads\/2024\/07\/Untitled-design-9.webp\"><\/div>\n<h3><b>C\u00f4ng th\u1ee9c \u0111\u1ea7y \u0111\u1ee7 c\u1ee7a Sidergin bao g\u1ed3m:<\/b><\/h3>\n<table class=\"table-product mce-item-table\">\n<tbody>\n<tr>\n<td><strong>Th\u00e0nh ph\u1ea7n<\/strong><\/td>\n<td><strong>H\u00e0m l\u01b0\u1ee3ng\/vi\u00ean<\/strong><\/td>\n<td><strong>Gi\u00e1 tr\u1ecb b\u1ed5 sung\/ng\u00e0y<\/strong><\/td>\n<\/tr>\n<tr>\n<td>S\u1eaft<\/td>\n<td>30 mg<\/td>\n<td>30 \u00b120%<\/td>\n<\/tr>\n<tr>\n<td>Lactoferrin<\/td>\n<td>50 mg<\/td>\n<td>50 \u00b120%<\/td>\n<\/tr>\n<tr>\n<td>Vitamin B6<\/td>\n<td>1,9 mg<\/td>\n<td>400 \u00b120 %<\/td>\n<\/tr>\n<tr>\n<td>Vitamin B12<\/td>\n<td>2,6 mg<\/td>\n<td>2.6 \u00b120 %<\/td>\n<\/tr>\n<tr>\n<td>Axit Folic<\/td>\n<td width=\"131\">400 mcg<\/td>\n<td>1.9 \u00b120 %<\/td>\n<\/tr>\n<\/tbody>\n<\/table>\n<p><a href=\"https:\/\/tcspharma.vn\/cau-hoi-thuong-gap\/\" data-mce-href=\"https:\/\/tcspharma.vn\/cau-hoi-thuong-gap\/\">C\u00e2u h\u1ecfi th\u01b0\u1eddng g\u1eb7p &#8211; Sidergin &#8211; Vi\u00ean u\u1ed1ng b\u1ed5 sung s\u1eaft s\u1ed1 1 Italy<\/a><br \/>Sidergin l\u00e0 g\u00ec?<\/p>\n<div id=\"accordion-3592151188-content\" class=\"accordion-inner\" aria-labelledby=\"accordion-3592151188-label\">\n<ul>\n<li>Sidergin compresse l\u00e0 s\u1ea3n ph\u1ea9m \u0111\u1ebfn t\u1eeb \u00dd ch\u1ee9a S\u1eaft ( b\u00e0o ch\u1ebf v\u1edbi c\u00f4ng ngh\u1ec7 SunActive Fe ), Acid Folic, Vitamin B6, Vitamin B12 v\u00e0 Lactoferrin. Gi\u00fap b\u1ed5 sung S\u1eaft trong c\u00e1c tr\u01b0\u1eddng h\u1ee3p thi\u1ebfu m\u00e1u do thi\u1ebfu S\u1eaft, t\u0103ng c\u01b0\u1eddng h\u1ec7 mi\u1ec5n d\u1ecbch t\u1ed1i \u01b0u. \u0110\u1eb7c bi\u1ec7t s\u1ea3n ph\u1ea9m kh\u00f4ng g\u00e2y t\u00e1o b\u00f3n, kh\u00f4ng c\u00f3 m\u00f9i tanh v\u00e0 kh\u00f4ng t\u00e1c d\u1ee5ng ph\u1ee5 l\u00ean d\u1ea1 d\u00e0y.<\/li>\n<\/ul>\n<p>T\u1ea1i sao Sidergin l\u1ea1i \u0111\u01b0\u1ee3c khuy\u00ean d\u00f9ng cho s\u1ea3n ph\u1ee5?<\/p>\n<div id=\"accordion-2339030545-content\" class=\"accordion-inner\" aria-labelledby=\"accordion-2339030545-label\">\n<ul>\n<li>Gi\u00fap t\u0103ng kh\u1ea3 n\u0103ng th\u1ee5 thai<\/li>\n<li>Cung c\u1ea5p d\u01b0\u1ee1ng ch\u1ea5t c\u1ea7n thi\u1ebft cho c\u1ea3 m\u1eb9 v\u00e0 b\u00e9 trong thai k\u1ef3 v\u00e0 sau sinh<\/li>\n<li>Ng\u0103n ng\u1eeba b\u1ec7nh thi\u1ebfu m\u00e1u cho m\u1eb9 b\u1ea7u<\/li>\n<li>Gi\u1ea3m nguy c\u01a1 d\u1ecb t\u1eadt b\u1ea9m sinh cho thai nhi<\/li>\n<li>Gi\u00fap thai nhi ph\u00e1t tri\u1ec3n kh\u1ecfe m\u1ea1nh v\u00e0 th\u00f4ng minh h\u01a1n<\/li>\n<\/ul>\n<p>D\u00f9ng Sidergin th\u1eddi gian d\u00e0i c\u00f3 b\u1ecb d\u01b0 s\u1eaft kh\u00f4ng?<\/p>\n<ul>\n<li>S\u1eaft \u0111\u01b0\u1ee3c \u0111i\u1ec1u ch\u1ec9nh h\u1ea5p thu d\u01b0\u1edbi s\u1ef1 \u0111i\u1ec1u h\u00f2a c\u1ee7a ph\u00e2n t\u1eed Hepcidin. Khi l\u01b0\u1ee3ng s\u1eaft trong c\u01a1 th\u1ec3 \u0111\u1ee7 Hepcidin s\u1ebd kh\u00f4ng cho s\u1eaft ti\u1ebfp t\u1ee5c h\u1ea5p thu t\u1eeb ni\u00eam m\u1ea1c ru\u1ed9t, d\u00f9ng Sidergin trong th\u1eddi gian d\u00e0i s\u1ebd kh\u00f4ng g\u00e2y ra hi\u1ec7n t\u01b0\u1ee3ng thi\u1ebfu m\u00e1u thi\u1ebfu s\u1eaft.\n<div id=\"image_1964201719\" class=\"img has-hover x md-x lg-x y md-y lg-y\">\n<div class=\"img-inner dark\">\n<p><img decoding=\"async\" class=\"attachment-original size-original\" src=\"https:\/\/tcspharma.vn\/wp-content\/uploads\/2024\/08\/Picture1.jpg\" alt=\"\" width=\"524\" height=\"461\" data-mce-src=\"https:\/\/tcspharma.vn\/wp-content\/uploads\/2024\/08\/Picture1.jpg\"><\/p>\n<p><strong>T\u00e0i li\u1ec7u &amp; H\u1ed3 s\u01a1 c\u00f4ng b\u1ed1: <\/strong><em>https:\/\/drive.google.com\/drive\/folders\/13VizcqVMcyltAVVHB-MK74DeahBF9dvP?usp=drive_link<\/em><\/p>\n<\/div>\n<\/div>\n<\/li>\n<\/ul>\n<\/div>\n<\/div>\n","protected":false},"excerpt":{"rendered":"<p>Ph\u1ee5c h\u1ed3i s\u1ee9c m\u1ea1nh v\u00e0 s\u1ee9c s\u1ed1ng v\u1edbi Sidergin, th\u1ef1c ph\u1ea9m b\u1ed5 sung c\u00f3 ch\u1ee9a s\u1eaft vi nang, lactoferrin, axit folic v\u00e0 vitamin B6 v\u00e0 B12, h\u1eefu \u00edch \u0111\u1ec3 b\u00f9 \u0111\u1eafp nh\u1eefng thi\u1ebfu h\u1ee5t trong ch\u1ebf \u0111\u1ed9 \u0103n u\u1ed1ng ho\u1eb7c t\u0103ng nhu c\u1ea7u h\u1eefu c\u01a1 c\u1ee7a c\u00e1c ch\u1ea5t dinh d\u01b0\u1ee1ng quan tr\u1ecdng n\u00e0y.<\/p>\n","protected":false},"featured_media":1386,"comment_status":"open","ping_status":"closed","template":"","meta":{"site-sidebar-layout":"default","site-content-layout":"","ast-site-content-layout":"default","site-content-style":"default","site-sidebar-style":"default","ast-global-header-display":"","ast-banner-title-visibility":"","ast-main-header-display":"","ast-hfb-above-header-display":"","ast-hfb-below-header-display":"","ast-hfb-mobile-header-display":"","site-post-title":"","ast-breadcrumbs-content":"","ast-featured-img":"","footer-sml-layout":"","theme-transparent-header-meta":"","adv-header-id-meta":"","stick-header-meta":"","header-above-stick-meta":"","header-main-stick-meta":"","header-below-stick-meta":"","astra-migrate-meta-layouts":"default","ast-page-background-enabled":"default","ast-page-background-meta":{"desktop":{"background-color":"var(--ast-global-color-5)","background-image":"","background-repeat":"repeat","background-position":"center center","background-size":"auto","background-attachment":"scroll","background-type":"","background-media":"","overlay-type":"","overlay-color":"","overlay-opacity":"","overlay-gradient":""},"tablet":{"background-color":"","background-image":"","background-repeat":"repeat","background-position":"center center","background-size":"auto","background-attachment":"scroll","background-type":"","background-media":"","overlay-type":"","overlay-color":"","overlay-opacity":"","overlay-gradient":""},"mobile":{"background-color":"","background-image":"","background-repeat":"repeat","background-position":"center center","background-size":"auto","background-attachment":"scroll","background-type":"","background-media":"","overlay-type":"","overlay-color":"","overlay-opacity":"","overlay-gradient":""}},"ast-content-background-meta":{"desktop":{"background-color":"var(--ast-global-color-4)","background-image":"","background-repeat":"repeat","background-position":"center center","background-size":"auto","background-attachment":"scroll","background-type":"","background-media":"","overlay-type":"","overlay-color":"","overlay-opacity":"","overlay-gradient":""},"tablet":{"background-color":"var(--ast-global-color-4)","background-image":"","background-repeat":"repeat","background-position":"center center","background-size":"auto","background-attachment":"scroll","background-type":"","background-media":"","overlay-type":"","overlay-color":"","overlay-opacity":"","overlay-gradient":""},"mobile":{"background-color":"var(--ast-global-color-4)","background-image":"","background-repeat":"repeat","background-position":"center center","background-size":"auto","background-attachment":"scroll","background-type":"","background-media":"","overlay-type":"","overlay-color":"","overlay-opacity":"","overlay-gradient":""}}},"product_brand":[110],"product_cat":[109,514,427,428,910],"product_tag":[],"class_list":{"0":"post-1296","1":"product","2":"type-product","3":"status-publish","4":"has-post-thumbnail","6":"product_brand-baumann","7":"product_cat-baumann","8":"product_cat-ho-tro-suc-khoe","9":"product_cat-suc-khoe","10":"product_cat-thuc-pham-chuc-nang","11":"product_cat-vitamin-thuc-pham-bo-sung","12":"desktop-align-left","13":"tablet-align-left","14":"mobile-align-left","16":"first","17":"instock","18":"sale","19":"taxable","20":"shipping-taxable","21":"purchasable","22":"product-type-simple"},"_links":{"self":[{"href":"https:\/\/omewa.online\/index.php\/wp-json\/wp\/v2\/product\/1296","targetHints":{"allow":["GET"]}}],"collection":[{"href":"https:\/\/omewa.online\/index.php\/wp-json\/wp\/v2\/product"}],"about":[{"href":"https:\/\/omewa.online\/index.php\/wp-json\/wp\/v2\/types\/product"}],"replies":[{"embeddable":true,"href":"https:\/\/omewa.online\/index.php\/wp-json\/wp\/v2\/comments?post=1296"}],"wp:featuredmedia":[{"embeddable":true,"href":"https:\/\/omewa.online\/index.php\/wp-json\/wp\/v2\/media\/1386"}],"wp:attachment":[{"href":"https:\/\/omewa.online\/index.php\/wp-json\/wp\/v2\/media?parent=1296"}],"wp:term":[{"taxonomy":"product_brand","embeddable":true,"href":"https:\/\/omewa.online\/index.php\/wp-json\/wp\/v2\/product_brand?post=1296"},{"taxonomy":"product_cat","embeddable":true,"href":"https:\/\/omewa.online\/index.php\/wp-json\/wp\/v2\/product_cat?post=1296"},{"taxonomy":"product_tag","embeddable":true,"href":"https:\/\/omewa.online\/index.php\/wp-json\/wp\/v2\/product_tag?post=1296"}],"curies":[{"name":"wp","href":"https:\/\/api.w.org\/{rel}","templated":true}]}}