{"id":1293,"date":"2025-11-01T18:19:34","date_gmt":"2025-11-01T18:19:34","guid":{"rendered":"https:\/\/omewa.online\/?post_type=product&#038;p=1293"},"modified":"2025-12-20T14:13:03","modified_gmt":"2025-12-20T14:13:03","slug":"kem-nen-bb-chong-nang-thuan-chay-the-nature-book-han-quoc","status":"publish","type":"product","link":"https:\/\/omewa.online\/index.php\/product\/kem-nen-bb-chong-nang-thuan-chay-the-nature-book-han-quoc\/","title":{"rendered":"Kem N\u1ec1n BB Ch\u1ed1ng N\u1eafng Thu\u1ea7n Chay The Nature Book H\u00e0n Qu\u1ed1c"},"content":{"rendered":"<h1 data-start=\"112\" data-end=\"178\">\ud83c\udf3f KEM N\u1ec0N BB CH\u1ed0NG N\u1eaeNG THU\u1ea6N CHAY THE NATURE BOOK \u2013 H\u00c0N QU\u1ed0C<\/h1>\n<p data-start=\"179\" data-end=\"248\"><strong data-start=\"179\" data-end=\"248\">\ud83d\udcaf Nh\u1eadp kh\u1ea9u ch\u00ednh h\u00e3ng \u2013 D\u1ecbu nh\u1eb9 cho da nh\u1ea1y c\u1ea3m \u2013 SPF50+ PA++++<\/strong><\/p>\n<hr data-start=\"250\" data-end=\"253\" \/>\n<h2 data-start=\"255\" data-end=\"277\">\ud83d\udc8e \u01afU \u0110I\u1ec2M N\u1ed4I B\u1eacT:<\/h2>\n<ul data-start=\"278\" data-end=\"573\">\n<li data-start=\"278\" data-end=\"354\">\n<p data-start=\"280\" data-end=\"354\"><strong data-start=\"280\" data-end=\"326\">Thu\u1ea7n chay \u2013 kh\u00f4ng ch\u00ec, kh\u00f4ng ch\u1ea5t \u0111\u1ed9c h\u1ea1i<\/strong>, an to\u00e0n cho da nh\u1ea1y c\u1ea3m.<\/p>\n<\/li>\n<li data-start=\"355\" data-end=\"573\">\n<p data-start=\"357\" data-end=\"573\"><strong data-start=\"357\" data-end=\"389\">7 c\u00f4ng d\u1ee5ng trong 1 s\u1ea3n ph\u1ea9m<\/strong>:<br data-start=\"390\" data-end=\"393\" \/>\u2705 N\u00e2ng tone t\u1ef1 nhi\u00ean<br data-start=\"415\" data-end=\"418\" \/>\u2705 Ch\u1ed1ng n\u1eafng m\u1ea1nh m\u1ebd (SPF50+ PA++++)<br data-start=\"456\" data-end=\"459\" \/>\u2705 Che ph\u1ee7 m\u1ecbn m\u00e0ng<br data-start=\"479\" data-end=\"482\" \/>\u2705 Ki\u1ec1m d\u1ea7u, kh\u00e1ng n\u01b0\u1edbc<br data-start=\"506\" data-end=\"509\" \/>\u2705 C\u0103ng b\u00f3ng, \u0111\u1ec1u m\u00e0u da<br data-start=\"534\" data-end=\"537\" \/>\u2705 Kh\u00f4ng g\u00e2y b\u00ed da, kh\u00f4ng g\u00e2y m\u1ee5n<\/p>\n<\/li>\n<\/ul>\n<hr data-start=\"575\" data-end=\"578\" \/>\n<h2 data-start=\"580\" data-end=\"603\">\ud83e\uddea TH\u00c0NH PH\u1ea6N CH\u00cdNH:<\/h2>\n<ul data-start=\"604\" data-end=\"977\">\n<li data-start=\"604\" data-end=\"675\">\n<p data-start=\"606\" data-end=\"675\"><strong data-start=\"606\" data-end=\"622\">Niacinamide:<\/strong> L\u00e0m tr\u1eafng da, c\u1ea3i thi\u1ec7n s\u1eafc t\u1ed1, h\u1ed7 tr\u1ee3 ch\u1ed1ng n\u1eafng.<\/p>\n<\/li>\n<li data-start=\"676\" data-end=\"719\">\n<p data-start=\"678\" data-end=\"719\"><strong data-start=\"678\" data-end=\"692\">Adenosine:<\/strong> L\u00e0m m\u1edd n\u1ebfp nh\u0103n, d\u1ecbu da.<\/p>\n<\/li>\n<li data-start=\"720\" data-end=\"775\">\n<p data-start=\"722\" data-end=\"775\"><strong data-start=\"722\" data-end=\"746\">Hydrolyzed Collagen:<\/strong> D\u01b0\u1ee1ng \u1ea9m, t\u0103ng \u0111\u1ed9 \u0111\u00e0n h\u1ed3i.<\/p>\n<\/li>\n<li data-start=\"776\" data-end=\"906\">\n<p data-start=\"778\" data-end=\"906\"><strong data-start=\"778\" data-end=\"805\">Chi\u1ebft xu\u1ea5t thi\u00ean nhi\u00ean:<\/strong> L\u00e1 tr\u00e0, hoa c\u00fac, nha \u0111am, n\u01b0\u1edbc hoa h\u1ed3ng, Witch Hazel&#8230; gi\u00fap nu\u00f4i d\u01b0\u1ee1ng da kh\u1ecfe m\u1ea1nh t\u1eeb b\u00ean trong.<\/p>\n<\/li>\n<li data-start=\"907\" data-end=\"977\">\n<p data-start=\"909\" data-end=\"977\"><strong data-start=\"909\" data-end=\"977\">Kh\u00f4ng ch\u1ee9a ch\u00ec \u2013 Kh\u00f4ng g\u00e2y k\u00edch \u1ee9ng \u2013 D\u00f9ng \u0111\u01b0\u1ee3c cho da nh\u1ea1y c\u1ea3m.<\/strong><\/p>\n<\/li>\n<\/ul>\n<hr data-start=\"979\" data-end=\"982\" \/>\n<h2 data-start=\"984\" data-end=\"1000\">\ud83c\udf38 C\u00c1CH D\u00d9NG:<\/h2>\n<ul data-start=\"1001\" data-end=\"1185\">\n<li data-start=\"1001\" data-end=\"1051\">\n<p data-start=\"1003\" data-end=\"1051\">L\u1ea5y l\u01b0\u1ee3ng v\u1eeba \u0111\u1ee7, ch\u1ea5m l\u00ean tr\u00e1n, m\u00e1, m\u0169i, c\u1eb1m.<\/p>\n<\/li>\n<li data-start=\"1052\" data-end=\"1131\">\n<p data-start=\"1054\" data-end=\"1131\">T\u00e1n \u0111\u1ec1u b\u1eb1ng b\u00f4ng m\u00fat. C\u00f3 th\u1ec3 ph\u1ee7 ph\u1ea5n nh\u1eb9 \u0111\u1ec3 t\u0103ng \u0111\u1ed9 kh\u00f4 tho\u00e1ng, m\u1ecbn m\u00e0ng.<\/p>\n<\/li>\n<li data-start=\"1132\" data-end=\"1185\">\n<p data-start=\"1134\" data-end=\"1185\">D\u00f9ng m\u1ed7i ng\u00e0y \u0111\u1ec3 b\u1ea3o v\u1ec7 da v\u00e0 t\u1ea1o l\u1edbp n\u1ec1n t\u1ef1 nhi\u00ean.<\/p>\n<\/li>\n<\/ul>\n<hr data-start=\"1187\" data-end=\"1190\" \/>\n<h2 data-start=\"1192\" data-end=\"1206\">\ud83d\udce6 CAM K\u1ebeT:<\/h2>\n<ul data-start=\"1207\" data-end=\"1397\">\n<li data-start=\"1207\" data-end=\"1260\">\n<p data-start=\"1209\" data-end=\"1260\">\u2705 H\u00e0ng nh\u1eadp kh\u1ea9u ch\u00ednh ng\u1ea1ch \u2013 \u0110\u1ea7y \u0111\u1ee7 h\u00f3a \u0111\u01a1n VAT<\/p>\n<\/li>\n<li data-start=\"1261\" data-end=\"1335\">\n<p data-start=\"1263\" data-end=\"1335\">\u2705 Ph\u00f9 h\u1ee3p trang \u0111i\u1ec3m h\u00e0ng ng\u00e0y \u2013 Kh\u00f4ng g\u00e2y b\u00ed da, b\u00edt t\u1eafc l\u1ed7 ch\u00e2n l\u00f4ng<\/p>\n<\/li>\n<li data-start=\"1336\" data-end=\"1397\">\n<p data-start=\"1338\" data-end=\"1397\">\u2705 K\u1ebft c\u1ea5u m\u1ecfng nh\u1eb9, b\u00e1m t\u1ed1t \u2013 L\u00e0n da r\u1ea1ng r\u1ee1 su\u1ed1t c\u1ea3 ng\u00e0y<\/p>\n<\/li>\n<\/ul>\n<hr data-start=\"1399\" data-end=\"1402\" \/>\n<p data-start=\"1422\" data-end=\"1546\">#KemNenThu\u1ea7nChay #TheNatureBook #BBChongNangHanQuoc #MyPhamChinhHang #KemNenDuongDa #SPF50 #LopNenTuNhien #TrangDiemHangNgay<\/p>\n","protected":false},"excerpt":{"rendered":"<p>Dung t\u00edch: 50ml<\/p>\n<p>Th\u01b0\u01a1ng hi\u1ec7u: The Nature Book<\/p>\n<p>Xu\u1ea5t x\u1ee9: H\u00e0n Qu\u1ed1c<\/p>\n<p>H\u1ea1n s\u1eed d\u1ee5ng: 3 n\u0103m k\u1ec3 t\u1eeb ng\u00e0y s\u1ea3n xu\u1ea5t<\/p>\n","protected":false},"featured_media":1367,"comment_status":"open","ping_status":"closed","template":"","meta":{"site-sidebar-layout":"default","site-content-layout":"","ast-site-content-layout":"default","site-content-style":"default","site-sidebar-style":"default","ast-global-header-display":"","ast-banner-title-visibility":"","ast-main-header-display":"","ast-hfb-above-header-display":"","ast-hfb-below-header-display":"","ast-hfb-mobile-header-display":"","site-post-title":"","ast-breadcrumbs-content":"","ast-featured-img":"","footer-sml-layout":"","theme-transparent-header-meta":"","adv-header-id-meta":"","stick-header-meta":"","header-above-stick-meta":"","header-main-stick-meta":"","header-below-stick-meta":"","astra-migrate-meta-layouts":"default","ast-page-background-enabled":"default","ast-page-background-meta":{"desktop":{"background-color":"var(--ast-global-color-5)","background-image":"","background-repeat":"repeat","background-position":"center center","background-size":"auto","background-attachment":"scroll","background-type":"","background-media":"","overlay-type":"","overlay-color":"","overlay-opacity":"","overlay-gradient":""},"tablet":{"background-color":"","background-image":"","background-repeat":"repeat","background-position":"center center","background-size":"auto","background-attachment":"scroll","background-type":"","background-media":"","overlay-type":"","overlay-color":"","overlay-opacity":"","overlay-gradient":""},"mobile":{"background-color":"","background-image":"","background-repeat":"repeat","background-position":"center center","background-size":"auto","background-attachment":"scroll","background-type":"","background-media":"","overlay-type":"","overlay-color":"","overlay-opacity":"","overlay-gradient":""}},"ast-content-background-meta":{"desktop":{"background-color":"var(--ast-global-color-4)","background-image":"","background-repeat":"repeat","background-position":"center center","background-size":"auto","background-attachment":"scroll","background-type":"","background-media":"","overlay-type":"","overlay-color":"","overlay-opacity":"","overlay-gradient":""},"tablet":{"background-color":"var(--ast-global-color-4)","background-image":"","background-repeat":"repeat","background-position":"center center","background-size":"auto","background-attachment":"scroll","background-type":"","background-media":"","overlay-type":"","overlay-color":"","overlay-opacity":"","overlay-gradient":""},"mobile":{"background-color":"var(--ast-global-color-4)","background-image":"","background-repeat":"repeat","background-position":"center center","background-size":"auto","background-attachment":"scroll","background-type":"","background-media":"","overlay-type":"","overlay-color":"","overlay-opacity":"","overlay-gradient":""}}},"product_brand":[122],"product_cat":[299,298,17,121,291,120],"product_tag":[],"class_list":{"0":"post-1293","1":"product","2":"type-product","3":"status-publish","4":"has-post-thumbnail","6":"product_brand-nature-book","7":"product_cat-bo-san-pham-lam-dep","8":"product_cat-cham-soc-da-mat-sac-dep","9":"product_cat-my-pham","10":"product_cat-nature-book","11":"product_cat-sac-dep","12":"product_cat-trang-diem","13":"desktop-align-left","14":"tablet-align-left","15":"mobile-align-left","17":"first","18":"instock","19":"sale","20":"taxable","21":"shipping-taxable","22":"purchasable","23":"product-type-simple"},"_links":{"self":[{"href":"https:\/\/omewa.online\/index.php\/wp-json\/wp\/v2\/product\/1293","targetHints":{"allow":["GET"]}}],"collection":[{"href":"https:\/\/omewa.online\/index.php\/wp-json\/wp\/v2\/product"}],"about":[{"href":"https:\/\/omewa.online\/index.php\/wp-json\/wp\/v2\/types\/product"}],"replies":[{"embeddable":true,"href":"https:\/\/omewa.online\/index.php\/wp-json\/wp\/v2\/comments?post=1293"}],"wp:featuredmedia":[{"embeddable":true,"href":"https:\/\/omewa.online\/index.php\/wp-json\/wp\/v2\/media\/1367"}],"wp:attachment":[{"href":"https:\/\/omewa.online\/index.php\/wp-json\/wp\/v2\/media?parent=1293"}],"wp:term":[{"taxonomy":"product_brand","embeddable":true,"href":"https:\/\/omewa.online\/index.php\/wp-json\/wp\/v2\/product_brand?post=1293"},{"taxonomy":"product_cat","embeddable":true,"href":"https:\/\/omewa.online\/index.php\/wp-json\/wp\/v2\/product_cat?post=1293"},{"taxonomy":"product_tag","embeddable":true,"href":"https:\/\/omewa.online\/index.php\/wp-json\/wp\/v2\/product_tag?post=1293"}],"curies":[{"name":"wp","href":"https:\/\/api.w.org\/{rel}","templated":true}]}}