{"id":1292,"date":"2025-11-01T18:19:34","date_gmt":"2025-11-01T18:19:34","guid":{"rendered":"https:\/\/omewa.online\/?post_type=product&#038;p=1292"},"modified":"2026-04-15T21:54:43","modified_gmt":"2026-04-15T20:54:43","slug":"son-duong-moi-the-nature-book-han-quoc-chinh-hang","status":"publish","type":"product","link":"https:\/\/omewa.online\/index.php\/product\/son-duong-moi-the-nature-book-han-quoc-chinh-hang\/","title":{"rendered":"Son D\u01b0\u1ee1ng M\u00f4i The Nature Book H\u00e0n Qu\u1ed1c Ch\u00ednh H\u00e3ng"},"content":{"rendered":"<p class=\"QN2lPu\"><strong>Son d\u01b0\u1ee1ng m\u00f4i thu\u1ea7n chay The Nature Book Carecell Vegan Lipbalm<\/strong><\/p>\n<p class=\"QN2lPu\">Th\u00e0nh ph\u1ea7n ch\u00ednh<\/p>\n<p class=\"QN2lPu\">Chi\u1ebft xu\u1ea5t t\u1eeb d\u1ea7u th\u1ef1c v\u1eadt: qu\u1ea3 t\u1ea7m xu\u00e2n, h\u1ea1t m\u01a1, qu\u1ea3 b\u01a1, h\u1ea1t macca.<\/p>\n<p class=\"QN2lPu\">S\u1ea3n ph\u1ea9m c\u00f3 2 m\u00e0u cho b\u1ea1n l\u1ef1a ch\u1ecdn:<\/p>\n<p class=\"QN2lPu\">&#8211; No 1 &#8211; M\u00e0u h\u1ed3ng anh \u0111\u00e0o<\/p>\n<p class=\"QN2lPu\">&#8211; No 2 &#8211; B\u00f3ng kh\u00f4ng m\u00e0u<\/p>\n<p class=\"QN2lPu\">\u0110i\u1ec3m n\u1ed5i b\u1eadt<\/p>\n<p class=\"QN2lPu\">&#8211; Son d\u01b0\u1ee1ng m\u00f4i Nature Book \u0111\u1ea1t ti\u00eau chu\u1ea9n THU\u1ea6N CHAY QU\u1ed0C T\u1ebe. KH\u00d4NG CH\u00cc<\/p>\n<p class=\"QN2lPu\">&#8211; \u0110\u1ed9 d\u01b0\u1ee1ng \u1ea9m CAO<\/p>\n<p class=\"QN2lPu\">&#8211; Ch\u1ea5t son b\u00f3ng, khi \u0111\u00e1nh l\u00ean m\u00f4i t\u1ea1o hi\u1ec7u \u1ee9ng c\u0103ng tr\u00e0n, m\u1ecbn m\u00e0ng, kh\u1eafc ph\u1ee5c ho\u00e0n to\u00e0n t\u00ecnh tr\u1ea1ng kh\u00f4 r\u00e1p, n\u1ee9t n\u1ebb m\u00f4i.<\/p>\n<p class=\"QN2lPu\">H\u01b0\u1edbng d\u1eabn s\u1eed d\u1ee5ng<\/p>\n<p class=\"QN2lPu\">&#8211; S\u1eed d\u1ee5ng Son D\u01b0\u1ee1ng M\u00f4i The Nature Book tr\u01b0\u1edbc khi t\u00f4 son m\u00e0u \u0111\u1ec3 son l\u00ean chu\u1ea9n m\u00e0u v\u00e0 m\u1ecbn \u0111\u1eb9p.<\/p>\n<p class=\"QN2lPu\">&#8211; Thoa son d\u01b0\u1ee1ng tr\u01b0\u1edbc khi \u0111i ng\u1ee7 gi\u00fap gi\u1eef \u1ea9m m\u00f4i \u0111\u1ec3 b\u1ea1n c\u00f3 \u0111\u00f4i m\u00f4i r\u1ea1ng r\u1ee1 v\u00e0o s\u00e1ng h\u00f4m sau.<\/p>\n<p class=\"QN2lPu\">Xu\u1ea5t s\u1ee9: H\u00c0N QU\u1ed0C<\/p>\n","protected":false},"excerpt":{"rendered":"<p class=\"QN2lPu\">Son d\u01b0\u1ee1ng m\u00f4i thu\u1ea7n chay The Nature Book Carecell Vegan Lipbalm<\/p>\n<p class=\"QN2lPu\">Th\u00e0nh ph\u1ea7n ch\u00ednh<\/p>\n<p class=\"QN2lPu\">Chi\u1ebft xu\u1ea5t t\u1eeb d\u1ea7u th\u1ef1c v\u1eadt: qu\u1ea3 t\u1ea7m xu\u00e2n, h\u1ea1t m\u01a1, qu\u1ea3 b\u01a1, h\u1ea1t macca.<\/p>\n<p class=\"QN2lPu\">S\u1ea3n ph\u1ea9m c\u00f3 2 m\u00e0u cho b\u1ea1n l\u1ef1a ch\u1ecdn:<\/p>\n<p class=\"QN2lPu\">&#8211; No 1 &#8211; M\u00e0u h\u1ed3ng anh \u0111\u00e0o<\/p>\n<p class=\"QN2lPu\">&#8211; No 2 &#8211; B\u00f3ng kh\u00f4ng m\u00e0u<\/p>\n","protected":false},"featured_media":1343,"comment_status":"open","ping_status":"closed","template":"","meta":{"site-sidebar-layout":"default","site-content-layout":"","ast-site-content-layout":"default","site-content-style":"default","site-sidebar-style":"default","ast-global-header-display":"","ast-banner-title-visibility":"","ast-main-header-display":"","ast-hfb-above-header-display":"","ast-hfb-below-header-display":"","ast-hfb-mobile-header-display":"","site-post-title":"","ast-breadcrumbs-content":"","ast-featured-img":"","footer-sml-layout":"","theme-transparent-header-meta":"default","adv-header-id-meta":"","stick-header-meta":"","header-above-stick-meta":"","header-main-stick-meta":"","header-below-stick-meta":"","astra-migrate-meta-layouts":"set","ast-page-background-enabled":"default","ast-page-background-meta":{"desktop":{"background-color":"var(--ast-global-color-5)","background-image":"","background-repeat":"repeat","background-position":"center center","background-size":"auto","background-attachment":"scroll","background-type":"","background-media":"","overlay-type":"","overlay-color":"","overlay-opacity":"","overlay-gradient":""},"tablet":{"background-color":"","background-image":"","background-repeat":"repeat","background-position":"center center","background-size":"auto","background-attachment":"scroll","background-type":"","background-media":"","overlay-type":"","overlay-color":"","overlay-opacity":"","overlay-gradient":""},"mobile":{"background-color":"","background-image":"","background-repeat":"repeat","background-position":"center center","background-size":"auto","background-attachment":"scroll","background-type":"","background-media":"","overlay-type":"","overlay-color":"","overlay-opacity":"","overlay-gradient":""}},"ast-content-background-meta":{"desktop":{"background-color":"var(--ast-global-color-4)","background-image":"","background-repeat":"repeat","background-position":"center center","background-size":"auto","background-attachment":"scroll","background-type":"","background-media":"","overlay-type":"","overlay-color":"","overlay-opacity":"","overlay-gradient":""},"tablet":{"background-color":"var(--ast-global-color-4)","background-image":"","background-repeat":"repeat","background-position":"center center","background-size":"auto","background-attachment":"scroll","background-type":"","background-media":"","overlay-type":"","overlay-color":"","overlay-opacity":"","overlay-gradient":""},"mobile":{"background-color":"var(--ast-global-color-4)","background-image":"","background-repeat":"repeat","background-position":"center center","background-size":"auto","background-attachment":"scroll","background-type":"","background-media":"","overlay-type":"","overlay-color":"","overlay-opacity":"","overlay-gradient":""}}},"product_brand":[122],"product_cat":[121,291,325,331],"product_tag":[],"class_list":{"0":"post-1292","1":"product","2":"type-product","3":"status-publish","4":"has-post-thumbnail","6":"product_brand-nature-book","7":"product_cat-nature-book","8":"product_cat-sac-dep","9":"product_cat-san-pham-duong-moi","10":"product_cat-son-duong-moi","11":"desktop-align-left","12":"tablet-align-left","13":"mobile-align-left","15":"first","16":"instock","17":"sale","18":"taxable","19":"shipping-taxable","20":"purchasable","21":"product-type-simple"},"_links":{"self":[{"href":"https:\/\/omewa.online\/index.php\/wp-json\/wp\/v2\/product\/1292","targetHints":{"allow":["GET"]}}],"collection":[{"href":"https:\/\/omewa.online\/index.php\/wp-json\/wp\/v2\/product"}],"about":[{"href":"https:\/\/omewa.online\/index.php\/wp-json\/wp\/v2\/types\/product"}],"replies":[{"embeddable":true,"href":"https:\/\/omewa.online\/index.php\/wp-json\/wp\/v2\/comments?post=1292"}],"wp:featuredmedia":[{"embeddable":true,"href":"https:\/\/omewa.online\/index.php\/wp-json\/wp\/v2\/media\/1343"}],"wp:attachment":[{"href":"https:\/\/omewa.online\/index.php\/wp-json\/wp\/v2\/media?parent=1292"}],"wp:term":[{"taxonomy":"product_brand","embeddable":true,"href":"https:\/\/omewa.online\/index.php\/wp-json\/wp\/v2\/product_brand?post=1292"},{"taxonomy":"product_cat","embeddable":true,"href":"https:\/\/omewa.online\/index.php\/wp-json\/wp\/v2\/product_cat?post=1292"},{"taxonomy":"product_tag","embeddable":true,"href":"https:\/\/omewa.online\/index.php\/wp-json\/wp\/v2\/product_tag?post=1292"}],"curies":[{"name":"wp","href":"https:\/\/api.w.org\/{rel}","templated":true}]}}