{"id":1291,"date":"2025-11-01T18:19:34","date_gmt":"2025-11-01T18:19:34","guid":{"rendered":"https:\/\/omewa.online\/?post_type=product&#038;p=1291"},"modified":"2026-03-03T10:07:28","modified_gmt":"2026-03-03T10:07:28","slug":"mi-soi-rau-cu-cau-vong-500g-de-nhat-mi-an-kieng","status":"publish","type":"product","link":"https:\/\/omewa.online\/index.php\/product\/mi-soi-rau-cu-cau-vong-500g-de-nhat-mi-an-kieng\/","title":{"rendered":"M\u00ec s\u1ee3i rau c\u1ee7 c\u1ea7u v\u1ed3ng 500g \u2013 \u0110\u1ec7 nh\u1ea5t m\u00ec \u0103n ki\u00eang"},"content":{"rendered":"<p>M\u00ec Rau C\u1ee7 C\u1ea7u V\u1ed3ng 8 V\u1ecb T\u1ef1 Nhi\u00ean \u2013 Kh\u00f4ng Mu\u1ed1i \u2013 Kh\u00f4ng Ch\u1ea5t B\u1ea3o Qu\u1ea3n \u2013 Cho B\u00e9 \u0102n D\u1eb7m \/ Ng\u01b0\u1eddi \u0102n Chay \u2013 G\u00f3i [250g | 500g]<\/p>\n<p>\ud83d\udcdd M\u00d4 T\u1ea2 S\u1ea2N PH\u1ea8M CHI TI\u1ebeT<\/p>\n<p>\ud83c\udf08 M\u00cc RAU C\u1ee6 C\u1ea6U V\u1ed2NG 8 V\u1eca \u2013 DINH D\u01af\u1ee0NG &#038; B\u1eaeT M\u1eaeT<\/p>\n<p>M\u00ec rau c\u1ee7 c\u1ea7u v\u1ed3ng l\u00e0 s\u1ea3n ph\u1ea9m \u0103n d\u1eb7m s\u1ea1ch \u2013 l\u00e0nh m\u1ea1nh d\u00e0nh cho b\u00e9 v\u00e0 ng\u01b0\u1eddi \u0103n chay. S\u1ee3i m\u00ec \u0111\u01b0\u1ee3c l\u00e0m t\u1eeb rau c\u1ee7 nguy\u00ean ch\u1ea5t, kh\u00f4ng ph\u1ea9m m\u00e0u, kh\u00f4ng chi\u00ean, kh\u00f4ng ch\u1ea5t b\u1ea3o qu\u1ea3n, ho\u00e0n to\u00e0n an to\u00e0n cho c\u1ea3 tr\u1ebb nh\u1ecf t\u1eeb 6 th\u00e1ng tu\u1ed5i tr\u1edf l\u00ean.<\/p>\n<p>\ud83e\udd6c TH\u00c0NH PH\u1ea6N 100% T\u1ef0 NHI\u00caN (8 v\u1ecb rau c\u1ee7 \u2013 8 m\u00e0u \u0111\u1eb9p m\u1eaft):<\/p>\n<p>\ud83d\udfe3 C\u1ee7 d\u1ec1n \u2013 B\u1ed5 m\u00e1u, gi\u00e0u s\u1eaft, h\u1ed7 tr\u1ee3 ti\u00eau h\u00f3a<\/p>\n<p>\ud83d\udfe2 Rau b\u00f3 x\u00f4i (c\u1ea3i b\u00f3 x\u00f4i) \u2013 Gi\u00e0u s\u1eaft, canxi, t\u1ed1t cho x\u01b0\u01a1ng<\/p>\n<p>\ud83d\udfe0 B\u00ed \u0111\u1ecf &#038; ngh\u1ec7 \u2013 T\u0103ng c\u01b0\u1eddng \u0111\u1ec1 kh\u00e1ng, s\u00e1ng m\u1eaft<\/p>\n<p>\ud83d\udfe1 Khoai lang \u2013 Gi\u00e0u ch\u1ea5t x\u01a1, ng\u1eeba t\u00e1o b\u00f3n<\/p>\n<p>\ud83d\udd35 Hoa \u0111\u1eadu bi\u1ebfc \u2013 Ch\u1ed1ng oxy h\u00f3a, \u0111\u1eb9p da<\/p>\n<p>\ud83d\udd34 G\u1ea5c \u2013 Gi\u00e0u vitamin A, t\u1ed1t cho m\u1eaft<\/p>\n<p>\u26aa H\u1ea1t sen &#038; m\u00e8 \u0111en \u2013 t\u1ed1t cho n\u00e3o b\u1ed9<\/p>\n<p>\ud83d\udfe3 Khoai lang t\u00edm \u2013 Gi\u00e0u anthocyanin, h\u1ed7 tr\u1ee3 ti\u00eau h\u00f3a v\u00e0 mi\u1ec5n d\u1ecbch<\/p>\n<p>\ud83e\udde1 Nguy\u00ean li\u1ec7u kh\u00e1c: b\u1ed9t m\u00ec kh\u00f4ng t\u1ea9y tr\u1eafng<\/p>\n<p>\ud83c\udf7d\ufe0f C\u00d4NG D\u1ee4NG &#038; L\u1ee2I \u00cdCH:<\/p>\n<p>\u2705 B\u1ed5 sung dinh d\u01b0\u1ee1ng t\u1eeb rau c\u1ee7 t\u1ef1 nhi\u00ean<\/p>\n<p>\u2705 H\u1ed7 tr\u1ee3 ti\u00eau h\u00f3a, t\u0103ng s\u1ee9c \u0111\u1ec1 kh\u00e1ng<\/p>\n<p>\u2705 Kh\u00f4ng chi\u00ean, kh\u00f4ng ph\u1ea9m m\u00e0u \u2013 an to\u00e0n cho b\u00e9<\/p>\n<p>\u2705 Gi\u00fap b\u00e9 \u0103n ngon h\u01a1n nh\u1edd m\u00e0u s\u1eafc b\u1eaft m\u1eaft<\/p>\n<p>\u2705 Ph\u00f9 h\u1ee3p cho c\u1ea3 ng\u01b0\u1eddi \u0103n chay, ng\u01b0\u1eddi l\u1edbn tu\u1ed5i<\/p>\n<p>\ud83d\udce6 QUY C\u00c1CH \u0110\u00d3NG G\u00d3I:<\/p>\n<p>G\u00f3i 250g ho\u1eb7c 500g<\/p>\n<p>M\u00ec d\u1ea1ng s\u1ee3i nh\u1ecf \/ s\u1ee3i v\u1eeba \u2013 d\u1ec5 n\u1ea5u ch\u00edn, m\u1ec1m nhanh<\/p>\n<p>D\u00f9ng \u0111\u01af\u1ee3c cho b\u00e9 t\u1eeb 6 th\u00e1ng tu\u1ed5i (\u0103n d\u1eb7m) \u0111\u1ebfn ng\u01b0\u1eddi l\u1edbn<\/p>\n<p>\ud83d\udd25 H\u01af\u1edaNG D\u1eaaN S\u1eec D\u1ee4NG:<\/p>\n<p>Lu\u1ed9c m\u00ec 3-5 ph\u00fat trong n\u01b0\u1edbc s\u00f4i<\/p>\n<p>V\u1edbt ra, x\u1ea3 l\u1ea1i v\u1edbi n\u01b0\u1edbc m\u00e1t \u0111\u1ec3 gi\u1eef \u0111\u1ed9 dai m\u1ec1m<\/p>\n<p>D\u00f9ng ch\u1ebf bi\u1ebfn m\u00f3n m\u00ec x\u00e0o, m\u00ec tr\u1ed9n, m\u00ec n\u01b0\u1edbc, soup ho\u1eb7c \u0103n d\u1eb7m cho b\u00e9<\/p>\n<p>\ud83d\udee1\ufe0f CAM K\u1ebeT T\u1eea SHOP:<\/p>\n<p>\ud83d\udcaf Nguy\u00ean li\u1ec7u t\u1ef1 nhi\u00ean <\/p>\n<p>\ud83d\udeab Kh\u00f4ng ph\u1ea9m m\u00e0u \u2013 kh\u00f4ng h\u00e0n the \u2013 kh\u00f4ng chi\u00ean d\u1ea7u<\/p>\n<p>\ud83d\udce6 Giao h\u00e0ng nhanh \u2013 \u0111\u00f3ng g\u00f3i k\u1ef9<\/p>\n<p>\ud83d\udecd\ufe0f Ho\u00e0n ti\u1ec1n n\u1ebfu s\u1ea3n ph\u1ea9m l\u1ed7i\/h\u01b0 h\u1ecfng<\/p>\n<p>m\u00ec rau c\u1ee7, m\u00ec c\u1ea7u v\u1ed3ng, m\u00ec \u0103n d\u1eb7m cho b\u00e9, m\u00ec rau c\u1ee7 kh\u00f4ng mu\u1ed1i, m\u00ec cho ng\u01b0\u1eddi \u0103n chay, m\u00ec healthy, m\u00ec rau c\u1ee7 handmade, m\u00ec m\u00e0u t\u1ef1 nhi\u00ean, m\u00ec g\u1ea5c, m\u00ec khoai lang t\u00edm<\/p>\n","protected":false},"excerpt":{"rendered":"<p>\ud83d\udd39M\u00ec \u0111\u01b0\u1ee3c s\u1ea3n xu\u1ea5t t\u1eeb rau c\u1ee7 xanh s\u1ea1ch v\u1edbi t\u1ef7 l\u1ec7 60% b\u1ed9t m\u00ec, 40% rau c\u1ee7 n\u00ean ch\u1ee9a h\u00e0m l\u01b0\u1ee3ng protein t\u1eeb th\u1ef1c v\u1eadt v\u00e0 vitamin, ch\u1ea5t x\u01a1 d\u1ed3i d\u00e0o<\/p>\n<p>\ud83d\udd39Kh\u00f4ng tr\u1ea3i qua qu\u00e1 tr\u00ecnh chi\u00ean qua d\u1ea7u \u1edf nhi\u1ec7t \u0111\u1ed9 cao, kh\u00f4ng ch\u1ee9a cholesterol<\/p>\n<p>\ud83d\udd39M\u00ec rau c\u1ee7 c\u00f3 m\u00e0u s\u1eafc ho\u00e0n to\u00e0n t\u1ef1 nhi\u00ean nh\u01b0ng r\u1ea5t b\u1eaft m\u1eaft, khi ch\u1ebf bi\u1ebfn c\u00f3 v\u1ecb ng\u1ecdt thanh t\u1eeb rau c\u1ee7, s\u1ee3i m\u00ec dai m\u1ec1m.<\/p>\n<p>\ud83d\udd39M\u1ed7i c\u00f4ng \u0111o\u1ea1n s\u1ea3n xu\u1ea5t \u0111\u1ec1u \u0111\u01b0\u1ee3c th\u1ef1c hi\u1ec7n k\u1ef9 l\u01b0\u1ee1ng, trau chu\u1ed1t, t\u1ec9 m\u1ec9. Th\u00e0nh ph\u1ea9m l\u00e0 nh\u1eefng s\u1ee3i m\u00ec t\u01b0\u01a1i dai m\u1ec1m t\u1ef1 nhi\u00ean, mang h\u01b0\u01a1ng v\u1ecb nguy\u00ean b\u1ea3n, thanh m\u00e1t.<\/p>\n<p>\ud83d\udd39M\u1ef3 \u0111\u00e1p \u1ee9ng ti\u00eau chu\u1ea9n 5K kh\u1eaft khe:<\/p>\n<p>+KH\u00d4NG ch\u1ea5t ch\u1ea5t ho\u00e1 h\u1ecdc<\/p>\n<p>+KH\u00d4NG ch\u1ea5t b\u1ea3o qu\u1ea3n<\/p>\n<p>+KH\u00d4NG ch\u1ea5t t\u1ea1o m\u00e0u<\/p>\n<p>+KH\u00d4NG chi\u00ean d\u1ea7u<\/p>\n<p>+KH\u00d4NG b\u1ecb n\u00f3ng.<\/p>\n<p>\ud83c\udf5c\u0110\u01b0\u1ee3c l\u1ef1a ch\u1ecdn v\u00e0 s\u1ea3n xu\u1ea5t theo ti\u00eau chu\u1ea9n b\u1eefa \u0103n ngon, khoa h\u1ecdc c\u1ee7a m\u1ed7i gia \u0111\u00ecnh, nh\u1edd s\u1ef1 an to\u00e0n, v\u00e0 c\u00e1c ch\u1ec9 s\u1ed1 dinh d\u01b0\u1ee1ng cao m\u00e0 M\u00ec s\u1ee3i rau c\u1ee7 C\u1ea7u V\u1ed3ng ph\u00f9 h\u1ee3p v\u1edbi m\u1ecdi \u0111\u1ed1i t\u01b0\u1ee3ng kh\u00e1ch h\u00e0ng:<\/p>\n<p>\ud83d\udd39Cho tr\u1ebb \u0103n d\u1eb7m<\/p>\n<p>\ud83d\udd39Cho ng\u01b0\u1eddi \u0103n ki\u00eang, gi\u1eef d\u00e1ng<\/p>\n<p>\ud83d\udd39Cho ng\u01b0\u1eddi \u0103n chay<\/p>\n<p>\ud83d\udd39Cho c\u1ea3 gia \u0111\u00ecnh<\/p>\n","protected":false},"featured_media":2903,"comment_status":"closed","ping_status":"closed","template":"","meta":{"site-sidebar-layout":"default","site-content-layout":"","ast-site-content-layout":"default","site-content-style":"default","site-sidebar-style":"default","ast-global-header-display":"","ast-banner-title-visibility":"","ast-main-header-display":"","ast-hfb-above-header-display":"","ast-hfb-below-header-display":"","ast-hfb-mobile-header-display":"","site-post-title":"","ast-breadcrumbs-content":"","ast-featured-img":"","footer-sml-layout":"","theme-transparent-header-meta":"default","adv-header-id-meta":"","stick-header-meta":"","header-above-stick-meta":"","header-main-stick-meta":"","header-below-stick-meta":"","astra-migrate-meta-layouts":"set","ast-page-background-enabled":"default","ast-page-background-meta":{"desktop":{"background-color":"var(--ast-global-color-5)","background-image":"","background-repeat":"repeat","background-position":"center center","background-size":"auto","background-attachment":"scroll","background-type":"","background-media":"","overlay-type":"","overlay-color":"","overlay-opacity":"","overlay-gradient":""},"tablet":{"background-color":"","background-image":"","background-repeat":"repeat","background-position":"center center","background-size":"auto","background-attachment":"scroll","background-type":"","background-media":"","overlay-type":"","overlay-color":"","overlay-opacity":"","overlay-gradient":""},"mobile":{"background-color":"","background-image":"","background-repeat":"repeat","background-position":"center center","background-size":"auto","background-attachment":"scroll","background-type":"","background-media":"","overlay-type":"","overlay-color":"","overlay-opacity":"","overlay-gradient":""}},"ast-content-background-meta":{"desktop":{"background-color":"var(--ast-global-color-4)","background-image":"","background-repeat":"repeat","background-position":"center center","background-size":"auto","background-attachment":"scroll","background-type":"","background-media":"","overlay-type":"","overlay-color":"","overlay-opacity":"","overlay-gradient":""},"tablet":{"background-color":"var(--ast-global-color-4)","background-image":"","background-repeat":"repeat","background-position":"center center","background-size":"auto","background-attachment":"scroll","background-type":"","background-media":"","overlay-type":"","overlay-color":"","overlay-opacity":"","overlay-gradient":""},"mobile":{"background-color":"var(--ast-global-color-4)","background-image":"","background-repeat":"repeat","background-position":"center center","background-size":"auto","background-attachment":"scroll","background-type":"","background-media":"","overlay-type":"","overlay-color":"","overlay-opacity":"","overlay-gradient":""}}},"product_brand":[37],"product_cat":[33,34,35,36,32],"product_tag":[],"class_list":{"0":"post-1291","1":"product","2":"type-product","3":"status-publish","4":"has-post-thumbnail","6":"product_brand-thien-bao","7":"product_cat-mua-sam-tet","8":"product_cat-nguyen-lieu-nau-an-va-gia-vi","9":"product_cat-noi-bat","10":"product_cat-thien-bao","11":"product_cat-thuc-pham-do-uong","12":"desktop-align-left","13":"tablet-align-left","14":"mobile-align-left","16":"first","17":"instock","18":"taxable","19":"shipping-taxable","20":"purchasable","21":"product-type-simple"},"_links":{"self":[{"href":"https:\/\/omewa.online\/index.php\/wp-json\/wp\/v2\/product\/1291","targetHints":{"allow":["GET"]}}],"collection":[{"href":"https:\/\/omewa.online\/index.php\/wp-json\/wp\/v2\/product"}],"about":[{"href":"https:\/\/omewa.online\/index.php\/wp-json\/wp\/v2\/types\/product"}],"replies":[{"embeddable":true,"href":"https:\/\/omewa.online\/index.php\/wp-json\/wp\/v2\/comments?post=1291"}],"wp:featuredmedia":[{"embeddable":true,"href":"https:\/\/omewa.online\/index.php\/wp-json\/wp\/v2\/media\/2903"}],"wp:attachment":[{"href":"https:\/\/omewa.online\/index.php\/wp-json\/wp\/v2\/media?parent=1291"}],"wp:term":[{"taxonomy":"product_brand","embeddable":true,"href":"https:\/\/omewa.online\/index.php\/wp-json\/wp\/v2\/product_brand?post=1291"},{"taxonomy":"product_cat","embeddable":true,"href":"https:\/\/omewa.online\/index.php\/wp-json\/wp\/v2\/product_cat?post=1291"},{"taxonomy":"product_tag","embeddable":true,"href":"https:\/\/omewa.online\/index.php\/wp-json\/wp\/v2\/product_tag?post=1291"}],"curies":[{"name":"wp","href":"https:\/\/api.w.org\/{rel}","templated":true}]}}