{"id":1290,"date":"2025-11-01T18:19:34","date_gmt":"2025-11-01T18:19:34","guid":{"rendered":"https:\/\/omewa.online\/?post_type=product&#038;p=1290"},"modified":"2025-11-26T01:33:49","modified_gmt":"2025-11-26T01:33:49","slug":"kem-duong-trang-da-ket-hop-nhan-sam-the-nature-book-han-quoc","status":"publish","type":"product","link":"https:\/\/omewa.online\/index.php\/product\/kem-duong-trang-da-ket-hop-nhan-sam-the-nature-book-han-quoc\/","title":{"rendered":"Kem D\u01b0\u1ee1ng Tr\u1eafng Da K\u1ebft H\u1ee3p Nh\u00e2n S\u00e2m The Nature Book H\u00e0n Qu\u1ed1c"},"content":{"rendered":"<h2 id=\"1._gioi_thieu_ve_kem_duong_trang_hong_v_ti_tao_da_the_nature_book_hn_quoc\">1. \u0110\u1eb7c \u0110i\u1ec3m N\u1ed5i B\u1eadt<\/h2>\n<p>Kem d\u01b0\u1ee1ng tr\u1eafng h\u1ed3ng v\u00e0 t\u00e1i t\u1ea1o da The Nature Book H\u00e0n Qu\u1ed1c \u0111\u01b0\u1ee3c s\u1ea3n xu\u1ea5t v\u1edbi ngu\u1ed3n g\u1ed1c nguy\u00ean li\u1ec7u 100% t\u1eeb thi\u00ean nhi\u00ean. L\u1ea5y c\u1ea3m h\u1ee9ng t\u1eeb nh\u1eefng gi\u00e1 tr\u1ecb l\u00e0m \u0111\u1eb9p b\u1ea5t t\u1eadn t\u1eeb thi\u00ean nhi\u00ean, c\u00e1c nguy\u00ean li\u1ec7u \u0111\u01b0\u1ee3c tr\u1ed3ng v\u00e0 ch\u1ecdn l\u1ef1a t\u1ec9 m\u1ec9 \u0111\u1ec3 c\u00f3 th\u1ec3 ph\u00e1t huy t\u1ed1i \u0111a hi\u1ec7u qu\u1ea3.<\/p>\n<p>V\u1edbi s\u1ef1 k\u1ebft h\u1ee3p ho\u00e0n h\u1ea3o gi\u1eefa ngu\u1ed3n Nh\u00e2n s\u00e2m qu\u00fd gi\u00e1 v\u00e0 Vitamin tinh khi\u1ebft t\u1eeb thi\u00ean nhi\u00ean, gi\u1eef tr\u1ecdn n\u00e9t thanh xu\u00e2n r\u1ea1ng ng\u1eddi, t\u00e1i sinh l\u00e0n da tr\u1eafng h\u1ed3ng v\u00e0 c\u0103ng tr\u00e0n s\u1ee9c s\u1ed1ng.<\/p>\n<p>\u0110\u01b0\u1ee3c s\u1ea3n xu\u1ea5t b\u1edfi 1 trong 3 nh\u00e0 m\u00e1y top \u0111\u1ea7u H\u00e0n Qu\u1ed1c v\u1ec1 nghi\u00ean c\u1ee9u v\u00e0 ph\u00e1t tri\u1ec3n c\u00e1c d\u00f2ng s\u1ea3n ph\u1ea9m chi\u1ebft xu\u1ea5t t\u1eeb thi\u00ean nhi\u00ean.<\/p>\n<p>S\u1ea3n ph\u1ea9m Kem d\u01b0\u1ee1ng tr\u1eafng h\u1ed3ng v\u00e0 t\u00e1i t\u1ea1o da n\u00f3i ri\u00eang, m\u1ef9 ph\u1ea9m The Nature Book H\u00e0n Qu\u1ed1c n\u00f3i chung \u0111\u01b0\u1ee3c \u0111\u00e1nh gi\u00e1 cao v\u1ec1 ch\u1ea5t l\u01b0\u1ee3ng, gi\u00e1 th\u00e0nh h\u1ee3p l\u00fd, ph\u00f9 h\u1ee3p v\u1edbi \u0111i\u1ec1u ki\u1ec7n c\u1ee7a \u0111a s\u1ed1 ch\u1ecb em.<\/p>\n<p><img fetchpriority=\"high\" decoding=\"async\" class=\"alignnone size-full wp-image-28009 aligncenter\" src=\"https:\/\/omewa.online\/wp-content\/uploads\/2025\/04\/omewa-uu-diem-kem-duong-trang-hong-va-tai-tao-da-the-nature-book.jpg\" alt=\"\" width=\"640\" height=\"480\" \/><\/p>\n<h2 id=\"2._thnh_phan_cua_kem_duong_trang_hong_v_ti_tao_da_the_nature_book_hn_quoc\">2. Th\u00e0nh Ph\u1ea7n Chi\u1ebft Xu\u1ea5t<\/h2>\n<p>Kem d\u01b0\u1ee1ng tr\u1eafng h\u1ed3ng v\u00e0 t\u00e1i t\u1ea1o da The Nature Book H\u00e0n Qu\u1ed1c \u0111\u01b0\u1ee3c chi\u1ebft xu\u1ea5t t\u1eeb c\u00e1c th\u00e0nh ph\u1ea7n d\u01b0\u1ee1ng ch\u1ea5t thi\u00ean nhi\u00ean qu\u00fd hi\u1ebfm nh\u01b0:<\/p>\n<ul>\n<li>Tinh ch\u1ea5t\u00a0nh\u00e2n s\u00e2m H\u00e0n Qu\u1ed1c: \u0110\u01b0\u1ee3c coi l\u00e0\u201cTh\u1ea7n D\u01b0\u1ee3c\u201d gi\u1eef g\u00ecn nhan s\u1eafc tu\u1ed5i thanh xu\u00e2n cho l\u00e0n da. C\u00e1c th\u00e0nh ph\u1ea7n Saponin c\u00f3 trong nh\u00e2n s\u00e2m gi\u00fap th\u00fac \u0111\u1ea9y qu\u00e1 tr\u00ecnh t\u00e1i t\u1ea1o v\u00e0 t\u0103ng c\u01b0\u1eddng oxy h\u00f3a mang l\u1ea1i l\u00e0n da c\u0103ng h\u1ed3ng v\u00e0 t\u01b0\u01a1i s\u00e1ng. \u0110\u1ed3ng th\u1eddi nu\u00f4i d\u01b0\u1ee1ng c\u00e1c t\u1ebf b\u00e0o da t\u1eeb s\u00e2u b\u00ean trong, ph\u1ee5c h\u1ed3i h\u01b0 t\u1ed5n, \u0111\u00e0o th\u1ea3i \u0111\u1ed9c t\u1ed1 gi\u00fap da tr\u1eafng s\u00e1ng v\u00e0 m\u1ecbn m\u00e0ng h\u01a1n.<\/li>\n<li>Chi\u1ebft xu\u1ea5t Vitamin tinh khi\u1ebft: Ch\u1ee9a 20 ch\u1ea5t dinh d\u01b0\u1ee1ng kh\u00e1c nhau nh\u01b0 Vitamin A, C, E, Omega 7 v\u00e0 axit amin mang l\u1ea1i hi\u1ec7u qu\u1ea3 l\u00e0m tr\u1eafng v\u01b0\u1ee3t tr\u1ed9i, \u0111\u1ed3ng th\u1eddi d\u01b0\u1ee1ng \u1ea9m v\u00e0 t\u0103ng \u0111\u1ed9 \u0111\u00e0n h\u1ed3i cho l\u00e0n da.<\/li>\n<li>Chi\u1ebft xu\u1ea5t Hoa O\u1ea3i H\u01b0\u01a1ng: C\u00f3 kh\u1ea3 n\u0103ng c\u1ee7ng c\u1ed1 k\u1ebft c\u1ea5u da v\u00e0 t\u0103ng c\u01b0\u1eddng l\u01b0u th\u00f4ng m\u00e1u, ch\u1ee9a h\u00e0m l\u01b0\u1ee3ng cao ch\u1ea5t ch\u1ed1ng oxi m\u1ea1nh gi\u00fap cho c\u00e1c t\u1ebf b\u00e0o da kh\u1ecfe m\u1ea1nh v\u00e0 th\u00fac \u0111\u1ea9y qu\u00e1 tr\u00ecnh t\u1ea1o t\u1ebf b\u00e0o da m\u1edbi, ng\u0103n ch\u1eb7n v\u00e0 ng\u0103n ng\u1eeba l\u00e3o ho\u00e1 da s\u1edbm.<\/li>\n<li>Chi\u1ebft xu\u1ea5t C\u00fac La M\u00e3: C\u00f3 t\u00e1c d\u1ee5ng l\u00e0m d\u1ecbu c\u00e1c k\u00edch th\u00edch, ng\u0103n ng\u1eeba d\u1ecb \u1ee9ng, gi\u1ea3m m\u1ee5n, kh\u00e1ng vi\u00eam v\u00e0 d\u01b0\u1ee1ng da tr\u1eafng h\u1ed3ng t\u1ef1 nhi\u00ean.<\/li>\n<\/ul>\n<p>&nbsp;<\/p>\n<h2 id=\"3._cng_dung_cua_kem_duong_trang_hong_v_ti_tao_da_the_nature_book_hn_quoc\">3. C\u00f4ng D\u1ee5ng V\u1edbi Da<\/h2>\n<p>Kem d\u01b0\u1ee1ng tr\u1eafng h\u1ed3ng v\u00e0 t\u00e1i t\u1ea1o da The Nature Book H\u00e0n Qu\u1ed1c\u00a0mang t\u1edbi gi\u1ea3i ph\u00e1p h\u1eefu hi\u1ec7u trong vi\u1ec7c ch\u0103m s\u00f3c da, c\u1ee5 th\u1ec3 l\u00e0:<\/p>\n<ul>\n<li style=\"text-align: center;\">Kem d\u01b0\u1ee1ng tr\u1eafng h\u1ed3ng v\u00e0 t\u00e1i t\u1ea1o da The Nature Book H\u00e0n Qu\u1ed1c\u00a0c\u00f3 ch\u1ee9a c\u00e1c h\u1ea1t vitamin c\u00f3 t\u00e1c d\u1ee5ng b\u1ed5 sung \u0111\u1ed9 \u1ea9m cho da, mang l\u1ea1i cho b\u1ea1n l\u00e0n da \u1ea9m m\u01b0\u1ee3t, c\u0103ng m\u1ecbn, g<img decoding=\"async\" class=\"alignnone size-full wp-image-28008\" src=\"https:\/\/omewa.online\/wp-content\/uploads\/2025\/04\/omewa-thanh-phan-cua-kem-duong-trang-hong-va-tai-tao-da-the-nature-book.jpg\" alt=\"\" width=\"640\" height=\"480\" \/>i\u1ea3i quy\u1ebft t\u00ecnh tr\u1ea1ng da d\u1ebb b\u1ecb kh\u00f4 r\u00e1p.<\/li>\n<li>S\u1ea3n ph\u1ea9m c\u00f3 ch\u1ee9a \u0111\u1ebfn 20 ch\u1ea5t dinh d\u01b0\u1ee1ng kh\u00e1c nhau nh\u01b0 vitamin A, C, E, omega 7 v\u00e0 axit amin c\u00f3 t\u00e1c d\u1ee5ng trong vi\u1ec7c l\u00e0m tr\u1eafng da v\u01b0\u1ee3t tr\u1ed9i, c\u1ea3i thi\u1ec7n m\u00e0u da, gi\u00fap l\u00e0n da tr\u1eafng s\u00e1ng b\u1eadt tone t\u1ee9c th\u00ec, d\u01b0\u1ee1ng da tr\u1eafng h\u1ed3ng t\u1ef1 nhi\u00ean.<\/li>\n<li>Gi\u00fap ph\u1ee5c h\u1ed3i nh\u1eefng t\u1ed5n th\u01b0\u01a1ng tr\u00ean da, t\u0103ng c\u01b0\u1eddng kh\u1ea3 n\u0103ng c\u1ee7ng c\u1ed1 k\u1ebft c\u1ea5u da, th\u00fac \u0111\u1ea9y qu\u00e1 tr\u00ecnh t\u00e1i t\u1ea1o t\u1ebf b\u00e0o da m\u1edbi, cho l\u00e0n da lu\u00f4n \u0111\u01b0\u1ee3c kh\u1ecfe \u0111\u1eb9p theo th\u1eddi gian, l\u01b0u gi\u1eef tu\u1ed5i thanh xu\u00e2n l\u00e2u d\u00e0i.<\/li>\n<li>\u0110\u00e0o th\u1ea3i \u0111\u1ed9c t\u1ed1, gi\u00fap nu\u00f4i d\u01b0\u1ee1ng c\u00e1c t\u1ebf b\u00e0o da t\u1eeb s\u00e2u b\u00ean trong, gi\u00fap l\u00e0n da s\u1ea1ch tho\u00e1ng, m\u1ec1m m\u1ecbn, s\u00e1ng kh\u1ecfe.<\/li>\n<li>T\u0103ng c\u01b0\u1eddng oxy h\u00f3a, gi\u00fap kh\u00e1ng vi\u00eam, gi\u1ea3m m\u1ee5n, ng\u0103n ch\u1eb7n qu\u00e1 tr\u00ecnh l\u00e3o h\u00f3a s\u1edbm, b\u1ea3o v\u1ec7 l\u00e0n da kh\u1ecfi nh\u1eefng t\u00e1c nh\u00e2n g\u00e2y h\u1ea1i t\u1eeb m\u00f4i tr\u01b0\u1eddng b\u00ean ngo\u00e0i.<\/li>\n<\/ul>\n<p><img decoding=\"async\" class=\"alignnone size-full wp-image-28003 aligncenter\" src=\"https:\/\/omewa.online\/wp-content\/uploads\/2025\/04\/omewa-cong-dung-cua-kem-duong-trang-hong-va-tai-tao-da-the-nature-book.jpg\" alt=\"\" width=\"640\" height=\"480\" \/><\/p>\n<h3 id=\"4._uu_diem_cua_kem_duong_trang_hong_v_ti_tao_da_the_nature_book_hn_quoc\">\u01afu \u0110i\u1ec3m:<\/h3>\n<ul>\n<li>Kem d\u01b0\u1ee1ng tr\u1eafng h\u1ed3ng v\u00e0 t\u00e1i t\u1ea1o da The Nature Book H\u00e0n Qu\u1ed1c\u00a0thu\u1ed9c top kem d\u01b0\u1ee1ng tr\u1eafng da m\u1eb7t t\u1ed1t nh\u1ea5t c\u1ee7a th\u01b0\u01a1ng hi\u1ec7u M\u1ef9 ph\u1ea9m The Nature Book\u00a0c\u1ee7a H\u00e0n Qu\u1ed1c.<\/li>\n<li>S\u1ea3n ph\u1ea9m \u0111\u01b0\u1ee3c nghi\u00ean c\u1ee9u s\u1ea3n xu\u1ea5t tr\u00ean d\u00e2y chuy\u1ec1n c\u00f4ng ngh\u1ec7 ti\u00ean ti\u1ebfn hi\u1ec7n \u0111\u1ea1i, \u0111\u00e3 \u0111\u01b0\u1ee3c c\u00e1c c\u01a1 quan c\u00f3 th\u1ea9m quy\u1ec1n ch\u1ee9ng nh\u1eadn \u0111\u1ea1t c\u00e1c ti\u00eau chu\u1ea9n an to\u00e0n, ch\u1ea5t l\u01b0\u1ee3ng v\u00e0 hi\u1ec7u qu\u1ea3.<\/li>\n<li>Kem d\u01b0\u1ee1ng tr\u1eafng h\u1ed3ng v\u00e0 t\u00e1i t\u1ea1o da The Nature Book H\u00e0n Qu\u1ed1c\u00a0b\u00e0o ch\u1ebf t\u1eeb th\u00e0nh ph\u1ea7n ch\u00ednh l\u00e0\u00a0nh\u00e2n s\u00e2m\u00a0qu\u00fd hi\u1ebfm c\u1ee7a H\u00e0n Qu\u1ed1c k\u1ebft h\u1ee3p c\u00f9ng c\u00e1c th\u00e0nh ph\u1ea7n t\u1ef1 nhi\u00ean, \u0111\u01b0\u1ee3c ch\u1ee9ng nh\u1eadn l\u00e0 l\u00e0nh t\u00ednh, an to\u00e0n cho m\u1ecdi l\u00e0n da.<\/li>\n<li>Kem d\u01b0\u1ee1ng tr\u1eafng h\u1ed3ng v\u00e0 t\u00e1i t\u1ea1o da The Nature Book H\u00e0n Qu\u1ed1c\u00a0\u0111\u01b0\u1ee3c xem l\u00e0 \u201csi\u00eau ph\u1ea9m\u201d d\u01b0\u1ee1ng tr\u1eafng, t\u00e1i t\u1ea1o da, d\u01b0\u1ee1ng \u1ea9m, ch\u0103m s\u00f3c l\u00e0m \u0111\u1eb9p da t\u1ed1i \u01b0u.<\/li>\n<li>S\u1ea3n ph\u1ea9m c\u00f3 k\u1ebft c\u1ea5u d\u1ea1ng kem m\u1ec1m m\u1ecbn, th\u1ea9m th\u1ea5u v\u00e0o da nhanh ch\u00f3ng, kh\u00f4ng g\u00e2y n\u00ean t\u00ecnh tr\u1ea1ng b\u00ed t\u1eafc l\u1ed7 ch\u00e2n l\u00f4ng hay kh\u00f3 ch\u1ecbu cho l\u00e0n da.<\/li>\n<li>S\u1ea3n ph\u1ea9m\u00a0Kem d\u01b0\u1ee1ng tr\u1eafng h\u1ed3ng v\u00e0 t\u00e1i t\u1ea1o da The Nature Book H\u00e0n Qu\u1ed1c\u00a0\u0111\u01b0\u1ee3c chia th\u00e0nh 2 ng\u0103n ph\u00f9 h\u1ee3p v\u1edbi nhu c\u1ea7u s\u1eed d\u1ee5ng l\u00e0 ph\u1ea7n kem d\u01b0\u1ee1ng \u1ea9m v\u00e0 ph\u1ea7n kem d\u01b0\u1ee1ng tr\u1eafng.<\/li>\n<\/ul>\n<p><img loading=\"lazy\" decoding=\"async\" class=\"alignnone size-full wp-image-28005 aligncenter\" src=\"https:\/\/omewa.online\/wp-content\/uploads\/2025\/04\/omewa-dac-diem-kem-duong-trang-hong-va-tai-tao-da-the-nature-book.jpg\" alt=\"\" width=\"640\" height=\"480\" \/><\/p>\n<h2 id=\"5._huong_dan_su_dung_kem_duong_trang_hong_v_ti_tao_da_the_nature_book_hn_quoc\">4. H\u01b0\u1edbng D\u1eabn S\u1eed D\u1ee5ng<\/h2>\n<ul>\n<li>B\u01b0\u1edbc 1: l\u00e0m s\u1ea1ch da m\u1eb7t, lau kh\u00f4 b\u1eb1ng kh\u0103n m\u1ec1m.<\/li>\n<li>B\u01b0\u1edbc 2: b\u00f4i kem d\u01b0\u1ee1ng \u1ea9m l\u00ean da tr\u01b0\u1edbc \u0111\u1ec3 b\u1ed5 sung \u0111\u1ed9 \u1ea9m cho da.<\/li>\n<li>B\u01b0\u1edbc 3: l\u1ea5y ph\u1ea7n kem d\u01b0\u1ee1ng tr\u1eafng h\u1ed3ng v\u00e0 t\u00e1i t\u1ea1o da The Nature Book H\u00e0n Qu\u1ed1c \u0111\u1ec3 d\u01b0\u1ee1ng tr\u1eafng v\u00e0 n\u00e2ng tone da c\u00f3 th\u1ec3 thay cho kem trang \u0111i\u1ec3m.<\/li>\n<li>B\u01b0\u1edbc 4: v\u1ed7 nh\u1eb9 l\u00ean da \u0111\u1ec3 c\u00e1c d\u01b0\u1ee1ng ch\u1ea5t th\u1ea9m th\u1ea5u v\u00e0o da t\u1ed1i \u01b0u.<\/li>\n<li>S\u1eed d\u1ee5ng Kem D\u01b0\u1ee1ng Tr\u1eafng H\u1ed3ng V\u00e0 T\u00e1i T\u1ea1o Da The Nature Book H\u00e0n Qu\u1ed1c h\u00e0ng ng\u00e0y v\u00e0o bu\u1ed5i s\u00e1ng v\u00e0 bu\u1ed5i t\u1ed1i sau b\u01b0\u1edbc t\u1ea9y trang, t\u1ea9y da ch\u1ebft, s\u1eefa r\u1eeda m\u1eb7t, v\u00e0 n\u01b0\u1edbc hoa h\u1ed3ng.<\/li>\n<\/ul>\n<p><strong>L\u01b0u \u00fd s\u1eed d\u1ee5ng<\/strong>: S\u1ea3n ph\u1ea9m ph\u00f9 h\u1ee3p t\u1ea5t c\u1ea3 c\u00e1c lo\u1ea1i da k\u1ec3 c\u1ea3 l\u00e0 v\u1edbi da m\u1ee5n, da b\u1ecb l\u00e3o h\u00f3a v\u00e0 da nh\u1ea1y c\u1ea3m. B\u1ea3o qu\u1ea3n s\u1ea3n ph\u1ea9m n\u01a1i kh\u00f4 tho\u00e1ng, tr\u00e1nh \u00e1nh n\u1eafng tr\u1ef1c ti\u1ebfp, tr\u00e1nh xa t\u1ea7m tay tr\u1ebb em.<\/p>\n<h3 id=\"6._doi_tuong_su_dung_kem_duong_trang_hong_v_ti_tao_da_the_nature_book_hn_quoc\">\u0110\u1ed1i t\u01b0\u1ee3ng ph\u00f9 h\u1ee3p s\u1eed d\u1ee5ng<\/h3>\n<ul>\n<li>Nh\u1eefng ng\u01b0\u1eddi c\u00f3 l\u00e0n da b\u1ecb h\u01b0 t\u1ed5n, da b\u1ecb l\u00e3o h\u00f3a.<\/li>\n<li>Ng\u01b0\u1eddi mong mu\u1ed1n s\u1edf h\u1eefu l\u00e0n da tr\u1eafng s\u00e1ng, h\u1ed3ng h\u00e0o, \u1ea9m m\u1ecbn.<\/li>\n<li>S\u1ea3n ph\u1ea9m d\u00f9ng \u0111\u01b0\u1ee3c cho c\u1ea3 nam v\u00e0 n\u1eef.<\/li>\n<\/ul>\n<h2 id=\"5._cam_ket_v_bao_hnh_sua_rua_mat_tr_xanh_the_nature_book_hn_quoc\">5. Cam K\u1ebft T\u1eeb The Nature Book<\/h2>\n<ol>\n<li>Kem D\u01b0\u1ee1ng Tr\u1eafng H\u1ed3ng V\u00e0 T\u00e1i T\u1ea1o Da The Nature Book H\u00e0n Qu\u1ed1c S\u1ea1ch, An to\u00e0n, Hi\u1ec7u qu\u1ea3, v\u00e0 Ch\u1ea5t l\u01b0\u1ee3ng.<\/li>\n<li>Th\u00e2n thi\u1ec7n v\u1edbi m\u00f4i tr\u01b0\u1eddng, g\u1ea7n g\u0169i v\u1edbi \u0111\u1eddi s\u1ed1ng. \u0110\u1ea3m b\u1ea3o v\u00f2ng tu\u1ea7n ho\u00e0n b\u1ec1n v\u1eefng c\u1ee7a t\u1ef1 nhi\u00ean.<\/li>\n<li>\u0110\u01b0\u1ee3c s\u1ea3n xu\u1ea5t b\u1edfi 1 trong 3 nh\u00e0 m\u00e1y top \u0111\u1ea7u H\u00e0n Qu\u1ed1c v\u1ec1 nghi\u00ean c\u1ee9u v\u00e0 ph\u00e1t tri\u1ec3n c\u00e1c d\u00f2ng s\u1ea3n ph\u1ea9m chi\u1ebft xu\u1ea5t t\u1eeb thi\u00ean nhi\u00ean.<\/li>\n<li>L\u00e0 gi\u1ea3i ph\u00e1p l\u00e0m \u0111\u1eb9p hi\u1ec7u qu\u1ea3 v\u00e0 ti\u1ebft ki\u1ec7m<\/li>\n<li>S\u1eb5n s\u00e0ng chia s\u1ebb l\u1ee3i \u00edch v\u1edbi \u0111\u1ed1i t\u00e1c, kh\u00e1ch h\u00e0ng, v\u00e0 x\u00e3 h\u1ed9i<\/li>\n<\/ol>\n","protected":false},"excerpt":{"rendered":"<ul>\n<li><strong>C\u00f4ng d\u1ee5ng n\u1ed5i b\u1eadt<\/strong>: Mang t\u1edbi gi\u1ea3i ph\u00e1p ch\u1ed1ng l\u00e3o h\u00f3a v\u00e0 d\u01b0\u1ee1ng tr\u1eafng chuy\u00ean s\u00e2u t\u1ed1i \u01b0u v\u1edbi s\u1ef1 k\u1ebft h\u1ee3p ho\u00e0n h\u1ea3o gi\u1eefa ngu\u1ed3n nh\u00e2n s\u00e2m qu\u00fd gi\u00e1 v\u00e0 Vitamin tinh khi\u1ebft t\u1eeb thi\u00ean nhi\u00ean, gi\u1eef tr\u1ecdn n\u00e9t thanh xu\u00e2n r\u1ea1ng ng\u1eddi, t\u00e1i sinh l\u00e0n da tr\u1eafng h\u1ed3ng v\u00e0 c\u0103ng tr\u00e0n s\u1ee9c s\u1ed1ng.<\/li>\n<li><strong>Dung t\u00edch<\/strong>: 50g<\/li>\n<li><strong>Th\u01b0\u01a1ng hi\u1ec7u<\/strong>:\u00a0The Nature Book<\/li>\n<li><strong>Xu\u1ea5t x\u1ee9<\/strong>: H\u00e0n Qu\u1ed1c<\/li>\n<\/ul>\n","protected":false},"featured_media":1338,"comment_status":"open","ping_status":"closed","template":"","meta":{"site-sidebar-layout":"default","site-content-layout":"","ast-site-content-layout":"default","site-content-style":"default","site-sidebar-style":"default","ast-global-header-display":"","ast-banner-title-visibility":"","ast-main-header-display":"","ast-hfb-above-header-display":"","ast-hfb-below-header-display":"","ast-hfb-mobile-header-display":"","site-post-title":"","ast-breadcrumbs-content":"","ast-featured-img":"","footer-sml-layout":"","theme-transparent-header-meta":"","adv-header-id-meta":"","stick-header-meta":"","header-above-stick-meta":"","header-main-stick-meta":"","header-below-stick-meta":"","astra-migrate-meta-layouts":"default","ast-page-background-enabled":"default","ast-page-background-meta":{"desktop":{"background-color":"var(--ast-global-color-5)","background-image":"","background-repeat":"repeat","background-position":"center center","background-size":"auto","background-attachment":"scroll","background-type":"","background-media":"","overlay-type":"","overlay-color":"","overlay-opacity":"","overlay-gradient":""},"tablet":{"background-color":"","background-image":"","background-repeat":"repeat","background-position":"center center","background-size":"auto","background-attachment":"scroll","background-type":"","background-media":"","overlay-type":"","overlay-color":"","overlay-opacity":"","overlay-gradient":""},"mobile":{"background-color":"","background-image":"","background-repeat":"repeat","background-position":"center center","background-size":"auto","background-attachment":"scroll","background-type":"","background-media":"","overlay-type":"","overlay-color":"","overlay-opacity":"","overlay-gradient":""}},"ast-content-background-meta":{"desktop":{"background-color":"var(--ast-global-color-4)","background-image":"","background-repeat":"repeat","background-position":"center center","background-size":"auto","background-attachment":"scroll","background-type":"","background-media":"","overlay-type":"","overlay-color":"","overlay-opacity":"","overlay-gradient":""},"tablet":{"background-color":"var(--ast-global-color-4)","background-image":"","background-repeat":"repeat","background-position":"center center","background-size":"auto","background-attachment":"scroll","background-type":"","background-media":"","overlay-type":"","overlay-color":"","overlay-opacity":"","overlay-gradient":""},"mobile":{"background-color":"var(--ast-global-color-4)","background-image":"","background-repeat":"repeat","background-position":"center center","background-size":"auto","background-attachment":"scroll","background-type":"","background-media":"","overlay-type":"","overlay-color":"","overlay-opacity":"","overlay-gradient":""}}},"product_brand":[122],"product_cat":[299,18,298,19,17,121,291],"product_tag":[],"class_list":{"0":"post-1290","1":"product","2":"type-product","3":"status-publish","4":"has-post-thumbnail","6":"product_brand-nature-book","7":"product_cat-bo-san-pham-lam-dep","8":"product_cat-cham-soc-da-mat","9":"product_cat-cham-soc-da-mat-sac-dep","10":"product_cat-duong-da","11":"product_cat-my-pham","12":"product_cat-nature-book","13":"product_cat-sac-dep","14":"desktop-align-left","15":"tablet-align-left","16":"mobile-align-left","18":"first","19":"instock","20":"sale","21":"taxable","22":"shipping-taxable","23":"purchasable","24":"product-type-simple"},"_links":{"self":[{"href":"https:\/\/omewa.online\/index.php\/wp-json\/wp\/v2\/product\/1290","targetHints":{"allow":["GET"]}}],"collection":[{"href":"https:\/\/omewa.online\/index.php\/wp-json\/wp\/v2\/product"}],"about":[{"href":"https:\/\/omewa.online\/index.php\/wp-json\/wp\/v2\/types\/product"}],"replies":[{"embeddable":true,"href":"https:\/\/omewa.online\/index.php\/wp-json\/wp\/v2\/comments?post=1290"}],"wp:featuredmedia":[{"embeddable":true,"href":"https:\/\/omewa.online\/index.php\/wp-json\/wp\/v2\/media\/1338"}],"wp:attachment":[{"href":"https:\/\/omewa.online\/index.php\/wp-json\/wp\/v2\/media?parent=1290"}],"wp:term":[{"taxonomy":"product_brand","embeddable":true,"href":"https:\/\/omewa.online\/index.php\/wp-json\/wp\/v2\/product_brand?post=1290"},{"taxonomy":"product_cat","embeddable":true,"href":"https:\/\/omewa.online\/index.php\/wp-json\/wp\/v2\/product_cat?post=1290"},{"taxonomy":"product_tag","embeddable":true,"href":"https:\/\/omewa.online\/index.php\/wp-json\/wp\/v2\/product_tag?post=1290"}],"curies":[{"name":"wp","href":"https:\/\/api.w.org\/{rel}","templated":true}]}}