{"id":1289,"date":"2025-11-01T18:19:34","date_gmt":"2025-11-01T18:19:34","guid":{"rendered":"https:\/\/omewa.online\/?post_type=product&#038;p=1289"},"modified":"2025-11-26T01:33:49","modified_gmt":"2025-11-26T01:33:49","slug":"kem-chong-nang-hoan-hao-hang-ngay-the-nature-book-han-quoc","status":"publish","type":"product","link":"https:\/\/omewa.online\/index.php\/product\/kem-chong-nang-hoan-hao-hang-ngay-the-nature-book-han-quoc\/","title":{"rendered":"Kem Ch\u1ed1ng N\u1eafng Ho\u00e0n H\u1ea3o H\u1eb1ng Ng\u00e0y The Nature Book H\u00e0n Qu\u1ed1c"},"content":{"rendered":"<h2 id=\"1._gioi_thieu_ve_kem_chong_nang_hon_hao_hang_ngy_the_nature_book_hn_quoc\">1. \u0110\u1eb7c \u0110i\u1ec3m N\u1ed5i B\u1eadt<\/h2>\n<p>Kem Ch\u1ed1ng N\u1eafng Ho\u00e0n H\u1ea3o H\u1eb1ng Ng\u00e0y The Nature Book H\u00e0n Qu\u1ed1c \u0111\u01b0\u1ee3c s\u1ea3n xu\u1ea5t v\u1edbi ngu\u1ed3n g\u1ed1c nguy\u00ean li\u1ec7u 100% t\u1eeb thi\u00ean nhi\u00ean. L\u1ea5y c\u1ea3m h\u1ee9ng t\u1eeb nh\u1eefng gi\u00e1 tr\u1ecb l\u00e0m \u0111\u1eb9p b\u1ea5t t\u1eadn t\u1eeb thi\u00ean nhi\u00ean, c\u00e1c nguy\u00ean li\u1ec7u \u0111\u01b0\u1ee3c tr\u1ed3ng v\u00e0 ch\u1ecdn l\u1ef1a t\u1ec9 m\u1ec9 \u0111\u1ec3 c\u00f3 th\u1ec3 ph\u00e1t huy t\u1ed1i \u0111a hi\u1ec7u qu\u1ea3.<\/p>\n<p>L\u00e0 lo\u1ea1i kem ch\u1ed1ng n\u1eafng d\u1ea1ng v\u1eadt l\u00fd v\u1edbi ch\u1ec9 s\u1ed1 ch\u1ed1ng n\u1eafng cao SPF50+ PA+++ kh\u00f4ng g\u00e2y b\u1ee9c b\u1ed1i, d\u00ednh r\u00edt kh\u00f3 ch\u1ecbu.<br \/>\n\u0110\u01b0\u1ee3c s\u1ea3n xu\u1ea5t b\u1edfi 1 trong 3 nh\u00e0 m\u00e1y top \u0111\u1ea7u H\u00e0n Qu\u1ed1c v\u1ec1 nghi\u00ean c\u1ee9u v\u00e0 ph\u00e1t tri\u1ec3n c\u00e1c d\u00f2ng s\u1ea3n ph\u1ea9m chi\u1ebft xu\u1ea5t t\u1eeb thi\u00ean nhi\u00ean.<\/p>\n<p>S\u1ea3n ph\u1ea9m Kem Ch\u1ed1ng N\u1eafng Ho\u00e0n H\u1ea3o H\u1eb1ng Ng\u00e0y The Nature Book n\u00f3i ri\u00eang, m\u1ef9 ph\u1ea9m The Nature Book H\u00e0n Qu\u1ed1c n\u00f3i chung \u0111\u01b0\u1ee3c \u0111\u00e1nh gi\u00e1 cao v\u1ec1 ch\u1ea5t l\u01b0\u1ee3ng, gi\u00e1 th\u00e0nh h\u1ee3p l\u00fd, ph\u00f9 h\u1ee3p v\u1edbi \u0111i\u1ec1u ki\u1ec7n c\u1ee7a h\u1ea7u h\u1ebft ch\u1ecb em ph\u1ee5 n\u1eef.<\/p>\n<p><img fetchpriority=\"high\" decoding=\"async\" class=\"alignnone size-full wp-image-27976 aligncenter\" src=\"https:\/\/omewa.online\/wp-content\/uploads\/2025\/04\/omewa-dac-diem-kem-chong-nang-hoan-hao-edally-viet-nam-1.jpg\" alt=\"\" width=\"640\" height=\"560\" \/><\/p>\n<h2 id=\"2._thnh_phan_cua_kem_chong_nang_hon_hao_hang_ngy_the_nature_book_hn_quoc\">2. Th\u00e0nh Ph\u1ea7n Chi\u1ebft Xu\u1ea5t<\/h2>\n<ul>\n<li>Sodium Hyaluronate: l\u00e0 m\u1ed9t trong nh\u1eefng ph\u00e2n t\u1eed \u01b0a n\u01b0\u1edbc nh\u1ea5t trong t\u1ef1 nhi\u00ean, n\u00f3 c\u00f3 kh\u1ea3 n\u0103ng gi\u1eef n\u01b0\u1edbc gi\u1eef n\u01b0\u1edbc tuy\u1ec7t v\u1eddi v\u1edbi tr\u1ecdng l\u01b0\u1ee3ng g\u1ea5p 6000 l\u1ea7n tr\u1ecdng l\u01b0\u1ee3ng b\u1ea3n th\u00e2n n\u00ean n\u00f3 c\u00f2n \u0111\u01b0\u1ee3c g\u1ecdi l\u00e0 \u201cch\u1ea5t d\u01b0\u1ee1ng \u1ea9m t\u1ef1 nhi\u00ean\u201d gi\u00fap d\u01b0\u1ee1ng \u1ea9m, b\u1ed5 sung n\u01b0\u1edbc cho da v\u00e0 l\u00e0m m\u1edd n\u1ebfp nh\u0103n<\/li>\n<li>Titanium Dioxide: c\u00f3 kh\u1ea3 n\u0103ng ch\u1ed1ng n\u1eafng cao, l\u00e0m ph\u00e2n t\u00e1n tia UV, b\u1ea3o v\u1ec7 da kh\u1ecfi tia UV hi\u1ec7u qu\u1ea3<\/li>\n<li>Zinc oxide: B\u1ea3o v\u1ec7 da kh\u1ecfi t\u00e1c h\u1ea1i t\u1eeb \u00e1nh n\u1eafng m\u1eb7t tr\u1eddi \u0111\u1ed3ng th\u1eddi l\u00e0m gi\u1ea3m s\u1ef1 xu\u1ea5t hi\u1ec7n c\u1ee7a n\u00e1m s\u1ea1m, m\u1ee5n v\u00e0 c\u00f3 t\u00e1c d\u1ee5ng l\u00e0m gi\u1ea3m k\u00edch \u1ee9ng da.<\/li>\n<li>Chi\u1ebft xu\u1ea5t l\u00e1 Camellia Sinensis: gi\u00fap t\u0103ng kh\u1ea3 n\u0103ng t\u1ef1 b\u1ea3o v\u1ec7 c\u1ee7a l\u00e0n da, c\u1ea3i thi\u1ec7n \u0111\u1ed9 \u0111\u00e0n h\u1ed3i, gi\u00fap l\u00e0n da tr\u1edf n\u00ean t\u01b0\u01a1i s\u00e1ng<\/li>\n<li>S\u00e1p ong: gi\u00fap d\u01b0\u1ee1ng \u1ea9m, t\u0103ng s\u1ef1 \u0111\u00e0n h\u1ed3i cho da, l\u00e0m ch\u1eadm qu\u00e1 tr\u00ecnh l\u00e3o h\u00f3a da.<\/li>\n<\/ul>\n<p><img decoding=\"async\" class=\"aligncenter size-full wp-image-1229\" src=\"https:\/\/edallyvietnam.vn\/wp-content\/uploads\/2023\/03\/thanh-phan-kem-chong-nang-hoan-hao-edally-viet-nam.jpg\" alt=\"Thanh Phan Kem Chong Nang Hoan Hao Edally Viet Nam\" width=\"640\" height=\"640\" \/><\/p>\n<h2 id=\"3._cng_dung_cua_kem_chong_nang_hon_hao_hang_ngy_the_nature_book_hn_quoc\">3. C\u00f4ng D\u1ee5ng V\u1edbi Da<\/h2>\n<p>Ph\u1ea7n l\u1edbn ch\u1ecb em ch\u00fang ta l\u1ea7m t\u01b0\u1edfng ch\u1ec9 s\u1eed d\u1ee5ng kem ch\u1ed1ng n\u1eafng cho ng\u00e0y h\u00e8, nh\u01b0ng tr\u00ean th\u1ef1c t\u1ebf k\u1ec3 c\u1ea3 v\u00e0o m\u00f9a \u0111\u00f4ng, nh\u1eefng ng\u00e0y kh\u00f4ng c\u00f3 n\u1eafng l\u00e0n da c\u1ee7a ch\u00fang ta c\u0169ng c\u1ea7n \u0111\u01b0\u1ee3c b\u1ea3o v\u1ec7!<\/p>\n<p>Kem Ch\u1ed1ng N\u1eafng\u00a0Ho\u00e0n H\u1ea3o H\u1eb1ng Ng\u00e0y The Nature Book H\u00e0n Qu\u1ed1c l\u00e0 lo\u1ea1i kem ch\u1ed1ng n\u1eafng d\u1ea1ng v\u1eadt l\u00fd v\u1edbi ch\u1ec9 s\u1ed1 ch\u1ed1ng n\u1eafng cao SPF50+ PA+++ kh\u00f4ng g\u00e2y b\u1ee9c b\u1ed1i, d\u00ednh r\u00edt kh\u00f3 ch\u1ecbu.<\/p>\n<ul>\n<li>V\u00f4 hi\u1ec7u h\u00f3a t\u00e1c h\u1ea1i c\u1ee7a UVA, UVB, ng\u0103n ng\u1eeba l\u00e3o h\u00f3a, ung th\u01b0 da.<\/li>\n<li>Ch\u1ec9 s\u1ed1 ch\u1ed1ng n\u1eafng cao SPF 50+\/PA+++ kh\u00f4ng g\u00e2y b\u1ee9c b\u1ed1i, d\u00ednh r\u00edt kh\u00f3 ch\u1ecbu.<\/li>\n<li>L\u00ean tone t\u1ef1 nhi\u00ean mang l\u1ea1i l\u00e0n da tr\u1eafng s\u00e1ng.<\/li>\n<li>Ch\u1ea5t kem si\u00eau m\u1ecbn, c\u1ea3m gi\u00e1c m\u00e1t l\u1ea1nh th\u1ea5m s\u00e2u v\u00e0o b\u00ean trong t\u1ebf b\u00e0o mang l\u1ea1i cho b\u1ea1n c\u1ea3m gi\u00e1c th\u1ef1c s\u1ef1 tho\u1ea3i m\u00e1i v\u1edbi h\u01b0\u01a1ng th\u01a1m d\u1ec5 ch\u1ecbu.<\/li>\n<li>Th\u00e0nh ph\u1ea7n b\u1ed5 sung c\u00e1c d\u01b0\u1ee1ng ch\u1ea5t gi\u00fap duy tr\u00ec \u0111\u1ed9 \u1ea9m, cung c\u1ea5p n\u01b0\u1edbc, b\u1ed5 sung c\u00e1c ch\u1ea5t c\u00f2n thi\u1ebfu nu\u00f4i d\u01b0\u1ee1ng l\u00e0n da, ch\u1ed1ng l\u00e3o h\u00f3a.<\/li>\n<li>Kem Ch\u1ed1ng N\u1eafng Ho\u00e0n H\u1ea3o H\u1eb1ng Ng\u00e0y The Nature Book H\u00e0n Qu\u1ed1c\u00a0s\u1eed d\u1ee5ng \u0111\u01b0\u1ee3c ngay c\u1ea3 v\u1edbi nh\u1eefng ch\u1ecb em c\u00f3 l\u00e0n da nh\u1ea1y c\u1ea3m<\/li>\n<\/ul>\n<p><img decoding=\"async\" class=\"alignnone size-full wp-image-27975 aligncenter\" src=\"https:\/\/omewa.online\/wp-content\/uploads\/2025\/04\/omewa-cong-dung-kem-chong-nang-hoan-hao-edally-viet-nam.jpg\" alt=\"\" width=\"640\" height=\"531\" \/><\/p>\n<h2 id=\"4._huong_dan_su_dung_kem_chong_nang_hon_hao_hang_ngy_the_nature_book_hn_quoc\">4. H\u01b0\u1edbng D\u1eabn S\u1eed D\u1ee5ng<\/h2>\n<ul>\n<li>L\u1ea5y m\u1ed9t l\u01b0\u1ee3ng v\u1eeba \u0111\u1ee7\u00a0Kem Ch\u1ed1ng N\u1eafng Ho\u00e0n H\u1ea3o H\u1eb1ng Ng\u00e0y The Nature Book H\u00e0n Qu\u1ed1c, ch\u1ea5m \u0111\u1ec1u l\u00ean v\u00f9ng da c\u1ea7n ch\u1ed1ng n\u1eafng.<\/li>\n<li>Thoa \u0111\u1ec1u \u0111\u1ec3 kem t\u1ea1o th\u00e0nh l\u1edbp m\u00e0ng b\u1ea3o v\u1ec7.<\/li>\n<\/ul>\n<h3>L\u01b0u \u00fd s\u1eed d\u1ee5ng:<\/h3>\n<ul>\n<li>S\u1eed d\u1ee5ng\u00a0Kem Ch\u1ed1ng N\u1eafng Ho\u00e0n H\u1ea3o H\u1eb1ng Ng\u00e0y The Nature Book H\u00e0n Qu\u1ed1c\u00a0sau b\u01b0\u1edbc d\u01b0\u1ee1ng da cu\u1ed1i c\u00f9ng.<\/li>\n<li>Thoa\u00a0Kem Ch\u1ed1ng N\u1eafng Ho\u00e0n H\u1ea3o H\u1eb1ng Ng\u00e0y The Nature Book H\u00e0n Qu\u1ed1c\u00a0tr\u01b0\u1edbc khi ra ngo\u00e0i 15-20 ph\u00fat \u0111\u1ec3 kem ch\u1ed1ng n\u1eafng ph\u00e1t huy t\u00e1c d\u1ee5ng b\u1ea3o v\u1ec7 t\u1ed1t nh\u1ea5t.<\/li>\n<li>S\u1ea3n ph\u1ea9m d\u00f9ng \u0111\u01b0\u1ee3c cho c\u1ea3 m\u1eb7t v\u00e0 to\u00e0n th\u00e2n.<\/li>\n<li>B\u1ea3o qu\u1ea3n s\u1ea3n ph\u1ea9m n\u01a1i kh\u00f4 tho\u00e1ng, tr\u00e1nh \u00e1nh n\u1eafng tr\u1ef1c ti\u1ebfp, tr\u00e1nh xa t\u1ea7m tay tr\u1ebb em.<\/li>\n<\/ul>\n<p style=\"text-align: center;\"><img loading=\"lazy\" decoding=\"async\" class=\"alignnone size-full wp-image-27979\" src=\"https:\/\/omewa.online\/wp-content\/uploads\/2025\/04\/omewa-su-dung-kem-chong-nang-hoan-hao-edally-viet-nam.jpg\" alt=\"\" width=\"640\" height=\"640\" \/><\/p>\n<h2 id=\"5._cam_ket_v_bao_hnh_sua_rua_mat_tr_xanh_the_nature_book_hn_quoc\">5. Cam K\u1ebft T\u1eeb The Nature Book<\/h2>\n<ol>\n<li>Kem Ch\u1ed1ng N\u1eafng Ho\u00e0n H\u1ea3o H\u1eb1ng Ng\u00e0y The Nature Book H\u00e0n Qu\u1ed1c S\u1ea1ch, An to\u00e0n, Hi\u1ec7u qu\u1ea3, v\u00e0 Ch\u1ea5t l\u01b0\u1ee3ng.<\/li>\n<li>Th\u00e2n thi\u1ec7n v\u1edbi m\u00f4i tr\u01b0\u1eddng, g\u1ea7n g\u0169i v\u1edbi \u0111\u1eddi s\u1ed1ng. \u0110\u1ea3m b\u1ea3o v\u00f2ng tu\u1ea7n ho\u00e0n b\u1ec1n v\u1eefng c\u1ee7a t\u1ef1 nhi\u00ean.<\/li>\n<li>\u0110\u01b0\u1ee3c s\u1ea3n xu\u1ea5t b\u1edfi 3 nh\u00e0 m\u00e1y top \u0111\u1ea7u H\u00e0n Qu\u1ed1c v\u1ec1 nghi\u00ean c\u1ee9u v\u00e0 ph\u00e1t tri\u1ec3n c\u00e1c d\u00f2ng s\u1ea3n ph\u1ea9m chi\u1ebft xu\u1ea5t t\u1eeb thi\u00ean nhi\u00ean.<\/li>\n<li>L\u00e0 gi\u1ea3i ph\u00e1p l\u00e0m \u0111\u1eb9p hi\u1ec7u qu\u1ea3 v\u00e0 ti\u1ebft ki\u1ec7m<\/li>\n<li>S\u1eb5n s\u00e0ng chia s\u1ebb l\u1ee3i \u00edch v\u1edbi \u0111\u1ed1i t\u00e1c, kh\u00e1ch h\u00e0ng, v\u00e0 x\u00e3 h\u1ed9i<\/li>\n<\/ol>\n","protected":false},"excerpt":{"rendered":"<ul>\n<li><strong>C\u00f4ng d\u1ee5ng<\/strong>: Gi\u00fap ch\u1ed1ng n\u1eafng b\u1ea3o v\u1ec7 da t\u1ed1i \u01b0u, kh\u00f4ng g\u00e2y b\u1ebft d\u00ednh, b\u00f3ng nh\u1eddn, \u0111\u1ed3ng th\u1eddi d\u01b0\u1ee1ng \u1ea9m cho l\u00e0n da m\u1ec1m m\u1ecbn.<\/li>\n<li><strong>Quy c\u00e1ch<\/strong>: Tu\u00fdp s\u1ea3n ph\u1ea9m (70g)<\/li>\n<li><strong>Th\u01b0\u01a1ng Hi\u1ec7u<\/strong>:\u00a0The Nature Book<\/li>\n<li><strong>Xu\u1ea5t X\u1ee9<\/strong>: H\u00e0n Qu\u1ed1c<\/li>\n<\/ul>\n","protected":false},"featured_media":1334,"comment_status":"open","ping_status":"closed","template":"","meta":{"site-sidebar-layout":"default","site-content-layout":"","ast-site-content-layout":"default","site-content-style":"default","site-sidebar-style":"default","ast-global-header-display":"","ast-banner-title-visibility":"","ast-main-header-display":"","ast-hfb-above-header-display":"","ast-hfb-below-header-display":"","ast-hfb-mobile-header-display":"","site-post-title":"","ast-breadcrumbs-content":"","ast-featured-img":"","footer-sml-layout":"","theme-transparent-header-meta":"","adv-header-id-meta":"","stick-header-meta":"","header-above-stick-meta":"","header-main-stick-meta":"","header-below-stick-meta":"","astra-migrate-meta-layouts":"default","ast-page-background-enabled":"default","ast-page-background-meta":{"desktop":{"background-color":"var(--ast-global-color-5)","background-image":"","background-repeat":"repeat","background-position":"center center","background-size":"auto","background-attachment":"scroll","background-type":"","background-media":"","overlay-type":"","overlay-color":"","overlay-opacity":"","overlay-gradient":""},"tablet":{"background-color":"","background-image":"","background-repeat":"repeat","background-position":"center center","background-size":"auto","background-attachment":"scroll","background-type":"","background-media":"","overlay-type":"","overlay-color":"","overlay-opacity":"","overlay-gradient":""},"mobile":{"background-color":"","background-image":"","background-repeat":"repeat","background-position":"center center","background-size":"auto","background-attachment":"scroll","background-type":"","background-media":"","overlay-type":"","overlay-color":"","overlay-opacity":"","overlay-gradient":""}},"ast-content-background-meta":{"desktop":{"background-color":"var(--ast-global-color-4)","background-image":"","background-repeat":"repeat","background-position":"center center","background-size":"auto","background-attachment":"scroll","background-type":"","background-media":"","overlay-type":"","overlay-color":"","overlay-opacity":"","overlay-gradient":""},"tablet":{"background-color":"var(--ast-global-color-4)","background-image":"","background-repeat":"repeat","background-position":"center center","background-size":"auto","background-attachment":"scroll","background-type":"","background-media":"","overlay-type":"","overlay-color":"","overlay-opacity":"","overlay-gradient":""},"mobile":{"background-color":"var(--ast-global-color-4)","background-image":"","background-repeat":"repeat","background-position":"center center","background-size":"auto","background-attachment":"scroll","background-type":"","background-media":"","overlay-type":"","overlay-color":"","overlay-opacity":"","overlay-gradient":""}}},"product_brand":[122],"product_cat":[299,18,298,19,17,121,291],"product_tag":[],"class_list":{"0":"post-1289","1":"product","2":"type-product","3":"status-publish","4":"has-post-thumbnail","6":"product_brand-nature-book","7":"product_cat-bo-san-pham-lam-dep","8":"product_cat-cham-soc-da-mat","9":"product_cat-cham-soc-da-mat-sac-dep","10":"product_cat-duong-da","11":"product_cat-my-pham","12":"product_cat-nature-book","13":"product_cat-sac-dep","14":"desktop-align-left","15":"tablet-align-left","16":"mobile-align-left","18":"first","19":"instock","20":"sale","21":"taxable","22":"shipping-taxable","23":"purchasable","24":"product-type-simple"},"_links":{"self":[{"href":"https:\/\/omewa.online\/index.php\/wp-json\/wp\/v2\/product\/1289","targetHints":{"allow":["GET"]}}],"collection":[{"href":"https:\/\/omewa.online\/index.php\/wp-json\/wp\/v2\/product"}],"about":[{"href":"https:\/\/omewa.online\/index.php\/wp-json\/wp\/v2\/types\/product"}],"replies":[{"embeddable":true,"href":"https:\/\/omewa.online\/index.php\/wp-json\/wp\/v2\/comments?post=1289"}],"wp:featuredmedia":[{"embeddable":true,"href":"https:\/\/omewa.online\/index.php\/wp-json\/wp\/v2\/media\/1334"}],"wp:attachment":[{"href":"https:\/\/omewa.online\/index.php\/wp-json\/wp\/v2\/media?parent=1289"}],"wp:term":[{"taxonomy":"product_brand","embeddable":true,"href":"https:\/\/omewa.online\/index.php\/wp-json\/wp\/v2\/product_brand?post=1289"},{"taxonomy":"product_cat","embeddable":true,"href":"https:\/\/omewa.online\/index.php\/wp-json\/wp\/v2\/product_cat?post=1289"},{"taxonomy":"product_tag","embeddable":true,"href":"https:\/\/omewa.online\/index.php\/wp-json\/wp\/v2\/product_tag?post=1289"}],"curies":[{"name":"wp","href":"https:\/\/api.w.org\/{rel}","templated":true}]}}