{"id":1251,"date":"2025-11-01T18:19:13","date_gmt":"2025-11-01T18:19:13","guid":{"rendered":"https:\/\/omewa.online\/?post_type=product&#038;p=1251"},"modified":"2025-11-26T01:33:49","modified_gmt":"2025-11-26T01:33:49","slug":"tay-da-chet-duong-am-the-nature-book-han-quoc","status":"publish","type":"product","link":"https:\/\/omewa.online\/index.php\/product\/tay-da-chet-duong-am-the-nature-book-han-quoc\/","title":{"rendered":"T\u1ea9y Da Ch\u1ebft D\u01b0\u1ee1ng \u1ea8m The Nature Book H\u00e0n Qu\u1ed1c"},"content":{"rendered":"<p class=\"QN2lPu\">Gel T\u1ea9y Da Ch\u1ebft D\u01b0\u1ee1ng \u1ea8m \u2013 Clean and Fresh Peeling Gel chi\u1ebft xu\u1ea5t t\u1eeb rau m\u00e1 mang l\u1ea1i hi\u1ec7u qu\u1ea3 l\u00e0m s\u1ea1ch, d\u01b0\u1ee1ng \u1ea9m, t\u0103ng c\u01b0\u1eddng h\u00e0ng r\u00e0o b\u1ea3o v\u1ec7 da, l\u00e0m d\u1ecbu da v\u00e0 t\u00e1i t\u1ea1o l\u00e0n da hi\u1ec7u qu\u1ea3.<\/p>\n<p class=\"QN2lPu\">Th\u00e0nh ph\u1ea7n ch\u00ednh<\/p>\n<p class=\"QN2lPu\">&#8211; Chi\u1ebft xu\u1ea5t rau m\u00e1 &#8211; T\u1ed1t cho vi\u1ec7c t\u0103ng c\u01b0\u1eddng h\u00e0ng r\u00e0o b\u1ea3o v\u1ec7 da, l\u00e0m d\u1ecbu da, t\u00e1i t\u1ea1o l\u00e0n da v\u00e0 l\u00e0n da \u0111\u00e0n h\u1ed3i<\/p>\n<p class=\"QN2lPu\">&#8211; Chi\u1ebft xu\u1ea5t t\u1eeb l\u00e1 l\u00f4 h\u1ed9i &#8211; L\u00e0m d\u1ecbu da, gi\u1eef \u1ea9m cho da v\u00e0 ng\u0103n ng\u1eeba l\u00e3o h\u00f3a da<\/p>\n<p class=\"QN2lPu\">&#8211; Chi\u1ebft xu\u1ea5t t\u1eeb hoa Nymphaea Alba &#8211; L\u00e0m s\u1ea1ch da, t\u00e1c d\u1ee5ng l\u00e0m se da, ch\u1ee9c n\u0103ng l\u00e0m tr\u1eafng nh\u1eb9<\/p>\n<p class=\"QN2lPu\">&#8211; Chi\u1ebft xu\u1ea5t t\u1eeb c\u1ee7 ngh\u1ec7 &#8211; Gi\u00fap ng\u0103n ng\u1eeba l\u00e3o h\u00f3a da t\u1eeb c\u00e1c g\u1ed1c t\u1ef1 do g\u00e2y l\u00e3o h\u00f3a da<\/p>\n<p class=\"QN2lPu\">C\u00f4ng d\u1ee5ng ch\u00ednh<\/p>\n<p class=\"QN2lPu\">&#8211; Nh\u1eb9 nh\u00e0ng lo\u1ea1i b\u1ecf t\u1ebf b\u00e0o da ch\u1ebft v\u00e0 b\u00e3 nh\u1eddn tr\u00ean da.<\/p>\n<p class=\"QN2lPu\">&#8211; Chi\u1ebft xu\u1ea5t rau m\u00e1 gi\u00fap t\u0103ng c\u01b0\u1eddng h\u00e0ng r\u00e0o b\u1ea3o v\u1ec7 da, l\u00e0m d\u1ecbu da, t\u00e1i t\u1ea1o v\u00e0 ph\u1ee5c h\u1ed3i l\u00e0n da<\/p>\n<p class=\"QN2lPu\">&#8211; Gi\u1eef \u1ea9m cho da.<\/p>\n<p class=\"QN2lPu\">H\u01b0\u1edbng d\u1eabn s\u1eed d\u1ee5ng<\/p>\n<p class=\"QN2lPu\">&#8211; S\u1eed d\u1ee5ng khi da m\u1eb7t kh\u00f4 r\u00e1o, kh\u00f4ng b\u1ecb \u01b0\u1edbt.<\/p>\n<p class=\"QN2lPu\">&#8211; L\u1ea5y m\u1ed9t l\u01b0\u1ee3ng gel v\u1eeba \u0111\u1ee7 massage nh\u1eb9 nh\u00e0ng l\u00ean m\u1eb7t. Sau \u0111\u00f3 r\u1eeda s\u1ea1ch m\u1eb7t l\u1ea1i b\u1eb1ng n\u01b0\u1edbc \u1ea5m, ch\u00fa \u00fd \u1edf c\u00e1c v\u00f9ng da kh\u00f4 v\u00e0 l\u1ed7 ch\u00e2n l\u00f4ng to \u0111\u1ec3 da \u0111\u01b0\u1ee3c l\u00e0m s\u1ea1ch hi\u1ec7u qu\u1ea3 v\u00e0 m\u1ecbn m\u00e0ng.<\/p>\n<p class=\"QN2lPu\">&#8211; S\u1eed d\u1ee5ng 1-2 l\u1ea7n\/ tu\u1ea7n.<\/p>\n<p class=\"QN2lPu\">&#8211; B\u1ea3o qu\u1ea3n n\u01a1i kh\u00f4 r\u00e1o, tho\u00e1ng m\u00e1t, tr\u00e1nh \u00e1nh n\u1eafng tr\u1ef1c ti\u1ebfp v\u00e0 nhi\u1ec7t \u0111\u1ed9 cao<\/p>\n","protected":false},"excerpt":{"rendered":"<p class=\"QN2lPu\">Th\u00e0nh ph\u1ea7n ch\u00ednh<\/p>\n<p class=\"QN2lPu\">&#8211; Chi\u1ebft xu\u1ea5t rau m\u00e1 &#8211; T\u1ed1t cho vi\u1ec7c t\u0103ng c\u01b0\u1eddng h\u00e0ng r\u00e0o b\u1ea3o v\u1ec7 da, l\u00e0m d\u1ecbu da, t\u00e1i t\u1ea1o l\u00e0n da v\u00e0 l\u00e0n da \u0111\u00e0n h\u1ed3i<\/p>\n<p class=\"QN2lPu\">&#8211; Chi\u1ebft xu\u1ea5t t\u1eeb l\u00e1 l\u00f4 h\u1ed9i &#8211; L\u00e0m d\u1ecbu da, gi\u1eef \u1ea9m cho da v\u00e0 ng\u0103n ng\u1eeba l\u00e3o h\u00f3a da<\/p>\n<p class=\"QN2lPu\">&#8211; Chi\u1ebft xu\u1ea5t t\u1eeb hoa Nymphaea Alba &#8211; L\u00e0m s\u1ea1ch da, t\u00e1c d\u1ee5ng l\u00e0m se da, ch\u1ee9c n\u0103ng l\u00e0m tr\u1eafng nh\u1eb9<\/p>\n<p class=\"QN2lPu\">&#8211; Chi\u1ebft xu\u1ea5t t\u1eeb c\u1ee7 ngh\u1ec7 &#8211; Gi\u00fap ng\u0103n ng\u1eeba l\u00e3o h\u00f3a da t\u1eeb c\u00e1c g\u1ed1c t\u1ef1 do g\u00e2y l\u00e3o h\u00f3a da<\/p>\n<p class=\"QN2lPu\">&#8211; Nh\u1eb9 nh\u00e0ng lo\u1ea1i b\u1ecf t\u1ebf b\u00e0o da ch\u1ebft v\u00e0 b\u00e3 nh\u1eddn tr\u00ean da.<\/p>\n<p class=\"QN2lPu\">&#8211; Chi\u1ebft xu\u1ea5t rau m\u00e1 gi\u00fap t\u0103ng c\u01b0\u1eddng h\u00e0ng r\u00e0o b\u1ea3o v\u1ec7 da, l\u00e0m d\u1ecbu da, t\u00e1i t\u1ea1o v\u00e0 ph\u1ee5c h\u1ed3i l\u00e0n da<\/p>\n<p class=\"QN2lPu\">&#8211; Gi\u1eef \u1ea9m cho da.<\/p>\n","protected":false},"featured_media":1326,"comment_status":"open","ping_status":"closed","template":"","meta":{"site-sidebar-layout":"default","site-content-layout":"","ast-site-content-layout":"default","site-content-style":"default","site-sidebar-style":"default","ast-global-header-display":"","ast-banner-title-visibility":"","ast-main-header-display":"","ast-hfb-above-header-display":"","ast-hfb-below-header-display":"","ast-hfb-mobile-header-display":"","site-post-title":"","ast-breadcrumbs-content":"","ast-featured-img":"","footer-sml-layout":"","theme-transparent-header-meta":"","adv-header-id-meta":"","stick-header-meta":"","header-above-stick-meta":"","header-main-stick-meta":"","header-below-stick-meta":"","astra-migrate-meta-layouts":"default","ast-page-background-enabled":"default","ast-page-background-meta":{"desktop":{"background-color":"var(--ast-global-color-5)","background-image":"","background-repeat":"repeat","background-position":"center center","background-size":"auto","background-attachment":"scroll","background-type":"","background-media":"","overlay-type":"","overlay-color":"","overlay-opacity":"","overlay-gradient":""},"tablet":{"background-color":"","background-image":"","background-repeat":"repeat","background-position":"center center","background-size":"auto","background-attachment":"scroll","background-type":"","background-media":"","overlay-type":"","overlay-color":"","overlay-opacity":"","overlay-gradient":""},"mobile":{"background-color":"","background-image":"","background-repeat":"repeat","background-position":"center center","background-size":"auto","background-attachment":"scroll","background-type":"","background-media":"","overlay-type":"","overlay-color":"","overlay-opacity":"","overlay-gradient":""}},"ast-content-background-meta":{"desktop":{"background-color":"var(--ast-global-color-4)","background-image":"","background-repeat":"repeat","background-position":"center center","background-size":"auto","background-attachment":"scroll","background-type":"","background-media":"","overlay-type":"","overlay-color":"","overlay-opacity":"","overlay-gradient":""},"tablet":{"background-color":"var(--ast-global-color-4)","background-image":"","background-repeat":"repeat","background-position":"center center","background-size":"auto","background-attachment":"scroll","background-type":"","background-media":"","overlay-type":"","overlay-color":"","overlay-opacity":"","overlay-gradient":""},"mobile":{"background-color":"var(--ast-global-color-4)","background-image":"","background-repeat":"repeat","background-position":"center center","background-size":"auto","background-attachment":"scroll","background-type":"","background-media":"","overlay-type":"","overlay-color":"","overlay-opacity":"","overlay-gradient":""}}},"product_brand":[122],"product_cat":[299,18,298,19,17,121,291],"product_tag":[],"class_list":{"0":"post-1251","1":"product","2":"type-product","3":"status-publish","4":"has-post-thumbnail","6":"product_brand-nature-book","7":"product_cat-bo-san-pham-lam-dep","8":"product_cat-cham-soc-da-mat","9":"product_cat-cham-soc-da-mat-sac-dep","10":"product_cat-duong-da","11":"product_cat-my-pham","12":"product_cat-nature-book","13":"product_cat-sac-dep","14":"desktop-align-left","15":"tablet-align-left","16":"mobile-align-left","18":"first","19":"instock","20":"sale","21":"taxable","22":"shipping-taxable","23":"purchasable","24":"product-type-simple"},"_links":{"self":[{"href":"https:\/\/omewa.online\/index.php\/wp-json\/wp\/v2\/product\/1251","targetHints":{"allow":["GET"]}}],"collection":[{"href":"https:\/\/omewa.online\/index.php\/wp-json\/wp\/v2\/product"}],"about":[{"href":"https:\/\/omewa.online\/index.php\/wp-json\/wp\/v2\/types\/product"}],"replies":[{"embeddable":true,"href":"https:\/\/omewa.online\/index.php\/wp-json\/wp\/v2\/comments?post=1251"}],"wp:featuredmedia":[{"embeddable":true,"href":"https:\/\/omewa.online\/index.php\/wp-json\/wp\/v2\/media\/1326"}],"wp:attachment":[{"href":"https:\/\/omewa.online\/index.php\/wp-json\/wp\/v2\/media?parent=1251"}],"wp:term":[{"taxonomy":"product_brand","embeddable":true,"href":"https:\/\/omewa.online\/index.php\/wp-json\/wp\/v2\/product_brand?post=1251"},{"taxonomy":"product_cat","embeddable":true,"href":"https:\/\/omewa.online\/index.php\/wp-json\/wp\/v2\/product_cat?post=1251"},{"taxonomy":"product_tag","embeddable":true,"href":"https:\/\/omewa.online\/index.php\/wp-json\/wp\/v2\/product_tag?post=1251"}],"curies":[{"name":"wp","href":"https:\/\/api.w.org\/{rel}","templated":true}]}}