{"id":1249,"date":"2025-11-01T18:19:13","date_gmt":"2025-11-01T18:19:13","guid":{"rendered":"https:\/\/omewa.online\/?post_type=product&#038;p=1249"},"modified":"2025-11-26T01:33:50","modified_gmt":"2025-11-26T01:33:50","slug":"kem-chong-nang-ngua-nam-the-nature-book-han-quoc","status":"publish","type":"product","link":"https:\/\/omewa.online\/index.php\/product\/kem-chong-nang-ngua-nam-the-nature-book-han-quoc\/","title":{"rendered":"Kem Ch\u1ed1ng N\u1eafng Ng\u1eeba N\u00e1m The Nature Book H\u00e0n Qu\u1ed1c"},"content":{"rendered":"<h2 id=\"1._gioi_thieu_ve_kem_chong_nang_ngua_nm_the_nature_book_hn_quoc\">1. V\u00ec sao ph\u1ea3i s\u1eed d\u1ee5ng kem ch\u1ed1ng n\u1eafng<\/h2>\n<p>Nh\u1eefng nghi\u00ean c\u1ee9u \u0111\u00e3 ch\u1ec9 ra, \u00e1nh n\u1eafng ch\u1ec9 l\u00e0 m\u1ed9t trong r\u1ea5t nhi\u1ec1u nguy\u00ean nh\u00e2n g\u00e2y n\u00ean v\u1ea5n \u0111\u1ec1 l\u00e3o ho\u00e1 m\u00f4i tr\u01b0\u1eddng. Mu\u1ed1n ng\u0103n c\u1ea3n t\u00ecnh tr\u1ea1ng da tr\u1edf n\u00ean x\u1ec9n m\u00e0u, th\u00e2m n\u00e1m, m\u1ea5t \u0111i s\u1ef1 t\u01b0\u01a1i t\u1eafn, r\u1ea1ng r\u1ee1, b\u1ea1n c\u1ea7n th\u1eadt s\u1ef1 quan t\u00e2m \u0111\u1ebfn vi\u1ec7c b\u1ea3o v\u1ec7 l\u00e0n da m\u1ed9t c\u00e1ch to\u00e0n di\u1ec7n.<\/p>\n<p>Kem ch\u1ed1ng n\u1eafng\u00a0ng\u1eeba n\u00e1m The Nature Book H\u00e0n Qu\u1ed1c ch\u00ednh l\u00e0 \u201cchi\u1ebfc k\u00e9n\u201d b\u1ea3o v\u1ec7 ho\u00e0n h\u1ea3o nh\u1ea5t cho l\u00e0n da b\u1ea1n kh\u1ecfi 5 t\u00e1c \u0111\u1ed9ng nguy hi\u1ec3m nh\u1ea5t t\u1eeb m\u00f4i tr\u01b0\u1eddng: UVA, UVB, \u00e1nh s\u00e1ng xanh, \u00f4 nhi\u1ec5m m\u00f4i tr\u01b0\u1eddng, tia h\u1ed3ng ngo\u1ea1i.<\/p>\n<p>S\u1ea3n ph\u1ea9m Kem ch\u1ed1ng n\u1eafng ng\u1eeba n\u00e1m The Nature Book H\u00e0n Qu\u1ed1c \u0111\u01b0\u1ee3c \u0111\u00e1nh gi\u00e1 cao v\u1ec1 ch\u1ea5t l\u01b0\u1ee3ng, gi\u00e1 th\u00e0nh h\u1ee3p l\u00fd, ph\u00f9 h\u1ee3p v\u1edbi \u0111i\u1ec1u ki\u1ec7n c\u1ee7a h\u1ea7u h\u1ebft ng\u01b0\u1eddi.<\/p>\n<p><img fetchpriority=\"high\" decoding=\"async\" class=\"alignnone size-full wp-image-27920 aligncenter\" src=\"https:\/\/omewa.online\/wp-content\/uploads\/2025\/04\/omewa-dac-diem-kem-chong-nang-ngua-nam-the-nature-book.jpg\" alt=\"\" width=\"640\" height=\"480\" \/><\/p>\n<h2 id=\"2._thnh_phan_cua_kem_chong_nang_ngua_nm_the_nature_book_hn_quoc\">2. Th\u00e0nh Ph\u1ea7n Chi\u1ebft Xu\u1ea5t<\/h2>\n<p>Kem ch\u1ed1ng n\u1eafng\u00a0ng\u1eeba n\u00e1m The Nature Book H\u00e0n Qu\u1ed1c\u00a0l\u00e0\u00a0kem ch\u1ed1ng n\u1eafng\u00a0v\u1edbi c\u00e1c th\u00e0nh ph\u1ea7n c\u00f3 ngu\u1ed3n g\u1ed1c thi\u00ean nhi\u00ean, kh\u00f4ng g\u00e2y k\u00edch \u1ee9ng da, mang l\u1ea1i nhi\u1ec1u l\u1ee3i \u00edch v\u01b0\u1ee3t tr\u1ed9i.<\/p>\n<ul>\n<li>Oxit k\u1ebdm: L\u00e0 m\u1ed9t th\u00e0nh ph\u1ea7n \u0111\u1ea1i di\u1ec7n c\u1ee7a kem ch\u1ed1ng n\u1eafng v\u1eadt l\u00fd, kh\u00f4ng g\u00e2y k\u00edch \u1ee9ng, r\u1ea5t t\u1ed1t cho da nh\u1ea1y c\u1ea3m ho\u1eb7c nh\u1ea1y c\u1ea3m, gi\u00fap b\u00e0o v\u1ec7 v\u00e0 l\u00e0m d\u1ecbu da<\/li>\n<li>Titanium Dioxide: Th\u00e0nh ph\u1ea7n gi\u00fap\u00a0ng\u0103n ch\u1eb7n tia c\u1ef1c t\u00edm, ng\u0103n ng\u1eeba da b\u1ecb t\u1ed5n th\u01b0\u01a1ng gi\u00fap da ch\u1ed1ng l\u00e3o h\u00f3a.\u00a0R\u1ea5t kh\u00f4ng c\u00f3 nguy c\u01a1 g\u00e2y d\u1ecb \u1ee9ng.\u00a0N\u00f3 c\u00f3 t\u00e1c d\u1ee5ng hi\u1ec7p \u0111\u1ed3ng khi d\u00f9ng v\u1edbi k\u1ebdm oxit.<\/li>\n<li>Ethylhexyl Methoxycinnamate: Th\u00e0nh ph\u1ea7n ch\u1ed1ng tia UV h\u00f2a tan trong ch\u1ea5t b\u00e9o. Hi\u1ec7u qu\u1ea3 \u0111\u1ec3 ng\u0103n ch\u1eb7n tia UVB g\u00e2y ra c\u00e1c \u0111\u1ed1m v\u00e0 s\u1ef1 \u0111\u1ed5i m\u00e0u c\u1ee7a da v\u00e0 c\u00f3 t\u00e1c d\u1ee5ng ch\u1ed1ng l\u00e3o h\u00f3a.<\/li>\n<li>Sodium Hyaluronate (Natri Hyaluronate): C\u1ea5p \u1ea9m, gi\u1eef n\u01b0\u1edbc cho da, gi\u00fap da lu\u00f4n c\u0103ng m\u1ecdng, tr\u1ebb trung v\u00e0 \u0111\u00e0n h\u1ed3i t\u1ed1t<\/li>\n<li>Betaine: L\u00e0 trimethylglycine chi\u1ebft xu\u1ea5t t\u1eeb \u200b\u200br\u1ec5 c\u00e2y m\u00eda, l\u00e0 m\u1ed9t th\u00e0nh ph\u1ea7n d\u01b0\u1ee1ng \u1ea9m c\u00f3 kh\u1ea3 n\u0103ng th\u00e2m nh\u1eadp v\u00e0o t\u1ebf b\u00e0o da tuy\u1ec7t v\u1eddi. C\u00f3 t\u00e1c d\u1ee5ng d\u01b0\u1ee1ng \u1ea9m m\u1ea1nh h\u01a1n glycerin v\u00e0 c\u00f3 t\u00e1c d\u1ee5ng l\u00e0m d\u1ecbu da v\u00e0 d\u01b0\u1ee1ng \u1ea9m r\u1ea5t cao. Ki\u1ec3m so\u00e1t l\u00fd t\u01b0\u1edfng l\u01b0\u1ee3ng d\u1ea7u v\u00e0 c\u00e2n b\u1eb1ng \u0111\u1ed9 \u1ea9m c\u1ee7a da \u0111\u1ec3 ng\u0103n ng\u1eeba kh\u00f4 da.<\/li>\n<li>Tocopheryl Acetate: c\u00f3 t\u00e1c d\u1ee5ng ch\u1ed1ng oxy h\u00f3a l\u00e0m ch\u1eadm ho\u1eb7c ng\u0103n ng\u1eeba c\u00e1c t\u1ed5n th\u01b0\u01a1ng da nh\u01b0 ban \u0111\u1ecf v\u00e0 n\u1ebfp nh\u0103n, do th\u01b0\u1eddng xuy\u00ean ti\u1ebfp x\u00fac v\u1edbi m\u00f4i tr\u01b0\u1eddng h\u00f3a h\u1ecdc v\u00e0 v\u1eadt l\u00fd nh\u01b0 tia c\u1ef1c t\u00edm g\u00e2y ra t\u1ed5n th\u01b0\u01a1ng oxy h\u00f3a cho da. Gi\u00fap ph\u1ee5c h\u1ed3i ch\u1ee9c n\u0103ng c\u1ee7a c\u00e1c t\u1ebf b\u00e0o, ch\u1eefa l\u00e0nh c\u00e1c k\u00edch \u1ee9ng, v\u00e0 gi\u1eef c\u00e2n b\u1eb1ng l\u1edbp bi\u1ec3u b\u00ec c\u1ee7a da, ng\u0103n ch\u1eb7n s\u1ef1 bay h\u01a1i n\u01b0\u1edbc.<\/li>\n<li>Chi\u1ebft xu\u1ea5t tr\u00e0 xanh [Camellia Sinensis Leaf Extract]: T\u00e1c d\u1ee5ng d\u01b0\u1ee1ng \u1ea9m da, d\u01b0\u1ee1ng da hi\u1ec7u qu\u1ea3. Ch\u1ee9a nhi\u1ec1u vitamin E, lecithin v\u00e0 c\u00e1c axit b\u00e9o kh\u00f4ng b\u00e3o h\u00f2a thi\u1ebft y\u1ebfu, c\u00f3 t\u00e1c d\u1ee5ng l\u00e0m m\u1ec1m v\u00e0 b\u1ea3o v\u1ec7 da. B\u1ea3o v\u1ec7 v\u00e0 c\u1ea3i thi\u1ec7n l\u00e0n da c\u1ee7a ng\u01b0\u1eddi gi\u00e0 b\u1eb1ng c\u00e1ch cung c\u1ea5p dinh d\u01b0\u1ee1ng v\u00e0 duy tr\u00ec \u0111\u1ed9 \u1ea9m cho da.<\/li>\n<\/ul>\n<p><img decoding=\"async\" class=\"alignnone size-full wp-image-27924 aligncenter\" src=\"https:\/\/omewa.online\/wp-content\/uploads\/2025\/04\/omewa-thanh-phan-cua-kem-chong-nang-ngua-nam-the-nature-book.jpg\" alt=\"\" width=\"640\" height=\"480\" \/><\/p>\n<h2 id=\"3._cng_dung_cua_kem_chong_nang_ngua_nm_the_nature_book_hn_quoc\">3. C\u00f4ng D\u1ee5ng Ch\u00ednh<\/h2>\n<p>Kem ch\u1ed1ng n\u1eafng ng\u1eeba n\u00e1m The Nature Book H\u00e0n Qu\u1ed1c l\u00e0 gi\u1ea3i ph\u00e1p b\u1ea3o v\u1ec7 l\u00e0n da m\u1ed9t c\u00e1ch ho\u00e0n h\u1ea3o, s\u1ea3n ph\u1ea9m \u0111em l\u1ea1i c\u00e1c c\u00f4ng dung tuy\u1ec7t v\u1eddi nh\u01b0:<\/p>\n<ul>\n<li>Gi\u00fap c\u1ea3i thi\u1ec7n l\u00e0n da x\u1ec9n m\u00e0u, th\u00e2m n\u00e1m, tr\u1ea3 l\u1ea1i v\u1ebb t\u01b0\u01a1i t\u1eafn, r\u1ea1ng r\u1ee1 cho l\u00e0n da c\u1ee7a b\u1ea1n.<\/li>\n<li>Ng\u0103n ch\u1eb7n tia c\u1ef1c t\u00edm UVA, UVB c\u00f9ng l\u00fac.<\/li>\n<li>Kem ch\u1ed1ng n\u1eafng hi\u1ec7u qu\u1ea3 \u0111\u1ec3 ng\u0103n ng\u1eeba c\u00e1c \u0111\u1ed1m khi s\u1eed d\u1ee5ng li\u00ean t\u1ee5c.<\/li>\n<li>Kem ch\u1ed1ng n\u1eafng c\u00f3 t\u00e1c d\u1ee5ng l\u00e0m tr\u1eafng gi\u00fap l\u00e0m tr\u1eafng da (Niacin-Namaed).<\/li>\n<li>C\u00e1c th\u00e0nh ph\u1ea7n nh\u01b0 d\u1ecbch l\u1ecdc ch\u1ea5t nh\u1ea7y \u1ed1c s\u00ean, chi\u1ebft xu\u1ea5t v\u1ecf c\u00e2y d\u00e2u t\u1eb1m, chi\u1ebft xu\u1ea5t tr\u00e0 xanh, glycerin gi\u00fap ng\u0103n ng\u1eeba t\u00ecnh tr\u1ea1ng kh\u00f4 r\u00e1p da hi\u1ec7u qu\u1ea3.<\/li>\n<li>D\u01b0\u1ee1ng \u1ea9m cho da nh\u1ea1y c\u1ea3m n\u00ean \u00edt b\u00f3ng hay b\u1ebft d\u00ednh, t\u1ea1o c\u1ea3m gi\u00e1c s\u1ea3ng kho\u00e1i v\u00e0 kh\u00f4ng d\u1ec5 b\u1ecb tr\u00f4i b\u1edfi m\u1ed3 h\u00f4i hay n\u01b0\u1edbc.<\/li>\n<\/ul>\n<p><img decoding=\"async\" class=\"alignnone size-full wp-image-27919 aligncenter\" src=\"https:\/\/omewa.online\/wp-content\/uploads\/2025\/04\/omewa-cong-dung-cua-kem-chong-nang-ngua-nam-the-nature-book.jpg\" alt=\"\" width=\"640\" height=\"480\" \/><\/p>\n<h2 id=\"4._huong_dan_su_dung_kem_chong_nang_ngua_nm_the_nature_book_hn_quoc\">4. H\u01b0\u1edbng D\u1eabn S\u1eed D\u1ee5ng<\/h2>\n<h3>C\u00e1ch s\u1eed d\u1ee5ng:<\/h3>\n<ul>\n<li>L\u1ea5y m\u1ed9t l\u01b0\u1ee3ng v\u1eeba \u0111\u1ee7\u00a0Kem ch\u1ed1ng n\u1eafng ng\u1eeba n\u00e1m The Nature Book H\u00e0n Qu\u1ed1c, thoa \u0111\u1ec1u l\u00ean c\u1ea3 v\u00f9ng m\u1eb7t v\u00e0 c\u01a1 th\u1ec3.<\/li>\n<li>Thoa\u00a0s\u1ea3n ph\u1ea9m\u00a0tr\u01b0\u1edbc khi ra ngo\u00e0i n\u1eafng 20 ph\u00fat.<\/li>\n<li>N\u00ean thoa l\u1ea1i kem sau khi b\u01a1i l\u1ed9i ho\u1eb7c d\u00f9ng kh\u0103n\/gi\u1ea5y lau m\u1ed3 h\u00f4i.<\/li>\n<li>Thoa l\u1ea1i\u00a0Kem ch\u1ed1ng n\u1eafng ng\u1eeba n\u00e1m The Nature Book H\u00e0n Qu\u1ed1c sau 7- 8h<\/li>\n<\/ul>\n<h3>L\u01b0u \u00fd s\u1eed d\u1ee5ng:<\/h3>\n<ul>\n<li>\u0110\u00e2y l\u00e0\u00a0kem ch\u1ed1ng n\u1eafng\u00a0to\u00e0n th\u00e2n n\u00ean b\u1ea1n c\u00f3 th\u1ec3 d\u00f9ng cho c\u1ea3 da m\u1eb7t v\u00e0 c\u01a1 th\u1ec3.<\/li>\n<li>Sau khi b\u01a1i l\u1ed9i ho\u1eb7c d\u00f9ng kh\u0103n gi\u1ea5y lau m\u1ed3 h\u00f4i th\u00ec n\u00ean thoa l\u1ea1i\u00a0Kem ch\u1ed1ng n\u1eafng ng\u1eeba n\u00e1m The Nature Book H\u00e0n Qu\u1ed1c\u00a0m\u1ed9t l\u1ea7n.<\/li>\n<li>\u00a0B\u1ea3o qu\u1ea3n: N\u01a1i kh\u00f4 r\u00e1o, tho\u00e1ng m\u00e1t, tr\u00e1nh \u00e1nh n\u1eafng tr\u1ef1c ti\u1ebfp, n\u01a1i c\u00f3 nhi\u1ec7t \u0111\u1ed9 cao. Tr\u00e1nh xa t\u1ea7m tay tr\u1ebb em.<\/li>\n<\/ul>\n<p><img loading=\"lazy\" decoding=\"async\" class=\"alignnone size-full wp-image-27923 aligncenter\" src=\"https:\/\/omewa.online\/wp-content\/uploads\/2025\/04\/omewa-su-dung-kem-chong-nang-ngua-nam-the-nature-book.jpg\" alt=\"\" width=\"640\" height=\"480\" \/><\/p>\n<h2 id=\"5._cam_ket_v_bao_hnh_sua_rua_mat_tr_xanh_the_nature_book_hn_quoc\">6. Cam K\u1ebft T\u1eeb The Nature Book<\/h2>\n<ol>\n<li>Kem ch\u1ed1ng n\u1eafng ng\u1eeba n\u00e1m The Nature Book H\u00e0n Qu\u1ed1c S\u1ea1ch, An to\u00e0n, Hi\u1ec7u qu\u1ea3, v\u00e0 Ch\u1ea5t l\u01b0\u1ee3ng.<\/li>\n<li>Th\u00e2n thi\u1ec7n v\u1edbi m\u00f4i tr\u01b0\u1eddng, g\u1ea7n g\u0169i v\u1edbi \u0111\u1eddi s\u1ed1ng. \u0110\u1ea3m b\u1ea3o v\u00f2ng tu\u1ea7n ho\u00e0n b\u1ec1n v\u1eefng c\u1ee7a t\u1ef1 nhi\u00ean.<\/li>\n<li>\u0110\u01b0\u1ee3c s\u1ea3n xu\u1ea5t b\u1edfi 1 trong 3 nh\u00e0 m\u00e1y top \u0111\u1ea7u H\u00e0n Qu\u1ed1c v\u1ec1 nghi\u00ean c\u1ee9u v\u00e0 ph\u00e1t tri\u1ec3n c\u00e1c d\u00f2ng s\u1ea3n ph\u1ea9m chi\u1ebft xu\u1ea5t t\u1eeb thi\u00ean nhi\u00ean.<\/li>\n<li>L\u00e0 gi\u1ea3i ph\u00e1p l\u00e0m \u0111\u1eb9p hi\u1ec7u qu\u1ea3 v\u00e0 ti\u1ebft ki\u1ec7m<\/li>\n<li>S\u1eb5n s\u00e0ng chia s\u1ebb l\u1ee3i \u00edch v\u1edbi \u0111\u1ed1i t\u00e1c, kh\u00e1ch h\u00e0ng, v\u00e0 x\u00e3 h\u1ed9i<\/li>\n<\/ol>\n","protected":false},"excerpt":{"rendered":"<ul>\n<li><strong>C\u00f4ng d\u1ee5ng ch\u00ednh<\/strong>: B\u1ea3o v\u1ec7 l\u00e0n da t\u1ed1i \u01b0u, ng\u0103n ng\u1eeba h\u00ecnh th\u00e0nh c\u00e1c \u0111\u1ed1m n\u00e2u, n\u00e1m v\u00e0 c\u00e1c v\u1ea5n \u0111\u1ec1 l\u00e3o h\u00f3a do \u00e1nh n\u1eafng g\u00e2y n\u00ean. Kem c\u00f3 t\u00e1c d\u1ee5ng 5 trong 1 v\u1eeba ch\u1ed1ng n\u1eafng, ng\u1eeba n\u00e1m v\u1eeba c\u1ea5p \u1ea9m, ng\u0103n ng\u1eeba l\u00e3o h\u00f3a v\u00e0 gi\u1ea3m nguy c\u01a1 ch\u00e1y n\u1eafng cho da.<\/li>\n<li><strong>Dung t\u00edch<\/strong>: 50g<\/li>\n<li><strong>Th\u01b0\u01a1ng hi\u1ec7u<\/strong>:\u00a0The Nature Book<\/li>\n<li><strong>Xu\u1ea5t x\u1ee9<\/strong>: H\u00e0n Qu\u1ed1c<\/li>\n<\/ul>\n","protected":false},"featured_media":1316,"comment_status":"open","ping_status":"closed","template":"","meta":{"site-sidebar-layout":"default","site-content-layout":"","ast-site-content-layout":"default","site-content-style":"default","site-sidebar-style":"default","ast-global-header-display":"","ast-banner-title-visibility":"","ast-main-header-display":"","ast-hfb-above-header-display":"","ast-hfb-below-header-display":"","ast-hfb-mobile-header-display":"","site-post-title":"","ast-breadcrumbs-content":"","ast-featured-img":"","footer-sml-layout":"","theme-transparent-header-meta":"","adv-header-id-meta":"","stick-header-meta":"","header-above-stick-meta":"","header-main-stick-meta":"","header-below-stick-meta":"","astra-migrate-meta-layouts":"default","ast-page-background-enabled":"default","ast-page-background-meta":{"desktop":{"background-color":"var(--ast-global-color-5)","background-image":"","background-repeat":"repeat","background-position":"center center","background-size":"auto","background-attachment":"scroll","background-type":"","background-media":"","overlay-type":"","overlay-color":"","overlay-opacity":"","overlay-gradient":""},"tablet":{"background-color":"","background-image":"","background-repeat":"repeat","background-position":"center center","background-size":"auto","background-attachment":"scroll","background-type":"","background-media":"","overlay-type":"","overlay-color":"","overlay-opacity":"","overlay-gradient":""},"mobile":{"background-color":"","background-image":"","background-repeat":"repeat","background-position":"center center","background-size":"auto","background-attachment":"scroll","background-type":"","background-media":"","overlay-type":"","overlay-color":"","overlay-opacity":"","overlay-gradient":""}},"ast-content-background-meta":{"desktop":{"background-color":"var(--ast-global-color-4)","background-image":"","background-repeat":"repeat","background-position":"center center","background-size":"auto","background-attachment":"scroll","background-type":"","background-media":"","overlay-type":"","overlay-color":"","overlay-opacity":"","overlay-gradient":""},"tablet":{"background-color":"var(--ast-global-color-4)","background-image":"","background-repeat":"repeat","background-position":"center center","background-size":"auto","background-attachment":"scroll","background-type":"","background-media":"","overlay-type":"","overlay-color":"","overlay-opacity":"","overlay-gradient":""},"mobile":{"background-color":"var(--ast-global-color-4)","background-image":"","background-repeat":"repeat","background-position":"center center","background-size":"auto","background-attachment":"scroll","background-type":"","background-media":"","overlay-type":"","overlay-color":"","overlay-opacity":"","overlay-gradient":""}}},"product_brand":[122],"product_cat":[299,18,298,19,17,121,291],"product_tag":[],"class_list":{"0":"post-1249","1":"product","2":"type-product","3":"status-publish","4":"has-post-thumbnail","6":"product_brand-nature-book","7":"product_cat-bo-san-pham-lam-dep","8":"product_cat-cham-soc-da-mat","9":"product_cat-cham-soc-da-mat-sac-dep","10":"product_cat-duong-da","11":"product_cat-my-pham","12":"product_cat-nature-book","13":"product_cat-sac-dep","14":"desktop-align-left","15":"tablet-align-left","16":"mobile-align-left","18":"first","19":"instock","20":"sale","21":"taxable","22":"shipping-taxable","23":"purchasable","24":"product-type-simple"},"_links":{"self":[{"href":"https:\/\/omewa.online\/index.php\/wp-json\/wp\/v2\/product\/1249","targetHints":{"allow":["GET"]}}],"collection":[{"href":"https:\/\/omewa.online\/index.php\/wp-json\/wp\/v2\/product"}],"about":[{"href":"https:\/\/omewa.online\/index.php\/wp-json\/wp\/v2\/types\/product"}],"replies":[{"embeddable":true,"href":"https:\/\/omewa.online\/index.php\/wp-json\/wp\/v2\/comments?post=1249"}],"wp:featuredmedia":[{"embeddable":true,"href":"https:\/\/omewa.online\/index.php\/wp-json\/wp\/v2\/media\/1316"}],"wp:attachment":[{"href":"https:\/\/omewa.online\/index.php\/wp-json\/wp\/v2\/media?parent=1249"}],"wp:term":[{"taxonomy":"product_brand","embeddable":true,"href":"https:\/\/omewa.online\/index.php\/wp-json\/wp\/v2\/product_brand?post=1249"},{"taxonomy":"product_cat","embeddable":true,"href":"https:\/\/omewa.online\/index.php\/wp-json\/wp\/v2\/product_cat?post=1249"},{"taxonomy":"product_tag","embeddable":true,"href":"https:\/\/omewa.online\/index.php\/wp-json\/wp\/v2\/product_tag?post=1249"}],"curies":[{"name":"wp","href":"https:\/\/api.w.org\/{rel}","templated":true}]}}