{"id":1248,"date":"2025-11-01T18:19:13","date_gmt":"2025-11-01T18:19:13","guid":{"rendered":"https:\/\/omewa.online\/?post_type=product&#038;p=1248"},"modified":"2025-11-26T01:33:50","modified_gmt":"2025-11-26T01:33:50","slug":"gel-tay-da-chet-muoi-hong-himalaya-the-nature-book-han-quoc","status":"publish","type":"product","link":"https:\/\/omewa.online\/index.php\/product\/gel-tay-da-chet-muoi-hong-himalaya-the-nature-book-han-quoc\/","title":{"rendered":"Gel T\u1ea9y Da Ch\u1ebft Mu\u1ed1i H\u1ed3ng Himalaya The Nature Book H\u00e0n Qu\u1ed1c"},"content":{"rendered":"<h2><strong>GEL T\u1ea8Y T\u1ebe B\u00c0O CH\u1ebeT MU\u1ed0I H\u1ed2NG THE NATURE BOOK<\/strong><br \/>\n<strong>Himalaya Pink Salt Peeling Gel<\/strong><\/h2>\n<hr \/>\n<div align=\"center\">\n<h2><strong>C\u00d4NG D\u1ee4NG T\u1ea8Y T\u1ebe B\u00c0O CH\u1ebeT DA M\u1eb6T THE NATURE BOOK<\/strong><\/h2>\n<h2><span style=\"color: #333333; font-size: 16px;\">S\u1ea3n ph\u1ea9m n\u00e0y \u0111\u01b0\u1ee3c thi\u1ebft k\u1ebf \u0111\u1ec3 lo\u1ea1i b\u1ecf t\u1ebf b\u00e0o da ch\u1ebft m\u1ed9t c\u00e1ch hi\u1ec7u qu\u1ea3, gi\u00fap t\u00e1i t\u1ea1o da v\u00e0 l\u00e0m cho l\u00e0n da tr\u1edf n\u00ean m\u1ecbn m\u00e0ng h\u01a1n.<\/span><\/h2>\n<\/div>\n<p><img fetchpriority=\"high\" decoding=\"async\" class=\"alignnone size-full wp-image-29237 aligncenter\" src=\"https:\/\/omewa.online\/wp-content\/uploads\/2025\/04\/omewa-untitled1-1.png\" alt=\"\" width=\"900\" height=\"960\" \/><\/p>\n<p><strong>C\u00f4ng d\u1ee5ng v\u01b0\u1ee3t tr\u1ed9i:<\/strong><\/p>\n<p><strong>\u2705 T\u1ea8Y T\u1ebe B\u00c0O CH\u1ebeT<\/strong><br \/>\nS\u1ea3n ph\u1ea9m \u0111\u01b0\u1ee3c t\u1ea1o ra \u0111\u1ec3 lo\u1ea1i b\u1ecf l\u1edbp t\u1ebf b\u00e0o da ch\u1ebft tr\u00ean b\u1ec1 m\u1eb7t da m\u1ed9t c\u00e1ch hi\u1ec7u qu\u1ea3. \u0110i\u1ec1u n\u00e0y gi\u00fap da \u0111\u01b0\u1ee3c t\u00e1i t\u1ea1o tr\u1edf n\u00ean m\u1ecbn m\u00e0ng h\u01a1n v\u00e0 gi\u1ea3m \u0111i c\u00e1c v\u1ebft s\u1ea7n, kh\u00f4, ho\u1eb7c t\u1ed1i m\u00e0u.<\/p>\n<p><strong>\u2705 CH\u1ed0NG OXI H\u00d3A<\/strong><br \/>\nS\u1ea3n ph\u1ea9m c\u00f3 ch\u1ee9a c\u00e1c th\u00e0nh ph\u1ea7n nh\u01b0 chi\u1ebft xu\u1ea5t l\u00e1 tr\u00e0 Camellia Sinensis (tr\u00e0 xanh). Ch\u1ed1ng oxi h\u00f3a gi\u00fap b\u1ea3o v\u1ec7 da kh\u1ecfi t\u00e1c \u0111\u1ed9ng c\u1ee7a c\u00e1c g\u1ed1c t\u1ef1 do, ng\u0103n ng\u1eeba l\u00e3o h\u00f3a da v\u00e0 b\u1ea3o v\u1ec7 da kh\u1ecfi t\u00e1c nh\u00e2n g\u00e2y h\u1ea1i t\u1eeb m\u00f4i tr\u01b0\u1eddng.<\/p>\n<p><strong>\u2705 C\u1ea2I THI\u1ec6N T\u00ccNH TR\u1ea0NG M\u1ee4N<\/strong><br \/>\nH\u1ed7 tr\u1ee3 gi\u1ea3m m\u1ee5n v\u00e0 l\u00e0m ch\u1eadm qu\u00e1 tr\u00ecnh l\u00e3o h\u00f3a da. C\u00f3 kh\u1ea3 n\u0103ng thu nh\u1ecf l\u1ed7 ch\u00e2n l\u00f4ng v\u00e0 ng\u0103n ng\u1eeba tri\u1ec7t h\u1ea1 vi khu\u1ea9n g\u00e2y m\u1ee5n, gi\u00fap da tr\u1edf n\u00ean s\u1ea1ch s\u1ebd, m\u1ecbn m\u00e0ng h\u01a1n.<\/p>\n<p><strong>\u2705 C\u00c2N B\u1eb0NG PH CHO DA<\/strong><br \/>\nMu\u1ed1i H\u1ed3ng Himalaya c\u00f3 kh\u1ea3 n\u0103ng c\u00e2n b\u1eb1ng \u0111\u1ed9 pH trong c\u01a1 th\u1ec3 v\u00e0 da, gi\u00fap da tr\u1edf n\u00ean kh\u1ecfe m\u1ea1nh v\u00e0 gi\u1ea3m c\u0103ng th\u1eb3ng hi\u1ec7u qu\u1ea3.<\/p>\n<p><strong>\u2705 T\u0102NG \u0110\u1ed8 \u0110\u00c0N H\u1ed2I &amp; TR\u1eaeNG H\u1ed2NG T\u1ef0 NHI\u00caN<\/strong><br \/>\nS\u1ea3n ph\u1ea9m h\u1ee9a h\u1eb9n gi\u00fap da tr\u1edf n\u00ean s\u00e1ng b\u00f3ng v\u00e0 tr\u1eafng m\u1ecbn h\u1ed3ng h\u00e0o, mang l\u1ea1i cho b\u1ea1n m\u1ed9t l\u00e0n da kh\u1ecfe m\u1ea1nh, t\u01b0\u01a1i s\u00e1ng.<\/p>\n<p>&nbsp;<\/p>\n<div align=\"center\">\n<h2><strong>TH\u00c0NH PH\u1ea6N T\u1ea8Y T\u1ebe B\u00c0O CH\u1ebeT DA M\u1eb6T THE NATURE BOOK<\/strong><\/h2>\n<\/div>\n<p><a href=\"https:\/\/myphamhera.com\/san-pham\/gel-tay-de-chet-muoi-hong-himalaya-the-nature-book\"><b>Gel t\u1ea9y t\u1ebf b\u00e0o ch\u1ebft da m\u1eb7t The Nature Book\u00a0<\/b><\/a>\u0111em \u0111\u1ebfn s\u1ef1 kh\u00e1c bi\u1ec7t \u0111\u00e1ng ch\u00fa \u00fd nh\u1edd v\u00e0o c\u00e1c th\u00e0nh ph\u1ea7n 100% t\u1eeb thi\u00ean nhi\u00ean, \u0111\u1ea3m b\u1ea3o ch\u1ea5t l\u01b0\u1ee3ng, cam k\u1ebft kh\u00f4ng ch\u1ee9a c\u00e1c ch\u1ea5t g\u00e2y h\u1ea1i, v\u00f4 c\u00f9ng an to\u00e0n v\u00e0 l\u00e0nh t\u00ednh, v\u00ec v\u1eady m\u00e0 b\u1ea1n c\u00f3 th\u1ec3 y\u00ean t\u00e2m s\u1eed d\u1ee5ng m\u1ed7i ng\u00e0y.<\/p>\n<p><img decoding=\"async\" class=\"alignnone size-full wp-image-29238 aligncenter\" src=\"https:\/\/omewa.online\/wp-content\/uploads\/2025\/04\/omewa-untitled-4.png\" alt=\"\" width=\"898\" height=\"843\" \/><\/p>\n<p><strong>Th\u00e0nh ph\u1ea7n \u0111\u1eb7c bi\u1ec7t:<\/strong><\/p>\n<ul>\n<li><strong>Mu\u1ed1i h\u1ed3ng Himalaya:<\/strong>\u00a0Mu\u1ed1i h\u1ed3ng Himalaya n\u1ed5i ti\u1ebfng v\u1edbi kh\u1ea3 n\u0103ng l\u00e0m s\u1ea1ch da, t\u1ea1o \u0111\u1ed9 m\u1ec1m m\u1ecbn v\u00e0 gi\u00fap da tr\u1edf n\u00ean s\u00e1ng h\u01a1n. C\u00f3 kh\u1ea3 n\u0103ng c\u00e2n b\u1eb1ng \u0111\u1ed9 pH cho da.<\/li>\n<li><strong>Chi\u1ebft xu\u1ea5t c\u00e2y ph\u1ec9:\u00a0<\/strong>Chi\u1ebft xu\u1ea5t t\u1eeb c\u00e2y Ph\u1ec9 gi\u00fap gi\u1ea3m m\u1ee5n hi\u1ec7u qu\u1ea3, l\u00e0m ch\u1eadm qu\u00e1 tr\u00ecnh l\u00e3o h\u00f3a da, v\u00e0 thu nh\u1ecf l\u1ed7 ch\u00e2n l\u00f4ng. \u0110i\u1ec1u n\u00e0y l\u00e0m cho da tr\u1edf n\u00ean m\u1ecbn m\u00e0ng v\u00e0 s\u0103n ch\u1eafc h\u01a1n.<\/li>\n<li><strong>Chi\u1ebft xu\u1ea5t l\u00e1 tr\u00e0 Camellia Sinensis:<\/strong>\u00a0L\u00e1 tr\u00e0 Camellia Sinensis ch\u1ee9a nhi\u1ec1u ch\u1ea5t ch\u1ed1ng oxi h\u00f3a, gi\u00fap b\u1ea3o v\u1ec7 da kh\u1ecfi t\u00e1c \u0111\u1ed9ng x\u1ea5u t\u1eeb m\u00f4i tr\u01b0\u1eddng, ch\u1ed1ng l\u00e3o h\u00f3a da v\u00e0 ng\u0103n ng\u1eeba m\u1ee5n.<\/li>\n<li><strong>Chi\u1ebft xu\u1ea5t qu\u1ea3 l\u1ef1u:<\/strong>\u00a0Th\u00e0nh ph\u1ea7n n\u00e0y ch\u1ee9a nhi\u1ec1u vitamin c\u00f3 l\u1ee3i cho da nh\u01b0 vitamin A, C, E, c\u00f9ng c\u00e1c h\u1ee3p ch\u1ea5t nh\u01b0 Punicalagins v\u00e0 Axit Punici, gi\u00fap l\u00e0m da tr\u1edf n\u00ean kh\u1ecfe m\u1ea1nh, m\u1ecbn m\u00e0ng v\u00e0 \u0111\u1ea7y s\u1ee9c s\u1ed1ng.<\/li>\n<\/ul>\n<p>&nbsp;<\/p>\n<div align=\"center\">\n<h2><strong>H\u01af\u1edaNG D\u1eaaN S\u1eec D\u1ee4NG T\u1ea8Y T\u1ebe B\u00c0O CH\u1ebeT DA M\u1eb6T THE NATURE BOOK<\/strong><\/h2>\n<\/div>\n<p><strong>C\u00e1ch d\u00f9ng:<\/strong><\/p>\n<ul>\n<li><em><strong>B\u01b0\u1edbc 1:\u00a0<\/strong><\/em>Sau khi m\u1eb7t kh\u00f4 r\u00e1o<\/li>\n<li><em><strong>B\u01b0\u1edbc 2:<\/strong><\/em>\u00a0L\u1ea5y m\u1ed9t l\u01b0\u1ee3ng gel v\u1eeba \u0111\u0169 v\u00e0 massage nh\u1eb9 nh\u00e0ng tr\u00ean khu\u00f4n m\u1eb7t t\u1eeb 3-4 ph\u00fat, r\u1eefa s\u1ea1ch l\u1ea1i v\u1edbi n\u01b0\u1edbc \u1ea5m.<\/li>\n<\/ul>\n<p><img decoding=\"async\" class=\"alignnone size-full wp-image-29234 aligncenter\" src=\"https:\/\/omewa.online\/wp-content\/uploads\/2025\/04\/omewa-untitled2.png\" alt=\"\" width=\"897\" height=\"871\" \/><\/p>\n<p><strong>Li\u1ec7u tr\u00ecnh:<\/strong><\/p>\n<ul>\n<li>S\u1eed d\u1ee5ng li\u00ean t\u1ee5c t\u1eeb 1 \u0111\u1ebfn 3 th\u00e1ng \u0111\u1ec3 \u0111\u1ea1t hi\u1ec7u qu\u1ea3 t\u1ed1t nh\u1ea5t.<\/li>\n<\/ul>\n<p><strong>\u0110\u1ed1i t\u01b0\u1ee3ng s\u1eed d\u1ee5ng:<\/strong><\/p>\n<ul>\n<li>Da d\u1ea7u ho\u1eb7c da h\u1ed7n h\u1ee3p<\/li>\n<li>Da t\u1ed1i m\u00e0u ho\u1eb7c da kh\u00f4ng \u0111\u1ec1u m\u00e0u<\/li>\n<li>Da c\u00f3 t\u00ecnh tr\u1ea1ng m\u1ee5n<\/li>\n<li>Da l\u00e3o h\u00f3a<\/li>\n<li>Da nh\u1ea1y c\u1ea3m<\/li>\n<\/ul>\n<p><strong>L\u01b0u \u00fd:<\/strong><\/p>\n<ul>\n<li>S\u1ea3n ph\u1ea9m kh\u00f4ng ph\u1ea3i l\u00e0 thu\u1ed1c v\u00e0 kh\u00f4ng thay th\u1ebf thu\u1ed1c ch\u1eefa b\u1ec7nh.<\/li>\n<li>Hi\u1ec7u qu\u1ea3 s\u1ea3n ph\u1ea9m c\u00f2n t\u00f9y thu\u1ed9c v\u00e0o c\u01a1 \u0111\u1ecba m\u1ed7i ng\u01b0\u1eddi.<\/li>\n<li>\u0110\u1ec3 xa t\u1ea7m tay tr\u1ebb em, n\u01a1i kh\u00f4 r\u00e1o, tho\u00e1ng m\u00e1t, tr\u00e1nh \u00e1nh n\u1eafng tr\u1ef1c ti\u1ebfp.<\/li>\n<li>K\u1ebft h\u1ee3p th\u00eam c\u00e1c s\u1ea3n ph\u1ea9m kh\u00e1c c\u1ee7a\u00a0<a href=\"https:\/\/myphamhera.com\/danh-muc\/thuong-hieu\/nhat-kim-anh\"><b>The Nature Book\u00a0<\/b><\/a>\u0111\u1ec3 \u0111\u1ea1t hi\u1ec7u qu\u1ea3 cao nh\u1ea5t<\/li>\n<\/ul>\n","protected":false},"excerpt":{"rendered":"<p><strong>Th\u00e0nh ph\u1ea7n \u0111\u1eb7c bi\u1ec7t:<\/strong><\/p>\n<ul>\n<li><strong>Mu\u1ed1i h\u1ed3ng Himalaya:<\/strong>\u00a0Mu\u1ed1i h\u1ed3ng Himalaya n\u1ed5i ti\u1ebfng v\u1edbi kh\u1ea3 n\u0103ng l\u00e0m s\u1ea1ch da, t\u1ea1o \u0111\u1ed9 m\u1ec1m m\u1ecbn v\u00e0 gi\u00fap da tr\u1edf n\u00ean s\u00e1ng h\u01a1n. C\u00f3 kh\u1ea3 n\u0103ng c\u00e2n b\u1eb1ng \u0111\u1ed9 pH cho da.<\/li>\n<li><strong>Chi\u1ebft xu\u1ea5t c\u00e2y ph\u1ec9:\u00a0<\/strong>Chi\u1ebft xu\u1ea5t t\u1eeb c\u00e2y Ph\u1ec9 gi\u00fap gi\u1ea3m m\u1ee5n hi\u1ec7u qu\u1ea3, l\u00e0m ch\u1eadm qu\u00e1 tr\u00ecnh l\u00e3o h\u00f3a da, v\u00e0 thu nh\u1ecf l\u1ed7 ch\u00e2n l\u00f4ng. \u0110i\u1ec1u n\u00e0y l\u00e0m cho da tr\u1edf n\u00ean m\u1ecbn m\u00e0ng v\u00e0 s\u0103n ch\u1eafc h\u01a1n.<\/li>\n<li><strong>Chi\u1ebft xu\u1ea5t l\u00e1 tr\u00e0 Camellia Sinensis:<\/strong>\u00a0L\u00e1 tr\u00e0 Camellia Sinensis ch\u1ee9a nhi\u1ec1u ch\u1ea5t ch\u1ed1ng oxi h\u00f3a, gi\u00fap b\u1ea3o v\u1ec7 da kh\u1ecfi t\u00e1c \u0111\u1ed9ng x\u1ea5u t\u1eeb m\u00f4i tr\u01b0\u1eddng, ch\u1ed1ng l\u00e3o h\u00f3a da v\u00e0 ng\u0103n ng\u1eeba m\u1ee5n.<\/li>\n<li><strong>Chi\u1ebft xu\u1ea5t qu\u1ea3 l\u1ef1u:<\/strong>\u00a0Th\u00e0nh ph\u1ea7n n\u00e0y ch\u1ee9a nhi\u1ec1u vitamin c\u00f3 l\u1ee3i cho da nh\u01b0 vitamin A, C, E, c\u00f9ng c\u00e1c h\u1ee3p ch\u1ea5t nh\u01b0 Punicalagins v\u00e0 Axit Punici, gi\u00fap l\u00e0m da tr\u1edf n\u00ean kh\u1ecfe m\u1ea1nh, m\u1ecbn m\u00e0ng v\u00e0 \u0111\u1ea7y s\u1ee9c s\u1ed1ng.<\/li>\n<\/ul>\n<p>&nbsp;<\/p>\n","protected":false},"featured_media":1309,"comment_status":"open","ping_status":"closed","template":"","meta":{"site-sidebar-layout":"default","site-content-layout":"","ast-site-content-layout":"default","site-content-style":"default","site-sidebar-style":"default","ast-global-header-display":"","ast-banner-title-visibility":"","ast-main-header-display":"","ast-hfb-above-header-display":"","ast-hfb-below-header-display":"","ast-hfb-mobile-header-display":"","site-post-title":"","ast-breadcrumbs-content":"","ast-featured-img":"","footer-sml-layout":"","theme-transparent-header-meta":"","adv-header-id-meta":"","stick-header-meta":"","header-above-stick-meta":"","header-main-stick-meta":"","header-below-stick-meta":"","astra-migrate-meta-layouts":"default","ast-page-background-enabled":"default","ast-page-background-meta":{"desktop":{"background-color":"var(--ast-global-color-5)","background-image":"","background-repeat":"repeat","background-position":"center center","background-size":"auto","background-attachment":"scroll","background-type":"","background-media":"","overlay-type":"","overlay-color":"","overlay-opacity":"","overlay-gradient":""},"tablet":{"background-color":"","background-image":"","background-repeat":"repeat","background-position":"center center","background-size":"auto","background-attachment":"scroll","background-type":"","background-media":"","overlay-type":"","overlay-color":"","overlay-opacity":"","overlay-gradient":""},"mobile":{"background-color":"","background-image":"","background-repeat":"repeat","background-position":"center center","background-size":"auto","background-attachment":"scroll","background-type":"","background-media":"","overlay-type":"","overlay-color":"","overlay-opacity":"","overlay-gradient":""}},"ast-content-background-meta":{"desktop":{"background-color":"var(--ast-global-color-4)","background-image":"","background-repeat":"repeat","background-position":"center center","background-size":"auto","background-attachment":"scroll","background-type":"","background-media":"","overlay-type":"","overlay-color":"","overlay-opacity":"","overlay-gradient":""},"tablet":{"background-color":"var(--ast-global-color-4)","background-image":"","background-repeat":"repeat","background-position":"center center","background-size":"auto","background-attachment":"scroll","background-type":"","background-media":"","overlay-type":"","overlay-color":"","overlay-opacity":"","overlay-gradient":""},"mobile":{"background-color":"var(--ast-global-color-4)","background-image":"","background-repeat":"repeat","background-position":"center center","background-size":"auto","background-attachment":"scroll","background-type":"","background-media":"","overlay-type":"","overlay-color":"","overlay-opacity":"","overlay-gradient":""}}},"product_brand":[122],"product_cat":[299,18,298,17,121,291],"product_tag":[],"class_list":{"0":"post-1248","1":"product","2":"type-product","3":"status-publish","4":"has-post-thumbnail","6":"product_brand-nature-book","7":"product_cat-bo-san-pham-lam-dep","8":"product_cat-cham-soc-da-mat","9":"product_cat-cham-soc-da-mat-sac-dep","10":"product_cat-my-pham","11":"product_cat-nature-book","12":"product_cat-sac-dep","13":"desktop-align-left","14":"tablet-align-left","15":"mobile-align-left","17":"first","18":"instock","19":"sale","20":"taxable","21":"shipping-taxable","22":"purchasable","23":"product-type-simple"},"_links":{"self":[{"href":"https:\/\/omewa.online\/index.php\/wp-json\/wp\/v2\/product\/1248","targetHints":{"allow":["GET"]}}],"collection":[{"href":"https:\/\/omewa.online\/index.php\/wp-json\/wp\/v2\/product"}],"about":[{"href":"https:\/\/omewa.online\/index.php\/wp-json\/wp\/v2\/types\/product"}],"replies":[{"embeddable":true,"href":"https:\/\/omewa.online\/index.php\/wp-json\/wp\/v2\/comments?post=1248"}],"wp:featuredmedia":[{"embeddable":true,"href":"https:\/\/omewa.online\/index.php\/wp-json\/wp\/v2\/media\/1309"}],"wp:attachment":[{"href":"https:\/\/omewa.online\/index.php\/wp-json\/wp\/v2\/media?parent=1248"}],"wp:term":[{"taxonomy":"product_brand","embeddable":true,"href":"https:\/\/omewa.online\/index.php\/wp-json\/wp\/v2\/product_brand?post=1248"},{"taxonomy":"product_cat","embeddable":true,"href":"https:\/\/omewa.online\/index.php\/wp-json\/wp\/v2\/product_cat?post=1248"},{"taxonomy":"product_tag","embeddable":true,"href":"https:\/\/omewa.online\/index.php\/wp-json\/wp\/v2\/product_tag?post=1248"}],"curies":[{"name":"wp","href":"https:\/\/api.w.org\/{rel}","templated":true}]}}