{"id":1247,"date":"2025-11-01T18:19:13","date_gmt":"2025-11-01T18:19:13","guid":{"rendered":"https:\/\/omewa.online\/?post_type=product&#038;p=1247"},"modified":"2025-11-26T01:33:50","modified_gmt":"2025-11-26T01:33:50","slug":"sua-rua-mat-muoi-hong-himalaya-the-nature-book-han-quoc","status":"publish","type":"product","link":"https:\/\/omewa.online\/index.php\/product\/sua-rua-mat-muoi-hong-himalaya-the-nature-book-han-quoc\/","title":{"rendered":"S\u1eefa R\u1eeda M\u1eb7t Mu\u1ed1i H\u1ed3ng Himalaya The Nature Book H\u00e0n Qu\u1ed1c"},"content":{"rendered":"<div class=\"option-detail\">\n<h2>Th\u00f4ng tin s\u1ea3n ph\u1ea9m<\/h2>\n<\/div>\n<div class=\"content-detail\">\n<div class=\"detail_page\">\n<p>S\u1eefa r\u1eeda m\u1eb7t mu\u1ed1i h\u1ed3ng Himalaya lu\u00f4n l\u00e0 s\u1eefa r\u1eeda m\u1eb7t \u0111\u01b0\u1ee3c khuy\u00ean d\u00f9ng h\u00e0ng ng\u00e0y v\u00ec \u0111\u1ed9 d\u1ecbu nh\u1eb9 c\u0169ng nh\u01b0 kh\u1ea3 n\u0103ng l\u00e0m s\u1ea1ch da l\u00fd t\u01b0\u1edfng. V\u1edbi pH \u1edf m\u1ee9c t\u1ed1t ~ 5.5 nh\u1eb9 nh\u00e0ng l\u1ea5y \u0111i b\u1ee5i b\u1ea9n, d\u1ea7u th\u1eeba, t\u00e0n d\u01b0 c\u1ee7a l\u1edbp make up m\u00e0 kh\u00f4ng l\u00e0m t\u1ed5n h\u1ea1i \u0111\u1ebfn l\u1edbp m\u00e0ng \u1ea9m c\u1ee7a da. H\u1ea1n ch\u1ebf \u0111\u01b0\u1ee3c t\u00ecnh tr\u1ea1ng vi khu\u1ea9n x\u00e2m nh\u1eadp v\u00e0o da, tr\u00e1nh t\u00ecnh tr\u1ea1ng g\u00e2y m\u1ee5n v\u00e0 k\u00edch \u1ee9ng, da s\u1ea1ch nh\u01b0ng v\u1eabn m\u1ec1m, m\u1ecbn, kh\u00f4ng h\u1ec1 c\u00f3 c\u1ea3m gi\u00e1c c\u0103ng r\u00e1t nh\u01b0 khi s\u1eed d\u1ee5ng c\u00e1c lo\u1ea1i s\u1eefa r\u1eeda m\u1eb7t c\u00f3 \u0111\u1ed9 pH cao.<\/p>\n<p><img fetchpriority=\"high\" decoding=\"async\" src=\"https:\/\/thenaturebook.vn\/mediacenter\/media\/2640\/images\/339461700_215156894458133_6749489340284171005_n.jpg\" alt=\"\" width=\"900\" height=\"1125\" \/><\/p>\n<h2>Th\u00e0nh ph\u1ea7n ch\u00ednh<\/h2>\n<ul>\n<li>1000 ppm mu\u1ed1i h\u1ed3ng Himalaya: Lo\u1ea1i t\u1ebf b\u00e0o ch\u1ebft hi\u1ec7u qu\u1ea3, cho da m\u1ecbn m\u00e0ng, kh\u1ecfe m\u1ea1nh.<\/li>\n<li>Chi\u1ebft xu\u1ea5t l\u00e1 Camellia Sinensis: L\u00e0m d\u1ecbu da, lo\u1ea1i b\u1ecf t\u1ebf b\u00e0o ch\u1ebft v\u00e0 c\u00e2n b\u1eb1ng \u0111\u1ed9 \u1ea9m hi\u1ec7u qu\u1ea3<\/li>\n<li>Chi\u1ebft xu\u1ea5t tinh d\u1ea7u tr\u00e0m tr\u00e0 Melaleuca Alternifolia: Ch\u1ed1ng vi\u00eam, ng\u0103n ng\u1eeba m\u1ee5n tr\u1ee9ng c\u00e1<\/li>\n<li>Niacinamide v\u00e0 Arbutin: L\u00e0m tr\u1eafng da, t\u0103ng \u0111\u1ed9 \u0111\u00e0n h\u1ed3i cho da s\u0103n ch\u1eafc<\/li>\n<li>Brassica Campestris (Rapeseed) Extract: Ch\u1ed1ng l\u00e3o h\u00f3a v\u00e0 l\u00e0m tr\u1eafng da<\/li>\n<\/ul>\n<h2>C\u00f4ng d\u1ee5ng<\/h2>\n<ul>\n<li>L\u00e0m s\u1ea1ch da m\u1eb7t, gi\u00fap da m\u1eb7t \u0111\u01b0\u1ee3c th\u01b0 gi\u00e3n.<\/li>\n<li>Lo\u1ea1i b\u1ecf t\u1ebf b\u00e0o ch\u1ebft tr\u00ean da.<\/li>\n<li>Se kh\u00edt l\u1ed7 ch\u00e2n l\u00f4ng, lo\u1ea1i b\u1ecf m\u1ee5n \u0111\u1ea7u \u0111en.<\/li>\n<li>Ch\u1ed1ng vi\u00eam, ng\u0103n ng\u1eeba m\u1ee5n tr\u1edf l\u1ea1i<\/li>\n<li>D\u01b0\u1ee1ng tr\u1eafng da, c\u1ea5p \u1ea9m, ch\u1ed1ng l\u00e3o h\u00f3a.<\/li>\n<\/ul>\n<h2>H\u01b0\u1edbng d\u1eabn s\u1eed d\u1ee5ng<\/h2>\n<p>1. L\u1ea5y \u0111\u1ee7 b\u1ecdt v\u1edbi l\u01b0\u1ee3ng ph\u00f9 h\u1ee3p.<\/p>\n<p>2. Nh\u1eb9 nh\u00e0ng xoa quanh m\u1eb7t.<\/p>\n<p>3. R\u1eeda s\u1ea1ch b\u1eb1ng n\u01b0\u1edbc \u1ea5m.<\/p>\n<\/div>\n<\/div>\n","protected":false},"excerpt":{"rendered":"<ul>\n<li><strong>C\u00f4ng d\u1ee5ng ch\u00ednh<\/strong>: Lo\u1ea1i b\u1ecf t\u1ebf b\u00e0o ch\u1ebft hi\u1ec7u qu\u1ea3, l\u00e0m s\u1ea1ch b\u1ee5i b\u1ea9n, b\u00e3 nh\u1eddn tr\u00ean da. Th\u00e0nh ph\u1ea7n mu\u1ed1i h\u1ed3ng gi\u00fap ch\u1ed1ng vi\u00eam, \u0111\u00e1nh bay m\u1ee5n \u0111\u1ea7u \u0111en, k\u1ebft h\u1ee3p c\u00f9ng c\u00e1c d\u01b0\u1ee1ng ch\u1ea5t l\u00e0m s\u1ea1ch da, c\u1ea5p \u1ea9m, ch\u1ed1ng l\u00e3o h\u00f3a da tuy\u1ec7t h\u1ea3o.<\/li>\n<li><strong>Dung t\u00edch<\/strong>: 120ml<\/li>\n<li><strong>Th\u01b0\u01a1ng hi\u1ec7u<\/strong>:\u00a0The Nature Book<\/li>\n<li><strong>Xu\u1ea5t x\u1ee9<\/strong>: H\u00e0n Qu\u1ed1c<\/li>\n<\/ul>\n","protected":false},"featured_media":1303,"comment_status":"open","ping_status":"closed","template":"","meta":{"site-sidebar-layout":"default","site-content-layout":"","ast-site-content-layout":"default","site-content-style":"default","site-sidebar-style":"default","ast-global-header-display":"","ast-banner-title-visibility":"","ast-main-header-display":"","ast-hfb-above-header-display":"","ast-hfb-below-header-display":"","ast-hfb-mobile-header-display":"","site-post-title":"","ast-breadcrumbs-content":"","ast-featured-img":"","footer-sml-layout":"","theme-transparent-header-meta":"","adv-header-id-meta":"","stick-header-meta":"","header-above-stick-meta":"","header-main-stick-meta":"","header-below-stick-meta":"","astra-migrate-meta-layouts":"default","ast-page-background-enabled":"default","ast-page-background-meta":{"desktop":{"background-color":"var(--ast-global-color-5)","background-image":"","background-repeat":"repeat","background-position":"center center","background-size":"auto","background-attachment":"scroll","background-type":"","background-media":"","overlay-type":"","overlay-color":"","overlay-opacity":"","overlay-gradient":""},"tablet":{"background-color":"","background-image":"","background-repeat":"repeat","background-position":"center center","background-size":"auto","background-attachment":"scroll","background-type":"","background-media":"","overlay-type":"","overlay-color":"","overlay-opacity":"","overlay-gradient":""},"mobile":{"background-color":"","background-image":"","background-repeat":"repeat","background-position":"center center","background-size":"auto","background-attachment":"scroll","background-type":"","background-media":"","overlay-type":"","overlay-color":"","overlay-opacity":"","overlay-gradient":""}},"ast-content-background-meta":{"desktop":{"background-color":"var(--ast-global-color-4)","background-image":"","background-repeat":"repeat","background-position":"center center","background-size":"auto","background-attachment":"scroll","background-type":"","background-media":"","overlay-type":"","overlay-color":"","overlay-opacity":"","overlay-gradient":""},"tablet":{"background-color":"var(--ast-global-color-4)","background-image":"","background-repeat":"repeat","background-position":"center center","background-size":"auto","background-attachment":"scroll","background-type":"","background-media":"","overlay-type":"","overlay-color":"","overlay-opacity":"","overlay-gradient":""},"mobile":{"background-color":"var(--ast-global-color-4)","background-image":"","background-repeat":"repeat","background-position":"center center","background-size":"auto","background-attachment":"scroll","background-type":"","background-media":"","overlay-type":"","overlay-color":"","overlay-opacity":"","overlay-gradient":""}}},"product_brand":[122],"product_cat":[299,18,298,17,121,291],"product_tag":[],"class_list":{"0":"post-1247","1":"product","2":"type-product","3":"status-publish","4":"has-post-thumbnail","6":"product_brand-nature-book","7":"product_cat-bo-san-pham-lam-dep","8":"product_cat-cham-soc-da-mat","9":"product_cat-cham-soc-da-mat-sac-dep","10":"product_cat-my-pham","11":"product_cat-nature-book","12":"product_cat-sac-dep","13":"desktop-align-left","14":"tablet-align-left","15":"mobile-align-left","17":"first","18":"instock","19":"sale","20":"taxable","21":"shipping-taxable","22":"purchasable","23":"product-type-simple"},"_links":{"self":[{"href":"https:\/\/omewa.online\/index.php\/wp-json\/wp\/v2\/product\/1247","targetHints":{"allow":["GET"]}}],"collection":[{"href":"https:\/\/omewa.online\/index.php\/wp-json\/wp\/v2\/product"}],"about":[{"href":"https:\/\/omewa.online\/index.php\/wp-json\/wp\/v2\/types\/product"}],"replies":[{"embeddable":true,"href":"https:\/\/omewa.online\/index.php\/wp-json\/wp\/v2\/comments?post=1247"}],"wp:featuredmedia":[{"embeddable":true,"href":"https:\/\/omewa.online\/index.php\/wp-json\/wp\/v2\/media\/1303"}],"wp:attachment":[{"href":"https:\/\/omewa.online\/index.php\/wp-json\/wp\/v2\/media?parent=1247"}],"wp:term":[{"taxonomy":"product_brand","embeddable":true,"href":"https:\/\/omewa.online\/index.php\/wp-json\/wp\/v2\/product_brand?post=1247"},{"taxonomy":"product_cat","embeddable":true,"href":"https:\/\/omewa.online\/index.php\/wp-json\/wp\/v2\/product_cat?post=1247"},{"taxonomy":"product_tag","embeddable":true,"href":"https:\/\/omewa.online\/index.php\/wp-json\/wp\/v2\/product_tag?post=1247"}],"curies":[{"name":"wp","href":"https:\/\/api.w.org\/{rel}","templated":true}]}}