{"id":1245,"date":"2025-11-01T18:19:13","date_gmt":"2025-11-01T18:19:13","guid":{"rendered":"https:\/\/omewa.online\/?post_type=product&#038;p=1245"},"modified":"2025-11-26T01:33:50","modified_gmt":"2025-11-26T01:33:50","slug":"kem-ngua-nam-duong-trang-da-the-nature-book-han-quoc","status":"publish","type":"product","link":"https:\/\/omewa.online\/index.php\/product\/kem-ngua-nam-duong-trang-da-the-nature-book-han-quoc\/","title":{"rendered":"Kem Ng\u1eeba N\u00e1m D\u01b0\u1ee1ng Tr\u1eafng Da The Nature Book H\u00e0n Qu\u1ed1c"},"content":{"rendered":"<h2 id=\"1._gioi_thieu_ve_kem_ngua_nm_duong_trang_da_the_nature_book_hn_quoc\">1. \u0110\u1eb7c \u0110i\u1ec3m N\u1ed5i B\u1eadt<\/h2>\n<p>Kem ng\u1eeba n\u00e1m d\u01b0\u1ee1ng tr\u1eafng da The Nature Book H\u00e0n Qu\u1ed1c \u0111\u01b0\u1ee3c s\u1ea3n xu\u1ea5t v\u1edbi ngu\u1ed3n g\u1ed1c nguy\u00ean li\u1ec7u 100% t\u1eeb thi\u00ean nhi\u00ean. L\u1ea5y c\u1ea3m h\u1ee9ng t\u1eeb nh\u1eefng gi\u00e1 tr\u1ecb l\u00e0m \u0111\u1eb9p b\u1ea5t t\u1eadn t\u1eeb thi\u00ean nhi\u00ean, c\u00e1c nguy\u00ean li\u1ec7u \u0111\u01b0\u1ee3c tr\u1ed3ng v\u00e0 ch\u1ecdn l\u1ef1a t\u1ec9 m\u1ec9 \u0111\u1ec3 c\u00f3 th\u1ec3 ph\u00e1t huy t\u1ed1i \u0111a hi\u1ec7u qu\u1ea3.<\/p>\n<p>\u0110\u01b0\u1ee3c s\u1ea3n xu\u1ea5t b\u1edfi 1 trong 3 nh\u00e0 m\u00e1y top \u0111\u1ea7u H\u00e0n Qu\u1ed1c v\u1ec1 nghi\u00ean c\u1ee9u v\u00e0 ph\u00e1t tri\u1ec3n c\u00e1c d\u00f2ng s\u1ea3n ph\u1ea9m chi\u1ebft xu\u1ea5t t\u1eeb thi\u00ean nhi\u00ean. Quy tr\u00ecnh s\u1ea3n xu\u1ea5t kh\u00e9p k\u00edn t\u1ef1 \u0111\u1ed9ng, th\u00e2n thi\u1ec7n m\u00f4i tr\u01b0\u1eddng, \u0111\u1ea1t ch\u1ee9ng nh\u1eadn ISO 9001, 14001, 22716.<\/p>\n<p>Kem ng\u1eeba n\u00e1m d\u01b0\u1ee1ng tr\u1eafng da The Nature Book H\u00e0n Qu\u1ed1c c\u00f3 m\u1ee9c \u0111\u1ed9 th\u1ea9m th\u1ea5u c\u1ef1c k\u00ec nhanh tr\u00ean da, mang \u0111\u1ebfn hi\u1ec7u qu\u1ea3 ch\u1ec9 sau 28 ng\u00e0y s\u1eed d\u1ee5ng. \u0110\u01b0\u1ee3c coi l\u00e0 si\u00eau ph\u1ea9m \u0111\u00f3n \u0111\u1ea7u xu h\u01b0\u1edbng ngan ng\u1eeba n\u00e1m v\u00e0 d\u01b0\u1ee1ng tr\u1eafng da ho\u00e0n h\u1ea3o..<\/p>\n<p>S\u1ea3n ph\u1ea9m Kem ng\u1eeba n\u00e1m d\u01b0\u1ee1ng tr\u1eafng da The Nature Book H\u00e0n Qu\u1ed1c \u0111\u01b0\u1ee3c \u0111\u00e1nh gi\u00e1 cao v\u1ec1 ch\u1ea5t l\u01b0\u1ee3ng, gi\u00e1 th\u00e0nh h\u1ee3p l\u00fd, ph\u00f9 h\u1ee3p v\u1edbi \u0111i\u1ec1u ki\u1ec7n c\u1ee7a \u0111a s\u1ed1 ch\u1ecb em ph\u1ee5 n\u1eef.<\/p>\n<h2 id=\"2._thnh_phan_cua_kem_ngua_nm_duong_trang_da_the_nature_book_hn_quoc\">2. Th\u00e0nh Ph\u1ea7n Chi\u1ebft Xu\u1ea5t<\/h2>\n<p>Kem ng\u1eeba n\u00e1m d\u01b0\u1ee1ng tr\u1eafng da The Nature Book H\u00e0n Qu\u1ed1c\u00a0g\u00e2y \u1ea5n t\u01b0\u1ee3ng nh\u1edd \u0111\u01b0\u1ee3c chi\u1ebft xu\u1ea5t t\u1eeb c\u00e1c th\u00e0nh ph\u1ea7n qu\u00fd gi\u00e1 t\u1eeb thi\u00ean nhi\u00ean, r\u1ea5t l\u00e0nh t\u00ednh v\u00e0 t\u1ed1t cho l\u00e0n da.<\/p>\n<p><img fetchpriority=\"high\" decoding=\"async\" class=\"aligncenter size-full wp-image-1799\" src=\"https:\/\/edallyvietnam.vn\/wp-content\/uploads\/2023\/03\/thanh-phan-kem-ngua-nam-duong-trang-da-the-nature-book.jpg\" alt=\"Thanh Phan Kem Ngua Nam Duong Trang Da The Nature Book\" width=\"640\" height=\"480\" \/><\/p>\n<p><strong>NIACINAMIDE<\/strong>: l\u00e0 th\u00e0nh ph\u1ea7n \u0111\u00e3 \u0111\u01b0\u1ee3c c\u00e1c nghi\u00ean c\u1ee9u khoa h\u1ecdc c\u00f4ng nh\u1eadn l\u00e0 m\u1ed9t trong nh\u1eefng th\u00e0nh ph\u1ea7n hi\u1ebfm hoi \u0111em l\u1ea1i v\u00f4 v\u00e0n l\u1ee3i \u00edch cho s\u1ee9c kh\u1ecfe l\u00e0n da, \u0111\u1eb7c bi\u1ec7t niacinamide c\u01a1 th\u1ec3 kh\u00f4ng t\u1ef1 s\u1ea3n xu\u1ea5t \u0111\u01b0\u1ee3c m\u00e0 ph\u1ea3i t\u1ed5ng h\u1ee3p v\u00e0 b\u1ed5 sung t\u1eeb b\u00ean ngo\u00e0i.<\/p>\n<p>Niacinamide c\u00f3 hi\u1ec7u qu\u1ea3 l\u00e0m tr\u1eafng tuy\u1ec7t v\u1eddi nh\u01b0 m\u1ed9t lo\u1ea1i vitamin B3, h\u1ed7 tr\u1ee3 gi\u1ea3m s\u1ef1 b\u00e0i ti\u1ebft h\u1eafc t\u1ed1 melanin t\u1eeb c\u00e1c t\u1ebf b\u00e0o t\u1ea1o s\u1eafc t\u1ed1, t\u1eeb \u0111\u00f3 gi\u1ea3m h\u00ecnh th\u00e0nh s\u1ea1m da, th\u00e2m n\u00e1m. Gi\u00fap t\u0103ng sinh ceramide, collagen, x\u00f3a m\u1edd c\u00e1c n\u1ebfp nh\u0103n, ng\u0103n ng\u1eeba da ch\u1ea3y x\u1ec7 v\u00e0 t\u1eeb \u0111\u00f3 s\u1ebd gi\u00fap da tr\u1ebb trung v\u00e0 t\u01b0\u01a1i s\u00e1ng h\u01a1n, khi s\u1eed d\u1ee5ng c\u1ea3 ng\u00e0y l\u1eabn \u0111\u00eam, l\u00e0n da c\u1ee7a b\u1ea1n s\u1ebd \u0111\u01b0\u1ee3c b\u1ea3o v\u1ec7 su\u1ed1t 24h.<\/p>\n<p><strong>ARBUTIN<\/strong>: th\u00e0nh ph\u1ea7n l\u00e0m tr\u1eafng ch\u1ee7 \u0111\u1ea1o n\u1eb1m \u1edf v\u1ecb tr\u00ed th\u1ee9 4 trong b\u1ea3ng th\u00e0nh ph\u1ea7n cho th\u1ea5y s\u1ef1 t\u1eadp trung l\u00e0m tr\u1eafng c\u1ee7a s\u1ea3n ph\u1ea9m, ho\u1ea1t \u0111\u1ed9ng tr\u00ean da b\u1eb1ng c\u00e1ch \u1ee9c ch\u1ebf qu\u00e1 tr\u00ecnh oxy h\u00f3a enzyme tyrosinase v\u00e0 gi\u1ea3m chuy\u1ec3n \u0111\u1ed5i DOPA (m\u1ed9t lo\u1ea1i enzym ch\u1ecbu tr\u00e1ch nhi\u1ec7m s\u1ea3n xu\u1ea5t melanin g\u00e2y s\u1ea1m da).<\/p>\n<p>B\u1edfi v\u1eady, Arbutin l\u00e0 l\u1ef1a ch\u1ecdn h\u00e0ng \u0111\u1ea7u trong vi\u1ec7c l\u00e0m gi\u1ea3m m\u1ee9c \u0111\u1ed9 s\u1ea1m da sau khi ti\u1ebfp x\u00fac v\u1edbi tia c\u1ef1c t\u00edm \u0111\u1eb7c bi\u1ec7t l\u00e0 \u1edf v\u00f9ng da ti\u1ebfp x\u00fac v\u1edbi \u00e1nh m\u1eb7t tr\u1eddi, \u0111\u00e1nh bay n\u00e1m, t\u00e0n nhang v\u00e0 c\u1ea3i thi\u1ec7n l\u00e0n da s\u1eabm m\u00e0u, ng\u0103n ch\u1eb7n s\u1ef1 l\u00e3o h\u00f3a, \u1ee9c ch\u1ebf ho\u1ea1t \u0111\u1ed9ng c\u1ee7a g\u1ed1c t\u1ef1 do, mang l\u1ea1i l\u00e0n da t\u01b0\u01a1i tr\u1ebb, c\u0103ng tr\u00e0n s\u1ee9c s\u1ed1ng. S\u1eed d\u1ee5ng v\u00e0o m\u1ed7i s\u00e1ng v\u00e0 m\u1ed7i t\u1ed1i, s\u1ebd gi\u00fap l\u00e0n da b\u1ea1n \u0111\u01b0\u1ee3c lu\u00e2n phi\u00ean b\u1ed5 sung d\u01b0\u1ee1ng ch\u1ea5t, t\u0103ng kh\u1ea3 n\u0103ng lo\u1ea1i b\u1ecf s\u1ea1m n\u00e1m tr\u00ean da.<\/p>\n<p><strong>HEXYLRESORCINOL<\/strong>: c\u00f3 kh\u1ea3 n\u0103ng d\u01b0\u1ee1ng tr\u1eafng da \u01b0u vi\u1ec7t. \u1ee8c ch\u1ebf s\u1ef1 h\u00ecnh th\u00e0nh enzyme tyrosinase v\u00e0 peroxidase \u2013 \u0111\u00e2y l\u00e0 hai enzyme li\u00ean quan \u0111\u1ebfn s\u1ef1 h\u00ecnh th\u00e0nh melanin, g\u00e2y s\u1ea1m v\u00e0 n\u00e1m da. Kh\u00f4ng ch\u1ec9 t\u00e1c \u0111\u1ed9ng \u0111\u1ebfn s\u1ef1 h\u00ecnh th\u00e0nh qu\u00e1 tr\u00ecnh melanin h\u00f3a v\u00e0 l\u00e0m m\u1ea5t c\u00e1c h\u1ea1t melanin m\u00e0 c\u00f2n t\u00e1c \u0111\u1ed9ng l\u00ean c\u1ea5u tr\u00fac m\u00e0ng t\u1ebf b\u00e0o melanin, th\u1eadm ch\u00ed l\u00e0 ti\u00eau di\u1ec7t c\u00e1c t\u1ebf b\u00e0o n\u00e0y; Gi\u1ea3m t\u1ed5n th\u01b0\u01a1ng DNA. Nh\u1edd c\u01a1 ch\u1ebf b\u1ea3o v\u1ec7 c\u00e1c DNA c\u1ee7a Hexylresorcinol m\u00e0 da kh\u00f4ng ch\u1ec9 s\u00e1ng h\u01a1n m\u00e0 c\u00f2n kho\u1ebb h\u01a1n. Da \u0111\u1ec1u m\u00e0u v\u00e0 kh\u00f4ng b\u1ecb b\u00e0o m\u1ecfng, l\u1ed9 m\u1ea1ch m\u00e1u,\u2026<\/p>\n<p><strong>GLUTATHIONE<\/strong>: \u0111\u01b0\u1ee3c xem nh\u01b0 m\u1ed9t \u201cchi\u1ebfn binh\u201d b\u1ea3o v\u1ec7 c\u00e1c t\u1ebf b\u00e0o, b\u1eb1ng c\u00e1ch ch\u1ed1ng l\u1ea1i thi\u1ec7t h\u1ea1i b\u1ee9c x\u1ea1 c\u00f3 th\u1ec3 x\u1ea3y ra \u1edf da, Glutathione gi\u00fap l\u00e0m tr\u00ec ho\u00e3n c\u00e1c d\u1ea5u hi\u1ec7u l\u00e3o h\u00f3a. V\u00ec th\u1ebf t\u1ebf b\u00e0o c\u1ea7n \u0111\u01b0\u1ee3c nu\u00f4i d\u01b0\u1ee1ng v\u00e0 b\u1ea3o v\u1ec7 xuy\u00ean su\u1ed1t c\u1ea3 ng\u00e0y v\u00e0 \u0111\u00eam \u0111\u1ec3 lu\u00f4n \u1ed5n \u0111\u1ecbnh v\u1ec1 s\u1ed1 l\u01b0\u1ee3ng v\u00e0 duy tr\u00ec tr\u1ea1ng th\u00e1i kh\u1ecfe m\u1ea1nh nh\u1ea5t. S\u1eb5n s\u00e0ng \u0111\u00e0o th\u1ea3i c\u00e1c t\u1ea1p ch\u1ea5t, lo\u1ea1i tr\u1eeb c\u00e1c l\u1edbp da x\u1ec9n m\u00e0u ra kh\u1ecfi b\u1ec1 m\u1eb7t c\u1ee7a l\u00e0n da, k\u00edch th\u00edch s\u1ef1 s\u1ea3n sinh pheomelanin, th\u00fac \u0111\u1ea9y qu\u00e1 tr\u00ecnh l\u00e0m da tr\u1eafng s\u00e1ng.<\/p>\n<p><strong>CHI\u1ebeT XU\u1ea4T NHAU THAI C\u1eeaU<\/strong>: c\u00f3 c\u01a1 ch\u1ebf t\u00e1c \u0111\u1ed9ng gi\u1ea3m s\u1ef1 t\u1ed5ng h\u1ee3p h\u1eafc t\u1ed1 g\u00e2y ra c\u00e1c v\u1ebft n\u00e1m; duy tr\u00ec \u0111\u1ed9 \u1ea9m cho da; h\u1ed7 tr\u1ee3 qu\u00e1 tr\u00ecnh t\u1ea1o collagen; t\u0103ng sinh v\u00e0 t\u00e1i t\u1ea1o t\u1ebf b\u00e0o, t\u0103ng c\u01b0\u1eddng chuy\u1ec3n h\u00f3a, \u0111i\u1ec1u h\u00f2a t\u1ed1c \u0111\u1ed9 thay da, nu\u00f4i d\u01b0\u1ee1ng l\u00e0n da kh\u1ecfe m\u1ea1nh.<\/p>\n<p><strong>CHI\u1ebeT XU\u1ea4T RAU SAM<\/strong>: Trong rau sam c\u00f3 l\u01b0\u1ee3ng vitamin C d\u1ed3i d\u00e0o c\u00f9ng c\u00e1c vi ch\u1ea5t kh\u00e1c gi\u00fap ph\u00e1t huy t\u00ednh ch\u1ed1ng Oxy h\u00f3a m\u1ea1nh m\u1ebd, t\u1ea1o n\u00ean h\u00e0ng r\u00e0o b\u1ea3o v\u1ec7 da, v\u1eeba t\u00edch c\u1ef1c lo\u1ea1i b\u1ecf nh\u1eefng kh\u1ea3m m\u00e0u t\u1ed1i, n\u00e2ng cao hi\u1ec7u qu\u1ea3 c\u1ea3i thi\u1ec7n l\u00e0n da.<\/p>\n<h2 id=\"3._cng_dung_cua_kem_ngua_nm_duong_trang_da_the_nature_book_hn_quoc\">3. C\u00f4ng D\u1ee5ng Ch\u00ednh<\/h2>\n<p>Kem ng\u1eeba n\u00e1m d\u01b0\u1ee1ng tr\u1eafng da The Nature Book H\u00e0n Qu\u1ed1c \u0111em \u0111\u1ebfn c\u00e1c c\u00f4ng d\u1ee5ng n\u1ed5i b\u1eadt nh\u01b0:<\/p>\n<ul>\n<li>Lo\u1ea1i b\u1ecf n\u00e1m, g\u1ed1c t\u1ef1 do, c\u00e1c d\u1ea5u hi\u1ec7u l\u00e3o h\u00f3a, duy tr\u00ec s\u1ef1 t\u01b0\u01a1i tr\u1ebb \u0111\u1ea7y s\u1ee9c s\u1ed1ng.<\/li>\n<li>Gi\u00fap \u1ee9c ch\u1ebf c\u00e1c h\u1eafc s\u1eafc t\u1ed1 melanin.<\/li>\n<li>Lo\u1ea1i b\u1ecf nhanh ch\u00f3ng c\u00e1c \u0111\u1ed1m n\u00e2u t\u00edch t\u1ee5 l\u00e2u ng\u00e0y tr\u00ean da.<\/li>\n<li>Ng\u0103n ng\u1eeba v\u00e0 \u0111\u00e1nh bay n\u00e1m s\u1ea1m, t\u00e0n nhang ch\u1ec9 sau 28 ng\u00e0y.<\/li>\n<li>C\u1ea5p \u1ea9m s\u00e2u, l\u00e0m s\u00e1ng da, d\u01b0\u1ee1ng tr\u1eafng hi\u1ec7u qu\u1ea3<\/li>\n<li>Ngo\u00e0i ra,\u00a0Kem ng\u1eeba n\u00e1m d\u01b0\u1ee1ng tr\u1eafng da The Nature Book H\u00e0n Qu\u1ed1c c\u00f2n gi\u00fap\u00a0t\u00e1i t\u1ea1o\u00a0collagen\u00a0tr\u1ebb h\u00f3a da, c\u1ea3i thi\u1ec7n n\u1ebfp nh\u0103n m\u1ed9t c\u00e1ch hi\u1ec7u qu\u1ea3.<\/li>\n<\/ul>\n<h2 id=\"4._huong_dan_su_dung_kem_ngua_nm_duong_trang_da_the_nature_book_hn_quoc\">4. H\u01b0\u1edbng D\u1eabn S\u1eed D\u1ee5ng<\/h2>\n<h3>C\u00e1ch s\u1eed d\u1ee5ng:<\/h3>\n<ul>\n<li>B\u01b0\u1edbc 1: L\u00e0m s\u1ea1ch da m\u1eb7t b\u1eb1ng\u00a0t\u1ea9y trang,\u00a0t\u1ea9y da ch\u1ebft,\u00a0s\u1eefa r\u1eeda m\u1eb7t\u00a0v\u00e0\u00a0n\u01b0\u1edbc hoa h\u1ed3ng.<\/li>\n<li>B\u01b0\u1edbc 2: Sau khi r\u1eeda m\u1eb7t s\u1ea1ch, l\u1ea5y m\u1ed9t l\u01b0\u1ee3ng\u00a0Kem ng\u1eeba n\u00e1m d\u01b0\u1ee1ng tr\u1eafng da The Nature Book H\u00e0n Qu\u1ed1c\u00a0v\u1eeba \u0111\u1ee7 v\u00e0 thoa \u0111\u1ec1u l\u00ean da m\u1eb7t v\u00e0 c\u1ed5.<\/li>\n<li>B\u01b0\u1edbc 3: V\u1ed7 nh\u1eb9 \u0111\u1ec3 kem \u0111\u01b0\u1ee3c th\u1ea9m th\u1ea5u t\u1ed1t h\u01a1n.<\/li>\n<\/ul>\n<h3>L\u01b0u \u00fd s\u1eed d\u1ee5ng:<\/h3>\n<ul>\n<li>D\u00f9ng\u00a0Kem ng\u1eeba n\u00e1m d\u01b0\u1ee1ng tr\u1eafng da The Nature Book H\u00e0n Qu\u1ed1c\u00a0h\u00e0ng ng\u00e0y v\u00e0o bu\u1ed5i s\u00e1ng v\u00e0 t\u1ed1i \u0111\u1ec3 \u0111\u1ea1t hi\u1ec7u qu\u1ea3 t\u1ed1t nh\u1ea5t ho\u1eb7c k\u1ebft h\u1ee3p v\u1edbi s\u1ea3n ph\u1ea9m kh\u00e1c.<\/li>\n<li>Khi s\u1eed d\u1ee5ng\u00a0Kem ng\u1eeba n\u00e1m d\u01b0\u1ee1ng tr\u1eafng da The Nature Book H\u00e0n Qu\u1ed1c\u00a0v\u00e0o ban ng\u00e0y, k\u1ebft h\u1ee3p v\u1edbi\u00a0Kem ch\u1ed1ng n\u1eafng ng\u1eeba n\u00e1m The Nature Book\u00a0v\u1edbi ch\u1ec9 s\u1ed1 SPF50+ PA+++ \u0111\u1ec3 \u0111\u1ea1t hi\u1ec7u qu\u1ea3 t\u1ed1i \u01b0u.<\/li>\n<li>B\u1ea3o qu\u1ea3n\u00a0s\u1ea3n ph\u1ea9m: N\u01a1i kh\u00f4 r\u00e1o, tho\u00e1ng m\u00e1t, tr\u00e1nh \u00e1nh n\u1eafng tr\u1ef1c ti\u1ebfp, n\u01a1i c\u00f3 nhi\u1ec7t \u0111\u1ed9 cao. Tr\u00e1nh xa t\u1ea7m tay tr\u1ebb em.<\/li>\n<\/ul>\n<p>M\u1ed9t l\u00e0n da tr\u1eafng s\u00e1ng v\u00e0 \u0111\u1ec1u m\u00e0u lu\u00f4n th\u1eafp l\u00ean s\u1ef1 t\u1ef1 tin tr\u00ean g\u01b0\u01a1ng m\u1eb7t c\u1ee7a ph\u00e1i \u0111\u1eb9p. V\u00ec th\u1ebf, \u0111\u1eebng \u0111\u1ec3 nh\u1eefng m\u1ea3ng x\u1ec9n m\u00e0u tr\u00ean da che ph\u1ee7 \u0111i s\u1ef1 r\u1ea1ng r\u1ee1 b\u1ea1n nh\u00e9! H\u00e3y n\u00e2ng niu v\u00e0 nu\u00f4i d\u01b0\u1ee1ng l\u00e0n da \u0111\u00fang c\u00e1ch\u2026<\/p>\n<h2 id=\"5._cam_ket_v_bao_hnh_sua_rua_mat_tr_xanh_the_nature_book_hn_quoc\">5. Cam K\u1ebft T\u1eeb The Nature Book<\/h2>\n<ol>\n<li>Kem ng\u1eeba n\u00e1m d\u01b0\u1ee1ng tr\u1eafng da The Nature Book H\u00e0n Qu\u1ed1c S\u1ea1ch, An to\u00e0n, Hi\u1ec7u qu\u1ea3, v\u00e0 Ch\u1ea5t l\u01b0\u1ee3ng.<\/li>\n<li>Th\u00e2n thi\u1ec7n v\u1edbi m\u00f4i tr\u01b0\u1eddng, g\u1ea7n g\u0169i v\u1edbi \u0111\u1eddi s\u1ed1ng. \u0110\u1ea3m b\u1ea3o v\u00f2ng tu\u1ea7n ho\u00e0n b\u1ec1n v\u1eefng c\u1ee7a t\u1ef1 nhi\u00ean.<\/li>\n<li>\u0110\u01b0\u1ee3c s\u1ea3n xu\u1ea5t b\u1edfi 1 trong 3 nh\u00e0 m\u00e1y top \u0111\u1ea7u H\u00e0n Qu\u1ed1c v\u1ec1 nghi\u00ean c\u1ee9u v\u00e0 ph\u00e1t tri\u1ec3n c\u00e1c d\u00f2ng s\u1ea3n ph\u1ea9m chi\u1ebft xu\u1ea5t t\u1eeb thi\u00ean nhi\u00ean.<\/li>\n<li>L\u00e0 gi\u1ea3i ph\u00e1p l\u00e0m \u0111\u1eb9p hi\u1ec7u qu\u1ea3 v\u00e0 ti\u1ebft ki\u1ec7m<\/li>\n<li>S\u1eb5n s\u00e0ng chia s\u1ebb l\u1ee3i \u00edch v\u1edbi \u0111\u1ed1i t\u00e1c, kh\u00e1ch h\u00e0ng, v\u00e0 x\u00e3 h\u1ed9i<\/li>\n<\/ol>\n","protected":false},"excerpt":{"rendered":"<ul>\n<li><strong>\u0110\u1eb7c \u0111i\u1ec3m ch\u00ednh<\/strong>: V\u1edbi th\u00e0nh ph\u1ea7n Arbutin v\u00e0 Glutathione gi\u00fap \u1ee9c ch\u1ebf s\u1ef1 h\u00ecnh th\u00e0nh melanin, l\u00e0m gi\u1ea3m c\u00e1c v\u1ebft n\u00e1m s\u1ea1m, t\u00e0n nhang, cho l\u00e0n da \u0111\u1ec1u m\u00e0u v\u00e0 tr\u1eafng s\u00e1ng h\u01a1n.<\/li>\n<li><strong>Dung t\u00edch<\/strong>: 50g<\/li>\n<li><strong>Th\u01b0\u01a1ng hi\u1ec7u<\/strong>:\u00a0The Nature Book<\/li>\n<li><strong>Xu\u1ea5t x\u1ee9<\/strong>: H\u00e0n Qu\u1ed1c<\/li>\n<\/ul>\n","protected":false},"featured_media":1287,"comment_status":"open","ping_status":"closed","template":"","meta":{"site-sidebar-layout":"default","site-content-layout":"","ast-site-content-layout":"default","site-content-style":"default","site-sidebar-style":"default","ast-global-header-display":"","ast-banner-title-visibility":"","ast-main-header-display":"","ast-hfb-above-header-display":"","ast-hfb-below-header-display":"","ast-hfb-mobile-header-display":"","site-post-title":"","ast-breadcrumbs-content":"","ast-featured-img":"","footer-sml-layout":"","theme-transparent-header-meta":"","adv-header-id-meta":"","stick-header-meta":"","header-above-stick-meta":"","header-main-stick-meta":"","header-below-stick-meta":"","astra-migrate-meta-layouts":"default","ast-page-background-enabled":"default","ast-page-background-meta":{"desktop":{"background-color":"var(--ast-global-color-5)","background-image":"","background-repeat":"repeat","background-position":"center center","background-size":"auto","background-attachment":"scroll","background-type":"","background-media":"","overlay-type":"","overlay-color":"","overlay-opacity":"","overlay-gradient":""},"tablet":{"background-color":"","background-image":"","background-repeat":"repeat","background-position":"center center","background-size":"auto","background-attachment":"scroll","background-type":"","background-media":"","overlay-type":"","overlay-color":"","overlay-opacity":"","overlay-gradient":""},"mobile":{"background-color":"","background-image":"","background-repeat":"repeat","background-position":"center center","background-size":"auto","background-attachment":"scroll","background-type":"","background-media":"","overlay-type":"","overlay-color":"","overlay-opacity":"","overlay-gradient":""}},"ast-content-background-meta":{"desktop":{"background-color":"var(--ast-global-color-4)","background-image":"","background-repeat":"repeat","background-position":"center center","background-size":"auto","background-attachment":"scroll","background-type":"","background-media":"","overlay-type":"","overlay-color":"","overlay-opacity":"","overlay-gradient":""},"tablet":{"background-color":"var(--ast-global-color-4)","background-image":"","background-repeat":"repeat","background-position":"center center","background-size":"auto","background-attachment":"scroll","background-type":"","background-media":"","overlay-type":"","overlay-color":"","overlay-opacity":"","overlay-gradient":""},"mobile":{"background-color":"var(--ast-global-color-4)","background-image":"","background-repeat":"repeat","background-position":"center center","background-size":"auto","background-attachment":"scroll","background-type":"","background-media":"","overlay-type":"","overlay-color":"","overlay-opacity":"","overlay-gradient":""}}},"product_brand":[122],"product_cat":[299,18,298,17,121,291],"product_tag":[],"class_list":{"0":"post-1245","1":"product","2":"type-product","3":"status-publish","4":"has-post-thumbnail","6":"product_brand-nature-book","7":"product_cat-bo-san-pham-lam-dep","8":"product_cat-cham-soc-da-mat","9":"product_cat-cham-soc-da-mat-sac-dep","10":"product_cat-my-pham","11":"product_cat-nature-book","12":"product_cat-sac-dep","13":"desktop-align-left","14":"tablet-align-left","15":"mobile-align-left","17":"first","18":"instock","19":"sale","20":"taxable","21":"shipping-taxable","22":"purchasable","23":"product-type-simple"},"_links":{"self":[{"href":"https:\/\/omewa.online\/index.php\/wp-json\/wp\/v2\/product\/1245","targetHints":{"allow":["GET"]}}],"collection":[{"href":"https:\/\/omewa.online\/index.php\/wp-json\/wp\/v2\/product"}],"about":[{"href":"https:\/\/omewa.online\/index.php\/wp-json\/wp\/v2\/types\/product"}],"replies":[{"embeddable":true,"href":"https:\/\/omewa.online\/index.php\/wp-json\/wp\/v2\/comments?post=1245"}],"wp:featuredmedia":[{"embeddable":true,"href":"https:\/\/omewa.online\/index.php\/wp-json\/wp\/v2\/media\/1287"}],"wp:attachment":[{"href":"https:\/\/omewa.online\/index.php\/wp-json\/wp\/v2\/media?parent=1245"}],"wp:term":[{"taxonomy":"product_brand","embeddable":true,"href":"https:\/\/omewa.online\/index.php\/wp-json\/wp\/v2\/product_brand?post=1245"},{"taxonomy":"product_cat","embeddable":true,"href":"https:\/\/omewa.online\/index.php\/wp-json\/wp\/v2\/product_cat?post=1245"},{"taxonomy":"product_tag","embeddable":true,"href":"https:\/\/omewa.online\/index.php\/wp-json\/wp\/v2\/product_tag?post=1245"}],"curies":[{"name":"wp","href":"https:\/\/api.w.org\/{rel}","templated":true}]}}