{"id":1242,"date":"2025-11-01T18:19:13","date_gmt":"2025-11-01T18:19:13","guid":{"rendered":"https:\/\/omewa.online\/?post_type=product&#038;p=1242"},"modified":"2025-11-26T01:45:59","modified_gmt":"2025-11-26T01:45:59","slug":"mat-na-duong-trang-chuyen-sau-vitamin-c-the-nature-book-han-quoc","status":"publish","type":"product","link":"https:\/\/omewa.online\/index.php\/product\/mat-na-duong-trang-chuyen-sau-vitamin-c-the-nature-book-han-quoc\/","title":{"rendered":"M\u1eb7t N\u1ea1 D\u01b0\u1ee1ng Tr\u1eafng Chuy\u00ean S\u00e2u Vitamin C The Nature Book H\u00e0n Qu\u1ed1c"},"content":{"rendered":"<h2 id=\"1._gioi_thieu_ve_mat_na_duong_trang_chuyn_su_vitamin_c_the_nature_book_hn_quoc_nhap_khau_chnh_hng\">1. \u0110\u1eb7c \u0110i\u1ec3m N\u1ed5i B\u1eadt<\/h2>\n<p>M\u1eb7t n\u1ea1 d\u01b0\u1ee1ng tr\u1eafng chuy\u00ean s\u00e2u Vitamin C The Nature Book H\u00e0n Qu\u1ed1c \u0111\u01b0\u1ee3c s\u1ea3n xu\u1ea5t v\u1edbi ngu\u1ed3n g\u1ed1c nguy\u00ean li\u1ec7u 100% t\u1eeb thi\u00ean nhi\u00ean. L\u1ea5y c\u1ea3m h\u1ee9ng t\u1eeb nh\u1eefng gi\u00e1 tr\u1ecb l\u00e0m \u0111\u1eb9p b\u1ea5t t\u1eadn t\u1eeb thi\u00ean nhi\u00ean, c\u00e1c nguy\u00ean li\u1ec7u \u0111\u01b0\u1ee3c ch\u1ecdn l\u1ef1a t\u1ec9 m\u1ec9 \u0111\u1ec3 c\u00f3 th\u1ec3 ph\u00e1t huy t\u1ed1i \u0111a hi\u1ec7u qu\u1ea3.<\/p>\n<p>Ph\u00e1 v\u1ee1 \u1ea5n t\u01b0\u1ee3ng th\u00f4ng th\u01b0\u1eddng r\u1eb1ng \u0111\u1eafp m\u1eb7t n\u1ea1 ch\u1ec9 l\u00e0 b\u01b0\u1edbc c\u1ea5p \u1ea9m nh\u1eb9 nh\u00e0ng, m\u1eb7t n\u1ea1 d\u01b0\u1ee1ng tr\u1eafng chuy\u00ean s\u00e2u Vitamin C Nature Book \u0111\u1eb7c bi\u1ec7t mang t\u1edbi l\u00e0n da tr\u1eafng s\u00e1ng nhanh ch\u00f3ng ch\u1ec9 trong m\u1ed9t tu\u1ea7n s\u1eed d\u1ee5ng.<\/p>\n<p>Ngo\u00e0i ra, s\u1ea3n ph\u1ea9m c\u1ea5p \u1ea9m m\u1ed9t c\u00e1ch chuy\u00ean s\u00e2u, ng\u0103n ng\u1eeba l\u00e3o h\u00f3a, t\u0103ng \u0111\u1ed9 \u0111\u00e0n h\u1ed3i cho da v\u00f4 c\u00f9ng hi\u1ec7u qu\u1ea3.<\/p>\n<p>S\u1ea3n ph\u1ea9m M\u1eb7t n\u1ea1 d\u01b0\u1ee1ng tr\u1eafng chuy\u00ean s\u00e2u Vitamin C n\u00f3i ri\u00eang, m\u1ef9 ph\u1ea9m The Nature Book H\u00e0n Qu\u1ed1c n\u00f3i chung \u0111\u01b0\u1ee3c \u0111\u00e1nh gi\u00e1 cao v\u1ec1 ch\u1ea5t l\u01b0\u1ee3ng, gi\u00e1 th\u00e0nh h\u1ee3p l\u00fd, ph\u00f9 h\u1ee3p v\u1edbi \u0111i\u1ec1u ki\u1ec7n c\u1ee7a \u0111a s\u1ed1 ch\u1ecb em.<\/p>\n<p>&nbsp;<\/p>\n<h2 id=\"2._thnh_phan_chnh_cua_mat_na_duong_trang_chuyn_su_vitamin_c_the_nature_book_hn_quoc_nhap_khau_chnh_hng\">2. Th\u00e0nh ph\u1ea7n ch\u00ednh<\/h2>\n<p>M\u1eb7t n\u1ea1 d\u01b0\u1ee1ng tr\u1eafng chuy\u00ean s\u00e2u Vitamin C The Nature Book H\u00e0n Qu\u1ed1c g\u00f3i tr\u1ecdn ngu\u1ed3n n\u0103ng l\u01b0\u1ee3ng d\u1ed3i d\u00e0o t\u1eeb thi\u00ean nhi\u00ean v\u1edbi chi\u1ebft xu\u1ea5t t\u1eeb tr\u00e1i c\u00e2y v\u00e0 th\u1ea3o m\u1ed9c qu\u00fd hi\u1ebfm nh\u01b0:<\/p>\n<ul>\n<li><strong>Vitamin C:\u00a0<\/strong>Gi\u00fap \u1ed5n \u0111\u1ecbnh mRNA collagen t\u1eeb \u0111\u00f3 t\u0103ng c\u01b0\u1eddng qu\u00e1 tr\u00ecnh t\u1ed5ng h\u1ee3p protein collagen cho l\u00e0 da b\u1ecb h\u01b0 t\u1ed5n v\u00e0 ng\u0103n ch\u1eb7n c\u00e1c g\u1ed1c t\u1ef1 do g\u00e2y nguy h\u1ea1i t\u1edbi l\u00e0n da. Vitamin C gi\u00fap ng\u0103n c\u1ea3n ho\u1ea1t \u0111\u1ed9ng c\u1ee7a enzyme tyrosinase, t\u1eeb \u0111\u00f3 ng\u0103n c\u1ea3n s\u1ef1 chuy\u1ec3n h\u00f3a c\u1ee7a s\u1eafc t\u1ed1 melanin collagen, gi\u00fap da tr\u1eafng s\u00e1ng, gi\u1ea3m thi\u1ec3u th\u00e2m n\u00e1m, ch\u1ed1ng l\u00e3o h\u00f3a v\u00e0 l\u00e0m m\u1edd c\u00e1c n\u1ebfp nh\u0103n v\u00f4 c\u00f9ng hi\u1ec7u qu\u1ea3.<\/li>\n<li><strong>Betaine:\u00a0<\/strong>C\u00f3 h\u1eefu \u00edch trong vi\u1ec7c ch\u1ed1ng l\u00e3o h\u00f3a \u0111\u1ec3 gi\u00fap ng\u0103n ng\u1eeba n\u1ebfp nh\u0103n. T\u0103ng c\u01b0\u1eddng Hydrat h\u00f3a cho da. T\u0103ng c\u01b0\u1eddng k\u1ebft c\u1ea5u v\u00e0 \u0111\u1ed9 \u0111\u00e0n h\u1ed3i cho da. Ch\u1ed1ng vi\u00eam v\u00e0 l\u00e0m d\u1ecbu da.<\/li>\n<li><strong>Allantoin:\u00a0<\/strong>L\u00e0m m\u1ec1m l\u00e0n da, gi\u00fap gi\u1eef \u1ea9m t\u1ee9c th\u00ec cho l\u00e0n da v\u00e0 ng\u0103n ng\u1eeba t\u00ecnh tr\u1ea1ng da kh\u00f4, k\u00edch \u1ee9ng da. C\u00f3 kh\u1ea3 n\u0103ng l\u00e0m d\u1ecbu v\u00e0 b\u1ea3o v\u1ec7 da b\u1eb1ng c\u00e1ch h\u00ecnh th\u00e0nh ph\u1ee9c h\u1ee3p v\u1edbi c\u00e1c t\u00e1c nh\u00e2n g\u00e2y k\u00edch \u1ee9ng da. Allantoin c\u0169ng c\u00f3 t\u00e1c d\u1ee5ng gi\u00fap\u00a0t\u1ea9y t\u1ebf b\u00e0o da ch\u1ebft\u00a0m\u1ed9t c\u00e1ch hi\u1ec7u qu\u1ea3.<\/li>\n<li><strong>Niacinamide (Vitamin B3):\u00a0<\/strong>Mang t\u1edbi nhi\u1ec1u l\u1ee3i \u00edch cho da. C\u00f3 th\u1ec3 c\u1ee7ng c\u1ed1 h\u00e0ng r\u00e0o b\u1ea3o v\u1ec7 da b\u1eb1ng c\u00e1ch th\u00fac \u0111\u1ea9y s\u1ef1 thay \u0111\u1ed5i t\u1ebf b\u00e0o \u1edf l\u1edbp bi\u1ec3u b\u00ec. Gi\u00fap da tr\u1eafng s\u00e1ng, d\u01b0\u1ee1ng \u1ea9m v\u00e0\u00a0ch\u1ed1ng l\u00e3o h\u00f3a.<\/li>\n<li><strong>Sodium Hyaluronic (HA):\u00a0<\/strong>D\u1ec5 d\u00e0ng th\u00e2m nh\u1eadp s\u00e2u v\u00e0o da \u0111\u1ec3 gi\u1eef \u0111\u1ed9 \u1ea9m. T\u0103ng \u0111\u1ed9 s\u0103n ch\u1eafc v\u00e0 m\u1ec1m m\u1ea1i, mang l\u1ea1i v\u1ebb r\u1ea1ng r\u1ee1 cho da. Gi\u1ea3m ng\u1ee9a cho l\u00e0n da b\u1ecb m\u1ea5t n\u01b0\u1edbc v\u00e0 k\u00edch \u1ee9ng. L\u00e0m m\u1ecbn da, l\u00e0m m\u1edd n\u1ebfp nh\u0103n, c\u1ea3i thi\u1ec7n k\u1ebft c\u1ea5u da.<\/li>\n<li><strong>Tinh d\u1ea7u th\u1ea7u d\u1ea7u:\u00a0<\/strong>C\u00f3 ch\u1ee9a ch\u1ea5t b\u00e9o trung t\u00ednh gi\u00fap duy tr\u00ec \u0111\u1ed9 \u1ea9m trong da n\u00ean n\u00f3 hi\u1ec7u qu\u1ea3 trong \u0111i\u1ec1u tr\u1ecb da kh\u00f4. C\u00f3 t\u00e1c d\u1ee5ng ch\u1ed1ng vi\u00eam, \u0111i\u1ec1u tr\u1ecb da k\u00edch \u1ee9ng. C\u00f3 t\u00e1c d\u1ee5ng l\u00e0m l\u00e0nh v\u1ebft th\u01b0\u01a1ng, v\u1ebft r\u1ea1n da.<\/li>\n<\/ul>\n<p>&nbsp;<\/p>\n<h2 id=\"3._cng_dung_chnh_cua_mat_na_duong_trang_chuyn_su_vitamin_c_the_nature_book_hn_quoc_nhap_khau_chnh_hng\">3. C\u00f4ng d\u1ee5ng ch\u00ednh<\/h2>\n<p>M\u1eb7t n\u1ea1 d\u01b0\u1ee1ng tr\u1eafng chuy\u00ean s\u00e2u Vitamin C The Nature Book H\u00e0n Qu\u1ed1c mang \u0111\u1ebfn hi\u1ec7u qu\u1ea3 b\u1ea5t ng\u1edd cho trong vi\u1ec7c c\u1ea3i thi\u1ec7n \u0111\u1ed9 tr\u1eafng s\u00e1ng c\u1ee7a da \u201cch\u1ec9 trong 7 ng\u00e0y\u201d s\u1eed d\u1ee5ng. Ngo\u00e0i ra, s\u1ea3n ph\u1ea9m c\u1ea5p \u1ea9m m\u1ed9t c\u00e1ch chuy\u00ean s\u00e2u, ng\u0103n ng\u1eeba l\u00e3o h\u00f3a, t\u0103ng \u0111\u1ed9 \u0111\u00e0n h\u1ed3i cho da v\u00f4 c\u00f9ng hi\u1ec7u qu\u1ea3.<\/p>\n<ul>\n<li>T\u00e1c d\u1ee5ng l\u00e0m tr\u1eafng, ch\u1ed1ng n\u1ebfp nh\u0103n c\u1ea3i thi\u1ec7n t\u00e0n nhang v\u00e0 c\u1ea3i thi\u1ec7n n\u00e1m s\u1ea1m.<\/li>\n<li>C\u1ea3i thi\u1ec7n l\u00e0n da sau h\u01b0 t\u1ed5n.<\/li>\n<li>Ngo\u00e0i ra v\u1edbi c\u1ea5u t\u1ea1o m\u00e0ng Cellulose sinh h\u1ecdc s\u1ea3n ph\u1ea9m c\u00f2n c\u00f3 \u0111\u1ed9 b\u00e1m cao v\u00e0 c\u1ea5p \u1ea9m v\u00f4 c\u00f9ng nhanh ch\u00f3ng.<\/li>\n<\/ul>\n<p>&nbsp;<\/p>\n<h2 id=\"4._huong_dan_su_dung_mat_na_duong_trang_chuyn_su_vitamin_c_the_nature_book_hn_quoc_nhap_khau_chnh_hng\">4. H\u01b0\u1edbng d\u1eabn s\u1eed d\u1ee5ng<\/h2>\n<h3>C\u00e1ch s\u1eed d\u1ee5ng:<\/h3>\n<p>B\u01b0\u1edbc 1: L\u00e0m s\u1ea1ch c\u1ea5u tr\u00fac da b\u1eb1ng\u00a0t\u1ea9y trang,\u00a0t\u1ea9y da ch\u1ebft,\u00a0s\u1eefa r\u1eeda m\u1eb7t, c\u00e2n b\u1eb1ng da b\u1eb1ng\u00a0toner.<\/p>\n<p>B\u01b0\u1edbc 2: L\u1ea5y M\u1eb7t n\u1ea1 d\u01b0\u1ee1ng tr\u1eafng chuy\u00ean s\u00e2u Vitamin C The Nature Book H\u00e0n Qu\u1ed1c ra, c\u1ea9n th\u1eadn \u0111\u1eafp \u0111\u1ec1u l\u00ean m\u1eb7t, tr\u1eeb ph\u1ea7n m\u1eaft v\u00e0 mi\u1ec7ng ra. Thoa \u0111\u1ec1u tinh ch\u1ea5t l\u00ean m\u1eb7t, \u0111\u1eb7c bi\u1ec7t l\u00e0 c\u00e1c v\u00f9ng da th\u00e2m nh\u01b0 qu\u1ea7ng m\u1eaft, kh\u00f3e m\u0169i. \u0110\u1ee3i kho\u1ea3ng 10-20 ph\u00fat.<\/p>\n<p>B\u01b0\u1edbc 3: Th\u00e1o m\u1eb7t n\u1ea1, v\u00e0 d\u00f9ng l\u01b0\u1ee3ng tinh ch\u1ea5t c\u00f2n l\u1ea1i trong v\u1ecf \u0111\u1ec3 massage nh\u1eb9 nh\u00e0ng trong 5 ph\u00fat \u0111\u1ec3 c\u00e1c d\u01b0\u1ee1ng ch\u1ea5t th\u1ea5m \u0111\u1ec1u v\u00e0o da.<\/p>\n<h3>L\u01b0u \u00fd khi s\u1eed d\u1ee5ng:<\/h3>\n<ul>\n<li>S\u1eed d\u1ee5ng M\u1eb7t n\u1ea1 d\u01b0\u1ee1ng tr\u1eafng chuy\u00ean s\u00e2u Vitamin C The Nature Book H\u00e0n Qu\u1ed1c 2-3 l\u1ea7n\/ tu\u1ea7n.<\/li>\n<li>S\u1ea3n ph\u1ea9m\u00a0ph\u00f9 h\u1ee3p t\u1ea5t c\u1ea3 c\u00e1c lo\u1ea1i da k\u1ec3 c\u1ea3 l\u00e0 v\u1edbi\u00a0da m\u1ee5n,\u00a0da b\u1ecb l\u00e3o h\u00f3a\u00a0v\u00e0 da nh\u1ea1y c\u1ea3m.<\/li>\n<li>B\u1ea3o qu\u1ea3n s\u1ea3n ph\u1ea9m n\u01a1i kh\u00f4 tho\u00e1ng, tr\u00e1nh \u00e1nh n\u1eafng tr\u1ef1c ti\u1ebfp, tr\u00e1nh xa t\u1ea7m tay tr\u1ebb em.<\/li>\n<\/ul>\n<figure id=\"attachment_2219\" class=\"wp-caption aligncenter\" aria-describedby=\"caption-attachment-2219\"><figcaption id=\"caption-attachment-2219\" class=\"wp-caption-text\">M\u1eb7t n\u1ea1 d\u01b0\u1ee1ng tr\u1eafng chuy\u00ean s\u00e2u Vitamin C gi\u00fap tr\u1eafng da \u0111\u1ed9t ph\u00e1 ch\u1ec9 trong 7 ng\u00e0y s\u1eed d\u1ee5ng<\/figcaption><\/figure>\n<h2 id=\"5._cam_ket_v_bao_hnh_sua_rua_mat_tr_xanh_the_nature_book_hn_quoc\">5. Cam K\u1ebft T\u1eeb The Nature Book<\/h2>\n<ol>\n<li>M\u1eb7t n\u1ea1 d\u01b0\u1ee1ng tr\u1eafng chuy\u00ean s\u00e2u Vitamin C The Nature Book H\u00e0n Qu\u1ed1c S\u1ea1ch, An to\u00e0n, Hi\u1ec7u qu\u1ea3, v\u00e0 Ch\u1ea5t l\u01b0\u1ee3ng.<\/li>\n<li>Th\u00e2n thi\u1ec7n v\u1edbi m\u00f4i tr\u01b0\u1eddng, g\u1ea7n g\u0169i v\u1edbi \u0111\u1eddi s\u1ed1ng. \u0110\u1ea3m b\u1ea3o v\u00f2ng tu\u1ea7n ho\u00e0n b\u1ec1n v\u1eefng c\u1ee7a t\u1ef1 nhi\u00ean.<\/li>\n<li>\u0110\u01b0\u1ee3c s\u1ea3n xu\u1ea5t b\u1edfi 1 trong 3 nh\u00e0 m\u00e1y top \u0111\u1ea7u H\u00e0n Qu\u1ed1c v\u1ec1 nghi\u00ean c\u1ee9u v\u00e0 ph\u00e1t tri\u1ec3n c\u00e1c d\u00f2ng s\u1ea3n ph\u1ea9m chi\u1ebft xu\u1ea5t t\u1eeb thi\u00ean nhi\u00ean.<\/li>\n<li>L\u00e0 gi\u1ea3i ph\u00e1p l\u00e0m \u0111\u1eb9p hi\u1ec7u qu\u1ea3 v\u00e0 ti\u1ebft ki\u1ec7m<\/li>\n<li>S\u1eb5n s\u00e0ng chia s\u1ebb l\u1ee3i \u00edch v\u1edbi \u0111\u1ed1i t\u00e1c, kh\u00e1ch h\u00e0ng, v\u00e0 x\u00e3 h\u1ed9i<\/li>\n<\/ol>\n","protected":false},"excerpt":{"rendered":"<ul>\n<li><strong>C\u00f4ng d\u1ee5ng ch\u00ednh<\/strong>: Tr\u1eafng s\u00e1ng m\u1ecbn m\u00e0ng th\u1ea7n t\u1ed1c cho m\u1ecdi l\u00e0n da. \u0110\u1ed9c \u0111\u00e1o v\u1edbi kh\u1ea3 n\u0103ng chinh ph\u1ee5c ho\u00e0n to\u00e0n c\u00e1c l\u00e0n da x\u1ec9n m\u00e0u, \u0111en s\u1ea1m hay th\u00e2m n\u00e1m, t\u00e0n nhang. \u0110\u1ed1n tim n\u00e0ng say m\u00ea ngay l\u1ea7n \u0111\u1ea7u s\u1eed d\u1ee5ng!<\/li>\n<li><strong>Dung t\u00edch<\/strong>:\u00a025g x 10<\/li>\n<li><strong>Th\u01b0\u01a1ng hi\u1ec7u<\/strong>:\u00a0The Nature Book<\/li>\n<li><strong>Xu\u1ea5t x\u1ee9<\/strong>:\u00a0H\u00e0n Qu\u1ed1c<\/li>\n<\/ul>\n","protected":false},"featured_media":1277,"comment_status":"open","ping_status":"closed","template":"","meta":{"site-sidebar-layout":"default","site-content-layout":"","ast-site-content-layout":"default","site-content-style":"default","site-sidebar-style":"default","ast-global-header-display":"","ast-banner-title-visibility":"","ast-main-header-display":"","ast-hfb-above-header-display":"","ast-hfb-below-header-display":"","ast-hfb-mobile-header-display":"","site-post-title":"","ast-breadcrumbs-content":"","ast-featured-img":"","footer-sml-layout":"","theme-transparent-header-meta":"","adv-header-id-meta":"","stick-header-meta":"","header-above-stick-meta":"","header-main-stick-meta":"","header-below-stick-meta":"","astra-migrate-meta-layouts":"default","ast-page-background-enabled":"default","ast-page-background-meta":{"desktop":{"background-color":"var(--ast-global-color-5)","background-image":"","background-repeat":"repeat","background-position":"center center","background-size":"auto","background-attachment":"scroll","background-type":"","background-media":"","overlay-type":"","overlay-color":"","overlay-opacity":"","overlay-gradient":""},"tablet":{"background-color":"","background-image":"","background-repeat":"repeat","background-position":"center center","background-size":"auto","background-attachment":"scroll","background-type":"","background-media":"","overlay-type":"","overlay-color":"","overlay-opacity":"","overlay-gradient":""},"mobile":{"background-color":"","background-image":"","background-repeat":"repeat","background-position":"center center","background-size":"auto","background-attachment":"scroll","background-type":"","background-media":"","overlay-type":"","overlay-color":"","overlay-opacity":"","overlay-gradient":""}},"ast-content-background-meta":{"desktop":{"background-color":"var(--ast-global-color-4)","background-image":"","background-repeat":"repeat","background-position":"center center","background-size":"auto","background-attachment":"scroll","background-type":"","background-media":"","overlay-type":"","overlay-color":"","overlay-opacity":"","overlay-gradient":""},"tablet":{"background-color":"var(--ast-global-color-4)","background-image":"","background-repeat":"repeat","background-position":"center center","background-size":"auto","background-attachment":"scroll","background-type":"","background-media":"","overlay-type":"","overlay-color":"","overlay-opacity":"","overlay-gradient":""},"mobile":{"background-color":"var(--ast-global-color-4)","background-image":"","background-repeat":"repeat","background-position":"center center","background-size":"auto","background-attachment":"scroll","background-type":"","background-media":"","overlay-type":"","overlay-color":"","overlay-opacity":"","overlay-gradient":""}}},"product_brand":[122],"product_cat":[18,298,323,17,121,291],"product_tag":[],"class_list":{"0":"post-1242","1":"product","2":"type-product","3":"status-publish","4":"has-post-thumbnail","6":"product_brand-nature-book","7":"product_cat-cham-soc-da-mat","8":"product_cat-cham-soc-da-mat-sac-dep","9":"product_cat-mat-na","10":"product_cat-my-pham","11":"product_cat-nature-book","12":"product_cat-sac-dep","13":"desktop-align-left","14":"tablet-align-left","15":"mobile-align-left","17":"first","18":"instock","19":"taxable","20":"shipping-taxable","21":"purchasable","22":"product-type-simple"},"_links":{"self":[{"href":"https:\/\/omewa.online\/index.php\/wp-json\/wp\/v2\/product\/1242","targetHints":{"allow":["GET"]}}],"collection":[{"href":"https:\/\/omewa.online\/index.php\/wp-json\/wp\/v2\/product"}],"about":[{"href":"https:\/\/omewa.online\/index.php\/wp-json\/wp\/v2\/types\/product"}],"replies":[{"embeddable":true,"href":"https:\/\/omewa.online\/index.php\/wp-json\/wp\/v2\/comments?post=1242"}],"wp:featuredmedia":[{"embeddable":true,"href":"https:\/\/omewa.online\/index.php\/wp-json\/wp\/v2\/media\/1277"}],"wp:attachment":[{"href":"https:\/\/omewa.online\/index.php\/wp-json\/wp\/v2\/media?parent=1242"}],"wp:term":[{"taxonomy":"product_brand","embeddable":true,"href":"https:\/\/omewa.online\/index.php\/wp-json\/wp\/v2\/product_brand?post=1242"},{"taxonomy":"product_cat","embeddable":true,"href":"https:\/\/omewa.online\/index.php\/wp-json\/wp\/v2\/product_cat?post=1242"},{"taxonomy":"product_tag","embeddable":true,"href":"https:\/\/omewa.online\/index.php\/wp-json\/wp\/v2\/product_tag?post=1242"}],"curies":[{"name":"wp","href":"https:\/\/api.w.org\/{rel}","templated":true}]}}