{"id":1241,"date":"2025-11-01T18:19:13","date_gmt":"2025-11-01T18:19:13","guid":{"rendered":"https:\/\/omewa.online\/?post_type=product&#038;p=1241"},"modified":"2025-11-26T01:33:49","modified_gmt":"2025-11-26T01:33:49","slug":"mat-na-duong-trang-chong-nhan-hoa-oai-huong-the-nature-book","status":"publish","type":"product","link":"https:\/\/omewa.online\/index.php\/product\/mat-na-duong-trang-chong-nhan-hoa-oai-huong-the-nature-book\/","title":{"rendered":"M\u1eb7t N\u1ea1 D\u01b0\u1ee1ng Tr\u1eafng Ch\u1ed1ng Nh\u0103n Hoa O\u1ea3i H\u01b0\u01a1ng The Nature Book"},"content":{"rendered":"<p>M\u1eb7t N\u1ea1 D\u01b0\u1ee1ng Tr\u1eafng Ch\u1ed1ng Nh\u0103n Hoa O\u1ea3i H\u01b0\u01a1ng The Nature Book Th\u00e0nh Ph\u1ea7n L\u00e0nh T\u00ednh H\u1ed9p 10 Mi\u1ebfng<\/p>\n<p>TH\u00d4NG TIN S\u1ea2N PH\u1ea8M<br \/>\n&#8211; Th\u01b0\u01a1ng hi\u1ec7u: The Nature Book<br \/>\n&#8211; Xu\u1ea5t x\u1ee9: H\u00e0n Qu\u1ed1c<br \/>\n&#8211; Th\u00e0nh ph\u1ea7n ch\u00ednh: Lavender, Chi\u1ebft xu\u1ea5t r\u1ec5 c\u00e2y ngh\u1ec7, Prunella Vulgaris Extract, Chi\u1ebft xu\u1ea5t Fucus Vesiculosus, Chi\u1ebft xu\u1ea5t Sasa Quelpaertensis, Chi\u1ebft xu\u1ea5t l\u00e1 tr\u00e0, Chi\u1ebft xu\u1ea5t c\u00e2y ph\u1ec9<br \/>\n&#8211; Quy c\u00e1ch \u0111\u00f3ng g\u00f3i: H\u1ed9p 10 mi\u1ebfng x 25g<br \/>\n&#8211; Lo\u1ea1i da: Ph\u00f9 h\u1ee3p v\u1edbi t\u1ea5t c\u1ea3 c\u00e1c lo\u1ea1i da k\u1ec3 c\u1ea3 l\u00e0 v\u1edbi da m\u1ee5n, da b\u1ecb l\u00e3o h\u00f3a v\u00e0 da nh\u1ea1y c\u1ea3m<\/p>\n<p>\u0110\u1eb6C \u0110I\u1ec2M S\u1ea2N PH\u1ea8M<br \/>\n&#8211; M\u1eb7t n\u1ea1 d\u01b0\u1ee1ng tr\u1eafng ch\u1ed1ng nh\u0103n The Nature Book \u0111\u01b0\u1ee3c s\u1ea3n xu\u1ea5t t\u1ea1i H\u00e0n Qu\u1ed1c v\u00e0 c\u00f3 th\u00e0nh ph\u1ea7n 100% t\u1ef1 nhi\u00ean, v\u1edbi thi\u1ebft k\u1ebf m\u1ec1m m\u1ea1i, \u00f4m kh\u00edt m\u1eb7t nh\u01b0 l\u00e0n da th\u1ee9 hai gi\u00fap d\u01b0\u1ee1ng ch\u1ea5t th\u1ea9m th\u1ea5y s\u00e2u nu\u00f4i d\u01b0\u1ee1ng l\u00e0n da t\u1ed1i \u01b0u, mang l\u1ea1i l\u00e0n da c\u0103ng m\u1ecdng, tr\u1eafng h\u1ed3ng r\u1ea1ng r\u1ee1.<br \/>\n&#8211; M\u1eb7t n\u1ea1 \u0111\u1ea1t ch\u1ee9ng nh\u1eadn thu\u1ea7n chay.<\/p>\n<p>C\u00d4NG D\u1ee4NG S\u1ea2N PH\u1ea8M<br \/>\n&#8211; Gi\u00fap c\u00e2n b\u1eb1ng b\u00e3 nh\u1eddn tr\u00ean da, ng\u0103n ng\u1eeba m\u1ee5n nh\u1ecdt hi\u1ec7u qu\u1ea3.<br \/>\n&#8211; Gi\u00fap c\u1ea3i thi\u1ec7n m\u00e0u da, l\u00e0m tr\u1eafng da, cho l\u00e0n da tr\u1eafng s\u00e1ng m\u1ecbn m\u00e0ng t\u1ef1 nhi\u00ean.<br \/>\n&#8211; Ng\u0103n ng\u1eeba t\u00ecnh tr\u1ea1ng da d\u1ebb b\u1ecb kh\u00f4 r\u00e1p, bong tr\u00f3c, t\u0103ng c\u01b0\u1eddng c\u1ea5p \u1ea9m cho l\u00e0n da m\u1ec1m m\u1ea1i, c\u0103ng m\u1ecbn.<br \/>\n&#8211; C\u00f3 t\u00e1c d\u1ee5ng ch\u1ed1ng oxy h\u00f3a, ng\u0103n ng\u1eeba c\u00e1c d\u1ea5u hi\u1ec7u l\u00e3o h\u00f3a s\u1edbm tr\u00ean da, gi\u00fap l\u00e0n da t\u01b0\u01a1i tr\u1ebb, l\u01b0u gi\u1eef tu\u1ed5i thanh xu\u00e2n l\u00e2u d\u00e0i.<br \/>\n&#8211; \u1ee8c ch\u1ebf nh\u1eefng t\u00e1c nh\u00e2n t\u1eeb m\u00f4i tr\u01b0\u1eddng g\u00e2y h\u1ea1i cho l\u00e0n da, b\u1ea3o v\u1ec7 l\u00e0n da lu\u00f4n kh\u1ecfe m\u1ea1nh, t\u0103ng c\u01b0\u1eddng s\u1ee9c s\u1ed1ng cho da.<br \/>\n&#8211; C\u00f3 hi\u1ec7u qu\u1ea3 trong vi\u1ec7c ch\u1ed1ng nh\u0103n da, t\u0103ng c\u01b0\u1eddng \u0111\u1ed9 \u0111\u00e0n h\u1ed3i c\u1ee7a da, t\u00e1i t\u1ea1o ph\u1ee5c h\u1ed3i t\u1ebf b\u00e0o da b\u1ecb t\u1ed5n th\u01b0\u01a1ng.<br \/>\n&#8211; S\u1eed d\u1ee5ng M\u1eb7t n\u1ea1 d\u01b0\u1ee1ng tr\u1eafng ch\u1ed1ng nh\u0103n Hoa o\u1ea3i h\u01b0\u01a1ng The Nature Book H\u00e0n Qu\u1ed1c v\u1edbi h\u01b0\u01a1ng hoa o\u1ea3i h\u01b0\u01a1ng c\u00f3 t\u00e1c d\u1ee5ng gi\u1ea3i t\u1ecfa stress, gi\u1ea3m lo \u00e2u, xoa d\u1ecbu m\u1ec7t m\u1ecfi, gi\u00fap tinh th\u1ea7n \u0111\u01b0\u1ee3c th\u01b0 th\u00e1i.<\/p>\n<p>H\u01af\u1edaNG D\u1eaaN S\u1eec D\u1ee4NG<br \/>\n&#8211; S\u1eed d\u1ee5ng M\u1eb7t n\u1ea1 d\u01b0\u1ee1ng tr\u1eafng ch\u1ed1ng nh\u0103n Hoa o\u1ea3i h\u01b0\u01a1ng The Nature Book H\u00e0n Qu\u1ed1c sau khi \u0111\u00e3 l\u00e0m s\u1ea1ch da m\u1eb7t v\u00e0 th\u1ea5m kh\u00f4 n\u01b0\u1edbc.<br \/>\n&#8211; L\u1ea5y mi\u1ebfng m\u1eb7t n\u1ea1 ra kh\u1ecfi bao b\u00ec, d\u00e1n \u0111\u1ec1u l\u00ean m\u1eb7t (tr\u00e1nh ph\u1ea7n m\u1eaft v\u00e0 mi\u1ec7ng).<br \/>\n&#8211; Sau kho\u1ea3ng 10-20 ph\u00fat th\u00ec g\u1ee1 mi\u1ebfng m\u1eb7t n\u1ea1 ra kh\u1ecfi da.<br \/>\n&#8211; Ti\u1ebfn h\u00e0nh massage nh\u1eb9 nh\u00e0ng \u0111\u1ec3 d\u01b0\u1ee1ng ch\u1ea5t th\u1ea9m th\u1ea5u v\u00e0o da t\u1ed1t nh\u1ea5t.<br \/>\n&#8211; S\u1eed d\u1ee5ng M\u1eb7t n\u1ea1 d\u01b0\u1ee1ng tr\u1eafng da Hoa o\u1ea3i h\u01b0\u01a1ng The Nature Book H\u00e0n Qu\u1ed1c 2-3 l\u1ea7n\/ tu\u1ea7n.<\/p>\n<p>H\u01af\u1edaNG D\u1eaaN B\u1ea2O QU\u1ea2N<br \/>\n&#8211; B\u1ea3o qu\u1ea3n s\u1ea3n ph\u1ea9m n\u01a1i kh\u00f4 tho\u00e1ng, tr\u00e1nh \u00e1nh n\u1eafng tr\u1ef1c ti\u1ebfp.<br \/>\n&#8211; \u0110\u1ec3 xa t\u1ea7m tay tr\u1ebb em<\/p>\n","protected":false},"excerpt":{"rendered":"<p>TH\u00d4NG TIN S\u1ea2N PH\u1ea8M<br \/>\n&#8211; Th\u01b0\u01a1ng hi\u1ec7u: The Nature Book<br \/>\n&#8211; Xu\u1ea5t x\u1ee9: H\u00e0n Qu\u1ed1c<br \/>\n&#8211; Th\u00e0nh ph\u1ea7n ch\u00ednh: Lavender, Chi\u1ebft xu\u1ea5t r\u1ec5 c\u00e2y ngh\u1ec7, Prunella Vulgaris Extract, Chi\u1ebft xu\u1ea5t Fucus Vesiculosus, Chi\u1ebft xu\u1ea5t Sasa Quelpaertensis, Chi\u1ebft xu\u1ea5t l\u00e1 tr\u00e0, Chi\u1ebft xu\u1ea5t c\u00e2y ph\u1ec9<br \/>\n&#8211; Quy c\u00e1ch \u0111\u00f3ng g\u00f3i: H\u1ed9p 10 mi\u1ebfng x 25g<br \/>\n&#8211; Lo\u1ea1i da: Ph\u00f9 h\u1ee3p v\u1edbi t\u1ea5t c\u1ea3 c\u00e1c lo\u1ea1i da k\u1ec3 c\u1ea3 l\u00e0 v\u1edbi da m\u1ee5n, da b\u1ecb l\u00e3o h\u00f3a v\u00e0 da nh\u1ea1y c\u1ea3m<\/p>\n","protected":false},"featured_media":1271,"comment_status":"open","ping_status":"closed","template":"","meta":{"site-sidebar-layout":"default","site-content-layout":"","ast-site-content-layout":"default","site-content-style":"default","site-sidebar-style":"default","ast-global-header-display":"","ast-banner-title-visibility":"","ast-main-header-display":"","ast-hfb-above-header-display":"","ast-hfb-below-header-display":"","ast-hfb-mobile-header-display":"","site-post-title":"","ast-breadcrumbs-content":"","ast-featured-img":"","footer-sml-layout":"","theme-transparent-header-meta":"","adv-header-id-meta":"","stick-header-meta":"","header-above-stick-meta":"","header-main-stick-meta":"","header-below-stick-meta":"","astra-migrate-meta-layouts":"default","ast-page-background-enabled":"default","ast-page-background-meta":{"desktop":{"background-color":"var(--ast-global-color-5)","background-image":"","background-repeat":"repeat","background-position":"center center","background-size":"auto","background-attachment":"scroll","background-type":"","background-media":"","overlay-type":"","overlay-color":"","overlay-opacity":"","overlay-gradient":""},"tablet":{"background-color":"","background-image":"","background-repeat":"repeat","background-position":"center center","background-size":"auto","background-attachment":"scroll","background-type":"","background-media":"","overlay-type":"","overlay-color":"","overlay-opacity":"","overlay-gradient":""},"mobile":{"background-color":"","background-image":"","background-repeat":"repeat","background-position":"center center","background-size":"auto","background-attachment":"scroll","background-type":"","background-media":"","overlay-type":"","overlay-color":"","overlay-opacity":"","overlay-gradient":""}},"ast-content-background-meta":{"desktop":{"background-color":"var(--ast-global-color-4)","background-image":"","background-repeat":"repeat","background-position":"center center","background-size":"auto","background-attachment":"scroll","background-type":"","background-media":"","overlay-type":"","overlay-color":"","overlay-opacity":"","overlay-gradient":""},"tablet":{"background-color":"var(--ast-global-color-4)","background-image":"","background-repeat":"repeat","background-position":"center center","background-size":"auto","background-attachment":"scroll","background-type":"","background-media":"","overlay-type":"","overlay-color":"","overlay-opacity":"","overlay-gradient":""},"mobile":{"background-color":"var(--ast-global-color-4)","background-image":"","background-repeat":"repeat","background-position":"center center","background-size":"auto","background-attachment":"scroll","background-type":"","background-media":"","overlay-type":"","overlay-color":"","overlay-opacity":"","overlay-gradient":""}}},"product_brand":[122],"product_cat":[299,18,298,17,121,291],"product_tag":[],"class_list":{"0":"post-1241","1":"product","2":"type-product","3":"status-publish","4":"has-post-thumbnail","6":"product_brand-nature-book","7":"product_cat-bo-san-pham-lam-dep","8":"product_cat-cham-soc-da-mat","9":"product_cat-cham-soc-da-mat-sac-dep","10":"product_cat-my-pham","11":"product_cat-nature-book","12":"product_cat-sac-dep","13":"desktop-align-left","14":"tablet-align-left","15":"mobile-align-left","17":"first","18":"instock","19":"taxable","20":"shipping-taxable","21":"purchasable","22":"product-type-simple"},"_links":{"self":[{"href":"https:\/\/omewa.online\/index.php\/wp-json\/wp\/v2\/product\/1241","targetHints":{"allow":["GET"]}}],"collection":[{"href":"https:\/\/omewa.online\/index.php\/wp-json\/wp\/v2\/product"}],"about":[{"href":"https:\/\/omewa.online\/index.php\/wp-json\/wp\/v2\/types\/product"}],"replies":[{"embeddable":true,"href":"https:\/\/omewa.online\/index.php\/wp-json\/wp\/v2\/comments?post=1241"}],"wp:featuredmedia":[{"embeddable":true,"href":"https:\/\/omewa.online\/index.php\/wp-json\/wp\/v2\/media\/1271"}],"wp:attachment":[{"href":"https:\/\/omewa.online\/index.php\/wp-json\/wp\/v2\/media?parent=1241"}],"wp:term":[{"taxonomy":"product_brand","embeddable":true,"href":"https:\/\/omewa.online\/index.php\/wp-json\/wp\/v2\/product_brand?post=1241"},{"taxonomy":"product_cat","embeddable":true,"href":"https:\/\/omewa.online\/index.php\/wp-json\/wp\/v2\/product_cat?post=1241"},{"taxonomy":"product_tag","embeddable":true,"href":"https:\/\/omewa.online\/index.php\/wp-json\/wp\/v2\/product_tag?post=1241"}],"curies":[{"name":"wp","href":"https:\/\/api.w.org\/{rel}","templated":true}]}}