{"id":1209,"date":"2025-11-01T18:18:49","date_gmt":"2025-11-01T18:18:49","guid":{"rendered":"https:\/\/omewa.online\/?post_type=product&#038;p=1209"},"modified":"2026-04-15T21:49:51","modified_gmt":"2026-04-15T20:49:51","slug":"hac-sam-edally-nhap-khau-han-quoc-hwa-pyung-sam-edally","status":"publish","type":"product","link":"https:\/\/omewa.online\/index.php\/product\/hac-sam-edally-nhap-khau-han-quoc-hwa-pyung-sam-edally\/","title":{"rendered":"H\u1eafc S\u00e2m Edally nh\u1eadp kh\u1ea9u H\u00e0n Qu\u1ed1c (Hwa Pyung Sam Edally)"},"content":{"rendered":"<h2>M\u00f4 T\u1ea3 S\u1ea3n Ph\u1ea9m<\/h2>\n<h3>Th\u00e0nh ph\u1ea7n<\/h3>\n<p>Chi\u1ebft xu\u1ea5t h\u1ed7n h\u1ee3p nh\u00e2n s\u00e2m \u0111en c\u00f4 \u0111\u1eb7c (t\u1ed5ng h\u00e0m l\u01b0\u1ee3ng ginsenoside Rg1, Rb1 v\u00e0 Rg3 2.5mg\/g), chi\u1ebft xu\u1ea5t h\u1ed7n h\u1ee3p th\u1ef1c v\u1eadt c\u00f4 \u0111\u1eb7c [chi\u1ebft xu\u1ea5t h\u1ed7n h\u1ee3p th\u1ef1c v\u1eadt (n\u01b0\u1edbc tinh khi\u1ebft, ng\u1ea3i c\u1ee9u t\u00e2y (n\u1ed9i \u0111\u1ecba), \u00edch m\u1eabu (n\u1ed9i \u0111\u1ecba), t\u00e1o t\u00e0u (n\u1ed9i \u0111\u1ecba), c\u00e2y b\u1ea1ch ch\u1ec9, \u0111\u01b0\u01a1ng quy, c\u00e1t c\u0103n, hoa c\u00fac, \u0111\u1ecba ho\u00e0ng, ng\u1ea3i c\u1ee9u, gi\u1ea7n s\u00e0ng, th\u01b0\u01a1ng tru\u1eadt, hoa m\u1eabu \u0111\u01a1n, h\u01b0\u01a1ng li\u1ec7u, ho\u00e0ng k\u1ef3, n\u1ea5m linh chi, cam th\u1ea3o), \u0111\u01b0\u1eddng], th\u1ee5c \u0111\u1ecba, h\u1ed3ng s\u00e2m c\u00f4 \u0111\u1eb7c (th\u00e0nh ph\u1ea7n h\u1ed3ng s\u00e2m 70mg\/g, h\u00e0m l\u01b0\u1ee3ng ch\u1ea5t r\u1eafn 60%, s\u1ea3n xu\u1ea5t trong n\u01b0\u1edbc), ng\u1ea3i c\u1ee9u c\u00f4 \u0111\u1eb7c, chi\u1ebft xu\u1ea5t h\u1ed3ng s\u00e2m.<\/p>\n<h3>Th\u1eddi h\u1ea1n s\u1eed d\u1ee5ng<\/h3>\n<p>03 n\u0103m k\u1ec3 t\u1eeb ng\u00e0y s\u1ea3n xu\u1ea5t, h\u1ea1n s\u1eed d\u1ee5ng in tr\u00ean bao b\u00ec s\u1ea3n ph\u1ea9m.<\/p>\n<h3>H\u01b0\u1edbng d\u1eabn s\u1eed d\u1ee5ng<\/h3>\n<p>Ng\u00e0y u\u1ed1ng 1-2 l\u1ea7n, m\u1ed7i l\u1ea7n 3g, u\u1ed1ng tr\u1ef1c ti\u1ebfp ho\u1eb7c h\u00f2a tan trong n\u01b0\u1edbc.<\/p>\n<h3>B\u1ea3o qu\u1ea3n<\/h3>\n<p>B\u1ea3o qu\u1ea3n \u1edf n\u01a1i tho\u00e1ng m\u00e1t, tr\u00e1ng \u00e1nh n\u0103ng tr\u1ef1c ti\u1ebfp.<\/p>\n<h3>Quy c\u00e1ch \u0111\u00f3ng g\u00f3i<\/h3>\n<p>240g\/l\u1ecd.<\/p>\n<p><em><strong>L\u01b0u \u00fd:<\/strong><\/em>\u00a0Kh\u00f4ng ti\u00eau th\u1ee5 n\u1ebfu ch\u1ea5t b\u00ean trong \u0111\u00e3 b\u1ecb h\u1ecfng. Sau khi m\u1edf, h\u00e3y \u0111\u00f3ng ch\u1eb7t n\u1eafp \u0111\u1ec3 tr\u00e1nh ch\u1ea5t b\u00ean trong b\u1ecb \u00f4 nhi\u1ec5m. B\u1ea3o qu\u1ea3n trong t\u1ee7 l\u1ea1nh v\u00e0 ti\u00eau th\u1ee5 c\u00e0ng s\u1edbm, c\u00e0ng t\u1ed1t. Trong tr\u01b0\u1eddng h\u1ee3p c\u00f3 th\u1ec3 ch\u1ea5t \u0111\u1eb7c bi\u1ec7t ho\u1eb7c d\u1ecb \u1ee9ng, ph\u1ea3n \u1ee9ng qu\u00e1 m\u1eabn c\u00f3 th\u1ec3 x\u1ea3y ra t\u00f9y th\u1ec3 tr\u1ea1ng t\u1eebng ng\u01b0\u1eddi, v\u00ec v\u1eady h\u00e3y ki\u1ec3m tra k\u1ef9 th\u00e0nh ph\u1ea7n nguy\u00ean li\u1ec7u th\u00f4 tr\u01b0\u1edbc khi s\u1eed d\u1ee5ng. S\u1ea3n ph\u1ea9m n\u00e0y \u0111\u01b0\u1ee3c s\u1ea3n xu\u1ea5t trong c\u00f9ng c\u01a1 s\u1edf s\u1ea3n xu\u1ea5t s\u1ea3n ph\u1ea9m c\u00f3 tr\u1ee9ng, s\u1eefa, ki\u1ec1u m\u1ea1ch, \u0111\u1eadu ph\u1ed9ng, l\u00faa m\u00ec, c\u00e1 thu, t\u00f4m, \u0111\u00e0o, c\u00e0 chua, qu\u1ea3 \u00f3c ch\u00f3, th\u1ecbt g\u00e0, th\u1ecbt b\u00f2, m\u1ef1c, \u0111\u1ed9ng v\u1eadt c\u00f3 v\u1ecf (bao g\u1ed3m h\u00e0u, b\u00e0o ng\u01b0), h\u1ea1t th\u00f4ng. C\u1ea9n th\u1eadn khi \u0111ang d\u00f9ng thu\u1ed1c (\u0110i\u1ec1u tr\u1ecb ti\u1ec3u \u0111\u01b0\u1eddng, \u0111\u00f4ng m\u00e1u).<\/p>\n","protected":false},"excerpt":{"rendered":"<ul>\n<li><strong>C\u00f4ng d\u1ee5ng<\/strong>: B\u1ed3i b\u1ed5, t\u0103ng \u0111\u1ec1 kh\u00e1ng s\u1ee9c kh\u1ecfe, C\u1ea3i thi\u1ec7n tr\u00ed nh\u1edb, gi\u1ea3m c\u0103ng th\u1eb3ng th\u1ea7n kinh, C\u00e2n b\u1eb1ng huy\u1ebft \u00e1p, h\u1ed7 tr\u1ee3 ti\u1ec3u \u0111\u01b0\u1eddng, m\u1ee1 m\u00e1u, K\u00ecm h\u00e3m s\u1ef1 ph\u00e1t tri\u1ec3n c\u1ee7a ung th\u01b0, T\u0103ng c\u01b0\u1eddng sinh l\u00fd nam gi\u1edbi.<\/li>\n<li><strong>Quy c\u00e1ch:<\/strong>\u00a0H\u1ed9p s\u1ea3n ph\u1ea9m (240g)<\/li>\n<li><strong>Th\u01b0\u01a1ng hi\u1ec7u<\/strong>: Edally BH<\/li>\n<li><strong>Xu\u1ea5t x\u1ee9<\/strong>: H\u00e0n Qu\u1ed1c<\/li>\n<li><strong>Nh\u00e0 s\u1ea3n xu\u1ea5t<\/strong>: Tae Woong<\/li>\n<li><strong>\u0110\u0103ng k\u00fd c\u00f4ng b\u1ed1 s\u1ed1<\/strong>: 02\/HBGROUP\/2020<\/li>\n<\/ul>\n","protected":false},"featured_media":1269,"comment_status":"open","ping_status":"closed","template":"","meta":{"site-sidebar-layout":"default","site-content-layout":"","ast-site-content-layout":"default","site-content-style":"default","site-sidebar-style":"default","ast-global-header-display":"","ast-banner-title-visibility":"","ast-main-header-display":"","ast-hfb-above-header-display":"","ast-hfb-below-header-display":"","ast-hfb-mobile-header-display":"","site-post-title":"","ast-breadcrumbs-content":"","ast-featured-img":"","footer-sml-layout":"","theme-transparent-header-meta":"","adv-header-id-meta":"","stick-header-meta":"","header-above-stick-meta":"","header-main-stick-meta":"","header-below-stick-meta":"","astra-migrate-meta-layouts":"default","ast-page-background-enabled":"default","ast-page-background-meta":{"desktop":{"background-color":"var(--ast-global-color-5)","background-image":"","background-repeat":"repeat","background-position":"center center","background-size":"auto","background-attachment":"scroll","background-type":"","background-media":"","overlay-type":"","overlay-color":"","overlay-opacity":"","overlay-gradient":""},"tablet":{"background-color":"","background-image":"","background-repeat":"repeat","background-position":"center center","background-size":"auto","background-attachment":"scroll","background-type":"","background-media":"","overlay-type":"","overlay-color":"","overlay-opacity":"","overlay-gradient":""},"mobile":{"background-color":"","background-image":"","background-repeat":"repeat","background-position":"center center","background-size":"auto","background-attachment":"scroll","background-type":"","background-media":"","overlay-type":"","overlay-color":"","overlay-opacity":"","overlay-gradient":""}},"ast-content-background-meta":{"desktop":{"background-color":"var(--ast-global-color-4)","background-image":"","background-repeat":"repeat","background-position":"center center","background-size":"auto","background-attachment":"scroll","background-type":"","background-media":"","overlay-type":"","overlay-color":"","overlay-opacity":"","overlay-gradient":""},"tablet":{"background-color":"var(--ast-global-color-4)","background-image":"","background-repeat":"repeat","background-position":"center center","background-size":"auto","background-attachment":"scroll","background-type":"","background-media":"","overlay-type":"","overlay-color":"","overlay-opacity":"","overlay-gradient":""},"mobile":{"background-color":"var(--ast-global-color-4)","background-image":"","background-repeat":"repeat","background-position":"center center","background-size":"auto","background-attachment":"scroll","background-type":"","background-media":"","overlay-type":"","overlay-color":"","overlay-opacity":"","overlay-gradient":""}}},"product_brand":[119],"product_cat":[118,514,427,428],"product_tag":[],"class_list":{"0":"post-1209","1":"product","2":"type-product","3":"status-publish","4":"has-post-thumbnail","6":"product_brand-edally","7":"product_cat-edally-ex","8":"product_cat-ho-tro-suc-khoe","9":"product_cat-suc-khoe","10":"product_cat-thuc-pham-chuc-nang","11":"desktop-align-left","12":"tablet-align-left","13":"mobile-align-left","15":"first","16":"instock","17":"sale","18":"taxable","19":"shipping-taxable","20":"purchasable","21":"product-type-simple"},"_links":{"self":[{"href":"https:\/\/omewa.online\/index.php\/wp-json\/wp\/v2\/product\/1209","targetHints":{"allow":["GET"]}}],"collection":[{"href":"https:\/\/omewa.online\/index.php\/wp-json\/wp\/v2\/product"}],"about":[{"href":"https:\/\/omewa.online\/index.php\/wp-json\/wp\/v2\/types\/product"}],"replies":[{"embeddable":true,"href":"https:\/\/omewa.online\/index.php\/wp-json\/wp\/v2\/comments?post=1209"}],"wp:featuredmedia":[{"embeddable":true,"href":"https:\/\/omewa.online\/index.php\/wp-json\/wp\/v2\/media\/1269"}],"wp:attachment":[{"href":"https:\/\/omewa.online\/index.php\/wp-json\/wp\/v2\/media?parent=1209"}],"wp:term":[{"taxonomy":"product_brand","embeddable":true,"href":"https:\/\/omewa.online\/index.php\/wp-json\/wp\/v2\/product_brand?post=1209"},{"taxonomy":"product_cat","embeddable":true,"href":"https:\/\/omewa.online\/index.php\/wp-json\/wp\/v2\/product_cat?post=1209"},{"taxonomy":"product_tag","embeddable":true,"href":"https:\/\/omewa.online\/index.php\/wp-json\/wp\/v2\/product_tag?post=1209"}],"curies":[{"name":"wp","href":"https:\/\/api.w.org\/{rel}","templated":true}]}}