{"id":1208,"date":"2025-11-01T18:18:49","date_gmt":"2025-11-01T18:18:49","guid":{"rendered":"https:\/\/omewa.online\/?post_type=product&#038;p=1208"},"modified":"2025-12-13T03:37:38","modified_gmt":"2025-12-13T03:37:38","slug":"nuoc-uong-collagen-edally-han-quoc-sieu-collagen-lam-dep-edally","status":"publish","type":"product","link":"https:\/\/omewa.online\/index.php\/product\/nuoc-uong-collagen-edally-han-quoc-sieu-collagen-lam-dep-edally\/","title":{"rendered":"N\u01b0\u1edbc U\u1ed1ng Collagen Edally H\u00e0n Qu\u1ed1c \u2013 Si\u00eau Collagen L\u00e0m \u0110\u1eb9p Edally"},"content":{"rendered":"<h2 id=\"1._gioi_thieu_ve_nuoc_uong_beauty_super_collagen_edally_hn_quoc_nhap_khau_chnh_hng\">1. Gi\u1edbi thi\u1ec7u<\/h2>\n<ul>\n<li>N\u01b0\u1edbc u\u1ed1ng Beauty Super Collagen Edally ra m\u1eaft ng\u01b0\u1eddi ti\u00eau d\u00f9ng Vi\u1ec7t Nam ch\u00ednh th\u1ee9c v\u00e0o th\u00e1ng 5\/2018. \u0110\u1ebfn nay, n\u01b0\u1edbc u\u1ed1ng Beauty Super collagen Edally \u0111\u00e3 chi\u1ebfm tr\u1ecdn \u0111\u01b0\u1ee3c c\u1ea3m t\u00ecnh ng\u01b0\u1eddi ti\u00eau d\u00f9ng Vi\u1ec7t v\u1edbi h\u00e0ng tr\u0103m ngh\u00ecn ng\u01b0\u1eddi d\u00f9ng, \u0111\u1eb7c bi\u1ec7t l\u00e0 c\u00e1c sao n\u1eef Vi\u1ec7t \u0111\u00e3 tr\u1edf th\u00e0nh kh\u00e1ch h\u00e0ng trung th\u00e0nh nh\u01b0 V\u00e2n Dung \u201cT\u00e1o Y t\u1ebf\u201d, di\u1ec5n vi\u00ean L\u00ea Kh\u00e1nh,\u2026<\/li>\n<li>Nghi\u00ean c\u1ee9u trong nhi\u1ec1u n\u0103m li\u1ec1n, c\u00e1c nh\u00e0 s\u1ea3n xu\u1ea5t Cosmaxbio cho bi\u1ebft chi\u1ebft xu\u1ea5t\u00a0collagen n\u01b0\u1edbc\u00a0t\u1eeb thi\u00ean nhi\u00ean mang l\u1ea1i hi\u1ec7u qu\u1ea3 tuy\u1ec7t \u0111\u1ed1i cho ng\u01b0\u1eddi ti\u00eau d\u00f9ng kh\u00f4ng ch\u1ec9 v\u1ec1 nhan s\u1eafc m\u00e0 c\u00f2n v\u1ec1\u00a0s\u1ee9c kh\u1ecfe\u00a0t\u1eeb s\u00e2u b\u00ean trong c\u01a1 th\u1ec3.<\/li>\n<li>V\u1edbi chi\u1ebft xu\u1ea5t 100% t\u1eeb thi\u00ean nhi\u00ean,\u00a0N\u01b0\u1edbc u\u1ed1ng Beauty Super Collagen Edally\u00a0nhanh ch\u00f3ng \u0111\u01b0\u1ee3c B\u1ed9 Y t\u1ebf, T\u1ed5ng c\u1ee5c Ti\u00eau chu\u1ea9n \u0110o l\u01b0\u1eddng ch\u1ea5t l\u01b0\u1ee3ng\u2026 ch\u1ee9ng nh\u1eadn v\u1ec1 th\u00e0nh ph\u1ea7n.<\/li>\n<\/ul>\n<p><img fetchpriority=\"high\" decoding=\"async\" class=\"aligncenter size-full wp-image-378\" src=\"https:\/\/edallyvietnam.vn\/wp-content\/uploads\/2023\/02\/collagen-la-gi.jpg\" alt=\"Collagen La Gi\" width=\"640\" height=\"480\" \/><\/p>\n<h2 id=\"2._thnh_phan_cua_nuoc_uong_beauty_super_collagen_edally_hn_quoc_nhap_khau_chnh_hng\">2. Th\u00e0nh ph\u1ea7n chi\u1ebft xu\u1ea5t<\/h2>\n<ul>\n<li>Chi\u1ebft xu\u1ea5t Collagen c\u00e1 bi\u1ec3n s\u00e2u: C\u00f3 c\u1ea5u tr\u00fac collagen g\u1ea7n gi\u1ed1ng v\u1edbi \u1edf ng\u01b0\u1eddi nh\u1ea5t, hi\u1ec7u qu\u1ea3 g\u1ea5p nhi\u1ec1u l\u1ea7n chi\u1ebft xu\u1ea5t collagen t\u1eeb da \u0111\u1ed9ng v\u1eadt do k\u00edch th\u01b0\u1edbc si\u00eau nh\u1ecf. Ngo\u00e0i ra, m\u1ed9t l\u1ee3i \u00edch m\u00e0 c\u00e1c nh\u00e0 khoa h\u1ecdc \u0111\u1ec1u th\u00edch \u1edf collagen c\u00e1 bi\u1ec3n s\u00e2u \u0111\u00f3 l\u00e0 \u0111\u1ed9 \u0111\u00e0n h\u1ed3i cao h\u01a1n collagen th\u00f4ng th\u01b0\u1eddng, gi\u00fap da c\u0103ng m\u1ecdng, \u0111\u00e0n h\u1ed3i, gi\u1ea3m nh\u0103n v\u00e0 \u0111\u1ea9y l\u00f9i l\u00e3o h\u00f3a hi\u1ec7u qu\u1ea3 h\u01a1n.<\/li>\n<li>Chi\u1ebft xu\u1ea5t t\u1ed5 y\u1ebfn: kh\u00f4ng ph\u1ea3i ng\u1eabu nhi\u00ean m\u00e0 \u0111\u01b0\u1ee3c x\u1ebfp v\u00e0o nh\u00f3m th\u1ef1c ph\u1ea9m qu\u00fd. Trong t\u1ed5 y\u1ebfn c\u00f3 ch\u1ee9a axit amin Threonine \u2013 m\u1ed9t trong nh\u1eefng y\u1ebfu t\u1ed1 \u0111\u00f3ng g\u00f3p cho s\u1ef1 h\u00ecnh th\u00e0nh Elastine v\u00e0 Collagen (2 nh\u00e2n t\u1ed1 quan tr\u1ecdng cho da ph\u1ee5 n\u1eef). Threonine th\u00fac \u0111\u1ea9y t\u00e1i t\u1ea1o c\u00e1c t\u1ebf b\u00e0o da, gi\u00fap da c\u0103ng m\u1ecbn, tr\u00e0n \u0111\u1ea7y s\u1ee9c s\u1ed1ng v\u00e0 l\u00e0m ch\u1eadm qu\u00e1 tr\u00ecnh l\u00e3o ho\u00e1 da.<\/li>\n<li>Vitamin C hay c\u00f2n g\u1ecdi l\u00e0 acid ascorbic chi\u1ebfm 0,1 % trong\u00a0N\u01b0\u1edbc u\u1ed1ng Beauty Super Collagen Edally H\u00e0n Qu\u1ed1c. \u0110\u00e2y l\u00e0 th\u00e0nh ph\u1ea7n kh\u00f4ng th\u1ec3 thi\u1ebfu th\u00fac \u0111\u1ea9y s\u1ef1 h\u00ecnh th\u00e0nh collagen. N\u1ebfu c\u01a1 th\u1ec3 thi\u1ebfu vitamin C, qu\u00e1 tr\u00ecnh t\u1ed5ng h\u1ee3p\u00a0Collagen\u00a0g\u1eb7p tr\u1edf ng\u1ea1i, khi\u1ebfn c\u00e1c v\u1ebft th\u01b0\u01a1ng l\u00e2u l\u00e0nh d\u1eabn \u0111\u1ebfn xu\u1ea5t huy\u1ebft \u1edf nhi\u1ec1u m\u1ee9c \u0111\u1ed9 kh\u00e1c nhau (v\u1ee1 mao m\u1ea1ch, ch\u1ea3y m\u00e1u d\u01b0\u1edbi da, ch\u1ea3y m\u00e1u l\u1ee3i).\u00a0\u0110\u00e2y c\u00f2n l\u00e0 ch\u1ea5t k\u00edch ho\u1ea1t enzyme, c\u00f3 th\u1ec3 gia t\u0103ng s\u1ef1 ho\u1ea1t \u0111\u1ed9ng c\u1ee7a m\u1ed9t s\u1ed1 kim lo\u1ea1i, gi\u00fap da ch\u1ed1ng l\u1ea1i c\u00e1c g\u1ed1c t\u1ef1 do sinh ra b\u1edfi tia c\u1ef1c t\u00edm, tr\u00e1nh s\u1ef1 xu\u1ea5t hi\u1ec7n c\u1ee7a t\u00e0n nhang, th\u00fac \u0111\u1ea9y s\u1ef1 trao \u0111\u1ed5i ch\u1ea5t, g\u00f3p ph\u1ea7n ng\u0103n ng\u1eeba l\u00e3o h\u00f3a da.<\/li>\n<li>Hyaluronic Acid: ng\u00e0y nay\u00a0Hyaluronic Acid\u00a0\u0111\u01b0\u1ee3c xem nh\u01b0 m\u1ed9t y\u1ebfu t\u1ed1 quan tr\u1ecdng quy\u1ebft \u0111\u1ecbnh v\u1ebb t\u01b0\u01a1i tr\u1ebb c\u1ee7a l\u00e0n da nh\u01b0 collagen, n\u1ebfu kh\u00f4ng mu\u1ed1n n\u00f3i l\u00e0 quan tr\u1ecdng h\u01a1n c\u1ea3\u00a0Collagen.\u00a0Hyaluronic Acid\u00a0l\u00e0 chi\u1ebfc \u0111\u1ec7m \u00eam \u00e1i cho nh\u1eefng m\u1ea5u n\u1ed1i x\u01b0\u01a1ng kh\u1edbp, gi\u1eefa nh\u1eefng d\u00e2y th\u1ea7n kinh, d\u01b0\u1ee1ng \u1ea9m cho da, t\u00f3c v\u00e0 l\u1ea5p \u0111\u1ea7y h\u1ed1c m\u1eaft. V\u00ec v\u1eady, nh\u1eefng \u00edch l\u1ee3i c\u1ee7a HA kh\u00f4ng ch\u1ec9 gi\u00fap cho da b\u1ea1n\u00a0\u0111\u1eb9p h\u01a1n, c\u0103ng m\u1ecbn h\u01a1n m\u00e0 c\u00f2n r\u1ea5t quan tr\u1ecdng \u0111\u1ed1i v\u1edbi s\u1ee9c kh\u1ecfe x\u01b0\u01a1ng kh\u1edbp, m\u1eaft\u2026<\/li>\n<li>Chi\u1ebft xu\u1ea5t t\u00e1o v\u00e0 chanh: T\u1ea1o v\u1ecb chua chua ng\u1ecdt ng\u1ecdt th\u01a1m ngon d\u1ec5 u\u1ed1ng.<\/li>\n<li>N\u01b0\u1edbc u\u1ed1ng\u00a0Beauty Super Collagen Edally\u00a0H\u00e0n Qu\u1ed1c c\u00f3 th\u00e0nh ph\u1ea7n ch\u1ee7 y\u1ebfu t\u1eeb t\u1ef1 nhi\u00ean, an to\u00e0n l\u00e0nh t\u00ednh kh\u00f4ng g\u00e2y k\u00edch \u1ee9ng d\u1ecb \u1ee9ng, s\u1ea3n ph\u1ea9m \u0111\u01b0\u1ee3c ki\u1ec3m \u0111\u1ecbnh v\u00e0 ch\u1ee9ng nh\u1eadn ch\u1ea5t l\u01b0\u1ee3ng tr\u01b0\u1edbc khi \u0111\u1ebfn tay ng\u01b0\u1eddi ti\u00eau d\u00f9ng.<\/li>\n<\/ul>\n<h2 id=\"3._lieu_trnh_v_hieu_qua_su_dung_nuoc_uong_beauty_super_collagen_edally_hn_quoc_nhap_khau_chnh_hng\">3. Li\u1ec7u Tr\u00ecnh V\u00e0 Hi\u1ec7u Qu\u1ea3 S\u1eed D\u1ee5ng<\/h2>\n<ul>\n<li>15 ng\u00e0y \u0111\u1ea7u ti\u00ean: Trong hai tu\u1ea7n \u0111\u1ea7u s\u1eed d\u1ee5ng\u00a0N\u01b0\u1edbc u\u1ed1ng Beauty Super Collagen Edally, da b\u1ea1n b\u1eaft \u0111\u1ea7u m\u1ec1m m\u1ecbn v\u00e0 \u0111\u00e0n h\u1ed3i cao h\u01a1n so v\u1edbi tr\u01b0\u1edbc \u0111\u00f3.<\/li>\n<li>25 ng\u00e0y: Nh\u1eefng n\u1ebfp nh\u0103n tr\u00ean m\u1eb7t, n\u00e1m s\u1ea1m tr\u00ean da b\u1eaft \u0111\u1ea7u m\u1edd d\u1ea7n \u0111i. Da tr\u1edf n\u00ean s\u0103n ch\u1eafc, kh\u1ecfe m\u1ea1nh h\u01a1n.<\/li>\n<li>30 ng\u00e0y: Sau 30 ng\u00e0y, b\u1ea1n s\u1ebd th\u1ea5y kh\u1ecfe h\u01a1n t\u1eeb b\u00ean trong c\u01a1 th\u1ec3\u00a0l\u00e0n da s\u00e1ng, m\u1ecbn, c\u0103ng r\u00f5 r\u1ec7t.<\/li>\n<li>Sau 30 ng\u00e0y: C\u1ea3i thi\u1ec7n r\u00f5 r\u1ec7t c\u00e1c v\u1ea5n \u0111\u1ec1 l\u00e3o h\u00f3a tr\u00ean da nh\u01b0 n\u1ebfp nh\u0103n, t\u00e0n nhang, ng\u1ef1c v\u00e0 da ch\u1ea3y x\u1ec7. N\u1ebfu ki\u00ean tr\u00ec s\u1eed d\u1ee5ng theo h\u01b0\u1edbng d\u1eabn, b\u1ea1n s\u1ebd \u0111\u1ea1t \u0111\u01b0\u1ee3c nh\u1eefng k\u1ebft qu\u1ea3 b\u1ea5t ng\u1edd h\u01a1n th\u1ebf n\u1eefa sau 6 th\u00e1ng ti\u1ebfp theo.<\/li>\n<\/ul>\n<p><img decoding=\"async\" class=\"aligncenter size-full wp-image-379\" src=\"https:\/\/edallyvietnam.vn\/wp-content\/uploads\/2023\/02\/cam-nhan-su-khac-biet-sau-4-tuan-su-dung-nuoc-uong-collagen-edally.jpg\" alt=\"Cam Nhan Su Khac Biet Sau 4 Tuan Su Dung Nuoc Uong Collagen Edally\" width=\"640\" height=\"480\" \/><\/p>\n<ul>\n<li>Hi\u1ec7u qu\u1ea3 c\u1ee7a s\u1ea3n ph\u1ea9m N\u01b0\u1edbc u\u1ed1ng Beauty Super Collagen Edally c\u00f2n t\u00f9y thu\u1ed9c v\u00e0o c\u01a1 \u0111\u1ecba v\u00e0 m\u1ee9c \u0111\u1ed9 nghi\u00eam tr\u1ecdng v\u1ec1 s\u1ef1 thi\u1ebfu h\u1ee5t collagen\u00a0c\u1ee7a m\u1ed7i ng\u01b0\u1eddi. N\u1ebfu b\u1ea1n nhi\u1ec1u tu\u1ed5i, b\u1ecf l\u1ee1 nhi\u1ec1u n\u0103m li\u1ec1n kh\u00f4ng b\u1ed5 sung collagen, c\u1ea7n ph\u1ea3i tu\u00e2n th\u1ee7 li\u1ec7u tr\u00ecnh u\u1ed1ng t\u1eeb c\u00e1c chuy\u00ean gia Edally \u0111\u1ec3 c\u00f3 \u0111\u01b0\u1ee3c nh\u1eefng hi\u1ec7u qu\u1ea3 b\u1ea5t ng\u1edd nh\u1ea5t.<\/li>\n<li>S\u1ea3n ph\u1ea9m kh\u00f4ng ph\u1ea3i l\u00e0 thu\u1ed1c v\u00e0 kh\u00f4ng c\u00f3 t\u00e1c d\u1ee5ng thay th\u1ebf thu\u1ed1c ch\u1eefa b\u1ec7nh.<\/li>\n<\/ul>\n<h2 id=\"4._huong_dan_su_dung_v_bao_quan_nuoc_uong_beauty_super_collagen_edally_hn_quoc_nhap_khau_chnh_hng\">4. H\u01b0\u1edbng D\u1eabn S\u1eed D\u1ee5ng<\/h2>\n<h3>C\u00e1ch s\u1eed d\u1ee5ng:<\/h3>\n<ul>\n<li>Ng\u01b0\u1eddi d\u00f9ng u\u1ed1ng tr\u1ef1c ti\u1ebfp 1 l\u1ecd 25ml \/ l\u1ea7n\u00a0N\u01b0\u1edbc u\u1ed1ng Beauty Super Collagen Edally H\u00e0n Qu\u1ed1c.<\/li>\n<li>M\u1ed7i ng\u00e0y s\u1eed d\u1ee5ng 1 l\u1ea7n.<\/li>\n<li>U\u1ed1ng t\u1ed1t nh\u1ea5t v\u00e0o bu\u1ed5i s\u00e1ng ho\u1eb7c tr\u01b0\u1edbc khi \u0111i ng\u1ee7.<\/li>\n<\/ul>\n<p><iframe title=\"H\u01b0\u1edbng d\u1eabn s\u1eed d\u1ee5ng n\u01b0\u1edbc u\u1ed1ng Collagen Edally H\u00e0n Qu\u1ed1c nh\u1eadp kh\u1ea9u\" src=\"https:\/\/www.youtube.com\/embed\/jy7PxI_hmWg?feature=oembed\" width=\"1020\" height=\"574\" frameborder=\"0\" allowfullscreen=\"allowfullscreen\" data-mce-fragment=\"1\"><\/iframe><\/p>\n<p>H\u01b0\u1edbng d\u1eabn s\u1eed d\u1ee5ng n\u01b0\u1edbc u\u1ed1ng Collagen Edally H\u00e0n Qu\u1ed1c nh\u1eadp kh\u1ea9u ch\u00ednh h\u00e3ng<\/p>\n<h3 id=\"5._doi_tuong_su_dung_nuoc_uong_beauty_super_collagen_edally_hn_quoc_nhap_khau_chnh_hng\">\u0110\u1ed1i t\u01b0\u1ee3ng s\u1eed d\u1ee5ng:<\/h3>\n<ul>\n<li>Ng\u01b0\u1eddi b\u1eaft \u0111\u1ea7u xu\u1ea5t hi\u1ec7n\u00a0n\u1ebfp nh\u0103n,\u00a0n\u00e1m s\u1ea1m,\u00a0l\u00e3o h\u00f3a.<\/li>\n<li>Ng\u01b0\u1eddi mu\u1ed1n c\u00f3 ngo\u1ea1i h\u00ecnh tr\u1ebb trung, xinh \u0111\u1eb9p.<\/li>\n<li>Nh\u00e2n vi\u00ean v\u0103n ph\u00f2ng ng\u1ed3i m\u00e1y t\u00ednh tr\u00ean 8 ti\u1ebfng b\u1ecb \u1ea3nh h\u01b0\u1edfng b\u1edfi \u00e1nh s\u00e1ng xanh.<\/li>\n<li>M\u1eb9 b\u1ea7u tr\u01b0\u1edbc v\u00e0 sau sinh \u0111\u1ebb.<\/li>\n<li>\u0110\u00e0n \u00f4ng trung ni\u00ean.<\/li>\n<\/ul>\n<h3>L\u01b0u \u00fd s\u1eed d\u1ee5ng:<\/h3>\n<ul>\n<li>Cung c\u1ea5p \u0111\u1ea7y \u0111\u1ee7 n\u01b0\u1edbc cho c\u01a1 th\u1ec3<\/li>\n<li>Ch\u00fa \u00fd \u0103n nhi\u1ec1u rau xanh v\u00e0 hoa qu\u1ea3<\/li>\n<li>H\u1ea1n ch\u1ebf c\u00e1c m\u00f3n m\u1ee1, chi\u00ean r\u00e1n g\u00e2y \u1ea3nh h\u01b0\u1edfng \u0111\u1ebfn s\u1ee9c kh\u1ecfe c\u00e1 nh\u00e2n<\/li>\n<li>N\u1ebfu c\u00f3 th\u1eddi gian, h\u00e3y t\u1eadp yoga \u0111\u1ec3 c\u00e1c kh\u1edbp x\u01b0\u01a1ng \u0111\u01b0\u1ee3c d\u1ebbo dai h\u01a1n, c\u01a1 th\u1ec3 \u0111\u01b0\u1ee3c thanh l\u1ecdc v\u00e0 s\u1ea3ng kho\u00e1i h\u01a1n.<\/li>\n<\/ul>\n<p><img decoding=\"async\" class=\"aligncenter size-full wp-image-386\" src=\"https:\/\/edallyvietnam.vn\/wp-content\/uploads\/2023\/02\/an-nhieu-rau-xanh-khi-su-dung-nuoc-uong-collagen-edally-hq.jpg\" alt=\"An Nhieu Rau Xanh Khi Su D\u1ee5ng Nuoc Uong Collagen Edally Hq\" width=\"640\" height=\"428\" \/><\/p>\n<p><strong>H\u1ea1n s\u1eed d\u1ee5ng:\u00a0<\/strong>N\u01b0\u1edbc u\u1ed1ng Beauty Super Collagen Edally H\u00e0n Qu\u1ed1c c\u00f3 h\u1ea1n s\u1eed d\u1ee5ng l\u00e0 18 th\u00e1ng k\u1ec3 t\u1eeb ng\u00e0y s\u1ea3n xu\u1ea5t. H\u1ea1n s\u1eed d\u1ee5ng \u0111\u01b0\u1ee3c in tr\u00ean bao b\u00ec s\u1ea3n ph\u1ea9m.<\/p>\n<p><strong>B\u1ea3o qu\u1ea3n:\u00a0<\/strong>B\u1ea3o qu\u1ea3n N\u01b0\u1edbc u\u1ed1ng Beauty Super Collagen Edally H\u00e0n Qu\u1ed1c \u1edf n\u01a1i kh\u00f4 r\u00e1o, tho\u00e1ng m\u00e1t, tr\u00e1nh \u00e1nh n\u1eafng tr\u1ef1c ti\u1ebfp.\u00a0Sau khi m\u1edf n\u1eafp h\u00e3y s\u1eed d\u1ee5ng ngay ho\u1eb7c b\u1ea3o qu\u1ea3n trong t\u1ee7 l\u1ea1nh<\/p>\n<h2 id=\"6._l_do_nn_chon_nuoc_uong_beauty_super_collagen_edally_hn_quoc_nhap_khau_chnh_hng\">5. Uy T\u00edn<\/h2>\n<h3>C\u00f3 xu\u1ea5t x\u1ee9 ch\u00ednh h\u00e3ng<\/h3>\n<p>L\u00e0 s\u1ea3n ph\u1ea9m c\u1ee7a\u00a0nh\u00e0 s\u1ea3n xu\u1ea5t danh ti\u1ebfng h\u00e0ng \u0111\u1ea7u H\u00e0n Qu\u1ed1c Cosmaxbio, N\u01b0\u1edbc u\u1ed1ng Beauty Super Collagen Edally \u0111\u01b0\u1ee3c nghi\u00ean c\u1ee9u trong nhi\u1ec1u n\u0103m li\u1ec1n v\u1ec1 th\u00e0nh ph\u1ea7n, li\u1ec1u l\u01b0\u1ee3ng v\u00e0 hi\u1ec7u qu\u1ea3 \u0111\u1ed1i v\u1edbi ng\u01b0\u1eddi ti\u00eau d\u00f9ng.<\/p>\n<p>Sau bao ng\u00e0y th\u00e1ng nghi\u00ean c\u1ee9u, s\u1ea3n ph\u1ea9m \u0111\u01b0\u1ee3c tung ra tr\u00ean to\u00e0n c\u1ea7u v\u00e0 \u0111\u01b0\u1ee3c c\u1ea3 th\u1ebf gi\u1edbi \u0111\u00f3n nh\u1eadn.<\/p>\n<p>T\u1ea1i Vi\u1ec7t Nam, N\u01b0\u1edbc u\u1ed1ng Beauty Super Collagen Edally \u0111\u01b0\u1ee3c th\u01b0\u01a1ng hi\u1ec7u Edally BH ph\u00e2n ph\u1ed1i ch\u00ednh h\u00e3ng, c\u00f3 gi\u1ea5y t\u1edd \u0111\u1ea9y \u0111\u1ee7 c\u1ee7a nh\u00e0 s\u1ea3n xu\u1ea5t Cosmaxbio v\u00e0 \u0110\u1ea1i s\u1ee9 qu\u00e1n N\u01b0\u1edbc C\u1ed9ng H\u00f2a X\u00e3 H\u1ed9i Ch\u1ee7 Ngh\u0129a Vi\u1ec7t Nam t\u1ea1i H\u00e0n Qu\u1ed1c.<\/p>\n<h3>B\u1ea3o h\u00e0nh ch\u00ednh h\u00e3ng<\/h3>\n<p>N\u01b0\u1edbc u\u1ed1ng Beauty Super Collagen Edally \u0111\u01b0\u1ee3c nh\u00e0 s\u1ea3n xu\u1ea5t b\u1ea3o h\u00e0nh ch\u00ednh h\u00e3ng 20.000.000 VN\u0110.<\/p>\n<p><img loading=\"lazy\" decoding=\"async\" class=\"aligncenter size-full wp-image-382\" src=\"https:\/\/edallyvietnam.vn\/wp-content\/uploads\/2023\/02\/nuoc-uong-collagen-edally-beauty-super-collagen-so-huu-the-bao-hanh-chinh-hang-tri-gia-20-trieu-vnd.jpg\" alt=\"Nuoc Uong Collagen Edally Beauty Super Collagen So Huu The Bao Hanh Chinh Hang Tri Gia 20 Trieu Vnd\" width=\"640\" height=\"480\" \/><\/p>\n<h3>\u0110\u1ea7y \u0111\u1ee7 gi\u1ea5y \u1edd ch\u1ee9ng nh\u1eadn<\/h3>\n<ul>\n<li>18\/05\/2018, N\u01b0\u1edbc u\u1ed1ng Beauty Super Collagen Edally \u0111\u01b0\u1ee3c C\u1ee5c An to\u00e0n Th\u1ef1c ph\u1ea9m tr\u1ef1c thu\u1ed9c B\u1ed9 Y t\u1ebf c\u00f4ng b\u1ed1 ch\u1ea5t l\u01b0\u1ee3ng ti\u00eau chu\u1ea9n ph\u00f9 h\u1ee3p<\/li>\n<li>28\/09\/2018, B\u1ed9 Y t\u1ebf: C\u1ee5c An to\u00e0n Th\u1ef1c ph\u1ea9m x\u00e1c nh\u1eadn N\u1ed9i dung qu\u1ea3ng c\u00e1o c\u1ee7a N\u01b0\u1edbc u\u1ed1ng Beauty Super Collagen Edally.<\/li>\n<\/ul>\n<figure id=\"attachment_383\" class=\"wp-caption aligncenter\" aria-describedby=\"caption-attachment-383\"><img loading=\"lazy\" decoding=\"async\" class=\"wp-image-383 size-full\" src=\"https:\/\/edallyvietnam.vn\/wp-content\/uploads\/2023\/02\/cong-bo-nuoc-uong-collagen-edally.jpg\" alt=\"Cong Bo Nuoc Uong Collagen Edally\" width=\"640\" height=\"480\" \/><figcaption id=\"caption-attachment-383\" class=\"wp-caption-text\">B\u1ed9 Y T\u1ebf c\u1ea5p gi\u1ea5y ch\u1ee9ng nh\u1eadn c\u00f4ng b\u1ed1 s\u1ea3n ph\u1ea9m v\u00e0 gi\u1ea5y ph\u00e9p qu\u1ea3ng c\u00e1o<\/figcaption><\/figure>\n<ul>\n<li>Ch\u1ee9ng nh\u1eadn b\u00e1n h\u00e0ng (Certificate Of Free Sales) c\u1ee7a N\u01b0\u1edbc u\u1ed1ng Beauty Super Collagen Edally \u0111\u01b0\u1ee3c nh\u00e0 s\u1ea3n xu\u1ea5t Cosmaxbio tr\u1ef1c ti\u1ebfp c\u00f4ng b\u1ed1 ch\u1ee9ng nh\u1eadn.<\/li>\n<li>18\/04\/2018, T\u1ed5ng c\u1ee5c Ti\u00eau chu\u1ea9n \u0110o l\u01b0\u1eddng Ch\u1ea5t l\u01b0\u1ee3ng c\u00f4ng b\u1ed1 Phi\u1ebfu K\u1ebft qu\u1ea3 Th\u1eed nghi\u1ec7m th\u00e0nh ph\u1ea7n ch\u1ee9ng minh 100% th\u00e0nh ph\u1ea7n trong\u00a0N\u01b0\u1edbc u\u1ed1ng Beauty Super Collagen Edally\u00a0\u0111\u1ec1u an to\u00e0n, hi\u1ec7u qu\u1ea3 \u0111\u1ed1i v\u1edbi ng\u01b0\u1eddi ti\u00eau d\u00f9ng.<\/li>\n<\/ul>\n<figure id=\"attachment_384\" class=\"wp-caption aligncenter\" aria-describedby=\"caption-attachment-384\"><img loading=\"lazy\" decoding=\"async\" class=\"wp-image-384 size-full\" src=\"https:\/\/edallyvietnam.vn\/wp-content\/uploads\/2023\/02\/nuoc-uong-collagen-edally-co-giay-chung-nhan-ban-hang-va-giay-kiem-nghiem-chat-luong.jpg\" alt=\"Nuoc Uong Collagen Edally Co Giay Chung Nhan Ban Hang Va Giay Kiem Nghiem Chat Luong\" width=\"640\" height=\"480\" \/><figcaption id=\"caption-attachment-384\" class=\"wp-caption-text\">Gi\u1ea5y ch\u1ee9ng nh\u1eadn b\u00e1n h\u00e0ng v\u00e0 gi\u1ea5y ki\u1ec3m nghi\u1ec7m ch\u1ea5t l\u01b0\u1ee3ng<\/figcaption><\/figure>\n<ul>\n<li>Nh\u00e0 s\u1ea3n xu\u1ea5t Cosmaxbio danh ti\u1ebfng ch\u1ee9ng nh\u1eadn v\u1ec1 th\u00e0nh ph\u1ea7n c\u1ee7a\u00a0N\u01b0\u1edbc u\u1ed1ng Beauty Super Collagen Edally\u00a0ho\u00e0n to\u00e0n ch\u00ednh h\u00e3ng, h\u1ee3p quy chu\u1ea9n kh\u1eaft khe c\u1ee7a th\u1ebf gi\u1edbi.<\/li>\n<li>\u0110\u1ea1i s\u1ee9 qu\u00e1n n\u01b0\u1edbc CHXHCN Vi\u1ec7t Nam t\u1ea1i H\u00e0n Qu\u1ed1c c\u00f4ng b\u1ed1 ch\u1ee9ng nh\u1eadn h\u1ee3p ph\u00e1p h\u00f3a l\u00e3nh s\u1ef1 c\u1ee7a s\u1ea3n ph\u1ea9m\u00a0N\u01b0\u1edbc u\u1ed1ng Beauty Super Collagen Edally.<\/li>\n<\/ul>\n","protected":false},"excerpt":{"rendered":"<ul>\n<li><strong>C\u00f4ng d\u1ee5ng ch\u00ednh<\/strong>: Gi\u00fap gi\u1ea3m n\u1ebfp nh\u0103n v\u00e0 t\u00e0n nhang, ng\u0103n ng\u1eeba l\u00e3o h\u00f3a s\u1edbm<\/li>\n<li><strong>Quy c\u00e1ch<\/strong>: H\u1ed9p 10 s\u1ea3n ph\u1ea9m<\/li>\n<li><strong>Dung t\u00edch<\/strong>: 25 ml \/ s\u1ea3n ph\u1ea9m<\/li>\n<li><strong>Th\u01b0\u01a1ng hi\u1ec7u<\/strong>: Edally BH<\/li>\n<li><strong>Xu\u1ea5t x\u1ee9<\/strong>: H\u00e0n Qu\u1ed1c<\/li>\n<li><strong>\u0110\u0103ng k\u00fd c\u00f4ng b\u1ed1 s\u1ed1<\/strong>: 2643\/2018\/\u0110KSP<\/li>\n<\/ul>\n","protected":false},"featured_media":1266,"comment_status":"open","ping_status":"closed","template":"","meta":{"site-sidebar-layout":"default","site-content-layout":"","ast-site-content-layout":"default","site-content-style":"default","site-sidebar-style":"default","ast-global-header-display":"","ast-banner-title-visibility":"","ast-main-header-display":"","ast-hfb-above-header-display":"","ast-hfb-below-header-display":"","ast-hfb-mobile-header-display":"","site-post-title":"","ast-breadcrumbs-content":"","ast-featured-img":"","footer-sml-layout":"","theme-transparent-header-meta":"","adv-header-id-meta":"","stick-header-meta":"","header-above-stick-meta":"","header-main-stick-meta":"","header-below-stick-meta":"","astra-migrate-meta-layouts":"default","ast-page-background-enabled":"default","ast-page-background-meta":{"desktop":{"background-color":"var(--ast-global-color-5)","background-image":"","background-repeat":"repeat","background-position":"center center","background-size":"auto","background-attachment":"scroll","background-type":"","background-media":"","overlay-type":"","overlay-color":"","overlay-opacity":"","overlay-gradient":""},"tablet":{"background-color":"","background-image":"","background-repeat":"repeat","background-position":"center center","background-size":"auto","background-attachment":"scroll","background-type":"","background-media":"","overlay-type":"","overlay-color":"","overlay-opacity":"","overlay-gradient":""},"mobile":{"background-color":"","background-image":"","background-repeat":"repeat","background-position":"center center","background-size":"auto","background-attachment":"scroll","background-type":"","background-media":"","overlay-type":"","overlay-color":"","overlay-opacity":"","overlay-gradient":""}},"ast-content-background-meta":{"desktop":{"background-color":"var(--ast-global-color-4)","background-image":"","background-repeat":"repeat","background-position":"center center","background-size":"auto","background-attachment":"scroll","background-type":"","background-media":"","overlay-type":"","overlay-color":"","overlay-opacity":"","overlay-gradient":""},"tablet":{"background-color":"var(--ast-global-color-4)","background-image":"","background-repeat":"repeat","background-position":"center center","background-size":"auto","background-attachment":"scroll","background-type":"","background-media":"","overlay-type":"","overlay-color":"","overlay-opacity":"","overlay-gradient":""},"mobile":{"background-color":"var(--ast-global-color-4)","background-image":"","background-repeat":"repeat","background-position":"center center","background-size":"auto","background-attachment":"scroll","background-type":"","background-media":"","overlay-type":"","overlay-color":"","overlay-opacity":"","overlay-gradient":""}}},"product_brand":[119],"product_cat":[18,118,514,427,428],"product_tag":[],"class_list":{"0":"post-1208","1":"product","2":"type-product","3":"status-publish","4":"has-post-thumbnail","6":"product_brand-edally","7":"product_cat-cham-soc-da-mat","8":"product_cat-edally-ex","9":"product_cat-ho-tro-suc-khoe","10":"product_cat-suc-khoe","11":"product_cat-thuc-pham-chuc-nang","12":"desktop-align-left","13":"tablet-align-left","14":"mobile-align-left","16":"first","17":"instock","18":"sale","19":"taxable","20":"shipping-taxable","21":"purchasable","22":"product-type-simple"},"_links":{"self":[{"href":"https:\/\/omewa.online\/index.php\/wp-json\/wp\/v2\/product\/1208","targetHints":{"allow":["GET"]}}],"collection":[{"href":"https:\/\/omewa.online\/index.php\/wp-json\/wp\/v2\/product"}],"about":[{"href":"https:\/\/omewa.online\/index.php\/wp-json\/wp\/v2\/types\/product"}],"replies":[{"embeddable":true,"href":"https:\/\/omewa.online\/index.php\/wp-json\/wp\/v2\/comments?post=1208"}],"wp:featuredmedia":[{"embeddable":true,"href":"https:\/\/omewa.online\/index.php\/wp-json\/wp\/v2\/media\/1266"}],"wp:attachment":[{"href":"https:\/\/omewa.online\/index.php\/wp-json\/wp\/v2\/media?parent=1208"}],"wp:term":[{"taxonomy":"product_brand","embeddable":true,"href":"https:\/\/omewa.online\/index.php\/wp-json\/wp\/v2\/product_brand?post=1208"},{"taxonomy":"product_cat","embeddable":true,"href":"https:\/\/omewa.online\/index.php\/wp-json\/wp\/v2\/product_cat?post=1208"},{"taxonomy":"product_tag","embeddable":true,"href":"https:\/\/omewa.online\/index.php\/wp-json\/wp\/v2\/product_tag?post=1208"}],"curies":[{"name":"wp","href":"https:\/\/api.w.org\/{rel}","templated":true}]}}