{"id":1207,"date":"2025-11-01T18:18:49","date_gmt":"2025-11-01T18:18:49","guid":{"rendered":"https:\/\/omewa.online\/?post_type=product&#038;p=1207"},"modified":"2025-12-13T03:43:02","modified_gmt":"2025-12-13T03:43:02","slug":"tpbvsk-pine-needle-capsule-edally-tinh-dau-thong-do-edally-gold","status":"publish","type":"product","link":"https:\/\/omewa.online\/index.php\/product\/tpbvsk-pine-needle-capsule-edally-tinh-dau-thong-do-edally-gold\/","title":{"rendered":"TPBVSK Pine needle capsule Edally (Tinh d\u1ea7u th\u00f4ng \u0111\u1ecf Edally &#8211; Gold)"},"content":{"rendered":"<div class=\"bg-width\">\n<h2>Th\u00f4ng s\u1ed1 s\u1ea3n ph\u1ea9m<\/h2>\n<table class=\"table table-bordered\">\n<tbody>\n<tr>\n<td class=\"title\">Th\u01b0\u01a1ng hi\u1ec7u<\/td>\n<td>Edally<\/td>\n<\/tr>\n<tr>\n<td class=\"title\">S\u1ea3n xu\u1ea5t t\u1ea1i<\/td>\n<td>H\u00e0n Qu\u1ed1c<\/td>\n<\/tr>\n<\/tbody>\n<\/table>\n<h2>M\u00f4 T\u1ea3 S\u1ea3n Ph\u1ea9m<\/h2>\n<h3>Th\u00e0nh ph\u1ea7n<\/h3>\n<p>D-\u03b1 Tocopherol (Vitamin E 67%) 2%, d\u1ea7u chi\u1ebft xu\u1ea5t t\u1eeb c\u00e2y th\u00f4ng (Pinus massoniana Lamb) 98% (Terpinolene 22,9%; 3 Carene 12,6%; Limonene 10,3%).<\/p>\n<p>Th\u00e0nh ph\u1ea7n v\u1ecf: N\u01b0\u1edbc, h\u1ed7n h\u1ee3p (dextrin, carrageenan), Glycerin.<\/p>\n<p><strong>T\u00ednh n\u0103ng s\u1ea3n ph\u1ea9m<\/strong><\/p>\n<p>B\u1ed5 sung c\u00e1c ch\u1ea5t ch\u1ed1ng oxy h\u00f3a, gi\u00fap gi\u1ea3m c\u00e1c g\u1ed1c t\u1ef1 do, l\u00e0m ch\u1eadm qu\u00e1 tr\u00ecnh l\u00e3o h\u00f3a.<\/p>\n<p><strong>\u0110\u1ed1i t\u01b0\u1ee3ng s\u1eed d\u1ee5ng<\/strong><\/p>\n<p>D\u00f9ng cho ng\u01b0\u1eddi tr\u01b0\u1edfng th\u00e0nh<\/p>\n<p>Kh\u00f4ng s\u1eed d\u1ee5ng cho ng\u01b0\u1eddi c\u00f3 m\u1eabn c\u1ea3m v\u1edbi b\u1ea5t k\u1ef3 th\u00e0nh ph\u1ea7n n\u00e0o c\u1ee7a s\u1ea3n ph\u1ea9m.<\/p>\n<p><strong>H\u01b0\u1edbng d\u1eabn s\u1eed d\u1ee5ng<\/strong><\/p>\n<p>Ng\u00e0y u\u1ed1ng 2 l\u1ea7n, m\u1ed7i l\u1ea7n 1 vi\u00ean c\u00f9ng v\u1edbi n\u01b0\u1edbc. N\u00ean d\u00f9ng sau b\u1eefa \u0103n.<\/p>\n<p><strong>L\u01b0u \u00fd<\/strong><\/p>\n<p>Th\u1ef1c ph\u1ea9m n\u00e0y kh\u00f4ng ph\u1ea3i l\u00e0 thu\u1ed1c, kh\u00f4ng c\u00f3 t\u00e1c d\u1ee5ng thay th\u1ebf thu\u1ed1c ch\u1eefa b\u1ec7nh<\/p>\n<p><strong>C\u1ea3nh b\u00e1o<\/strong><\/p>\n<p>N\u1ebfu b\u1ea1n d\u1ecb \u1ee9ng v\u1edbi m\u1ed9t s\u1ed1 th\u00e0nh ph\u1ea7n, h\u00e3y ki\u1ec3m tra t\u00ean c\u1ee7a th\u00e0nh ph\u1ea7n tr\u01b0\u1edbc khi s\u1eed d\u1ee5ng. C\u1ea9n th\u1eadn khi m\u1edf, bao b\u00ec c\u00f3 nguy c\u01a1 g\u00e2y th\u01b0\u01a1ng t\u00edch, s\u1ea3n ph\u1ea9m c\u00f3 th\u1ec3 b\u1ecb v\u1ee1. Kh\u00f4ng l\u00e0m n\u00f3ng s\u1ea3n ph\u1ea9m trong l\u00f2 vi s\u00f3ng.<\/p>\n<p><strong>Quy c\u00e1ch \u0111\u00f3ng g\u00f3i<\/strong><\/p>\n<p>D\u1ea1ng b\u00e0o ch\u1ebf: vi\u00ean nang m\u1ec1m.<\/p>\n<p>Kh\u1ed1i l\u01b0\u1ee3ng trung b\u00ecnh: 500mg\/vi\u00ean \u00b1 5%; 06 vi\u00ean\/v\u1ec9; 5 v\u1ec9\/ h\u1ed9p nh\u1ecf; 6 h\u1ed9p nh\u1ecf\/ h\u1ed9p l\u1edbn, (180 vi\u00ean\/h\u1ed9p l\u1edbn).<\/p>\n<p><strong>H\u1ea1n s\u1eed d\u1ee5ng<\/strong><\/p>\n<p>H\u1ea1n s\u1eed d\u1ee5ng 24 th\u00e1ng t\u1eeb ng\u00e0y s\u1ea3n xu\u1ea5t, h\u1ea1n s\u1eed d\u1ee5ng ghi tr\u00ean bao b\u00ec s\u1ea3n ph\u1ea9m.<\/p>\n<p><strong>B\u1ea3o qu\u1ea3n<\/strong><\/p>\n<p>B\u1ea3o qu\u1ea3n s\u1ea3n ph\u1ea9m n\u01a1i kh\u00f4 r\u00e1o, tho\u00e1ng m\u00e1t v\u00e0 tr\u00e1nh \u00e1nh n\u1eafng tr\u1ef1c ti\u1ebfp.<\/p>\n<p>\u0110\u1ec3 xa t\u1ea7m tay tr\u1ebb em.<\/p>\n<\/div>\n<div class=\"comment-fb\"><\/div>\n","protected":false},"excerpt":{"rendered":"<ul>\n<li><strong>C\u00f4ng d\u1ee5ng ch\u00ednh<\/strong>: H\u1ed7 tr\u1ee3 \u0111\u1ea9y l\u00f9i m\u1ee1 m\u00e1u, ch\u1ed1ng oxy h\u00f3a c\u01a1 th\u1ec3, ng\u0103n ch\u1eb7n axit b\u00e9o kh\u00f4ng b\u00e3o h\u00f2a, ch\u1ed1ng l\u1ea1nh c\u01a1 th\u1ec3, t\u0103ng \u0111\u1ec1 kh\u00e1ng.<\/li>\n<li><strong>Quy c\u00e1ch<\/strong>:\u00a0H\u1ed9p180 vi\u00ean<\/li>\n<li><strong>Dung t\u00edch<\/strong>: 500mg \/ vi\u00ean<\/li>\n<li><strong>Nh\u00e0 s\u1ea3n xu\u1ea5t<\/strong>: Cosmax Bio &amp; Novarex<\/li>\n<li><strong>Th\u01b0\u01a1ng hi\u1ec7u<\/strong>: Edally BH<\/li>\n<li><strong>Xu\u1ea5t x\u1ee9<\/strong>: H\u00e0n Qu\u1ed1c<\/li>\n<li><strong>\u0110\u0103ng k\u00fd c\u00f4ng b\u1ed1 s\u1ed1<\/strong>: 4794\/2021\/\u0110KSP<\/li>\n<li><\/li>\n<\/ul>\n","protected":false},"featured_media":1263,"comment_status":"open","ping_status":"closed","template":"","meta":{"site-sidebar-layout":"default","site-content-layout":"","ast-site-content-layout":"default","site-content-style":"default","site-sidebar-style":"default","ast-global-header-display":"","ast-banner-title-visibility":"","ast-main-header-display":"","ast-hfb-above-header-display":"","ast-hfb-below-header-display":"","ast-hfb-mobile-header-display":"","site-post-title":"","ast-breadcrumbs-content":"","ast-featured-img":"","footer-sml-layout":"","theme-transparent-header-meta":"default","adv-header-id-meta":"","stick-header-meta":"","header-above-stick-meta":"","header-main-stick-meta":"","header-below-stick-meta":"","astra-migrate-meta-layouts":"set","ast-page-background-enabled":"default","ast-page-background-meta":{"desktop":{"background-color":"var(--ast-global-color-5)","background-image":"","background-repeat":"repeat","background-position":"center center","background-size":"auto","background-attachment":"scroll","background-type":"","background-media":"","overlay-type":"","overlay-color":"","overlay-opacity":"","overlay-gradient":""},"tablet":{"background-color":"","background-image":"","background-repeat":"repeat","background-position":"center center","background-size":"auto","background-attachment":"scroll","background-type":"","background-media":"","overlay-type":"","overlay-color":"","overlay-opacity":"","overlay-gradient":""},"mobile":{"background-color":"","background-image":"","background-repeat":"repeat","background-position":"center center","background-size":"auto","background-attachment":"scroll","background-type":"","background-media":"","overlay-type":"","overlay-color":"","overlay-opacity":"","overlay-gradient":""}},"ast-content-background-meta":{"desktop":{"background-color":"var(--ast-global-color-4)","background-image":"","background-repeat":"repeat","background-position":"center center","background-size":"auto","background-attachment":"scroll","background-type":"","background-media":"","overlay-type":"","overlay-color":"","overlay-opacity":"","overlay-gradient":""},"tablet":{"background-color":"var(--ast-global-color-4)","background-image":"","background-repeat":"repeat","background-position":"center center","background-size":"auto","background-attachment":"scroll","background-type":"","background-media":"","overlay-type":"","overlay-color":"","overlay-opacity":"","overlay-gradient":""},"mobile":{"background-color":"var(--ast-global-color-4)","background-image":"","background-repeat":"repeat","background-position":"center center","background-size":"auto","background-attachment":"scroll","background-type":"","background-media":"","overlay-type":"","overlay-color":"","overlay-opacity":"","overlay-gradient":""}}},"product_brand":[119],"product_cat":[118,514,427,428],"product_tag":[],"class_list":{"0":"post-1207","1":"product","2":"type-product","3":"status-publish","4":"has-post-thumbnail","6":"product_brand-edally","7":"product_cat-edally-ex","8":"product_cat-ho-tro-suc-khoe","9":"product_cat-suc-khoe","10":"product_cat-thuc-pham-chuc-nang","11":"desktop-align-left","12":"tablet-align-left","13":"mobile-align-left","15":"first","16":"instock","17":"sale","18":"taxable","19":"shipping-taxable","20":"purchasable","21":"product-type-simple"},"_links":{"self":[{"href":"https:\/\/omewa.online\/index.php\/wp-json\/wp\/v2\/product\/1207","targetHints":{"allow":["GET"]}}],"collection":[{"href":"https:\/\/omewa.online\/index.php\/wp-json\/wp\/v2\/product"}],"about":[{"href":"https:\/\/omewa.online\/index.php\/wp-json\/wp\/v2\/types\/product"}],"replies":[{"embeddable":true,"href":"https:\/\/omewa.online\/index.php\/wp-json\/wp\/v2\/comments?post=1207"}],"wp:featuredmedia":[{"embeddable":true,"href":"https:\/\/omewa.online\/index.php\/wp-json\/wp\/v2\/media\/1263"}],"wp:attachment":[{"href":"https:\/\/omewa.online\/index.php\/wp-json\/wp\/v2\/media?parent=1207"}],"wp:term":[{"taxonomy":"product_brand","embeddable":true,"href":"https:\/\/omewa.online\/index.php\/wp-json\/wp\/v2\/product_brand?post=1207"},{"taxonomy":"product_cat","embeddable":true,"href":"https:\/\/omewa.online\/index.php\/wp-json\/wp\/v2\/product_cat?post=1207"},{"taxonomy":"product_tag","embeddable":true,"href":"https:\/\/omewa.online\/index.php\/wp-json\/wp\/v2\/product_tag?post=1207"}],"curies":[{"name":"wp","href":"https:\/\/api.w.org\/{rel}","templated":true}]}}