{"id":1205,"date":"2025-11-01T18:18:49","date_gmt":"2025-11-01T18:18:49","guid":{"rendered":"https:\/\/omewa.online\/?post_type=product&#038;p=1205"},"modified":"2025-12-13T03:37:38","modified_gmt":"2025-12-13T03:37:38","slug":"cafe-giam-can-edally-han-quoc-slimming-garcinia-coffee-edally","status":"publish","type":"product","link":"https:\/\/omewa.online\/index.php\/product\/cafe-giam-can-edally-han-quoc-slimming-garcinia-coffee-edally\/","title":{"rendered":"Cafe Gi\u1ea3m C\u00e2n Edally H\u00e0n Qu\u1ed1c (Slimming Garcinia Coffee Edally)"},"content":{"rendered":"<h2 data-start=\"222\" data-end=\"269\">\u2615 CAFE GI\u1ea2M C\u00c2N &amp; TH\u1ea2I \u0110\u1ed8C EDALLY H\u00c0N QU\u1ed0C<\/h2>\n<h3 data-start=\"270\" data-end=\"326\">B\u00ed quy\u1ebft gi\u1eef d\u00e1ng &amp; ch\u0103m s\u00f3c s\u1ee9c kh\u1ecfe t\u1eeb thi\u00ean nhi\u00ean<\/h3>\n<p data-start=\"328\" data-end=\"358\"><strong data-start=\"328\" data-end=\"356\">1. Ngu\u1ed3n g\u1ed1c &amp; c\u00f4ng ngh\u1ec7<\/strong><\/p>\n<ul data-start=\"359\" data-end=\"537\">\n<li data-start=\"359\" data-end=\"445\">\n<p data-start=\"361\" data-end=\"445\">S\u1ea3n xu\u1ea5t t\u1ea1i <strong data-start=\"374\" data-end=\"399\">Cosmax Bio \u2013 H\u00e0n Qu\u1ed1c<\/strong>, nh\u00e0 m\u00e1y \u0111\u1ea1t ti\u00eau chu\u1ea9n ch\u1ea5t l\u01b0\u1ee3ng qu\u1ed1c t\u1ebf.<\/p>\n<\/li>\n<li data-start=\"446\" data-end=\"537\">\n<p data-start=\"448\" data-end=\"537\">\u1ee8ng d\u1ee5ng c\u00f4ng ngh\u1ec7 chi\u1ebft xu\u1ea5t hi\u1ec7n \u0111\u1ea1i, gi\u1eef tr\u1ecdn d\u01b0\u1ee1ng ch\u1ea5t t\u1eeb nguy\u00ean li\u1ec7u thi\u00ean nhi\u00ean.<\/p>\n<\/li>\n<\/ul>\n<p data-start=\"539\" data-end=\"566\"><strong data-start=\"539\" data-end=\"564\">2. Th\u00e0nh ph\u1ea7n n\u1ed5i b\u1eadt<\/strong><\/p>\n<ul data-start=\"567\" data-end=\"1010\">\n<li data-start=\"567\" data-end=\"651\">\n<p data-start=\"569\" data-end=\"651\"><strong data-start=\"569\" data-end=\"590\">Garcinia Cambogia<\/strong>: Gi\u00fap ki\u1ec3m so\u00e1t c\u1ea3m gi\u00e1c th\u00e8m \u0103n, h\u1ed7 tr\u1ee3 c\u00e2n \u0111\u1ed1i v\u00f3c d\u00e1ng.<\/p>\n<\/li>\n<li data-start=\"652\" data-end=\"741\">\n<p data-start=\"654\" data-end=\"741\"><strong data-start=\"654\" data-end=\"685\">Maltodextrin kh\u00e1ng ti\u00eau h\u00f3a<\/strong>: B\u1ed5 sung ch\u1ea5t x\u01a1, gi\u00fap h\u1ec7 ti\u00eau h\u00f3a ho\u1ea1t \u0111\u1ed9ng t\u1ed1t h\u01a1n.<\/p>\n<\/li>\n<li data-start=\"742\" data-end=\"805\">\n<p data-start=\"744\" data-end=\"805\"><strong data-start=\"744\" data-end=\"757\">Vitamin C<\/strong>: T\u0103ng c\u01b0\u1eddng s\u1ee9c \u0111\u1ec1 kh\u00e1ng, h\u1ed7 tr\u1ee3 l\u00e0m s\u00e1ng da.<\/p>\n<\/li>\n<li data-start=\"806\" data-end=\"863\">\n<p data-start=\"808\" data-end=\"863\"><strong data-start=\"808\" data-end=\"832\">Collagen c\u00e1 bi\u1ec3n s\u00e2u<\/strong>: Gi\u00fap da s\u0103n ch\u1eafc, m\u1ecbn m\u00e0ng.<\/p>\n<\/li>\n<li data-start=\"864\" data-end=\"922\">\n<p data-start=\"866\" data-end=\"922\"><strong data-start=\"866\" data-end=\"880\">Gel l\u00f4 h\u1ed9i<\/strong>: Gi\u00fap l\u00e0m d\u1ecbu, h\u1ed7 tr\u1ee3 thanh l\u1ecdc c\u01a1 th\u1ec3.<\/p>\n<\/li>\n<li data-start=\"923\" data-end=\"1010\">\n<p data-start=\"925\" data-end=\"1010\"><strong data-start=\"925\" data-end=\"951\">Chi\u1ebft xu\u1ea5t hoa d\u00e2m b\u1ee5t<\/strong>: Cung c\u1ea5p ch\u1ea5t ch\u1ed1ng oxy h\u00f3a, t\u1ed1t cho s\u1ee9c kh\u1ecfe tim m\u1ea1ch.<\/p>\n<\/li>\n<\/ul>\n<p data-start=\"1012\" data-end=\"1036\"><strong data-start=\"1012\" data-end=\"1034\">3. C\u00f4ng d\u1ee5ng ch\u00ednh<\/strong><\/p>\n<ul data-start=\"1037\" data-end=\"1221\">\n<li data-start=\"1037\" data-end=\"1095\">\n<p data-start=\"1039\" data-end=\"1095\">H\u1ed7 tr\u1ee3 <strong data-start=\"1046\" data-end=\"1058\">th\u1ea3i \u0111\u1ed9c<\/strong> v\u00e0 <strong data-start=\"1062\" data-end=\"1084\">ki\u1ec3m so\u00e1t c\u00e2n n\u1eb7ng<\/strong> an to\u00e0n.<\/p>\n<\/li>\n<li data-start=\"1096\" data-end=\"1161\">\n<p data-start=\"1098\" data-end=\"1161\">B\u1ed5 sung ch\u1ea5t x\u01a1 v\u00e0 vitamin, gi\u00fap c\u01a1 th\u1ec3 nh\u1eb9 nh\u00e0ng, kh\u1ecfe m\u1ea1nh.<\/p>\n<\/li>\n<li data-start=\"1162\" data-end=\"1221\">\n<p data-start=\"1164\" data-end=\"1221\">H\u1ed7 tr\u1ee3 duy tr\u00ec <strong data-start=\"1179\" data-end=\"1198\">l\u00e0n da s\u00e1ng m\u1ecbn<\/strong> v\u00e0 v\u00f3c d\u00e1ng c\u00e2n \u0111\u1ed1i.<\/p>\n<\/li>\n<\/ul>\n<p data-start=\"1223\" data-end=\"1249\"><strong data-start=\"1223\" data-end=\"1247\">4. H\u01b0\u1edbng d\u1eabn s\u1eed d\u1ee5ng<\/strong><\/p>\n<ul data-start=\"1250\" data-end=\"1359\">\n<li data-start=\"1250\" data-end=\"1314\">\n<p data-start=\"1252\" data-end=\"1314\">D\u00f9ng <strong data-start=\"1257\" data-end=\"1273\">1\u20132 g\u00f3i\/ng\u00e0y<\/strong>, pha v\u1edbi 140\u2013200ml n\u01b0\u1edbc \u1ea5m ho\u1eb7c ngu\u1ed9i.<\/p>\n<\/li>\n<li data-start=\"1315\" data-end=\"1359\">\n<p data-start=\"1317\" data-end=\"1359\">N\u00ean d\u00f9ng sau b\u1eefa \u0103n \u0111\u1ec3 \u0111\u1ea1t hi\u1ec7u qu\u1ea3 t\u1ed1t.<\/p>\n<\/li>\n<\/ul>\n<p data-start=\"1361\" data-end=\"1387\"><strong data-start=\"1361\" data-end=\"1385\">5. \u0110\u1ed1i t\u01b0\u1ee3ng ph\u00f9 h\u1ee3p<\/strong><\/p>\n<ul data-start=\"1388\" data-end=\"1530\">\n<li data-start=\"1388\" data-end=\"1429\">\n<p data-start=\"1390\" data-end=\"1429\">Ng\u01b0\u1eddi mu\u1ed1n gi\u1eef d\u00e1ng, h\u1ea1n ch\u1ebf m\u1ee1 th\u1eeba.<\/p>\n<\/li>\n<li data-start=\"1430\" data-end=\"1466\">\n<p data-start=\"1432\" data-end=\"1466\">Nh\u00e2n vi\u00ean v\u0103n ph\u00f2ng \u00edt v\u1eadn \u0111\u1ed9ng.<\/p>\n<\/li>\n<li data-start=\"1467\" data-end=\"1530\">\n<p data-start=\"1469\" data-end=\"1530\">M\u1eb9 sau giai \u0111o\u1ea1n nu\u00f4i con b\u1eb1ng s\u1eefa m\u1eb9 (t\u1eeb 6 th\u00e1ng tr\u1edf l\u00ean).<\/p>\n<\/li>\n<\/ul>\n<p data-start=\"1532\" data-end=\"1563\"><strong data-start=\"1532\" data-end=\"1561\">6. Li\u1ec7u tr\u00ecnh khuy\u1ebfn ngh\u1ecb<\/strong><\/p>\n<ul data-start=\"1564\" data-end=\"1660\">\n<li data-start=\"1564\" data-end=\"1602\">\n<p data-start=\"1566\" data-end=\"1602\">Th\u00e1ng \u0111\u1ea7u: <strong data-start=\"1577\" data-end=\"1586\">6 h\u1ed9p<\/strong> (2 g\u00f3i\/ng\u00e0y).<\/p>\n<\/li>\n<li data-start=\"1603\" data-end=\"1660\">\n<p data-start=\"1605\" data-end=\"1660\">Duy tr\u00ec: 1\u20132 g\u00f3i\/ng\u00e0y \u0111\u1ec3 h\u1ed7 tr\u1ee3 v\u00f3c d\u00e1ng v\u00e0 s\u1ee9c kh\u1ecfe.<\/p>\n<\/li>\n<\/ul>\n<p data-start=\"1662\" data-end=\"1691\"><strong data-start=\"1662\" data-end=\"1689\">7. Ch\u1ee9ng nh\u1eadn &amp; an to\u00e0n<\/strong><\/p>\n<ul data-start=\"1692\" data-end=\"1873\">\n<li data-start=\"1692\" data-end=\"1767\">\n<p data-start=\"1694\" data-end=\"1767\">S\u1ea3n ph\u1ea9m \u0111\u00e3 \u0111\u01b0\u1ee3c ki\u1ec3m nghi\u1ec7m v\u00e0 \u0111\u1ea1t ti\u00eau chu\u1ea9n ch\u1ea5t l\u01b0\u1ee3ng t\u1ea1i H\u00e0n Qu\u1ed1c.<\/p>\n<\/li>\n<li data-start=\"1768\" data-end=\"1825\">\n<p data-start=\"1770\" data-end=\"1825\">\u0110\u01b0\u1ee3c c\u1ea5p gi\u1ea5y x\u00e1c nh\u1eadn ph\u00f9 h\u1ee3p quy \u0111\u1ecbnh t\u1ea1i Vi\u1ec7t Nam.<\/p>\n<\/li>\n<li data-start=\"1826\" data-end=\"1873\">\n<p data-start=\"1828\" data-end=\"1873\">Kh\u00f4ng ch\u1ee9a th\u00e0nh ph\u1ea7n g\u00e2y h\u1ea1i cho s\u1ee9c kh\u1ecfe.<\/p>\n<\/li>\n<\/ul>\n<p data-start=\"1875\" data-end=\"1901\"><strong data-start=\"1875\" data-end=\"1899\">8. L\u01b0u \u00fd khi s\u1eed d\u1ee5ng<\/strong><\/p>\n<ul data-start=\"1902\" data-end=\"2053\">\n<li data-start=\"1902\" data-end=\"1930\">\n<p data-start=\"1904\" data-end=\"1930\">U\u1ed1ng \u0111\u1ee7 2 l\u00edt n\u01b0\u1edbc\/ng\u00e0y.<\/p>\n<\/li>\n<li data-start=\"1931\" data-end=\"1989\">\n<p data-start=\"1933\" data-end=\"1989\">K\u1ebft h\u1ee3p ch\u1ebf \u0111\u1ed9 \u0103n gi\u00e0u rau xanh, h\u1ea1n ch\u1ebf \u0111\u1ed3 chi\u00ean r\u00e1n.<\/p>\n<\/li>\n<li data-start=\"1990\" data-end=\"2053\">\n<p data-start=\"1992\" data-end=\"2053\">T\u0103ng c\u01b0\u1eddng v\u1eadn \u0111\u1ed9ng nh\u1eb9 nh\u00e0ng nh\u01b0 \u0111i b\u1ed9, yoga ho\u1eb7c aerobic.<\/p>\n<\/li>\n<\/ul>\n","protected":false},"excerpt":{"rendered":"<ul>\n<li><strong>C\u00f4ng d\u1ee5ng ch\u00ednh<\/strong>: Gi\u00fap gi\u1ea3m c\u00e2n, c\u1ea3i thi\u1ec7t ch\u1ee9c n\u0103ng ru\u1ed9t v\u00e0 \u0111\u1ea1i tr\u00e0ng, chuy\u1ec3n h\u00f3a ch\u1ea5t b\u00e9o<\/li>\n<li><strong>Th\u00e0nh ph\u1ea7n<\/strong>: 100% c\u00f3 ngu\u1ed3n g\u1ed1c thi\u00ean nhi\u00ean<\/li>\n<li><strong>Quy c\u00e1ch<\/strong>: H\u1ed9p 10 g\u00f3i<\/li>\n<li><strong>Dung t\u00edch<\/strong>: 6g \/ g\u00f3i<\/li>\n<li><strong>Th\u01b0\u01a1ng hi\u1ec7u<\/strong>: Edally BH<\/li>\n<li><strong>Xu\u1ea5t x\u1ee9<\/strong>: H\u00e0n Qu\u1ed1c<\/li>\n<li><strong>\u0110\u0103ng k\u00fd c\u00f4ng b\u1ed1 s\u1ed1<\/strong>: 10899\/2021\/\u0110KSP<\/li>\n<\/ul>\n","protected":false},"featured_media":1258,"comment_status":"open","ping_status":"closed","template":"","meta":{"site-sidebar-layout":"default","site-content-layout":"","ast-site-content-layout":"default","site-content-style":"default","site-sidebar-style":"default","ast-global-header-display":"","ast-banner-title-visibility":"","ast-main-header-display":"","ast-hfb-above-header-display":"","ast-hfb-below-header-display":"","ast-hfb-mobile-header-display":"","site-post-title":"","ast-breadcrumbs-content":"","ast-featured-img":"","footer-sml-layout":"","theme-transparent-header-meta":"","adv-header-id-meta":"","stick-header-meta":"","header-above-stick-meta":"","header-main-stick-meta":"","header-below-stick-meta":"","astra-migrate-meta-layouts":"default","ast-page-background-enabled":"default","ast-page-background-meta":{"desktop":{"background-color":"var(--ast-global-color-5)","background-image":"","background-repeat":"repeat","background-position":"center center","background-size":"auto","background-attachment":"scroll","background-type":"","background-media":"","overlay-type":"","overlay-color":"","overlay-opacity":"","overlay-gradient":""},"tablet":{"background-color":"","background-image":"","background-repeat":"repeat","background-position":"center center","background-size":"auto","background-attachment":"scroll","background-type":"","background-media":"","overlay-type":"","overlay-color":"","overlay-opacity":"","overlay-gradient":""},"mobile":{"background-color":"","background-image":"","background-repeat":"repeat","background-position":"center center","background-size":"auto","background-attachment":"scroll","background-type":"","background-media":"","overlay-type":"","overlay-color":"","overlay-opacity":"","overlay-gradient":""}},"ast-content-background-meta":{"desktop":{"background-color":"var(--ast-global-color-4)","background-image":"","background-repeat":"repeat","background-position":"center center","background-size":"auto","background-attachment":"scroll","background-type":"","background-media":"","overlay-type":"","overlay-color":"","overlay-opacity":"","overlay-gradient":""},"tablet":{"background-color":"var(--ast-global-color-4)","background-image":"","background-repeat":"repeat","background-position":"center center","background-size":"auto","background-attachment":"scroll","background-type":"","background-media":"","overlay-type":"","overlay-color":"","overlay-opacity":"","overlay-gradient":""},"mobile":{"background-color":"var(--ast-global-color-4)","background-image":"","background-repeat":"repeat","background-position":"center center","background-size":"auto","background-attachment":"scroll","background-type":"","background-media":"","overlay-type":"","overlay-color":"","overlay-opacity":"","overlay-gradient":""}}},"product_brand":[119],"product_cat":[118,514,427,428],"product_tag":[],"class_list":{"0":"post-1205","1":"product","2":"type-product","3":"status-publish","4":"has-post-thumbnail","6":"product_brand-edally","7":"product_cat-edally-ex","8":"product_cat-ho-tro-suc-khoe","9":"product_cat-suc-khoe","10":"product_cat-thuc-pham-chuc-nang","11":"desktop-align-left","12":"tablet-align-left","13":"mobile-align-left","15":"first","16":"instock","17":"sale","18":"taxable","19":"shipping-taxable","20":"purchasable","21":"product-type-simple"},"_links":{"self":[{"href":"https:\/\/omewa.online\/index.php\/wp-json\/wp\/v2\/product\/1205","targetHints":{"allow":["GET"]}}],"collection":[{"href":"https:\/\/omewa.online\/index.php\/wp-json\/wp\/v2\/product"}],"about":[{"href":"https:\/\/omewa.online\/index.php\/wp-json\/wp\/v2\/types\/product"}],"replies":[{"embeddable":true,"href":"https:\/\/omewa.online\/index.php\/wp-json\/wp\/v2\/comments?post=1205"}],"wp:featuredmedia":[{"embeddable":true,"href":"https:\/\/omewa.online\/index.php\/wp-json\/wp\/v2\/media\/1258"}],"wp:attachment":[{"href":"https:\/\/omewa.online\/index.php\/wp-json\/wp\/v2\/media?parent=1205"}],"wp:term":[{"taxonomy":"product_brand","embeddable":true,"href":"https:\/\/omewa.online\/index.php\/wp-json\/wp\/v2\/product_brand?post=1205"},{"taxonomy":"product_cat","embeddable":true,"href":"https:\/\/omewa.online\/index.php\/wp-json\/wp\/v2\/product_cat?post=1205"},{"taxonomy":"product_tag","embeddable":true,"href":"https:\/\/omewa.online\/index.php\/wp-json\/wp\/v2\/product_tag?post=1205"}],"curies":[{"name":"wp","href":"https:\/\/api.w.org\/{rel}","templated":true}]}}