{"id":1204,"date":"2025-11-01T18:18:49","date_gmt":"2025-11-01T18:18:49","guid":{"rendered":"https:\/\/omewa.online\/?post_type=product&#038;p=1204"},"modified":"2025-12-13T03:33:51","modified_gmt":"2025-12-13T03:33:51","slug":"kem-duong-moi-edally-ex-nhap-khau-han-quoc","status":"publish","type":"product","link":"https:\/\/omewa.online\/index.php\/product\/kem-duong-moi-edally-ex-nhap-khau-han-quoc\/","title":{"rendered":"Kem D\u01b0\u1ee1ng M\u00f4i Edally EX nh\u1eadp kh\u1ea9u H\u00e0n Qu\u1ed1c"},"content":{"rendered":"<h3 data-start=\"232\" data-end=\"283\">D\u01b0\u1ee1ng \u1ea9m \u2013 L\u00e0m m\u1ec1m \u2013 Gi\u00fap m\u00f4i h\u1ed3ng h\u00e0o t\u1ef1 nhi\u00ean<\/h3>\n<p data-start=\"285\" data-end=\"719\"><strong data-start=\"285\" data-end=\"308\">1. \u0110\u1eb7c \u0111i\u1ec3m n\u1ed5i b\u1eadt<\/strong><br data-start=\"308\" data-end=\"311\" \/>Kem d\u01b0\u1ee1ng m\u00f4i Edally EX H\u00e0n Qu\u1ed1c l\u00e0 s\u1ea3n ph\u1ea9m ch\u0103m s\u00f3c m\u00f4i \u0111\u01b0\u1ee3c \u01b0a chu\u1ed9ng t\u1ea1i c\u1ea3 H\u00e0n Qu\u1ed1c v\u00e0 Vi\u1ec7t Nam. V\u1edbi ch\u1ea5t kem m\u1ec1m m\u1ecbn, h\u01b0\u01a1ng th\u01a1m d\u1ecbu nh\u1eb9, s\u1ea3n ph\u1ea9m gi\u00fap \u0111\u00f4i m\u00f4i lu\u00f4n m\u1ec1m m\u1ea1i v\u00e0 t\u01b0\u01a1i t\u1eafn m\u00e0 kh\u00f4ng g\u00e2y c\u1ea3m gi\u00e1c b\u1ebft d\u00ednh.<br data-start=\"533\" data-end=\"536\" \/>Nh\u1edd kh\u1ea3 n\u0103ng b\u1ed5 sung \u0111\u1ed9 \u1ea9m v\u01b0\u1ee3t tr\u1ed9i, kem d\u01b0\u1ee1ng m\u00f4i n\u00e0y \u0111\u1eb7c bi\u1ec7t ph\u00f9 h\u1ee3p cho nh\u1eefng ai th\u01b0\u1eddng xuy\u00ean g\u1eb7p t\u00ecnh tr\u1ea1ng m\u00f4i kh\u00f4, x\u1ec9n m\u00e0u, ho\u1eb7c n\u1ee9t n\u1ebb do th\u1eddi ti\u1ebft v\u00e0 t\u00e1c \u0111\u1ed9ng t\u1eeb m\u00f4i tr\u01b0\u1eddng.<\/p>\n<hr data-start=\"721\" data-end=\"724\" \/>\n<p data-start=\"726\" data-end=\"802\"><strong data-start=\"726\" data-end=\"749\">2. Th\u00e0nh ph\u1ea7n ch\u00ednh<\/strong><br data-start=\"749\" data-end=\"752\" \/>Chi\u1ebft xu\u1ea5t t\u1eeb thi\u00ean nhi\u00ean, an to\u00e0n v\u00e0 l\u00e0nh t\u00ednh:<\/p>\n<ul data-start=\"803\" data-end=\"1167\">\n<li data-start=\"803\" data-end=\"870\">\n<p data-start=\"805\" data-end=\"870\"><strong data-start=\"805\" data-end=\"819\">D\u1ea7u kho\u00e1ng<\/strong>, <strong data-start=\"821\" data-end=\"835\">Petrolatum<\/strong>: Gi\u00fap kh\u00f3a \u1ea9m, gi\u1eef m\u00f4i m\u1ec1m m\u01b0\u1ee3t.<\/p>\n<\/li>\n<li data-start=\"871\" data-end=\"990\">\n<p data-start=\"873\" data-end=\"990\"><strong data-start=\"873\" data-end=\"904\">B\u01a1 h\u1ea1t Astrocaryum Murumuru<\/strong> &amp; <strong data-start=\"907\" data-end=\"940\">B\u01a1 h\u1ea1t Theobroma Grandiflorum<\/strong>: Cung c\u1ea5p d\u01b0\u1ee1ng ch\u1ea5t, gi\u00fap ph\u1ee5c h\u1ed3i m\u00f4i kh\u00f4 n\u1ebb.<\/p>\n<\/li>\n<li data-start=\"991\" data-end=\"1045\">\n<p data-start=\"993\" data-end=\"1045\"><strong data-start=\"993\" data-end=\"1011\">D\u1ea7u h\u1ea1t Jojoba<\/strong>: H\u1ed7 tr\u1ee3 t\u00e1i t\u1ea1o v\u00e0 l\u00e0m m\u1ec1m m\u00f4i.<\/p>\n<\/li>\n<li data-start=\"1046\" data-end=\"1167\">\n<p data-start=\"1048\" data-end=\"1167\">K\u1ebft h\u1ee3p <strong data-start=\"1056\" data-end=\"1085\">C\u00f4ng ngh\u1ec7 Neocell Science<\/strong> \u2013 c\u00f4ng ngh\u1ec7 ti\u00ean ti\u1ebfn gi\u00fap d\u01b0\u1ee1ng ch\u1ea5t th\u1ea9m th\u1ea5u s\u00e2u, nu\u00f4i d\u01b0\u1ee1ng m\u00f4i t\u1eeb b\u00ean trong.<\/p>\n<\/li>\n<\/ul>\n<hr data-start=\"1169\" data-end=\"1172\" \/>\n<p data-start=\"1174\" data-end=\"1200\"><strong data-start=\"1174\" data-end=\"1198\">3. C\u00f4ng d\u1ee5ng n\u1ed5i b\u1eadt<\/strong><\/p>\n<ul data-start=\"1201\" data-end=\"1407\">\n<li data-start=\"1201\" data-end=\"1261\">\n<p data-start=\"1203\" data-end=\"1261\">B\u1ed5 sung v\u00e0 duy tr\u00ec \u0111\u1ed9 \u1ea9m cho m\u00f4i, gi\u00fap m\u00f4i lu\u00f4n m\u1ec1m m\u1ea1i.<\/p>\n<\/li>\n<li data-start=\"1262\" data-end=\"1322\">\n<p data-start=\"1264\" data-end=\"1322\">H\u1ed7 tr\u1ee3 lo\u1ea1i b\u1ecf t\u1ebf b\u00e0o ch\u1ebft nh\u1eb9 nh\u00e0ng, gi\u00fap m\u00f4i s\u00e1ng m\u1ecbn.<\/p>\n<\/li>\n<li data-start=\"1323\" data-end=\"1407\">\n<p data-start=\"1325\" data-end=\"1407\">Cung c\u1ea5p vitamin v\u00e0 d\u01b0\u1ee1ng ch\u1ea5t gi\u00fap m\u00f4i tr\u00f4ng \u0111\u1ea7y \u0111\u1eb7n, t\u01b0\u01a1i t\u1eafn v\u00e0 h\u1ed3ng h\u00e0o h\u01a1n.<\/p>\n<\/li>\n<\/ul>\n<hr data-start=\"1409\" data-end=\"1412\" \/>\n<p data-start=\"1414\" data-end=\"1440\"><strong data-start=\"1414\" data-end=\"1438\">4. H\u01b0\u1edbng d\u1eabn s\u1eed d\u1ee5ng<\/strong><\/p>\n<ul data-start=\"1441\" data-end=\"1633\">\n<li data-start=\"1441\" data-end=\"1506\">\n<p data-start=\"1443\" data-end=\"1506\">S\u1eed d\u1ee5ng 2 l\u1ea7n\/ng\u00e0y (s\u00e1ng v\u00e0 t\u1ed1i) ho\u1eb7c b\u1ea5t c\u1ee9 khi n\u00e0o m\u00f4i kh\u00f4.<\/p>\n<\/li>\n<li data-start=\"1507\" data-end=\"1584\">\n<p data-start=\"1509\" data-end=\"1584\">Sau khi l\u00e0m s\u1ea1ch m\u00f4i, l\u1ea5y m\u1ed9t l\u01b0\u1ee3ng v\u1eeba \u0111\u1ee7 v\u00e0 thoa nh\u1eb9 t\u1eeb trong ra ngo\u00e0i.<\/p>\n<\/li>\n<li data-start=\"1585\" data-end=\"1633\">\n<p data-start=\"1587\" data-end=\"1633\">M\u00edm m\u00f4i nh\u1eb9 \u0111\u1ec3 d\u01b0\u1ee1ng ch\u1ea5t th\u1ea9m th\u1ea5u t\u1ed1t h\u01a1n.<\/p>\n<\/li>\n<\/ul>\n<p data-start=\"1635\" data-end=\"1720\"><strong data-start=\"1635\" data-end=\"1648\">B\u1ea3o qu\u1ea3n:<\/strong> N\u01a1i kh\u00f4 r\u00e1o, tho\u00e1ng m\u00e1t, tr\u00e1nh \u00e1nh n\u1eafng tr\u1ef1c ti\u1ebfp v\u00e0 ngu\u1ed3n nhi\u1ec7t cao.<\/p>\n<hr data-start=\"1722\" data-end=\"1725\" \/>\n<p data-start=\"1727\" data-end=\"1754\"><strong data-start=\"1727\" data-end=\"1752\">5. Cam k\u1ebft ch\u1ea5t l\u01b0\u1ee3ng<\/strong><\/p>\n<ul data-start=\"1755\" data-end=\"2084\">\n<li data-start=\"1755\" data-end=\"1835\">\n<p data-start=\"1757\" data-end=\"1835\">S\u1ea3n xu\u1ea5t t\u1ea1i <strong data-start=\"1770\" data-end=\"1801\">Cosmax Bio, Inc. \u2013 H\u00e0n Qu\u1ed1c<\/strong> theo ti\u00eau chu\u1ea9n ch\u1ea5t l\u01b0\u1ee3ng cao.<\/p>\n<\/li>\n<li data-start=\"1836\" data-end=\"1936\">\n<p data-start=\"1838\" data-end=\"1936\">\u1ee8ng d\u1ee5ng c\u00f4ng ngh\u1ec7 <strong data-start=\"1857\" data-end=\"1876\">Neocell Science<\/strong> gi\u00fap d\u01b0\u1ee1ng ch\u1ea5t d\u1ec5 d\u00e0ng th\u1ea9m th\u1ea5u m\u00e0 kh\u00f4ng g\u00e2y nh\u1eddn d\u00ednh.<\/p>\n<\/li>\n<li data-start=\"1937\" data-end=\"1992\">\n<p data-start=\"1939\" data-end=\"1992\">Th\u00e0nh ph\u1ea7n ch\u1ecdn l\u1ecdc t\u1eeb nguy\u00ean li\u1ec7u thi\u00ean nhi\u00ean qu\u00fd.<\/p>\n<\/li>\n<li data-start=\"1993\" data-end=\"2084\">\n<p data-start=\"1995\" data-end=\"2084\">C\u00f3 gi\u1ea5y t\u1edd ch\u1ee9ng nh\u1eadn xu\u1ea5t x\u1ee9, ki\u1ec3m nghi\u1ec7m ch\u1ea5t l\u01b0\u1ee3ng v\u00e0 tem nh\u1eadn di\u1ec7n h\u00e0ng ch\u00ednh h\u00e3ng.<\/p>\n<\/li>\n<\/ul>\n<p>&nbsp;<\/p>\n<p><img fetchpriority=\"high\" decoding=\"async\" class=\"aligncenter size-full wp-image-717\" src=\"https:\/\/edallyvietnam.vn\/wp-content\/uploads\/2023\/02\/thanh-phan-thien-nhien-cua-kem-duong-moi-edally-ex-han-quoc.jpg\" alt=\"Thanh Phan Thien Nhien Cua Kem Duong Moi Edally Ex Han Quoc\" width=\"640\" height=\"480\" \/><\/p>\n<p>.<\/p>\n<p>&nbsp;<\/p>\n<p><img decoding=\"async\" class=\"aligncenter size-full wp-image-719\" src=\"https:\/\/edallyvietnam.vn\/wp-content\/uploads\/2023\/02\/kem-duong-moi-edally-ex-han-quoc-hdsd.jpg\" alt=\"Kem Duong Moi Edally Ex Han Quoc Hdsd\" width=\"640\" height=\"480\" \/><\/p>\n","protected":false},"excerpt":{"rendered":"<ul>\n<li><strong>C\u00f4ng d\u1ee5ng<\/strong>: D\u01b0\u1ee1ng \u1ea9m l\u00e0n m\u00f4i chuy\u00ean s\u00e2u, l\u00e0m h\u1ed3ng l\u00e0n m\u00f4i. \u0110\u00e0o th\u1ea3i ch\u00ec do l\u00e0n m\u00f4i nhi\u1ec5m ph\u1ea3i, lo\u1ea1i b\u1ecf t\u1ebf b\u00e0o ch\u1ebft. S\u1eed d\u1ee5ng t\u1ed1t nh\u1ea5t v\u00e0o bu\u1ed5i t\u1ed1i tr\u01b0\u1edbc khi \u0111i ng\u1ee7 cho l\u00e0n m\u00f4i c\u0103ng, m\u1ec1m m\u1ea1i, quy\u1ebfn r\u0169.<\/li>\n<li><strong>Quy c\u00e1ch<\/strong>: H\u1ed9p 1 s\u1ea3n ph\u1ea9m\/ Dung t\u00edch 5g<\/li>\n<li><strong>Th\u01b0\u01a1ng hi\u1ec7u<\/strong>:\u00a0Edally EX<\/li>\n<li><strong>Nh\u00e0 s\u1ea3n xu\u1ea5t<\/strong>: Cosmax, Inc \u2013 Korea<\/li>\n<li><strong>Xu\u1ea5t x\u1ee9<\/strong>: H\u00e0n Qu\u1ed1c<\/li>\n<\/ul>\n","protected":false},"featured_media":1256,"comment_status":"open","ping_status":"closed","template":"","meta":{"site-sidebar-layout":"default","site-content-layout":"","ast-site-content-layout":"default","site-content-style":"default","site-sidebar-style":"default","ast-global-header-display":"","ast-banner-title-visibility":"","ast-main-header-display":"","ast-hfb-above-header-display":"","ast-hfb-below-header-display":"","ast-hfb-mobile-header-display":"","site-post-title":"","ast-breadcrumbs-content":"","ast-featured-img":"","footer-sml-layout":"","theme-transparent-header-meta":"","adv-header-id-meta":"","stick-header-meta":"","header-above-stick-meta":"","header-main-stick-meta":"","header-below-stick-meta":"","astra-migrate-meta-layouts":"default","ast-page-background-enabled":"default","ast-page-background-meta":{"desktop":{"background-color":"var(--ast-global-color-5)","background-image":"","background-repeat":"repeat","background-position":"center center","background-size":"auto","background-attachment":"scroll","background-type":"","background-media":"","overlay-type":"","overlay-color":"","overlay-opacity":"","overlay-gradient":""},"tablet":{"background-color":"","background-image":"","background-repeat":"repeat","background-position":"center center","background-size":"auto","background-attachment":"scroll","background-type":"","background-media":"","overlay-type":"","overlay-color":"","overlay-opacity":"","overlay-gradient":""},"mobile":{"background-color":"","background-image":"","background-repeat":"repeat","background-position":"center center","background-size":"auto","background-attachment":"scroll","background-type":"","background-media":"","overlay-type":"","overlay-color":"","overlay-opacity":"","overlay-gradient":""}},"ast-content-background-meta":{"desktop":{"background-color":"var(--ast-global-color-4)","background-image":"","background-repeat":"repeat","background-position":"center center","background-size":"auto","background-attachment":"scroll","background-type":"","background-media":"","overlay-type":"","overlay-color":"","overlay-opacity":"","overlay-gradient":""},"tablet":{"background-color":"var(--ast-global-color-4)","background-image":"","background-repeat":"repeat","background-position":"center center","background-size":"auto","background-attachment":"scroll","background-type":"","background-media":"","overlay-type":"","overlay-color":"","overlay-opacity":"","overlay-gradient":""},"mobile":{"background-color":"var(--ast-global-color-4)","background-image":"","background-repeat":"repeat","background-position":"center center","background-size":"auto","background-attachment":"scroll","background-type":"","background-media":"","overlay-type":"","overlay-color":"","overlay-opacity":"","overlay-gradient":""}}},"product_brand":[119],"product_cat":[18,298,118,17,291,120,296],"product_tag":[],"class_list":{"0":"post-1204","1":"product","2":"type-product","3":"status-publish","4":"has-post-thumbnail","6":"product_brand-edally","7":"product_cat-cham-soc-da-mat","8":"product_cat-cham-soc-da-mat-sac-dep","9":"product_cat-edally-ex","10":"product_cat-my-pham","11":"product_cat-sac-dep","12":"product_cat-trang-diem","13":"product_cat-trang-diem-sac-dep","14":"desktop-align-left","15":"tablet-align-left","16":"mobile-align-left","18":"first","19":"instock","20":"sale","21":"taxable","22":"shipping-taxable","23":"purchasable","24":"product-type-simple"},"_links":{"self":[{"href":"https:\/\/omewa.online\/index.php\/wp-json\/wp\/v2\/product\/1204","targetHints":{"allow":["GET"]}}],"collection":[{"href":"https:\/\/omewa.online\/index.php\/wp-json\/wp\/v2\/product"}],"about":[{"href":"https:\/\/omewa.online\/index.php\/wp-json\/wp\/v2\/types\/product"}],"replies":[{"embeddable":true,"href":"https:\/\/omewa.online\/index.php\/wp-json\/wp\/v2\/comments?post=1204"}],"wp:featuredmedia":[{"embeddable":true,"href":"https:\/\/omewa.online\/index.php\/wp-json\/wp\/v2\/media\/1256"}],"wp:attachment":[{"href":"https:\/\/omewa.online\/index.php\/wp-json\/wp\/v2\/media?parent=1204"}],"wp:term":[{"taxonomy":"product_brand","embeddable":true,"href":"https:\/\/omewa.online\/index.php\/wp-json\/wp\/v2\/product_brand?post=1204"},{"taxonomy":"product_cat","embeddable":true,"href":"https:\/\/omewa.online\/index.php\/wp-json\/wp\/v2\/product_cat?post=1204"},{"taxonomy":"product_tag","embeddable":true,"href":"https:\/\/omewa.online\/index.php\/wp-json\/wp\/v2\/product_tag?post=1204"}],"curies":[{"name":"wp","href":"https:\/\/api.w.org\/{rel}","templated":true}]}}