{"id":1203,"date":"2025-11-01T18:18:49","date_gmt":"2025-11-01T18:18:49","guid":{"rendered":"https:\/\/omewa.online\/?post_type=product&#038;p=1203"},"modified":"2025-12-13T03:33:51","modified_gmt":"2025-12-13T03:33:51","slug":"tay-trang-duong-am-edally-ex-nhap-khau-han-quoc","status":"publish","type":"product","link":"https:\/\/omewa.online\/index.php\/product\/tay-trang-duong-am-edally-ex-nhap-khau-han-quoc\/","title":{"rendered":"T\u1ea9y trang d\u01b0\u1ee1ng \u1ea9m Edally EX nh\u1eadp kh\u1ea9u H\u00e0n Qu\u1ed1c"},"content":{"rendered":"<h2 data-start=\"200\" data-end=\"245\">\ud83c\udf3f T\u1ea8Y TRANG D\u01af\u1ee0NG \u1ea8M EDALLY EX H\u00c0N QU\u1ed0C<\/h2>\n<p data-start=\"246\" data-end=\"290\"><strong data-start=\"246\" data-end=\"290\">L\u00e0m s\u1ea1ch \u2013 D\u01b0\u1ee1ng \u1ea9m \u2013 Gi\u1eef l\u00e0n da m\u1ec1m m\u1ea1i<\/strong><\/p>\n<h3 data-start=\"292\" data-end=\"317\">1. \u0110\u1eb7c \u0111i\u1ec3m n\u1ed5i b\u1eadt<\/h3>\n<p data-start=\"318\" data-end=\"713\">T\u1ea9y trang d\u01b0\u1ee1ng \u1ea9m <strong data-start=\"337\" data-end=\"373\">Edally EX Miracle Cleansing Balm<\/strong> l\u00e0 s\u1ea3n ph\u1ea9m nh\u1eadp kh\u1ea9u tr\u1ef1c ti\u1ebfp t\u1eeb H\u00e0n Qu\u1ed1c, k\u1ebft h\u1ee3p <strong data-start=\"427\" data-end=\"458\">kh\u1ea3 n\u0103ng l\u00e0m s\u1ea1ch g\u1ea5p 6 l\u1ea7n<\/strong> v\u1edbi <strong data-start=\"463\" data-end=\"479\">d\u01b0\u1ee1ng \u1ea9m s\u00e2u<\/strong>, gi\u00fap lo\u1ea1i b\u1ecf l\u1edbp trang \u0111i\u1ec3m, d\u1ea7u th\u1eeba v\u00e0 b\u1ee5i b\u1ea9n m\u00e0 kh\u00f4ng l\u00e0m kh\u00f4 da.<br data-start=\"550\" data-end=\"553\" \/>S\u1ea3n ph\u1ea9m c\u00f3 d\u1ea1ng s\u00e1p, khi thoa s\u1ebd <strong data-start=\"587\" data-end=\"609\">tan ch\u1ea3y th\u00e0nh d\u1ea7u<\/strong>, nh\u1eb9 nh\u00e0ng h\u00f2a tan l\u1edbp trang \u0111i\u1ec3m v\u00e0 t\u1ea1p ch\u1ea5t trong l\u1ed7 ch\u00e2n l\u00f4ng, \u0111\u1ec3 l\u1ea1i c\u1ea3m gi\u00e1c m\u1ec1m m\u1ecbn v\u00e0 \u1ea9m m\u01b0\u1ee3t.<\/p>\n<p data-start=\"715\" data-end=\"835\">S\u1ea3n xu\u1ea5t t\u1ea1i nh\u00e0 m\u00e1y <strong data-start=\"736\" data-end=\"764\">Cosmax Bio, Inc. \u2013 Korea<\/strong> theo ti\u00eau chu\u1ea9n ki\u1ec3m so\u00e1t nghi\u00eam ng\u1eb7t t\u1eeb nguy\u00ean li\u1ec7u \u0111\u1ebfn th\u00e0nh ph\u1ea9m.<\/p>\n<p data-start=\"837\" data-end=\"868\"><strong data-start=\"837\" data-end=\"865\">\u0110\u1ea3m b\u1ea3o ti\u00eau ch\u00ed 4 KH\u00d4NG<\/strong>:<\/p>\n<ul data-start=\"869\" data-end=\"952\">\n<li data-start=\"869\" data-end=\"888\">\n<p data-start=\"871\" data-end=\"888\">Kh\u00f4ng ch\u1ea5t c\u1eb7n.<\/p>\n<\/li>\n<li data-start=\"889\" data-end=\"909\">\n<p data-start=\"891\" data-end=\"909\">Kh\u00f4ng ch\u1ea5t th\u1ea3i.<\/p>\n<\/li>\n<li data-start=\"910\" data-end=\"928\">\n<p data-start=\"912\" data-end=\"928\">Kh\u00f4ng Paraben.<\/p>\n<\/li>\n<li data-start=\"929\" data-end=\"952\">\n<p data-start=\"931\" data-end=\"952\">Kh\u00f4ng g\u00e2y k\u00edch \u1ee9ng.<\/p>\n<\/li>\n<\/ul>\n<hr data-start=\"954\" data-end=\"957\" \/>\n<h3 data-start=\"959\" data-end=\"999\">2. Th\u00e0nh ph\u1ea7n ch\u00ednh t\u1eeb thi\u00ean nhi\u00ean<\/h3>\n<ul data-start=\"1000\" data-end=\"1400\">\n<li data-start=\"1000\" data-end=\"1096\">\n<p data-start=\"1002\" data-end=\"1096\"><strong data-start=\"1002\" data-end=\"1030\">Mineral Oil (D\u1ea7u kho\u00e1ng)<\/strong>: Gi\u00fap lo\u1ea1i b\u1ecf l\u1edbp trang \u0111i\u1ec3m d\u1ec5 d\u00e0ng, \u0111\u1ed3ng th\u1eddi kh\u00f3a \u1ea9m cho da.<\/p>\n<\/li>\n<li data-start=\"1097\" data-end=\"1192\">\n<p data-start=\"1099\" data-end=\"1192\"><strong data-start=\"1099\" data-end=\"1123\">Cetyl Ethylhexanoate<\/strong>: T\u1ea1o l\u1edbp m\u00e0ng gi\u1eef n\u01b0\u1edbc, gi\u00fap da m\u1ec1m m\u1ecbn v\u00e0 h\u1ed7 tr\u1ee3 l\u00e0m m\u1edd n\u1ebfp nh\u0103n.<\/p>\n<\/li>\n<li data-start=\"1193\" data-end=\"1316\">\n<p data-start=\"1195\" data-end=\"1316\"><strong data-start=\"1195\" data-end=\"1229\">PEG-20 Glyceryl Triisostearate<\/strong>: Gi\u00fap h\u00f2a tan d\u1ea7u th\u1eeba, b\u1ee5i b\u1ea9n v\u00e0 t\u1ea1p ch\u1ea5t trong l\u1ed7 ch\u00e2n l\u00f4ng, h\u1ed7 tr\u1ee3 l\u00e0m s\u1ea1ch s\u00e2u.<\/p>\n<\/li>\n<li data-start=\"1317\" data-end=\"1400\">\n<p data-start=\"1319\" data-end=\"1400\"><strong data-start=\"1319\" data-end=\"1335\">Polyethylene<\/strong> v\u00e0 m\u1ed9t s\u1ed1 d\u01b0\u1ee1ng ch\u1ea5t kh\u00e1c h\u1ed7 tr\u1ee3 k\u1ebft c\u1ea5u v\u00e0 hi\u1ec7u qu\u1ea3 l\u00e0m s\u1ea1ch.<\/p>\n<\/li>\n<\/ul>\n<hr data-start=\"1402\" data-end=\"1405\" \/>\n<h3 data-start=\"1407\" data-end=\"1433\">3. C\u00f4ng d\u1ee5ng n\u1ed5i b\u1eadt<\/h3>\n<ul data-start=\"1434\" data-end=\"1734\">\n<li data-start=\"1434\" data-end=\"1527\">\n<p data-start=\"1436\" data-end=\"1527\">L\u00e0m s\u1ea1ch hi\u1ec7u qu\u1ea3 c\u1ea3 nh\u1eefng l\u1edbp makeup l\u00e2u tr\u00f4i nh\u01b0 mascara ch\u1ed1ng n\u01b0\u1edbc, kem n\u1ec1n, ph\u1ea5n ph\u1ee7.<\/p>\n<\/li>\n<li data-start=\"1528\" data-end=\"1605\">\n<p data-start=\"1530\" data-end=\"1605\">Gi\u00fap lo\u1ea1i b\u1ecf b\u1ee5i b\u1ea9n, d\u1ea7u th\u1eeba, c\u1eb7n trang \u0111i\u1ec3m t\u1eeb s\u00e2u trong l\u1ed7 ch\u00e2n l\u00f4ng.<\/p>\n<\/li>\n<li data-start=\"1606\" data-end=\"1686\">\n<p data-start=\"1608\" data-end=\"1686\">Cung c\u1ea5p \u0111\u1ed9 \u1ea9m v\u00e0 d\u01b0\u1ee1ng ch\u1ea5t, gi\u00fap h\u1ea1n ch\u1ebf t\u00ecnh tr\u1ea1ng da kh\u00f4 ho\u1eb7c bong tr\u00f3c.<\/p>\n<\/li>\n<li data-start=\"1687\" data-end=\"1734\">\n<p data-start=\"1689\" data-end=\"1734\">H\u1ed7 tr\u1ee3 nu\u00f4i d\u01b0\u1ee1ng l\u00e0n da m\u1ec1m m\u1ea1i, t\u01b0\u01a1i t\u1eafn.<\/p>\n<\/li>\n<\/ul>\n<hr data-start=\"1736\" data-end=\"1739\" \/>\n<h3 data-start=\"1741\" data-end=\"1767\">4. H\u01b0\u1edbng d\u1eabn s\u1eed d\u1ee5ng<\/h3>\n<ol data-start=\"1768\" data-end=\"2053\">\n<li data-start=\"1768\" data-end=\"1815\">\n<p data-start=\"1771\" data-end=\"1815\">\u0110\u1ec3 m\u1eb7t kh\u00f4, kh\u00f4ng r\u1eeda tr\u01b0\u1edbc khi t\u1ea9y trang.<\/p>\n<\/li>\n<li data-start=\"1816\" data-end=\"1883\">\n<p data-start=\"1819\" data-end=\"1883\">L\u1ea5y l\u01b0\u1ee3ng s\u00e1p v\u1eeba \u0111\u1ee7, thoa \u0111\u1ec1u l\u00ean m\u1eb7t ho\u1eb7c v\u00f9ng c\u1ea7n l\u00e0m s\u1ea1ch.<\/p>\n<\/li>\n<li data-start=\"1884\" data-end=\"1926\">\n<p data-start=\"1887\" data-end=\"1926\">Massage nh\u1eb9 \u0111\u1ec3 l\u1edbp trang \u0111i\u1ec3m tan ra.<\/p>\n<\/li>\n<li data-start=\"1927\" data-end=\"1990\">\n<p data-start=\"1930\" data-end=\"1990\">Th\u00eam m\u1ed9t ch\u00fat n\u01b0\u1edbc, ti\u1ebfp t\u1ee5c massage cho s\u1ea3n ph\u1ea9m nh\u0169 h\u00f3a.<\/p>\n<\/li>\n<li data-start=\"1991\" data-end=\"2053\">\n<p data-start=\"1994\" data-end=\"2053\">R\u1eeda s\u1ea1ch l\u1ea1i b\u1eb1ng n\u01b0\u1edbc l\u1ea1nh \u0111\u1ec3 gi\u00fap se kh\u00edt l\u1ed7 ch\u00e2n l\u00f4ng.<\/p>\n<\/li>\n<\/ol>\n<p data-start=\"2055\" data-end=\"2070\"><strong data-start=\"2055\" data-end=\"2068\">B\u1ea3o qu\u1ea3n:<\/strong><\/p>\n<ul data-start=\"2071\" data-end=\"2241\">\n<li data-start=\"2071\" data-end=\"2132\">\n<p data-start=\"2073\" data-end=\"2132\">Gi\u1eef n\u01a1i m\u00e1t m\u1ebb, tr\u00e1nh nhi\u1ec7t \u0111\u1ed9 cao v\u00e0 \u00e1nh n\u1eafng tr\u1ef1c ti\u1ebfp.<\/p>\n<\/li>\n<li data-start=\"2133\" data-end=\"2212\">\n<p data-start=\"2135\" data-end=\"2212\">S\u1ea3n ph\u1ea9m c\u00f3 th\u1ec3 tan ch\u1ea3y \u1edf &gt;50\u00b0C v\u00e0 kh\u00f4ng tr\u1edf l\u1ea1i d\u1ea1ng ban \u0111\u1ea7u sau khi tan.<\/p>\n<\/li>\n<li data-start=\"2213\" data-end=\"2241\">\n<p data-start=\"2215\" data-end=\"2241\">Tr\u00e1nh xa t\u1ea7m tay tr\u1ebb em.<\/p>\n<\/li>\n<\/ul>\n<hr data-start=\"2243\" data-end=\"2246\" \/>\n<h3 data-start=\"2248\" data-end=\"2275\">5. Cam k\u1ebft ch\u1ea5t l\u01b0\u1ee3ng<\/h3>\n<ul data-start=\"2276\" data-end=\"2576\">\n<li data-start=\"2276\" data-end=\"2339\">\n<p data-start=\"2278\" data-end=\"2339\">S\u1ea3n xu\u1ea5t t\u1ea1i nh\u00e0 m\u00e1y h\u00e0ng \u0111\u1ea7u H\u00e0n Qu\u1ed1c <strong data-start=\"2317\" data-end=\"2337\">Cosmax Bio, Inc.<\/strong><\/p>\n<\/li>\n<li data-start=\"2340\" data-end=\"2434\">\n<p data-start=\"2342\" data-end=\"2434\">\u1ee8ng d\u1ee5ng c\u00f4ng ngh\u1ec7 <strong data-start=\"2361\" data-end=\"2380\">Neocell Science<\/strong> gi\u00fap d\u01b0\u1ee1ng ch\u1ea5t th\u1ea9m th\u1ea5u s\u00e2u, kh\u00f4ng g\u00e2y nh\u1eddn d\u00ednh.<\/p>\n<\/li>\n<li data-start=\"2435\" data-end=\"2486\">\n<p data-start=\"2437\" data-end=\"2486\">Th\u00e0nh ph\u1ea7n ch\u1ecdn l\u1ecdc t\u1eeb nguy\u00ean li\u1ec7u thi\u00ean nhi\u00ean.<\/p>\n<\/li>\n<li data-start=\"2487\" data-end=\"2576\">\n<p data-start=\"2489\" data-end=\"2576\">C\u00f3 gi\u1ea5y t\u1edd ch\u1ee9ng nh\u1eadn nh\u1eadp kh\u1ea9u, ki\u1ec3m \u0111\u1ecbnh ch\u1ea5t l\u01b0\u1ee3ng, tem nh\u1eadn di\u1ec7n h\u00e0ng ch\u00ednh h\u00e3ng.<\/p>\n<\/li>\n<\/ul>\n<p><img fetchpriority=\"high\" decoding=\"async\" class=\"aligncenter size-full wp-image-709\" src=\"https:\/\/edallyvietnam.vn\/wp-content\/uploads\/2023\/02\/tp-cua-tay-trang-duong-am-edally-ex-han-quoc.jpg\" alt=\"Tp Cua Tay Trang Duong Am Edally Ex Han Quoc\" width=\"640\" height=\"480\" \/><\/p>\n<p><img decoding=\"async\" class=\"aligncenter size-full wp-image-710\" src=\"https:\/\/edallyvietnam.vn\/wp-content\/uploads\/2023\/02\/cd-cua-tay-trang-duong-am-edally-ex-han-quoc.jpg\" alt=\"Cd Cua Tay Trang Duong Am Edally Ex Han Quoc\" width=\"640\" height=\"480\" \/><\/p>\n<p><img decoding=\"async\" class=\"aligncenter size-full wp-image-711\" src=\"https:\/\/edallyvietnam.vn\/wp-content\/uploads\/2023\/02\/hdsd-tay-trang-duong-am-edally-ex-han-quoc.jpg\" alt=\"Hdsd Tay Trang Duong Am Edally Ex Han Quoc\" width=\"640\" height=\"480\" \/><\/p>\n<ol>\n<li><\/li>\n<\/ol>\n","protected":false},"excerpt":{"rendered":"<ul>\n<li><strong>C\u00f4ng d\u1ee5ng<\/strong>: D\u1ec5 d\u00e0ng t\u1ea9y trang b\u1ee5i b\u1ea9n, m\u1ecdi l\u1edbp trang \u0111i\u1ec3m c\u1ee9ng \u0111\u1ea7u nh\u1ea5t t\u1eeb s\u00e2u b\u00ean trong l\u1ed7 ch\u00e2n l\u00f4ng. L\u00e0m m\u1ec1m da, kh\u00f4ng nh\u1eddn r\u00edt. D\u01b0\u1ee1ng \u1ea9m v\u00e0 c\u00e2n b\u1eb1ng \u0111\u1ed9 \u1ea9m cho l\u00e0n da. Quy c\u00e1ch: H\u1ed9p 1 s\u1ea3n ph\u1ea9m<\/li>\n<\/ul>\n<ul>\n<li><strong>Dung t\u00edch<\/strong>: 105ml\/ H\u1ed9p<\/li>\n<li><strong>Th\u01b0\u01a1ng hi\u1ec7u<\/strong>:\u00a0Edally EX<\/li>\n<li><strong>Nh\u00e0 s\u1ea3n xu\u1ea5t<\/strong>: Cosmax.INC<\/li>\n<li><strong>Xu\u1ea5t x\u1ee9<\/strong>: H\u00e0n Qu\u1ed1c<\/li>\n<\/ul>\n","protected":false},"featured_media":1253,"comment_status":"open","ping_status":"closed","template":"","meta":{"site-sidebar-layout":"default","site-content-layout":"","ast-site-content-layout":"default","site-content-style":"default","site-sidebar-style":"default","ast-global-header-display":"","ast-banner-title-visibility":"","ast-main-header-display":"","ast-hfb-above-header-display":"","ast-hfb-below-header-display":"","ast-hfb-mobile-header-display":"","site-post-title":"","ast-breadcrumbs-content":"","ast-featured-img":"","footer-sml-layout":"","theme-transparent-header-meta":"","adv-header-id-meta":"","stick-header-meta":"","header-above-stick-meta":"","header-main-stick-meta":"","header-below-stick-meta":"","astra-migrate-meta-layouts":"default","ast-page-background-enabled":"default","ast-page-background-meta":{"desktop":{"background-color":"var(--ast-global-color-5)","background-image":"","background-repeat":"repeat","background-position":"center center","background-size":"auto","background-attachment":"scroll","background-type":"","background-media":"","overlay-type":"","overlay-color":"","overlay-opacity":"","overlay-gradient":""},"tablet":{"background-color":"","background-image":"","background-repeat":"repeat","background-position":"center center","background-size":"auto","background-attachment":"scroll","background-type":"","background-media":"","overlay-type":"","overlay-color":"","overlay-opacity":"","overlay-gradient":""},"mobile":{"background-color":"","background-image":"","background-repeat":"repeat","background-position":"center center","background-size":"auto","background-attachment":"scroll","background-type":"","background-media":"","overlay-type":"","overlay-color":"","overlay-opacity":"","overlay-gradient":""}},"ast-content-background-meta":{"desktop":{"background-color":"var(--ast-global-color-4)","background-image":"","background-repeat":"repeat","background-position":"center center","background-size":"auto","background-attachment":"scroll","background-type":"","background-media":"","overlay-type":"","overlay-color":"","overlay-opacity":"","overlay-gradient":""},"tablet":{"background-color":"var(--ast-global-color-4)","background-image":"","background-repeat":"repeat","background-position":"center center","background-size":"auto","background-attachment":"scroll","background-type":"","background-media":"","overlay-type":"","overlay-color":"","overlay-opacity":"","overlay-gradient":""},"mobile":{"background-color":"var(--ast-global-color-4)","background-image":"","background-repeat":"repeat","background-position":"center center","background-size":"auto","background-attachment":"scroll","background-type":"","background-media":"","overlay-type":"","overlay-color":"","overlay-opacity":"","overlay-gradient":""}}},"product_brand":[119],"product_cat":[18,298,118,17,291,120,296],"product_tag":[],"class_list":{"0":"post-1203","1":"product","2":"type-product","3":"status-publish","4":"has-post-thumbnail","6":"product_brand-edally","7":"product_cat-cham-soc-da-mat","8":"product_cat-cham-soc-da-mat-sac-dep","9":"product_cat-edally-ex","10":"product_cat-my-pham","11":"product_cat-sac-dep","12":"product_cat-trang-diem","13":"product_cat-trang-diem-sac-dep","14":"desktop-align-left","15":"tablet-align-left","16":"mobile-align-left","18":"first","19":"instock","20":"sale","21":"taxable","22":"shipping-taxable","23":"purchasable","24":"product-type-simple"},"_links":{"self":[{"href":"https:\/\/omewa.online\/index.php\/wp-json\/wp\/v2\/product\/1203","targetHints":{"allow":["GET"]}}],"collection":[{"href":"https:\/\/omewa.online\/index.php\/wp-json\/wp\/v2\/product"}],"about":[{"href":"https:\/\/omewa.online\/index.php\/wp-json\/wp\/v2\/types\/product"}],"replies":[{"embeddable":true,"href":"https:\/\/omewa.online\/index.php\/wp-json\/wp\/v2\/comments?post=1203"}],"wp:featuredmedia":[{"embeddable":true,"href":"https:\/\/omewa.online\/index.php\/wp-json\/wp\/v2\/media\/1253"}],"wp:attachment":[{"href":"https:\/\/omewa.online\/index.php\/wp-json\/wp\/v2\/media?parent=1203"}],"wp:term":[{"taxonomy":"product_brand","embeddable":true,"href":"https:\/\/omewa.online\/index.php\/wp-json\/wp\/v2\/product_brand?post=1203"},{"taxonomy":"product_cat","embeddable":true,"href":"https:\/\/omewa.online\/index.php\/wp-json\/wp\/v2\/product_cat?post=1203"},{"taxonomy":"product_tag","embeddable":true,"href":"https:\/\/omewa.online\/index.php\/wp-json\/wp\/v2\/product_tag?post=1203"}],"curies":[{"name":"wp","href":"https:\/\/api.w.org\/{rel}","templated":true}]}}