{"id":1201,"date":"2025-11-01T18:18:49","date_gmt":"2025-11-01T18:18:49","guid":{"rendered":"https:\/\/omewa.online\/?post_type=product&#038;p=1201"},"modified":"2025-12-13T03:33:51","modified_gmt":"2025-12-13T03:33:51","slug":"kem-trang-diem-va-duong-trang-ban-ngay-edally-ex-han-quoc","status":"publish","type":"product","link":"https:\/\/omewa.online\/index.php\/product\/kem-trang-diem-va-duong-trang-ban-ngay-edally-ex-han-quoc\/","title":{"rendered":"Kem trang \u0111i\u1ec3m v\u00e0 d\u01b0\u1ee1ng tr\u1eafng ban ng\u00e0y Edally EX H\u00e0n Qu\u1ed1c"},"content":{"rendered":"<h2 data-start=\"196\" data-end=\"253\"><strong data-start=\"199\" data-end=\"251\">Kem Trang \u0110i\u1ec3m D\u01b0\u1ee1ng Tr\u1eafng Da Edally EX H\u00e0n Qu\u1ed1c<\/strong><\/h2>\n<p data-start=\"254\" data-end=\"327\"><strong data-start=\"254\" data-end=\"327\">Make Up &amp; Whitening Day Cream \u2013 S\u00e1ng m\u1ecbn t\u1ee9c th\u00ec, d\u01b0\u1ee1ng tr\u1eafng l\u00e2u d\u00e0i<\/strong><\/p>\n<hr data-start=\"329\" data-end=\"332\" \/>\n<h3 data-start=\"334\" data-end=\"363\"><strong data-start=\"338\" data-end=\"361\">1. \u0110\u1eb7c \u0111i\u1ec3m n\u1ed5i b\u1eadt<\/strong><\/h3>\n<ul data-start=\"364\" data-end=\"729\">\n<li data-start=\"364\" data-end=\"428\">\n<p data-start=\"366\" data-end=\"428\">M\u1ef9 ph\u1ea9m thi\u00ean nhi\u00ean cao c\u1ea5p, <strong data-start=\"395\" data-end=\"425\">nh\u1eadp kh\u1ea9u 100% t\u1eeb H\u00e0n Qu\u1ed1c<\/strong>.<\/p>\n<\/li>\n<li data-start=\"429\" data-end=\"540\">\n<p data-start=\"431\" data-end=\"540\">\u1ee8ng d\u1ee5ng c\u00f4ng ngh\u1ec7 <strong data-start=\"450\" data-end=\"469\">Neocell Science<\/strong> \u2013 th\u1ea9m th\u1ea5u d\u01b0\u1ee1ng ch\u1ea5t s\u00e2u v\u00e0o t\u1ebf b\u00e0o da, h\u1ea5p th\u1ee5 nhanh v\u00e0 hi\u1ec7u qu\u1ea3.<\/p>\n<\/li>\n<li data-start=\"541\" data-end=\"592\">\n<p data-start=\"543\" data-end=\"592\"><strong data-start=\"543\" data-end=\"556\">2 trong 1<\/strong>: V\u1eeba d\u01b0\u1ee1ng tr\u1eafng, v\u1eeba trang \u0111i\u1ec3m.<\/p>\n<\/li>\n<li data-start=\"593\" data-end=\"663\">\n<p data-start=\"595\" data-end=\"663\">N\u00e2ng t\u00f4ng da t\u1ee9c th\u00ec, tr\u1eafng m\u1ecbn t\u1ef1 nhi\u00ean, d\u01b0\u1ee1ng s\u00e2u ch\u1ed1ng l\u00e3o h\u00f3a.<\/p>\n<\/li>\n<li data-start=\"664\" data-end=\"729\">\n<p data-start=\"666\" data-end=\"729\"><strong data-start=\"666\" data-end=\"690\">Hi\u1ec7u qu\u1ea3 sau 30 ng\u00e0y<\/strong>: Da tr\u1eafng b\u1ec1n v\u1eefng, kh\u1ecfe v\u00e0 \u0111\u1ec1u m\u00e0u.<\/p>\n<\/li>\n<\/ul>\n<hr data-start=\"731\" data-end=\"734\" \/>\n<h3 data-start=\"736\" data-end=\"765\"><strong data-start=\"740\" data-end=\"763\">2. Th\u00e0nh ph\u1ea7n ch\u00ednh<\/strong><\/h3>\n<ul data-start=\"766\" data-end=\"1217\">\n<li data-start=\"766\" data-end=\"823\">\n<p data-start=\"768\" data-end=\"823\"><strong data-start=\"768\" data-end=\"789\">Chi\u1ebft xu\u1ea5t l\u00f4 h\u1ed9i<\/strong>: L\u00e0m d\u1ecbu, c\u1ea5p \u1ea9m, ch\u1ed1ng tia UV.<\/p>\n<\/li>\n<li data-start=\"824\" data-end=\"900\">\n<p data-start=\"826\" data-end=\"900\"><strong data-start=\"826\" data-end=\"846\">Tinh ch\u1ea5t t\u1ed5 y\u1ebfn<\/strong>: Gi\u00e0u axit amin, h\u1ed7 tr\u1ee3 t\u00e1i t\u1ea1o Collagen &amp; Elastin.<\/p>\n<\/li>\n<li data-start=\"901\" data-end=\"979\">\n<p data-start=\"903\" data-end=\"979\"><strong data-start=\"903\" data-end=\"931\">Niacinamide (Vitamin B3)<\/strong>: D\u01b0\u1ee1ng tr\u1eafng an to\u00e0n, ph\u1ee5c h\u1ed3i da t\u1ed5n th\u01b0\u01a1ng.<\/p>\n<\/li>\n<li data-start=\"980\" data-end=\"1030\">\n<p data-start=\"982\" data-end=\"1030\"><strong data-start=\"982\" data-end=\"995\">Adenosine<\/strong>: Gi\u1ea3m n\u1ebfp nh\u0103n, t\u0103ng \u0111\u1ed9 \u0111\u00e0n h\u1ed3i.<\/p>\n<\/li>\n<li data-start=\"1031\" data-end=\"1090\">\n<p data-start=\"1033\" data-end=\"1090\"><strong data-start=\"1033\" data-end=\"1044\">C\u00e1m g\u1ea1o<\/strong>: D\u01b0\u1ee1ng \u1ea9m, c\u1ea3i thi\u1ec7n s\u1eafc t\u1ed1, ch\u1ed1ng l\u00e3o h\u00f3a.<\/p>\n<\/li>\n<li data-start=\"1091\" data-end=\"1124\">\n<p data-start=\"1093\" data-end=\"1124\"><strong data-start=\"1093\" data-end=\"1104\">Hoa c\u00fac<\/strong>: L\u00e0m m\u1ec1m, m\u1ecbn da.<\/p>\n<\/li>\n<li data-start=\"1125\" data-end=\"1217\">\n<p data-start=\"1127\" data-end=\"1217\"><strong data-start=\"1127\" data-end=\"1156\">C\u00f4ng ngh\u1ec7 Neocell Science<\/strong>: \u0110\u01b0a d\u01b0\u1ee1ng ch\u1ea5t v\u00e0o s\u00e2u l\u1edbp h\u1ea1 b\u00ec, t\u1ed1i \u01b0u s\u1ee9c m\u1ea1nh t\u1ebf b\u00e0o.<\/p>\n<\/li>\n<\/ul>\n<hr data-start=\"1219\" data-end=\"1222\" \/>\n<h3 data-start=\"1224\" data-end=\"1246\"><strong data-start=\"1228\" data-end=\"1244\">3. C\u00f4ng d\u1ee5ng<\/strong><\/h3>\n<ul data-start=\"1247\" data-end=\"1510\">\n<li data-start=\"1247\" data-end=\"1300\">\n<p data-start=\"1249\" data-end=\"1300\">N\u00e2ng t\u00f4ng da nh\u1eb9 nh\u00e0ng, che khuy\u1ebft \u0111i\u1ec3m t\u1ef1 nhi\u00ean.<\/p>\n<\/li>\n<li data-start=\"1301\" data-end=\"1347\">\n<p data-start=\"1303\" data-end=\"1347\">D\u01b0\u1ee1ng tr\u1eafng, c\u1ea5p \u1ea9m, se kh\u00edt l\u1ed7 ch\u00e2n l\u00f4ng.<\/p>\n<\/li>\n<li data-start=\"1348\" data-end=\"1414\">\n<p data-start=\"1350\" data-end=\"1414\">C\u1ea3i thi\u1ec7n \u0111\u1ed9 \u0111\u00e0n h\u1ed3i, h\u1ed7 tr\u1ee3 ph\u1ee5c h\u1ed3i da h\u01b0 t\u1ed5n, gi\u1ea3m n\u00e1m s\u1ea1m.<\/p>\n<\/li>\n<li data-start=\"1415\" data-end=\"1446\">\n<p data-start=\"1417\" data-end=\"1446\">B\u1ea3o v\u1ec7 da kh\u1ecfi tia UVA\/UVB.<\/p>\n<\/li>\n<li data-start=\"1447\" data-end=\"1510\">\n<p data-start=\"1449\" data-end=\"1510\">L\u00e0m l\u1edbp l\u00f3t trang \u0111i\u1ec3m m\u1ecfng nh\u1eb9, m\u1ecbn m\u00e0ng, kh\u00f4ng th\u1ea5m n\u01b0\u1edbc.<\/p>\n<\/li>\n<\/ul>\n<hr data-start=\"1512\" data-end=\"1515\" \/>\n<h3 data-start=\"1517\" data-end=\"1547\"><strong data-start=\"1521\" data-end=\"1545\">4. H\u01b0\u1edbng d\u1eabn s\u1eed d\u1ee5ng<\/strong><\/h3>\n<ol data-start=\"1548\" data-end=\"1831\">\n<li data-start=\"1548\" data-end=\"1614\">\n<p data-start=\"1551\" data-end=\"1614\">L\u1ea5y l\u01b0\u1ee3ng kem v\u1eeba \u0111\u1ee7, ch\u1ea5m l\u00ean 5 \u0111i\u1ec3m tr\u00ean m\u1eb7t + 2 \u0111i\u1ec3m \u1edf c\u1ed5.<\/p>\n<\/li>\n<li data-start=\"1615\" data-end=\"1690\">\n<p data-start=\"1618\" data-end=\"1690\">Thoa \u0111\u1ec1u t\u1eeb d\u01b0\u1edbi l\u00ean tr\u00ean, t\u1eeb trong ra ngo\u00e0i theo chuy\u1ec3n \u0111\u1ed9ng xo\u1eafn \u1ed1c.<\/p>\n<\/li>\n<li data-start=\"1691\" data-end=\"1831\">\n<p data-start=\"1694\" data-end=\"1831\">V\u1ed7 nh\u1eb9 \u0111\u1ec3 d\u01b0\u1ee1ng ch\u1ea5t th\u1ea9m th\u1ea5u.<br data-start=\"1725\" data-end=\"1728\" \/>\ud83d\udca1 <strong data-start=\"1731\" data-end=\"1748\">D\u00f9ng m\u1ed7i s\u00e1ng<\/strong> sau khi r\u1eeda m\u1eb7t. C\u00f3 th\u1ec3 k\u1ebft h\u1ee3p ph\u1ea5n n\u01b0\u1edbc\/ph\u1ea5n ph\u1ee7 \u0111\u1ec3 ho\u00e0n thi\u1ec7n l\u1edbp trang \u0111i\u1ec3m.<\/p>\n<\/li>\n<\/ol>\n<hr data-start=\"1833\" data-end=\"1836\" \/>\n<h3 data-start=\"1838\" data-end=\"1869\"><strong data-start=\"1842\" data-end=\"1867\">5. Cam k\u1ebft ch\u1ea5t l\u01b0\u1ee3ng<\/strong><\/h3>\n<ul data-start=\"1870\" data-end=\"2107\">\n<li data-start=\"1870\" data-end=\"1915\">\n<p data-start=\"1872\" data-end=\"1915\">S\u1ea3n xu\u1ea5t t\u1ea1i <strong data-start=\"1885\" data-end=\"1912\">Cosmax Bio, Inc \u2013 Korea<\/strong>.<\/p>\n<\/li>\n<li data-start=\"1916\" data-end=\"1970\">\n<p data-start=\"1918\" data-end=\"1970\">Nguy\u00ean li\u1ec7u qu\u00fd hi\u1ebfm, c\u00f4ng ngh\u1ec7 Neocell \u0111\u1ed9c quy\u1ec1n.<\/p>\n<\/li>\n<li data-start=\"1971\" data-end=\"2014\">\n<p data-start=\"1973\" data-end=\"2014\">Ch\u1ee9ng nh\u1eadn qu\u1ed1c t\u1ebf: FDA, Ecocert, KFDA.<\/p>\n<\/li>\n<li data-start=\"2015\" data-end=\"2107\">\n<p data-start=\"2017\" data-end=\"2107\">Ch\u1ee9ng nh\u1eadn trong n\u01b0\u1edbc: Tem ch\u1ed1ng gi\u1ea3 B\u1ed9 C\u00f4ng An, ch\u1ee9ng nh\u1eadn Vi\u1ec7n Da Li\u1ec5u TW khuy\u00ean d\u00f9ng.<\/p>\n<\/li>\n<\/ul>\n<p><img fetchpriority=\"high\" decoding=\"async\" class=\"aligncenter size-full wp-image-676\" src=\"https:\/\/edallyvietnam.vn\/wp-content\/uploads\/2023\/02\/tp-kem-trang-diem-va-duong-trang-ban-ngay-edally-ex-han-quoc.jpg\" alt=\"Tp Kem Trang Diem Va Duong Trang Ban Ngay Edally Ex Han Quoc\" width=\"640\" height=\"480\" \/><\/p>\n<h2 id=\"3._cng_dung_cua_kem_trang_diem_v_duong_trang_ban_ngy_edally_ex_hn_quoc\"><\/h2>\n<p><img decoding=\"async\" class=\"aligncenter size-full wp-image-677\" src=\"https:\/\/edallyvietnam.vn\/wp-content\/uploads\/2023\/02\/cd-cua-kem-trang-diem-va-duong-trang-ban-ngay-edally-ex-han-quoc.jpg\" alt=\"Kem Trang \u0110i\u1ec3m V\u00e0 D\u01b0\u1ee1ng Tr\u1eafng Ban Ng\u00e0y Edally Ex\" width=\"640\" height=\"480\" \/><\/p>\n<h2 id=\"4._huong_dan_su_dung_kem_trang_diem_v_duong_trang_ban_ngy_edally_ex_hn_quoc\"><\/h2>\n<p><img decoding=\"async\" class=\"aligncenter size-full wp-image-678\" src=\"https:\/\/edallyvietnam.vn\/wp-content\/uploads\/2023\/02\/hdsd-kem-trang-diem-va-duong-trang-ban-ngay-edally-ex-han-quoc.jpg\" alt=\"Hdsd Kem Trang Diem Va Duong Trang Ban Ngay Edally Ex Han Quoc\" width=\"640\" height=\"480\" \/><\/p>\n","protected":false},"excerpt":{"rendered":"<ul>\n<li><strong>C\u00f4ng d\u1ee5ng<\/strong>: Trang \u0111i\u1ec3m \u0111\u1eb9p t\u1ef1 nhi\u00ean, nh\u1eb9 nh\u00e0ng l\u00e0m b\u1eadt t\u00f4ng da ngay t\u1ee9c kh\u1eafc, tr\u1eafng s\u00e1ng t\u1ee9c th\u00ec, d\u01b0\u1ee1ng tr\u1eafng. L\u00e0m m\u1ecbn da v\u1edbi t\u00f4ng m\u00e0u \u0111\u1ec1u \u0111\u1eb7n, t\u01b0\u01a1i t\u1eafn, l\u00e0m m\u1edd th\u00e2m n\u00e1m, c\u1ea3i thi\u1ec7n c\u00e1c n\u1ebfp nh\u0103n. Ng\u0103n ng\u1eeba c\u00e1c d\u1ea5u hi\u1ec7u l\u00e3o h\u00f3a da do t\u00e1c \u0111\u1ed9ng t\u1eeb tia c\u1ef1c t\u00edm v\u00e0 c\u00e1c t\u00e1c nh\u00e2n g\u00e2y h\u1ea1i t\u1eeb m\u00f4i tr\u01b0\u1eddng b\u00ean ngo\u00e0i. Duy tr\u00ec v\u00e0 c\u00e2n b\u1eb1ng \u0111\u1ed9 \u1ea9m gi\u00fap l\u00e0n da \u1ea9m m\u01b0\u1ee3t su\u1ed1t c\u1ea3 ng\u00e0y.<\/li>\n<li><strong>Quy c\u00e1ch<\/strong>: H\u1ed9p 1 s\u1ea3n ph\u1ea9m\/ 50 g<\/li>\n<li><strong>Th\u01b0\u01a1ng hi\u1ec7u<\/strong>:\u00a0Edally EX<\/li>\n<li><strong>Nh\u00e0 s\u1ea3n xu\u1ea5t<\/strong>: Coreana Cosmetics Co., Ltd.<\/li>\n<li><strong>Xu\u1ea5t x\u1ee9<\/strong>: H\u00e0n Qu\u1ed1c<\/li>\n<li><\/li>\n<\/ul>\n","protected":false},"featured_media":1238,"comment_status":"open","ping_status":"closed","template":"","meta":{"site-sidebar-layout":"default","site-content-layout":"","ast-site-content-layout":"default","site-content-style":"default","site-sidebar-style":"default","ast-global-header-display":"","ast-banner-title-visibility":"","ast-main-header-display":"","ast-hfb-above-header-display":"","ast-hfb-below-header-display":"","ast-hfb-mobile-header-display":"","site-post-title":"","ast-breadcrumbs-content":"","ast-featured-img":"","footer-sml-layout":"","theme-transparent-header-meta":"","adv-header-id-meta":"","stick-header-meta":"","header-above-stick-meta":"","header-main-stick-meta":"","header-below-stick-meta":"","astra-migrate-meta-layouts":"default","ast-page-background-enabled":"default","ast-page-background-meta":{"desktop":{"background-color":"var(--ast-global-color-5)","background-image":"","background-repeat":"repeat","background-position":"center center","background-size":"auto","background-attachment":"scroll","background-type":"","background-media":"","overlay-type":"","overlay-color":"","overlay-opacity":"","overlay-gradient":""},"tablet":{"background-color":"","background-image":"","background-repeat":"repeat","background-position":"center center","background-size":"auto","background-attachment":"scroll","background-type":"","background-media":"","overlay-type":"","overlay-color":"","overlay-opacity":"","overlay-gradient":""},"mobile":{"background-color":"","background-image":"","background-repeat":"repeat","background-position":"center center","background-size":"auto","background-attachment":"scroll","background-type":"","background-media":"","overlay-type":"","overlay-color":"","overlay-opacity":"","overlay-gradient":""}},"ast-content-background-meta":{"desktop":{"background-color":"var(--ast-global-color-4)","background-image":"","background-repeat":"repeat","background-position":"center center","background-size":"auto","background-attachment":"scroll","background-type":"","background-media":"","overlay-type":"","overlay-color":"","overlay-opacity":"","overlay-gradient":""},"tablet":{"background-color":"var(--ast-global-color-4)","background-image":"","background-repeat":"repeat","background-position":"center center","background-size":"auto","background-attachment":"scroll","background-type":"","background-media":"","overlay-type":"","overlay-color":"","overlay-opacity":"","overlay-gradient":""},"mobile":{"background-color":"var(--ast-global-color-4)","background-image":"","background-repeat":"repeat","background-position":"center center","background-size":"auto","background-attachment":"scroll","background-type":"","background-media":"","overlay-type":"","overlay-color":"","overlay-opacity":"","overlay-gradient":""}}},"product_brand":[119],"product_cat":[18,298,118,17,291,120,296],"product_tag":[],"class_list":{"0":"post-1201","1":"product","2":"type-product","3":"status-publish","4":"has-post-thumbnail","6":"product_brand-edally","7":"product_cat-cham-soc-da-mat","8":"product_cat-cham-soc-da-mat-sac-dep","9":"product_cat-edally-ex","10":"product_cat-my-pham","11":"product_cat-sac-dep","12":"product_cat-trang-diem","13":"product_cat-trang-diem-sac-dep","14":"desktop-align-left","15":"tablet-align-left","16":"mobile-align-left","18":"first","19":"instock","20":"sale","21":"taxable","22":"shipping-taxable","23":"purchasable","24":"product-type-simple"},"_links":{"self":[{"href":"https:\/\/omewa.online\/index.php\/wp-json\/wp\/v2\/product\/1201","targetHints":{"allow":["GET"]}}],"collection":[{"href":"https:\/\/omewa.online\/index.php\/wp-json\/wp\/v2\/product"}],"about":[{"href":"https:\/\/omewa.online\/index.php\/wp-json\/wp\/v2\/types\/product"}],"replies":[{"embeddable":true,"href":"https:\/\/omewa.online\/index.php\/wp-json\/wp\/v2\/comments?post=1201"}],"wp:featuredmedia":[{"embeddable":true,"href":"https:\/\/omewa.online\/index.php\/wp-json\/wp\/v2\/media\/1238"}],"wp:attachment":[{"href":"https:\/\/omewa.online\/index.php\/wp-json\/wp\/v2\/media?parent=1201"}],"wp:term":[{"taxonomy":"product_brand","embeddable":true,"href":"https:\/\/omewa.online\/index.php\/wp-json\/wp\/v2\/product_brand?post=1201"},{"taxonomy":"product_cat","embeddable":true,"href":"https:\/\/omewa.online\/index.php\/wp-json\/wp\/v2\/product_cat?post=1201"},{"taxonomy":"product_tag","embeddable":true,"href":"https:\/\/omewa.online\/index.php\/wp-json\/wp\/v2\/product_tag?post=1201"}],"curies":[{"name":"wp","href":"https:\/\/api.w.org\/{rel}","templated":true}]}}