{"id":1200,"date":"2025-11-01T18:18:49","date_gmt":"2025-11-01T18:18:49","guid":{"rendered":"https:\/\/omewa.online\/?post_type=product&#038;p=1200"},"modified":"2025-12-13T03:33:51","modified_gmt":"2025-12-13T03:33:51","slug":"kem-nen-bb-edally-ex-han-quoc","status":"publish","type":"product","link":"https:\/\/omewa.online\/index.php\/product\/kem-nen-bb-edally-ex-han-quoc\/","title":{"rendered":"Kem n\u1ec1n BB Edally EX H\u00e0n Qu\u1ed1c"},"content":{"rendered":"<h2 data-start=\"150\" data-end=\"239\"><strong data-start=\"153\" data-end=\"237\">Kem n\u1ec1n BB Edally EX \u2013 Brightening Triple BB Cream SPF30\/PA+++<\/strong><\/h2>\n<hr data-start=\"305\" data-end=\"308\" \/>\n<h3 data-start=\"310\" data-end=\"335\"><strong data-start=\"314\" data-end=\"333\">1. \u0110i\u1ec3m n\u1ed5i b\u1eadt<\/strong><\/h3>\n<ul data-start=\"336\" data-end=\"736\">\n<li data-start=\"336\" data-end=\"411\">\n<p data-start=\"338\" data-end=\"411\">S\u1ea3n xu\u1ea5t v\u00e0 nh\u1eadp kh\u1ea9u 100% t\u1eeb <strong data-start=\"368\" data-end=\"398\">Coreana Cosmetics Co., Ltd<\/strong> (H\u00e0n Qu\u1ed1c)<\/p>\n<\/li>\n<li data-start=\"412\" data-end=\"525\">\n<p data-start=\"414\" data-end=\"525\">\u1ee8ng d\u1ee5ng <strong data-start=\"423\" data-end=\"477\">c\u00f4ng ngh\u1ec7 th\u1ea9m th\u1ea5u t\u1ebf b\u00e0o \u0111\u1ed9t ph\u00e1 NEOCELL SCIENCE<\/strong> gi\u00fap d\u01b0\u1ee1ng ch\u1ea5t th\u1ea9m th\u1ea5u s\u00e2u v\u00e0 nhanh v\u00e0o da<\/p>\n<\/li>\n<li data-start=\"526\" data-end=\"595\">\n<p data-start=\"528\" data-end=\"595\"><strong data-start=\"528\" data-end=\"551\">Hi\u1ec7u qu\u1ea3 2 trong 1:<\/strong> Che ph\u1ee7 ho\u00e0n h\u1ea3o + Ch\u1ed1ng n\u1eafng SPF41\/PA+++<\/p>\n<\/li>\n<li data-start=\"596\" data-end=\"697\">\n<p data-start=\"598\" data-end=\"697\">L\u00e0m s\u00e1ng da, x\u1eed l\u00fd nhanh c\u00e1c v\u1ea5n \u0111\u1ec1 <strong data-start=\"644\" data-end=\"695\">v\u1ebft th\u00e2m, n\u00e1m, m\u1ee5n, l\u1ed7 ch\u00e2n l\u00f4ng to, da x\u1ec9n m\u00e0u<\/strong><\/p>\n<\/li>\n<li data-start=\"698\" data-end=\"736\">\n<p data-start=\"700\" data-end=\"736\">Ph\u00f9 h\u1ee3p cho c\u1ea3 <strong data-start=\"715\" data-end=\"734\">l\u00e0n da nh\u1ea1y c\u1ea3m<\/strong><\/p>\n<\/li>\n<\/ul>\n<hr data-start=\"738\" data-end=\"741\" \/>\n<h3 data-start=\"743\" data-end=\"774\"><strong data-start=\"747\" data-end=\"772\">2. Th\u00e0nh ph\u1ea7n n\u1ed5i b\u1eadt<\/strong><\/h3>\n<p data-start=\"775\" data-end=\"835\">Chi\u1ebft xu\u1ea5t <strong data-start=\"786\" data-end=\"814\">thu\u1ea7n thi\u00ean nhi\u00ean h\u1eefu c\u01a1<\/strong> \u0111\u1ea1t chu\u1ea9n Ecocert:<\/p>\n<ul data-start=\"836\" data-end=\"1156\">\n<li data-start=\"836\" data-end=\"906\">\n<p data-start=\"838\" data-end=\"906\"><strong data-start=\"838\" data-end=\"861\">Hydrolyzed Collagen<\/strong> \u2013 Gi\u00fap da c\u0103ng m\u1ecbn, s\u0103n ch\u1eafc, ng\u0103n l\u00e3o h\u00f3a<\/p>\n<\/li>\n<li data-start=\"907\" data-end=\"991\">\n<p data-start=\"909\" data-end=\"991\"><strong data-start=\"909\" data-end=\"925\">T\u1ed5 y\u1ebfn tr\u1eafng<\/strong> \u2013 T\u0103ng c\u01b0\u1eddng t\u00e1i t\u1ea1o t\u1ebf b\u00e0o, h\u1ed7 tr\u1ee3 s\u1ea3n sinh Collagen &amp; Elastin<\/p>\n<\/li>\n<li data-start=\"992\" data-end=\"1079\">\n<p data-start=\"994\" data-end=\"1079\"><strong data-start=\"994\" data-end=\"1025\">Ethylhexyl Methoxycinnamate<\/strong> \u2013 H\u1ea5p th\u1ee5 tia UVB, gi\u1ea3m ch\u00e1y n\u1eafng &amp; b\u1ea3o v\u1ec7 Collagen<\/p>\n<\/li>\n<li data-start=\"1080\" data-end=\"1156\">\n<p data-start=\"1082\" data-end=\"1156\"><strong data-start=\"1082\" data-end=\"1104\">Hydrolyzed Elastin<\/strong> \u2013 Gi\u1eef n\u01b0\u1edbc, se kh\u00edt l\u1ed7 ch\u00e2n l\u00f4ng, t\u0103ng \u0111\u1ed9 \u0111\u00e0n h\u1ed3i<\/p>\n<\/li>\n<\/ul>\n<hr data-start=\"1158\" data-end=\"1161\" \/>\n<h3 data-start=\"1163\" data-end=\"1185\"><strong data-start=\"1167\" data-end=\"1183\">3. C\u00f4ng d\u1ee5ng<\/strong><\/h3>\n<ul data-start=\"1186\" data-end=\"1483\">\n<li data-start=\"1186\" data-end=\"1245\">\n<p data-start=\"1188\" data-end=\"1245\"><strong data-start=\"1188\" data-end=\"1208\">Che ph\u1ee7 ho\u00e0n h\u1ea3o<\/strong> l\u1ed7 ch\u00e2n l\u00f4ng &amp; khuy\u1ebft \u0111i\u1ec3m su\u1ed1t 8h<\/p>\n<\/li>\n<li data-start=\"1246\" data-end=\"1323\">\n<p data-start=\"1248\" data-end=\"1323\"><strong data-start=\"1248\" data-end=\"1268\">B\u1eadt t\u00f4ng t\u1ee9c th\u00ec<\/strong> v\u1edbi h\u1ea1t kem si\u00eau m\u1ecbn, mang l\u1ea1i l\u00e0n da s\u00e1ng nh\u01b0 g\u01b0\u01a1ng<\/p>\n<\/li>\n<li data-start=\"1324\" data-end=\"1385\">\n<p data-start=\"1326\" data-end=\"1385\"><strong data-start=\"1326\" data-end=\"1349\">D\u01b0\u1ee1ng \u1ea9m &amp; ph\u1ee5c h\u1ed3i<\/strong> da nh\u1edd Hyaluronic Acid &amp; Collagen<\/p>\n<\/li>\n<li data-start=\"1386\" data-end=\"1432\">\n<p data-start=\"1388\" data-end=\"1432\"><strong data-start=\"1388\" data-end=\"1409\">Ch\u1ed1ng n\u1eafng t\u1ed1i \u01b0u<\/strong> v\u1edbi Titanium Dioxide<\/p>\n<\/li>\n<li data-start=\"1433\" data-end=\"1483\">\n<p data-start=\"1435\" data-end=\"1483\">T\u1ea1o <strong data-start=\"1439\" data-end=\"1459\">l\u1edbp n\u1ec1n m\u1ecfng nh\u1eb9<\/strong>, b\u1ec1n m\u00e0u, kh\u00f4ng b\u00ed da<\/p>\n<\/li>\n<\/ul>\n<hr data-start=\"1485\" data-end=\"1488\" \/>\n<h3 data-start=\"1490\" data-end=\"1520\"><strong data-start=\"1494\" data-end=\"1518\">4. H\u01b0\u1edbng d\u1eabn s\u1eed d\u1ee5ng<\/strong><\/h3>\n<ol data-start=\"1521\" data-end=\"1746\">\n<li data-start=\"1521\" data-end=\"1569\">\n<p data-start=\"1524\" data-end=\"1569\">L\u00e0m s\u1ea1ch da (t\u1ea9y trang, s\u1eefa r\u1eeda m\u1eb7t, toner)<\/p>\n<\/li>\n<li data-start=\"1570\" data-end=\"1624\">\n<p data-start=\"1573\" data-end=\"1624\">L\u1ea5y l\u01b0\u1ee3ng kem v\u1eeba \u0111\u1ee7, ch\u1ea5m l\u00ean tr\u00e1n, m\u00e1, c\u1eb1m, m\u0169i<\/p>\n<\/li>\n<li data-start=\"1625\" data-end=\"1706\">\n<p data-start=\"1628\" data-end=\"1706\">T\u00e1n \u0111\u1ec1u b\u1eb1ng b\u00f4ng m\u00fat ho\u1eb7c tay theo chi\u1ec1u t\u1eeb trong ra ngo\u00e0i, tr\u00ean xu\u1ed1ng d\u01b0\u1edbi<\/p>\n<\/li>\n<li data-start=\"1707\" data-end=\"1746\">\n<p data-start=\"1710\" data-end=\"1746\">Massage nh\u1eb9 \u0111\u1ec3 d\u01b0\u1ee1ng ch\u1ea5t th\u1ea5m s\u00e2u<\/p>\n<\/li>\n<\/ol>\n<p data-start=\"1748\" data-end=\"1802\"><strong data-start=\"1748\" data-end=\"1761\">B\u1ea3o qu\u1ea3n:<\/strong> N\u01a1i kh\u00f4 r\u00e1o, tr\u00e1nh \u00e1nh n\u1eafng tr\u1ef1c ti\u1ebfp.<\/p>\n<hr data-start=\"1804\" data-end=\"1807\" \/>\n<h3 data-start=\"1809\" data-end=\"1848\"><strong data-start=\"1813\" data-end=\"1846\">5. Cam k\u1ebft t\u1eeb Edally Vi\u1ec7t Nam<\/strong><\/h3>\n<ul data-start=\"1849\" data-end=\"2087\">\n<li data-start=\"1849\" data-end=\"1888\">\n<p data-start=\"1851\" data-end=\"1888\">Gi\u1ea5y t\u1edd ch\u1ee9ng nh\u1eadn nh\u1eadp kh\u1ea9u \u0111\u1ea7y \u0111\u1ee7<\/p>\n<\/li>\n<li data-start=\"1889\" data-end=\"1931\">\n<p data-start=\"1891\" data-end=\"1931\">S\u1ea3n xu\u1ea5t t\u1ea1i <strong data-start=\"1904\" data-end=\"1929\">nh\u00e0 m\u00e1y s\u1ed1 1 H\u00e0n Qu\u1ed1c<\/strong><\/p>\n<\/li>\n<li data-start=\"1932\" data-end=\"1975\">\n<p data-start=\"1934\" data-end=\"1975\">C\u00f4ng ngh\u1ec7 \u0111\u1ed9c quy\u1ec1n <strong data-start=\"1954\" data-end=\"1973\">Neocell Science<\/strong><\/p>\n<\/li>\n<li data-start=\"1976\" data-end=\"2036\">\n<p data-start=\"1978\" data-end=\"2036\">Nguy\u00ean li\u1ec7u qu\u00fd hi\u1ebfm, chu\u1ea9n qu\u1ed1c t\u1ebf (FDA, Ecocert, KFDA)<\/p>\n<\/li>\n<\/ul>\n<p><img fetchpriority=\"high\" decoding=\"async\" class=\"aligncenter size-full wp-image-669\" src=\"https:\/\/edallyvietnam.vn\/wp-content\/uploads\/2023\/02\/kem-nen-bb-lam-sang-bung-lan-da-gap-3-lan-edlly-ex-han-quoc-noi-bat.jpg\" alt=\"Kem Nen Bb Lam Sang Bung Lan Da Gap 3 Lan Edlly Ex Han Quoc Noi Bat\" width=\"640\" height=\"480\" \/><\/p>\n<p>&nbsp;<\/p>\n<p><img decoding=\"async\" class=\"aligncenter size-full wp-image-670\" src=\"https:\/\/edallyvietnam.vn\/wp-content\/uploads\/2023\/02\/thanh-phan-cua-kem-nen-bb-lam-sang-bung-lan-da-gap-3-lan-edlly-ex-han-quoc-tp.jpg\" alt=\"Thanh Phan Cua Kem Nen Bb Lam Sang Bung Lan Da Gap 3 Lan Edlly Ex Han Quoc Tp\" width=\"640\" height=\"480\" \/><\/p>\n<p>&nbsp;<\/p>\n<p><img decoding=\"async\" class=\"aligncenter size-full wp-image-671\" src=\"https:\/\/edallyvietnam.vn\/wp-content\/uploads\/2023\/02\/cong-dung-cua-kem-nen-bb-lam-sang-bung-lan-da-gap-3-lan-edlly-ex-han-quoc-cd.jpg\" alt=\"Kem N\u1ec1n Bb L\u00e0m S\u00e1ng B\u1eebng L\u00e0n Da G\u1ea5p 3 L\u1ea7n Edally Ex H\" width=\"640\" height=\"480\" \/><\/p>\n","protected":false},"excerpt":{"rendered":"<ul>\n<li><strong>C\u00f4ng d\u1ee5ng<\/strong>: L\u00e0m s\u00e1ng, Che ph\u1ee7 khuy\u1ebft \u0111i\u1ec3m, d\u01b0\u1ee1ng \u1ea9m, t\u00e1i sinh l\u00e0n da r\u1ea1ng r\u1ee1. Ch\u1ed1ng n\u1eafng, b\u1ea3o v\u1ec7 l\u00e0n da v\u1edbi SPF 30\/ PA ++..C\u01a1 ch\u1ebf tan \u0111\u1ec1u tr\u00ean da, gi\u00fap l\u00e0n da h\u1ed3ng h\u00e0o, r\u1ea1ng r\u1ee1. L\u00ean tone \u0111\u1ec1u m\u00e0u.<\/li>\n<\/ul>\n<ul>\n<li><strong>Quy c\u00e1ch<\/strong>: H\u1ed9p 1 s\u1ea3n ph\u1ea9m\/ 40 ml<\/li>\n<li><strong>Th\u01b0\u01a1ng hi\u1ec7u<\/strong>:\u00a0Edally EX<\/li>\n<li><strong>Nh\u00e0 s\u1ea3n xu\u1ea5t<\/strong>: Coreana Cosmetics Co., Ltd.<\/li>\n<li><strong>Xu\u1ea5t x\u1ee9<\/strong>: H\u00e0n Qu\u1ed1c<\/li>\n<\/ul>\n","protected":false},"featured_media":1236,"comment_status":"open","ping_status":"closed","template":"","meta":{"site-sidebar-layout":"default","site-content-layout":"","ast-site-content-layout":"default","site-content-style":"default","site-sidebar-style":"default","ast-global-header-display":"","ast-banner-title-visibility":"","ast-main-header-display":"","ast-hfb-above-header-display":"","ast-hfb-below-header-display":"","ast-hfb-mobile-header-display":"","site-post-title":"","ast-breadcrumbs-content":"","ast-featured-img":"","footer-sml-layout":"","theme-transparent-header-meta":"","adv-header-id-meta":"","stick-header-meta":"","header-above-stick-meta":"","header-main-stick-meta":"","header-below-stick-meta":"","astra-migrate-meta-layouts":"default","ast-page-background-enabled":"default","ast-page-background-meta":{"desktop":{"background-color":"var(--ast-global-color-5)","background-image":"","background-repeat":"repeat","background-position":"center center","background-size":"auto","background-attachment":"scroll","background-type":"","background-media":"","overlay-type":"","overlay-color":"","overlay-opacity":"","overlay-gradient":""},"tablet":{"background-color":"","background-image":"","background-repeat":"repeat","background-position":"center center","background-size":"auto","background-attachment":"scroll","background-type":"","background-media":"","overlay-type":"","overlay-color":"","overlay-opacity":"","overlay-gradient":""},"mobile":{"background-color":"","background-image":"","background-repeat":"repeat","background-position":"center center","background-size":"auto","background-attachment":"scroll","background-type":"","background-media":"","overlay-type":"","overlay-color":"","overlay-opacity":"","overlay-gradient":""}},"ast-content-background-meta":{"desktop":{"background-color":"var(--ast-global-color-4)","background-image":"","background-repeat":"repeat","background-position":"center center","background-size":"auto","background-attachment":"scroll","background-type":"","background-media":"","overlay-type":"","overlay-color":"","overlay-opacity":"","overlay-gradient":""},"tablet":{"background-color":"var(--ast-global-color-4)","background-image":"","background-repeat":"repeat","background-position":"center center","background-size":"auto","background-attachment":"scroll","background-type":"","background-media":"","overlay-type":"","overlay-color":"","overlay-opacity":"","overlay-gradient":""},"mobile":{"background-color":"var(--ast-global-color-4)","background-image":"","background-repeat":"repeat","background-position":"center center","background-size":"auto","background-attachment":"scroll","background-type":"","background-media":"","overlay-type":"","overlay-color":"","overlay-opacity":"","overlay-gradient":""}}},"product_brand":[119],"product_cat":[18,298,118,17,291,120,296],"product_tag":[],"class_list":{"0":"post-1200","1":"product","2":"type-product","3":"status-publish","4":"has-post-thumbnail","6":"product_brand-edally","7":"product_cat-cham-soc-da-mat","8":"product_cat-cham-soc-da-mat-sac-dep","9":"product_cat-edally-ex","10":"product_cat-my-pham","11":"product_cat-sac-dep","12":"product_cat-trang-diem","13":"product_cat-trang-diem-sac-dep","14":"desktop-align-left","15":"tablet-align-left","16":"mobile-align-left","18":"first","19":"instock","20":"sale","21":"taxable","22":"shipping-taxable","23":"purchasable","24":"product-type-simple"},"_links":{"self":[{"href":"https:\/\/omewa.online\/index.php\/wp-json\/wp\/v2\/product\/1200","targetHints":{"allow":["GET"]}}],"collection":[{"href":"https:\/\/omewa.online\/index.php\/wp-json\/wp\/v2\/product"}],"about":[{"href":"https:\/\/omewa.online\/index.php\/wp-json\/wp\/v2\/types\/product"}],"replies":[{"embeddable":true,"href":"https:\/\/omewa.online\/index.php\/wp-json\/wp\/v2\/comments?post=1200"}],"wp:featuredmedia":[{"embeddable":true,"href":"https:\/\/omewa.online\/index.php\/wp-json\/wp\/v2\/media\/1236"}],"wp:attachment":[{"href":"https:\/\/omewa.online\/index.php\/wp-json\/wp\/v2\/media?parent=1200"}],"wp:term":[{"taxonomy":"product_brand","embeddable":true,"href":"https:\/\/omewa.online\/index.php\/wp-json\/wp\/v2\/product_brand?post=1200"},{"taxonomy":"product_cat","embeddable":true,"href":"https:\/\/omewa.online\/index.php\/wp-json\/wp\/v2\/product_cat?post=1200"},{"taxonomy":"product_tag","embeddable":true,"href":"https:\/\/omewa.online\/index.php\/wp-json\/wp\/v2\/product_tag?post=1200"}],"curies":[{"name":"wp","href":"https:\/\/api.w.org\/{rel}","templated":true}]}}