{"id":1199,"date":"2025-11-01T18:18:49","date_gmt":"2025-11-01T18:18:49","guid":{"rendered":"https:\/\/omewa.online\/?post_type=product&#038;p=1199"},"modified":"2025-12-13T03:33:51","modified_gmt":"2025-12-13T03:33:51","slug":"kem-duong-mat-edally-edally-ex-nhap-khau-khau-han-quoc","status":"publish","type":"product","link":"https:\/\/omewa.online\/index.php\/product\/kem-duong-mat-edally-edally-ex-nhap-khau-khau-han-quoc\/","title":{"rendered":"Kem d\u01b0\u1ee1ng m\u1eaft Edally Edally EX nh\u1eadp kh\u1ea9u kh\u1ea9u H\u00e0n Qu\u1ed1c"},"content":{"rendered":"<h2 id=\"1._gioi_thieu_ve_kem_duong_mat_edally_ex_hn_quoc\">1. V\u00ec sao m\u1eaft c\u1ea7n s\u1eed d\u1ee5ng kem d\u01b0\u1ee1ng?<\/h2>\n<p dir=\"ltr\" role=\"presentation\">V\u00f9ng da quanh m\u1eaft r\u1ea5t m\u1ecfng v\u00e0 m\u1ed7i ng\u00e0y ch\u00fang ta ph\u1ea3i ch\u1edbp m\u1eaft kho\u1ea3ng 15.000 l\u1ea7n, ch\u00ednh \u0111i\u1ec1u n\u00e0y l\u00e0m ti\u00eau hao nhanh ngu\u1ed3n n\u0103ng l\u01b0\u1ee3ng c\u1ee7a c\u00e1c t\u1ebf b\u00e0o da v\u00f9ng m\u1eaft, d\u1eabn \u0111\u1ebfn vi\u1ec7c h\u00ecnh th\u00e0nh c\u00e1c n\u1ebfp nh\u0103n, s\u1ea1m th\u00e2m, v\u1ebft ch\u00e2n chim\u2026<\/p>\n<p dir=\"ltr\" role=\"presentation\">Kem d\u01b0\u1ee1ng\u00a0m\u1eaft\u00a0Edally EX H\u00e0n Qu\u1ed1c c\u00f3 c\u00e1c th\u00e0nh ph\u1ea7n ch\u00ednh mang l\u1ea1i c\u00f4ng d\u1ee5ng hi\u1ec7u qu\u1ea3 trong vi\u1ec7c ch\u0103m s\u00f3c chuy\u00ean bi\u1ec7t cho v\u00f9ng da quanh m\u1eaft.<\/p>\n<p dir=\"ltr\" role=\"presentation\"><img fetchpriority=\"high\" decoding=\"async\" class=\"aligncenter size-full wp-image-649\" src=\"https:\/\/edallyvietnam.vn\/wp-content\/uploads\/2023\/02\/cong-dung-cua-kem-duong-mat-edally-ex-han-quoc-vi-sao-chon.jpg\" alt=\"Cong Dung Cua Kem Duong Mat Edally Ex Han Quoc Vi Sao Chon\" width=\"640\" height=\"480\" \/><\/p>\n<h2 id=\"2._thnh_phan_cua_kem_duong_mat_edally_ex_hn_quoc\">2. Th\u00e0nh ph\u1ea7n chi\u1ebft xu\u1ea5t<\/h2>\n<p>Kem d\u01b0\u1ee1ng m\u1eaft Edally EX H\u00e0n Qu\u1ed1c v\u1edbi d\u01b0\u1ee1ng ch\u1ea5t Adenosine, chi\u1ebft xu\u1ea5t rong nho bi\u1ec3n, chi\u1ebft xu\u1ea5t qu\u1ea3 m\u00e2m x\u00f4i, chi\u1ebft xu\u1ea5t hoa nhung tuy\u1ebft, chi\u1ebft xu\u1ea5t vi\u1ec7t qu\u1ea5t,\u2026<\/p>\n<p>.<img decoding=\"async\" class=\"aligncenter size-full wp-image-650\" src=\"https:\/\/edallyvietnam.vn\/wp-content\/uploads\/2023\/02\/thanh-phan-kem-duong-mat-edally-ex-han-quoc-tp.jpg\" alt=\"Trungthuyshop.com\" width=\"640\" height=\"480\" \/><\/p>\n<ul>\n<li>Chi\u1ebft xu\u1ea5t t\u1eeb rong bi\u1ec3n gi\u00fap b\u1ed5 sung \u0111\u1ed9 \u1ea9m, ng\u0103n ng\u1eeba c\u00e1c d\u1ea5u hi\u1ec7u l\u00e3o h\u00f3a da v\u00f9ng m\u1eaft b\u1ecb g\u00e2y ra do s\u1ef1 t\u00e1c \u0111\u1ed9ng tr\u1ef1c ti\u1ebfp c\u1ee7a \u00e1nh s\u00e1ng m\u1eb7t tr\u1eddi.<\/li>\n<li>Chi\u1ebft xu\u1ea5t c\u00e2y m\u00e2m x\u00f4i ch\u1ee9a h\u00e0m l\u01b0\u1ee3ng vitamin E t\u01b0\u01a1ng \u0111\u1ed1i cao c\u00f3 kh\u1ea3 n\u0103ng ph\u00f2ng ng\u1eeba c\u00e1c nguy c\u01a1 oxy h\u00f3a da, l\u00e0m gi\u1ea3m c\u00e1c n\u1ebfp nh\u0103n v\u00e0 gi\u00fap v\u00f9ng da quanh m\u1eaft m\u1ec1m m\u1ea1i, t\u01b0\u01a1i tr\u1ebb.<\/li>\n<li>Chi\u1ebft xu\u1ea5t qu\u1ea3 vi\u1ec7t qu\u1ea5t ch\u1ee9a nhi\u1ec1u Anthocyanin \u2013 th\u00e0nh ph\u1ea7n c\u00f3 kh\u1ea3 n\u0103ng b\u1ea3o v\u1ec7 v\u00f9ng da m\u1ecfng manh quanh m\u1eaft kh\u1ecfi oxy ho\u1ea1t t\u00ednh \u01b0u vi\u1ec7t, c\u00f3 t\u00e1c d\u1ee5ng tuy\u1ec7t v\u1eddi trong vi\u1ec7c ch\u1ed1ng oxy h\u00f3a v\u00e0 ch\u1ed1ng l\u00e3o h\u00f3a.<\/li>\n<li>Chi\u1ebft xu\u1ea5t hoa tr\u00e0 Nh\u1eadt B\u1ea3n ch\u1ee9a Linoleic Acid v\u00e0 Oleic Acid \u2013 2 lo\u1ea1i acid b\u00e9o t\u1ef1 nhi\u00ean c\u00f3 s\u1eb5n tr\u00ean b\u1ec1 m\u1eb7t da, l\u00e0 y\u1ebfu t\u1ed1 g\u00f3p ph\u1ea7n \u0111\u1ea3m b\u1ea3o mang l\u1ea1i cho b\u1ea1n l\u00e0n da kh\u1ecfe m\u1ea1nh v\u00e0 ng\u0103n ng\u1eeba da kh\u00f4, m\u1ea5t \u1ea9m, t\u1eeb \u0111\u00f3 h\u1ea1n ch\u1ebf nguy c\u01a1 da xu\u1ea5t hi\u1ec7n n\u1ebfp nh\u0103n c\u0169ng nh\u01b0 c\u00e1c d\u1ea5u hi\u1ec7u l\u00e3o h\u00f3a da kh\u00e1c.<\/li>\n<li>Chi\u1ebft xu\u1ea5t hoa nhung tuy\u1ebft c\u00f3 kh\u1ea3 n\u0103ng ph\u00f2ng ch\u1ed1ng s\u1ef1 l\u00e3o h\u00f3a c\u1ee7a v\u00f9ng da m\u1eaft b\u1ecb g\u00e2y ra b\u1edfi tia c\u1ef1c t\u00edm.<\/li>\n<\/ul>\n<h2 id=\"3._cng_dung_cua_kem_duong_mat_edally_ex_hn_quoc\">3. C\u00f4ng d\u1ee5ng v\u1edbi m\u1eaft<\/h2>\n<ul>\n<li dir=\"ltr\" role=\"presentation\">Ch\u1ed1ng th\u00e2m qu\u1ea7ng m\u1eaft, ng\u0103n ng\u1eeba v\u00e0 l\u00e0m bi\u1ebfn m\u1ea5t nh\u1eefng n\u1ebfp nh\u0103n, b\u1ecdng m\u1eaft.<\/li>\n<li dir=\"ltr\" role=\"presentation\">B\u1ea3o v\u1ec7 m\u1eaft tr\u01b0\u1edbc t\u00e1c h\u1ea1i c\u1ee7a tia UV.<\/li>\n<li dir=\"ltr\" role=\"presentation\">Nu\u00f4i d\u01b0\u1ee1ng b\u1ed5 sung ngu\u1ed3n n\u0103ng l\u01b0\u1ee3ng cho c\u00e1c t\u1ebf b\u00e0o, gi\u00fap \u0111\u00f4i m\u1eaft lu\u00f4n tr\u1ebb trung ch\u1ec9 sau 28 ng\u00e0y s\u1eed d\u1ee5ng.<\/li>\n<\/ul>\n<h2 id=\"4._huong_dan_su_dung_kem_duong_mat_edally_ex_hn_quoc\">4. H\u01b0\u1edbng d\u1eabn s\u1eed d\u1ee5ng<\/h2>\n<ul>\n<li>V\u1ec7 sinh s\u1ea1ch da m\u1eb7t b\u1eb1ng\u00a0t\u1ea9y trang,\u00a0t\u1ea9y da ch\u1ebft,\u00a0s\u1eefa r\u1eeda m\u1eb7t\u00a0tr\u01b0\u1edbc\u00a0khi s\u1eed d\u1ee5ng\u00a0kem d\u01b0\u1ee1ng\u00a0m\u1eaft Edally EX H\u00e0n Qu\u1ed1c.<\/li>\n<li>L\u1ea5y m\u1ed9t l\u01b0\u1ee3ng v\u1eeba \u0111\u1ee7 kem d\u01b0\u1ee1ng m\u1eaft Edally EX H\u00e0n Qu\u1ed1c ra tay.<\/li>\n<li>Thoa nh\u1eb9 nh\u00e0ng l\u00ean v\u00f9ng da quanh m\u1eaft, Massge 5- 10 ph\u00fat\u00a0\u0111\u1ec3 c\u00e1c d\u01b0\u1ee1ng ch\u1ea5t th\u1ea5m \u0111\u1ec1u v\u00e0o da.<\/li>\n<li>D\u00f9ng 2 l\u1ea7n m\u1ed7i ng\u00e0y v\u00e0o bu\u1ed5i s\u00e1ng v\u00e0 bu\u1ed5i t\u1ed1i.<\/li>\n<\/ul>\n<p><img decoding=\"async\" class=\"aligncenter size-full wp-image-652\" src=\"https:\/\/edallyvietnam.vn\/wp-content\/uploads\/2023\/02\/huong-dan-cach-dung-kem-duong-mat-edally-han-quoc-hdsd.jpg\" alt=\"Huong Dan Cach Dung Kem Duong Mat Edally Han Quoc Hdsd\" width=\"640\" height=\"480\" \/><\/p>\n<h2 id=\"5._cam_ket_v_bao_hnh_kem_duong_mat_edally_ex_hn_quoc\">5. Cam k\u1ebft t\u1eeb Edally Vi\u1ec7t Nam<\/h2>\n<ol>\n<li>S\u1ea3n ph\u1ea9m c\u00f3 \u0111\u1ea7y \u0111\u1ee7 gi\u1ea5y t\u1edd ch\u1ee9ng nh\u1eadn nh\u1eadp kh\u1ea9u.<\/li>\n<li>S\u1ea3n ph\u1ea9m \u0111\u01b0\u1ee3c s\u1ea3n xu\u1ea5t t\u1ea1i nh\u00e0 m\u00e1y s\u1ed1 1 H\u00e0n Qu\u1ed1c: Coreana Cosmetics Co., Ltd.<\/li>\n<li>S\u1ea3n ph\u1ea9m s\u1eed d\u1ee5ng ngh\u1ec7 \u0111\u1ed9c quy\u1ec1n Neocell Science (th\u1ea9m th\u1ea5u t\u1ebf b\u00e0o \u0111\u1ed9t ph\u00e1) gi\u00fap \u0111\u01b0a c\u00e1c d\u01b0\u1ee1ng ch\u1ea5t v\u00e0o s\u00e2u b\u00ean trong l\u1edbp h\u1ea1 b\u00ec m\u1ed9t c\u00e1ch d\u1ec5 d\u00e0ng kh\u00f4ng g\u00e2y nh\u1eddn r\u00edt, b\u1ebft, d\u00ednh da.<\/li>\n<li>S\u1ea3n ph\u1ea9m \u0111\u01b0\u1ee3c \u0111\u01b0\u1ee3c chi\u1ebft xu\u1ea5t t\u1eeb ngu\u1ed3n nguy\u00ean li\u1ec7u qu\u00fd hi\u1ebfm.<\/li>\n<li>S\u1ea3n ph\u1ea9m c\u00f3 ch\u1ee9ng nh\u1eadn uy t\u00edn, danh gi\u00e1 Qu\u1ed1c t\u1ebf: ch\u1ee9ng nh\u1eadn c\u1ee7a FDA (c\u1ee5c Qu\u1ea3n l\u00fd d\u01b0\u1ee3c v\u00e0 M\u1ef9 ph\u1ea9m Hoa K\u1ef3), Ecocert, KFDA\u2026 Edally EX \u0111\u1ec1u \u0111\u1ea1t \u0111\u01b0\u1ee3c.<\/li>\n<li>S\u1ea3n ph\u1ea9m c\u00f3 ch\u1ee9ng nh\u1eadn trong n\u01b0\u1edbc: b\u1ea3n c\u00f4ng b\u1ed1 ch\u1ea5t l\u01b0\u1ee3ng t\u1eebng s\u1ea3n ph\u1ea9m, ch\u1ee9ng nh\u1eadn s\u1ea3n ph\u1ea9m vi\u1ec7n da li\u1ec5u TW khuy\u00ean d\u00f9ng, gi\u1ea5y ph\u00e9p l\u01b0u h\u00e0nh s\u1ea3n ph\u1ea9m,\u2026<\/li>\n<\/ol>\n","protected":false},"excerpt":{"rendered":"<ul>\n<li><strong>C\u00f4ng d\u1ee5ng<\/strong>: Ch\u1ed1ng th\u00e2m qu\u1ea7ng m\u1eaft. Ng\u0103n ng\u1eeba v\u00e0 l\u00e0m bi\u1ebfn m\u1ea5t nh\u1eefng n\u1ebfp nh\u0103n, b\u1ecdng m\u1eaft. B\u1ea3o v\u1ec7 m\u1eaft tr\u01b0\u1edbc t\u00e1c h\u1ea1i c\u1ee7a tia UV. Nu\u00f4i d\u01b0\u1ee1ng b\u1ed5 sung ngu\u1ed3n n\u0103ng l\u01b0\u1ee3ng cho c\u00e1c t\u1ebf b\u00e0o. Gi\u00fap \u0111\u00f4i m\u1eaft lu\u00f4n tr\u1ebb trung ch\u1ec9 sau 28 ng\u00e0y s\u1eed d\u1ee5ng.<\/li>\n<li><strong>Quy c\u00e1ch<\/strong>: 30ml\/ H\u1ed9p<\/li>\n<li><strong>Th\u01b0\u01a1ng hi\u1ec7u:<\/strong>\u00a0Edally EX<\/li>\n<li><strong>Nh\u00e0 s\u1ea3n xu\u1ea5t:<\/strong>\u00a0Coreana Cosmetics Co., Ltd<\/li>\n<li><strong>Xu\u1ea5t x\u1ee9:<\/strong>\u00a0H\u00e0n Qu\u1ed1c<\/li>\n<\/ul>\n","protected":false},"featured_media":1231,"comment_status":"open","ping_status":"closed","template":"","meta":{"site-sidebar-layout":"default","site-content-layout":"","ast-site-content-layout":"default","site-content-style":"default","site-sidebar-style":"default","ast-global-header-display":"","ast-banner-title-visibility":"","ast-main-header-display":"","ast-hfb-above-header-display":"","ast-hfb-below-header-display":"","ast-hfb-mobile-header-display":"","site-post-title":"","ast-breadcrumbs-content":"","ast-featured-img":"","footer-sml-layout":"","theme-transparent-header-meta":"","adv-header-id-meta":"","stick-header-meta":"","header-above-stick-meta":"","header-main-stick-meta":"","header-below-stick-meta":"","astra-migrate-meta-layouts":"default","ast-page-background-enabled":"default","ast-page-background-meta":{"desktop":{"background-color":"var(--ast-global-color-5)","background-image":"","background-repeat":"repeat","background-position":"center center","background-size":"auto","background-attachment":"scroll","background-type":"","background-media":"","overlay-type":"","overlay-color":"","overlay-opacity":"","overlay-gradient":""},"tablet":{"background-color":"","background-image":"","background-repeat":"repeat","background-position":"center center","background-size":"auto","background-attachment":"scroll","background-type":"","background-media":"","overlay-type":"","overlay-color":"","overlay-opacity":"","overlay-gradient":""},"mobile":{"background-color":"","background-image":"","background-repeat":"repeat","background-position":"center center","background-size":"auto","background-attachment":"scroll","background-type":"","background-media":"","overlay-type":"","overlay-color":"","overlay-opacity":"","overlay-gradient":""}},"ast-content-background-meta":{"desktop":{"background-color":"var(--ast-global-color-4)","background-image":"","background-repeat":"repeat","background-position":"center center","background-size":"auto","background-attachment":"scroll","background-type":"","background-media":"","overlay-type":"","overlay-color":"","overlay-opacity":"","overlay-gradient":""},"tablet":{"background-color":"var(--ast-global-color-4)","background-image":"","background-repeat":"repeat","background-position":"center center","background-size":"auto","background-attachment":"scroll","background-type":"","background-media":"","overlay-type":"","overlay-color":"","overlay-opacity":"","overlay-gradient":""},"mobile":{"background-color":"var(--ast-global-color-4)","background-image":"","background-repeat":"repeat","background-position":"center center","background-size":"auto","background-attachment":"scroll","background-type":"","background-media":"","overlay-type":"","overlay-color":"","overlay-opacity":"","overlay-gradient":""}}},"product_brand":[119],"product_cat":[298,46,118,17,291,120,296],"product_tag":[],"class_list":{"0":"post-1199","1":"product","2":"type-product","3":"status-publish","4":"has-post-thumbnail","6":"product_brand-edally","7":"product_cat-cham-soc-da-mat-sac-dep","8":"product_cat-duong-mat","9":"product_cat-edally-ex","10":"product_cat-my-pham","11":"product_cat-sac-dep","12":"product_cat-trang-diem","13":"product_cat-trang-diem-sac-dep","14":"desktop-align-left","15":"tablet-align-left","16":"mobile-align-left","18":"first","19":"instock","20":"sale","21":"taxable","22":"shipping-taxable","23":"purchasable","24":"product-type-simple"},"_links":{"self":[{"href":"https:\/\/omewa.online\/index.php\/wp-json\/wp\/v2\/product\/1199","targetHints":{"allow":["GET"]}}],"collection":[{"href":"https:\/\/omewa.online\/index.php\/wp-json\/wp\/v2\/product"}],"about":[{"href":"https:\/\/omewa.online\/index.php\/wp-json\/wp\/v2\/types\/product"}],"replies":[{"embeddable":true,"href":"https:\/\/omewa.online\/index.php\/wp-json\/wp\/v2\/comments?post=1199"}],"wp:featuredmedia":[{"embeddable":true,"href":"https:\/\/omewa.online\/index.php\/wp-json\/wp\/v2\/media\/1231"}],"wp:attachment":[{"href":"https:\/\/omewa.online\/index.php\/wp-json\/wp\/v2\/media?parent=1199"}],"wp:term":[{"taxonomy":"product_brand","embeddable":true,"href":"https:\/\/omewa.online\/index.php\/wp-json\/wp\/v2\/product_brand?post=1199"},{"taxonomy":"product_cat","embeddable":true,"href":"https:\/\/omewa.online\/index.php\/wp-json\/wp\/v2\/product_cat?post=1199"},{"taxonomy":"product_tag","embeddable":true,"href":"https:\/\/omewa.online\/index.php\/wp-json\/wp\/v2\/product_tag?post=1199"}],"curies":[{"name":"wp","href":"https:\/\/api.w.org\/{rel}","templated":true}]}}