{"id":1197,"date":"2025-11-01T18:18:49","date_gmt":"2025-11-01T18:18:49","guid":{"rendered":"https:\/\/omewa.online\/?post_type=product&#038;p=1197"},"modified":"2025-12-13T03:33:51","modified_gmt":"2025-12-13T03:33:51","slug":"mat-na-huyet-thanh-edally-ex-nhap-khau-han-quoc","status":"publish","type":"product","link":"https:\/\/omewa.online\/index.php\/product\/mat-na-huyet-thanh-edally-ex-nhap-khau-han-quoc\/","title":{"rendered":"M\u1eb7t n\u1ea1 huy\u1ebft thanh Edally EX nh\u1eadp kh\u1ea9u H\u00e0n Qu\u1ed1c"},"content":{"rendered":"<h2 id=\"1._gioi_thieu_ve_mat_na_huyet_thanh_edally_ex_hn_quoc\">1. \u0110\u1eb7c \u0111i\u1ec3m n\u1ed5i b\u1eadt<\/h2>\n<p>M\u1eb7t n\u1ea1\u00a0huy\u1ebft thanh Edally EX H\u00e0n Qu\u1ed1c l\u00e0 gi\u1ea3i ph\u00e1p cho l\u00e0n da th\u00f4 r\u00e1p, th\u00e2m n\u00e1m, ch\u1ee9a m\u00e0ng xenlulo t\u1ef1 nhi\u00ean gi\u00fap c\u00e1c d\u01b0\u1ee1ng ch\u1ea5t th\u1ea9m th\u1ea5u s\u00e2u v\u00e0o b\u00ean trong nu\u00f4i d\u01b0\u1ee1ng l\u00e0n da c\u0103ng m\u1ecbn, \u0111\u1ea9y lui c\u00e1c d\u1ea5u hi\u1ec7u l\u00e3o h\u00f3a: n\u1ebfp nh\u0103n, ch\u1ea3y s\u1ec7, th\u00e2m n\u00e1m\u2026<\/p>\n<p>M\u1eb7t n\u1ea1\u00a0huy\u1ebft thanh Edally EX l\u00e0 s\u1ea3n ph\u1ea9m c\u1ee7a th\u01b0\u01a1ng hi\u1ec7u m\u1ef9 ph\u1ea9m cao c\u1ea5p H\u00e0n Qu\u1ed1c Edally EX, s\u1ea3n xu\u1ea5t t\u1ea1i nh\u00e0 m\u00e1y Cosmax v\u00e0 Coreana \u2013 n\u01a1i nguy\u00ean li\u1ec7u, d\u00e2y chuy\u1ec1n s\u1ea3n xu\u1ea5t t\u1edbi ch\u1ea5t l\u01b0\u1ee3ng s\u1ea3n ph\u1ea9m lu\u00f4n\u00a0\u0111\u01b0\u1ee3c ki\u1ec3m so\u00e1t g\u1eaft gao theo c\u00e1c quy chu\u1ea9n qu\u1ed1c t\u1ebf.<\/p>\n<p>M\u1eb7t n\u1ea1\u00a0huy\u1ebft thanh Edally EX \u2013 Rejuvenating Luxury Ampoule Mask \u0111\u01b0\u1ee3c s\u1ea3n xu\u1ea5t b\u1eb1ng\u00a0c\u00f4ng ngh\u1ec7 th\u1ea9m th\u1ea5u t\u1ebf b\u00e0o \u0111\u1ed9t ph\u00e1 Neocell Science\u00a0\u0111\u01b0a d\u01b0\u1ee1ng ch\u1ea5t th\u1ea9m th\u1ea5u s\u00e2u v\u00e0o c\u00e1c t\u1ebf b\u00e0o da gi\u00fap da h\u1ea5p th\u1ee5 d\u01b0\u1ee1ng ch\u1ea5t nhanh v\u00e0 hi\u1ec7u qu\u1ea3 nh\u1ea5t.<\/p>\n<p>\u0110\u1eafp m\u1eb7t n\u1ea1 l\u00e0 b\u01b0\u1edbc quan tr\u1ecdng trong qu\u00e1 tr\u00ecnh ch\u0103m s\u00f3c da m\u1eb7t. V\u1edbi c\u00e1c d\u01b0\u1ee1ng ch\u1ea5t c\u1ea7n thi\u1ebft v\u00e0 th\u00e0nh ph\u1ea7n ch\u1ee9a 100% nguy\u00ean li\u1ec7u t\u1ef1 nhi\u00ean, M\u1eb7t n\u1ea1 huy\u1ebft thanh Edally EX H\u00e0n Qu\u1ed1c mang l\u1ea1i c\u00f4ng d\u1ee5ng tuy\u1ec7t v\u1eddi trong vi\u1ec7c c\u1ea5p \u1ea9m v\u00e0 d\u01b0\u1ee1ng tr\u1eafng l\u00e0n da.<\/p>\n<p><img fetchpriority=\"high\" decoding=\"async\" class=\"aligncenter size-full wp-image-615\" src=\"https:\/\/edallyvietnam.vn\/wp-content\/uploads\/2023\/02\/mat-na-huyet-thanh-edally-ex-han-quoc-nhap-khau-chinh-hang-nb.jpg\" alt=\"M\u1eb7t N\u1ea1 Huy\u1ebft Thanh Edally Ex H\u00e0n Qu\u1ed1c\" width=\"640\" height=\"480\" \/><\/p>\n<h2 id=\"2._thnh_phan_cua_mat_na_huyet_thanh_edally_ex_hn_quoc\">2. Th\u00e0nh ph\u1ea7n chi\u1ebft xu\u1ea5t<\/h2>\n<ul>\n<li dir=\"ltr\" role=\"presentation\">Chi\u1ebft xu\u1ea5t hoa tr\u00e0 Nh\u1eadt B\u1ea3n (Camelia), chi\u1ebft xu\u1ea5t m\u1eadt ong v\u00e0 tinh d\u1ea7u hoa c\u1ea3i, Adenosine, Niacinamide, Hydrolyzed Collagen, chi\u1ebft xu\u1ea5t hoa c\u1ea3i d\u1ea7u, hoa anh th\u1ea3o.<\/li>\n<li dir=\"ltr\" role=\"presentation\">Chi\u1ebft xu\u1ea5t m\u1eadt ong c\u00f3 c\u00f4ng d\u1ee5ng d\u01b0\u1ee1ng \u1ea9m cho l\u00e0n da, ch\u1ee9a c\u00e1c ch\u1ea5t ch\u1ed1ng oxy h\u00f3a, vitamin C gi\u00fap ng\u0103n ng\u1eeba c\u00e1c d\u1ea5u hi\u1ec7u l\u00e3o h\u00f3a tr\u00ean da do s\u1ef1 t\u00e1c \u0111\u1ed9ng tr\u1ef1c ti\u1ebfp c\u1ee7a \u00e1nh n\u1eafng m\u1eb7t tr\u1eddi.<\/li>\n<li dir=\"ltr\" role=\"presentation\">Chi\u1ebft xu\u1ea5t hoa tr\u00e0 Nh\u1eadt B\u1ea3n gi\u00fap ng\u0103n ng\u1eeba c\u00e1c d\u1ea5u hi\u1ec7u l\u00e3o h\u00f3a tr\u00ean da do s\u1ef1 t\u00e1c \u0111\u1ed9ng tr\u1ef1c ti\u1ebfp c\u1ee7a \u00e1nh s\u00e1ng m\u1eb7t tr\u1eddi.<\/li>\n<li dir=\"ltr\" role=\"presentation\">Chi\u1ebft xu\u1ea5t hoa anh th\u1ea3o c\u00f3 hi\u1ec7u qu\u1ea3 \u0111\u1ed1i v\u1edbi c\u00e1c v\u1ea5n \u0111\u1ec1 v\u1ec1 da nh\u01b0 m\u1ee5n tr\u1ee9ng c\u00e1 v\u00e0 gi\u00fap l\u00e0m gi\u1ea3m t\u1ed1c \u0111\u1ed9 l\u00e3o h\u00f3a c\u1ee7a da.<\/li>\n<li dir=\"ltr\" role=\"presentation\">Chi\u1ebft xu\u1ea5t vi\u1ec7t qu\u1ea5t ch\u1ee9a nhi\u1ec1u d\u01b0\u1ee1ng ch\u1ea5t c\u00f3 l\u1ee3i cho l\u00e0n da nh\u01b0 oxi, vitamin E, Riboflavin mangan v\u00e0 \u0111\u1eb7c bi\u1ec7t l\u00e0 vitamin C, gi\u00fap b\u1ea3o v\u1ec7 l\u00e0n da tr\u01b0\u1edbc c\u00e1c t\u00e1c nh\u00e2n b\u00ean ngo\u00e0i g\u00e2y l\u00e3o h\u00f3a da, nu\u00f4i d\u01b0\u1ee1ng l\u00e0n da tr\u1eafng s\u00e1ng r\u1ea1ng ng\u1eddi.<\/li>\n<li dir=\"ltr\" role=\"presentation\">Ngo\u00e0i ra c\u00f2n ch\u1ee9a th\u00e0nh ph\u1ea7n Niacinamide v\u00e0 Adenosine gi\u00fap gi\u1ea3m n\u1ebfp nh\u0103n, d\u01b0\u1ee1ng tr\u1eafng da v\u00e0 h\u1ed7 tr\u1ee3 ng\u0103n ng\u1eeba n\u00e1m.<\/li>\n<\/ul>\n<p><img decoding=\"async\" class=\"aligncenter size-full wp-image-616\" src=\"https:\/\/edallyvietnam.vn\/wp-content\/uploads\/2023\/02\/thanh-phan-cua-mat-na-huyet-thanh-edally-ex-han-quoc-nhap-khau-chinh-hang-tp.jpg\" alt=\"Thanh Phan Cua Mat Na Huyet Thanh Edally Ex Han Quoc Nhap Khau Chinh Hang Tp\" width=\"640\" height=\"480\" \/><\/p>\n<p>V\u1edbi nh\u1eefng th\u00e0nh ph\u1ea7n ho\u00e0n to\u00e0n cao c\u1ea5p t\u1eeb thi\u00ean nhi\u00ean,\u00a0m\u1eb7t n\u1ea1\u00a0huy\u1ebft thanh Edally EX H\u00e0n Qu\u1ed1c c\u00f2n k\u1ebft h\u1ee3p c\u00f9ng C\u00f4ng ngh\u1ec7 th\u1ea9m th\u1ea5u t\u1ebf b\u00e0o \u0111\u1ed9t ph\u00e1 Neocell Science \u2013 C\u00f4ng ngh\u1ec7 l\u00e0m \u0111\u1eb9p s\u1ed1 1 hi\u1ec7n nay gi\u00fap \u0111\u01b0a c\u00e1c d\u01b0\u1ee1ng ch\u1ea5t gi\u1ed1ng nh\u01b0 d\u1ecbch t\u1ebf b\u00e0o v\u00e0o s\u00e2u b\u00ean trong da, th\u00fac \u0111\u1ea9y qu\u00e1 tr\u00ecnh s\u1ea3n sinh t\u1ebf b\u00e0o m\u1edbi, h\u00ecnh th\u00e0nh\u00a0Collagen\u00a0v\u00e0 Elastin mang l\u1ea1i c\u1ea5u tr\u00fac da b\u1ec1n v\u0169ng, \u0111\u1ea9y l\u00f9i c\u00e1c d\u1ea5u hi\u1ec7u l\u00e3o h\u00f3a da: ch\u1ea3y s\u1ec7, th\u00e2m n\u00e1m,\u2026<\/p>\n<h2 id=\"3._cng_dung_cua_mat_na_huyet_thanh_edally_ex_hn_quoc\">3. C\u00f4ng d\u1ee5ng v\u1edbi da<\/h2>\n<ul>\n<li dir=\"ltr\" role=\"presentation\">D\u01b0\u1ee1ng \u1ea9m v\u00e0 ng\u0103n ng\u1eeba c\u00e1c t\u00e1c \u0111\u1ed9ng t\u1eeb b\u00ean ngo\u00e0i g\u00e2y l\u00e3o h\u00f3a da, h\u1ed7 tr\u1ee3 c\u1ea3i thi\u1ec7n t\u00ecnh tr\u1ea1ng da m\u1ee5n, n\u00e1m da, d\u01b0\u1ee1ng tr\u1eafng v\u00e0 ng\u0103n ng\u1eeba n\u1ebfp nh\u0103n tr\u00ean da, l\u00e0m tr\u1eafng da.<\/li>\n<li dir=\"ltr\" role=\"presentation\">Ch\u1ee9c n\u0103ng k\u00e9p c\u00f3 t\u00e1c d\u1ee5ng d\u01b0\u1ee1ng tr\u1eafng, gi\u1ea3m n\u1ebfp nh\u0103n ch\u1ee9a m\u00e0ng xenlulo t\u1ef1 nhi\u00ean, gi\u00fap th\u1ea9m th\u1ea5u c\u00e1c d\u01b0\u1ee1ng ch\u1ea5t n\u1ed3ng \u0111\u1ed9 cao v\u00e0 ngu\u1ed3n dinh d\u01b0\u1ee1ng phong ph\u00fa trong tu\u00fdp kem l\u00ean t\u1eebng ng\u00f3c ng\u00e1ch tr\u00ean khu\u00f4n m\u1eb7t.<\/li>\n<li dir=\"ltr\" role=\"presentation\">M\u1eb7t n\u1ea1 huy\u1ebft thanh Edally EX H\u00e0n Qu\u1ed1c l\u00e0 gi\u1ea3i ph\u00e1p cho l\u00e0n da th\u00f4 r\u00e1p, th\u00e2m n\u00e1m. Ch\u1ee9a m\u00e0ng xenlulo t\u1ef1 nhi\u00ean gi\u00fap c\u00e1c d\u01b0\u1ee1ng ch\u1ea5t th\u1ea9m th\u1ea5u s\u00e2u v\u00e0o b\u00ean trong nu\u00f4i d\u01b0\u1ee1ng l\u00e0n da c\u0103ng m\u1ecbn, \u0111\u1ea9y lui c\u00e1c d\u1ea5u hi\u1ec7u l\u00e3o h\u00f3a: n\u1ebfp nh\u0103n, ch\u1ea3y s\u1ec7, th\u00e2m n\u00e1m\u2026<\/li>\n<\/ul>\n<p dir=\"ltr\" role=\"presentation\"><img decoding=\"async\" class=\"aligncenter size-full wp-image-617\" src=\"https:\/\/edallyvietnam.vn\/wp-content\/uploads\/2023\/02\/mat-na-huyet-thanh-edally-ex-han-quoc-nhap-khau-chinh-hang-uy-tin-cd.jpg\" alt=\"M\u1eb7t N\u1ea1 Huy\u1ebft Thanh Edally Ex H\u00e0n Qu\u1ed1c\" width=\"640\" height=\"480\" \/><\/p>\n<h2 id=\"4._huong_dan_su_dung_mat_na_huyet_thanh_edally_ex_hn_quoc\">4. H\u01b0\u1edbng d\u1eabn s\u1eed d\u1ee5ng<\/h2>\n<p dir=\"ltr\" role=\"presentation\">B\u01b0\u1edbc 1: \u0110i\u1ec1u ch\u1ec9nh ph\u1ea7n c\u1eb1m v\u00e0 mi\u1ec7ng c\u1ee7a M\u1eb7t n\u1ea1 huy\u1ebft thanh Edally EX H\u00e0n Qu\u1ed1c, c\u0103n ch\u1ec9nh v\u00f9ng gi\u1eefa c\u1ee7a m\u1eb7t n\u1ea1 v\u00e0 m\u1eb7t r\u1ed3i \u00e1p v\u00e0o m\u1eb7t theo th\u1ee9 t\u1ef1 m\u0169i, m\u1eaft, nh\u1eb9 nh\u00e0ng k\u00e9o c\u0103ng c\u00e1c m\u00e9p \u0111\u1ec3 m\u1eb7t n\u1ea1 d\u00ednh v\u00e0o m\u1eb7t.<\/p>\n<p dir=\"ltr\" role=\"presentation\">B\u01b0\u1edbc 2: Sau 20 ph\u00fat th\u01b0 gi\u00e3n, g\u1ee1 m\u1eb7t n\u1ea1 ra r\u1ed3i v\u1ed7 nh\u1eb9 \u0111\u1ec3 d\u01b0\u1ee1ng ch\u1ea5t h\u1ea5p th\u1ee5 ho\u00e0n to\u00e0n v\u00e0o da, r\u1eeda l\u1ea1i m\u1eb7t v\u1edbi n\u01b0\u1edbc s\u1ea1ch.<\/p>\n<p dir=\"ltr\" role=\"presentation\"><strong>L\u01b0u \u00fd khi s\u1eed d\u1ee5ng<\/strong>: S\u1eed d\u1ee5ng M\u1eb7t n\u1ea1 huy\u1ebft thanh Edally EX t\u1eeb 2 \u2013 3 l\u1ea7n \/ tu\u1ea7n \u0111\u1ec3 c\u00f3 hi\u1ec7u qu\u1ea3 t\u1ed1t nh\u1ea5t. B\u1ea3o qu\u1ea3n n\u01a1i kh\u00f4 m\u00e1t, tr\u00e1nh n\u1eafng m\u1eb7t tr\u1eddi v\u00e0 n\u01a1i c\u00f3 nhi\u1ec7t \u0111\u1ed9 cao. Tr\u00e1nh xa t\u1ea7m tay tr\u1ebb em.<\/p>\n<p dir=\"ltr\" role=\"presentation\"><img loading=\"lazy\" decoding=\"async\" class=\"aligncenter size-full wp-image-618\" src=\"https:\/\/edallyvietnam.vn\/wp-content\/uploads\/2023\/02\/cong-dung-cua-mat-na-huyet-thanh-edally-ex-han-quoc-nhap-khau-chinh-hang-sd.jpg\" alt=\"Cong Dung Cua Mat Na Huyet Thanh Edally Ex Han Quoc Nhap Khau Chinh Hang Sd\" width=\"640\" height=\"480\" \/><\/p>\n<h2 id=\"5._cam_ket_v_bao_hnh_mat_na_huyet_thanh_edally_ex_hn_quoc\">5. Cam k\u1ebft t\u1eeb Edally Vi\u1ec7t Nam<\/h2>\n<ol>\n<li>S\u1ea3n ph\u1ea9m c\u00f3 \u0111\u1ea7y \u0111\u1ee7 gi\u1ea5y t\u1edd ch\u1ee9ng nh\u1eadn nh\u1eadp kh\u1ea9u<\/li>\n<li>S\u1ea3n ph\u1ea9m \u0111\u01b0\u1ee3c s\u1ea3n xu\u1ea5t t\u1ea1i nh\u00e0 m\u00e1y s\u1ed1 1 H\u00e0n Qu\u1ed1c: Coreana Cosmetics Co., Ltd.<\/li>\n<li>S\u1ea3n ph\u1ea9m c\u00f3 ch\u1ee9ng nh\u1eadn uy t\u00edn, danh gi\u00e1 Qu\u1ed1c t\u1ebf: ch\u1ee9ng nh\u1eadn c\u1ee7a FDA (c\u1ee5c Qu\u1ea3n l\u00fd d\u01b0\u1ee3c v\u00e0 M\u1ef9 ph\u1ea9m Hoa K\u1ef3), Ecocert, KFDA\u2026 Edally EX \u0111\u1ec1u \u0111\u1ea1t \u0111\u01b0\u1ee3c.<\/li>\n<li>S\u1ea3n ph\u1ea9m c\u00f3 ch\u1ee9ng nh\u1eadn trong n\u01b0\u1edbc: b\u1ea3n c\u00f4ng b\u1ed1 ch\u1ea5t l\u01b0\u1ee3ng t\u1eebng s\u1ea3n ph\u1ea9m, ch\u1ee9ng nh\u1eadn s\u1ea3n ph\u1ea9m vi\u1ec7n da li\u1ec5u TW khuy\u00ean d\u00f9ng, gi\u1ea5y ph\u00e9p l\u01b0u h\u00e0nh s\u1ea3n ph\u1ea9m,\u2026<\/li>\n<\/ol>\n","protected":false},"excerpt":{"rendered":"<ul>\n<li><strong>C\u00f4ng d\u1ee5ng<\/strong>: D\u01b0\u1ee1ng \u1ea9m v\u00e0 ng\u0103n ng\u1eeba c\u00e1c t\u00e1c \u0111\u1ed9ng t\u1eeb b\u00ean ngo\u00e0i g\u00e2y l\u00e3o h\u00f3a da. H\u1ed7 tr\u1ee3 c\u1ea3i thi\u1ec7n t\u00ecnh tr\u1ea1ng da m\u1ee5n, n\u00e1m da. D\u01b0\u1ee1ng tr\u1eafng v\u00e0 ng\u0103n ng\u1eeba n\u1ebfp nh\u0103n tr\u00ean da, l\u00e0m tr\u1eafng da.<\/li>\n<\/ul>\n<ul>\n<li><strong>Quy c\u00e1ch<\/strong>: H\u1ed9p 10 s\u1ea3n ph\u1ea9m<\/li>\n<li><strong>Dung t\u00edch<\/strong>: 25 ml \/ m\u1eb7t n\u1ea1<\/li>\n<li><strong>Th\u01b0\u01a1ng hi\u1ec7u<\/strong>:\u00a0Edally EX<\/li>\n<li><strong>Nh\u00e0 s\u1ea3n xu\u1ea5t<\/strong>: Coreana Cosmetics Co., Ltd.<\/li>\n<li><strong>Xu\u1ea5t x\u1ee9<\/strong>: H\u00e0n Qu\u1ed1c<\/li>\n<\/ul>\n","protected":false},"featured_media":1227,"comment_status":"open","ping_status":"closed","template":"","meta":{"site-sidebar-layout":"default","site-content-layout":"","ast-site-content-layout":"default","site-content-style":"default","site-sidebar-style":"default","ast-global-header-display":"","ast-banner-title-visibility":"","ast-main-header-display":"","ast-hfb-above-header-display":"","ast-hfb-below-header-display":"","ast-hfb-mobile-header-display":"","site-post-title":"","ast-breadcrumbs-content":"","ast-featured-img":"","footer-sml-layout":"","theme-transparent-header-meta":"","adv-header-id-meta":"","stick-header-meta":"","header-above-stick-meta":"","header-main-stick-meta":"","header-below-stick-meta":"","astra-migrate-meta-layouts":"default","ast-page-background-enabled":"default","ast-page-background-meta":{"desktop":{"background-color":"var(--ast-global-color-5)","background-image":"","background-repeat":"repeat","background-position":"center center","background-size":"auto","background-attachment":"scroll","background-type":"","background-media":"","overlay-type":"","overlay-color":"","overlay-opacity":"","overlay-gradient":""},"tablet":{"background-color":"","background-image":"","background-repeat":"repeat","background-position":"center center","background-size":"auto","background-attachment":"scroll","background-type":"","background-media":"","overlay-type":"","overlay-color":"","overlay-opacity":"","overlay-gradient":""},"mobile":{"background-color":"","background-image":"","background-repeat":"repeat","background-position":"center center","background-size":"auto","background-attachment":"scroll","background-type":"","background-media":"","overlay-type":"","overlay-color":"","overlay-opacity":"","overlay-gradient":""}},"ast-content-background-meta":{"desktop":{"background-color":"var(--ast-global-color-4)","background-image":"","background-repeat":"repeat","background-position":"center center","background-size":"auto","background-attachment":"scroll","background-type":"","background-media":"","overlay-type":"","overlay-color":"","overlay-opacity":"","overlay-gradient":""},"tablet":{"background-color":"var(--ast-global-color-4)","background-image":"","background-repeat":"repeat","background-position":"center center","background-size":"auto","background-attachment":"scroll","background-type":"","background-media":"","overlay-type":"","overlay-color":"","overlay-opacity":"","overlay-gradient":""},"mobile":{"background-color":"var(--ast-global-color-4)","background-image":"","background-repeat":"repeat","background-position":"center center","background-size":"auto","background-attachment":"scroll","background-type":"","background-media":"","overlay-type":"","overlay-color":"","overlay-opacity":"","overlay-gradient":""}}},"product_brand":[119],"product_cat":[18,298,118,17,291,120,296],"product_tag":[],"class_list":{"0":"post-1197","1":"product","2":"type-product","3":"status-publish","4":"has-post-thumbnail","6":"product_brand-edally","7":"product_cat-cham-soc-da-mat","8":"product_cat-cham-soc-da-mat-sac-dep","9":"product_cat-edally-ex","10":"product_cat-my-pham","11":"product_cat-sac-dep","12":"product_cat-trang-diem","13":"product_cat-trang-diem-sac-dep","14":"desktop-align-left","15":"tablet-align-left","16":"mobile-align-left","18":"first","19":"instock","20":"sale","21":"taxable","22":"shipping-taxable","23":"purchasable","24":"product-type-simple"},"_links":{"self":[{"href":"https:\/\/omewa.online\/index.php\/wp-json\/wp\/v2\/product\/1197","targetHints":{"allow":["GET"]}}],"collection":[{"href":"https:\/\/omewa.online\/index.php\/wp-json\/wp\/v2\/product"}],"about":[{"href":"https:\/\/omewa.online\/index.php\/wp-json\/wp\/v2\/types\/product"}],"replies":[{"embeddable":true,"href":"https:\/\/omewa.online\/index.php\/wp-json\/wp\/v2\/comments?post=1197"}],"wp:featuredmedia":[{"embeddable":true,"href":"https:\/\/omewa.online\/index.php\/wp-json\/wp\/v2\/media\/1227"}],"wp:attachment":[{"href":"https:\/\/omewa.online\/index.php\/wp-json\/wp\/v2\/media?parent=1197"}],"wp:term":[{"taxonomy":"product_brand","embeddable":true,"href":"https:\/\/omewa.online\/index.php\/wp-json\/wp\/v2\/product_brand?post=1197"},{"taxonomy":"product_cat","embeddable":true,"href":"https:\/\/omewa.online\/index.php\/wp-json\/wp\/v2\/product_cat?post=1197"},{"taxonomy":"product_tag","embeddable":true,"href":"https:\/\/omewa.online\/index.php\/wp-json\/wp\/v2\/product_tag?post=1197"}],"curies":[{"name":"wp","href":"https:\/\/api.w.org\/{rel}","templated":true}]}}