{"id":1196,"date":"2025-11-01T18:18:49","date_gmt":"2025-11-01T18:18:49","guid":{"rendered":"https:\/\/omewa.online\/?post_type=product&#038;p=1196"},"modified":"2025-12-13T03:33:51","modified_gmt":"2025-12-13T03:33:51","slug":"mat-na-cung-cap-khoang-chat-edally-ex-nhap-khau-han-quoc","status":"publish","type":"product","link":"https:\/\/omewa.online\/index.php\/product\/mat-na-cung-cap-khoang-chat-edally-ex-nhap-khau-han-quoc\/","title":{"rendered":"M\u1eb7t n\u1ea1 cung c\u1ea5p kho\u00e1ng ch\u1ea5t Edally EX nh\u1eadp kh\u1ea9u H\u00e0n Qu\u1ed1c"},"content":{"rendered":"<h2 id=\"1._gioi_thieu_ve_mat_na_cung_cap_khong_chat_edally_ex_hn_quoc\">1. \u0110\u1eb7c \u0111i\u1ec3m n\u1ed5i b\u1eadt<\/h2>\n<p>M\u1eb7t n\u1ea1\u00a0cung c\u1ea5p kho\u00e1ng ch\u1ea5t Edally EX \u2013\u00a0Rejuvenating Luxury Aqua Mask l\u00e0 s\u1ea3n ph\u1ea9m m\u1ef9 ph\u1ea9m thi\u00ean nhi\u00ean cao c\u1ea5p \u0111\u01b0\u1ee3c s\u1ea3n xu\u1ea5t v\u00e0 nh\u1eadp kh\u1ea9u 100% t\u1eeb\u00a0 nh\u00e0 m\u00e1y n\u1ed5i ti\u1ebfng Coreana c\u1ee7a H\u00e0n Qu\u1ed1c b\u1eb1ng c\u00f4ng ngh\u1ec7 th\u1ea9m th\u1ea5u t\u1ebf b\u00e0o \u0111\u1ed9t ph\u00e1 NEOCELL SCIENCE \u0111\u01b0a d\u01b0\u1ee1ng ch\u1ea5t th\u1ea9m th\u1ea5u s\u00e2u v\u00e0o c\u00e1c t\u1ebf b\u00e0o da gi\u00fap da h\u1ea5p th\u1ee5 d\u01b0\u1ee1ng ch\u1ea5t nhanh v\u00e0 hi\u1ec7u qu\u1ea3 nh\u1ea5t.<\/p>\n<p><img fetchpriority=\"high\" decoding=\"async\" class=\"aligncenter size-full wp-image-607\" src=\"https:\/\/edallyvietnam.vn\/wp-content\/uploads\/2023\/02\/mat-na-cung-cap-khoang-chat-edally-ex-han-quoc-nhap-khau-chinh-hang-ddnb.jpg\" alt=\"Mat Na Cung Cap Khoang Chat Edally Ex Han Quoc Nhap Khau Chinh Hang Ddnb\" width=\"640\" height=\"480\" \/><\/p>\n<p>M\u1eb7t n\u1ea1\u00a0kho\u00e1ng cung c\u1ea5p kho\u00e1ng ch\u1ea5t Edally EX-\u00a0Rejuvenating Luxury Aqua Mask\u00a0c\u00f3 c\u00f4ng d\u1ee5ng hi\u1ec7u qu\u1ea3 trong vi\u1ec7c cung c\u1ea5p n\u01b0\u1edbc v\u00e0 c\u00e1c d\u01b0\u1ee1ng ch\u1ea5t c\u1ea7n thi\u1ebft nu\u00f4i d\u01b0\u1ee1ng t\u1eeb s\u00e2u b\u00ean trong \u0111\u1ed3ng th\u1eddi mang l\u1ea1i v\u1ebb \u0111\u1eb9p ho\u00e0n h\u1ea3o t\u1ee9c th\u00ec cho l\u00e0n da sau khi s\u1eed d\u1ee5ng.<\/p>\n<p>M\u1eb7t n\u1ea1\u00a0s\u1eed d\u1ee5ng m\u00e0ng xenlulo m\u1ec1m m\u1ecbn gi\u00fap th\u1ea5m s\u00e2u c\u00e1c d\u01b0\u1ee1ng ch\u1ea5t nh\u01b0: Hyaluronic Acid, chi\u1ebft xu\u1ea5t h\u01b0\u01a1ng th\u1ea3o, hoa o\u1ea3i h\u01b0\u01a1ng, b\u1ea1c h\u00e0, cam chanh\u2026 l\u00ean t\u1eebng ng\u00f3c ng\u00e1ch tr\u00ean khu\u00f4n m\u1eb7t mang l\u1ea1i l\u00e0n da s\u00e1ng kh\u1ecfe, c\u0103ng m\u1ecbn.<\/p>\n<p>M\u1eb7t n\u1ea1\u00a0cung c\u1ea5p\u00a0kho\u00e1ng ch\u1ea5t Edally EX H\u00e0n Qu\u1ed1c gi\u00fap l\u00e0n da kh\u00f4 thi\u1ebfu s\u1ee9c s\u1ed1ng tr\u1edf n\u00ean t\u01b0\u01a1i tr\u1ebb, c\u0103ng m\u1ecbn ngay sau khi s\u1eed d\u1ee5ng nh\u1edd vi\u1ec7c b\u1ed5 sung \u0111\u1ed9 \u1ea9m v\u00e0 c\u00e1c d\u01b0\u1ee1ng ch\u1ea5t c\u1ea7n thi\u1ebft t\u1ee9c th\u00ec cho l\u00e0n da.<\/p>\n<h2 id=\"2._thnh_phan_cua_mat_na_cung_cap_khong_chat_edally_ex_hn_quoc\">2. Th\u00e0nh ph\u1ea7n chi\u1ebft xu\u1ea5t<\/h2>\n<p dir=\"ltr\" role=\"presentation\">M\u1eb7t n\u1ea1\u00a0cung c\u1ea5p kho\u00e1ng ch\u1ea5t Edally EX H\u00e0n Qu\u1ed1c v\u1edbi th\u00e0nh ph\u1ea7n ch\u00ednh l\u00e0 Axit Hyaluronic v\u00e0 chi\u1ebft xu\u1ea5t t\u1eeb 100% nguy\u00ean li\u1ec7u t\u1ef1 nhi\u00ean: h\u01b0\u01a1ng th\u1ea3o, hoa o\u1ea3i h\u01b0\u01a1ng, b\u1ea1c h\u00e0, cam chanh, Bergamo hoa c\u00fac, chanh, hydrolyzed\u00a0Collagen, Adenosine mang l\u1ea1i hi\u1ec7u qu\u1ea3 \u0111\u1ed9t ph\u00e1 trong vi\u1ec7c b\u1ed5 sung \u0111\u1ed9 \u1ea9m v\u00e0 cung c\u1ea5p d\u01b0\u1ee1ng ch\u1ea5t cho l\u00e0n da t\u01b0\u01a1i s\u00e1ng, l\u00e1ng m\u01b0\u1ee3t h\u01a1n.<\/p>\n<ul>\n<li dir=\"ltr\" role=\"presentation\">Axit Hyaluronic l\u00e0 m\u1ed9t trong nh\u1eefng ph\u00e2n t\u1eed \u01b0a n\u01b0\u1edbc nh\u1ea5t trong t\u1ef1 nhi\u00ean, n\u00f3 c\u00f3 kh\u1ea3 n\u0103ng gi\u1eef n\u01b0\u1edbc gi\u1eef n\u01b0\u1edbc tuy\u1ec7t v\u1eddi v\u1edbi tr\u1ecdng l\u01b0\u1ee3ng g\u1ea5p 6000 l\u1ea7n tr\u1ecdng l\u01b0\u1ee3ng b\u1ea3n th\u00e2n n\u00ean n\u00f3 c\u00f2n \u0111\u01b0\u1ee3c g\u1ecdi l\u00e0 \u201cch\u1ea5t d\u01b0\u1ee1ng \u1ea9m t\u1ef1 nhi\u00ean\u201d gi\u00fap d\u01b0\u1ee1ng \u1ea9m, b\u1ed5 sung n\u01b0\u1edbc cho da v\u00e0 l\u00e0m m\u1edd n\u1ebfp nh\u0103n.<\/li>\n<li dir=\"ltr\" role=\"presentation\">Chi\u1ebft xu\u1ea5t hoa nh\u00e0i gi\u00fap cung c\u1ea5p \u0111\u1ed9 \u1ea9m, se kh\u00edt l\u1ed7 ch\u00e2n l\u00f4ng, gi\u00fap da s\u00e1ng m\u1ecbn v\u00e0 t\u01b0\u01a1i tr\u1ebb.<\/li>\n<li dir=\"ltr\" role=\"presentation\">Chi\u1ebft xu\u1ea5t hoa c\u00fac gi\u00fap d\u01b0\u1ee1ng \u1ea9m v\u00e0 l\u00e0m m\u1ecbn da.<\/li>\n<li dir=\"ltr\" role=\"presentation\">Chi\u1ebft xu\u1ea5t b\u1ea1c h\u00e0: L\u1ee3i khu\u1ea9n lactobacillus s\u1ebd c\u00f3 kh\u1ea3 n\u0103ng l\u00e0m gi\u1ea3m s\u01b0ng, t\u1ea5y \u0111\u1ecf hay ng\u1ee9a ng\u00e1y, ph\u00f9 h\u1ee3p nh\u1ea5t v\u1edbi c\u00e1c l\u00e0n da nh\u1ea1y c\u1ea3m d\u1ec5 d\u1ecb \u1ee9ng v\u00e0 ch\u1ed1ng vi\u00eam s\u01b0ng hi\u1ec7u qu\u1ea3.<\/li>\n<li dir=\"ltr\" role=\"presentation\">K\u1ebft h\u1ee3p\u00a0C\u00f4ng ngh\u1ec7 th\u1ea9m th\u1ea5u t\u1ebf b\u00e0o \u0111\u1ed9t ph\u00e1 Neocell Science\u00a0gi\u00fap \u0111\u01b0a c\u00e1c d\u01b0\u1ee1ng ch\u1ea5t t\u01b0\u01a1ng t\u1ef1 nh\u01b0 d\u1ecbch t\u1ebf b\u00e0o c\u1ea7n thi\u1ebft v\u00e0o s\u00e2u b\u00ean trong l\u00e0n da, nu\u00f4i d\u01b0\u1ee1ng t\u1ebf b\u00e0o non m\u1edbi, th\u00fac \u0111\u1ea9y qu\u00e1 tr\u00ecnh s\u1ea3n sinh Collagen v\u00e0 Elastin duy tr\u00ec c\u1ea5u tr\u00fac da b\u1ec1n v\u1eefng, mang l\u1ea1i l\u00e0n da kh\u1ecfe m\u1ea1nh.<\/li>\n<\/ul>\n<p dir=\"ltr\" role=\"presentation\"><img decoding=\"async\" class=\"aligncenter size-full wp-image-608\" src=\"https:\/\/edallyvietnam.vn\/wp-content\/uploads\/2023\/02\/thanh-phan-cua-mat-na-cung-cap-khoang-chat-edally-ex-han-quoc-nhap-khau-chinh-hang-tp.jpg\" alt=\"Thanh Phan Cua Mat Na Cung Cap Khoang Chat Edally Ex Han Quoc Nhap Khau Chinh Hang Tp\" width=\"640\" height=\"480\" \/><\/p>\n<h2 id=\"3._cng_dung_v_doi_tuong_su_dung_mat_na_cung_cap_khong_chat_edally_ex_hn_quoc\">3. C\u00f4ng d\u1ee5ng v\u1edbi da<\/h2>\n<ul>\n<li dir=\"ltr\" role=\"presentation\">Cung c\u1ea5p kho\u00e1ng ch\u1ea5t v\u00e0 \u0111\u1ed9 \u1ea9m, nu\u00f4i d\u01b0\u1ee1ng l\u00e0n da kh\u00f4 r\u00e1p tr\u1edf l\u00ean t\u01b0\u01a1i s\u00e1ng, l\u00e1ng m\u01b0\u1ee3t h\u01a1n, gi\u00fap da th\u1ea9m th\u1ea5u hi\u1ec7u qu\u1ea3 c\u00e1c d\u01b0\u1ee1ng ch\u1ea5t.<\/li>\n<li dir=\"ltr\" role=\"presentation\">Gi\u00fap h\u00ecnh th\u00e0nh m\u00e0ng n\u01b0\u1edbc cho l\u00e0n da kh\u00f4 r\u00e1p \u0111\u1ed3ng th\u1eddi v\u1edbi chi\u1ebft xu\u1ea5t 100% nguy\u00ean li\u1ec7u t\u1eeb thi\u00ean nhi\u00ean gi\u00fap nu\u00f4i d\u01b0\u1ee1ng l\u00e0n da t\u01b0\u01a1i s\u00e1ng, l\u00e1ng m\u01b0\u1ee3t h\u01a1n.<\/li>\n<li dir=\"ltr\" role=\"presentation\">\u0110\u1ed3ng th\u1eddi s\u1ea3n ph\u1ea9m c\u00f2n s\u1eed d\u1ee5ng m\u00e0ng xenlulo m\u1ec1m m\u1ecbn gi\u00fap th\u1ea5m s\u00e2u c\u00e1c d\u01b0\u1ee1ng ch\u1ea5t l\u00ean t\u1eebng ng\u00f3c ng\u00e1ch tr\u00ean khu\u00f4n m\u1eb7t, mang l\u1ea1i hi\u1ec7u qu\u1ea3 ch\u0103m s\u00f3c t\u1eadp trung v\u00e0 gi\u00fap da th\u1ea9m th\u1ea5u hi\u1ec7u qu\u1ea3 c\u00e1c d\u01b0\u1ee1ng ch\u1ea5t c\u1ee7a lo\u1ea1i Essence \u0111\u1eadm \u0111\u1eb7c v\u00e0o da m\u1ed9t c\u00e1ch nh\u1eb9 nh\u00e0ng.<\/li>\n<\/ul>\n<p><img decoding=\"async\" class=\"aligncenter size-full wp-image-610\" src=\"https:\/\/edallyvietnam.vn\/wp-content\/uploads\/2023\/02\/mat-na-cung-cap-khoang-chat.jpg\" alt=\"Mat Na Cung Cap Khoang Chat\" width=\"640\" height=\"715\" \/><\/p>\n<p>M\u1eb7t n\u1ea1 cung c\u1ea5p kho\u00e1ng ch\u1ea5t Edally EX H\u00e0n Qu\u1ed1c l\u00e0 s\u1ea3n ph\u1ea9m ho\u00e0n to\u00e0n l\u00e0nh t\u00ednh, ph\u00f9 h\u1ee3p v\u1edbi m\u1ecdi lo\u1ea1i da c\u0169ng nh\u01b0 t\u1ea5t c\u1ea3 ch\u1ecb em ph\u1ee5 n\u1eefa ch\u00fang ta.<\/p>\n<h2 id=\"4._huong_dan_su_dung_mat_na_cung_cap_khong_chat_edally_ex_hn_quoc\">4. H\u01b0\u1edbng d\u1eabn s\u1eed d\u1ee5ng<\/h2>\n<ul>\n<li dir=\"ltr\" role=\"presentation\">\u0110i\u1ec1u ch\u1ec9nh ph\u1ea7n c\u1eb1m v\u00e0 mi\u1ec7ng c\u1ee7a m\u1eb7t n\u1ea1 cung c\u1ea5p kho\u00e1ng ch\u1ea5t Edally EX, c\u0103n ch\u1ec9nh v\u00f9ng gi\u1eefa c\u1ee7a m\u1eb7t n\u1ea1 v\u00e0 m\u1eb7t r\u1ed3i \u00e1p v\u00e0o m\u1eb7t theo th\u1ee9 t\u1ef1 m\u0169i, m\u1eaft, nh\u1eb9 nh\u00e0ng k\u00e9o c\u0103ng c\u00e1c m\u00e9p \u0111\u1ec3 m\u1eb7t n\u1ea1 d\u00ednh v\u00e0o m\u1eb7t.<\/li>\n<li dir=\"ltr\" role=\"presentation\">Sau 20 ph\u00fat th\u01b0 gi\u00e3n, g\u1ee1 m\u1eb7t n\u1ea1 ra r\u1ed3i v\u1ed7 nh\u1eb9 \u0111\u1ec3 d\u01b0\u1ee1ng ch\u1ea5t h\u1ea5p th\u1ee5 ho\u00e0n to\u00e0n v\u00e0o da, r\u1eeda l\u1ea1i m\u1eb7t v\u1edbi n\u01b0\u1edbc s\u1ea1ch<\/li>\n<li dir=\"ltr\" role=\"presentation\">S\u1eed d\u1ee5ng m\u1eb7t n\u1ea1 cung c\u1ea5p kho\u00e1ng ch\u1ea5t Edally EX H\u00e0n Qu\u1ed1c t\u1eeb 2 \u2013 3 l\u1ea7n \/ tu\u1ea7n \u0111\u1ec3 c\u00f3 hi\u1ec7u qu\u1ea3 t\u1ed1t nh\u1ea5t.<\/li>\n<li>B\u1ea3o qu\u1ea3n n\u01a1i kh\u00f4 m\u00e1t, tr\u00e1nh n\u1eafng m\u1eb7t tr\u1eddi v\u00e0 n\u01a1i c\u00f3 nhi\u1ec7t \u0111\u1ed9 cao. Tr\u00e1nh xa t\u1ea7m tay tr\u1ebb em.<\/li>\n<\/ul>\n<p><img loading=\"lazy\" decoding=\"async\" class=\"aligncenter size-full wp-image-611\" src=\"https:\/\/edallyvietnam.vn\/wp-content\/uploads\/2023\/02\/mat-na-khoang03.jpg\" alt=\"Mat Na Khoang03\" width=\"640\" height=\"640\" \/><\/p>\n<h2 id=\"5._cam_ket_v_bao_hnh_mat_na_cung_cap_khong_chat_edally_ex_hn_quoc\">5. Cam k\u1ebft t\u1eeb Edally Vi\u1ec7t Nam<\/h2>\n<ol>\n<li>C\u00f3 \u0111\u1ea7y \u0111\u1ee7 gi\u1ea5y t\u1edd ch\u1ee9ng nh\u1eadn nh\u1eadp kh\u1ea9u<\/li>\n<li>\u0110\u01b0\u1ee3c s\u1ea3n xu\u1ea5t t\u1ea1i nh\u00e0 m\u00e1y s\u1ed1 1 H\u00e0n Qu\u1ed1c:\u00a0Coreana Cosmetics Co., Ltd.<\/li>\n<li>Ch\u1ee9ng nh\u1eadn uy t\u00edn, danh gi\u00e1 Qu\u1ed1c t\u1ebf:\u00a0ch\u1ee9ng nh\u1eadn\u00a0c\u1ee7a FDA (c\u1ee5c Qu\u1ea3n l\u00fd d\u01b0\u1ee3c v\u00e0 M\u1ef9 ph\u1ea9m Hoa K\u1ef3), Ecocert, KFDA\u2026 Edally EX \u0111\u1ec1u \u0111\u1ea1t \u0111\u01b0\u1ee3c.<\/li>\n<li>Ch\u1ee9ng nh\u1eadn trong n\u01b0\u1edbc: b\u1ea3n c\u00f4ng b\u1ed1 ch\u1ea5t l\u01b0\u1ee3ng t\u1eebng s\u1ea3n ph\u1ea9m, ch\u1ee9ng nh\u1eadn s\u1ea3n ph\u1ea9m vi\u1ec7n da li\u1ec5u TW khuy\u00ean d\u00f9ng, gi\u1ea5y ph\u00e9p l\u01b0u h\u00e0nh s\u1ea3n ph\u1ea9m,\u2026<\/li>\n<\/ol>\n","protected":false},"excerpt":{"rendered":"<ul>\n<li>\n<ul>\n<li><strong>C\u00f4ng d\u1ee5ng<\/strong>: Cung c\u1ea5p kho\u00e1ng ch\u1ea5t v\u00e0 \u0111\u1ed9 \u1ea9m cho l\u00e0n da. Nu\u00f4i d\u01b0\u1ee1ng l\u00e0n da kh\u00f4 r\u00e1p tr\u1edf l\u00ean t\u01b0\u01a1i s\u00e1ng, l\u00e1ng m\u01b0\u1ee3t h\u01a1n. Gi\u00fap da th\u1ea9m th\u1ea5u hi\u1ec7u qu\u1ea3 c\u00e1c d\u01b0\u1ee1ng ch\u1ea5t.<\/li>\n<li><strong>Quy c\u00e1ch<\/strong>: H\u1ed9p 10 s\u1ea3n ph\u1ea9m<\/li>\n<li><strong>Dung t\u00edch<\/strong>: 25 ml \/ s\u1ea3n ph\u1ea9m<\/li>\n<li><strong>Th\u01b0\u01a1ng hi\u1ec7u<\/strong>:\u00a0Edally EX<\/li>\n<li><strong>Nh\u00e0 s\u1ea3n xu\u1ea5t<\/strong>: Coreana Cosmetics Co., Ltd.<\/li>\n<li><strong>Xu\u1ea5t x\u1ee9<\/strong>: H\u00e0n Qu\u1ed1c<\/li>\n<\/ul>\n<\/li>\n<\/ul>\n","protected":false},"featured_media":1225,"comment_status":"open","ping_status":"closed","template":"","meta":{"site-sidebar-layout":"default","site-content-layout":"","ast-site-content-layout":"default","site-content-style":"default","site-sidebar-style":"default","ast-global-header-display":"","ast-banner-title-visibility":"","ast-main-header-display":"","ast-hfb-above-header-display":"","ast-hfb-below-header-display":"","ast-hfb-mobile-header-display":"","site-post-title":"","ast-breadcrumbs-content":"","ast-featured-img":"","footer-sml-layout":"","theme-transparent-header-meta":"","adv-header-id-meta":"","stick-header-meta":"","header-above-stick-meta":"","header-main-stick-meta":"","header-below-stick-meta":"","astra-migrate-meta-layouts":"default","ast-page-background-enabled":"default","ast-page-background-meta":{"desktop":{"background-color":"var(--ast-global-color-5)","background-image":"","background-repeat":"repeat","background-position":"center center","background-size":"auto","background-attachment":"scroll","background-type":"","background-media":"","overlay-type":"","overlay-color":"","overlay-opacity":"","overlay-gradient":""},"tablet":{"background-color":"","background-image":"","background-repeat":"repeat","background-position":"center center","background-size":"auto","background-attachment":"scroll","background-type":"","background-media":"","overlay-type":"","overlay-color":"","overlay-opacity":"","overlay-gradient":""},"mobile":{"background-color":"","background-image":"","background-repeat":"repeat","background-position":"center center","background-size":"auto","background-attachment":"scroll","background-type":"","background-media":"","overlay-type":"","overlay-color":"","overlay-opacity":"","overlay-gradient":""}},"ast-content-background-meta":{"desktop":{"background-color":"var(--ast-global-color-4)","background-image":"","background-repeat":"repeat","background-position":"center center","background-size":"auto","background-attachment":"scroll","background-type":"","background-media":"","overlay-type":"","overlay-color":"","overlay-opacity":"","overlay-gradient":""},"tablet":{"background-color":"var(--ast-global-color-4)","background-image":"","background-repeat":"repeat","background-position":"center center","background-size":"auto","background-attachment":"scroll","background-type":"","background-media":"","overlay-type":"","overlay-color":"","overlay-opacity":"","overlay-gradient":""},"mobile":{"background-color":"var(--ast-global-color-4)","background-image":"","background-repeat":"repeat","background-position":"center center","background-size":"auto","background-attachment":"scroll","background-type":"","background-media":"","overlay-type":"","overlay-color":"","overlay-opacity":"","overlay-gradient":""}}},"product_brand":[119],"product_cat":[18,298,118,17,291,120,296],"product_tag":[],"class_list":{"0":"post-1196","1":"product","2":"type-product","3":"status-publish","4":"has-post-thumbnail","6":"product_brand-edally","7":"product_cat-cham-soc-da-mat","8":"product_cat-cham-soc-da-mat-sac-dep","9":"product_cat-edally-ex","10":"product_cat-my-pham","11":"product_cat-sac-dep","12":"product_cat-trang-diem","13":"product_cat-trang-diem-sac-dep","14":"desktop-align-left","15":"tablet-align-left","16":"mobile-align-left","18":"first","19":"instock","20":"sale","21":"taxable","22":"shipping-taxable","23":"purchasable","24":"product-type-simple"},"_links":{"self":[{"href":"https:\/\/omewa.online\/index.php\/wp-json\/wp\/v2\/product\/1196","targetHints":{"allow":["GET"]}}],"collection":[{"href":"https:\/\/omewa.online\/index.php\/wp-json\/wp\/v2\/product"}],"about":[{"href":"https:\/\/omewa.online\/index.php\/wp-json\/wp\/v2\/types\/product"}],"replies":[{"embeddable":true,"href":"https:\/\/omewa.online\/index.php\/wp-json\/wp\/v2\/comments?post=1196"}],"wp:featuredmedia":[{"embeddable":true,"href":"https:\/\/omewa.online\/index.php\/wp-json\/wp\/v2\/media\/1225"}],"wp:attachment":[{"href":"https:\/\/omewa.online\/index.php\/wp-json\/wp\/v2\/media?parent=1196"}],"wp:term":[{"taxonomy":"product_brand","embeddable":true,"href":"https:\/\/omewa.online\/index.php\/wp-json\/wp\/v2\/product_brand?post=1196"},{"taxonomy":"product_cat","embeddable":true,"href":"https:\/\/omewa.online\/index.php\/wp-json\/wp\/v2\/product_cat?post=1196"},{"taxonomy":"product_tag","embeddable":true,"href":"https:\/\/omewa.online\/index.php\/wp-json\/wp\/v2\/product_tag?post=1196"}],"curies":[{"name":"wp","href":"https:\/\/api.w.org\/{rel}","templated":true}]}}