{"id":1151,"date":"2025-11-01T18:18:27","date_gmt":"2025-11-01T18:18:27","guid":{"rendered":"https:\/\/omewa.online\/?post_type=product&#038;p=1151"},"modified":"2025-12-13T03:46:33","modified_gmt":"2025-12-13T03:46:33","slug":"huyet-thanh-to-yen-edally-ex-nhap-khau-han-quoc","status":"publish","type":"product","link":"https:\/\/omewa.online\/index.php\/product\/huyet-thanh-to-yen-edally-ex-nhap-khau-han-quoc\/","title":{"rendered":"Huy\u1ebft Thanh T\u1ed5 Y\u1ebfn Edally EX nh\u1eadp kh\u1ea9u H\u00e0n Qu\u1ed1c"},"content":{"rendered":"<h2 id=\"1._gioi_thieu_vehuyet_thanh_to_yen_edally_ex_hn_quoc\">1. \u0110\u1eb7c \u0111i\u1ec3m n\u1ed5i b\u1eadt<\/h2>\n<p>Huy\u1ebft thanh t\u1ed5 y\u1ebfn Edally EX \u2013 Luxury Rejuvenating Swiftlet Nest Ampoule l\u00e0 m\u1ed9t trong nh\u1eefng s\u1ea3n ph\u1ea9m \u201c\u0111\u1ec9nh\u201d nh\u1ea5t c\u1ee7a th\u01b0\u01a1ng hi\u1ec7u Edally Ex H\u00e0n Qu\u1ed1c. V\u1edbi v\u00f4 v\u00e0n t\u00e1c d\u1ee5ng nu\u00f4i d\u01b0\u1ee1ng v\u00e0 ph\u1ee5c h\u1ed3i cho l\u00e0n da, nh\u1ea5t l\u00e0 nh\u1eefng l\u00e0n da m\u1ecfng y\u1ebfu, s\u1ea1m n\u00e1m \u0111\u00e3 t\u1eebng s\u1eed d\u1ee5ng qua r\u1ea5t nhi\u1ec1u s\u1ea3n ph\u1ea9m d\u01b0\u1ee1ng da kh\u00e1c nh\u01b0ng kh\u00f4ng \u0111\u01b0\u1ee3c c\u1ea3i thi\u1ec7n.<\/p>\n<p>Huy\u1ebft thanh t\u1ed5 y\u1ebfn Edally EX H\u00e0n Qu\u1ed1c \u0111\u01b0\u1ee3c c\u00e1c t\u00edn \u0111\u1ed3 l\u00e0m \u0111\u1eb9p \u201cs\u0103n l\u00f9ng\u201d v\u00e0 \u0111\u01b0\u1ee3c v\u00ed nh\u01b0 \u201cth\u1ea7n d\u01b0\u1ee3c\u201d c\u1ee7a ch\u1ecb em sau tu\u1ed5i 25 v\u00e0 nh\u1eefng ch\u1ecb em \u0111\u00e3 b\u1eaft \u0111\u1ea7u xu\u1ea5t hi\u1ec7n n\u00e1m ho\u1eb7c n\u00e1m ch\u00ecm d\u01b0\u1edbi da.<\/p>\n<p>Huy\u1ebft thanh t\u1ed5 y\u1ebfn Edally EX \u1ea9n d\u1ea5u b\u00ed quy\u1ebft l\u00e0m \u0111\u1eb9p c\u1ee7a T\u1eeb Hy Th\u00e1i H\u1eadu, ch\u1ee9a chi\u1ebft xu\u1ea5t t\u1ed5 Y\u1ebfn gi\u00fap th\u00fac \u0111\u1ea9y m\u1ea1nh m\u1ebd qu\u00e1 tr\u00ecnh t\u00e1i t\u1ea1o t\u1ebf b\u00e0o, t\u0103ng c\u01b0\u1eddng kh\u1ea3 n\u0103ng mi\u1ec5n d\u1ecbch, \u0111\u1ea9y l\u00f9i l\u00e3o h\u00f3a da.<\/p>\n<p>Huy\u1ebft thanh t\u1ed5 y\u1ebfn Edally EX H\u00e0n Qu\u1ed1c l\u00e0 s\u1ea3n ph\u1ea9m ch\u0103m s\u00f3c da gi\u00fap\u00a0c\u1ea3i t\u1ea1o \u0111\u1ed9 \u0111\u00e0n h\u1ed3i, cho da tr\u1ebb trung, kh\u1ecfe m\u1ea1nh v\u00e0 m\u1ecbn m\u00e0ng, cho\u00a0l\u00e0n da nhu\u1eadn s\u1eafc, s\u00e1ng m\u1ecbn, h\u1ed3ng h\u00e0o \u0111\u1ea7y s\u1ee9c s\u1ed1ng.<\/p>\n<p>Huy\u1ebft thanh t\u1ed5 y\u1ebfn Edally EX H\u00e0n Qu\u1ed1c nh\u1eadp kh\u1ea9u ch\u00ednh h\u00e3ng<\/p>\n<h2 id=\"2._thnh_phan_cua_huyet_thanh_to_yen_edally_ex_hn_quoc\">2. Th\u00e0nh ph\u1ea7n chi\u1ebft xu\u1ea5t<\/h2>\n<p>V\u1edbi th\u00e0nh ph\u1ea7n chi\u1ebft xu\u1ea5t t\u1ed5 y\u1ebfn, rong nho bi\u1ec3n, c\u00e1c th\u1ea3o m\u1ed9c qu\u00fd tr\u00ean d\u00e3y n\u00fai Alpes,\u00a0Collagen, Adenosine, Axit Hyaluronic, Glucose, Xylitol complex. Huy\u1ebft thanh t\u1ed5 y\u1ebfn Edally EX H\u00e0n Qu\u1ed1c mang \u0111\u1ebfn v\u00f4 v\u00e0n t\u00e1c d\u1ee5ng ph\u1ee5c h\u1ed3i v\u00e0 t\u00e1i t\u1ea1o da.<\/p>\n<ul>\n<li><strong>T\u1ed5 y\u1ebfn tr\u1eafng<\/strong>: Ch\u1ee9a h\u00e0m l\u01b0\u1ee3ng Collagen g\u1ea5p 200 l\u1ea7n s\u1eefa ong ch\u00faa, gi\u00fap b\u1ed5 sung l\u01b0\u1ee3ng Collagen v\u00e0 Elastin t\u1ef1 nhi\u00ean, c\u00f3 t\u00e1c d\u1ee5ng hi\u1ec7u qu\u1ea3 trong vi\u1ec7c \u0111\u00e0o th\u1ea3i \u0111\u1ed9c t\u1ed1, t\u00e1i t\u1ea1o t\u1ebf b\u00e0o v\u00e0 t\u0103ng kh\u1ea3 n\u0103ng mi\u1ec5n d\u1ecbch c\u1ee7a da.<\/li>\n<li><strong>Rong nho bi\u1ec3n<\/strong>: C\u00f3 h\u00e0m l\u01b0\u1ee3ng d\u01b0\u1ee1ng ch\u1ea5t cao, l\u01b0\u1ee3ng Vitamin A, C d\u1ed3i d\u00e0o gi\u00fap s\u1ea3n xu\u1ea5t Collagen, ch\u1ea5t ch\u1ed1ng oxy h\u00f3a mang l\u1ea1i l\u00e0n da s\u0103n ch\u1eafc, s\u00e1ng m\u1ecbn v\u00e0 nhanh ch\u00f3ng ch\u1eefa l\u00e0nh c\u00e1c t\u1ed5n th\u01b0\u01a1ng tr\u00ean da.<\/li>\n<li><strong>Th\u1ea3o m\u1ed9c qu\u00fd tr\u00ean d\u00e3y n\u00fai Alpe<\/strong>s: Ho\u00e0n to\u00e0n s\u1ea1ch (ngay c\u1ea3 m\u00e1y bay c\u0169ng b\u1ecb c\u1ea5m bay qua v\u00f9ng n\u00e0y), \u0111\u01b0\u1ee3c \u00e1p d\u1ee5ng c\u00e1c ph\u01b0\u01a1ng th\u1ee9c tr\u1ed3ng tr\u1ecdt, ch\u1ebf bi\u1ebfn theo c\u00e1c nguy\u00ean t\u1eafc chu\u1ea9n qu\u1ed1c t\u1ebf c\u1ef1c k\u1ef3 g\u1eaft gao mang l\u1ea1i hi\u1ec7u qu\u1ea3 v\u00e0 \u0111\u1ed9 an to\u00e0n cao cho l\u00e0n da c\u1ee7a ng\u01b0\u1eddi s\u1eed d\u1ee5ng.<\/li>\n<li><strong>Axit Hyaluronic<\/strong>: D\u01b0\u1ee1ng \u1ea9m, v\u1eadn chuy\u1ec3n n\u01b0\u1edbc v\u00e0 d\u01b0\u1ee1ng ch\u1ea5t t\u1eeb m\u1ea1ch m\u00e1u qua c\u00e1c mao m\u1ea1ch tr\u00ean da, cung c\u1ea5p, duy tr\u00ec \u0111\u1ed9 \u1ea9m, b\u1ed5 sung kho\u00e1ng ch\u1ea5t v\u00e0 ngu\u1ed3n n\u0103ng l\u01b0\u1ee3ng gi\u00fap l\u00e0n da kh\u00f4 r\u00e1p tr\u1edf n\u00ean m\u1ec1m m\u1ea1i, c\u0103ng m\u01b0\u1edbt.<\/li>\n<li><strong>Adenosine<\/strong>: C\u1ea3i thi\u1ec7n n\u1ebfp nh\u0103n m\u1ea1nh m\u1ebd, v\u1ebft ch\u00e2n chim \u0111\u1eb7c bi\u1ec7t v\u00f9ng kh\u00f3e m\u1eaft v\u00e0 kh\u00f3e mi\u1ec7ng, t\u0103ng s\u1ef1 s\u1ea3n sinh c\u1ee7a c\u00e1c s\u1ee3i Elastin v\u00e0\u00a0Collagen\u00a0gi\u00fap gi\u1ea3m hi\u1ec7n t\u01b0\u1ee3ng nh\u0103n, ch\u1ea3y x\u1ec7, t\u0103ng l\u01b0u th\u00f4ng m\u00e1u d\u01b0\u1edbi da, gi\u00fap ph\u00e1t hi\u1ec7n ph\u1ee5c h\u1ed3i c\u00e1c h\u01b0 h\u1ea1i l\u1ed7i c\u1ee7a t\u1ebf b\u00e0o da, l\u00e0m \u0111\u1ea7y c\u00e1c r\u00e3nh nh\u0103n.<\/li>\n<\/ul>\n<p><img fetchpriority=\"high\" decoding=\"async\" class=\"aligncenter size-full wp-image-598\" src=\"https:\/\/edallyvietnam.vn\/wp-content\/uploads\/2023\/02\/thanh-phan-cua-huyet-thanh-to-yen-edally-ex-han-quoc-tp.jpg\" alt=\"Thanh Phan Cua Huyet Thanh To Yen Edally Ex Han Quoc Tp\" width=\"640\" height=\"480\" \/><\/p>\n<h2 id=\"3._cng_dung_cua_huyet_thanh_to_yen_edally_ex_hn_quoc\">3. C\u00f4ng d\u1ee5ng v\u1edbi da<\/h2>\n<p>Huy\u1ebft thanh t\u1ed5 y\u1ebfn Edally EX l\u00e0 th\u1ea7n d\u01b0\u1ee3c th\u1ea3i \u0111\u1ed9c da, th\u00fac \u0111\u1ea9y m\u1ea1nh m\u1ebd qu\u00e1 tr\u00ecnh t\u00e1i t\u1ea1o t\u1ebf b\u00e0o, t\u0103ng c\u01b0\u1eddng kh\u1ea3 n\u0103ng mi\u1ec5n d\u1ecbch cho da, k\u00edch ho\u1ea1t l\u01b0u th\u00f4ng huy\u1ebft.<\/p>\n<ul>\n<li>\u0110em l\u1ea1i c\u1ea3m gi\u00e1c c\u0103ng m\u1ecbn ch\u1ec9 sau 1 \u0111\u00eam s\u1eed d\u1ee5ng.<\/li>\n<li>D\u01b0\u1ee1ng tr\u1eafng m\u1ecbn, s\u00e1ng kh\u1ecfe, h\u1ed3ng h\u00e0o v\u00e0 c\u0103ng b\u00f3ng.<\/li>\n<li>C\u1ea3i thi\u1ec7n n\u1ebfp nh\u0103n, tr\u1ebb h\u00f3a da v\u00e0 t\u0103ng s\u1ef1 \u0111\u00e0n h\u1ed3i cho da.<\/li>\n<li>\u0110\u00e0o th\u1ea3i v\u00e0 lo\u1ea1i b\u1ecf melanin, ng\u0103n ch\u1eb7n n\u00e1m, t\u00e0n nhang, thu h\u1eb9p ch\u00e2n n\u00e1m \u1edf s\u00e2u d\u01b0\u1edbi da.<\/li>\n<li>B\u1ed5 sung d\u01b0\u1ee1ng ch\u1ea5t, \u0111\u1ed9 \u1ea9m nu\u00f4i d\u01b0\u1ee1ng l\u00e0n da s\u00e1ng kh\u1ecfe t\u1eeb b\u00ean trong.<\/li>\n<li>\u0110\u00e0o th\u1ea3i \u0111\u1ed9c t\u1ed1 b\u00ean trong da. T\u00e1i t\u1ea1o v\u00e0 c\u1ea3i thi\u1ec7n l\u00e0n da b\u1ecb nhi\u1ec5m Corticoid.<\/li>\n<li>Hi\u1ec7u qu\u1ea3 t\u1ed1i \u01b0u v\u00e0 an to\u00e0n tuy\u1ec7t \u0111\u1ed1i cho l\u00e0n da, ngay c\u1ea3 v\u1edbi da nh\u1ea1y c\u1ea3m.<\/li>\n<\/ul>\n<p><img decoding=\"async\" class=\"aligncenter size-full wp-image-599\" src=\"https:\/\/edallyvietnam.vn\/wp-content\/uploads\/2023\/02\/huyet-thanh-to-yen-2.jpg\" alt=\"Huyet Thanh To Yen 2\" width=\"640\" height=\"640\" \/><\/p>\n<h2 id=\"4._huong_dan_su_dung_huyet_thanh_to_yen_edally_ex_hn_quoc\">4. H\u01b0\u1edbng d\u1eabn s\u1eed d\u1ee5ng<\/h2>\n<p>S\u1eed d\u1ee5ng Huy\u1ebft thanh t\u1ed5 y\u1ebfn Edally EX H\u00e0n Qu\u1ed1c 1 \u2013 2 l\u1ea7n\/ng\u00e0y s\u00e1ng v\u00e0 t\u1ed1i. S\u1eed d\u1ee5ng ngay sau khi l\u00e0m s\u1ea1ch da m\u1eb7t b\u1eb1ng t\u1ea9y trang, t\u1ea9y da ch\u1ebft, r\u1eeda m\u1eb7t b\u1eb1ng s\u1eefa r\u1eeda m\u1eb7t v\u00e0 s\u1eed d\u1ee5ng ngay sau b\u01b0\u1edbc N\u01b0\u1edbc Hoa H\u1ed3ng (Toner). C\u00e1c b\u01b0\u1edbc th\u1ef1c hi\u1ec7n nh\u01b0 sau:<\/p>\n<p>B\u01b0\u1edbc 1: Nh\u1ecf 1 \u2013 2 gi\u1ecdt Huy\u1ebft thanh t\u1ed5 y\u1ebfn Edally EX H\u00e0n Qu\u1ed1c l\u00ean mu b\u00e0n tay ch\u1ea5m l\u00ean n\u0103m \u0111i\u1ec3m tr\u00ean da m\u1eb7t (tr\u00e1n, 2 m\u00e1, m\u0169i v\u00e0 c\u1eb1m).<\/p>\n<p>B\u01b0\u1edbc 2: Thoa nh\u1eb9 nh\u00e0ng tr\u00ean da t\u1eeb tr\u00e1i qua ph\u1ea3i, t\u1eeb trong ra ngo\u00e0i v\u00e0 t\u1eeb tr\u00ean xu\u1ed1ng d\u01b0\u1edbi.<\/p>\n<p>B\u01b0\u1edbc 3: Massage da nh\u1eb9 nh\u00e0ng \u0111\u1ec3 nh\u1eefng d\u01b0\u1ee1ng ch\u1ea5t trong s\u1ea3n ph\u1ea9m nhanh ch\u00f3ng ti\u1ebfp x\u00fac v\u1edbi da.<\/p>\n<p><img decoding=\"async\" class=\"aligncenter size-full wp-image-600\" src=\"https:\/\/edallyvietnam.vn\/wp-content\/uploads\/2023\/02\/huyet-thanh-to-yen-edally-hdsd.jpg\" alt=\"Huyet Thanh To Yen Edally Hdsd\" width=\"640\" height=\"426\" \/><\/p>\n<p><strong>L\u01b0u \u00fd khi s\u1eed d\u1ee5ng<\/strong>: Kh\u00f4ng s\u1eed d\u1ee5ng tr\u00ean v\u1ebft th\u01b0\u01a1ng h\u1edf n\u1ebfu c\u00f3.\u00a0Tr\u00e1nh \u0111\u1ec3 v\u00e0o m\u1eaft, n\u1ebfu \u0111\u1ec3 d\u00ednh v\u00e0 m\u1eaft c\u1ea7n nh\u1ecf n\u01b0\u1edbc mu\u1ed1i sinh l\u00fd v\u1ec7 sinh m\u1eaft.\u00a0B\u1ea3o qu\u1ea3n tr\u00e1nh xa t\u1ea7m tay tr\u1ebb em. B\u1ea3o qu\u1ea3n n\u01a1i kh\u00f4 m\u00e1t, tr\u00e1nh n\u1eafng m\u1eb7t tr\u1eddi v\u00e0 n\u01a1i c\u00f3 nhi\u1ec7t \u0111\u1ed9 cao.<\/p>\n<h2 id=\"5._cam_ket_v_bao_hnh_huyet_thanh_to_yen_edally_ex_hn_quoc\">5. Cam k\u1ebft t\u1eeb Edally Vi\u1ec7t Nam<\/h2>\n<ul>\n<li>S\u1ea3n ph\u1ea9m C\u00f3 \u0111\u1ea7y \u0111\u1ee7 gi\u1ea5y t\u1edd ch\u1ee9ng nh\u1eadn nh\u1eadp kh\u1ea9u<\/li>\n<li>\u0110\u01b0\u1ee3c s\u1ea3n xu\u1ea5t t\u1ea1i nh\u00e0 m\u00e1y s\u1ed1 1 H\u00e0n Qu\u1ed1c:\u00a0Coreana Cosmetics Co., Ltd.<\/li>\n<li>C\u00f4ng ngh\u1ec7 \u0111\u1ed9c quy\u1ec1n\u00a0Neocell Science\u00a0(th\u1ea9m th\u1ea5u t\u1ebf b\u00e0o \u0111\u1ed9t ph\u00e1) gi\u00fap \u0111\u01b0a c\u00e1c d\u01b0\u1ee1ng ch\u1ea5t v\u00e0o s\u00e2u b\u00ean trong l\u1edbp h\u1ea1 b\u00ec m\u1ed9t c\u00e1ch d\u1ec5 d\u00e0ng kh\u00f4ng g\u00e2y nh\u1eddn r\u00edt, b\u1ebft, d\u00ednh da.<\/li>\n<li>\u0110\u01b0\u1ee3c chi\u1ebft xu\u1ea5t t\u1eeb ngu\u1ed3n nguy\u00ean li\u1ec7u qu\u00fd hi\u1ebfm.<\/li>\n<li>Ch\u1ee9ng nh\u1eadn uy t\u00edn, danh gi\u00e1 Qu\u1ed1c t\u1ebf:\u00a0ch\u1ee9ng nh\u1eadn\u00a0c\u1ee7a FDA (c\u1ee5c Qu\u1ea3n l\u00fd d\u01b0\u1ee3c v\u00e0 M\u1ef9 ph\u1ea9m Hoa K\u1ef3), Ecocert, KFDA\u2026 Edally EX \u0111\u1ec1u \u0111\u1ea1t \u0111\u01b0\u1ee3c.<\/li>\n<li>Ch\u1ee9ng nh\u1eadn trong n\u01b0\u1edbc: b\u1ea3n c\u00f4ng b\u1ed1 ch\u1ea5t l\u01b0\u1ee3ng t\u1eebng s\u1ea3n ph\u1ea9m, ch\u1ee9ng nh\u1eadn s\u1ea3n ph\u1ea9m vi\u1ec7n da li\u1ec5u TW khuy\u00ean d\u00f9ng, gi\u1ea5y ph\u00e9p l\u01b0u h\u00e0nh s\u1ea3n ph\u1ea9m,\u2026<\/li>\n<\/ul>\n","protected":false},"excerpt":{"rendered":"<ul>\n<li>\n<ul>\n<li><strong>C\u00f4ng d\u1ee5ng<\/strong>: Th\u1ea3i \u0111\u1ed9c da, th\u00fac \u0111\u1ea9y m\u1ea1nh m\u1ebd qu\u00e1 tr\u00ecnh t\u00e1i t\u1ea1o t\u1ebf b\u00e0o. T\u0103ng c\u01b0\u1eddng kh\u1ea3 n\u0103ng mi\u1ec5n d\u1ecbch cho da. K\u00edch ho\u1ea1t l\u01b0u th\u00f4ng huy\u1ebft<\/li>\n<\/ul>\n<ul>\n<li><strong>Dung t\u00edch<\/strong>: 25ml\/ Chai<\/li>\n<li><strong>Th\u01b0\u01a1ng hi\u1ec7u<\/strong>:\u00a0Edally EX<\/li>\n<li><strong>Nh\u00e0 s\u1ea3n xu\u1ea5t<\/strong>: Coreana Cosmetics Co., Ltd.<\/li>\n<li><strong>Xu\u1ea5t x\u1ee9<\/strong>: H\u00e0n Qu\u1ed1c<\/li>\n<\/ul>\n<\/li>\n<\/ul>\n","protected":false},"featured_media":1222,"comment_status":"open","ping_status":"closed","template":"","meta":{"site-sidebar-layout":"default","site-content-layout":"","ast-site-content-layout":"default","site-content-style":"default","site-sidebar-style":"default","ast-global-header-display":"","ast-banner-title-visibility":"","ast-main-header-display":"","ast-hfb-above-header-display":"","ast-hfb-below-header-display":"","ast-hfb-mobile-header-display":"","site-post-title":"","ast-breadcrumbs-content":"","ast-featured-img":"","footer-sml-layout":"","theme-transparent-header-meta":"","adv-header-id-meta":"","stick-header-meta":"","header-above-stick-meta":"","header-main-stick-meta":"","header-below-stick-meta":"","astra-migrate-meta-layouts":"default","ast-page-background-enabled":"default","ast-page-background-meta":{"desktop":{"background-color":"var(--ast-global-color-5)","background-image":"","background-repeat":"repeat","background-position":"center center","background-size":"auto","background-attachment":"scroll","background-type":"","background-media":"","overlay-type":"","overlay-color":"","overlay-opacity":"","overlay-gradient":""},"tablet":{"background-color":"","background-image":"","background-repeat":"repeat","background-position":"center center","background-size":"auto","background-attachment":"scroll","background-type":"","background-media":"","overlay-type":"","overlay-color":"","overlay-opacity":"","overlay-gradient":""},"mobile":{"background-color":"","background-image":"","background-repeat":"repeat","background-position":"center center","background-size":"auto","background-attachment":"scroll","background-type":"","background-media":"","overlay-type":"","overlay-color":"","overlay-opacity":"","overlay-gradient":""}},"ast-content-background-meta":{"desktop":{"background-color":"var(--ast-global-color-4)","background-image":"","background-repeat":"repeat","background-position":"center center","background-size":"auto","background-attachment":"scroll","background-type":"","background-media":"","overlay-type":"","overlay-color":"","overlay-opacity":"","overlay-gradient":""},"tablet":{"background-color":"var(--ast-global-color-4)","background-image":"","background-repeat":"repeat","background-position":"center center","background-size":"auto","background-attachment":"scroll","background-type":"","background-media":"","overlay-type":"","overlay-color":"","overlay-opacity":"","overlay-gradient":""},"mobile":{"background-color":"var(--ast-global-color-4)","background-image":"","background-repeat":"repeat","background-position":"center center","background-size":"auto","background-attachment":"scroll","background-type":"","background-media":"","overlay-type":"","overlay-color":"","overlay-opacity":"","overlay-gradient":""}}},"product_brand":[119],"product_cat":[18,298,118,17,291],"product_tag":[],"class_list":{"0":"post-1151","1":"product","2":"type-product","3":"status-publish","4":"has-post-thumbnail","6":"product_brand-edally","7":"product_cat-cham-soc-da-mat","8":"product_cat-cham-soc-da-mat-sac-dep","9":"product_cat-edally-ex","10":"product_cat-my-pham","11":"product_cat-sac-dep","12":"desktop-align-left","13":"tablet-align-left","14":"mobile-align-left","16":"first","17":"instock","18":"sale","19":"taxable","20":"shipping-taxable","21":"purchasable","22":"product-type-simple"},"_links":{"self":[{"href":"https:\/\/omewa.online\/index.php\/wp-json\/wp\/v2\/product\/1151","targetHints":{"allow":["GET"]}}],"collection":[{"href":"https:\/\/omewa.online\/index.php\/wp-json\/wp\/v2\/product"}],"about":[{"href":"https:\/\/omewa.online\/index.php\/wp-json\/wp\/v2\/types\/product"}],"replies":[{"embeddable":true,"href":"https:\/\/omewa.online\/index.php\/wp-json\/wp\/v2\/comments?post=1151"}],"wp:featuredmedia":[{"embeddable":true,"href":"https:\/\/omewa.online\/index.php\/wp-json\/wp\/v2\/media\/1222"}],"wp:attachment":[{"href":"https:\/\/omewa.online\/index.php\/wp-json\/wp\/v2\/media?parent=1151"}],"wp:term":[{"taxonomy":"product_brand","embeddable":true,"href":"https:\/\/omewa.online\/index.php\/wp-json\/wp\/v2\/product_brand?post=1151"},{"taxonomy":"product_cat","embeddable":true,"href":"https:\/\/omewa.online\/index.php\/wp-json\/wp\/v2\/product_cat?post=1151"},{"taxonomy":"product_tag","embeddable":true,"href":"https:\/\/omewa.online\/index.php\/wp-json\/wp\/v2\/product_tag?post=1151"}],"curies":[{"name":"wp","href":"https:\/\/api.w.org\/{rel}","templated":true}]}}