{"id":1150,"date":"2025-11-01T18:18:27","date_gmt":"2025-11-01T18:18:27","guid":{"rendered":"https:\/\/omewa.online\/?post_type=product&#038;p=1150"},"modified":"2025-12-13T03:46:33","modified_gmt":"2025-12-13T03:46:33","slug":"kem-duong-tai-tao-phuc-hoi-edally-ex-nhap-khau-han-quoc","status":"publish","type":"product","link":"https:\/\/omewa.online\/index.php\/product\/kem-duong-tai-tao-phuc-hoi-edally-ex-nhap-khau-han-quoc\/","title":{"rendered":"Kem d\u01b0\u1ee1ng t\u00e1i t\u1ea1o, ph\u1ee5c h\u1ed3i Edally EX nh\u1eadp kh\u1ea9u H\u00e0n Qu\u1ed1c"},"content":{"rendered":"<p data-start=\"300\" data-end=\"533\"><strong data-start=\"300\" data-end=\"323\">1. \u0110\u1eb7c \u0111i\u1ec3m n\u1ed5i b\u1eadt<\/strong><br data-start=\"323\" data-end=\"326\" \/>Kem d\u01b0\u1ee1ng t\u00e1i sinh ph\u1ee5c h\u1ed3i Edally EX l\u00e0 s\u1ea3n ph\u1ea9m ti\u00eau bi\u1ec3u c\u1ee7a th\u01b0\u01a1ng hi\u1ec7u Edally EX, h\u1ed7 tr\u1ee3 ch\u0103m s\u00f3c v\u00e0 c\u1ea3i thi\u1ec7n t\u00ecnh tr\u1ea1ng n\u00e1m, t\u00e0n nhang, \u0111\u1ed3ng th\u1eddi gi\u00fap ph\u1ee5c h\u1ed3i v\u00e0 duy tr\u00ec l\u00e0n da kh\u1ecfe m\u1ea1nh, t\u01b0\u01a1i tr\u1ebb.<\/p>\n<p data-start=\"535\" data-end=\"749\">S\u1ea3n ph\u1ea9m ch\u1ee9a h\u01a1n 30 lo\u1ea1i kho\u00e1ng ch\u1ea5t t\u1ef1 nhi\u00ean gi\u00fap b\u1ed5 sung d\u01b0\u1ee1ng ch\u1ea5t, h\u1ed7 tr\u1ee3 l\u00e0m m\u1edd n\u1ebfp nh\u0103n, c\u1ea3i thi\u1ec7n t\u00ecnh tr\u1ea1ng da thi\u1ebfu s\u0103n ch\u1eafc. \u0110\u1ed3ng th\u1eddi, t\u0103ng c\u01b0\u1eddng kh\u1ea3 n\u0103ng t\u00e1i t\u1ea1o, mang l\u1ea1i c\u1ea3m gi\u00e1c m\u1ecbn m\u00e0ng, r\u1ea1ng r\u1ee1.<\/p>\n<p data-start=\"751\" data-end=\"940\">Edally EX \u0111\u01b0\u1ee3c s\u1ea3n xu\u1ea5t t\u1ea1i hai nh\u00e0 m\u00e1y h\u00e0ng \u0111\u1ea7u H\u00e0n Qu\u1ed1c: <strong data-start=\"810\" data-end=\"820\">Cosmax<\/strong> v\u00e0 <strong data-start=\"824\" data-end=\"835\">Coreana<\/strong>, \u1ee9ng d\u1ee5ng c\u00f4ng ngh\u1ec7 <strong data-start=\"856\" data-end=\"875\">Neocell Science<\/strong> \u2013 gi\u00fap d\u01b0\u1ee1ng ch\u1ea5t th\u1ea5m s\u00e2u v\u00e0o da, n\u00e2ng cao hi\u1ec7u qu\u1ea3 ch\u0103m s\u00f3c.<\/p>\n<p data-start=\"942\" data-end=\"1073\">M\u1ed7i s\u1ea3n ph\u1ea9m \u0111\u1ec1u \u0111\u01b0\u1ee3c s\u1ea3n xu\u1ea5t tr\u00ean d\u00e2y chuy\u1ec1n hi\u1ec7n \u0111\u1ea1i, l\u1ef1a ch\u1ecdn nguy\u00ean li\u1ec7u \u0111\u1ea1t chu\u1ea9n qu\u1ed1c t\u1ebf tr\u01b0\u1edbc khi \u0111\u01b0a \u0111\u1ebfn tay ng\u01b0\u1eddi d\u00f9ng.<\/p>\n<hr data-start=\"1075\" data-end=\"1078\" \/>\n<p data-start=\"1080\" data-end=\"1234\"><strong data-start=\"1080\" data-end=\"1103\">2. Th\u00e0nh ph\u1ea7n ch\u00ednh<\/strong><br data-start=\"1103\" data-end=\"1106\" \/>Kem d\u01b0\u1ee1ng Edally EX k\u1ebft h\u1ee3p chi\u1ebft xu\u1ea5t thi\u00ean nhi\u00ean v\u00e0 c\u00f4ng ngh\u1ec7 Neocell Science, gi\u00fap \u0111\u01b0a d\u01b0\u1ee1ng ch\u1ea5t v\u00e0o s\u00e2u b\u00ean trong l\u00e0n da.<\/p>\n<ul data-start=\"1236\" data-end=\"1741\">\n<li data-start=\"1236\" data-end=\"1347\">\n<p data-start=\"1238\" data-end=\"1347\"><strong data-start=\"1238\" data-end=\"1315\">Chi\u1ebft xu\u1ea5t rong nho bi\u1ec3n, c\u1ecf x\u1ea1 h\u01b0\u01a1ng, hoa t\u1eed \u0111inh h\u01b0\u01a1ng, hoa nhung tuy\u1ebft<\/strong>: H\u1ed7 tr\u1ee3 c\u1ea5p \u1ea9m v\u00e0 l\u00e0m d\u1ecbu da.<\/p>\n<\/li>\n<li data-start=\"1348\" data-end=\"1409\">\n<p data-start=\"1350\" data-end=\"1409\"><strong data-start=\"1350\" data-end=\"1373\">Hydrolyzed Collagen<\/strong>: Gi\u00fap da tr\u00f4ng s\u0103n ch\u1eafc, \u0111\u00e0n h\u1ed3i.<\/p>\n<\/li>\n<li data-start=\"1410\" data-end=\"1453\">\n<p data-start=\"1412\" data-end=\"1453\"><strong data-start=\"1412\" data-end=\"1424\">Glycerin<\/strong>: D\u01b0\u1ee1ng \u1ea9m, h\u1ea1n ch\u1ebf kh\u00f4 da.<\/p>\n<\/li>\n<li data-start=\"1454\" data-end=\"1510\">\n<p data-start=\"1456\" data-end=\"1510\"><strong data-start=\"1456\" data-end=\"1471\">Niacinamide<\/strong>: Gi\u00fap c\u1ea3i thi\u1ec7n s\u1eafc da, l\u00e0m \u0111\u1ec1u m\u00e0u.<\/p>\n<\/li>\n<li data-start=\"1511\" data-end=\"1575\">\n<p data-start=\"1513\" data-end=\"1575\"><strong data-start=\"1513\" data-end=\"1526\">Adenosine<\/strong>: H\u1ed7 tr\u1ee3 gi\u1ea3m s\u1ef1 h\u00ecnh th\u00e0nh h\u1eafc s\u1eafc t\u1ed1 Melanin.<\/p>\n<\/li>\n<li data-start=\"1576\" data-end=\"1741\">\n<p data-start=\"1578\" data-end=\"1741\"><strong data-start=\"1578\" data-end=\"1637\">Lecithin, chi\u1ebft xu\u1ea5t hoa h\u01b0\u1edbng d\u01b0\u01a1ng, c\u1ee7 c\u1ea3i \u0111\u01b0\u1eddng, ng\u00f4<\/strong> v\u00e0 c\u00e1c amino acid (Glycine, Glutamine, Lysine, Arginine, Tyrosine): B\u1ed5 sung d\u01b0\u1ee1ng ch\u1ea5t nu\u00f4i d\u01b0\u1ee1ng da.<\/p>\n<\/li>\n<\/ul>\n<hr data-start=\"1743\" data-end=\"1746\" \/>\n<p data-start=\"1748\" data-end=\"1766\"><strong data-start=\"1748\" data-end=\"1764\">3. C\u00f4ng d\u1ee5ng<\/strong><\/p>\n<ul data-start=\"1767\" data-end=\"2045\">\n<li data-start=\"1767\" data-end=\"1833\">\n<p data-start=\"1769\" data-end=\"1833\">H\u1ed7 tr\u1ee3 c\u1ea3i thi\u1ec7n t\u00ecnh tr\u1ea1ng n\u00e1m m\u1ea3ng, t\u00e0n nhang v\u00e0 da x\u1ec9n m\u00e0u.<\/p>\n<\/li>\n<li data-start=\"1834\" data-end=\"1881\">\n<p data-start=\"1836\" data-end=\"1881\">Cung c\u1ea5p v\u00e0 duy tr\u00ec \u0111\u1ed9 \u1ea9m, gi\u00fap da m\u1ec1m m\u1ecbn.<\/p>\n<\/li>\n<li data-start=\"1882\" data-end=\"1924\">\n<p data-start=\"1884\" data-end=\"1924\">B\u1ed5 sung Collagen gi\u00fap l\u00e0n da s\u0103n ch\u1eafc.<\/p>\n<\/li>\n<li data-start=\"1925\" data-end=\"1975\">\n<p data-start=\"1927\" data-end=\"1975\">H\u1ed7 tr\u1ee3 b\u1ea3o v\u1ec7 da tr\u01b0\u1edbc t\u00e1c \u0111\u1ed9ng t\u1eeb m\u00f4i tr\u01b0\u1eddng.<\/p>\n<\/li>\n<li data-start=\"1976\" data-end=\"2045\">\n<p data-start=\"1978\" data-end=\"2045\">\u1ee8ng d\u1ee5ng c\u00f4ng ngh\u1ec7 Neocell Science gi\u00fap d\u01b0\u1ee1ng ch\u1ea5t th\u1ea9m th\u1ea5u s\u00e2u.<\/p>\n<\/li>\n<\/ul>\n<hr data-start=\"2047\" data-end=\"2050\" \/>\n<p data-start=\"2052\" data-end=\"2078\"><strong data-start=\"2052\" data-end=\"2076\">4. H\u01b0\u1edbng d\u1eabn s\u1eed d\u1ee5ng<\/strong><\/p>\n<ol data-start=\"2079\" data-end=\"2248\">\n<li data-start=\"2079\" data-end=\"2154\">\n<p data-start=\"2082\" data-end=\"2154\">L\u1ea5y l\u01b0\u1ee3ng kem v\u1eeba \u0111\u1ee7, ch\u1ea5m l\u00ean 5 \u0111i\u1ec3m tr\u00ean m\u1eb7t (tr\u00e1n, 2 m\u00e1, m\u0169i, c\u1eb1m).<\/p>\n<\/li>\n<li data-start=\"2155\" data-end=\"2207\">\n<p data-start=\"2158\" data-end=\"2207\">Thoa nh\u1eb9 t\u1eeb trong ra ngo\u00e0i, t\u1eeb tr\u00ean xu\u1ed1ng d\u01b0\u1edbi.<\/p>\n<\/li>\n<li data-start=\"2208\" data-end=\"2248\">\n<p data-start=\"2211\" data-end=\"2248\">Massage nh\u1eb9 \u0111\u1ec3 d\u01b0\u1ee1ng ch\u1ea5t th\u1ea5m \u0111\u1ec1u.<\/p>\n<\/li>\n<\/ol>\n<p data-start=\"2250\" data-end=\"2359\">S\u1eed d\u1ee5ng 1\u20132 l\u1ea7n\/ng\u00e0y v\u00e0o bu\u1ed5i s\u00e1ng v\u00e0 t\u1ed1i, sau c\u00e1c b\u01b0\u1edbc: t\u1ea9y trang \u2013 r\u1eeda m\u1eb7t \u2013 t\u1ea9y da ch\u1ebft \u2013 n\u01b0\u1edbc hoa h\u1ed3ng.<\/p>\n<p data-start=\"2361\" data-end=\"2373\"><strong data-start=\"2361\" data-end=\"2371\">L\u01b0u \u00fd:<\/strong><\/p>\n<ul data-start=\"2374\" data-end=\"2539\">\n<li data-start=\"2374\" data-end=\"2418\">\n<p data-start=\"2376\" data-end=\"2418\">Kh\u00f4ng thoa l\u00ean v\u00f9ng da c\u00f3 v\u1ebft th\u01b0\u01a1ng h\u1edf.<\/p>\n<\/li>\n<li data-start=\"2419\" data-end=\"2468\">\n<p data-start=\"2421\" data-end=\"2468\">Tr\u00e1nh \u0111\u1ec3 s\u1ea3n ph\u1ea9m ti\u1ebfp x\u00fac tr\u1ef1c ti\u1ebfp v\u1edbi m\u1eaft.<\/p>\n<\/li>\n<li data-start=\"2469\" data-end=\"2539\">\n<p data-start=\"2471\" data-end=\"2539\">B\u1ea3o qu\u1ea3n n\u01a1i kh\u00f4 m\u00e1t, tr\u00e1nh \u00e1nh n\u1eafng tr\u1ef1c ti\u1ebfp, xa t\u1ea7m tay tr\u1ebb em.<\/p>\n<\/li>\n<\/ul>\n<hr data-start=\"2541\" data-end=\"2544\" \/>\n<p data-start=\"2546\" data-end=\"2573\"><strong data-start=\"2546\" data-end=\"2571\">5. Th\u00f4ng tin s\u1ea3n ph\u1ea9m<\/strong><\/p>\n<ul data-start=\"2574\" data-end=\"2887\">\n<li data-start=\"2574\" data-end=\"2635\">\n<p data-start=\"2576\" data-end=\"2635\">S\u1ea3n xu\u1ea5t t\u1ea1i: <strong data-start=\"2590\" data-end=\"2621\">Coreana Cosmetics Co., Ltd.<\/strong> \u2013 H\u00e0n Qu\u1ed1c.<\/p>\n<\/li>\n<li data-start=\"2636\" data-end=\"2713\">\n<p data-start=\"2638\" data-end=\"2713\">C\u00f4ng ngh\u1ec7: <strong data-start=\"2649\" data-end=\"2668\">Neocell Science<\/strong> \u2013 h\u1ed7 tr\u1ee3 \u0111\u01b0a d\u01b0\u1ee1ng ch\u1ea5t v\u00e0o s\u00e2u l\u1edbp h\u1ea1 b\u00ec.<\/p>\n<\/li>\n<li data-start=\"2714\" data-end=\"2781\">\n<p data-start=\"2716\" data-end=\"2781\">Th\u00e0nh ph\u1ea7n: Chi\u1ebft xu\u1ea5t t\u1eeb nguy\u00ean li\u1ec7u \u0111\u01b0\u1ee3c tuy\u1ec3n ch\u1ecdn k\u1ef9 l\u01b0\u1ee1ng.<\/p>\n<\/li>\n<li data-start=\"2782\" data-end=\"2887\">\n<p data-start=\"2784\" data-end=\"2887\">Gi\u1ea5y t\u1edd: \u0110\u1ea7y \u0111\u1ee7 ch\u1ee9ng nh\u1eadn nh\u1eadp kh\u1ea9u, tem ch\u1ed1ng gi\u1ea3, c\u00f4ng b\u1ed1 ch\u1ea5t l\u01b0\u1ee3ng, gi\u1ea5y ph\u00e9p l\u01b0u h\u00e0nh s\u1ea3n ph\u1ea9m.<\/p>\n<\/li>\n<\/ul>\n","protected":false},"excerpt":{"rendered":"<ul>\n<li><strong>C\u00f4ng d\u1ee5ng<\/strong>: Th\u00fac \u0111\u1ea9y qu\u00e1 tr\u00ecnh s\u1ea3n sinh Collagen v\u00e0 Elastin \u0111\u1ed3ng th\u1eddi t\u00e1i t\u1ea1o t\u1ebf b\u00e0o, nhanh ch\u00f3ng \u0111\u00e0o th\u1ea3i c\u00e1c t\u1ebf b\u00e0o l\u1ed7i h\u1ecfng l\u00ean b\u1ec1 m\u1eb7t da. C\u1ea3i thi\u1ec7n n\u00e1m m\u1ea3ng m\u1edbi, n\u00e1m m\u1ea3ng sau sinh, m\u1ee5n \u1ea9n hi\u1ec7u qu\u1ea3, ph\u1ee5c h\u1ed3i l\u00e0n da b\u1ecb t\u1ed5n th\u01b0\u01a1ng, l\u00e0m \u0111\u1ea7y c\u00e1c r\u00e3nh nh\u0103n \u0111\u1eb7c bi\u1ec7t hi\u1ec7u qu\u1ea3 cho ph\u1ee5 n\u1eef tu\u1ed5i 30+<\/li>\n<li><strong>Quy c\u00e1ch<\/strong>: H\u1ed9p 1 s\u1ea3n ph\u1ea9m\/ 50 ml<\/li>\n<li><strong>Th\u01b0\u01a1ng hi\u1ec7u<\/strong>:\u00a0Edally EX<\/li>\n<li><strong>Nh\u00e0 s\u1ea3n xu\u1ea5t<\/strong>: Coreana Cosmetics Co., Ltd.<\/li>\n<li><strong>Xu\u1ea5t x\u1ee9<\/strong>: H\u00e0n Qu\u1ed1c<\/li>\n<\/ul>\n","protected":false},"featured_media":1218,"comment_status":"open","ping_status":"closed","template":"","meta":{"site-sidebar-layout":"default","site-content-layout":"","ast-site-content-layout":"default","site-content-style":"default","site-sidebar-style":"default","ast-global-header-display":"","ast-banner-title-visibility":"","ast-main-header-display":"","ast-hfb-above-header-display":"","ast-hfb-below-header-display":"","ast-hfb-mobile-header-display":"","site-post-title":"","ast-breadcrumbs-content":"","ast-featured-img":"","footer-sml-layout":"","theme-transparent-header-meta":"","adv-header-id-meta":"","stick-header-meta":"","header-above-stick-meta":"","header-main-stick-meta":"","header-below-stick-meta":"","astra-migrate-meta-layouts":"default","ast-page-background-enabled":"default","ast-page-background-meta":{"desktop":{"background-color":"var(--ast-global-color-5)","background-image":"","background-repeat":"repeat","background-position":"center center","background-size":"auto","background-attachment":"scroll","background-type":"","background-media":"","overlay-type":"","overlay-color":"","overlay-opacity":"","overlay-gradient":""},"tablet":{"background-color":"","background-image":"","background-repeat":"repeat","background-position":"center center","background-size":"auto","background-attachment":"scroll","background-type":"","background-media":"","overlay-type":"","overlay-color":"","overlay-opacity":"","overlay-gradient":""},"mobile":{"background-color":"","background-image":"","background-repeat":"repeat","background-position":"center center","background-size":"auto","background-attachment":"scroll","background-type":"","background-media":"","overlay-type":"","overlay-color":"","overlay-opacity":"","overlay-gradient":""}},"ast-content-background-meta":{"desktop":{"background-color":"var(--ast-global-color-4)","background-image":"","background-repeat":"repeat","background-position":"center center","background-size":"auto","background-attachment":"scroll","background-type":"","background-media":"","overlay-type":"","overlay-color":"","overlay-opacity":"","overlay-gradient":""},"tablet":{"background-color":"var(--ast-global-color-4)","background-image":"","background-repeat":"repeat","background-position":"center center","background-size":"auto","background-attachment":"scroll","background-type":"","background-media":"","overlay-type":"","overlay-color":"","overlay-opacity":"","overlay-gradient":""},"mobile":{"background-color":"var(--ast-global-color-4)","background-image":"","background-repeat":"repeat","background-position":"center center","background-size":"auto","background-attachment":"scroll","background-type":"","background-media":"","overlay-type":"","overlay-color":"","overlay-opacity":"","overlay-gradient":""}}},"product_brand":[119],"product_cat":[18,298,118,17,291],"product_tag":[],"class_list":{"0":"post-1150","1":"product","2":"type-product","3":"status-publish","4":"has-post-thumbnail","6":"product_brand-edally","7":"product_cat-cham-soc-da-mat","8":"product_cat-cham-soc-da-mat-sac-dep","9":"product_cat-edally-ex","10":"product_cat-my-pham","11":"product_cat-sac-dep","12":"desktop-align-left","13":"tablet-align-left","14":"mobile-align-left","16":"first","17":"instock","18":"sale","19":"taxable","20":"shipping-taxable","21":"purchasable","22":"product-type-simple"},"_links":{"self":[{"href":"https:\/\/omewa.online\/index.php\/wp-json\/wp\/v2\/product\/1150","targetHints":{"allow":["GET"]}}],"collection":[{"href":"https:\/\/omewa.online\/index.php\/wp-json\/wp\/v2\/product"}],"about":[{"href":"https:\/\/omewa.online\/index.php\/wp-json\/wp\/v2\/types\/product"}],"replies":[{"embeddable":true,"href":"https:\/\/omewa.online\/index.php\/wp-json\/wp\/v2\/comments?post=1150"}],"wp:featuredmedia":[{"embeddable":true,"href":"https:\/\/omewa.online\/index.php\/wp-json\/wp\/v2\/media\/1218"}],"wp:attachment":[{"href":"https:\/\/omewa.online\/index.php\/wp-json\/wp\/v2\/media?parent=1150"}],"wp:term":[{"taxonomy":"product_brand","embeddable":true,"href":"https:\/\/omewa.online\/index.php\/wp-json\/wp\/v2\/product_brand?post=1150"},{"taxonomy":"product_cat","embeddable":true,"href":"https:\/\/omewa.online\/index.php\/wp-json\/wp\/v2\/product_cat?post=1150"},{"taxonomy":"product_tag","embeddable":true,"href":"https:\/\/omewa.online\/index.php\/wp-json\/wp\/v2\/product_tag?post=1150"}],"curies":[{"name":"wp","href":"https:\/\/api.w.org\/{rel}","templated":true}]}}