{"id":1149,"date":"2025-11-01T18:18:27","date_gmt":"2025-11-01T18:18:27","guid":{"rendered":"https:\/\/omewa.online\/?post_type=product&#038;p=1149"},"modified":"2026-04-15T21:55:20","modified_gmt":"2026-04-15T20:55:20","slug":"sua-duong-tai-sinh-phuc-hoi-edally-ex-nhap-khau-han-quoc","status":"publish","type":"product","link":"https:\/\/omewa.online\/index.php\/product\/sua-duong-tai-sinh-phuc-hoi-edally-ex-nhap-khau-han-quoc\/","title":{"rendered":"S\u1eefa d\u01b0\u1ee1ng t\u00e1i sinh, ph\u1ee5c h\u1ed3i Edally EX nh\u1eadp kh\u1ea9u H\u00e0n Qu\u1ed1c"},"content":{"rendered":"<h2 id=\"1._gioi_thieu_vesua_duong_ti_sinh_phuc_hoi_edally_ex_hn_quoc\">1. \u0110\u1eb7c \u0111i\u1ec3m n\u1ed5i b\u1eadt<\/h2>\n<p dir=\"ltr\" role=\"presentation\">S\u1eefa d\u01b0\u1ee1ng t\u00e1i sinh ph\u1ee5c h\u1ed3i Edally EX H\u00e0n Qu\u1ed1c l\u00e0 s\u1ea3n ph\u1ea9m thu\u1ed9c d\u00f2ng Rejuvenating Essential Skin Care s\u1eed d\u1ee5ng c\u00f4ng ngh\u1ec7 NeoCell Science v\u00e0 th\u00e0nh ph\u1ea7n gi\u00e0u d\u01b0\u1ee1ng ch\u1ea5t mang \u0111\u1ebfn s\u1ee9c s\u1ed1ng m\u1edbi cho l\u00e0n da.<\/p>\n<p dir=\"ltr\" role=\"presentation\">S\u1ea3n ph\u1ea9m ch\u1ee9a Collagen th\u1ee7y ph\u00e2n, Allantoin, Glycerin v\u00e0 nhi\u1ec1u th\u00e0nh ph\u1ea7n chi\u1ebft xu\u1ea5t t\u1eeb t\u1ef1 nhi\u00ean nh\u01b0 d\u1ea7u h\u1ea1t h\u01b0\u1edbng d\u01b0\u01a1ng, chi\u1ebft xu\u1ea5t rau sam c\u00f3 c\u00f4ng d\u1ee5ng b\u1ed5 sung n\u01b0\u1edbc, Collagen t\u1ef1 nhi\u00ean, lo\u1ea1i b\u1ecf l\u00e0n da th\u00f4 r\u00e1p, nh\u0103n nheo, ch\u1ea3y x\u1ec7,\u00a0t\u0103ng c\u01b0\u1eddng kh\u1ea3 n\u0103ng d\u01b0\u1ee1ng \u1ea9m v\u00e0 thanh l\u1ecdc da, kh\u00f4i ph\u1ee5c v\u1ebb tr\u1eafng s\u00e1ng, r\u1ea1ng ng\u1eddi \u0111\u1ed3ng th\u1eddi c\u00e2n b\u1eb1ng l\u01b0\u1ee3ng d\u1ea7u v\u00e0 n\u01b0\u1edbc \u0111\u1ec3 l\u00e0n da lu\u00f4n m\u1ecbn m\u00e0ng, t\u01b0\u01a1i tr\u1ebb,\u00a0b\u1ea3o v\u1ec7 da kh\u1ecfi c\u00e1c t\u00e1c h\u1ea1i c\u1ee7a m\u00f4i tr\u01b0\u1eddng.<\/p>\n<h3><img fetchpriority=\"high\" decoding=\"async\" class=\"aligncenter size-full wp-image-569\" src=\"https:\/\/edallyvietnam.vn\/wp-content\/uploads\/2023\/02\/sua-duong-tai-sinh-phuc-hoi-edally-ex-han-quoc-doi-net.jpg\" alt=\"Sua Duong Tai Sinh Phuc Hoi Edally Ex Han Quoc Doi Net\" width=\"640\" height=\"480\" \/><\/h3>\n<h2 id=\"2._thnh_phan_cua_sua_duong_ti_sinh_phuc_hoi_edally_ex_hn_quoc\">2. Th\u00e0nh ph\u1ea7n chi\u1ebft xu\u1ea5t<\/h2>\n<ul>\n<li>Chi\u1ebft xu\u1ea5t rong nho bi\u1ec3n, c\u1ecf x\u1ea1 h\u01b0\u01a1ng, hoa t\u1eed \u0111inh h\u01b0\u01a1ng, hoa nhung tuy\u1ebft, tinh d\u1ea7u h\u1ea1t h\u01b0\u1edbng d\u01b0\u01a1ng, rau sam, Lysine, Arginine, Tyrosine, Threonine, Proline, \u2026<\/li>\n<li>Chi\u1ebft xu\u1ea5t rong nho bi\u1ec3n ch\u1ee9a n\u01b0\u1edbc, mu\u1ed1i kho\u00e1ng v\u00e0 nhi\u1ec1u ch\u1ea5t dinh d\u01b0\u1ee1ng, \u0111\u1eb7c bi\u1ec7t l\u00e0 ngu\u1ed3n vitamin A, C d\u1ed3i d\u00e0o\u2026 gi\u00fap da s\u0103n ch\u1eafc, tr\u1eafng m\u1ecbn, t\u1ea1o \u0111\u1ed9 \u1ea9m tr\u00ean da gi\u00fap da d\u1ec5 \u0111\u00e0n h\u1ed3i, gi\u1ea3m b\u1edbt n\u1ebfp nh\u0103n.<\/li>\n<li>Chi\u1ebft xu\u1ea5t d\u1ea7u h\u1ea1t h\u01b0\u1edbng d\u01b0\u01a1ng ch\u1ee9a vitamin A,E, Lecithin mang l\u1ea1i hi\u1ec7u qu\u1ea3 d\u01b0\u1ee1ng \u1ea9m \u01b0u vi\u1ec7t.<\/li>\n<li>Chi\u1ebft xu\u1ea5t rau sam gi\u00e0u ch\u1ea5t dinh d\u01b0\u1ee1ng, c\u00e1c acid b\u00e9o kh\u00f4ng no v\u00e0 ch\u1ea5t ch\u1ed1ng oxy h\u00f3a gi\u00fap l\u00e0m d\u1ecbu nh\u1eb9 l\u00e0n da.<\/li>\n<li>Chi\u1ebft xu\u1ea5t hoa nhung tuy\u1ebft gi\u00fap t\u0103ng kh\u1ea3 n\u0103ng b\u1ea3o v\u1ec7 da tr\u01b0\u1edbc tia c\u1ef1c t\u00edm, \u0111\u1ed3ng th\u1eddi ng\u0103n ng\u1eeba c\u00e1c d\u1ea5u hi\u1ec7u l\u00e3o h\u00f3a tr\u00ean da do t\u00e1c \u0111\u1ed9ng t\u1eeb c\u00e1c y\u1ebfu t\u1ed1 b\u00ean ngo\u00e0i.<\/li>\n<li>Chi\u1ebft xu\u1ea5t c\u1ecf x\u1ea1 h\u01b0\u01a1ng ch\u1ee9a h\u00e0m l\u01b0\u1ee3ng l\u1edbn c\u00e1c Vitamin A, C v\u00e0 Folate, nh\u1eefng ch\u1ea5t dinh d\u01b0\u1ee1ng ch\u1ed1ng l\u00e3o h\u00f3a m\u1ea1nh \u0111\u00f3ng vai tr\u00f2 quan tr\u1ecdng gi\u00fap l\u00e0n da m\u1ec1m m\u1ea1i, m\u1ecbn m\u00e0ng v\u00e0 t\u01b0\u01a1i tr\u1ebb.<\/li>\n<li>Chi\u1ebft xu\u1ea5t t\u1eed \u0111inh l\u0103ng: Ch\u1ee9a c\u00e1c th\u00e0nh ph\u1ea7n ch\u1ed1ng oxy h\u00f3a hi\u1ec7u qu\u1ea3, gi\u00fap da ng\u0103n ng\u1eeba c\u00e1c t\u1ed5n th\u01b0\u01a1ng t\u1eeb c\u00e1c t\u00e1c nh\u00e2n oxy h\u00f3a v\u00e0 tia c\u1ef1c t\u00edm gi\u00fap da kh\u1ecfe m\u1ea1nh, tr\u00e0n \u0111\u1ea7y s\u1ee9c s\u1ed1ng.<\/li>\n<\/ul>\n<p><img decoding=\"async\" class=\"aligncenter size-full wp-image-570\" src=\"https:\/\/edallyvietnam.vn\/wp-content\/uploads\/2023\/02\/thanh-phan-cua-sua-duong-tai-sinh-phuc-hoi-edally-ex-han-quoc-tp.jpg\" alt=\"Thanh Phan Cua Sua Duong Tai Sinh Phuc Hoi Edally Ex Han Quoc Tp\" width=\"640\" height=\"480\" \/><\/p>\n<h2 id=\"3._cng_dung_cua_sua_duong_ti_sinh_phuc_hoi_edally_ex_hn_quoc\">3. C\u00f4ng d\u1ee5ng v\u1edbi da<\/h2>\n<ul>\n<li>Gi\u1ea3i quy\u1ebft ngay t\u00ecnh tr\u1ea1ng da kh\u00f4, bong tr\u00f3c, n\u1ee9t n\u1ebb, x\u1ec9n m\u00e0u, da kh\u00f4ng \u0111\u1ec1u m\u00e0u. Cung c\u1ea5p \u0111\u1ed9 \u1ea9m v\u00e0 h\u00ecnh th\u00e0nh m\u00e0ng d\u01b0\u1ee1ng b\u1ea3o v\u1ec7 da, k\u00edch th\u00edch t\u0103ng sinh Collagen t\u1ef1 nhi\u00ean, gi\u1eef cho c\u1ea5u tr\u00fac n\u1ec1n c\u1ee7a da kh\u1ecfe m\u1ea1nh, lo\u1ea1i b\u1ecf c\u00e1c d\u1ea5u hi\u1ec7u l\u00e3o h\u00f3a da nh\u01b0: n\u00e1m, s\u1ea1m, n\u1ebfp nh\u0103n, v\u1ebft ch\u00e2n chim,\u2026<\/li>\n<li>Lo\u1ea1i b\u1ecf t\u00ecnh tr\u1ea1ng da kh\u00f4, bong tr\u00f3c, n\u1ee9t n\u1ebb, x\u1ec9n m\u00e0u: D\u1ea7u h\u1ea1t h\u01b0\u1edbng d\u01b0\u01a1ng ch\u1ee9a Vitamin A, E v\u00e0 Lecithin gi\u00fap t\u00e1i t\u1ea1o t\u1ebf b\u00e0o da m\u1edbi \u0111\u1ed3ng th\u1eddi c\u1ea5p n\u01b0\u1edbc, d\u01b0\u1ee1ng \u1ea9m hi\u1ec7u qu\u1ea3 cho da.<\/li>\n<li dir=\"ltr\" role=\"presentation\">H\u00ecnh th\u00e0nh m\u00e0ng d\u01b0\u1ee1ng \u1ea9m b\u1ea3o v\u1ec7 l\u00e0n da: C\u00e1c ch\u1ea5t c\u00f3 trong s\u1eefa d\u01b0\u1ee1ng nh\u01b0 Glycerin, chi\u1ebft xu\u1ea5t rong nho bi\u1ec3n t\u1ea1o m\u1ed9t l\u1edbp m\u00e0ng b\u1ea3o v\u1ec7 da, h\u1ea1n ch\u1ebf s\u1ef1 tho\u00e1t h\u01a1i n\u01b0\u1edbc tr\u00ean b\u1ec1 m\u1eb7t da, gi\u00fap da kh\u00f4ng b\u1ecb kh\u00f4, m\u1ea5t h\u01a1i n\u01b0\u1edbc v\u00e0 lu\u00f4n duy tr\u00ec \u0111\u1ed9 \u1ea9m, mang l\u1ea1i l\u00e0n da m\u1ecbn m\u00e0ng, \u1ea9m m\u01b0\u1ee3t.<\/li>\n<li dir=\"ltr\" role=\"presentation\">Gi\u00fap qu\u00e1 tr\u00ecnh t\u1ed5ng h\u1ee3p v\u00e0 t\u00e1i t\u1ea1o\u00a0Collagen\u00a0m\u1edbi c\u1ee7a da lu\u00f4n \u0111\u01b0\u1ee3c di\u1ec5n ra li\u00ean t\u1ee5c: Hydrolyzed\u00a0Collagen\u00a0c\u00f3 trong th\u00e0nh ph\u1ea7n c\u1ee7a s\u1eefa d\u01b0\u1ee1ng t\u00e1i sinh ph\u1ee5c h\u1ed3i Edally mang l\u1ea1i c\u00f4ng d\u1ee5ng tuy\u1ec7t v\u1eddi t\u1ea1o n\u00ean s\u1ef1 c\u0103ng m\u1ecbn, s\u0103n ch\u1eafc cho l\u00e0n da, vi\u1ec7c s\u1ea3n xu\u1ea5t Collagen li\u00ean t\u1ee5c gi\u00fap ng\u0103n ng\u1eeba hi\u1ec7n t\u01b0\u1ee3ng m\u1ea5t n\u01b0\u1edbc, gi\u1ea3m t\u1ed1i \u0111a s\u1ef1 xu\u1ea5t hi\u1ec7n c\u1ee7a c\u00e1c n\u1ebfp nh\u0103n tr\u00ean da. Ngo\u00e0i ra, n\u00f3 c\u00f2n gi\u00fap ng\u0103n ch\u1eb7n l\u00e3o h\u00f3a da, ph\u1ee5c h\u1ed3i \u0111\u1ed9 \u0111\u00e0n h\u1ed3i v\u00e0 l\u00e0m nh\u1ecf l\u1ed7 ch\u00e2n l\u00f4ng.<\/li>\n<\/ul>\n<p><img decoding=\"async\" class=\"aligncenter size-full wp-image-571\" src=\"https:\/\/edallyvietnam.vn\/wp-content\/uploads\/2023\/02\/sua-duong-tai-sinh-phuc-hoi-edally-ex-han-quoc-nhap-khau-chinh-hang-cd.jpg\" alt=\"Sua Duong Tai Sinh Phuc Hoi Edally Ex Han Quoc Nhap Khau Chinh Hang Cd\" width=\"640\" height=\"480\" \/><\/p>\n<h2 id=\"4._huong_dan_su_dung_sua_duong_ti_sinh_phuc_hoi_edally_ex_hn_quoc\">4. H\u01b0\u1edbng D\u1eabn S\u1eed D\u1ee5ng<\/h2>\n<ul>\n<li dir=\"ltr\" role=\"presentation\">L\u1ea5y m\u1ed9t l\u01b0\u1ee3ng v\u1eeba \u0111\u1ee7 ra tay, ch\u1ea5m \u0111\u1ec1u 5 \u0111i\u1ec3m tr\u00ean g\u01b0\u01a1ng m\u1eb7t (tr\u00e1n, m\u0169i, 2 b\u00ean m\u00e1, c\u1eb1m).<\/li>\n<li dir=\"ltr\" role=\"presentation\">Thoa nh\u1eb9 nh\u00e0ng t\u1eeb trong ra ngo\u00e0i v\u00e0 t\u1eeb d\u01b0\u1edbi l\u00ean tr\u00ean, v\u1ed7 nh\u1eb9 \u0111\u1ec3 s\u1eefa d\u01b0\u1ee1ng nhanh ch\u00f3ng th\u1ea9m th\u1ea5u v\u00e0o da.<\/li>\n<li dir=\"ltr\" role=\"presentation\">D\u00f9ng s\u1eefa d\u01b0\u1ee1ng t\u00e1i sinh ph\u1ee5c h\u1ed3i Edally EX H\u00e0n Qu\u1ed1c 2 l\u1ea7n\/ng\u00e0y v\u00e0o bu\u1ed5i s\u00e1ng v\u00e0 bu\u1ed5i t\u1ed1i, s\u1eed d\u1ee5ng sau b\u01b0\u1edbc T\u1ea9y trang, S\u1eefa r\u1eeda m\u1eb7t s\u1ea1ch s\u00e2u, Gen t\u1ea9y da ch\u1ebft, v\u00e0 N\u01b0\u1edbc hoa h\u1ed3ng.<\/li>\n<\/ul>\n<p><img loading=\"lazy\" decoding=\"async\" class=\"aligncenter size-full wp-image-572\" src=\"https:\/\/edallyvietnam.vn\/wp-content\/uploads\/2023\/02\/huong-dan-su-dung-sua-duong-tai-sinh-phuc-hoi-edally-ex-han-quoc-hdsd.jpg\" alt=\"Huong Dan Su Dung Sua Duong Tai Sinh Phuc Hoi Edally Ex Han Quoc Hdsd\" width=\"640\" height=\"480\" \/><\/p>\n<h2 id=\"5._cam_ket_v_bao_hnh_sua_duong_ti_sinh_phuc_hoi_edally_ex_hn_quoc\">5. Cam K\u1ebft T\u1eeb Edally Vi\u1ec7t Nam<\/h2>\n<ul>\n<li>C\u00f3 \u0111\u1ea7y \u0111\u1ee7 gi\u1ea5y t\u1edd ch\u1ee9ng nh\u1eadn nh\u1eadp kh\u1ea9u<\/li>\n<li>\u0110\u01b0\u1ee3c s\u1ea3n xu\u1ea5t t\u1ea1i nh\u00e0 m\u00e1y s\u1ed1 1 H\u00e0n Qu\u1ed1c:\u00a0Coreana Cosmetics Co., Ltd.<\/li>\n<li>C\u00f4ng ngh\u1ec7 \u0111\u1ed9c quy\u1ec1n\u00a0Neocell Science (th\u1ea9m th\u1ea5u t\u1ebf b\u00e0o \u0111\u1ed9t ph\u00e1)\u00a0gi\u00fap \u0111\u01b0a c\u00e1c d\u01b0\u1ee1ng ch\u1ea5t v\u00e0o s\u00e2u b\u00ean trong l\u1edbp h\u1ea1 b\u00ec m\u1ed9t c\u00e1ch d\u1ec5 d\u00e0ng kh\u00f4ng g\u00e2y nh\u1eddn r\u00edt, b\u1ebft, d\u00ednh da.<\/li>\n<li>\u0110\u01b0\u1ee3c chi\u1ebft xu\u1ea5t t\u1eeb ngu\u1ed3n nguy\u00ean li\u1ec7u qu\u00fd hi\u1ebfm.<\/li>\n<li>Ch\u1ee9ng nh\u1eadn uy t\u00edn, danh gi\u00e1 Qu\u1ed1c t\u1ebf:\u00a0ch\u1ee9ng nh\u1eadn\u00a0c\u1ee7a FDA (c\u1ee5c Qu\u1ea3n l\u00fd d\u01b0\u1ee3c v\u00e0 M\u1ef9 ph\u1ea9m Hoa K\u1ef3), Ecocert, KFDA\u2026 Edally EX \u0111\u1ec1u \u0111\u1ea1t \u0111\u01b0\u1ee3c.<\/li>\n<li>Ch\u1ee9ng nh\u1eadn trong n\u01b0\u1edbc: b\u1ea3n c\u00f4ng b\u1ed1 ch\u1ea5t l\u01b0\u1ee3ng t\u1eebng s\u1ea3n ph\u1ea9m, ch\u1ee9ng nh\u1eadn s\u1ea3n ph\u1ea9m vi\u1ec7n da li\u1ec5u TW khuy\u00ean d\u00f9ng, gi\u1ea5y ph\u00e9p l\u01b0u h\u00e0nh s\u1ea3n ph\u1ea9m,\u2026<\/li>\n<\/ul>\n","protected":false},"excerpt":{"rendered":"<ul>\n<li><strong>C\u00f4ng d\u1ee5ng<\/strong>: Gi\u1ea3i quy\u1ebft ngay t\u00ecnh tr\u1ea1ng da kh\u00f4, bong tr\u00f3c, n\u1ee9t n\u1ebb, x\u1ec9n m\u00e0u, kh\u00f4ng \u0111\u1ec1u m\u00e0u. Cung c\u1ea5p \u0111\u1ed9 \u1ea9m v\u00e0 h\u00ecnh th\u00e0nh m\u00e0ng d\u01b0\u1ee1ng b\u1ea3o v\u1ec7 da. K\u00edch th\u00edch t\u0103ng sinh collagen t\u1ef1 nhi\u00ean. Gi\u1eef cho c\u1ea5u tr\u00fac n\u1ec1n c\u1ee7a da kh\u1ecfe m\u1ea1nh.<\/li>\n<li><strong>Quy c\u00e1ch<\/strong>: H\u1ed9p 1 s\u1ea3n ph\u1ea9m\/ 150 ml<\/li>\n<li><strong>Th\u01b0\u01a1ng hi\u1ec7u<\/strong>:\u00a0Edally EX<\/li>\n<li><strong>Nh\u00e0 s\u1ea3n xu\u1ea5t<\/strong>:\u00a0Coreana Cosmetics Co., Ltd.<\/li>\n<li><strong>Xu\u1ea5t x\u1ee9<\/strong>: H\u00e0n Qu\u1ed1c<\/li>\n<\/ul>\n","protected":false},"featured_media":1215,"comment_status":"open","ping_status":"closed","template":"","meta":{"site-sidebar-layout":"default","site-content-layout":"","ast-site-content-layout":"default","site-content-style":"default","site-sidebar-style":"default","ast-global-header-display":"","ast-banner-title-visibility":"","ast-main-header-display":"","ast-hfb-above-header-display":"","ast-hfb-below-header-display":"","ast-hfb-mobile-header-display":"","site-post-title":"","ast-breadcrumbs-content":"","ast-featured-img":"","footer-sml-layout":"","theme-transparent-header-meta":"","adv-header-id-meta":"","stick-header-meta":"","header-above-stick-meta":"","header-main-stick-meta":"","header-below-stick-meta":"","astra-migrate-meta-layouts":"default","ast-page-background-enabled":"default","ast-page-background-meta":{"desktop":{"background-color":"var(--ast-global-color-5)","background-image":"","background-repeat":"repeat","background-position":"center center","background-size":"auto","background-attachment":"scroll","background-type":"","background-media":"","overlay-type":"","overlay-color":"","overlay-opacity":"","overlay-gradient":""},"tablet":{"background-color":"","background-image":"","background-repeat":"repeat","background-position":"center center","background-size":"auto","background-attachment":"scroll","background-type":"","background-media":"","overlay-type":"","overlay-color":"","overlay-opacity":"","overlay-gradient":""},"mobile":{"background-color":"","background-image":"","background-repeat":"repeat","background-position":"center center","background-size":"auto","background-attachment":"scroll","background-type":"","background-media":"","overlay-type":"","overlay-color":"","overlay-opacity":"","overlay-gradient":""}},"ast-content-background-meta":{"desktop":{"background-color":"var(--ast-global-color-4)","background-image":"","background-repeat":"repeat","background-position":"center center","background-size":"auto","background-attachment":"scroll","background-type":"","background-media":"","overlay-type":"","overlay-color":"","overlay-opacity":"","overlay-gradient":""},"tablet":{"background-color":"var(--ast-global-color-4)","background-image":"","background-repeat":"repeat","background-position":"center center","background-size":"auto","background-attachment":"scroll","background-type":"","background-media":"","overlay-type":"","overlay-color":"","overlay-opacity":"","overlay-gradient":""},"mobile":{"background-color":"var(--ast-global-color-4)","background-image":"","background-repeat":"repeat","background-position":"center center","background-size":"auto","background-attachment":"scroll","background-type":"","background-media":"","overlay-type":"","overlay-color":"","overlay-opacity":"","overlay-gradient":""}}},"product_brand":[119],"product_cat":[18,298,118,17,291],"product_tag":[],"class_list":{"0":"post-1149","1":"product","2":"type-product","3":"status-publish","4":"has-post-thumbnail","6":"product_brand-edally","7":"product_cat-cham-soc-da-mat","8":"product_cat-cham-soc-da-mat-sac-dep","9":"product_cat-edally-ex","10":"product_cat-my-pham","11":"product_cat-sac-dep","12":"desktop-align-left","13":"tablet-align-left","14":"mobile-align-left","16":"first","17":"instock","18":"sale","19":"taxable","20":"shipping-taxable","21":"purchasable","22":"product-type-simple"},"_links":{"self":[{"href":"https:\/\/omewa.online\/index.php\/wp-json\/wp\/v2\/product\/1149","targetHints":{"allow":["GET"]}}],"collection":[{"href":"https:\/\/omewa.online\/index.php\/wp-json\/wp\/v2\/product"}],"about":[{"href":"https:\/\/omewa.online\/index.php\/wp-json\/wp\/v2\/types\/product"}],"replies":[{"embeddable":true,"href":"https:\/\/omewa.online\/index.php\/wp-json\/wp\/v2\/comments?post=1149"}],"wp:featuredmedia":[{"embeddable":true,"href":"https:\/\/omewa.online\/index.php\/wp-json\/wp\/v2\/media\/1215"}],"wp:attachment":[{"href":"https:\/\/omewa.online\/index.php\/wp-json\/wp\/v2\/media?parent=1149"}],"wp:term":[{"taxonomy":"product_brand","embeddable":true,"href":"https:\/\/omewa.online\/index.php\/wp-json\/wp\/v2\/product_brand?post=1149"},{"taxonomy":"product_cat","embeddable":true,"href":"https:\/\/omewa.online\/index.php\/wp-json\/wp\/v2\/product_cat?post=1149"},{"taxonomy":"product_tag","embeddable":true,"href":"https:\/\/omewa.online\/index.php\/wp-json\/wp\/v2\/product_tag?post=1149"}],"curies":[{"name":"wp","href":"https:\/\/api.w.org\/{rel}","templated":true}]}}